{"id":1135241,"date":"2026-05-08T20:08:53","date_gmt":"2026-05-08T18:08:53","guid":{"rendered":"https:\/\/wein-werte.com\/product\/zind-humbrecht-riesling-roche-granitique-2020-750ml\/"},"modified":"2026-04-27T12:04:13","modified_gmt":"2026-04-27T10:04:13","slug":"zind-humbrecht-riesling-roche-granitique-2020-750ml","status":"publish","type":"product","link":"https:\/\/wein-werte.com\/de\/produkt\/zind-humbrecht-riesling-roche-granitique-2020-750ml\/","title":{"rendered":"Zind-Humbrecht | Elsass | Riesling Roche Granitique | 2020 | 750ml | bio"},"content":{"rendered":"<p>Produktbeschreibung f\u00fcr Zind-Humbrecht Riesling Roche Granitique 2020 (bio) <\/p>\n<h5>Info zum Wein<\/h5>\n<h5>Olivier Humbrecht<\/h5>\n<p> Der Riesling ist eine sp\u00e4t reifende Rebsorte, die das kontinentale Klima des Elsass mit seinen Kalt-Warm-Extremen, aber auch ein besonders trockenes Klima zu sch\u00e4tzen wei\u00df. Da die Rebsorte in der Lage ist, einen starken S\u00e4uregehalt zu bewahren, sch\u00e4tzt sie ein gut durchl\u00e4ssiges Terroir, das sich schnell erw\u00e4rmt. Diese Bedingungen sind auf den steilen Granith\u00e4ngen in Turckheim (Brand) perfekt erf\u00fcllt und erm\u00f6glichen die Gewinnung von Trauben mit guter physiologischer Reife und einem niedrigen Apfels\u00e4uregehalt. Die granitischen B\u00f6den bringen daher Rieslinge hervor, die reif und intensiv sind und vor allem kein vegetabiles Profil aufweisen. <\/p>\n<h5>Info zum Ausbau<\/h5>\n<p> Dieser Wein stammt daher von Rebst\u00f6cken, die zwischen 1978 und 2001 auf dem Grand Cru Brand gepflanzt wurden und nicht in die Produktion des Grand Cru einbezogen werden. Jedes Jahr f\u00fcgen wir au\u00dferdem eine kleine Parzelle hinzu, die direkt unter dem Grand Cru liegt. Die Ernte des Jahres 2020 war sehr reif, aber eine starke G\u00e4rung hat den Zucker verdr\u00e4ngt und einen sehr trockenen Wein hervorgebracht. <\/p>\n<h5>Farbe<\/h5>\n<p> Leuchtendes, intensives Goldgelb. <\/p>\n<h5>Nase<\/h5>\n<p> Der 2020er Riesling Roche Granitique fragt unmittelbar nach dem \u00d6ffnen nach der Karaffe. Ein wundersch\u00f6ner Duft voller mineralischer Pr\u00e4zision vereint sich mit Orangenfleisch, wei\u00dfem Pfirsich, Pfirsichschale, k\u00fchler steiniger Note, Austernschale, Sojasauce und Meeresbrise. Dieser Wein wirkt bereits in der Nase wie ein Kunstwerk, das ein Steinmetz wundersch\u00f6n hervor gemei\u00dfelt hat. <\/p>\n<h5>Gaumen<\/h5>\n<p> Welch pr\u00e4ziser Gaumen, Zitrusfr\u00fcchte, gelbe und exotische Fr\u00fcchte vereinen sich mit einer betonten und sehr lebendigen S\u00e4ure, die salzige Mineralit\u00e4t ist ungemein pr\u00e4sent. Er flie\u00dft wunderbar anregend \u00fcber die Zunge und nicht nur seine feine Herbe im Nachhall regt den Trinkfluss vortrefflich an, sondern auch seine stimmige Komposition aus Frucht und S\u00e4ure. Ein Wein, der dem Essen dient, so wie es viele Top-Weine aus dem Elsass tun. Wenn m\u00f6glich dekantieren und aus gro\u00dfen Gl\u00e4sern genie\u00dfen.<\/p>\n<p>Copyright Vinaturel 2025<\/p>\n<p>Keywords: <a href=\"https:\/\/wein-werte.com\/de\/shop\/?swoof=1&#038;pa_producer=Zind-Humbrecht\">Zind-Humbrecht<\/a> <a href=\"https:\/\/wein-werte.com\/de\/shop\/?swoof=1&#038;woof_text=Riesling Roche Granitique\">Riesling Roche Granitique<\/a> 2020 bio <a href=\"https:\/\/wein-werte.com\/de\/shop\/?swoof=1&#038;pa_region=Elsass\">Elsass<\/a> <a href=\"https:\/\/wein-werte.com\/de\/shop\/?swoof=1&#038;pa_country=Frankreich\">Frankreich<\/a><\/p>\n<h3>Wine Advocate<\/h3>\n<p>Punkte: 93<\/p>\n<p>Der Riesling Roche Granitique 2020 stammt von \u00fcberwiegend j\u00fcngeren, \u00fcber 20 Jahre alten Reben der Grand Cru Brand. Er pr\u00e4sentiert sich in intensivem Gelb und einem wunderbar intensiven, komplexen und aromatischen, aber dennoch reinen Bouquet mit perfekt reifen tropischen Fruchtaromen, verwoben mit zarten, salzigen Granitnoten. Am Gaumen pr\u00e4sentiert er sich als reichhaltiger und intensiver, fast an Traminer erinnernder Riesling mit \u00fcppiger, intensiver, kraftvoller Frucht und gro\u00dfer Komplexit\u00e4t. Die Kraft und F\u00fclle werden durch eine ausgepr\u00e4gte mineralische S\u00e4ure und ein feines Tanninspiel ausgeglichen, was ihn zu einem beeindruckenden Wein in dieser Preisklasse macht. Abgef\u00fcllt im Januar dieses Jahres mit 13,9 % Alkoholgehalt. Naturkorken. Verkostung im April 2022 auf dem Weingut.<br \/>Stephan Reinhardt<\/p>\n<p>Internetseite des Weinguts: <a href=\"http:\/\/www.zindhumbrecht.fr\/\" target=\"_blank\">http:\/\/www.zindhumbrecht.fr\/<\/a><\/p>\n","protected":false},"excerpt":{"rendered":"<p>Lieferzeit: 1 bis 2 Arbeitstage (DE), 2 bis 5 Arbeitstage (EU and CH)<\/p>\n","protected":false},"featured_media":1147539,"template":"","meta":[],"product_brand":[],"product_cat":[19],"product_tag":[],"class_list":{"0":"post-1135241","1":"product","2":"type-product","3":"status-publish","4":"has-post-thumbnail","6":"product_cat-unkategorisiert","7":"pa_alcohol-for-filter-13-5","8":"pa_certified-biodynamic-ja-de","9":"pa_certified-organic-ja-de","10":"pa_colour-weiss","11":"pa_country-frankreich","12":"pa_grape-riesling","13":"pa_parker-points-for-filter-93-de-2","14":"pa_price-for-filter-10601","15":"pa_producer-zind-humbrecht","16":"pa_region-elsass","17":"pa_size-ml-6584","18":"pa_sweetness-trocken-de","19":"pa_type-2-still-de","20":"pa_vintage-2020-de","21":"entry","22":"has-media","24":"first","25":"instock","26":"taxable","27":"shipping-taxable","28":"purchasable","29":"product-type-simple"},"yoast_head":"<!-- This site is optimized with the Yoast SEO plugin v27.5 - https:\/\/yoast.com\/product\/yoast-seo-wordpress\/ -->\n<title>Zind-Humbrecht Riesling Roche Granitique 2020<\/title>\n<meta name=\"description\" content=\"Kaufe Zind-Humbrecht Riesling Roche Granitique 2020 (Riesling, trocken aus Elsass, Frankreich) bei Wein Werte, Ihrem nachhaltigen Onlineshop.\" \/>\n<meta name=\"robots\" content=\"index, follow, max-snippet:-1, max-image-preview:large, max-video-preview:-1\" \/>\n<link rel=\"canonical\" href=\"https:\/\/wein-werte.com\/de\/produkt\/zind-humbrecht-riesling-roche-granitique-2020-750ml\/\" \/>\n<meta property=\"og:locale\" content=\"de_DE\" \/>\n<meta property=\"og:type\" content=\"article\" \/>\n<meta property=\"og:title\" content=\"Zind-Humbrecht Riesling Roche Granitique 2020\" \/>\n<meta property=\"og:description\" content=\"Kaufe Zind-Humbrecht Riesling Roche Granitique 2020 (Riesling, trocken aus Elsass, Frankreich) bei Wein Werte, Ihrem nachhaltigen Onlineshop.\" \/>\n<meta property=\"og:url\" content=\"https:\/\/wein-werte.com\/de\/produkt\/zind-humbrecht-riesling-roche-granitique-2020-750ml\/\" \/>\n<meta property=\"og:site_name\" content=\"Wein Werte\" \/>\n<meta property=\"og:image\" content=\"https:\/\/wein-werte.com\/wp-content\/uploads\/2026\/04\/Zind-Humbrecht-Riesling-Roche-Granitique-2020-750-ml.png\" \/>\n\t<meta property=\"og:image:width\" content=\"161\" \/>\n\t<meta property=\"og:image:height\" content=\"618\" \/>\n\t<meta property=\"og:image:type\" content=\"image\/png\" \/>\n<meta name=\"twitter:card\" content=\"summary_large_image\" \/>\n<meta name=\"twitter:label1\" content=\"Gesch\u00e4tzte Lesezeit\" \/>\n\t<meta name=\"twitter:data1\" content=\"2\u00a0Minuten\" \/>\n<script type=\"application\/ld+json\" class=\"yoast-schema-graph\">{\"@context\":\"https:\\\/\\\/schema.org\",\"@graph\":[{\"@type\":\"WebPage\",\"@id\":\"https:\\\/\\\/wein-werte.com\\\/de\\\/produkt\\\/zind-humbrecht-riesling-roche-granitique-2020-750ml\\\/\",\"url\":\"https:\\\/\\\/wein-werte.com\\\/de\\\/produkt\\\/zind-humbrecht-riesling-roche-granitique-2020-750ml\\\/\",\"name\":\"Zind-Humbrecht Riesling Roche Granitique 2020\",\"isPartOf\":{\"@id\":\"https:\\\/\\\/wein-werte.com\\\/de\\\/#website\"},\"primaryImageOfPage\":{\"@id\":\"https:\\\/\\\/wein-werte.com\\\/de\\\/produkt\\\/zind-humbrecht-riesling-roche-granitique-2020-750ml\\\/#primaryimage\"},\"image\":{\"@id\":\"https:\\\/\\\/wein-werte.com\\\/de\\\/produkt\\\/zind-humbrecht-riesling-roche-granitique-2020-750ml\\\/#primaryimage\"},\"thumbnailUrl\":\"https:\\\/\\\/wein-werte.com\\\/wp-content\\\/uploads\\\/2026\\\/04\\\/Zind-Humbrecht-Riesling-Roche-Granitique-2020-750-ml.png\",\"datePublished\":\"2026-05-08T18:08:53+00:00\",\"description\":\"Kaufe Zind-Humbrecht Riesling Roche Granitique 2020 (Riesling, trocken aus Elsass, Frankreich) bei Wein Werte, Ihrem nachhaltigen Onlineshop.\",\"breadcrumb\":{\"@id\":\"https:\\\/\\\/wein-werte.com\\\/de\\\/produkt\\\/zind-humbrecht-riesling-roche-granitique-2020-750ml\\\/#breadcrumb\"},\"inLanguage\":\"de\",\"potentialAction\":[{\"@type\":\"ReadAction\",\"target\":[\"https:\\\/\\\/wein-werte.com\\\/de\\\/produkt\\\/zind-humbrecht-riesling-roche-granitique-2020-750ml\\\/\"]}]},{\"@type\":\"ImageObject\",\"inLanguage\":\"de\",\"@id\":\"https:\\\/\\\/wein-werte.com\\\/de\\\/produkt\\\/zind-humbrecht-riesling-roche-granitique-2020-750ml\\\/#primaryimage\",\"url\":\"https:\\\/\\\/wein-werte.com\\\/wp-content\\\/uploads\\\/2026\\\/04\\\/Zind-Humbrecht-Riesling-Roche-Granitique-2020-750-ml.png\",\"contentUrl\":\"https:\\\/\\\/wein-werte.com\\\/wp-content\\\/uploads\\\/2026\\\/04\\\/Zind-Humbrecht-Riesling-Roche-Granitique-2020-750-ml.png\",\"width\":161,\"height\":618},{\"@type\":\"BreadcrumbList\",\"@id\":\"https:\\\/\\\/wein-werte.com\\\/de\\\/produkt\\\/zind-humbrecht-riesling-roche-granitique-2020-750ml\\\/#breadcrumb\",\"itemListElement\":[{\"@type\":\"ListItem\",\"position\":1,\"name\":\"Home\",\"item\":\"https:\\\/\\\/wein-werte.com\\\/de\\\/\"},{\"@type\":\"ListItem\",\"position\":2,\"name\":\"Shop\",\"item\":\"https:\\\/\\\/wein-werte.com\\\/de\\\/shop\\\/\"},{\"@type\":\"ListItem\",\"position\":3,\"name\":\"Zind-Humbrecht | Elsass | Riesling Roche Granitique | 2020 | 750ml | bio\"}]},{\"@type\":\"WebSite\",\"@id\":\"https:\\\/\\\/wein-werte.com\\\/de\\\/#website\",\"url\":\"https:\\\/\\\/wein-werte.com\\\/de\\\/\",\"name\":\"Wein Werte\",\"description\":\"\",\"publisher\":{\"@id\":\"https:\\\/\\\/wein-werte.com\\\/de\\\/#organization\"},\"potentialAction\":[{\"@type\":\"SearchAction\",\"target\":{\"@type\":\"EntryPoint\",\"urlTemplate\":\"https:\\\/\\\/wein-werte.com\\\/de\\\/?s={search_term_string}\"},\"query-input\":{\"@type\":\"PropertyValueSpecification\",\"valueRequired\":true,\"valueName\":\"search_term_string\"}}],\"inLanguage\":\"de\"},{\"@type\":\"Organization\",\"@id\":\"https:\\\/\\\/wein-werte.com\\\/de\\\/#organization\",\"name\":\"Vins Fins Thorrold\",\"url\":\"https:\\\/\\\/wein-werte.com\\\/de\\\/\",\"logo\":{\"@type\":\"ImageObject\",\"inLanguage\":\"de\",\"@id\":\"https:\\\/\\\/wein-werte.com\\\/de\\\/#\\\/schema\\\/logo\\\/image\\\/\",\"url\":\"https:\\\/\\\/wein-werte.com\\\/wp-content\\\/uploads\\\/2023\\\/07\\\/Wein_werte_Logo700-1.png\",\"contentUrl\":\"https:\\\/\\\/wein-werte.com\\\/wp-content\\\/uploads\\\/2023\\\/07\\\/Wein_werte_Logo700-1.png\",\"width\":700,\"height\":272,\"caption\":\"Vins Fins Thorrold\"},\"image\":{\"@id\":\"https:\\\/\\\/wein-werte.com\\\/de\\\/#\\\/schema\\\/logo\\\/image\\\/\"}}]}<\/script>\n<!-- \/ Yoast SEO plugin. -->","yoast_head_json":{"title":"Zind-Humbrecht Riesling Roche Granitique 2020","description":"Kaufe Zind-Humbrecht Riesling Roche Granitique 2020 (Riesling, trocken aus Elsass, Frankreich) bei Wein Werte, Ihrem nachhaltigen Onlineshop.","robots":{"index":"index","follow":"follow","max-snippet":"max-snippet:-1","max-image-preview":"max-image-preview:large","max-video-preview":"max-video-preview:-1"},"canonical":"https:\/\/wein-werte.com\/de\/produkt\/zind-humbrecht-riesling-roche-granitique-2020-750ml\/","og_locale":"de_DE","og_type":"article","og_title":"Zind-Humbrecht Riesling Roche Granitique 2020","og_description":"Kaufe Zind-Humbrecht Riesling Roche Granitique 2020 (Riesling, trocken aus Elsass, Frankreich) bei Wein Werte, Ihrem nachhaltigen Onlineshop.","og_url":"https:\/\/wein-werte.com\/de\/produkt\/zind-humbrecht-riesling-roche-granitique-2020-750ml\/","og_site_name":"Wein Werte","og_image":[{"width":161,"height":618,"url":"https:\/\/wein-werte.com\/wp-content\/uploads\/2026\/04\/Zind-Humbrecht-Riesling-Roche-Granitique-2020-750-ml.png","type":"image\/png"}],"twitter_card":"summary_large_image","twitter_misc":{"Gesch\u00e4tzte Lesezeit":"2\u00a0Minuten"},"schema":{"@context":"https:\/\/schema.org","@graph":[{"@type":"WebPage","@id":"https:\/\/wein-werte.com\/de\/produkt\/zind-humbrecht-riesling-roche-granitique-2020-750ml\/","url":"https:\/\/wein-werte.com\/de\/produkt\/zind-humbrecht-riesling-roche-granitique-2020-750ml\/","name":"Zind-Humbrecht Riesling Roche Granitique 2020","isPartOf":{"@id":"https:\/\/wein-werte.com\/de\/#website"},"primaryImageOfPage":{"@id":"https:\/\/wein-werte.com\/de\/produkt\/zind-humbrecht-riesling-roche-granitique-2020-750ml\/#primaryimage"},"image":{"@id":"https:\/\/wein-werte.com\/de\/produkt\/zind-humbrecht-riesling-roche-granitique-2020-750ml\/#primaryimage"},"thumbnailUrl":"https:\/\/wein-werte.com\/wp-content\/uploads\/2026\/04\/Zind-Humbrecht-Riesling-Roche-Granitique-2020-750-ml.png","datePublished":"2026-05-08T18:08:53+00:00","description":"Kaufe Zind-Humbrecht Riesling Roche Granitique 2020 (Riesling, trocken aus Elsass, Frankreich) bei Wein Werte, Ihrem nachhaltigen Onlineshop.","breadcrumb":{"@id":"https:\/\/wein-werte.com\/de\/produkt\/zind-humbrecht-riesling-roche-granitique-2020-750ml\/#breadcrumb"},"inLanguage":"de","potentialAction":[{"@type":"ReadAction","target":["https:\/\/wein-werte.com\/de\/produkt\/zind-humbrecht-riesling-roche-granitique-2020-750ml\/"]}]},{"@type":"ImageObject","inLanguage":"de","@id":"https:\/\/wein-werte.com\/de\/produkt\/zind-humbrecht-riesling-roche-granitique-2020-750ml\/#primaryimage","url":"https:\/\/wein-werte.com\/wp-content\/uploads\/2026\/04\/Zind-Humbrecht-Riesling-Roche-Granitique-2020-750-ml.png","contentUrl":"https:\/\/wein-werte.com\/wp-content\/uploads\/2026\/04\/Zind-Humbrecht-Riesling-Roche-Granitique-2020-750-ml.png","width":161,"height":618},{"@type":"BreadcrumbList","@id":"https:\/\/wein-werte.com\/de\/produkt\/zind-humbrecht-riesling-roche-granitique-2020-750ml\/#breadcrumb","itemListElement":[{"@type":"ListItem","position":1,"name":"Home","item":"https:\/\/wein-werte.com\/de\/"},{"@type":"ListItem","position":2,"name":"Shop","item":"https:\/\/wein-werte.com\/de\/shop\/"},{"@type":"ListItem","position":3,"name":"Zind-Humbrecht | Elsass | Riesling Roche Granitique | 2020 | 750ml | bio"}]},{"@type":"WebSite","@id":"https:\/\/wein-werte.com\/de\/#website","url":"https:\/\/wein-werte.com\/de\/","name":"Wein Werte","description":"","publisher":{"@id":"https:\/\/wein-werte.com\/de\/#organization"},"potentialAction":[{"@type":"SearchAction","target":{"@type":"EntryPoint","urlTemplate":"https:\/\/wein-werte.com\/de\/?s={search_term_string}"},"query-input":{"@type":"PropertyValueSpecification","valueRequired":true,"valueName":"search_term_string"}}],"inLanguage":"de"},{"@type":"Organization","@id":"https:\/\/wein-werte.com\/de\/#organization","name":"Vins Fins Thorrold","url":"https:\/\/wein-werte.com\/de\/","logo":{"@type":"ImageObject","inLanguage":"de","@id":"https:\/\/wein-werte.com\/de\/#\/schema\/logo\/image\/","url":"https:\/\/wein-werte.com\/wp-content\/uploads\/2023\/07\/Wein_werte_Logo700-1.png","contentUrl":"https:\/\/wein-werte.com\/wp-content\/uploads\/2023\/07\/Wein_werte_Logo700-1.png","width":700,"height":272,"caption":"Vins Fins Thorrold"},"image":{"@id":"https:\/\/wein-werte.com\/de\/#\/schema\/logo\/image\/"}}]}},"_links":{"self":[{"href":"https:\/\/wein-werte.com\/de\/wp-json\/wp\/v2\/product\/1135241","targetHints":{"allow":["GET"]}}],"collection":[{"href":"https:\/\/wein-werte.com\/de\/wp-json\/wp\/v2\/product"}],"about":[{"href":"https:\/\/wein-werte.com\/de\/wp-json\/wp\/v2\/types\/product"}],"wp:featuredmedia":[{"embeddable":true,"href":"https:\/\/wein-werte.com\/de\/wp-json\/wp\/v2\/media\/1147539"}],"wp:attachment":[{"href":"https:\/\/wein-werte.com\/de\/wp-json\/wp\/v2\/media?parent=1135241"}],"wp:term":[{"taxonomy":"product_brand","embeddable":true,"href":"https:\/\/wein-werte.com\/de\/wp-json\/wp\/v2\/product_brand?post=1135241"},{"taxonomy":"product_cat","embeddable":true,"href":"https:\/\/wein-werte.com\/de\/wp-json\/wp\/v2\/product_cat?post=1135241"},{"taxonomy":"product_tag","embeddable":true,"href":"https:\/\/wein-werte.com\/de\/wp-json\/wp\/v2\/product_tag?post=1135241"}],"curies":[{"name":"wp","href":"https:\/\/api.w.org\/{rel}","templated":true}]}}