{"id":1135226,"date":"2026-05-05T18:32:13","date_gmt":"2026-05-05T16:32:13","guid":{"rendered":"https:\/\/wein-werte.com\/product\/zind-humbrecht-riesling-brand-grand-cru-2015-3000ml\/"},"modified":"2026-04-27T12:04:09","modified_gmt":"2026-04-27T10:04:09","slug":"zind-humbrecht-riesling-brand-grand-cru-2015-3000ml","status":"publish","type":"product","link":"https:\/\/wein-werte.com\/de\/produkt\/zind-humbrecht-riesling-brand-grand-cru-2015-3000ml\/","title":{"rendered":"Zind-Humbrecht | Elsass | Riesling Brand Grand Cru | 2015 | 3000ml | bio"},"content":{"rendered":"<p>Produktbeschreibung f\u00fcr Zind-Humbrecht Riesling Brand Grand Cru 2015 (bio) <\/p>\n<h5>Farbe<\/h5>\n<p>Sattes Goldgelb mit altgoldenen Reflexen.<\/p>\n<p>\u00a0<\/p>\n<h5>Nase<\/h5>\n<p>Salzzitronen, Orangenbl\u00fcten\u00f6l, Bergamotte und ger\u00f6stete Reiswaffeln in der Nase er\u00f6ffnen den facettenreichen Reigen. Gleich einer Diva in buntem Ornat mit Pfauenfedern duftet es schillernd aus dem Glas nach nasser Tafelkreide, Gew\u00fcrzen wie Piment und rotem Pfeffer sowie hellem Tabak, Birnenkompott und getrockneter Mandarinenschale. Ein klarer Fall f\u00fcr die gro\u00dfen Gl\u00e4ser.<\/p>\n<p>\u00a0<\/p>\n<h5>Mund<\/h5>\n<p>Im Antrunk zeigt er sich visk\u00f6s mit zarter Rests\u00fc\u00dfe, die seinen mineralischen Kern und den S\u00e4urenerv fest ummantelt. Bissfest mit hoher innerer Spannung und massivem Druck am Gaumen bildet er mit seiner zarten W\u00fcrze, der feinen S\u00e4ure und der salinen Mineralik ein gustatorisch gleichschenkliges Dreieck, an dem wie auf dem Pink Floyd Cover The Dark Side of the Moon die Fruchtaromatik in ein schillerndes Prisma aufbricht. Die Aromen der Nase spiegeln sich am Gaumen, wenn auch noch jugendlich leptosom. Kraftvoll und zug\u00e4nglich eine gro\u00dfe Freude f\u00fcr den direkten Verzehr oder einige Jahre Flaschenreife.<\/p>\n<p>Copyright Vinaturel 2025<\/p>\n<p>Keywords: <a href=\"https:\/\/wein-werte.com\/de\/shop\/?swoof=1&#038;pa_producer=Zind-Humbrecht\">Zind-Humbrecht<\/a> <a href=\"https:\/\/wein-werte.com\/de\/shop\/?swoof=1&#038;woof_text=Riesling Brand Grand Cru\">Riesling Brand Grand Cru<\/a> 2015 bio <a href=\"https:\/\/wein-werte.com\/de\/shop\/?swoof=1&#038;pa_region=Elsass\">Elsass<\/a> <a href=\"https:\/\/wein-werte.com\/de\/shop\/?swoof=1&#038;pa_country=Frankreich\">Frankreich<\/a><\/p>\n<h3>Wine Advocate<\/h3>\n<p>Punkte: (95-96)<\/p>\n<p>Humbrechts Riesling Brand 2015 stammt von Granitb\u00f6den und ist unglaublich rein, fein und hochpr\u00e4zise. Er pr\u00e4sentiert Noten von zersto\u00dfenen Steinen und Zitronenduft, als w\u00e4re er ein weiterer Sommerberg. Aufregend! Am Gaumen pr\u00e4sentiert er sich \u00fcppig und doch rein, intensiv und reif, zugleich mineralisch und pikant; er besticht durch gro\u00dfe Eleganz, edle Intensit\u00e4t und einen gro\u00dfartigen Terroir-Ausdruck. Welch anregende F\u00fclle und zugleich Reinheit, ein wunderbar feiner Tanningriff (wie bei Pinot Noir) und ein langer, anhaltender Abgang. Ein absolutes Muss dieses Jahrgangs. Olivier vergleicht den 2015er mit dem 1983er, der ebenfalls ein sehr warmes Jahr war und elegante Weine hervorbrachte. Dieser Wein ist rein, reichhaltig, schlank, pikant und mineralisch, sehr steinig, \u00fcppig und fruchtig. Vor allem aber steckt er voller Energie und Faszination! Ein absolutes Muss!<br \/>Stephan Reinhardt<\/p>\n<h3>Vinous<\/h3>\n<p>Punkte: 96+<\/p>\n<p>Leuchtendes Strohgelb. Die breite Nase erinnert an Kr\u00e4uter, Gew\u00fcrze und reife Obstgartenfr\u00fcchte und ist wirklich sehr typisch f\u00fcr einen Wein aus Granitb\u00f6den. Auch im Auftakt voll und breit; Gew\u00fcrz- und Kr\u00e4uternoten komplizieren die Fruchtaromen von Pfirsich und Birne. Der Abgang ist lang und rein, wie ein Morgenspaziergang in einem Wald voll kleiner gelber Blumen und Quellwasser, aber auch angenehm salzig und taktil. Obwohl man diesen Wein bei einer Blindverkostung leicht als von der Marke stammend erkennen kann, finde ich auch, dass der 2015er ein wenig jugendlicher und zur\u00fcckhaltender ist als sonst. Humbrecht sagte mir, der Riesling von der Marke sei in Hochform und er w\u00fcsste nicht, welchen er aus den letzten drei Jahrg\u00e4ngen (2013, 2014 und 2015) als seinen Favoriten ausw\u00e4hlen sollte. Vergessen Sie diesen Wein f\u00fcr 10 Jahre in Ihrem Keller; Mit 13,7 % Alkohol und 6 g\/l Restzucker ist es ein kraftvoller Wein mit einem halbtrockenen Geschmack. Durch die Lagerung im Keller wird er zu etwas noch Besonderem, als er ohnehin schon ist. \u2013 Ian D&#8217;Agata<br \/>Trinkzeitraum: 2024\u20132039<br \/>\u00dcberpr\u00fcfungsdatum: April 2018<\/p>\n<p>Internetseite des Weinguts: <a href=\"http:\/\/www.zindhumbrecht.fr\/\" target=\"_blank\">http:\/\/www.zindhumbrecht.fr\/<\/a><\/p>\n","protected":false},"excerpt":{"rendered":"<p>Lieferzeit: 1 bis 2 Arbeitstage (DE), 2 bis 5 Arbeitstage (EU and CH)<\/p>\n","protected":false},"featured_media":1145242,"template":"","meta":[],"product_brand":[],"product_cat":[19],"product_tag":[],"class_list":{"0":"post-1135226","1":"product","2":"type-product","3":"status-publish","4":"has-post-thumbnail","6":"product_cat-unkategorisiert","7":"pa_alcohol-for-filter-13-5","8":"pa_certified-biodynamic-ja-de","9":"pa_certified-organic-ja-de","10":"pa_colour-weiss","11":"pa_country-frankreich","12":"pa_grape-riesling","13":"pa_parker-points-for-filter-95-de","14":"pa_price-for-filter-10766","15":"pa_producer-zind-humbrecht","16":"pa_region-elsass","17":"pa_size-ml-6936","18":"pa_sweetness-trocken-de","19":"pa_type-2-still-de","20":"pa_vinous-points-for-filter-20037","21":"pa_vintage-2015-de","22":"entry","23":"has-media","25":"first","26":"instock","27":"taxable","28":"shipping-taxable","29":"purchasable","30":"product-type-simple"},"yoast_head":"<!-- This site is optimized with the Yoast SEO plugin v27.5 - https:\/\/yoast.com\/product\/yoast-seo-wordpress\/ -->\n<title>Zind-Humbrecht Riesling Brand Grand Cru 2015, 3000ml<\/title>\n<meta name=\"description\" content=\"Kaufe Zind-Humbrecht Riesling Brand Grand Cru 2015 (Riesling, trocken aus Elsass, Frankreich) bei Wein Werte, Ihrem nachhaltigen Onlineshop.\" \/>\n<meta name=\"robots\" content=\"index, follow, max-snippet:-1, max-image-preview:large, max-video-preview:-1\" \/>\n<link rel=\"canonical\" href=\"https:\/\/wein-werte.com\/de\/produkt\/zind-humbrecht-riesling-brand-grand-cru-2015-3000ml\/\" \/>\n<meta property=\"og:locale\" content=\"de_DE\" \/>\n<meta property=\"og:type\" content=\"article\" \/>\n<meta property=\"og:title\" content=\"Zind-Humbrecht Riesling Brand Grand Cru 2015, 3000ml\" \/>\n<meta property=\"og:description\" content=\"Kaufe Zind-Humbrecht Riesling Brand Grand Cru 2015 (Riesling, trocken aus Elsass, Frankreich) bei Wein Werte, Ihrem nachhaltigen Onlineshop.\" \/>\n<meta property=\"og:url\" content=\"https:\/\/wein-werte.com\/de\/produkt\/zind-humbrecht-riesling-brand-grand-cru-2015-3000ml\/\" \/>\n<meta property=\"og:site_name\" content=\"Wein Werte\" \/>\n<meta property=\"og:image\" content=\"https:\/\/wein-werte.com\/wp-content\/uploads\/2026\/04\/Zind-Humbrecht-Riesling-Brand-Grand-Cru-2015-3000ml.png\" \/>\n\t<meta property=\"og:image:width\" content=\"235\" \/>\n\t<meta property=\"og:image:height\" content=\"1200\" \/>\n\t<meta property=\"og:image:type\" content=\"image\/png\" \/>\n<meta name=\"twitter:card\" content=\"summary_large_image\" \/>\n<meta name=\"twitter:label1\" content=\"Gesch\u00e4tzte Lesezeit\" \/>\n\t<meta name=\"twitter:data1\" content=\"3\u00a0Minuten\" \/>\n<script type=\"application\/ld+json\" class=\"yoast-schema-graph\">{\"@context\":\"https:\\\/\\\/schema.org\",\"@graph\":[{\"@type\":\"WebPage\",\"@id\":\"https:\\\/\\\/wein-werte.com\\\/de\\\/produkt\\\/zind-humbrecht-riesling-brand-grand-cru-2015-3000ml\\\/\",\"url\":\"https:\\\/\\\/wein-werte.com\\\/de\\\/produkt\\\/zind-humbrecht-riesling-brand-grand-cru-2015-3000ml\\\/\",\"name\":\"Zind-Humbrecht Riesling Brand Grand Cru 2015, 3000ml\",\"isPartOf\":{\"@id\":\"https:\\\/\\\/wein-werte.com\\\/de\\\/#website\"},\"primaryImageOfPage\":{\"@id\":\"https:\\\/\\\/wein-werte.com\\\/de\\\/produkt\\\/zind-humbrecht-riesling-brand-grand-cru-2015-3000ml\\\/#primaryimage\"},\"image\":{\"@id\":\"https:\\\/\\\/wein-werte.com\\\/de\\\/produkt\\\/zind-humbrecht-riesling-brand-grand-cru-2015-3000ml\\\/#primaryimage\"},\"thumbnailUrl\":\"https:\\\/\\\/wein-werte.com\\\/wp-content\\\/uploads\\\/2026\\\/04\\\/Zind-Humbrecht-Riesling-Brand-Grand-Cru-2015-3000ml.png\",\"datePublished\":\"2026-05-05T16:32:13+00:00\",\"description\":\"Kaufe Zind-Humbrecht Riesling Brand Grand Cru 2015 (Riesling, trocken aus Elsass, Frankreich) bei Wein Werte, Ihrem nachhaltigen Onlineshop.\",\"breadcrumb\":{\"@id\":\"https:\\\/\\\/wein-werte.com\\\/de\\\/produkt\\\/zind-humbrecht-riesling-brand-grand-cru-2015-3000ml\\\/#breadcrumb\"},\"inLanguage\":\"de\",\"potentialAction\":[{\"@type\":\"ReadAction\",\"target\":[\"https:\\\/\\\/wein-werte.com\\\/de\\\/produkt\\\/zind-humbrecht-riesling-brand-grand-cru-2015-3000ml\\\/\"]}]},{\"@type\":\"ImageObject\",\"inLanguage\":\"de\",\"@id\":\"https:\\\/\\\/wein-werte.com\\\/de\\\/produkt\\\/zind-humbrecht-riesling-brand-grand-cru-2015-3000ml\\\/#primaryimage\",\"url\":\"https:\\\/\\\/wein-werte.com\\\/wp-content\\\/uploads\\\/2026\\\/04\\\/Zind-Humbrecht-Riesling-Brand-Grand-Cru-2015-3000ml.png\",\"contentUrl\":\"https:\\\/\\\/wein-werte.com\\\/wp-content\\\/uploads\\\/2026\\\/04\\\/Zind-Humbrecht-Riesling-Brand-Grand-Cru-2015-3000ml.png\",\"width\":235,\"height\":1200,\"caption\":\"Zind-Humbrecht Riesling Brand Grand Cru 2015 3000ml\"},{\"@type\":\"BreadcrumbList\",\"@id\":\"https:\\\/\\\/wein-werte.com\\\/de\\\/produkt\\\/zind-humbrecht-riesling-brand-grand-cru-2015-3000ml\\\/#breadcrumb\",\"itemListElement\":[{\"@type\":\"ListItem\",\"position\":1,\"name\":\"Home\",\"item\":\"https:\\\/\\\/wein-werte.com\\\/de\\\/\"},{\"@type\":\"ListItem\",\"position\":2,\"name\":\"Shop\",\"item\":\"https:\\\/\\\/wein-werte.com\\\/de\\\/shop\\\/\"},{\"@type\":\"ListItem\",\"position\":3,\"name\":\"Zind-Humbrecht | Elsass | Riesling Brand Grand Cru | 2015 | 3000ml | bio\"}]},{\"@type\":\"WebSite\",\"@id\":\"https:\\\/\\\/wein-werte.com\\\/de\\\/#website\",\"url\":\"https:\\\/\\\/wein-werte.com\\\/de\\\/\",\"name\":\"Wein Werte\",\"description\":\"\",\"publisher\":{\"@id\":\"https:\\\/\\\/wein-werte.com\\\/de\\\/#organization\"},\"potentialAction\":[{\"@type\":\"SearchAction\",\"target\":{\"@type\":\"EntryPoint\",\"urlTemplate\":\"https:\\\/\\\/wein-werte.com\\\/de\\\/?s={search_term_string}\"},\"query-input\":{\"@type\":\"PropertyValueSpecification\",\"valueRequired\":true,\"valueName\":\"search_term_string\"}}],\"inLanguage\":\"de\"},{\"@type\":\"Organization\",\"@id\":\"https:\\\/\\\/wein-werte.com\\\/de\\\/#organization\",\"name\":\"Vins Fins Thorrold\",\"url\":\"https:\\\/\\\/wein-werte.com\\\/de\\\/\",\"logo\":{\"@type\":\"ImageObject\",\"inLanguage\":\"de\",\"@id\":\"https:\\\/\\\/wein-werte.com\\\/de\\\/#\\\/schema\\\/logo\\\/image\\\/\",\"url\":\"https:\\\/\\\/wein-werte.com\\\/wp-content\\\/uploads\\\/2023\\\/07\\\/Wein_werte_Logo700-1.png\",\"contentUrl\":\"https:\\\/\\\/wein-werte.com\\\/wp-content\\\/uploads\\\/2023\\\/07\\\/Wein_werte_Logo700-1.png\",\"width\":700,\"height\":272,\"caption\":\"Vins Fins Thorrold\"},\"image\":{\"@id\":\"https:\\\/\\\/wein-werte.com\\\/de\\\/#\\\/schema\\\/logo\\\/image\\\/\"}}]}<\/script>\n<!-- \/ Yoast SEO plugin. -->","yoast_head_json":{"title":"Zind-Humbrecht Riesling Brand Grand Cru 2015, 3000ml","description":"Kaufe Zind-Humbrecht Riesling Brand Grand Cru 2015 (Riesling, trocken aus Elsass, Frankreich) bei Wein Werte, Ihrem nachhaltigen Onlineshop.","robots":{"index":"index","follow":"follow","max-snippet":"max-snippet:-1","max-image-preview":"max-image-preview:large","max-video-preview":"max-video-preview:-1"},"canonical":"https:\/\/wein-werte.com\/de\/produkt\/zind-humbrecht-riesling-brand-grand-cru-2015-3000ml\/","og_locale":"de_DE","og_type":"article","og_title":"Zind-Humbrecht Riesling Brand Grand Cru 2015, 3000ml","og_description":"Kaufe Zind-Humbrecht Riesling Brand Grand Cru 2015 (Riesling, trocken aus Elsass, Frankreich) bei Wein Werte, Ihrem nachhaltigen Onlineshop.","og_url":"https:\/\/wein-werte.com\/de\/produkt\/zind-humbrecht-riesling-brand-grand-cru-2015-3000ml\/","og_site_name":"Wein Werte","og_image":[{"width":235,"height":1200,"url":"https:\/\/wein-werte.com\/wp-content\/uploads\/2026\/04\/Zind-Humbrecht-Riesling-Brand-Grand-Cru-2015-3000ml.png","type":"image\/png"}],"twitter_card":"summary_large_image","twitter_misc":{"Gesch\u00e4tzte Lesezeit":"3\u00a0Minuten"},"schema":{"@context":"https:\/\/schema.org","@graph":[{"@type":"WebPage","@id":"https:\/\/wein-werte.com\/de\/produkt\/zind-humbrecht-riesling-brand-grand-cru-2015-3000ml\/","url":"https:\/\/wein-werte.com\/de\/produkt\/zind-humbrecht-riesling-brand-grand-cru-2015-3000ml\/","name":"Zind-Humbrecht Riesling Brand Grand Cru 2015, 3000ml","isPartOf":{"@id":"https:\/\/wein-werte.com\/de\/#website"},"primaryImageOfPage":{"@id":"https:\/\/wein-werte.com\/de\/produkt\/zind-humbrecht-riesling-brand-grand-cru-2015-3000ml\/#primaryimage"},"image":{"@id":"https:\/\/wein-werte.com\/de\/produkt\/zind-humbrecht-riesling-brand-grand-cru-2015-3000ml\/#primaryimage"},"thumbnailUrl":"https:\/\/wein-werte.com\/wp-content\/uploads\/2026\/04\/Zind-Humbrecht-Riesling-Brand-Grand-Cru-2015-3000ml.png","datePublished":"2026-05-05T16:32:13+00:00","description":"Kaufe Zind-Humbrecht Riesling Brand Grand Cru 2015 (Riesling, trocken aus Elsass, Frankreich) bei Wein Werte, Ihrem nachhaltigen Onlineshop.","breadcrumb":{"@id":"https:\/\/wein-werte.com\/de\/produkt\/zind-humbrecht-riesling-brand-grand-cru-2015-3000ml\/#breadcrumb"},"inLanguage":"de","potentialAction":[{"@type":"ReadAction","target":["https:\/\/wein-werte.com\/de\/produkt\/zind-humbrecht-riesling-brand-grand-cru-2015-3000ml\/"]}]},{"@type":"ImageObject","inLanguage":"de","@id":"https:\/\/wein-werte.com\/de\/produkt\/zind-humbrecht-riesling-brand-grand-cru-2015-3000ml\/#primaryimage","url":"https:\/\/wein-werte.com\/wp-content\/uploads\/2026\/04\/Zind-Humbrecht-Riesling-Brand-Grand-Cru-2015-3000ml.png","contentUrl":"https:\/\/wein-werte.com\/wp-content\/uploads\/2026\/04\/Zind-Humbrecht-Riesling-Brand-Grand-Cru-2015-3000ml.png","width":235,"height":1200,"caption":"Zind-Humbrecht Riesling Brand Grand Cru 2015 3000ml"},{"@type":"BreadcrumbList","@id":"https:\/\/wein-werte.com\/de\/produkt\/zind-humbrecht-riesling-brand-grand-cru-2015-3000ml\/#breadcrumb","itemListElement":[{"@type":"ListItem","position":1,"name":"Home","item":"https:\/\/wein-werte.com\/de\/"},{"@type":"ListItem","position":2,"name":"Shop","item":"https:\/\/wein-werte.com\/de\/shop\/"},{"@type":"ListItem","position":3,"name":"Zind-Humbrecht | Elsass | Riesling Brand Grand Cru | 2015 | 3000ml | bio"}]},{"@type":"WebSite","@id":"https:\/\/wein-werte.com\/de\/#website","url":"https:\/\/wein-werte.com\/de\/","name":"Wein Werte","description":"","publisher":{"@id":"https:\/\/wein-werte.com\/de\/#organization"},"potentialAction":[{"@type":"SearchAction","target":{"@type":"EntryPoint","urlTemplate":"https:\/\/wein-werte.com\/de\/?s={search_term_string}"},"query-input":{"@type":"PropertyValueSpecification","valueRequired":true,"valueName":"search_term_string"}}],"inLanguage":"de"},{"@type":"Organization","@id":"https:\/\/wein-werte.com\/de\/#organization","name":"Vins Fins Thorrold","url":"https:\/\/wein-werte.com\/de\/","logo":{"@type":"ImageObject","inLanguage":"de","@id":"https:\/\/wein-werte.com\/de\/#\/schema\/logo\/image\/","url":"https:\/\/wein-werte.com\/wp-content\/uploads\/2023\/07\/Wein_werte_Logo700-1.png","contentUrl":"https:\/\/wein-werte.com\/wp-content\/uploads\/2023\/07\/Wein_werte_Logo700-1.png","width":700,"height":272,"caption":"Vins Fins Thorrold"},"image":{"@id":"https:\/\/wein-werte.com\/de\/#\/schema\/logo\/image\/"}}]}},"_links":{"self":[{"href":"https:\/\/wein-werte.com\/de\/wp-json\/wp\/v2\/product\/1135226","targetHints":{"allow":["GET"]}}],"collection":[{"href":"https:\/\/wein-werte.com\/de\/wp-json\/wp\/v2\/product"}],"about":[{"href":"https:\/\/wein-werte.com\/de\/wp-json\/wp\/v2\/types\/product"}],"wp:featuredmedia":[{"embeddable":true,"href":"https:\/\/wein-werte.com\/de\/wp-json\/wp\/v2\/media\/1145242"}],"wp:attachment":[{"href":"https:\/\/wein-werte.com\/de\/wp-json\/wp\/v2\/media?parent=1135226"}],"wp:term":[{"taxonomy":"product_brand","embeddable":true,"href":"https:\/\/wein-werte.com\/de\/wp-json\/wp\/v2\/product_brand?post=1135226"},{"taxonomy":"product_cat","embeddable":true,"href":"https:\/\/wein-werte.com\/de\/wp-json\/wp\/v2\/product_cat?post=1135226"},{"taxonomy":"product_tag","embeddable":true,"href":"https:\/\/wein-werte.com\/de\/wp-json\/wp\/v2\/product_tag?post=1135226"}],"curies":[{"name":"wp","href":"https:\/\/api.w.org\/{rel}","templated":true}]}}