{"id":1135223,"date":"2026-05-08T20:08:50","date_gmt":"2026-05-08T18:08:50","guid":{"rendered":"https:\/\/wein-werte.com\/product\/zind-humbrecht-riesling-clos-windsbuhl-2015-3000ml\/"},"modified":"2026-04-27T12:04:09","modified_gmt":"2026-04-27T10:04:09","slug":"zind-humbrecht-riesling-clos-windsbuhl-2015-3000ml","status":"publish","type":"product","link":"https:\/\/wein-werte.com\/de\/produkt\/zind-humbrecht-riesling-clos-windsbuhl-2015-3000ml\/","title":{"rendered":"Zind-Humbrecht | Elsass | Riesling Clos Windsbuhl | 2015 | 3000ml | bio"},"content":{"rendered":"<p>Produktbeschreibung f\u00fcr Zind-Humbrecht Riesling Clos Windsbuhl 2015 (bio)<\/p>\n<h5> Info zum Wein<\/h5>\n<p> Der Clos Windsbuhl befindet sich auf einem alten Sedimentkalk aus der Sekund\u00e4rperiode, sehr hoch gelegen und den Waldrand ber\u00fchrend, zugleich mit sp\u00e4t reifendem Klima. Im Jahr 2015 wurde dieser Weinberg vier Wochen nach dem offiziellen Lesetermin in Turckheim geerntet! <\/p>\n<h5>Info zum Ausbau<\/h5>\n<p> Die Bodenzusammensetzung beeinflusst den Charakter dieses Weines insofern, dass der magnesiumreiche Boden der Struktur ein gewisses \u201ek\u00f6rniges\u201c Element verleiht und auch eine saure S\u00e4ure, die gelegentlich dazu f\u00fchren kann, dass die G\u00e4rung fr\u00fcher aufh\u00f6rt. <\/p>\n<h5>Farbe<\/h5>\n<p> Dichtes, leicht gedecktes Goldgelb. <\/p>\n<h5>Nase<\/h5>\n<p> Die Nase des Rieslings Clos Windsbuhl fordert die Karaffe ein, denn erst mit dem n\u00f6tigen Sauerstoffkontakt beginnt sich dieses Monument vom Kalkstein zu offenbaren. Wenig Frucht, daf\u00fcr zun\u00e4chst Noten von Mandeln, hellen N\u00fcssen, Weinhefe, zart rauchige Ankl\u00e4nge und heller Tabak dringen aus dem Glas hervor. Nach l\u00e4ngerer \u00d6ffnung dann Pomelo, rosa Grapefruit und kleine rote \u00c4pfel. Dichte, Tiefe und \u00fcberbordende Mineralit\u00e4t sind die Attribute, die diesen spektakul\u00e4ren Wein pr\u00e4gen, der bereits zum jetzigen Zeitpunkt Gro\u00dfes im Duft verspricht. <\/p>\n<h5>Gaumen<\/h5>\n<p> Markant, sehr trocken und unglaublich pr\u00e4zise mit fordernder W\u00fcrze und kristalliner Salzigkeit trifft er auf die Zunge und bringt den Speichel sofort zum Flie\u00dfen. \u00c4hnlich wie in der Nase ist er von nussigen, w\u00fcrzigen und hefigen Noten gepr\u00e4gt. Die Frucht, noch diskret im Hintergrund, erinnert an Zitrus und Apfelschale. Man sollte diesen fast burgundisch anmutenden Tropfen zun\u00e4chst ein paar Jahre im Keller vergessen, er wird es uns mit einer wahren Explosion an Vielschichtigkeit danken.<\/p>\n<p>Copyright Vinaturel 2025<\/p>\n<p>Keywords: <a href=\"https:\/\/wein-werte.com\/de\/shop\/?swoof=1&#038;pa_producer=Zind-Humbrecht\">Zind-Humbrecht<\/a> <a href=\"https:\/\/wein-werte.com\/de\/shop\/?swoof=1&#038;woof_text=Riesling Clos Windsbuhl\">Riesling Clos Windsbuhl<\/a> 2015 bio <a href=\"https:\/\/wein-werte.com\/de\/shop\/?swoof=1&#038;pa_region=Elsass\">Elsass<\/a> <a href=\"https:\/\/wein-werte.com\/de\/shop\/?swoof=1&#038;pa_country=Frankreich\">Frankreich<\/a><\/p>\n<h3>Wine Advocate<\/h3>\n<p>Punkte: 94<\/p>\n<p>Der 2015er Riesling Clos Windsbuhl besticht durch sein intensives Gelb und ist tief, klar, rein, reif und reichhaltig in der Nase, mit rauchigen und r\u00f6stigen (Speck-) Aromen und herrlich frischen Zitronenaromen. Gewachsen von reinen, d\u00fcnneren Kalkb\u00f6den, ist dieser Riesling spannungsreich, rein und salzig, aber auch reichhaltig und \u00fcppig mit viel Spannung. Noch verschlossen, aber hochelegant, voller Finesse und Spannung, verf\u00fcgt dieser Riesling \u00fcber gro\u00dfe L\u00e4nge und gro\u00dfes Reifepotenzial. Der 2015er Windsbuhl wird mit 12,4 Gramm Restzucker und 12,3 % Alkohol abgef\u00fcllt. Feine Tannine und Biss. Ein herrlicher Wein, der sich aber noch zehn Jahre oder l\u00e4nger lagern l\u00e4sst. So rein, so salzig, so frisch und finessenreich. Verkostung vom Fass (bereits auf der Feinhefe) im Februar 2017. Abf\u00fcllung einige Tage sp\u00e4ter.<br \/>Stephan Reinhardt<\/p>\n<h3>Vinous<\/h3>\n<p>Punkte: 95<\/p>\n<p>Leuchtendes Strohgelb. Durchdringende Aromen und Aromen von Mineralien, Lavendel, Zitrone und Vanilleschote sind sehr langanhaltend und rein und zeugen von laserartiger Pr\u00e4zision. Die schmelzbrechende S\u00e4ure (der pH-Wert von 2,9 ist wirklich recht niedrig) wird durch ein sehr reifes Mundgef\u00fchl und etwas Restzucker (ca. 11 g\/l Restzucker, obwohl der Wein aufgrund der S\u00e4ure klassisch trocken schmeckt) abgemildert. Die erstaunliche Reinheit der Frucht und das kristalline Mundgef\u00fchl verhei\u00dfen Gutes f\u00fcr die Zukunft dieses Weines; gleichzeitig sehr s\u00e4urebetont und gleichzeitig sehr reif \u2013 ein wirklich herausragendes Werk von Humbrecht. Sehr gelungen. \u2013 Ian D&#8217;Agata<br \/>Trinkzeitraum: 2025\u20132040<br \/>Bewertungsdatum: April 2018<\/p>\n<p>Internetseite des Weinguts: <a href=\"http:\/\/www.zindhumbrecht.fr\/\" target=\"_blank\">http:\/\/www.zindhumbrecht.fr\/<\/a><\/p>\n","protected":false},"excerpt":{"rendered":"<p>Lieferzeit: 1 bis 2 Arbeitstage (DE), 2 bis 5 Arbeitstage (EU and CH)<\/p>\n","protected":false},"featured_media":1145240,"template":"","meta":[],"product_brand":[],"product_cat":[19],"product_tag":[],"class_list":{"0":"post-1135223","1":"product","2":"type-product","3":"status-publish","4":"has-post-thumbnail","6":"product_cat-unkategorisiert","7":"pa_alcohol-for-filter-12-5","8":"pa_certified-biodynamic-ja-de","9":"pa_certified-organic-ja-de","10":"pa_colour-weiss","11":"pa_country-frankreich","12":"pa_grape-riesling","13":"pa_parker-points-for-filter-94-de-2","14":"pa_price-for-filter-10663","15":"pa_producer-zind-humbrecht","16":"pa_region-elsass","17":"pa_size-ml-6936","18":"pa_sweetness-halbtrocken","19":"pa_type-2-still-de","20":"pa_vinous-points-for-filter-20035","21":"pa_vintage-2015-de","22":"entry","23":"has-media","25":"first","26":"instock","27":"taxable","28":"shipping-taxable","29":"purchasable","30":"product-type-simple"},"yoast_head":"<!-- This site is optimized with the Yoast SEO plugin v27.5 - https:\/\/yoast.com\/product\/yoast-seo-wordpress\/ -->\n<title>Zind-Humbrecht Riesling Clos Windsbuhl 2015, 3000ml<\/title>\n<meta name=\"description\" content=\"Kaufe Zind-Humbrecht Riesling Clos Windsbuhl 2015 (Riesling, halbtrocken aus Elsass, Frankreich) bei Wein Werte, Ihrem nachhaltigen Onlineshop.\" \/>\n<meta name=\"robots\" content=\"index, follow, max-snippet:-1, max-image-preview:large, max-video-preview:-1\" \/>\n<link rel=\"canonical\" href=\"https:\/\/wein-werte.com\/de\/produkt\/zind-humbrecht-riesling-clos-windsbuhl-2015-3000ml\/\" \/>\n<meta property=\"og:locale\" content=\"de_DE\" \/>\n<meta property=\"og:type\" content=\"article\" \/>\n<meta property=\"og:title\" content=\"Zind-Humbrecht Riesling Clos Windsbuhl 2015, 3000ml\" \/>\n<meta property=\"og:description\" content=\"Kaufe Zind-Humbrecht Riesling Clos Windsbuhl 2015 (Riesling, halbtrocken aus Elsass, Frankreich) bei Wein Werte, Ihrem nachhaltigen Onlineshop.\" \/>\n<meta property=\"og:url\" content=\"https:\/\/wein-werte.com\/de\/produkt\/zind-humbrecht-riesling-clos-windsbuhl-2015-3000ml\/\" \/>\n<meta property=\"og:site_name\" content=\"Wein Werte\" \/>\n<meta property=\"og:image\" content=\"https:\/\/wein-werte.com\/wp-content\/uploads\/2026\/04\/Zind-Humbrecht-Riesling-Clos-Windsbuhl-2015-3000ml.png\" \/>\n\t<meta property=\"og:image:width\" content=\"291\" \/>\n\t<meta property=\"og:image:height\" content=\"807\" \/>\n\t<meta property=\"og:image:type\" content=\"image\/png\" \/>\n<meta name=\"twitter:card\" content=\"summary_large_image\" \/>\n<meta name=\"twitter:label1\" content=\"Gesch\u00e4tzte Lesezeit\" \/>\n\t<meta name=\"twitter:data1\" content=\"3\u00a0Minuten\" \/>\n<script type=\"application\/ld+json\" class=\"yoast-schema-graph\">{\"@context\":\"https:\\\/\\\/schema.org\",\"@graph\":[{\"@type\":\"WebPage\",\"@id\":\"https:\\\/\\\/wein-werte.com\\\/de\\\/produkt\\\/zind-humbrecht-riesling-clos-windsbuhl-2015-3000ml\\\/\",\"url\":\"https:\\\/\\\/wein-werte.com\\\/de\\\/produkt\\\/zind-humbrecht-riesling-clos-windsbuhl-2015-3000ml\\\/\",\"name\":\"Zind-Humbrecht Riesling Clos Windsbuhl 2015, 3000ml\",\"isPartOf\":{\"@id\":\"https:\\\/\\\/wein-werte.com\\\/de\\\/#website\"},\"primaryImageOfPage\":{\"@id\":\"https:\\\/\\\/wein-werte.com\\\/de\\\/produkt\\\/zind-humbrecht-riesling-clos-windsbuhl-2015-3000ml\\\/#primaryimage\"},\"image\":{\"@id\":\"https:\\\/\\\/wein-werte.com\\\/de\\\/produkt\\\/zind-humbrecht-riesling-clos-windsbuhl-2015-3000ml\\\/#primaryimage\"},\"thumbnailUrl\":\"https:\\\/\\\/wein-werte.com\\\/wp-content\\\/uploads\\\/2026\\\/04\\\/Zind-Humbrecht-Riesling-Clos-Windsbuhl-2015-3000ml.png\",\"datePublished\":\"2026-05-08T18:08:50+00:00\",\"description\":\"Kaufe Zind-Humbrecht Riesling Clos Windsbuhl 2015 (Riesling, halbtrocken aus Elsass, Frankreich) bei Wein Werte, Ihrem nachhaltigen Onlineshop.\",\"breadcrumb\":{\"@id\":\"https:\\\/\\\/wein-werte.com\\\/de\\\/produkt\\\/zind-humbrecht-riesling-clos-windsbuhl-2015-3000ml\\\/#breadcrumb\"},\"inLanguage\":\"de\",\"potentialAction\":[{\"@type\":\"ReadAction\",\"target\":[\"https:\\\/\\\/wein-werte.com\\\/de\\\/produkt\\\/zind-humbrecht-riesling-clos-windsbuhl-2015-3000ml\\\/\"]}]},{\"@type\":\"ImageObject\",\"inLanguage\":\"de\",\"@id\":\"https:\\\/\\\/wein-werte.com\\\/de\\\/produkt\\\/zind-humbrecht-riesling-clos-windsbuhl-2015-3000ml\\\/#primaryimage\",\"url\":\"https:\\\/\\\/wein-werte.com\\\/wp-content\\\/uploads\\\/2026\\\/04\\\/Zind-Humbrecht-Riesling-Clos-Windsbuhl-2015-3000ml.png\",\"contentUrl\":\"https:\\\/\\\/wein-werte.com\\\/wp-content\\\/uploads\\\/2026\\\/04\\\/Zind-Humbrecht-Riesling-Clos-Windsbuhl-2015-3000ml.png\",\"width\":291,\"height\":807,\"caption\":\"Zind-Humbrecht Riesling Clos Windsbuhl 2015 3000ml\"},{\"@type\":\"BreadcrumbList\",\"@id\":\"https:\\\/\\\/wein-werte.com\\\/de\\\/produkt\\\/zind-humbrecht-riesling-clos-windsbuhl-2015-3000ml\\\/#breadcrumb\",\"itemListElement\":[{\"@type\":\"ListItem\",\"position\":1,\"name\":\"Home\",\"item\":\"https:\\\/\\\/wein-werte.com\\\/de\\\/\"},{\"@type\":\"ListItem\",\"position\":2,\"name\":\"Shop\",\"item\":\"https:\\\/\\\/wein-werte.com\\\/de\\\/shop\\\/\"},{\"@type\":\"ListItem\",\"position\":3,\"name\":\"Zind-Humbrecht | Elsass | Riesling Clos Windsbuhl | 2015 | 3000ml | bio\"}]},{\"@type\":\"WebSite\",\"@id\":\"https:\\\/\\\/wein-werte.com\\\/de\\\/#website\",\"url\":\"https:\\\/\\\/wein-werte.com\\\/de\\\/\",\"name\":\"Wein Werte\",\"description\":\"\",\"publisher\":{\"@id\":\"https:\\\/\\\/wein-werte.com\\\/de\\\/#organization\"},\"potentialAction\":[{\"@type\":\"SearchAction\",\"target\":{\"@type\":\"EntryPoint\",\"urlTemplate\":\"https:\\\/\\\/wein-werte.com\\\/de\\\/?s={search_term_string}\"},\"query-input\":{\"@type\":\"PropertyValueSpecification\",\"valueRequired\":true,\"valueName\":\"search_term_string\"}}],\"inLanguage\":\"de\"},{\"@type\":\"Organization\",\"@id\":\"https:\\\/\\\/wein-werte.com\\\/de\\\/#organization\",\"name\":\"Vins Fins Thorrold\",\"url\":\"https:\\\/\\\/wein-werte.com\\\/de\\\/\",\"logo\":{\"@type\":\"ImageObject\",\"inLanguage\":\"de\",\"@id\":\"https:\\\/\\\/wein-werte.com\\\/de\\\/#\\\/schema\\\/logo\\\/image\\\/\",\"url\":\"https:\\\/\\\/wein-werte.com\\\/wp-content\\\/uploads\\\/2023\\\/07\\\/Wein_werte_Logo700-1.png\",\"contentUrl\":\"https:\\\/\\\/wein-werte.com\\\/wp-content\\\/uploads\\\/2023\\\/07\\\/Wein_werte_Logo700-1.png\",\"width\":700,\"height\":272,\"caption\":\"Vins Fins Thorrold\"},\"image\":{\"@id\":\"https:\\\/\\\/wein-werte.com\\\/de\\\/#\\\/schema\\\/logo\\\/image\\\/\"}}]}<\/script>\n<!-- \/ Yoast SEO plugin. -->","yoast_head_json":{"title":"Zind-Humbrecht Riesling Clos Windsbuhl 2015, 3000ml","description":"Kaufe Zind-Humbrecht Riesling Clos Windsbuhl 2015 (Riesling, halbtrocken aus Elsass, Frankreich) bei Wein Werte, Ihrem nachhaltigen Onlineshop.","robots":{"index":"index","follow":"follow","max-snippet":"max-snippet:-1","max-image-preview":"max-image-preview:large","max-video-preview":"max-video-preview:-1"},"canonical":"https:\/\/wein-werte.com\/de\/produkt\/zind-humbrecht-riesling-clos-windsbuhl-2015-3000ml\/","og_locale":"de_DE","og_type":"article","og_title":"Zind-Humbrecht Riesling Clos Windsbuhl 2015, 3000ml","og_description":"Kaufe Zind-Humbrecht Riesling Clos Windsbuhl 2015 (Riesling, halbtrocken aus Elsass, Frankreich) bei Wein Werte, Ihrem nachhaltigen Onlineshop.","og_url":"https:\/\/wein-werte.com\/de\/produkt\/zind-humbrecht-riesling-clos-windsbuhl-2015-3000ml\/","og_site_name":"Wein Werte","og_image":[{"width":291,"height":807,"url":"https:\/\/wein-werte.com\/wp-content\/uploads\/2026\/04\/Zind-Humbrecht-Riesling-Clos-Windsbuhl-2015-3000ml.png","type":"image\/png"}],"twitter_card":"summary_large_image","twitter_misc":{"Gesch\u00e4tzte Lesezeit":"3\u00a0Minuten"},"schema":{"@context":"https:\/\/schema.org","@graph":[{"@type":"WebPage","@id":"https:\/\/wein-werte.com\/de\/produkt\/zind-humbrecht-riesling-clos-windsbuhl-2015-3000ml\/","url":"https:\/\/wein-werte.com\/de\/produkt\/zind-humbrecht-riesling-clos-windsbuhl-2015-3000ml\/","name":"Zind-Humbrecht Riesling Clos Windsbuhl 2015, 3000ml","isPartOf":{"@id":"https:\/\/wein-werte.com\/de\/#website"},"primaryImageOfPage":{"@id":"https:\/\/wein-werte.com\/de\/produkt\/zind-humbrecht-riesling-clos-windsbuhl-2015-3000ml\/#primaryimage"},"image":{"@id":"https:\/\/wein-werte.com\/de\/produkt\/zind-humbrecht-riesling-clos-windsbuhl-2015-3000ml\/#primaryimage"},"thumbnailUrl":"https:\/\/wein-werte.com\/wp-content\/uploads\/2026\/04\/Zind-Humbrecht-Riesling-Clos-Windsbuhl-2015-3000ml.png","datePublished":"2026-05-08T18:08:50+00:00","description":"Kaufe Zind-Humbrecht Riesling Clos Windsbuhl 2015 (Riesling, halbtrocken aus Elsass, Frankreich) bei Wein Werte, Ihrem nachhaltigen Onlineshop.","breadcrumb":{"@id":"https:\/\/wein-werte.com\/de\/produkt\/zind-humbrecht-riesling-clos-windsbuhl-2015-3000ml\/#breadcrumb"},"inLanguage":"de","potentialAction":[{"@type":"ReadAction","target":["https:\/\/wein-werte.com\/de\/produkt\/zind-humbrecht-riesling-clos-windsbuhl-2015-3000ml\/"]}]},{"@type":"ImageObject","inLanguage":"de","@id":"https:\/\/wein-werte.com\/de\/produkt\/zind-humbrecht-riesling-clos-windsbuhl-2015-3000ml\/#primaryimage","url":"https:\/\/wein-werte.com\/wp-content\/uploads\/2026\/04\/Zind-Humbrecht-Riesling-Clos-Windsbuhl-2015-3000ml.png","contentUrl":"https:\/\/wein-werte.com\/wp-content\/uploads\/2026\/04\/Zind-Humbrecht-Riesling-Clos-Windsbuhl-2015-3000ml.png","width":291,"height":807,"caption":"Zind-Humbrecht Riesling Clos Windsbuhl 2015 3000ml"},{"@type":"BreadcrumbList","@id":"https:\/\/wein-werte.com\/de\/produkt\/zind-humbrecht-riesling-clos-windsbuhl-2015-3000ml\/#breadcrumb","itemListElement":[{"@type":"ListItem","position":1,"name":"Home","item":"https:\/\/wein-werte.com\/de\/"},{"@type":"ListItem","position":2,"name":"Shop","item":"https:\/\/wein-werte.com\/de\/shop\/"},{"@type":"ListItem","position":3,"name":"Zind-Humbrecht | Elsass | Riesling Clos Windsbuhl | 2015 | 3000ml | bio"}]},{"@type":"WebSite","@id":"https:\/\/wein-werte.com\/de\/#website","url":"https:\/\/wein-werte.com\/de\/","name":"Wein Werte","description":"","publisher":{"@id":"https:\/\/wein-werte.com\/de\/#organization"},"potentialAction":[{"@type":"SearchAction","target":{"@type":"EntryPoint","urlTemplate":"https:\/\/wein-werte.com\/de\/?s={search_term_string}"},"query-input":{"@type":"PropertyValueSpecification","valueRequired":true,"valueName":"search_term_string"}}],"inLanguage":"de"},{"@type":"Organization","@id":"https:\/\/wein-werte.com\/de\/#organization","name":"Vins Fins Thorrold","url":"https:\/\/wein-werte.com\/de\/","logo":{"@type":"ImageObject","inLanguage":"de","@id":"https:\/\/wein-werte.com\/de\/#\/schema\/logo\/image\/","url":"https:\/\/wein-werte.com\/wp-content\/uploads\/2023\/07\/Wein_werte_Logo700-1.png","contentUrl":"https:\/\/wein-werte.com\/wp-content\/uploads\/2023\/07\/Wein_werte_Logo700-1.png","width":700,"height":272,"caption":"Vins Fins Thorrold"},"image":{"@id":"https:\/\/wein-werte.com\/de\/#\/schema\/logo\/image\/"}}]}},"_links":{"self":[{"href":"https:\/\/wein-werte.com\/de\/wp-json\/wp\/v2\/product\/1135223","targetHints":{"allow":["GET"]}}],"collection":[{"href":"https:\/\/wein-werte.com\/de\/wp-json\/wp\/v2\/product"}],"about":[{"href":"https:\/\/wein-werte.com\/de\/wp-json\/wp\/v2\/types\/product"}],"wp:featuredmedia":[{"embeddable":true,"href":"https:\/\/wein-werte.com\/de\/wp-json\/wp\/v2\/media\/1145240"}],"wp:attachment":[{"href":"https:\/\/wein-werte.com\/de\/wp-json\/wp\/v2\/media?parent=1135223"}],"wp:term":[{"taxonomy":"product_brand","embeddable":true,"href":"https:\/\/wein-werte.com\/de\/wp-json\/wp\/v2\/product_brand?post=1135223"},{"taxonomy":"product_cat","embeddable":true,"href":"https:\/\/wein-werte.com\/de\/wp-json\/wp\/v2\/product_cat?post=1135223"},{"taxonomy":"product_tag","embeddable":true,"href":"https:\/\/wein-werte.com\/de\/wp-json\/wp\/v2\/product_tag?post=1135223"}],"curies":[{"name":"wp","href":"https:\/\/api.w.org\/{rel}","templated":true}]}}