{"id":1135209,"date":"2026-05-08T20:08:49","date_gmt":"2026-05-08T18:08:49","guid":{"rendered":"https:\/\/wein-werte.com\/product\/zind-humbrecht-pinot-gris-rangen-de-thann-clos-saint-urbain-grand-cru-2019-1500ml\/"},"modified":"2026-04-27T12:04:07","modified_gmt":"2026-04-27T10:04:07","slug":"zind-humbrecht-pinot-gris-rangen-de-thann-clos-saint-urbain-grand-cru-2019-1500ml","status":"publish","type":"product","link":"https:\/\/wein-werte.com\/de\/produkt\/zind-humbrecht-pinot-gris-rangen-de-thann-clos-saint-urbain-grand-cru-2019-1500ml\/","title":{"rendered":"Zind-Humbrecht | Elsass | Pinot Gris Rangen de Thann Clos-Saint-Urbain Grand Cru | 2019 | 1500ml | bio"},"content":{"rendered":"<p>Produktbeschreibung f\u00fcr Zind-Humbrecht Pinot Gris Rangen de Thann Clos-Saint-Urbain Grand Cru 2019 (bio)<\/p>\n<p> Die Domaine Zind-Humbrecht ist unter diesem Namen im Jahr 1959 anl\u00e4sslich der Hochzeit von L\u00e9onard Humbrecht mit Genevi\u00e8ve Zind und aus der Vereinigung der beiden Weing\u00fcter Humbrecht in Gueberschwihr und Zind in Wintzenheim entstanden. Die Familie Humbrecht hat bereits zur Zeit des Drei\u00dfigj\u00e4hrigen Krieges (1618-1648) Wein erzeugt. Die Domaine Zind-Humbrecht, die Anfang der 1960er Jahre noch weniger als f\u00fcnf Hektar umfasste, wuchs bis Mitte der 1990er Jahre auf vierzig Hektar an. Dazu geh\u00f6ren Parzellen in GrandCru-Lagen wie Rangen (Thann) oder Brand (Turckheim). 1989 \u00fcbernahm Olivier das Weingut. Der erste Master of Wine in der Familie hat das Weingut 1999 auf biodynamische Bewirtschaftung umgestellt und ist au\u00dferdem Vorsitzender von Biodyvin. Die Weine werden heute allesamt in gro\u00dfen F\u00e4ssern mit langem Hefelager erzeugt. Botrytis kommt in den trockenen Weinen nicht vor. <\/p>\n<p>Copyright Vinaturel 2025<\/p>\n<p>Keywords: <a href=\"https:\/\/wein-werte.com\/de\/shop\/?swoof=1&#038;pa_producer=Zind-Humbrecht\">Zind-Humbrecht<\/a> <a href=\"https:\/\/wein-werte.com\/de\/shop\/?swoof=1&#038;woof_text=Pinot Gris Rangen de Thann Clos-Saint-Urbain Grand Cru\">Pinot Gris Rangen de Thann Clos-Saint-Urbain Grand Cru<\/a> 2019 bio <a href=\"https:\/\/wein-werte.com\/de\/shop\/?swoof=1&#038;pa_region=Elsass\">Elsass<\/a> <a href=\"https:\/\/wein-werte.com\/de\/shop\/?swoof=1&#038;pa_country=Frankreich\">Frankreich<\/a><\/p>\n<h3>Wine Advocate<\/h3>\n<p>Punkte: 95+<\/p>\n<p>Der 2019er Clos Saint Urbain Rangen de Thann Pinot Gris von 56 Jahre alten Reben, abgef\u00fcllt im Februar 2021, er\u00f6ffnet mit einem aufregend tiefen, reinen und eleganten, aber auch intensiven und feuersteinartigen Bouquet von zersto\u00dfenen Steinen und perfekt reifen und saftigen Steinfr\u00fcchten, gew\u00fcrzt mit Aromen von kalter Asche und gerade reifer Mango. Elegant und vital am Gaumen, ist dieser vollmundige Pinot Gris vom steilen Rangen sehr intensiv, aber auch sehr mineralisch und daher nie schwer, geschweige denn m\u00e4chtig oder kraftvoll. Dieser 2019er baut auf Eleganz, Finesse und den Talenten des Terroirs auf, was ihm einen stets vitalen, anregenden, salzigen und intensiven Abgang verleiht. Dies ist ein au\u00dfergew\u00f6hnlicher Pinot Gris mit anregenden Salzen und Mineralien und herrlich \u00fcppigen und reifen Mango- und Passionsfruchtaromen. Dies ist der beste Pinot Gris, den ich bisher vom Clos-St-Urbain probiert habe. 13,9 % Alkohol mit 6,2 Gramm Restzucker pro Liter. Naturkorken. Verkostet im November 2024.<br \/>Stephan Reinhardt<\/p>\n<p>Internetseite des Weinguts: <a href=\"http:\/\/www.zindhumbrecht.fr\/\" target=\"_blank\">http:\/\/www.zindhumbrecht.fr\/<\/a><\/p>\n","protected":false},"excerpt":{"rendered":"<p>Lieferzeit: 1 bis 2 Arbeitstage (DE), 2 bis 5 Arbeitstage (EU and CH)<\/p>\n","protected":false},"featured_media":1145230,"template":"","meta":[],"product_brand":[],"product_cat":[19],"product_tag":[],"class_list":{"0":"post-1135209","1":"product","2":"type-product","3":"status-publish","4":"has-post-thumbnail","6":"product_cat-unkategorisiert","7":"pa_alcohol-for-filter-12892","8":"pa_certified-biodynamic-ja-de","9":"pa_certified-organic-ja-de","10":"pa_colour-weiss","11":"pa_country-frankreich","12":"pa_grape-pinot-gris-grauburgunder","13":"pa_parker-points-for-filter-95-de","14":"pa_price-for-filter-10701","15":"pa_producer-zind-humbrecht","16":"pa_region-elsass","17":"pa_size-ml-6657","18":"pa_sweetness-trocken-de","19":"pa_type-2-still-de","20":"pa_vintage-2019-de","21":"entry","22":"has-media","24":"first","25":"instock","26":"taxable","27":"shipping-taxable","28":"purchasable","29":"product-type-simple"},"yoast_head":"<!-- This site is optimized with the Yoast SEO plugin v27.5 - https:\/\/yoast.com\/product\/yoast-seo-wordpress\/ -->\n<title>Zind-Humbrecht Pinot Gris Rangen de Thann Clos-Saint-Urbain Grand Cru 2019, 1500ml<\/title>\n<meta name=\"description\" content=\"Kaufe Zind-Humbrecht Pinot Gris Rangen de Thann Clos-Saint-Urbain Grand Cru 2019 (Pinot Gris, trocken aus Elsass, Frankreich) bei Wein Werte, Ihrem nachhaltigen Onlineshop.\" \/>\n<meta name=\"robots\" content=\"index, follow, max-snippet:-1, max-image-preview:large, max-video-preview:-1\" \/>\n<link rel=\"canonical\" href=\"https:\/\/wein-werte.com\/de\/produkt\/zind-humbrecht-pinot-gris-rangen-de-thann-clos-saint-urbain-grand-cru-2019-1500ml\/\" \/>\n<meta property=\"og:locale\" content=\"de_DE\" \/>\n<meta property=\"og:type\" content=\"article\" \/>\n<meta property=\"og:title\" content=\"Zind-Humbrecht Pinot Gris Rangen de Thann Clos-Saint-Urbain Grand Cru 2019, 1500ml\" \/>\n<meta property=\"og:description\" content=\"Kaufe Zind-Humbrecht Pinot Gris Rangen de Thann Clos-Saint-Urbain Grand Cru 2019 (Pinot Gris, trocken aus Elsass, Frankreich) bei Wein Werte, Ihrem nachhaltigen Onlineshop.\" \/>\n<meta property=\"og:url\" content=\"https:\/\/wein-werte.com\/de\/produkt\/zind-humbrecht-pinot-gris-rangen-de-thann-clos-saint-urbain-grand-cru-2019-1500ml\/\" \/>\n<meta property=\"og:site_name\" content=\"Wein Werte\" \/>\n<meta property=\"og:image\" content=\"https:\/\/wein-werte.com\/wp-content\/uploads\/2026\/04\/Zind-Humbrecht-Pinot-Gris-Rangen-de-Thann-Clos-Saint-Urbain-Grand-Cru-2019-1500ml.png\" \/>\n\t<meta property=\"og:image:width\" content=\"238\" \/>\n\t<meta property=\"og:image:height\" content=\"1200\" \/>\n\t<meta property=\"og:image:type\" content=\"image\/png\" \/>\n<meta name=\"twitter:card\" content=\"summary_large_image\" \/>\n<meta name=\"twitter:label1\" content=\"Gesch\u00e4tzte Lesezeit\" \/>\n\t<meta name=\"twitter:data1\" content=\"2\u00a0Minuten\" \/>\n<script type=\"application\/ld+json\" class=\"yoast-schema-graph\">{\"@context\":\"https:\\\/\\\/schema.org\",\"@graph\":[{\"@type\":\"WebPage\",\"@id\":\"https:\\\/\\\/wein-werte.com\\\/de\\\/produkt\\\/zind-humbrecht-pinot-gris-rangen-de-thann-clos-saint-urbain-grand-cru-2019-1500ml\\\/\",\"url\":\"https:\\\/\\\/wein-werte.com\\\/de\\\/produkt\\\/zind-humbrecht-pinot-gris-rangen-de-thann-clos-saint-urbain-grand-cru-2019-1500ml\\\/\",\"name\":\"Zind-Humbrecht Pinot Gris Rangen de Thann Clos-Saint-Urbain Grand Cru 2019, 1500ml\",\"isPartOf\":{\"@id\":\"https:\\\/\\\/wein-werte.com\\\/de\\\/#website\"},\"primaryImageOfPage\":{\"@id\":\"https:\\\/\\\/wein-werte.com\\\/de\\\/produkt\\\/zind-humbrecht-pinot-gris-rangen-de-thann-clos-saint-urbain-grand-cru-2019-1500ml\\\/#primaryimage\"},\"image\":{\"@id\":\"https:\\\/\\\/wein-werte.com\\\/de\\\/produkt\\\/zind-humbrecht-pinot-gris-rangen-de-thann-clos-saint-urbain-grand-cru-2019-1500ml\\\/#primaryimage\"},\"thumbnailUrl\":\"https:\\\/\\\/wein-werte.com\\\/wp-content\\\/uploads\\\/2026\\\/04\\\/Zind-Humbrecht-Pinot-Gris-Rangen-de-Thann-Clos-Saint-Urbain-Grand-Cru-2019-1500ml.png\",\"datePublished\":\"2026-05-08T18:08:49+00:00\",\"description\":\"Kaufe Zind-Humbrecht Pinot Gris Rangen de Thann Clos-Saint-Urbain Grand Cru 2019 (Pinot Gris, trocken aus Elsass, Frankreich) bei Wein Werte, Ihrem nachhaltigen Onlineshop.\",\"breadcrumb\":{\"@id\":\"https:\\\/\\\/wein-werte.com\\\/de\\\/produkt\\\/zind-humbrecht-pinot-gris-rangen-de-thann-clos-saint-urbain-grand-cru-2019-1500ml\\\/#breadcrumb\"},\"inLanguage\":\"de\",\"potentialAction\":[{\"@type\":\"ReadAction\",\"target\":[\"https:\\\/\\\/wein-werte.com\\\/de\\\/produkt\\\/zind-humbrecht-pinot-gris-rangen-de-thann-clos-saint-urbain-grand-cru-2019-1500ml\\\/\"]}]},{\"@type\":\"ImageObject\",\"inLanguage\":\"de\",\"@id\":\"https:\\\/\\\/wein-werte.com\\\/de\\\/produkt\\\/zind-humbrecht-pinot-gris-rangen-de-thann-clos-saint-urbain-grand-cru-2019-1500ml\\\/#primaryimage\",\"url\":\"https:\\\/\\\/wein-werte.com\\\/wp-content\\\/uploads\\\/2026\\\/04\\\/Zind-Humbrecht-Pinot-Gris-Rangen-de-Thann-Clos-Saint-Urbain-Grand-Cru-2019-1500ml.png\",\"contentUrl\":\"https:\\\/\\\/wein-werte.com\\\/wp-content\\\/uploads\\\/2026\\\/04\\\/Zind-Humbrecht-Pinot-Gris-Rangen-de-Thann-Clos-Saint-Urbain-Grand-Cru-2019-1500ml.png\",\"width\":238,\"height\":1200,\"caption\":\"Zind-Humbrecht Pinot Gris Rangen de Thann Clos-Saint-Urbain Grand Cru 2019 1500ml\"},{\"@type\":\"BreadcrumbList\",\"@id\":\"https:\\\/\\\/wein-werte.com\\\/de\\\/produkt\\\/zind-humbrecht-pinot-gris-rangen-de-thann-clos-saint-urbain-grand-cru-2019-1500ml\\\/#breadcrumb\",\"itemListElement\":[{\"@type\":\"ListItem\",\"position\":1,\"name\":\"Home\",\"item\":\"https:\\\/\\\/wein-werte.com\\\/de\\\/\"},{\"@type\":\"ListItem\",\"position\":2,\"name\":\"Shop\",\"item\":\"https:\\\/\\\/wein-werte.com\\\/de\\\/shop\\\/\"},{\"@type\":\"ListItem\",\"position\":3,\"name\":\"Zind-Humbrecht | Elsass | Pinot Gris Rangen de Thann Clos-Saint-Urbain Grand Cru | 2019 | 1500ml | bio\"}]},{\"@type\":\"WebSite\",\"@id\":\"https:\\\/\\\/wein-werte.com\\\/de\\\/#website\",\"url\":\"https:\\\/\\\/wein-werte.com\\\/de\\\/\",\"name\":\"Wein Werte\",\"description\":\"\",\"publisher\":{\"@id\":\"https:\\\/\\\/wein-werte.com\\\/de\\\/#organization\"},\"potentialAction\":[{\"@type\":\"SearchAction\",\"target\":{\"@type\":\"EntryPoint\",\"urlTemplate\":\"https:\\\/\\\/wein-werte.com\\\/de\\\/?s={search_term_string}\"},\"query-input\":{\"@type\":\"PropertyValueSpecification\",\"valueRequired\":true,\"valueName\":\"search_term_string\"}}],\"inLanguage\":\"de\"},{\"@type\":\"Organization\",\"@id\":\"https:\\\/\\\/wein-werte.com\\\/de\\\/#organization\",\"name\":\"Vins Fins Thorrold\",\"url\":\"https:\\\/\\\/wein-werte.com\\\/de\\\/\",\"logo\":{\"@type\":\"ImageObject\",\"inLanguage\":\"de\",\"@id\":\"https:\\\/\\\/wein-werte.com\\\/de\\\/#\\\/schema\\\/logo\\\/image\\\/\",\"url\":\"https:\\\/\\\/wein-werte.com\\\/wp-content\\\/uploads\\\/2023\\\/07\\\/Wein_werte_Logo700-1.png\",\"contentUrl\":\"https:\\\/\\\/wein-werte.com\\\/wp-content\\\/uploads\\\/2023\\\/07\\\/Wein_werte_Logo700-1.png\",\"width\":700,\"height\":272,\"caption\":\"Vins Fins Thorrold\"},\"image\":{\"@id\":\"https:\\\/\\\/wein-werte.com\\\/de\\\/#\\\/schema\\\/logo\\\/image\\\/\"}}]}<\/script>\n<!-- \/ Yoast SEO plugin. -->","yoast_head_json":{"title":"Zind-Humbrecht Pinot Gris Rangen de Thann Clos-Saint-Urbain Grand Cru 2019, 1500ml","description":"Kaufe Zind-Humbrecht Pinot Gris Rangen de Thann Clos-Saint-Urbain Grand Cru 2019 (Pinot Gris, trocken aus Elsass, Frankreich) bei Wein Werte, Ihrem nachhaltigen Onlineshop.","robots":{"index":"index","follow":"follow","max-snippet":"max-snippet:-1","max-image-preview":"max-image-preview:large","max-video-preview":"max-video-preview:-1"},"canonical":"https:\/\/wein-werte.com\/de\/produkt\/zind-humbrecht-pinot-gris-rangen-de-thann-clos-saint-urbain-grand-cru-2019-1500ml\/","og_locale":"de_DE","og_type":"article","og_title":"Zind-Humbrecht Pinot Gris Rangen de Thann Clos-Saint-Urbain Grand Cru 2019, 1500ml","og_description":"Kaufe Zind-Humbrecht Pinot Gris Rangen de Thann Clos-Saint-Urbain Grand Cru 2019 (Pinot Gris, trocken aus Elsass, Frankreich) bei Wein Werte, Ihrem nachhaltigen Onlineshop.","og_url":"https:\/\/wein-werte.com\/de\/produkt\/zind-humbrecht-pinot-gris-rangen-de-thann-clos-saint-urbain-grand-cru-2019-1500ml\/","og_site_name":"Wein Werte","og_image":[{"width":238,"height":1200,"url":"https:\/\/wein-werte.com\/wp-content\/uploads\/2026\/04\/Zind-Humbrecht-Pinot-Gris-Rangen-de-Thann-Clos-Saint-Urbain-Grand-Cru-2019-1500ml.png","type":"image\/png"}],"twitter_card":"summary_large_image","twitter_misc":{"Gesch\u00e4tzte Lesezeit":"2\u00a0Minuten"},"schema":{"@context":"https:\/\/schema.org","@graph":[{"@type":"WebPage","@id":"https:\/\/wein-werte.com\/de\/produkt\/zind-humbrecht-pinot-gris-rangen-de-thann-clos-saint-urbain-grand-cru-2019-1500ml\/","url":"https:\/\/wein-werte.com\/de\/produkt\/zind-humbrecht-pinot-gris-rangen-de-thann-clos-saint-urbain-grand-cru-2019-1500ml\/","name":"Zind-Humbrecht Pinot Gris Rangen de Thann Clos-Saint-Urbain Grand Cru 2019, 1500ml","isPartOf":{"@id":"https:\/\/wein-werte.com\/de\/#website"},"primaryImageOfPage":{"@id":"https:\/\/wein-werte.com\/de\/produkt\/zind-humbrecht-pinot-gris-rangen-de-thann-clos-saint-urbain-grand-cru-2019-1500ml\/#primaryimage"},"image":{"@id":"https:\/\/wein-werte.com\/de\/produkt\/zind-humbrecht-pinot-gris-rangen-de-thann-clos-saint-urbain-grand-cru-2019-1500ml\/#primaryimage"},"thumbnailUrl":"https:\/\/wein-werte.com\/wp-content\/uploads\/2026\/04\/Zind-Humbrecht-Pinot-Gris-Rangen-de-Thann-Clos-Saint-Urbain-Grand-Cru-2019-1500ml.png","datePublished":"2026-05-08T18:08:49+00:00","description":"Kaufe Zind-Humbrecht Pinot Gris Rangen de Thann Clos-Saint-Urbain Grand Cru 2019 (Pinot Gris, trocken aus Elsass, Frankreich) bei Wein Werte, Ihrem nachhaltigen Onlineshop.","breadcrumb":{"@id":"https:\/\/wein-werte.com\/de\/produkt\/zind-humbrecht-pinot-gris-rangen-de-thann-clos-saint-urbain-grand-cru-2019-1500ml\/#breadcrumb"},"inLanguage":"de","potentialAction":[{"@type":"ReadAction","target":["https:\/\/wein-werte.com\/de\/produkt\/zind-humbrecht-pinot-gris-rangen-de-thann-clos-saint-urbain-grand-cru-2019-1500ml\/"]}]},{"@type":"ImageObject","inLanguage":"de","@id":"https:\/\/wein-werte.com\/de\/produkt\/zind-humbrecht-pinot-gris-rangen-de-thann-clos-saint-urbain-grand-cru-2019-1500ml\/#primaryimage","url":"https:\/\/wein-werte.com\/wp-content\/uploads\/2026\/04\/Zind-Humbrecht-Pinot-Gris-Rangen-de-Thann-Clos-Saint-Urbain-Grand-Cru-2019-1500ml.png","contentUrl":"https:\/\/wein-werte.com\/wp-content\/uploads\/2026\/04\/Zind-Humbrecht-Pinot-Gris-Rangen-de-Thann-Clos-Saint-Urbain-Grand-Cru-2019-1500ml.png","width":238,"height":1200,"caption":"Zind-Humbrecht Pinot Gris Rangen de Thann Clos-Saint-Urbain Grand Cru 2019 1500ml"},{"@type":"BreadcrumbList","@id":"https:\/\/wein-werte.com\/de\/produkt\/zind-humbrecht-pinot-gris-rangen-de-thann-clos-saint-urbain-grand-cru-2019-1500ml\/#breadcrumb","itemListElement":[{"@type":"ListItem","position":1,"name":"Home","item":"https:\/\/wein-werte.com\/de\/"},{"@type":"ListItem","position":2,"name":"Shop","item":"https:\/\/wein-werte.com\/de\/shop\/"},{"@type":"ListItem","position":3,"name":"Zind-Humbrecht | Elsass | Pinot Gris Rangen de Thann Clos-Saint-Urbain Grand Cru | 2019 | 1500ml | bio"}]},{"@type":"WebSite","@id":"https:\/\/wein-werte.com\/de\/#website","url":"https:\/\/wein-werte.com\/de\/","name":"Wein Werte","description":"","publisher":{"@id":"https:\/\/wein-werte.com\/de\/#organization"},"potentialAction":[{"@type":"SearchAction","target":{"@type":"EntryPoint","urlTemplate":"https:\/\/wein-werte.com\/de\/?s={search_term_string}"},"query-input":{"@type":"PropertyValueSpecification","valueRequired":true,"valueName":"search_term_string"}}],"inLanguage":"de"},{"@type":"Organization","@id":"https:\/\/wein-werte.com\/de\/#organization","name":"Vins Fins Thorrold","url":"https:\/\/wein-werte.com\/de\/","logo":{"@type":"ImageObject","inLanguage":"de","@id":"https:\/\/wein-werte.com\/de\/#\/schema\/logo\/image\/","url":"https:\/\/wein-werte.com\/wp-content\/uploads\/2023\/07\/Wein_werte_Logo700-1.png","contentUrl":"https:\/\/wein-werte.com\/wp-content\/uploads\/2023\/07\/Wein_werte_Logo700-1.png","width":700,"height":272,"caption":"Vins Fins Thorrold"},"image":{"@id":"https:\/\/wein-werte.com\/de\/#\/schema\/logo\/image\/"}}]}},"_links":{"self":[{"href":"https:\/\/wein-werte.com\/de\/wp-json\/wp\/v2\/product\/1135209","targetHints":{"allow":["GET"]}}],"collection":[{"href":"https:\/\/wein-werte.com\/de\/wp-json\/wp\/v2\/product"}],"about":[{"href":"https:\/\/wein-werte.com\/de\/wp-json\/wp\/v2\/types\/product"}],"wp:featuredmedia":[{"embeddable":true,"href":"https:\/\/wein-werte.com\/de\/wp-json\/wp\/v2\/media\/1145230"}],"wp:attachment":[{"href":"https:\/\/wein-werte.com\/de\/wp-json\/wp\/v2\/media?parent=1135209"}],"wp:term":[{"taxonomy":"product_brand","embeddable":true,"href":"https:\/\/wein-werte.com\/de\/wp-json\/wp\/v2\/product_brand?post=1135209"},{"taxonomy":"product_cat","embeddable":true,"href":"https:\/\/wein-werte.com\/de\/wp-json\/wp\/v2\/product_cat?post=1135209"},{"taxonomy":"product_tag","embeddable":true,"href":"https:\/\/wein-werte.com\/de\/wp-json\/wp\/v2\/product_tag?post=1135209"}],"curies":[{"name":"wp","href":"https:\/\/api.w.org\/{rel}","templated":true}]}}