{"id":1135197,"date":"2026-05-01T18:46:56","date_gmt":"2026-05-01T16:46:56","guid":{"rendered":"https:\/\/wein-werte.com\/product\/zind-humbrecht-riesling-brand-grand-cru-2014-1500ml\/"},"modified":"2026-04-27T12:04:05","modified_gmt":"2026-04-27T10:04:05","slug":"zind-humbrecht-riesling-brand-grand-cru-2014-1500ml","status":"publish","type":"product","link":"https:\/\/wein-werte.com\/de\/produkt\/zind-humbrecht-riesling-brand-grand-cru-2014-1500ml\/","title":{"rendered":"Zind-Humbrecht | Elsass | Riesling Brand Grand Cru | 2014 | 1500ml | bio"},"content":{"rendered":"<p>Produktbeschreibung f\u00fcr Zind-Humbrecht Riesling Brand Grand Cru 2014 (bio) <\/p>\n<h5>Farbe<\/h5>\n<p>Brillantes Goldgelb mit zarten gr\u00fcnen Reflexen.<\/p>\n<p>\u00a0<\/p>\n<h5>Nase<\/h5>\n<p>In der Nase zeigt sich der 2014er Riesling Brand aufgrund seiner Jugend noch deutlich verschlossen, er ben\u00f6tigt ausreichend Luft um sich zu \u00f6ffnen. Nach l\u00e4ngerer \u00d6ffnung bet\u00f6rt er dann mit gelber Frucht, die an Aprikose, kandierte Zitronenzeste, gezuckerte Grapefruit, getrocknete Bl\u00fcten und Heu erinnert. \u00c4therische Ankl\u00e4nge von Ingwer und Zitronenmelisse sind ebenfalls mit von der Partie. Eingefasst sind alle diese ersten Eindr\u00fccke in ein straffes Korsett von markanter Mineralit\u00e4t.<\/p>\n<p>\u00a0<\/p>\n<h5>Gaumen<\/h5>\n<p>Am Gaumen pr\u00e4sentiert sich der 2014er Riesling Brand als Paradebeispiel f\u00fcr den Eindruck von s\u00fc\u00df-salzig- sauer, mit diesen pr\u00e4gnanten Eindr\u00fccken attackiert er unsere Zunge auf angenehmste Weise. Besonders pr\u00e4sent ist in seinem jugendlichen Stadium die Zitrusfrucht der Nase, die sich mit anregender Frische auf der Zunge ausdr\u00fcckt. Ein wundersch\u00f6ner kraftvoller Tropfen, der ein paar Jahre Kellerreife verdient auch wenn er sich in seinem jugendlichen Stadium schon \u00e4u\u00dferst appetitlich pr\u00e4sentiert.<\/p>\n<p>\u00a0<\/p>\n<h5>Empfehlung<\/h5>\n<p>Wer ihn zum jetzigen Zeitpunkt schon genie\u00dfen m\u00f6chte sollte ihn unbedingt \u00fcber mehrere Stunden dekantieren und in einem ausreichend gro\u00dfen Glas servieren, einige Tage der \u00d6ffnung lassen ihn an Ausdruck gewinnen.<\/p>\n<p>Copyright Vinaturel 2025<\/p>\n<p>Keywords: <a href=\"https:\/\/wein-werte.com\/de\/shop\/?swoof=1&#038;pa_producer=Zind-Humbrecht\">Zind-Humbrecht<\/a> <a href=\"https:\/\/wein-werte.com\/de\/shop\/?swoof=1&#038;woof_text=Riesling Brand Grand Cru\">Riesling Brand Grand Cru<\/a> 2014 bio <a href=\"https:\/\/wein-werte.com\/de\/shop\/?swoof=1&#038;pa_region=Elsass\">Elsass<\/a> <a href=\"https:\/\/wein-werte.com\/de\/shop\/?swoof=1&#038;pa_country=Frankreich\">Frankreich<\/a><\/p>\n<h3>Wine Advocate<\/h3>\n<p>Punkte: 94<\/p>\n<p>Humbrechts Riesling Brand 2014 wurde im August 2016 mit dem h\u00f6chsten Alkoholgehalt der Rieslinge des Jahrgangs 2014 (moderate 12,65 % Alkohol) abgef\u00fcllt und er\u00f6ffnet mit einem tiefen, sehr reinen und steinig-feuersteinigen Bouquet reifer und konzentrierter Riesling-Aromen. Vollmundig und rund mit feiner, feink\u00f6rniger S\u00e4ure und anhaltendem Salzgehalt ist dieser Brand sehr elegant und raffiniert. Seidig strukturiert, pikant und hochelegant \u2013 ein wundersch\u00f6ner und kraftvoller, aber dennoch raffinierter Brand mit viel Ausdruck. Dieser Riesling stammt von Granitb\u00f6den und wurde mit 8,9 g Restzucker und einem Gesamts\u00e4uregehalt von 7,5 g pro Liter abgef\u00fcllt, bei einem f\u00fcr Granitb\u00f6den erstaunlichen pH-Wert von 3,0 (nach der alkoholischen und malolaktischen G\u00e4rung).<br \/>Stephan Reinhardt<\/p>\n<h3>Vinous<\/h3>\n<p>Punkte: 94+<\/p>\n<p>Helles Mittelgelb. Bodenbetonte Aromen von Limette, Ananas, Mandarine, balsamischen Nuancen und zersto\u00dfenem Stein. Dicht, vollmundig und saftig, mit konzentrierten Aromen von Zitronenschale, Pfirsich und Limettenlik\u00f6r. Eine Steigerung der Intensit\u00e4t im Vergleich zu allen anderen 2014er Rieslingen von Zind-Humbrecht (mit Ausnahme des Rangen Clos Saint-Urbain). Der Abgang ist sehr lang und salzig und hinterl\u00e4sst einen starken Eindruck von Extrakt und cremiger S\u00fc\u00dfe. Schmeckt \u00fcppiger und s\u00fc\u00dfer als der Rangen, was die Werte (9 g\/l Restzucker und 7,5 g\/l Gesamts\u00e4ure im Vergleich zu 5,5 g\/l Restzucker und 7 g\/l Gesamts\u00e4ure des Rangen; beide haben den gleichen pH-Wert von 3) zu best\u00e4tigen scheinen. Hergestellt aus ca. 60 Jahre alten Rebst\u00f6cken. \u2013 Ian D&#8217;Agata<br \/>Trinkzeitraum: 2020\u20132040<br \/>\u00dcberpr\u00fcfungsdatum: M\u00e4rz 2017<\/p>\n<p>Internetseite des Weinguts: <a href=\"http:\/\/www.zindhumbrecht.fr\/\" target=\"_blank\">http:\/\/www.zindhumbrecht.fr\/<\/a><\/p>\n","protected":false},"excerpt":{"rendered":"<p>Lieferzeit: 1 bis 2 Arbeitstage (DE), 2 bis 5 Arbeitstage (EU and CH)<\/p>\n","protected":false},"featured_media":1145222,"template":"","meta":[],"product_brand":[],"product_cat":[19],"product_tag":[],"class_list":{"0":"post-1135197","1":"product","2":"type-product","3":"status-publish","4":"has-post-thumbnail","6":"product_cat-unkategorisiert","7":"pa_alcohol-for-filter-12-5","8":"pa_certified-biodynamic-ja-de","9":"pa_certified-organic-ja-de","10":"pa_colour-weiss","11":"pa_country-frankreich","12":"pa_grape-riesling","13":"pa_parker-points-for-filter-94-de-2","14":"pa_price-for-filter-10766","15":"pa_producer-zind-humbrecht","16":"pa_region-elsass","17":"pa_size-ml-6657","18":"pa_sweetness-halbtrocken","19":"pa_type-2-still-de","20":"pa_vinous-points-for-filter-20033","21":"pa_vintage-2014-de","22":"entry","23":"has-media","25":"first","26":"instock","27":"taxable","28":"shipping-taxable","29":"purchasable","30":"product-type-simple"},"yoast_head":"<!-- This site is optimized with the Yoast SEO plugin v27.5 - https:\/\/yoast.com\/product\/yoast-seo-wordpress\/ -->\n<title>Zind-Humbrecht Riesling Brand Grand Cru 2014, 1500ml<\/title>\n<meta name=\"description\" content=\"Kaufe Zind-Humbrecht Riesling Brand Grand Cru 2014 (Riesling, halbtrocken aus Elsass, Frankreich) bei Wein Werte, Ihrem nachhaltigen Onlineshop.\" \/>\n<meta name=\"robots\" content=\"index, follow, max-snippet:-1, max-image-preview:large, max-video-preview:-1\" \/>\n<link rel=\"canonical\" href=\"https:\/\/wein-werte.com\/de\/produkt\/zind-humbrecht-riesling-brand-grand-cru-2014-1500ml\/\" \/>\n<meta property=\"og:locale\" content=\"de_DE\" \/>\n<meta property=\"og:type\" content=\"article\" \/>\n<meta property=\"og:title\" content=\"Zind-Humbrecht Riesling Brand Grand Cru 2014, 1500ml\" \/>\n<meta property=\"og:description\" content=\"Kaufe Zind-Humbrecht Riesling Brand Grand Cru 2014 (Riesling, halbtrocken aus Elsass, Frankreich) bei Wein Werte, Ihrem nachhaltigen Onlineshop.\" \/>\n<meta property=\"og:url\" content=\"https:\/\/wein-werte.com\/de\/produkt\/zind-humbrecht-riesling-brand-grand-cru-2014-1500ml\/\" \/>\n<meta property=\"og:site_name\" content=\"Wein Werte\" \/>\n<meta property=\"og:image\" content=\"https:\/\/wein-werte.com\/wp-content\/uploads\/2026\/04\/Zind-Humbrecht-Riesling-Brand-Grand-Cru-2014-1500ml.png\" \/>\n\t<meta property=\"og:image:width\" content=\"238\" \/>\n\t<meta property=\"og:image:height\" content=\"1200\" \/>\n\t<meta property=\"og:image:type\" content=\"image\/png\" \/>\n<meta name=\"twitter:card\" content=\"summary_large_image\" \/>\n<meta name=\"twitter:label1\" content=\"Gesch\u00e4tzte Lesezeit\" \/>\n\t<meta name=\"twitter:data1\" content=\"2\u00a0Minuten\" \/>\n<script type=\"application\/ld+json\" class=\"yoast-schema-graph\">{\"@context\":\"https:\\\/\\\/schema.org\",\"@graph\":[{\"@type\":\"WebPage\",\"@id\":\"https:\\\/\\\/wein-werte.com\\\/de\\\/produkt\\\/zind-humbrecht-riesling-brand-grand-cru-2014-1500ml\\\/\",\"url\":\"https:\\\/\\\/wein-werte.com\\\/de\\\/produkt\\\/zind-humbrecht-riesling-brand-grand-cru-2014-1500ml\\\/\",\"name\":\"Zind-Humbrecht Riesling Brand Grand Cru 2014, 1500ml\",\"isPartOf\":{\"@id\":\"https:\\\/\\\/wein-werte.com\\\/de\\\/#website\"},\"primaryImageOfPage\":{\"@id\":\"https:\\\/\\\/wein-werte.com\\\/de\\\/produkt\\\/zind-humbrecht-riesling-brand-grand-cru-2014-1500ml\\\/#primaryimage\"},\"image\":{\"@id\":\"https:\\\/\\\/wein-werte.com\\\/de\\\/produkt\\\/zind-humbrecht-riesling-brand-grand-cru-2014-1500ml\\\/#primaryimage\"},\"thumbnailUrl\":\"https:\\\/\\\/wein-werte.com\\\/wp-content\\\/uploads\\\/2026\\\/04\\\/Zind-Humbrecht-Riesling-Brand-Grand-Cru-2014-1500ml.png\",\"datePublished\":\"2026-05-01T16:46:56+00:00\",\"description\":\"Kaufe Zind-Humbrecht Riesling Brand Grand Cru 2014 (Riesling, halbtrocken aus Elsass, Frankreich) bei Wein Werte, Ihrem nachhaltigen Onlineshop.\",\"breadcrumb\":{\"@id\":\"https:\\\/\\\/wein-werte.com\\\/de\\\/produkt\\\/zind-humbrecht-riesling-brand-grand-cru-2014-1500ml\\\/#breadcrumb\"},\"inLanguage\":\"de\",\"potentialAction\":[{\"@type\":\"ReadAction\",\"target\":[\"https:\\\/\\\/wein-werte.com\\\/de\\\/produkt\\\/zind-humbrecht-riesling-brand-grand-cru-2014-1500ml\\\/\"]}]},{\"@type\":\"ImageObject\",\"inLanguage\":\"de\",\"@id\":\"https:\\\/\\\/wein-werte.com\\\/de\\\/produkt\\\/zind-humbrecht-riesling-brand-grand-cru-2014-1500ml\\\/#primaryimage\",\"url\":\"https:\\\/\\\/wein-werte.com\\\/wp-content\\\/uploads\\\/2026\\\/04\\\/Zind-Humbrecht-Riesling-Brand-Grand-Cru-2014-1500ml.png\",\"contentUrl\":\"https:\\\/\\\/wein-werte.com\\\/wp-content\\\/uploads\\\/2026\\\/04\\\/Zind-Humbrecht-Riesling-Brand-Grand-Cru-2014-1500ml.png\",\"width\":238,\"height\":1200,\"caption\":\"Zind-Humbrecht Riesling Brand Grand Cru 2014 1500ml\"},{\"@type\":\"BreadcrumbList\",\"@id\":\"https:\\\/\\\/wein-werte.com\\\/de\\\/produkt\\\/zind-humbrecht-riesling-brand-grand-cru-2014-1500ml\\\/#breadcrumb\",\"itemListElement\":[{\"@type\":\"ListItem\",\"position\":1,\"name\":\"Home\",\"item\":\"https:\\\/\\\/wein-werte.com\\\/de\\\/\"},{\"@type\":\"ListItem\",\"position\":2,\"name\":\"Shop\",\"item\":\"https:\\\/\\\/wein-werte.com\\\/de\\\/shop\\\/\"},{\"@type\":\"ListItem\",\"position\":3,\"name\":\"Zind-Humbrecht | Elsass | Riesling Brand Grand Cru | 2014 | 1500ml | bio\"}]},{\"@type\":\"WebSite\",\"@id\":\"https:\\\/\\\/wein-werte.com\\\/de\\\/#website\",\"url\":\"https:\\\/\\\/wein-werte.com\\\/de\\\/\",\"name\":\"Wein Werte\",\"description\":\"\",\"publisher\":{\"@id\":\"https:\\\/\\\/wein-werte.com\\\/de\\\/#organization\"},\"potentialAction\":[{\"@type\":\"SearchAction\",\"target\":{\"@type\":\"EntryPoint\",\"urlTemplate\":\"https:\\\/\\\/wein-werte.com\\\/de\\\/?s={search_term_string}\"},\"query-input\":{\"@type\":\"PropertyValueSpecification\",\"valueRequired\":true,\"valueName\":\"search_term_string\"}}],\"inLanguage\":\"de\"},{\"@type\":\"Organization\",\"@id\":\"https:\\\/\\\/wein-werte.com\\\/de\\\/#organization\",\"name\":\"Vins Fins Thorrold\",\"url\":\"https:\\\/\\\/wein-werte.com\\\/de\\\/\",\"logo\":{\"@type\":\"ImageObject\",\"inLanguage\":\"de\",\"@id\":\"https:\\\/\\\/wein-werte.com\\\/de\\\/#\\\/schema\\\/logo\\\/image\\\/\",\"url\":\"https:\\\/\\\/wein-werte.com\\\/wp-content\\\/uploads\\\/2023\\\/07\\\/Wein_werte_Logo700-1.png\",\"contentUrl\":\"https:\\\/\\\/wein-werte.com\\\/wp-content\\\/uploads\\\/2023\\\/07\\\/Wein_werte_Logo700-1.png\",\"width\":700,\"height\":272,\"caption\":\"Vins Fins Thorrold\"},\"image\":{\"@id\":\"https:\\\/\\\/wein-werte.com\\\/de\\\/#\\\/schema\\\/logo\\\/image\\\/\"}}]}<\/script>\n<!-- \/ Yoast SEO plugin. -->","yoast_head_json":{"title":"Zind-Humbrecht Riesling Brand Grand Cru 2014, 1500ml","description":"Kaufe Zind-Humbrecht Riesling Brand Grand Cru 2014 (Riesling, halbtrocken aus Elsass, Frankreich) bei Wein Werte, Ihrem nachhaltigen Onlineshop.","robots":{"index":"index","follow":"follow","max-snippet":"max-snippet:-1","max-image-preview":"max-image-preview:large","max-video-preview":"max-video-preview:-1"},"canonical":"https:\/\/wein-werte.com\/de\/produkt\/zind-humbrecht-riesling-brand-grand-cru-2014-1500ml\/","og_locale":"de_DE","og_type":"article","og_title":"Zind-Humbrecht Riesling Brand Grand Cru 2014, 1500ml","og_description":"Kaufe Zind-Humbrecht Riesling Brand Grand Cru 2014 (Riesling, halbtrocken aus Elsass, Frankreich) bei Wein Werte, Ihrem nachhaltigen Onlineshop.","og_url":"https:\/\/wein-werte.com\/de\/produkt\/zind-humbrecht-riesling-brand-grand-cru-2014-1500ml\/","og_site_name":"Wein Werte","og_image":[{"width":238,"height":1200,"url":"https:\/\/wein-werte.com\/wp-content\/uploads\/2026\/04\/Zind-Humbrecht-Riesling-Brand-Grand-Cru-2014-1500ml.png","type":"image\/png"}],"twitter_card":"summary_large_image","twitter_misc":{"Gesch\u00e4tzte Lesezeit":"2\u00a0Minuten"},"schema":{"@context":"https:\/\/schema.org","@graph":[{"@type":"WebPage","@id":"https:\/\/wein-werte.com\/de\/produkt\/zind-humbrecht-riesling-brand-grand-cru-2014-1500ml\/","url":"https:\/\/wein-werte.com\/de\/produkt\/zind-humbrecht-riesling-brand-grand-cru-2014-1500ml\/","name":"Zind-Humbrecht Riesling Brand Grand Cru 2014, 1500ml","isPartOf":{"@id":"https:\/\/wein-werte.com\/de\/#website"},"primaryImageOfPage":{"@id":"https:\/\/wein-werte.com\/de\/produkt\/zind-humbrecht-riesling-brand-grand-cru-2014-1500ml\/#primaryimage"},"image":{"@id":"https:\/\/wein-werte.com\/de\/produkt\/zind-humbrecht-riesling-brand-grand-cru-2014-1500ml\/#primaryimage"},"thumbnailUrl":"https:\/\/wein-werte.com\/wp-content\/uploads\/2026\/04\/Zind-Humbrecht-Riesling-Brand-Grand-Cru-2014-1500ml.png","datePublished":"2026-05-01T16:46:56+00:00","description":"Kaufe Zind-Humbrecht Riesling Brand Grand Cru 2014 (Riesling, halbtrocken aus Elsass, Frankreich) bei Wein Werte, Ihrem nachhaltigen Onlineshop.","breadcrumb":{"@id":"https:\/\/wein-werte.com\/de\/produkt\/zind-humbrecht-riesling-brand-grand-cru-2014-1500ml\/#breadcrumb"},"inLanguage":"de","potentialAction":[{"@type":"ReadAction","target":["https:\/\/wein-werte.com\/de\/produkt\/zind-humbrecht-riesling-brand-grand-cru-2014-1500ml\/"]}]},{"@type":"ImageObject","inLanguage":"de","@id":"https:\/\/wein-werte.com\/de\/produkt\/zind-humbrecht-riesling-brand-grand-cru-2014-1500ml\/#primaryimage","url":"https:\/\/wein-werte.com\/wp-content\/uploads\/2026\/04\/Zind-Humbrecht-Riesling-Brand-Grand-Cru-2014-1500ml.png","contentUrl":"https:\/\/wein-werte.com\/wp-content\/uploads\/2026\/04\/Zind-Humbrecht-Riesling-Brand-Grand-Cru-2014-1500ml.png","width":238,"height":1200,"caption":"Zind-Humbrecht Riesling Brand Grand Cru 2014 1500ml"},{"@type":"BreadcrumbList","@id":"https:\/\/wein-werte.com\/de\/produkt\/zind-humbrecht-riesling-brand-grand-cru-2014-1500ml\/#breadcrumb","itemListElement":[{"@type":"ListItem","position":1,"name":"Home","item":"https:\/\/wein-werte.com\/de\/"},{"@type":"ListItem","position":2,"name":"Shop","item":"https:\/\/wein-werte.com\/de\/shop\/"},{"@type":"ListItem","position":3,"name":"Zind-Humbrecht | Elsass | Riesling Brand Grand Cru | 2014 | 1500ml | bio"}]},{"@type":"WebSite","@id":"https:\/\/wein-werte.com\/de\/#website","url":"https:\/\/wein-werte.com\/de\/","name":"Wein Werte","description":"","publisher":{"@id":"https:\/\/wein-werte.com\/de\/#organization"},"potentialAction":[{"@type":"SearchAction","target":{"@type":"EntryPoint","urlTemplate":"https:\/\/wein-werte.com\/de\/?s={search_term_string}"},"query-input":{"@type":"PropertyValueSpecification","valueRequired":true,"valueName":"search_term_string"}}],"inLanguage":"de"},{"@type":"Organization","@id":"https:\/\/wein-werte.com\/de\/#organization","name":"Vins Fins Thorrold","url":"https:\/\/wein-werte.com\/de\/","logo":{"@type":"ImageObject","inLanguage":"de","@id":"https:\/\/wein-werte.com\/de\/#\/schema\/logo\/image\/","url":"https:\/\/wein-werte.com\/wp-content\/uploads\/2023\/07\/Wein_werte_Logo700-1.png","contentUrl":"https:\/\/wein-werte.com\/wp-content\/uploads\/2023\/07\/Wein_werte_Logo700-1.png","width":700,"height":272,"caption":"Vins Fins Thorrold"},"image":{"@id":"https:\/\/wein-werte.com\/de\/#\/schema\/logo\/image\/"}}]}},"_links":{"self":[{"href":"https:\/\/wein-werte.com\/de\/wp-json\/wp\/v2\/product\/1135197","targetHints":{"allow":["GET"]}}],"collection":[{"href":"https:\/\/wein-werte.com\/de\/wp-json\/wp\/v2\/product"}],"about":[{"href":"https:\/\/wein-werte.com\/de\/wp-json\/wp\/v2\/types\/product"}],"wp:featuredmedia":[{"embeddable":true,"href":"https:\/\/wein-werte.com\/de\/wp-json\/wp\/v2\/media\/1145222"}],"wp:attachment":[{"href":"https:\/\/wein-werte.com\/de\/wp-json\/wp\/v2\/media?parent=1135197"}],"wp:term":[{"taxonomy":"product_brand","embeddable":true,"href":"https:\/\/wein-werte.com\/de\/wp-json\/wp\/v2\/product_brand?post=1135197"},{"taxonomy":"product_cat","embeddable":true,"href":"https:\/\/wein-werte.com\/de\/wp-json\/wp\/v2\/product_cat?post=1135197"},{"taxonomy":"product_tag","embeddable":true,"href":"https:\/\/wein-werte.com\/de\/wp-json\/wp\/v2\/product_tag?post=1135197"}],"curies":[{"name":"wp","href":"https:\/\/api.w.org\/{rel}","templated":true}]}}