{"id":1135182,"date":"2026-04-27T13:33:08","date_gmt":"2026-04-27T11:33:08","guid":{"rendered":"https:\/\/wein-werte.com\/product\/zind-humbrecht-gewurztraminer-rangen-de-thann-clos-saint-urbain-grand-cru-2019-1500ml\/"},"modified":"2026-04-27T12:04:03","modified_gmt":"2026-04-27T10:04:03","slug":"zind-humbrecht-gewurztraminer-rangen-de-thann-clos-saint-urbain-grand-cru-2019-1500ml","status":"publish","type":"product","link":"https:\/\/wein-werte.com\/de\/produkt\/zind-humbrecht-gewurztraminer-rangen-de-thann-clos-saint-urbain-grand-cru-2019-1500ml\/","title":{"rendered":"Zind-Humbrecht | Elsass | Gew\u00fcrztraminer Rangen de Thann Clos-Saint-Urbain Grand Cru | 2019 | 1500ml | bio"},"content":{"rendered":"<p>Produktbeschreibung f\u00fcr Zind-Humbrecht Gew\u00fcrztraminer Rangen de Thann Clos-Saint-Urbain Grand Cru 2019 (bio) <\/p>\n<h5>Info zum Wein<\/h5>\n<p>Der Gewurztraminer ist die am wenigsten vertretene Rebsorte auf dem Clos-Saint-Urbain. Auf einer kleinen Fl\u00e4che von 0,5 ha werden jedes Jahr etwa 1500 Flaschen produziert. Der Rangen hat die F\u00e4higkeit, dem aromatischen Gewurztraminer, der allein schon ein Kraftakt ist, seinen Geschmack und Charakter aufzuzwingen und produziert zudem einen relativ trockenen Weinstil.<\/p>\n<p>\u00a0<\/p>\n<h5>Info zum Ausbau<\/h5>\n<p>Fast in jedem Jahrgang ist es der Gewurztraminer Rangen, der am st\u00e4rksten verg\u00e4rt. Die steilen, nach S\u00fcden ausgerichteten H\u00e4nge des Rangens liegen am Ende eines k\u00fchleren Tals und auf einer f\u00fcr els\u00e4ssische Weinberge relativ gro\u00dfen H\u00f6he (\u00fcber 350 m \u00fc. NN). Der Gewurztraminer mag diese Bedingungen nicht, und das erkl\u00e4rt seine Seltenheit auf diesem Grand Cru. Der Fluss Thur, der direkt unterhalb der H\u00e4nge des Rangens verl\u00e4uft, mildert jedoch das Klima und erm\u00f6glicht den Anbau dieser Rebsorte, wenn sie in geringer Entfernung zum Fluss gepflanzt wird. Der Jahrgang 2019 wurde viel sp\u00e4ter geerntet als die meisten anderen Gewurztraminer, g\u00e4rte aber schnell und endete fast trocken.<\/p>\n<p>\u00a0<\/p>\n<h5>Farbe<\/h5>\n<p>Strahlendes, dichtes Goldgelb<\/p>\n<p>\u00a0<\/p>\n<h5>Nase<\/h5>\n<p>Der Gewurztraminer Clos Saint Urbain Rangen de Thann \u00fcberrascht in 2019 mit immenser Frische im Duft: Orangenfleisch, Pfirsich, Birne, Grapefruit, viele duftige Bl\u00fcten, Streichholznoten, heller eleganter Tabak und zitrische Ingwerfrische verbinden sich mit einer feinen Pfeffernote. Der vitale und frische Zauber von 2019 zeigt sich auch hier in dieser eindrucksvollen Lage mit dem Gewurztraminer par excellence!<\/p>\n<p>\u00a0<\/p>\n<h5>Gaumen<\/h5>\n<p>Fein und elegant geht es am Gaumen weiter \u2013 was f\u00fcr eine lebendige S\u00e4ure, was f\u00fcr ein Spiel, untermalt von kompakter, vielschichtiger und beeindruckender Mineralit\u00e4t. Die saftige Frucht, vor allem Orange, vereint sich wunderbar mit seiner feinen Tanninstruktur, seine Vitalit\u00e4t zeigt sich auch hier in vollem Ausma\u00df. Dieser Wein schwebt, den h\u00f6heren Alkohol auf dem Etikett kann man einfach ignorieren, denn diese Feinheit, Leichtigkeit und seidige Anmutung sucht ihresgleichen. Wie f\u00fcr so viele Weine aus dem Hause Humbrecht in 2019, gilt: kaufen und weglegen. Es ist ein Fest, ein wahres Fest, was sich uns hier offenbart!<\/p>\n<p>Dem Ungeduldigen sei geraten, ihn ein bis zwei Tage vorher zu dekantieren und ihn aus gro\u00dfen Burgundergl\u00e4sern zu genie\u00dfen.<\/p>\n<p>Copyright Vinaturel 2025<\/p>\n<p>Keywords: <a href=\"https:\/\/wein-werte.com\/de\/shop\/?swoof=1&#038;pa_producer=Zind-Humbrecht\">Zind-Humbrecht<\/a> <a href=\"https:\/\/wein-werte.com\/de\/shop\/?swoof=1&#038;woof_text=Gew\u00fcrztraminer Rangen de Thann Clos-Saint-Urbain Grand Cru\">Gew\u00fcrztraminer Rangen de Thann Clos-Saint-Urbain Grand Cru<\/a> 2019 bio <a href=\"https:\/\/wein-werte.com\/de\/shop\/?swoof=1&#038;pa_region=Elsass\">Elsass<\/a> <a href=\"https:\/\/wein-werte.com\/de\/shop\/?swoof=1&#038;pa_country=Frankreich\">Frankreich<\/a><\/p>\n<h3>Wine Advocate<\/h3>\n<p>Punkte: 96+<\/p>\n<p>Der 2019 Clos Saint Urbain Rangen de Thann Gew\u00fcrztraminer von 56 Jahre alten Rebst\u00f6cken er\u00f6ffnet mit einem tiefen, klaren, intensiven, fein w\u00fcrzigen, blattigen und mineralischen Bouquet mit Noten von zersto\u00dfenem Salz und Steinen, Feuersteinen, Zitronengras, Zitrusthymian, Rauch, gerade reifen Mangos, Feigen, Litschis, Kumquats, kandierten Zitronen, Zitronenschale, Zitronen-Chutney sowie Kr\u00e4uter- und Jodaromen. Vollmundig, reichhaltig, intensiv und sehr elegant am Gaumen, mit einer intensiven und anhaltenden mineralischen Struktur. Dies ist ein dichter und kraftvoller, aber dennoch frischer und herzhafter Rangen mit feinen Tanninen und einer fast trocknenden mineralischen Komplexit\u00e4t im Abgang, die am Gaumen kandierten Zucker, Zitrone, Tanninbitter und jede Menge Salz hinterl\u00e4sst. Dies ist ein gro\u00dfartiger Gew\u00fcrztraminer, abgef\u00fcllt im Februar 2021 mit 14,2 % Alkoholgehalt und 9,5 Gramm Restzucker pro Liter. Naturkorken. Verkostet im November 2024.<br \/>Stephan Reinhardt<\/p>\n<p>Internetseite des Weinguts: <a href=\"http:\/\/www.zindhumbrecht.fr\/\" target=\"_blank\">http:\/\/www.zindhumbrecht.fr\/<\/a><\/p>\n","protected":false},"excerpt":{"rendered":"<p>Lieferzeit: 1 bis 2 Arbeitstage (DE), 2 bis 5 Arbeitstage (EU and CH)<\/p>\n","protected":false},"featured_media":1145212,"template":"","meta":[],"product_brand":[],"product_cat":[19],"product_tag":[],"class_list":{"0":"post-1135182","1":"product","2":"type-product","3":"status-publish","4":"has-post-thumbnail","6":"product_cat-unkategorisiert","7":"pa_alcohol-for-filter-12892","8":"pa_certified-biodynamic-ja-de","9":"pa_certified-organic-ja-de","10":"pa_colour-weiss","11":"pa_country-frankreich","12":"pa_grape-gewurztraminer","13":"pa_parker-points-for-filter-96-de-2","14":"pa_price-for-filter-10715","15":"pa_producer-zind-humbrecht","16":"pa_region-elsass","17":"pa_size-ml-6657","18":"pa_sweetness-halbtrocken","19":"pa_type-2-still-de","20":"pa_vintage-2019-de","21":"entry","22":"has-media","24":"first","25":"instock","26":"taxable","27":"shipping-taxable","28":"purchasable","29":"product-type-simple"},"yoast_head":"<!-- This site is optimized with the Yoast SEO plugin v27.5 - https:\/\/yoast.com\/product\/yoast-seo-wordpress\/ -->\n<title>Zind-Humbrecht Gew\u00fcrztraminer Rangen de Thann Clos-Saint-Urbain Grand Cru 2019, 1500ml<\/title>\n<meta name=\"description\" content=\"Kaufe Zind-Humbrecht Gew\u00fcrztraminer Rangen de Thann Clos-Saint-Urbain Grand Cru 2019 (Gew\u00fcrztraminer, halbtrocken aus Elsass, Frankreich) bei Wein Werte, Ihrem nachhaltigen Onlineshop.\" \/>\n<meta name=\"robots\" content=\"index, follow, max-snippet:-1, max-image-preview:large, max-video-preview:-1\" \/>\n<link rel=\"canonical\" href=\"https:\/\/wein-werte.com\/de\/produkt\/zind-humbrecht-gewurztraminer-rangen-de-thann-clos-saint-urbain-grand-cru-2019-1500ml\/\" \/>\n<meta property=\"og:locale\" content=\"de_DE\" \/>\n<meta property=\"og:type\" content=\"article\" \/>\n<meta property=\"og:title\" content=\"Zind-Humbrecht Gew\u00fcrztraminer Rangen de Thann Clos-Saint-Urbain Grand Cru 2019, 1500ml\" \/>\n<meta property=\"og:description\" content=\"Kaufe Zind-Humbrecht Gew\u00fcrztraminer Rangen de Thann Clos-Saint-Urbain Grand Cru 2019 (Gew\u00fcrztraminer, halbtrocken aus Elsass, Frankreich) bei Wein Werte, Ihrem nachhaltigen Onlineshop.\" \/>\n<meta property=\"og:url\" content=\"https:\/\/wein-werte.com\/de\/produkt\/zind-humbrecht-gewurztraminer-rangen-de-thann-clos-saint-urbain-grand-cru-2019-1500ml\/\" \/>\n<meta property=\"og:site_name\" content=\"Wein Werte\" \/>\n<meta property=\"og:image\" content=\"https:\/\/wein-werte.com\/wp-content\/uploads\/2026\/04\/Zind-Humbrecht-Gewurztraminer-Rangen-de-Thann-Clos-Saint-Urbain-Grand-Cru-2019-1500ml.png\" \/>\n\t<meta property=\"og:image:width\" content=\"232\" \/>\n\t<meta property=\"og:image:height\" content=\"1200\" \/>\n\t<meta property=\"og:image:type\" content=\"image\/png\" \/>\n<meta name=\"twitter:card\" content=\"summary_large_image\" \/>\n<meta name=\"twitter:label1\" content=\"Gesch\u00e4tzte Lesezeit\" \/>\n\t<meta name=\"twitter:data1\" content=\"3\u00a0Minuten\" \/>\n<script type=\"application\/ld+json\" class=\"yoast-schema-graph\">{\"@context\":\"https:\\\/\\\/schema.org\",\"@graph\":[{\"@type\":\"WebPage\",\"@id\":\"https:\\\/\\\/wein-werte.com\\\/de\\\/produkt\\\/zind-humbrecht-gewurztraminer-rangen-de-thann-clos-saint-urbain-grand-cru-2019-1500ml\\\/\",\"url\":\"https:\\\/\\\/wein-werte.com\\\/de\\\/produkt\\\/zind-humbrecht-gewurztraminer-rangen-de-thann-clos-saint-urbain-grand-cru-2019-1500ml\\\/\",\"name\":\"Zind-Humbrecht Gew\u00fcrztraminer Rangen de Thann Clos-Saint-Urbain Grand Cru 2019, 1500ml\",\"isPartOf\":{\"@id\":\"https:\\\/\\\/wein-werte.com\\\/de\\\/#website\"},\"primaryImageOfPage\":{\"@id\":\"https:\\\/\\\/wein-werte.com\\\/de\\\/produkt\\\/zind-humbrecht-gewurztraminer-rangen-de-thann-clos-saint-urbain-grand-cru-2019-1500ml\\\/#primaryimage\"},\"image\":{\"@id\":\"https:\\\/\\\/wein-werte.com\\\/de\\\/produkt\\\/zind-humbrecht-gewurztraminer-rangen-de-thann-clos-saint-urbain-grand-cru-2019-1500ml\\\/#primaryimage\"},\"thumbnailUrl\":\"https:\\\/\\\/wein-werte.com\\\/wp-content\\\/uploads\\\/2026\\\/04\\\/Zind-Humbrecht-Gewurztraminer-Rangen-de-Thann-Clos-Saint-Urbain-Grand-Cru-2019-1500ml.png\",\"datePublished\":\"2026-04-27T11:33:08+00:00\",\"description\":\"Kaufe Zind-Humbrecht Gew\u00fcrztraminer Rangen de Thann Clos-Saint-Urbain Grand Cru 2019 (Gew\u00fcrztraminer, halbtrocken aus Elsass, Frankreich) bei Wein Werte, Ihrem nachhaltigen Onlineshop.\",\"breadcrumb\":{\"@id\":\"https:\\\/\\\/wein-werte.com\\\/de\\\/produkt\\\/zind-humbrecht-gewurztraminer-rangen-de-thann-clos-saint-urbain-grand-cru-2019-1500ml\\\/#breadcrumb\"},\"inLanguage\":\"de\",\"potentialAction\":[{\"@type\":\"ReadAction\",\"target\":[\"https:\\\/\\\/wein-werte.com\\\/de\\\/produkt\\\/zind-humbrecht-gewurztraminer-rangen-de-thann-clos-saint-urbain-grand-cru-2019-1500ml\\\/\"]}]},{\"@type\":\"ImageObject\",\"inLanguage\":\"de\",\"@id\":\"https:\\\/\\\/wein-werte.com\\\/de\\\/produkt\\\/zind-humbrecht-gewurztraminer-rangen-de-thann-clos-saint-urbain-grand-cru-2019-1500ml\\\/#primaryimage\",\"url\":\"https:\\\/\\\/wein-werte.com\\\/wp-content\\\/uploads\\\/2026\\\/04\\\/Zind-Humbrecht-Gewurztraminer-Rangen-de-Thann-Clos-Saint-Urbain-Grand-Cru-2019-1500ml.png\",\"contentUrl\":\"https:\\\/\\\/wein-werte.com\\\/wp-content\\\/uploads\\\/2026\\\/04\\\/Zind-Humbrecht-Gewurztraminer-Rangen-de-Thann-Clos-Saint-Urbain-Grand-Cru-2019-1500ml.png\",\"width\":232,\"height\":1200,\"caption\":\"Zind-Humbrecht Gew\u00fcrztraminer Rangen de Thann Clos-Saint-Urbain Grand Cru 2019 1500ml\"},{\"@type\":\"BreadcrumbList\",\"@id\":\"https:\\\/\\\/wein-werte.com\\\/de\\\/produkt\\\/zind-humbrecht-gewurztraminer-rangen-de-thann-clos-saint-urbain-grand-cru-2019-1500ml\\\/#breadcrumb\",\"itemListElement\":[{\"@type\":\"ListItem\",\"position\":1,\"name\":\"Home\",\"item\":\"https:\\\/\\\/wein-werte.com\\\/de\\\/\"},{\"@type\":\"ListItem\",\"position\":2,\"name\":\"Shop\",\"item\":\"https:\\\/\\\/wein-werte.com\\\/de\\\/shop\\\/\"},{\"@type\":\"ListItem\",\"position\":3,\"name\":\"Zind-Humbrecht | Elsass | Gew\u00fcrztraminer Rangen de Thann Clos-Saint-Urbain Grand Cru | 2019 | 1500ml | bio\"}]},{\"@type\":\"WebSite\",\"@id\":\"https:\\\/\\\/wein-werte.com\\\/de\\\/#website\",\"url\":\"https:\\\/\\\/wein-werte.com\\\/de\\\/\",\"name\":\"Wein Werte\",\"description\":\"\",\"publisher\":{\"@id\":\"https:\\\/\\\/wein-werte.com\\\/de\\\/#organization\"},\"potentialAction\":[{\"@type\":\"SearchAction\",\"target\":{\"@type\":\"EntryPoint\",\"urlTemplate\":\"https:\\\/\\\/wein-werte.com\\\/de\\\/?s={search_term_string}\"},\"query-input\":{\"@type\":\"PropertyValueSpecification\",\"valueRequired\":true,\"valueName\":\"search_term_string\"}}],\"inLanguage\":\"de\"},{\"@type\":\"Organization\",\"@id\":\"https:\\\/\\\/wein-werte.com\\\/de\\\/#organization\",\"name\":\"Vins Fins Thorrold\",\"url\":\"https:\\\/\\\/wein-werte.com\\\/de\\\/\",\"logo\":{\"@type\":\"ImageObject\",\"inLanguage\":\"de\",\"@id\":\"https:\\\/\\\/wein-werte.com\\\/de\\\/#\\\/schema\\\/logo\\\/image\\\/\",\"url\":\"https:\\\/\\\/wein-werte.com\\\/wp-content\\\/uploads\\\/2023\\\/07\\\/Wein_werte_Logo700-1.png\",\"contentUrl\":\"https:\\\/\\\/wein-werte.com\\\/wp-content\\\/uploads\\\/2023\\\/07\\\/Wein_werte_Logo700-1.png\",\"width\":700,\"height\":272,\"caption\":\"Vins Fins Thorrold\"},\"image\":{\"@id\":\"https:\\\/\\\/wein-werte.com\\\/de\\\/#\\\/schema\\\/logo\\\/image\\\/\"}}]}<\/script>\n<!-- \/ Yoast SEO plugin. -->","yoast_head_json":{"title":"Zind-Humbrecht Gew\u00fcrztraminer Rangen de Thann Clos-Saint-Urbain Grand Cru 2019, 1500ml","description":"Kaufe Zind-Humbrecht Gew\u00fcrztraminer Rangen de Thann Clos-Saint-Urbain Grand Cru 2019 (Gew\u00fcrztraminer, halbtrocken aus Elsass, Frankreich) bei Wein Werte, Ihrem nachhaltigen Onlineshop.","robots":{"index":"index","follow":"follow","max-snippet":"max-snippet:-1","max-image-preview":"max-image-preview:large","max-video-preview":"max-video-preview:-1"},"canonical":"https:\/\/wein-werte.com\/de\/produkt\/zind-humbrecht-gewurztraminer-rangen-de-thann-clos-saint-urbain-grand-cru-2019-1500ml\/","og_locale":"de_DE","og_type":"article","og_title":"Zind-Humbrecht Gew\u00fcrztraminer Rangen de Thann Clos-Saint-Urbain Grand Cru 2019, 1500ml","og_description":"Kaufe Zind-Humbrecht Gew\u00fcrztraminer Rangen de Thann Clos-Saint-Urbain Grand Cru 2019 (Gew\u00fcrztraminer, halbtrocken aus Elsass, Frankreich) bei Wein Werte, Ihrem nachhaltigen Onlineshop.","og_url":"https:\/\/wein-werte.com\/de\/produkt\/zind-humbrecht-gewurztraminer-rangen-de-thann-clos-saint-urbain-grand-cru-2019-1500ml\/","og_site_name":"Wein Werte","og_image":[{"width":232,"height":1200,"url":"https:\/\/wein-werte.com\/wp-content\/uploads\/2026\/04\/Zind-Humbrecht-Gewurztraminer-Rangen-de-Thann-Clos-Saint-Urbain-Grand-Cru-2019-1500ml.png","type":"image\/png"}],"twitter_card":"summary_large_image","twitter_misc":{"Gesch\u00e4tzte Lesezeit":"3\u00a0Minuten"},"schema":{"@context":"https:\/\/schema.org","@graph":[{"@type":"WebPage","@id":"https:\/\/wein-werte.com\/de\/produkt\/zind-humbrecht-gewurztraminer-rangen-de-thann-clos-saint-urbain-grand-cru-2019-1500ml\/","url":"https:\/\/wein-werte.com\/de\/produkt\/zind-humbrecht-gewurztraminer-rangen-de-thann-clos-saint-urbain-grand-cru-2019-1500ml\/","name":"Zind-Humbrecht Gew\u00fcrztraminer Rangen de Thann Clos-Saint-Urbain Grand Cru 2019, 1500ml","isPartOf":{"@id":"https:\/\/wein-werte.com\/de\/#website"},"primaryImageOfPage":{"@id":"https:\/\/wein-werte.com\/de\/produkt\/zind-humbrecht-gewurztraminer-rangen-de-thann-clos-saint-urbain-grand-cru-2019-1500ml\/#primaryimage"},"image":{"@id":"https:\/\/wein-werte.com\/de\/produkt\/zind-humbrecht-gewurztraminer-rangen-de-thann-clos-saint-urbain-grand-cru-2019-1500ml\/#primaryimage"},"thumbnailUrl":"https:\/\/wein-werte.com\/wp-content\/uploads\/2026\/04\/Zind-Humbrecht-Gewurztraminer-Rangen-de-Thann-Clos-Saint-Urbain-Grand-Cru-2019-1500ml.png","datePublished":"2026-04-27T11:33:08+00:00","description":"Kaufe Zind-Humbrecht Gew\u00fcrztraminer Rangen de Thann Clos-Saint-Urbain Grand Cru 2019 (Gew\u00fcrztraminer, halbtrocken aus Elsass, Frankreich) bei Wein Werte, Ihrem nachhaltigen Onlineshop.","breadcrumb":{"@id":"https:\/\/wein-werte.com\/de\/produkt\/zind-humbrecht-gewurztraminer-rangen-de-thann-clos-saint-urbain-grand-cru-2019-1500ml\/#breadcrumb"},"inLanguage":"de","potentialAction":[{"@type":"ReadAction","target":["https:\/\/wein-werte.com\/de\/produkt\/zind-humbrecht-gewurztraminer-rangen-de-thann-clos-saint-urbain-grand-cru-2019-1500ml\/"]}]},{"@type":"ImageObject","inLanguage":"de","@id":"https:\/\/wein-werte.com\/de\/produkt\/zind-humbrecht-gewurztraminer-rangen-de-thann-clos-saint-urbain-grand-cru-2019-1500ml\/#primaryimage","url":"https:\/\/wein-werte.com\/wp-content\/uploads\/2026\/04\/Zind-Humbrecht-Gewurztraminer-Rangen-de-Thann-Clos-Saint-Urbain-Grand-Cru-2019-1500ml.png","contentUrl":"https:\/\/wein-werte.com\/wp-content\/uploads\/2026\/04\/Zind-Humbrecht-Gewurztraminer-Rangen-de-Thann-Clos-Saint-Urbain-Grand-Cru-2019-1500ml.png","width":232,"height":1200,"caption":"Zind-Humbrecht Gew\u00fcrztraminer Rangen de Thann Clos-Saint-Urbain Grand Cru 2019 1500ml"},{"@type":"BreadcrumbList","@id":"https:\/\/wein-werte.com\/de\/produkt\/zind-humbrecht-gewurztraminer-rangen-de-thann-clos-saint-urbain-grand-cru-2019-1500ml\/#breadcrumb","itemListElement":[{"@type":"ListItem","position":1,"name":"Home","item":"https:\/\/wein-werte.com\/de\/"},{"@type":"ListItem","position":2,"name":"Shop","item":"https:\/\/wein-werte.com\/de\/shop\/"},{"@type":"ListItem","position":3,"name":"Zind-Humbrecht | Elsass | Gew\u00fcrztraminer Rangen de Thann Clos-Saint-Urbain Grand Cru | 2019 | 1500ml | bio"}]},{"@type":"WebSite","@id":"https:\/\/wein-werte.com\/de\/#website","url":"https:\/\/wein-werte.com\/de\/","name":"Wein Werte","description":"","publisher":{"@id":"https:\/\/wein-werte.com\/de\/#organization"},"potentialAction":[{"@type":"SearchAction","target":{"@type":"EntryPoint","urlTemplate":"https:\/\/wein-werte.com\/de\/?s={search_term_string}"},"query-input":{"@type":"PropertyValueSpecification","valueRequired":true,"valueName":"search_term_string"}}],"inLanguage":"de"},{"@type":"Organization","@id":"https:\/\/wein-werte.com\/de\/#organization","name":"Vins Fins Thorrold","url":"https:\/\/wein-werte.com\/de\/","logo":{"@type":"ImageObject","inLanguage":"de","@id":"https:\/\/wein-werte.com\/de\/#\/schema\/logo\/image\/","url":"https:\/\/wein-werte.com\/wp-content\/uploads\/2023\/07\/Wein_werte_Logo700-1.png","contentUrl":"https:\/\/wein-werte.com\/wp-content\/uploads\/2023\/07\/Wein_werte_Logo700-1.png","width":700,"height":272,"caption":"Vins Fins Thorrold"},"image":{"@id":"https:\/\/wein-werte.com\/de\/#\/schema\/logo\/image\/"}}]}},"_links":{"self":[{"href":"https:\/\/wein-werte.com\/de\/wp-json\/wp\/v2\/product\/1135182","targetHints":{"allow":["GET"]}}],"collection":[{"href":"https:\/\/wein-werte.com\/de\/wp-json\/wp\/v2\/product"}],"about":[{"href":"https:\/\/wein-werte.com\/de\/wp-json\/wp\/v2\/types\/product"}],"wp:featuredmedia":[{"embeddable":true,"href":"https:\/\/wein-werte.com\/de\/wp-json\/wp\/v2\/media\/1145212"}],"wp:attachment":[{"href":"https:\/\/wein-werte.com\/de\/wp-json\/wp\/v2\/media?parent=1135182"}],"wp:term":[{"taxonomy":"product_brand","embeddable":true,"href":"https:\/\/wein-werte.com\/de\/wp-json\/wp\/v2\/product_brand?post=1135182"},{"taxonomy":"product_cat","embeddable":true,"href":"https:\/\/wein-werte.com\/de\/wp-json\/wp\/v2\/product_cat?post=1135182"},{"taxonomy":"product_tag","embeddable":true,"href":"https:\/\/wein-werte.com\/de\/wp-json\/wp\/v2\/product_tag?post=1135182"}],"curies":[{"name":"wp","href":"https:\/\/api.w.org\/{rel}","templated":true}]}}