{"id":1135179,"date":"2026-05-05T18:32:09","date_gmt":"2026-05-05T16:32:09","guid":{"rendered":"https:\/\/wein-werte.com\/product\/zind-humbrecht-riesling-rangen-de-thann-clos-saint-urbain-grand-cru-2015-1500ml\/"},"modified":"2026-04-27T12:04:01","modified_gmt":"2026-04-27T10:04:01","slug":"zind-humbrecht-riesling-rangen-de-thann-clos-saint-urbain-grand-cru-2015-1500ml","status":"publish","type":"product","link":"https:\/\/wein-werte.com\/de\/produkt\/zind-humbrecht-riesling-rangen-de-thann-clos-saint-urbain-grand-cru-2015-1500ml\/","title":{"rendered":"Zind-Humbrecht | Elsass | Riesling Rangen de Thann Clos-Saint-Urbain Grand Cru | 2015 | 1500ml | bio"},"content":{"rendered":"<p>Produktbeschreibung f\u00fcr Zind-Humbrecht Riesling Rangen de Thann Clos-Saint-Urbain Grand Cru 2015 (bio)<\/p>\n<p> Die Domaine Zind-Humbrecht ist unter diesem Namen im Jahr 1959 anl\u00e4sslich der Hochzeit von L\u00e9onard Humbrecht mit Genevi\u00e8ve Zind und aus der Vereinigung der beiden Weing\u00fcter Humbrecht in Gueberschwihr und Zind in Wintzenheim entstanden. Die Familie Humbrecht hat bereits zur Zeit des Drei\u00dfigj\u00e4hrigen Krieges (1618-1648) Wein erzeugt. Die Domaine Zind-Humbrecht, die Anfang der 1960er Jahre noch weniger als f\u00fcnf Hektar umfasste, wuchs bis Mitte der 1990er Jahre auf vierzig Hektar an. Dazu geh\u00f6ren Parzellen in Grand\u00a0Cru-Lagen wie Rangen (Thann) oder Brand (Turckheim). 1989 \u00fcbernahm Olivier das Weingut. Der erste Master of Wine in der Familie hat das Weingut 1999 auf biodynamische Bewirtschaftung umgestellt und ist au\u00dferdem Vorsitzender von Biodyvin. Die Weine werden heute allesamt in gro\u00dfen F\u00e4ssern mit langem Hefelager erzeugt. Botrytis kommt in den trockenen Weinen nicht vor. <\/p>\n<p>Copyright Vinaturel 2025<\/p>\n<p>Keywords: <a href=\"https:\/\/wein-werte.com\/de\/shop\/?swoof=1&#038;pa_producer=Zind-Humbrecht\">Zind-Humbrecht<\/a> <a href=\"https:\/\/wein-werte.com\/de\/shop\/?swoof=1&#038;woof_text=Riesling Rangen de Thann Clos-Saint-Urbain Grand Cru\">Riesling Rangen de Thann Clos-Saint-Urbain Grand Cru<\/a> 2015 bio <a href=\"https:\/\/wein-werte.com\/de\/shop\/?swoof=1&#038;pa_region=Elsass\">Elsass<\/a> <a href=\"https:\/\/wein-werte.com\/de\/shop\/?swoof=1&#038;pa_country=Frankreich\">Frankreich<\/a><\/p>\n<h3>Wine Advocate<\/h3>\n<p>Punkte: 96<\/p>\n<p>Der Riesling Clos Saint-Urbain Rangen de Thann 2015 er\u00f6ffnet mit einem klaren, reinen, steinigen, recht kernigen und konzentrierten, aber nicht wirklich fruchtigen oder zumindest saftigen Aroma. Der 2015er ist steinig, salzig und dicht sowie aromatisch, aber dennoch spezifisch in seinen Zitronenschalennoten. \u201eAb Mitte Juni stiegen die Temperaturen deutlich an und erreichten Anfang Juli ihren H\u00f6hepunkt mit 38 bis 39 Grad Celsius f\u00fcr viele Tage, zu viele Tage\u201c, notierte Olivier Humbrecht in seinem Jahrgangsbericht. \u201eDer fehlende Regen und die extreme Hitze verursachten Wasserstressprobleme, die zu vielen verbrannten Bl\u00e4ttern und Trauben f\u00fchrten. Tats\u00e4chlich richteten die Sonnenstrahlen mehr Sch\u00e4den an als die D\u00fcrre\u201c, fuhr er fort. Infolgedessen blieben die Beeren \u201esehr klein und erreichten nicht ihre normale Gr\u00f6\u00dfe\u201c. Von Ende Juli bis Ende August brachten einige Regenf\u00e4lle etwas Leben in die Weinberge zur\u00fcck, insbesondere im S\u00fcdelsass, wo der Rangen liegt. \u201eDiese vereinzelten Regenschauer erkl\u00e4ren die Heterogenit\u00e4t im Elsass.\u201c Am Gaumen pr\u00e4sentiert sich der Rangen Riesling 2015 bemerkenswert vital und frisch, ja sogar nerv\u00f6s, mit konzentrierter, stets zitrusartiger Frucht und einem straffen, kernigen, statt finessenreichen und saftigen Charakter. Der Abgang ist rein, straff, salzig und im positiven Sinne adstringierend und j\u00fcnger als der des leicht \u00e4hnlichen 2019er. Der 2015er scheint noch auf dem Weg zu sein und pr\u00e4sentiert sich als noch pubertierender Jahrgang. Abgef\u00fcllt im Februar 2027 mit 13,2 % Alkohol. Verkostet in der Pfalz im Rahmen der Vertikalen im November 2023 und erneut im M\u00e4rz 2024.<br \/>Stephan Reinhardt<\/p>\n<p>Internetseite des Weinguts: <a href=\"http:\/\/www.zindhumbrecht.fr\/\" target=\"_blank\">http:\/\/www.zindhumbrecht.fr\/<\/a><\/p>\n","protected":false},"excerpt":{"rendered":"<p>Lieferzeit: 1 bis 2 Arbeitstage (DE), 2 bis 5 Arbeitstage (EU and CH)<\/p>\n","protected":false},"featured_media":1145210,"template":"","meta":[],"product_brand":[],"product_cat":[19],"product_tag":[],"class_list":{"0":"post-1135179","1":"product","2":"type-product","3":"status-publish","4":"has-post-thumbnail","6":"product_cat-unkategorisiert","7":"pa_alcohol-for-filter-12897","8":"pa_certified-biodynamic-ja-de","9":"pa_certified-organic-ja-de","10":"pa_colour-weiss","11":"pa_country-frankreich","12":"pa_grape-riesling","13":"pa_parker-points-for-filter-96-de-2","14":"pa_price-for-filter-10692","15":"pa_producer-zind-humbrecht","16":"pa_region-elsass","17":"pa_size-ml-6657","18":"pa_sweetness-trocken-de","19":"pa_type-2-still-de","20":"pa_vintage-2015-de","21":"entry","22":"has-media","24":"first","25":"instock","26":"taxable","27":"shipping-taxable","28":"purchasable","29":"product-type-simple"},"yoast_head":"<!-- This site is optimized with the Yoast SEO plugin v27.5 - https:\/\/yoast.com\/product\/yoast-seo-wordpress\/ -->\n<title>Zind-Humbrecht Riesling Rangen de Thann Clos-Saint-Urbain Grand Cru 2015, 1500ml<\/title>\n<meta name=\"description\" content=\"Kaufe Zind-Humbrecht Riesling Rangen de Thann Clos-Saint-Urbain Grand Cru 2015 (Riesling, trocken aus Elsass, Frankreich) bei Wein Werte, Ihrem nachhaltigen Onlineshop.\" \/>\n<meta name=\"robots\" content=\"index, follow, max-snippet:-1, max-image-preview:large, max-video-preview:-1\" \/>\n<link rel=\"canonical\" href=\"https:\/\/wein-werte.com\/de\/produkt\/zind-humbrecht-riesling-rangen-de-thann-clos-saint-urbain-grand-cru-2015-1500ml\/\" \/>\n<meta property=\"og:locale\" content=\"de_DE\" \/>\n<meta property=\"og:type\" content=\"article\" \/>\n<meta property=\"og:title\" content=\"Zind-Humbrecht Riesling Rangen de Thann Clos-Saint-Urbain Grand Cru 2015, 1500ml\" \/>\n<meta property=\"og:description\" content=\"Kaufe Zind-Humbrecht Riesling Rangen de Thann Clos-Saint-Urbain Grand Cru 2015 (Riesling, trocken aus Elsass, Frankreich) bei Wein Werte, Ihrem nachhaltigen Onlineshop.\" \/>\n<meta property=\"og:url\" content=\"https:\/\/wein-werte.com\/de\/produkt\/zind-humbrecht-riesling-rangen-de-thann-clos-saint-urbain-grand-cru-2015-1500ml\/\" \/>\n<meta property=\"og:site_name\" content=\"Wein Werte\" \/>\n<meta property=\"og:image\" content=\"https:\/\/wein-werte.com\/wp-content\/uploads\/2026\/04\/Zind-Humbrecht-Riesling-Rangen-de-Thann-Clos-Saint-Urbain-Grand-Cru-2015-1500ml.png\" \/>\n\t<meta property=\"og:image:width\" content=\"230\" \/>\n\t<meta property=\"og:image:height\" content=\"1200\" \/>\n\t<meta property=\"og:image:type\" content=\"image\/png\" \/>\n<meta name=\"twitter:card\" content=\"summary_large_image\" \/>\n<meta name=\"twitter:label1\" content=\"Gesch\u00e4tzte Lesezeit\" \/>\n\t<meta name=\"twitter:data1\" content=\"2\u00a0Minuten\" \/>\n<script type=\"application\/ld+json\" class=\"yoast-schema-graph\">{\"@context\":\"https:\\\/\\\/schema.org\",\"@graph\":[{\"@type\":\"WebPage\",\"@id\":\"https:\\\/\\\/wein-werte.com\\\/de\\\/produkt\\\/zind-humbrecht-riesling-rangen-de-thann-clos-saint-urbain-grand-cru-2015-1500ml\\\/\",\"url\":\"https:\\\/\\\/wein-werte.com\\\/de\\\/produkt\\\/zind-humbrecht-riesling-rangen-de-thann-clos-saint-urbain-grand-cru-2015-1500ml\\\/\",\"name\":\"Zind-Humbrecht Riesling Rangen de Thann Clos-Saint-Urbain Grand Cru 2015, 1500ml\",\"isPartOf\":{\"@id\":\"https:\\\/\\\/wein-werte.com\\\/de\\\/#website\"},\"primaryImageOfPage\":{\"@id\":\"https:\\\/\\\/wein-werte.com\\\/de\\\/produkt\\\/zind-humbrecht-riesling-rangen-de-thann-clos-saint-urbain-grand-cru-2015-1500ml\\\/#primaryimage\"},\"image\":{\"@id\":\"https:\\\/\\\/wein-werte.com\\\/de\\\/produkt\\\/zind-humbrecht-riesling-rangen-de-thann-clos-saint-urbain-grand-cru-2015-1500ml\\\/#primaryimage\"},\"thumbnailUrl\":\"https:\\\/\\\/wein-werte.com\\\/wp-content\\\/uploads\\\/2026\\\/04\\\/Zind-Humbrecht-Riesling-Rangen-de-Thann-Clos-Saint-Urbain-Grand-Cru-2015-1500ml.png\",\"datePublished\":\"2026-05-05T16:32:09+00:00\",\"description\":\"Kaufe Zind-Humbrecht Riesling Rangen de Thann Clos-Saint-Urbain Grand Cru 2015 (Riesling, trocken aus Elsass, Frankreich) bei Wein Werte, Ihrem nachhaltigen Onlineshop.\",\"breadcrumb\":{\"@id\":\"https:\\\/\\\/wein-werte.com\\\/de\\\/produkt\\\/zind-humbrecht-riesling-rangen-de-thann-clos-saint-urbain-grand-cru-2015-1500ml\\\/#breadcrumb\"},\"inLanguage\":\"de\",\"potentialAction\":[{\"@type\":\"ReadAction\",\"target\":[\"https:\\\/\\\/wein-werte.com\\\/de\\\/produkt\\\/zind-humbrecht-riesling-rangen-de-thann-clos-saint-urbain-grand-cru-2015-1500ml\\\/\"]}]},{\"@type\":\"ImageObject\",\"inLanguage\":\"de\",\"@id\":\"https:\\\/\\\/wein-werte.com\\\/de\\\/produkt\\\/zind-humbrecht-riesling-rangen-de-thann-clos-saint-urbain-grand-cru-2015-1500ml\\\/#primaryimage\",\"url\":\"https:\\\/\\\/wein-werte.com\\\/wp-content\\\/uploads\\\/2026\\\/04\\\/Zind-Humbrecht-Riesling-Rangen-de-Thann-Clos-Saint-Urbain-Grand-Cru-2015-1500ml.png\",\"contentUrl\":\"https:\\\/\\\/wein-werte.com\\\/wp-content\\\/uploads\\\/2026\\\/04\\\/Zind-Humbrecht-Riesling-Rangen-de-Thann-Clos-Saint-Urbain-Grand-Cru-2015-1500ml.png\",\"width\":230,\"height\":1200,\"caption\":\"Zind-Humbrecht Riesling Rangen de Thann Clos-Saint-Urbain Grand Cru 2015 1500ml\"},{\"@type\":\"BreadcrumbList\",\"@id\":\"https:\\\/\\\/wein-werte.com\\\/de\\\/produkt\\\/zind-humbrecht-riesling-rangen-de-thann-clos-saint-urbain-grand-cru-2015-1500ml\\\/#breadcrumb\",\"itemListElement\":[{\"@type\":\"ListItem\",\"position\":1,\"name\":\"Home\",\"item\":\"https:\\\/\\\/wein-werte.com\\\/de\\\/\"},{\"@type\":\"ListItem\",\"position\":2,\"name\":\"Shop\",\"item\":\"https:\\\/\\\/wein-werte.com\\\/de\\\/shop\\\/\"},{\"@type\":\"ListItem\",\"position\":3,\"name\":\"Zind-Humbrecht | Elsass | Riesling Rangen de Thann Clos-Saint-Urbain Grand Cru | 2015 | 1500ml | bio\"}]},{\"@type\":\"WebSite\",\"@id\":\"https:\\\/\\\/wein-werte.com\\\/de\\\/#website\",\"url\":\"https:\\\/\\\/wein-werte.com\\\/de\\\/\",\"name\":\"Wein Werte\",\"description\":\"\",\"publisher\":{\"@id\":\"https:\\\/\\\/wein-werte.com\\\/de\\\/#organization\"},\"potentialAction\":[{\"@type\":\"SearchAction\",\"target\":{\"@type\":\"EntryPoint\",\"urlTemplate\":\"https:\\\/\\\/wein-werte.com\\\/de\\\/?s={search_term_string}\"},\"query-input\":{\"@type\":\"PropertyValueSpecification\",\"valueRequired\":true,\"valueName\":\"search_term_string\"}}],\"inLanguage\":\"de\"},{\"@type\":\"Organization\",\"@id\":\"https:\\\/\\\/wein-werte.com\\\/de\\\/#organization\",\"name\":\"Vins Fins Thorrold\",\"url\":\"https:\\\/\\\/wein-werte.com\\\/de\\\/\",\"logo\":{\"@type\":\"ImageObject\",\"inLanguage\":\"de\",\"@id\":\"https:\\\/\\\/wein-werte.com\\\/de\\\/#\\\/schema\\\/logo\\\/image\\\/\",\"url\":\"https:\\\/\\\/wein-werte.com\\\/wp-content\\\/uploads\\\/2023\\\/07\\\/Wein_werte_Logo700-1.png\",\"contentUrl\":\"https:\\\/\\\/wein-werte.com\\\/wp-content\\\/uploads\\\/2023\\\/07\\\/Wein_werte_Logo700-1.png\",\"width\":700,\"height\":272,\"caption\":\"Vins Fins Thorrold\"},\"image\":{\"@id\":\"https:\\\/\\\/wein-werte.com\\\/de\\\/#\\\/schema\\\/logo\\\/image\\\/\"}}]}<\/script>\n<!-- \/ Yoast SEO plugin. -->","yoast_head_json":{"title":"Zind-Humbrecht Riesling Rangen de Thann Clos-Saint-Urbain Grand Cru 2015, 1500ml","description":"Kaufe Zind-Humbrecht Riesling Rangen de Thann Clos-Saint-Urbain Grand Cru 2015 (Riesling, trocken aus Elsass, Frankreich) bei Wein Werte, Ihrem nachhaltigen Onlineshop.","robots":{"index":"index","follow":"follow","max-snippet":"max-snippet:-1","max-image-preview":"max-image-preview:large","max-video-preview":"max-video-preview:-1"},"canonical":"https:\/\/wein-werte.com\/de\/produkt\/zind-humbrecht-riesling-rangen-de-thann-clos-saint-urbain-grand-cru-2015-1500ml\/","og_locale":"de_DE","og_type":"article","og_title":"Zind-Humbrecht Riesling Rangen de Thann Clos-Saint-Urbain Grand Cru 2015, 1500ml","og_description":"Kaufe Zind-Humbrecht Riesling Rangen de Thann Clos-Saint-Urbain Grand Cru 2015 (Riesling, trocken aus Elsass, Frankreich) bei Wein Werte, Ihrem nachhaltigen Onlineshop.","og_url":"https:\/\/wein-werte.com\/de\/produkt\/zind-humbrecht-riesling-rangen-de-thann-clos-saint-urbain-grand-cru-2015-1500ml\/","og_site_name":"Wein Werte","og_image":[{"width":230,"height":1200,"url":"https:\/\/wein-werte.com\/wp-content\/uploads\/2026\/04\/Zind-Humbrecht-Riesling-Rangen-de-Thann-Clos-Saint-Urbain-Grand-Cru-2015-1500ml.png","type":"image\/png"}],"twitter_card":"summary_large_image","twitter_misc":{"Gesch\u00e4tzte Lesezeit":"2\u00a0Minuten"},"schema":{"@context":"https:\/\/schema.org","@graph":[{"@type":"WebPage","@id":"https:\/\/wein-werte.com\/de\/produkt\/zind-humbrecht-riesling-rangen-de-thann-clos-saint-urbain-grand-cru-2015-1500ml\/","url":"https:\/\/wein-werte.com\/de\/produkt\/zind-humbrecht-riesling-rangen-de-thann-clos-saint-urbain-grand-cru-2015-1500ml\/","name":"Zind-Humbrecht Riesling Rangen de Thann Clos-Saint-Urbain Grand Cru 2015, 1500ml","isPartOf":{"@id":"https:\/\/wein-werte.com\/de\/#website"},"primaryImageOfPage":{"@id":"https:\/\/wein-werte.com\/de\/produkt\/zind-humbrecht-riesling-rangen-de-thann-clos-saint-urbain-grand-cru-2015-1500ml\/#primaryimage"},"image":{"@id":"https:\/\/wein-werte.com\/de\/produkt\/zind-humbrecht-riesling-rangen-de-thann-clos-saint-urbain-grand-cru-2015-1500ml\/#primaryimage"},"thumbnailUrl":"https:\/\/wein-werte.com\/wp-content\/uploads\/2026\/04\/Zind-Humbrecht-Riesling-Rangen-de-Thann-Clos-Saint-Urbain-Grand-Cru-2015-1500ml.png","datePublished":"2026-05-05T16:32:09+00:00","description":"Kaufe Zind-Humbrecht Riesling Rangen de Thann Clos-Saint-Urbain Grand Cru 2015 (Riesling, trocken aus Elsass, Frankreich) bei Wein Werte, Ihrem nachhaltigen Onlineshop.","breadcrumb":{"@id":"https:\/\/wein-werte.com\/de\/produkt\/zind-humbrecht-riesling-rangen-de-thann-clos-saint-urbain-grand-cru-2015-1500ml\/#breadcrumb"},"inLanguage":"de","potentialAction":[{"@type":"ReadAction","target":["https:\/\/wein-werte.com\/de\/produkt\/zind-humbrecht-riesling-rangen-de-thann-clos-saint-urbain-grand-cru-2015-1500ml\/"]}]},{"@type":"ImageObject","inLanguage":"de","@id":"https:\/\/wein-werte.com\/de\/produkt\/zind-humbrecht-riesling-rangen-de-thann-clos-saint-urbain-grand-cru-2015-1500ml\/#primaryimage","url":"https:\/\/wein-werte.com\/wp-content\/uploads\/2026\/04\/Zind-Humbrecht-Riesling-Rangen-de-Thann-Clos-Saint-Urbain-Grand-Cru-2015-1500ml.png","contentUrl":"https:\/\/wein-werte.com\/wp-content\/uploads\/2026\/04\/Zind-Humbrecht-Riesling-Rangen-de-Thann-Clos-Saint-Urbain-Grand-Cru-2015-1500ml.png","width":230,"height":1200,"caption":"Zind-Humbrecht Riesling Rangen de Thann Clos-Saint-Urbain Grand Cru 2015 1500ml"},{"@type":"BreadcrumbList","@id":"https:\/\/wein-werte.com\/de\/produkt\/zind-humbrecht-riesling-rangen-de-thann-clos-saint-urbain-grand-cru-2015-1500ml\/#breadcrumb","itemListElement":[{"@type":"ListItem","position":1,"name":"Home","item":"https:\/\/wein-werte.com\/de\/"},{"@type":"ListItem","position":2,"name":"Shop","item":"https:\/\/wein-werte.com\/de\/shop\/"},{"@type":"ListItem","position":3,"name":"Zind-Humbrecht | Elsass | Riesling Rangen de Thann Clos-Saint-Urbain Grand Cru | 2015 | 1500ml | bio"}]},{"@type":"WebSite","@id":"https:\/\/wein-werte.com\/de\/#website","url":"https:\/\/wein-werte.com\/de\/","name":"Wein Werte","description":"","publisher":{"@id":"https:\/\/wein-werte.com\/de\/#organization"},"potentialAction":[{"@type":"SearchAction","target":{"@type":"EntryPoint","urlTemplate":"https:\/\/wein-werte.com\/de\/?s={search_term_string}"},"query-input":{"@type":"PropertyValueSpecification","valueRequired":true,"valueName":"search_term_string"}}],"inLanguage":"de"},{"@type":"Organization","@id":"https:\/\/wein-werte.com\/de\/#organization","name":"Vins Fins Thorrold","url":"https:\/\/wein-werte.com\/de\/","logo":{"@type":"ImageObject","inLanguage":"de","@id":"https:\/\/wein-werte.com\/de\/#\/schema\/logo\/image\/","url":"https:\/\/wein-werte.com\/wp-content\/uploads\/2023\/07\/Wein_werte_Logo700-1.png","contentUrl":"https:\/\/wein-werte.com\/wp-content\/uploads\/2023\/07\/Wein_werte_Logo700-1.png","width":700,"height":272,"caption":"Vins Fins Thorrold"},"image":{"@id":"https:\/\/wein-werte.com\/de\/#\/schema\/logo\/image\/"}}]}},"_links":{"self":[{"href":"https:\/\/wein-werte.com\/de\/wp-json\/wp\/v2\/product\/1135179","targetHints":{"allow":["GET"]}}],"collection":[{"href":"https:\/\/wein-werte.com\/de\/wp-json\/wp\/v2\/product"}],"about":[{"href":"https:\/\/wein-werte.com\/de\/wp-json\/wp\/v2\/types\/product"}],"wp:featuredmedia":[{"embeddable":true,"href":"https:\/\/wein-werte.com\/de\/wp-json\/wp\/v2\/media\/1145210"}],"wp:attachment":[{"href":"https:\/\/wein-werte.com\/de\/wp-json\/wp\/v2\/media?parent=1135179"}],"wp:term":[{"taxonomy":"product_brand","embeddable":true,"href":"https:\/\/wein-werte.com\/de\/wp-json\/wp\/v2\/product_brand?post=1135179"},{"taxonomy":"product_cat","embeddable":true,"href":"https:\/\/wein-werte.com\/de\/wp-json\/wp\/v2\/product_cat?post=1135179"},{"taxonomy":"product_tag","embeddable":true,"href":"https:\/\/wein-werte.com\/de\/wp-json\/wp\/v2\/product_tag?post=1135179"}],"curies":[{"name":"wp","href":"https:\/\/api.w.org\/{rel}","templated":true}]}}