{"id":1135176,"date":"2026-04-27T13:33:08","date_gmt":"2026-04-27T11:33:08","guid":{"rendered":"https:\/\/wein-werte.com\/product\/zind-humbrecht-riesling-rangen-de-thann-clos-saint-urbain-grand-cru-2017-1500ml\/"},"modified":"2026-04-27T12:04:01","modified_gmt":"2026-04-27T10:04:01","slug":"zind-humbrecht-riesling-rangen-de-thann-clos-saint-urbain-grand-cru-2017-1500ml","status":"publish","type":"product","link":"https:\/\/wein-werte.com\/de\/produkt\/zind-humbrecht-riesling-rangen-de-thann-clos-saint-urbain-grand-cru-2017-1500ml\/","title":{"rendered":"Zind-Humbrecht | Elsass | Riesling Rangen de Thann Clos-Saint-Urbain Grand Cru | 2017 | 1500ml | bio"},"content":{"rendered":"<p>Produktbeschreibung f\u00fcr Zind-Humbrecht Riesling Rangen de Thann Clos-Saint-Urbain Grand Cru 2017 (bio)<\/p>\n<h5>Jahrgang<\/h5>\n<p>Der Jahrgang 2017 geht in die Geschichte dieses Weinguts ein. F\u00fcr Olivier Humbrecht geh\u00f6rt er zu den drei besten Jahrg\u00e4ngen seit der Gr\u00fcndung des Weinguts im Jahre 1959. Allerdings haben diesmal Frost und Hagel die Erntemenge im Durchschnitt auf unter 20 hl\/ha begrenzt. Nach einem fr\u00fchen Austrieb haben zwei K\u00e4ltewellen mit Minusgraden am 21. und 22. April auch solche Fl\u00e4chen dem Frost ausgesetzt, die eher gesch\u00fctzt liegen. Ein ungew\u00f6hnlich eiskalter Ostwind hat Reben in Weinbergen wie dem Herrenweg de Turckheim erfrieren lassen, die in den 60 Jahren, die Oliviers Vater miterlebt hat, nie erfroren sind. Ein Hagelschlag im Weinberg Brand blieb gl\u00fccklicherweise ohne gr\u00f6\u00dfere Folgen. Der Hochsommer war hei\u00df, der August milder, und die Lese begann am 29. August mit Pinot Gris Roche Roul\u00e9e, gefolgt von Terroirs wie Rotenberg, Heimbourg, Goldert \u2026 Ein kleiner Regen am 2. September beschleunigte die Reifung. Die Rieslinge wurden ab dem 11. September geerntet, und die Ernte wurde beendet mit Rangen, Hengst und Clos Jebsal am 26. September. Nur im Clos Jebsal gab es kleinere Anzeichen von Botrytis.<\/p>\n<p>\u00a0<\/p>\n<h5>Weinberg<\/h5>\n<p>Der Grand Cru du Rangen liegt zwar im s\u00fcdlichen Teil des Elsass, ist aber im Gegensatz zu den anderen Lagen dieser Region ein sp\u00e4tes, von vulkanischem Tuff und Grauwacke gepr\u00e4gtes Terroir. Die H\u00f6he des Weinbergs \u2013 sie liegt zwischen 350 und 475 Metern \u2013, die N\u00e4he zu Gipfeln wie dem Grand Ballon und das Eindringen des Thannertals f\u00fchren am Beginn der Saison zu Zugluft, die oft sehr kalt ist. Der Knospenaustrieb erfolgt sp\u00e4t, der Hang ist dem Wind ausgesetzt, die Luftzirkulation wird auch durch den steilen Hang des Weinbergs (durchschnittlich 90 %) gef\u00f6rdert. Dies erkl\u00e4rt, warum Rangen das einzige Terroir war, das 2017 fast keinen Ernteverlust erlitten hat. Trotz einer hohen Pflanzdichte, die selbst bei den mit 55 Jahren \u00e4ltesten Reben zu finden ist, bleibt die Ernte meist gering. Der vulkanische, an der Oberfl\u00e4che mit nur wenig Ton gemischte Boden fordert eine tiefe Bewurzelung, die mineralische Elemente aus ihm zieht, aber auch und vor allem eine sichere Wasserversorgung findet.<\/p>\n<p>\u00a0<\/p>\n<h5>Verg\u00e4rung<\/h5>\n<p>Der Wein verf\u00fcgt \u00fcber 4,2 g\/l Restzucker bei 3,8 g S\u00e4ure und einem pH-Wert von 3,15. Vergoren wurde \u00fcber wenige Monate. Die Erntemenge lag bei 19 hl\/ha.<\/p>\n<p>\u00a0<\/p>\n<h5>Farbe<\/h5>\n<p>intensives Goldgelb<\/p>\n<p>\u00a0<\/p>\n<h5>Nase<\/h5>\n<p>Der <i>2017er Grand Cru Rangen de Thann Clos Saint Urbain<\/i> \u00f6ffnet sich mit Noten von Schie\u00dfpulver, Rauch und Stein. Er wirkt noch ganz zur\u00fcckgenommen und mit seiner eigenen Entwicklung besch\u00e4ftigt. Er verl\u00e4sst gerade erst das reduktive Stadium und ben\u00f6tigt daher noch etwas Zeit. Bei den Humbrechts wird er nicht vor 2022 ge\u00f6ffnet werden. Mit viel Luft mischen sich Rauch und nasser Stein mit ebenfalls noch k\u00fchler, aber reifer Frucht und einigen w\u00fcrzig medizinischen Noten, fast so, als w\u00e4re etwas Jod mit im Spiel.<\/p>\n<p>\u00a0<\/p>\n<h5>Mund<\/h5>\n<p>Am Gaumen ist seine Gr\u00f6\u00dfe direkt zu erahnen, auch wenn die ganze Tiefe und Kraft gleichsam noch hinter einer Dunstglocke h\u00e4ngt. Daf\u00fcr aber ist schon vieles pr\u00e4sent und klar, die floralen Noten beispielsweise, die man zuerst am Gaumen erhascht. Diese Bl\u00fcten wirken zun\u00e4chst wie frisch gepfl\u00fcckt. Sp\u00e4ter aber, wenn der Wein \u00fcber die Zunge wandert, wirken sie immer mehr wie bei einem Aufguss, erg\u00e4nzt durch W\u00fcrze, salzigen Stein, ein helles Fruchtkonzentrat und eine zweifellos vorhandene Tanninstruktur. Die S\u00e4ure ist vom ersten Moment an pr\u00e4sent und zieht den Riesling mit sich. Nun offenbart sich die pure Kraft, die grenzenlos scheinende Energie, dieses Pendeln zwischen Himmel und Erde, die tiefe Verwurzelung im vulkanischen Gestein und das Streben zum Himmel. Das mag religi\u00f6s klingen, aber so empfinden wir es. Der Wein ist erhaben, pur, schwebend, zeitlos und unglaublich klar sowie transparent. Das ist schon heute ein gro\u00dfer Riesling, aber einer mit gr\u00f6\u00dftem Potential f\u00fcr die Zukunft.<\/p>\n<p>Copyright Vinaturel 2025<\/p>\n<p>Keywords: <a href=\"https:\/\/wein-werte.com\/de\/shop\/?swoof=1&#038;pa_producer=Zind-Humbrecht\">Zind-Humbrecht<\/a> <a href=\"https:\/\/wein-werte.com\/de\/shop\/?swoof=1&#038;woof_text=Riesling Rangen de Thann Clos-Saint-Urbain Grand Cru\">Riesling Rangen de Thann Clos-Saint-Urbain Grand Cru<\/a> 2017 bio <a href=\"https:\/\/wein-werte.com\/de\/shop\/?swoof=1&#038;pa_region=Elsass\">Elsass<\/a> <a href=\"https:\/\/wein-werte.com\/de\/shop\/?swoof=1&#038;pa_country=Frankreich\">Frankreich<\/a><\/p>\n<h3>Wine Advocate<\/h3>\n<p>Punkte: 97<\/p>\n<p>\u201eDas erh\u00f6hte Risiko von Fr\u00fchjahrsfr\u00f6sten ist wahrscheinlich die sch\u00e4dlichste Folge der globalen Erw\u00e4rmung im Weinbau\u201c, res\u00fcmierte Olivier Humbrecht den Jahrgang 2017, der in der Nacht vom 21. auf den 22. April kaum vom Frost betroffen war. \u201eEine stark vom Frost betroffene Rebe braucht auch lange, um sich von dem Schock zu erholen\u201c, f\u00fcgte er hinzu und wies darauf hin, dass \u201edas Wachstum der ruhenden Knospen erst im Mai begann, wodurch die Reben nur \u00fcber wenige Energiequellen verf\u00fcgten.\u201c Hitze und Trockenheit im Sommer und eine relativ fr\u00fche Lese, die im Rangen Ende September abgeschlossen war, machten 2017 zu einem hervorragenden Jahrgang mit klarem und konzentriertem Charakter. Der sehr ertragsarme (19 Hektoliter pro Hektar), intensiv gelb gef\u00e4rbte Riesling Clos Saint-Urbain Rangen de Thann 2017 er\u00f6ffnet mit einem intensiven, aber reinen, bemerkenswert k\u00fchlen und konzentrierten Bouquet von reifen und w\u00fcrzigen gelben Fr\u00fcchten, vermischt mit floralen und kr\u00e4uterigen Aromen, wobei die Feuersteinnoten in diesem Jahr dezent bleiben. Vollmundig und reichhaltig, aber dennoch trocken und elegant am Gaumen, ist dies ein klassischer Rangen-Riesling mit feiner, aber lebendiger S\u00e4ure, angenehmen Tanninen und einem leicht trockenen, aber erfrischenden und gastronomischen, lebendig mineralischen Abgang. Der 2017er ist kein Wein, der bei Blindverkostungen gl\u00e4nzt, aber definitiv ein Riesling f\u00fcr K\u00f6che und Sommeliers, die wahrscheinlich gespannt sind, die perfekte Kombination zu finden, f\u00fcr die es, wie ich vermute, viele M\u00f6glichkeiten gibt. Der 2017er Rangen ist ein Klassiker und wahrscheinlich viel besser als bei der Ernte erwartet. Abgef\u00fcllt im Februar 2019 mit 13 % Alkohol und 4,2 Gramm Restzucker pro Liter, den wir \u00fcberhaupt nicht als \u201eS\u00fc\u00dfe\u201c empfinden. Der Wein schmeckt knochentrocken und wird zu jedem passenden Gericht geliebt. Verkostet in der Pfalz w\u00e4hrend der Rangen-Vertikaltour im November 2023 und erneut zu Hause im M\u00e4rz 2024.<br \/>Stephan Reinhardt<\/p>\n<p>Internetseite des Weinguts: <a href=\"http:\/\/www.zindhumbrecht.fr\/\" target=\"_blank\">http:\/\/www.zindhumbrecht.fr\/<\/a><\/p>\n","protected":false},"excerpt":{"rendered":"<p>Lieferzeit: 1 bis 2 Arbeitstage (DE), 2 bis 5 Arbeitstage (EU and CH)<\/p>\n","protected":false},"featured_media":1145208,"template":"","meta":[],"product_brand":[],"product_cat":[19],"product_tag":[],"class_list":{"0":"post-1135176","1":"product","2":"type-product","3":"status-publish","4":"has-post-thumbnail","6":"product_cat-unkategorisiert","7":"pa_alcohol-for-filter-12897","8":"pa_certified-biodynamic-ja-de","9":"pa_certified-organic-ja-de","10":"pa_colour-weiss","11":"pa_country-frankreich","12":"pa_grape-riesling","13":"pa_parker-points-for-filter-97-de-2","14":"pa_price-for-filter-10692","15":"pa_producer-zind-humbrecht","16":"pa_region-elsass","17":"pa_size-ml-6657","18":"pa_sweetness-trocken-de","19":"pa_type-2-still-de","20":"pa_vintage-2017-de","21":"entry","22":"has-media","24":"first","25":"instock","26":"taxable","27":"shipping-taxable","28":"purchasable","29":"product-type-simple"},"yoast_head":"<!-- This site is optimized with the Yoast SEO plugin v27.5 - https:\/\/yoast.com\/product\/yoast-seo-wordpress\/ -->\n<title>Zind-Humbrecht Riesling Rangen de Thann Clos-Saint-Urbain Grand Cru 2017, 1500ml<\/title>\n<meta name=\"description\" content=\"Kaufe Zind-Humbrecht Riesling Rangen de Thann Clos-Saint-Urbain Grand Cru 2017 (Riesling, trocken aus Elsass, Frankreich) bei Wein Werte, Ihrem nachhaltigen Onlineshop.\" \/>\n<meta name=\"robots\" content=\"index, follow, max-snippet:-1, max-image-preview:large, max-video-preview:-1\" \/>\n<link rel=\"canonical\" href=\"https:\/\/wein-werte.com\/de\/produkt\/zind-humbrecht-riesling-rangen-de-thann-clos-saint-urbain-grand-cru-2017-1500ml\/\" \/>\n<meta property=\"og:locale\" content=\"de_DE\" \/>\n<meta property=\"og:type\" content=\"article\" \/>\n<meta property=\"og:title\" content=\"Zind-Humbrecht Riesling Rangen de Thann Clos-Saint-Urbain Grand Cru 2017, 1500ml\" \/>\n<meta property=\"og:description\" content=\"Kaufe Zind-Humbrecht Riesling Rangen de Thann Clos-Saint-Urbain Grand Cru 2017 (Riesling, trocken aus Elsass, Frankreich) bei Wein Werte, Ihrem nachhaltigen Onlineshop.\" \/>\n<meta property=\"og:url\" content=\"https:\/\/wein-werte.com\/de\/produkt\/zind-humbrecht-riesling-rangen-de-thann-clos-saint-urbain-grand-cru-2017-1500ml\/\" \/>\n<meta property=\"og:site_name\" content=\"Wein Werte\" \/>\n<meta property=\"og:image\" content=\"https:\/\/wein-werte.com\/wp-content\/uploads\/2026\/04\/Zind-Humbrecht-Riesling-Rangen-de-Thann-Clos-Saint-Urbain-Grand-Cru-2017-1500ml.png\" \/>\n\t<meta property=\"og:image:width\" content=\"238\" \/>\n\t<meta property=\"og:image:height\" content=\"1200\" \/>\n\t<meta property=\"og:image:type\" content=\"image\/png\" \/>\n<meta name=\"twitter:card\" content=\"summary_large_image\" \/>\n<meta name=\"twitter:label1\" content=\"Gesch\u00e4tzte Lesezeit\" \/>\n\t<meta name=\"twitter:data1\" content=\"5\u00a0Minuten\" \/>\n<script type=\"application\/ld+json\" class=\"yoast-schema-graph\">{\"@context\":\"https:\\\/\\\/schema.org\",\"@graph\":[{\"@type\":\"WebPage\",\"@id\":\"https:\\\/\\\/wein-werte.com\\\/de\\\/produkt\\\/zind-humbrecht-riesling-rangen-de-thann-clos-saint-urbain-grand-cru-2017-1500ml\\\/\",\"url\":\"https:\\\/\\\/wein-werte.com\\\/de\\\/produkt\\\/zind-humbrecht-riesling-rangen-de-thann-clos-saint-urbain-grand-cru-2017-1500ml\\\/\",\"name\":\"Zind-Humbrecht Riesling Rangen de Thann Clos-Saint-Urbain Grand Cru 2017, 1500ml\",\"isPartOf\":{\"@id\":\"https:\\\/\\\/wein-werte.com\\\/de\\\/#website\"},\"primaryImageOfPage\":{\"@id\":\"https:\\\/\\\/wein-werte.com\\\/de\\\/produkt\\\/zind-humbrecht-riesling-rangen-de-thann-clos-saint-urbain-grand-cru-2017-1500ml\\\/#primaryimage\"},\"image\":{\"@id\":\"https:\\\/\\\/wein-werte.com\\\/de\\\/produkt\\\/zind-humbrecht-riesling-rangen-de-thann-clos-saint-urbain-grand-cru-2017-1500ml\\\/#primaryimage\"},\"thumbnailUrl\":\"https:\\\/\\\/wein-werte.com\\\/wp-content\\\/uploads\\\/2026\\\/04\\\/Zind-Humbrecht-Riesling-Rangen-de-Thann-Clos-Saint-Urbain-Grand-Cru-2017-1500ml.png\",\"datePublished\":\"2026-04-27T11:33:08+00:00\",\"description\":\"Kaufe Zind-Humbrecht Riesling Rangen de Thann Clos-Saint-Urbain Grand Cru 2017 (Riesling, trocken aus Elsass, Frankreich) bei Wein Werte, Ihrem nachhaltigen Onlineshop.\",\"breadcrumb\":{\"@id\":\"https:\\\/\\\/wein-werte.com\\\/de\\\/produkt\\\/zind-humbrecht-riesling-rangen-de-thann-clos-saint-urbain-grand-cru-2017-1500ml\\\/#breadcrumb\"},\"inLanguage\":\"de\",\"potentialAction\":[{\"@type\":\"ReadAction\",\"target\":[\"https:\\\/\\\/wein-werte.com\\\/de\\\/produkt\\\/zind-humbrecht-riesling-rangen-de-thann-clos-saint-urbain-grand-cru-2017-1500ml\\\/\"]}]},{\"@type\":\"ImageObject\",\"inLanguage\":\"de\",\"@id\":\"https:\\\/\\\/wein-werte.com\\\/de\\\/produkt\\\/zind-humbrecht-riesling-rangen-de-thann-clos-saint-urbain-grand-cru-2017-1500ml\\\/#primaryimage\",\"url\":\"https:\\\/\\\/wein-werte.com\\\/wp-content\\\/uploads\\\/2026\\\/04\\\/Zind-Humbrecht-Riesling-Rangen-de-Thann-Clos-Saint-Urbain-Grand-Cru-2017-1500ml.png\",\"contentUrl\":\"https:\\\/\\\/wein-werte.com\\\/wp-content\\\/uploads\\\/2026\\\/04\\\/Zind-Humbrecht-Riesling-Rangen-de-Thann-Clos-Saint-Urbain-Grand-Cru-2017-1500ml.png\",\"width\":238,\"height\":1200,\"caption\":\"Zind-Humbrecht Riesling Rangen de Thann Clos-Saint-Urbain Grand Cru 2017 1500ml\"},{\"@type\":\"BreadcrumbList\",\"@id\":\"https:\\\/\\\/wein-werte.com\\\/de\\\/produkt\\\/zind-humbrecht-riesling-rangen-de-thann-clos-saint-urbain-grand-cru-2017-1500ml\\\/#breadcrumb\",\"itemListElement\":[{\"@type\":\"ListItem\",\"position\":1,\"name\":\"Home\",\"item\":\"https:\\\/\\\/wein-werte.com\\\/de\\\/\"},{\"@type\":\"ListItem\",\"position\":2,\"name\":\"Shop\",\"item\":\"https:\\\/\\\/wein-werte.com\\\/de\\\/shop\\\/\"},{\"@type\":\"ListItem\",\"position\":3,\"name\":\"Zind-Humbrecht | Elsass | Riesling Rangen de Thann Clos-Saint-Urbain Grand Cru | 2017 | 1500ml | bio\"}]},{\"@type\":\"WebSite\",\"@id\":\"https:\\\/\\\/wein-werte.com\\\/de\\\/#website\",\"url\":\"https:\\\/\\\/wein-werte.com\\\/de\\\/\",\"name\":\"Wein Werte\",\"description\":\"\",\"publisher\":{\"@id\":\"https:\\\/\\\/wein-werte.com\\\/de\\\/#organization\"},\"potentialAction\":[{\"@type\":\"SearchAction\",\"target\":{\"@type\":\"EntryPoint\",\"urlTemplate\":\"https:\\\/\\\/wein-werte.com\\\/de\\\/?s={search_term_string}\"},\"query-input\":{\"@type\":\"PropertyValueSpecification\",\"valueRequired\":true,\"valueName\":\"search_term_string\"}}],\"inLanguage\":\"de\"},{\"@type\":\"Organization\",\"@id\":\"https:\\\/\\\/wein-werte.com\\\/de\\\/#organization\",\"name\":\"Vins Fins Thorrold\",\"url\":\"https:\\\/\\\/wein-werte.com\\\/de\\\/\",\"logo\":{\"@type\":\"ImageObject\",\"inLanguage\":\"de\",\"@id\":\"https:\\\/\\\/wein-werte.com\\\/de\\\/#\\\/schema\\\/logo\\\/image\\\/\",\"url\":\"https:\\\/\\\/wein-werte.com\\\/wp-content\\\/uploads\\\/2023\\\/07\\\/Wein_werte_Logo700-1.png\",\"contentUrl\":\"https:\\\/\\\/wein-werte.com\\\/wp-content\\\/uploads\\\/2023\\\/07\\\/Wein_werte_Logo700-1.png\",\"width\":700,\"height\":272,\"caption\":\"Vins Fins Thorrold\"},\"image\":{\"@id\":\"https:\\\/\\\/wein-werte.com\\\/de\\\/#\\\/schema\\\/logo\\\/image\\\/\"}}]}<\/script>\n<!-- \/ Yoast SEO plugin. -->","yoast_head_json":{"title":"Zind-Humbrecht Riesling Rangen de Thann Clos-Saint-Urbain Grand Cru 2017, 1500ml","description":"Kaufe Zind-Humbrecht Riesling Rangen de Thann Clos-Saint-Urbain Grand Cru 2017 (Riesling, trocken aus Elsass, Frankreich) bei Wein Werte, Ihrem nachhaltigen Onlineshop.","robots":{"index":"index","follow":"follow","max-snippet":"max-snippet:-1","max-image-preview":"max-image-preview:large","max-video-preview":"max-video-preview:-1"},"canonical":"https:\/\/wein-werte.com\/de\/produkt\/zind-humbrecht-riesling-rangen-de-thann-clos-saint-urbain-grand-cru-2017-1500ml\/","og_locale":"de_DE","og_type":"article","og_title":"Zind-Humbrecht Riesling Rangen de Thann Clos-Saint-Urbain Grand Cru 2017, 1500ml","og_description":"Kaufe Zind-Humbrecht Riesling Rangen de Thann Clos-Saint-Urbain Grand Cru 2017 (Riesling, trocken aus Elsass, Frankreich) bei Wein Werte, Ihrem nachhaltigen Onlineshop.","og_url":"https:\/\/wein-werte.com\/de\/produkt\/zind-humbrecht-riesling-rangen-de-thann-clos-saint-urbain-grand-cru-2017-1500ml\/","og_site_name":"Wein Werte","og_image":[{"width":238,"height":1200,"url":"https:\/\/wein-werte.com\/wp-content\/uploads\/2026\/04\/Zind-Humbrecht-Riesling-Rangen-de-Thann-Clos-Saint-Urbain-Grand-Cru-2017-1500ml.png","type":"image\/png"}],"twitter_card":"summary_large_image","twitter_misc":{"Gesch\u00e4tzte Lesezeit":"5\u00a0Minuten"},"schema":{"@context":"https:\/\/schema.org","@graph":[{"@type":"WebPage","@id":"https:\/\/wein-werte.com\/de\/produkt\/zind-humbrecht-riesling-rangen-de-thann-clos-saint-urbain-grand-cru-2017-1500ml\/","url":"https:\/\/wein-werte.com\/de\/produkt\/zind-humbrecht-riesling-rangen-de-thann-clos-saint-urbain-grand-cru-2017-1500ml\/","name":"Zind-Humbrecht Riesling Rangen de Thann Clos-Saint-Urbain Grand Cru 2017, 1500ml","isPartOf":{"@id":"https:\/\/wein-werte.com\/de\/#website"},"primaryImageOfPage":{"@id":"https:\/\/wein-werte.com\/de\/produkt\/zind-humbrecht-riesling-rangen-de-thann-clos-saint-urbain-grand-cru-2017-1500ml\/#primaryimage"},"image":{"@id":"https:\/\/wein-werte.com\/de\/produkt\/zind-humbrecht-riesling-rangen-de-thann-clos-saint-urbain-grand-cru-2017-1500ml\/#primaryimage"},"thumbnailUrl":"https:\/\/wein-werte.com\/wp-content\/uploads\/2026\/04\/Zind-Humbrecht-Riesling-Rangen-de-Thann-Clos-Saint-Urbain-Grand-Cru-2017-1500ml.png","datePublished":"2026-04-27T11:33:08+00:00","description":"Kaufe Zind-Humbrecht Riesling Rangen de Thann Clos-Saint-Urbain Grand Cru 2017 (Riesling, trocken aus Elsass, Frankreich) bei Wein Werte, Ihrem nachhaltigen Onlineshop.","breadcrumb":{"@id":"https:\/\/wein-werte.com\/de\/produkt\/zind-humbrecht-riesling-rangen-de-thann-clos-saint-urbain-grand-cru-2017-1500ml\/#breadcrumb"},"inLanguage":"de","potentialAction":[{"@type":"ReadAction","target":["https:\/\/wein-werte.com\/de\/produkt\/zind-humbrecht-riesling-rangen-de-thann-clos-saint-urbain-grand-cru-2017-1500ml\/"]}]},{"@type":"ImageObject","inLanguage":"de","@id":"https:\/\/wein-werte.com\/de\/produkt\/zind-humbrecht-riesling-rangen-de-thann-clos-saint-urbain-grand-cru-2017-1500ml\/#primaryimage","url":"https:\/\/wein-werte.com\/wp-content\/uploads\/2026\/04\/Zind-Humbrecht-Riesling-Rangen-de-Thann-Clos-Saint-Urbain-Grand-Cru-2017-1500ml.png","contentUrl":"https:\/\/wein-werte.com\/wp-content\/uploads\/2026\/04\/Zind-Humbrecht-Riesling-Rangen-de-Thann-Clos-Saint-Urbain-Grand-Cru-2017-1500ml.png","width":238,"height":1200,"caption":"Zind-Humbrecht Riesling Rangen de Thann Clos-Saint-Urbain Grand Cru 2017 1500ml"},{"@type":"BreadcrumbList","@id":"https:\/\/wein-werte.com\/de\/produkt\/zind-humbrecht-riesling-rangen-de-thann-clos-saint-urbain-grand-cru-2017-1500ml\/#breadcrumb","itemListElement":[{"@type":"ListItem","position":1,"name":"Home","item":"https:\/\/wein-werte.com\/de\/"},{"@type":"ListItem","position":2,"name":"Shop","item":"https:\/\/wein-werte.com\/de\/shop\/"},{"@type":"ListItem","position":3,"name":"Zind-Humbrecht | Elsass | Riesling Rangen de Thann Clos-Saint-Urbain Grand Cru | 2017 | 1500ml | bio"}]},{"@type":"WebSite","@id":"https:\/\/wein-werte.com\/de\/#website","url":"https:\/\/wein-werte.com\/de\/","name":"Wein Werte","description":"","publisher":{"@id":"https:\/\/wein-werte.com\/de\/#organization"},"potentialAction":[{"@type":"SearchAction","target":{"@type":"EntryPoint","urlTemplate":"https:\/\/wein-werte.com\/de\/?s={search_term_string}"},"query-input":{"@type":"PropertyValueSpecification","valueRequired":true,"valueName":"search_term_string"}}],"inLanguage":"de"},{"@type":"Organization","@id":"https:\/\/wein-werte.com\/de\/#organization","name":"Vins Fins Thorrold","url":"https:\/\/wein-werte.com\/de\/","logo":{"@type":"ImageObject","inLanguage":"de","@id":"https:\/\/wein-werte.com\/de\/#\/schema\/logo\/image\/","url":"https:\/\/wein-werte.com\/wp-content\/uploads\/2023\/07\/Wein_werte_Logo700-1.png","contentUrl":"https:\/\/wein-werte.com\/wp-content\/uploads\/2023\/07\/Wein_werte_Logo700-1.png","width":700,"height":272,"caption":"Vins Fins Thorrold"},"image":{"@id":"https:\/\/wein-werte.com\/de\/#\/schema\/logo\/image\/"}}]}},"_links":{"self":[{"href":"https:\/\/wein-werte.com\/de\/wp-json\/wp\/v2\/product\/1135176","targetHints":{"allow":["GET"]}}],"collection":[{"href":"https:\/\/wein-werte.com\/de\/wp-json\/wp\/v2\/product"}],"about":[{"href":"https:\/\/wein-werte.com\/de\/wp-json\/wp\/v2\/types\/product"}],"wp:featuredmedia":[{"embeddable":true,"href":"https:\/\/wein-werte.com\/de\/wp-json\/wp\/v2\/media\/1145208"}],"wp:attachment":[{"href":"https:\/\/wein-werte.com\/de\/wp-json\/wp\/v2\/media?parent=1135176"}],"wp:term":[{"taxonomy":"product_brand","embeddable":true,"href":"https:\/\/wein-werte.com\/de\/wp-json\/wp\/v2\/product_brand?post=1135176"},{"taxonomy":"product_cat","embeddable":true,"href":"https:\/\/wein-werte.com\/de\/wp-json\/wp\/v2\/product_cat?post=1135176"},{"taxonomy":"product_tag","embeddable":true,"href":"https:\/\/wein-werte.com\/de\/wp-json\/wp\/v2\/product_tag?post=1135176"}],"curies":[{"name":"wp","href":"https:\/\/api.w.org\/{rel}","templated":true}]}}