{"id":1135153,"date":"2026-05-05T18:32:08","date_gmt":"2026-05-05T16:32:08","guid":{"rendered":"https:\/\/wein-werte.com\/product\/zind-humbrecht-gewurztraminer-clos-windsbuhl-2019-750ml\/"},"modified":"2026-04-27T12:03:58","modified_gmt":"2026-04-27T10:03:58","slug":"zind-humbrecht-gewurztraminer-clos-windsbuhl-2019-750ml","status":"publish","type":"product","link":"https:\/\/wein-werte.com\/de\/produkt\/zind-humbrecht-gewurztraminer-clos-windsbuhl-2019-750ml\/","title":{"rendered":"Zind-Humbrecht | Elsass | Gew\u00fcrztraminer Clos Windsbuhl | 2019 | 750ml | bio"},"content":{"rendered":"<p>Produktbeschreibung f\u00fcr Zind-Humbrecht Gew\u00fcrztraminer Clos Windsbuhl 2019 (bio) <\/p>\n<h5>Info zum Wein<\/h5>\n<p>Der Clos Windsbuhl liegt auf der H\u00f6he des Dorfes Hunawihr, auf einer sehr interessanten Kalksteingeologie, die in vielen der Spitzenweinberge der Gegend oft vorhanden ist. Der Muschelkalk ist ein kalkhaltiges Gestein aus der Trias-Zeit, das viele Muscheln enth\u00e4lt und reich an Magnesium ist. Er wird oft als &#8220;dolomitischer&#8221; Kalkstein bezeichnet. Der Mutterboden ist d\u00fcnn, die Reben wachsen schnell auf dem armen Muttergestein. Kalksteinb\u00f6den neigen dazu, &#8216;k\u00fchler&#8217; zu sein, aber nicht in dieser Lage. Die Hanglage und die Ausrichtung des Weinbergs bringen genug W\u00e4rme, damit sich der Boden f\u00fcr diese Rebsorte, die das braucht, ausreichend erw\u00e4rmen kann.<\/p>\n<h5>Info zum Ausbau<\/h5>\n<p>Da der Windsbuhl aber in h\u00f6herer Lage und nahe am Wald liegt, gibt es einen nat\u00fcrlichen k\u00fchleren Einfluss auf alle Weine. Der Gewurztraminer reift sehr gut, aber langsam und bleibt sehr elegant mit einer nat\u00fcrlich h\u00f6heren S\u00e4ure. Der 2019er g\u00e4rt langsam und beh\u00e4lt etwas S\u00fc\u00dfe. Er kann als Moelleux bezeichnet werde<\/p>\n<h5>Farbe<\/h5>\n<p>Leuchtendes, intensives Goldgelb.<\/p>\n<h5>Nase<\/h5>\n<p>Der 2019er Gewurztraminer Clos Windsbuhl zeigt s\u00fc\u00dfe Pflaumen, Birnen, saftige Ananas und Orangenkonfit\u00fcre und mutet zugleich k\u00fchl und kalkig an. Er besitzt gro\u00dfe Eleganz und mineralische Tiefe, die er am besten offenbart, nachdem man ihn karaffiert hat. Mit Sauerstoffkontakt treten feine Aromen von Koriander, getrocknetem Ingwer und Anis hinzu. Alles sehr fein ineinander verwoben, niemals aufdringlich.<\/p>\n<h5>Gaumen<\/h5>\n<p>Er tanzt f\u00f6rmlich am Gaumen, die k\u00fchlen Noten verbinden sich mit einer sehr pr\u00e4zisen S\u00e4ure, einer immensen Frische und viel Lebendigkeit. Seine feine S\u00fc\u00dfe ger\u00e4t immer mehr in den Hintergrund, aber sie verleiht ihm den gewissen Charme. Die feine Birnen- und Ananas-Frucht \u00fcberwiegt auf der Zunge. Salzige Pr\u00e4zision und ein s\u00fc\u00df-saures und aromatisches Feuerwerk. Ein echter Langstrecken L\u00e4ufer, der bereits jetzt gro\u00dfartig zu trinken ist und sich in ein paar Jahren noch gro\u00dfartiger zeigen wird. Ein Musterbeispiel f\u00fcr Eleganz, pures Umami!<\/p>\n<p>Dem Ungeduldigen, der ihn zum jetzigen Zeitpunkt \u00f6ffnen m\u00f6chte, sei geraten, ihn mindestens einen Tag vorher zu dekantieren und nicht zu kalt aus gro\u00dfen Burgundergl\u00e4sern zu genie\u00dfen.<\/p>\n<p>Copyright Vinaturel 2025<\/p>\n<p>Keywords: <a href=\"https:\/\/wein-werte.com\/de\/shop\/?swoof=1&#038;pa_producer=Zind-Humbrecht\">Zind-Humbrecht<\/a> <a href=\"https:\/\/wein-werte.com\/de\/shop\/?swoof=1&#038;woof_text=Gew\u00fcrztraminer Clos Windsbuhl\">Gew\u00fcrztraminer Clos Windsbuhl<\/a> 2019 bio <a href=\"https:\/\/wein-werte.com\/de\/shop\/?swoof=1&#038;pa_region=Elsass\">Elsass<\/a> <a href=\"https:\/\/wein-werte.com\/de\/shop\/?swoof=1&#038;pa_country=Frankreich\">Frankreich<\/a><\/p>\n<h3>Wine Advocate<\/h3>\n<p>Punkte: 95<\/p>\n<p>Der 2019er Clos Windsbuhl Hunawihr Gew\u00fcrztraminer stammt von 49 Jahre alten Rebst\u00f6cken auf dem kalkhaltigen Muschelkalk-Terroir hoch \u00fcber dem Dorf Hunawihr. Er ist tiefgr\u00fcndig, intensiv und aromatisch in der zun\u00e4chst m\u00e4\u00dfig fruchtigen und eher w\u00fcrzigen Nase, die nach der Bel\u00fcftung superaromatisch und fruchtintensiv wird und kalkige Terroir-Aromen mit tropischen Fruchtaromen vermischt, die an Ananas, Mango und saftige Melonen erinnern. Reichhaltig, aber elegant und raffiniert am Gaumen und mit einer gewissen Frische versehen, die auch mit der Bel\u00fcftung deutlicher wird. Dies ist ein recht s\u00fc\u00dfer, aber straffer und fein tanninhaltiger, nicht wirklich trockener, sondern eher trocken ablaufender Gew\u00fcrztraminer \u201emoelleux\u201c, der direkt aus der Flasche zur\u00fcckhaltend, ja sogar bissig ist, aber noch viel zu jung ist, obwohl er nach ein oder zwei Tagen Bel\u00fcftung vielversprechende Talente zeigt. 13,1 % Alkohol, davon 35,6 Gramm Restzucker pro Liter. Naturkorken. Verkostet im November 2024.<br \/>Stephan Reinhardt<\/p>\n<p>Internetseite des Weinguts: <a href=\"http:\/\/www.zindhumbrecht.fr\/\" target=\"_blank\">http:\/\/www.zindhumbrecht.fr\/<\/a><\/p>\n","protected":false},"excerpt":{"rendered":"<p>Lieferzeit: 1 bis 2 Arbeitstage (DE), 2 bis 5 Arbeitstage (EU and CH)<\/p>\n","protected":false},"featured_media":1145190,"template":"","meta":[],"product_brand":[],"product_cat":[19],"product_tag":[],"class_list":{"0":"post-1135153","1":"product","2":"type-product","3":"status-publish","4":"has-post-thumbnail","6":"product_cat-unkategorisiert","7":"pa_alcohol-for-filter-12897","8":"pa_certified-biodynamic-ja-de","9":"pa_certified-organic-ja-de","10":"pa_colour-weiss","11":"pa_country-frankreich","12":"pa_grape-gewurztraminer","13":"pa_parker-points-for-filter-95-de","14":"pa_price-for-filter-10572","15":"pa_producer-zind-humbrecht","16":"pa_region-elsass","17":"pa_size-ml-6584","18":"pa_sweetness-suess-de","19":"pa_type-2-still-de","20":"pa_vintage-2019-de","21":"entry","22":"has-media","24":"first","25":"instock","26":"taxable","27":"shipping-taxable","28":"purchasable","29":"product-type-simple"},"yoast_head":"<!-- This site is optimized with the Yoast SEO plugin v27.5 - https:\/\/yoast.com\/product\/yoast-seo-wordpress\/ -->\n<title>Zind-Humbrecht Gew\u00fcrztraminer Clos Windsbuhl 2019<\/title>\n<meta name=\"description\" content=\"Kaufe Zind-Humbrecht Gew\u00fcrztraminer Clos Windsbuhl 2019 (Gew\u00fcrztraminer, s\u00fc\u00df aus Elsass, Frankreich) bei Wein Werte, Ihrem nachhaltigen Onlineshop.\" \/>\n<meta name=\"robots\" content=\"index, follow, max-snippet:-1, max-image-preview:large, max-video-preview:-1\" \/>\n<link rel=\"canonical\" href=\"https:\/\/wein-werte.com\/de\/produkt\/zind-humbrecht-gewurztraminer-clos-windsbuhl-2019-750ml\/\" \/>\n<meta property=\"og:locale\" content=\"de_DE\" \/>\n<meta property=\"og:type\" content=\"article\" \/>\n<meta property=\"og:title\" content=\"Zind-Humbrecht Gew\u00fcrztraminer Clos Windsbuhl 2019\" \/>\n<meta property=\"og:description\" content=\"Kaufe Zind-Humbrecht Gew\u00fcrztraminer Clos Windsbuhl 2019 (Gew\u00fcrztraminer, s\u00fc\u00df aus Elsass, Frankreich) bei Wein Werte, Ihrem nachhaltigen Onlineshop.\" \/>\n<meta property=\"og:url\" content=\"https:\/\/wein-werte.com\/de\/produkt\/zind-humbrecht-gewurztraminer-clos-windsbuhl-2019-750ml\/\" \/>\n<meta property=\"og:site_name\" content=\"Wein Werte\" \/>\n<meta property=\"og:image\" content=\"https:\/\/wein-werte.com\/wp-content\/uploads\/2026\/04\/Zind-Humbrecht-Gewurztraminer-Clos-Windsbuhl-2019-750ml.png\" \/>\n\t<meta property=\"og:image:width\" content=\"273\" \/>\n\t<meta property=\"og:image:height\" content=\"1200\" \/>\n\t<meta property=\"og:image:type\" content=\"image\/png\" \/>\n<meta name=\"twitter:card\" content=\"summary_large_image\" \/>\n<meta name=\"twitter:label1\" content=\"Gesch\u00e4tzte Lesezeit\" \/>\n\t<meta name=\"twitter:data1\" content=\"3\u00a0Minuten\" \/>\n<script type=\"application\/ld+json\" class=\"yoast-schema-graph\">{\"@context\":\"https:\\\/\\\/schema.org\",\"@graph\":[{\"@type\":\"WebPage\",\"@id\":\"https:\\\/\\\/wein-werte.com\\\/de\\\/produkt\\\/zind-humbrecht-gewurztraminer-clos-windsbuhl-2019-750ml\\\/\",\"url\":\"https:\\\/\\\/wein-werte.com\\\/de\\\/produkt\\\/zind-humbrecht-gewurztraminer-clos-windsbuhl-2019-750ml\\\/\",\"name\":\"Zind-Humbrecht Gew\u00fcrztraminer Clos Windsbuhl 2019\",\"isPartOf\":{\"@id\":\"https:\\\/\\\/wein-werte.com\\\/de\\\/#website\"},\"primaryImageOfPage\":{\"@id\":\"https:\\\/\\\/wein-werte.com\\\/de\\\/produkt\\\/zind-humbrecht-gewurztraminer-clos-windsbuhl-2019-750ml\\\/#primaryimage\"},\"image\":{\"@id\":\"https:\\\/\\\/wein-werte.com\\\/de\\\/produkt\\\/zind-humbrecht-gewurztraminer-clos-windsbuhl-2019-750ml\\\/#primaryimage\"},\"thumbnailUrl\":\"https:\\\/\\\/wein-werte.com\\\/wp-content\\\/uploads\\\/2026\\\/04\\\/Zind-Humbrecht-Gewurztraminer-Clos-Windsbuhl-2019-750ml.png\",\"datePublished\":\"2026-05-05T16:32:08+00:00\",\"description\":\"Kaufe Zind-Humbrecht Gew\u00fcrztraminer Clos Windsbuhl 2019 (Gew\u00fcrztraminer, s\u00fc\u00df aus Elsass, Frankreich) bei Wein Werte, Ihrem nachhaltigen Onlineshop.\",\"breadcrumb\":{\"@id\":\"https:\\\/\\\/wein-werte.com\\\/de\\\/produkt\\\/zind-humbrecht-gewurztraminer-clos-windsbuhl-2019-750ml\\\/#breadcrumb\"},\"inLanguage\":\"de\",\"potentialAction\":[{\"@type\":\"ReadAction\",\"target\":[\"https:\\\/\\\/wein-werte.com\\\/de\\\/produkt\\\/zind-humbrecht-gewurztraminer-clos-windsbuhl-2019-750ml\\\/\"]}]},{\"@type\":\"ImageObject\",\"inLanguage\":\"de\",\"@id\":\"https:\\\/\\\/wein-werte.com\\\/de\\\/produkt\\\/zind-humbrecht-gewurztraminer-clos-windsbuhl-2019-750ml\\\/#primaryimage\",\"url\":\"https:\\\/\\\/wein-werte.com\\\/wp-content\\\/uploads\\\/2026\\\/04\\\/Zind-Humbrecht-Gewurztraminer-Clos-Windsbuhl-2019-750ml.png\",\"contentUrl\":\"https:\\\/\\\/wein-werte.com\\\/wp-content\\\/uploads\\\/2026\\\/04\\\/Zind-Humbrecht-Gewurztraminer-Clos-Windsbuhl-2019-750ml.png\",\"width\":273,\"height\":1200,\"caption\":\"Zind-Humbrecht Gew\u00fcrztraminer Clos Windsbuhl 2019 750ml\"},{\"@type\":\"BreadcrumbList\",\"@id\":\"https:\\\/\\\/wein-werte.com\\\/de\\\/produkt\\\/zind-humbrecht-gewurztraminer-clos-windsbuhl-2019-750ml\\\/#breadcrumb\",\"itemListElement\":[{\"@type\":\"ListItem\",\"position\":1,\"name\":\"Home\",\"item\":\"https:\\\/\\\/wein-werte.com\\\/de\\\/\"},{\"@type\":\"ListItem\",\"position\":2,\"name\":\"Shop\",\"item\":\"https:\\\/\\\/wein-werte.com\\\/de\\\/shop\\\/\"},{\"@type\":\"ListItem\",\"position\":3,\"name\":\"Zind-Humbrecht | Elsass | Gew\u00fcrztraminer Clos Windsbuhl | 2019 | 750ml | bio\"}]},{\"@type\":\"WebSite\",\"@id\":\"https:\\\/\\\/wein-werte.com\\\/de\\\/#website\",\"url\":\"https:\\\/\\\/wein-werte.com\\\/de\\\/\",\"name\":\"Wein Werte\",\"description\":\"\",\"publisher\":{\"@id\":\"https:\\\/\\\/wein-werte.com\\\/de\\\/#organization\"},\"potentialAction\":[{\"@type\":\"SearchAction\",\"target\":{\"@type\":\"EntryPoint\",\"urlTemplate\":\"https:\\\/\\\/wein-werte.com\\\/de\\\/?s={search_term_string}\"},\"query-input\":{\"@type\":\"PropertyValueSpecification\",\"valueRequired\":true,\"valueName\":\"search_term_string\"}}],\"inLanguage\":\"de\"},{\"@type\":\"Organization\",\"@id\":\"https:\\\/\\\/wein-werte.com\\\/de\\\/#organization\",\"name\":\"Vins Fins Thorrold\",\"url\":\"https:\\\/\\\/wein-werte.com\\\/de\\\/\",\"logo\":{\"@type\":\"ImageObject\",\"inLanguage\":\"de\",\"@id\":\"https:\\\/\\\/wein-werte.com\\\/de\\\/#\\\/schema\\\/logo\\\/image\\\/\",\"url\":\"https:\\\/\\\/wein-werte.com\\\/wp-content\\\/uploads\\\/2023\\\/07\\\/Wein_werte_Logo700-1.png\",\"contentUrl\":\"https:\\\/\\\/wein-werte.com\\\/wp-content\\\/uploads\\\/2023\\\/07\\\/Wein_werte_Logo700-1.png\",\"width\":700,\"height\":272,\"caption\":\"Vins Fins Thorrold\"},\"image\":{\"@id\":\"https:\\\/\\\/wein-werte.com\\\/de\\\/#\\\/schema\\\/logo\\\/image\\\/\"}}]}<\/script>\n<!-- \/ Yoast SEO plugin. -->","yoast_head_json":{"title":"Zind-Humbrecht Gew\u00fcrztraminer Clos Windsbuhl 2019","description":"Kaufe Zind-Humbrecht Gew\u00fcrztraminer Clos Windsbuhl 2019 (Gew\u00fcrztraminer, s\u00fc\u00df aus Elsass, Frankreich) bei Wein Werte, Ihrem nachhaltigen Onlineshop.","robots":{"index":"index","follow":"follow","max-snippet":"max-snippet:-1","max-image-preview":"max-image-preview:large","max-video-preview":"max-video-preview:-1"},"canonical":"https:\/\/wein-werte.com\/de\/produkt\/zind-humbrecht-gewurztraminer-clos-windsbuhl-2019-750ml\/","og_locale":"de_DE","og_type":"article","og_title":"Zind-Humbrecht Gew\u00fcrztraminer Clos Windsbuhl 2019","og_description":"Kaufe Zind-Humbrecht Gew\u00fcrztraminer Clos Windsbuhl 2019 (Gew\u00fcrztraminer, s\u00fc\u00df aus Elsass, Frankreich) bei Wein Werte, Ihrem nachhaltigen Onlineshop.","og_url":"https:\/\/wein-werte.com\/de\/produkt\/zind-humbrecht-gewurztraminer-clos-windsbuhl-2019-750ml\/","og_site_name":"Wein Werte","og_image":[{"width":273,"height":1200,"url":"https:\/\/wein-werte.com\/wp-content\/uploads\/2026\/04\/Zind-Humbrecht-Gewurztraminer-Clos-Windsbuhl-2019-750ml.png","type":"image\/png"}],"twitter_card":"summary_large_image","twitter_misc":{"Gesch\u00e4tzte Lesezeit":"3\u00a0Minuten"},"schema":{"@context":"https:\/\/schema.org","@graph":[{"@type":"WebPage","@id":"https:\/\/wein-werte.com\/de\/produkt\/zind-humbrecht-gewurztraminer-clos-windsbuhl-2019-750ml\/","url":"https:\/\/wein-werte.com\/de\/produkt\/zind-humbrecht-gewurztraminer-clos-windsbuhl-2019-750ml\/","name":"Zind-Humbrecht Gew\u00fcrztraminer Clos Windsbuhl 2019","isPartOf":{"@id":"https:\/\/wein-werte.com\/de\/#website"},"primaryImageOfPage":{"@id":"https:\/\/wein-werte.com\/de\/produkt\/zind-humbrecht-gewurztraminer-clos-windsbuhl-2019-750ml\/#primaryimage"},"image":{"@id":"https:\/\/wein-werte.com\/de\/produkt\/zind-humbrecht-gewurztraminer-clos-windsbuhl-2019-750ml\/#primaryimage"},"thumbnailUrl":"https:\/\/wein-werte.com\/wp-content\/uploads\/2026\/04\/Zind-Humbrecht-Gewurztraminer-Clos-Windsbuhl-2019-750ml.png","datePublished":"2026-05-05T16:32:08+00:00","description":"Kaufe Zind-Humbrecht Gew\u00fcrztraminer Clos Windsbuhl 2019 (Gew\u00fcrztraminer, s\u00fc\u00df aus Elsass, Frankreich) bei Wein Werte, Ihrem nachhaltigen Onlineshop.","breadcrumb":{"@id":"https:\/\/wein-werte.com\/de\/produkt\/zind-humbrecht-gewurztraminer-clos-windsbuhl-2019-750ml\/#breadcrumb"},"inLanguage":"de","potentialAction":[{"@type":"ReadAction","target":["https:\/\/wein-werte.com\/de\/produkt\/zind-humbrecht-gewurztraminer-clos-windsbuhl-2019-750ml\/"]}]},{"@type":"ImageObject","inLanguage":"de","@id":"https:\/\/wein-werte.com\/de\/produkt\/zind-humbrecht-gewurztraminer-clos-windsbuhl-2019-750ml\/#primaryimage","url":"https:\/\/wein-werte.com\/wp-content\/uploads\/2026\/04\/Zind-Humbrecht-Gewurztraminer-Clos-Windsbuhl-2019-750ml.png","contentUrl":"https:\/\/wein-werte.com\/wp-content\/uploads\/2026\/04\/Zind-Humbrecht-Gewurztraminer-Clos-Windsbuhl-2019-750ml.png","width":273,"height":1200,"caption":"Zind-Humbrecht Gew\u00fcrztraminer Clos Windsbuhl 2019 750ml"},{"@type":"BreadcrumbList","@id":"https:\/\/wein-werte.com\/de\/produkt\/zind-humbrecht-gewurztraminer-clos-windsbuhl-2019-750ml\/#breadcrumb","itemListElement":[{"@type":"ListItem","position":1,"name":"Home","item":"https:\/\/wein-werte.com\/de\/"},{"@type":"ListItem","position":2,"name":"Shop","item":"https:\/\/wein-werte.com\/de\/shop\/"},{"@type":"ListItem","position":3,"name":"Zind-Humbrecht | Elsass | Gew\u00fcrztraminer Clos Windsbuhl | 2019 | 750ml | bio"}]},{"@type":"WebSite","@id":"https:\/\/wein-werte.com\/de\/#website","url":"https:\/\/wein-werte.com\/de\/","name":"Wein Werte","description":"","publisher":{"@id":"https:\/\/wein-werte.com\/de\/#organization"},"potentialAction":[{"@type":"SearchAction","target":{"@type":"EntryPoint","urlTemplate":"https:\/\/wein-werte.com\/de\/?s={search_term_string}"},"query-input":{"@type":"PropertyValueSpecification","valueRequired":true,"valueName":"search_term_string"}}],"inLanguage":"de"},{"@type":"Organization","@id":"https:\/\/wein-werte.com\/de\/#organization","name":"Vins Fins Thorrold","url":"https:\/\/wein-werte.com\/de\/","logo":{"@type":"ImageObject","inLanguage":"de","@id":"https:\/\/wein-werte.com\/de\/#\/schema\/logo\/image\/","url":"https:\/\/wein-werte.com\/wp-content\/uploads\/2023\/07\/Wein_werte_Logo700-1.png","contentUrl":"https:\/\/wein-werte.com\/wp-content\/uploads\/2023\/07\/Wein_werte_Logo700-1.png","width":700,"height":272,"caption":"Vins Fins Thorrold"},"image":{"@id":"https:\/\/wein-werte.com\/de\/#\/schema\/logo\/image\/"}}]}},"_links":{"self":[{"href":"https:\/\/wein-werte.com\/de\/wp-json\/wp\/v2\/product\/1135153","targetHints":{"allow":["GET"]}}],"collection":[{"href":"https:\/\/wein-werte.com\/de\/wp-json\/wp\/v2\/product"}],"about":[{"href":"https:\/\/wein-werte.com\/de\/wp-json\/wp\/v2\/types\/product"}],"wp:featuredmedia":[{"embeddable":true,"href":"https:\/\/wein-werte.com\/de\/wp-json\/wp\/v2\/media\/1145190"}],"wp:attachment":[{"href":"https:\/\/wein-werte.com\/de\/wp-json\/wp\/v2\/media?parent=1135153"}],"wp:term":[{"taxonomy":"product_brand","embeddable":true,"href":"https:\/\/wein-werte.com\/de\/wp-json\/wp\/v2\/product_brand?post=1135153"},{"taxonomy":"product_cat","embeddable":true,"href":"https:\/\/wein-werte.com\/de\/wp-json\/wp\/v2\/product_cat?post=1135153"},{"taxonomy":"product_tag","embeddable":true,"href":"https:\/\/wein-werte.com\/de\/wp-json\/wp\/v2\/product_tag?post=1135153"}],"curies":[{"name":"wp","href":"https:\/\/api.w.org\/{rel}","templated":true}]}}