{"id":1135118,"date":"2026-05-05T18:32:07","date_gmt":"2026-05-05T16:32:07","guid":{"rendered":"https:\/\/wein-werte.com\/product\/zind-humbrecht-gewurztraminer-rangen-de-thann-clos-saint-urbain-grand-cru-2018-750ml\/"},"modified":"2026-04-27T12:03:54","modified_gmt":"2026-04-27T10:03:54","slug":"zind-humbrecht-gewurztraminer-rangen-de-thann-clos-saint-urbain-grand-cru-2018-750ml","status":"publish","type":"product","link":"https:\/\/wein-werte.com\/de\/produkt\/zind-humbrecht-gewurztraminer-rangen-de-thann-clos-saint-urbain-grand-cru-2018-750ml\/","title":{"rendered":"Zind-Humbrecht | Elsass | Gew\u00fcrztraminer Rangen de Thann Clos-Saint-Urbain Grand Cru | 2018 | 750ml | bio"},"content":{"rendered":"<p>Produktbeschreibung f\u00fcr Zind-Humbrecht Gew\u00fcrztraminer Rangen de Thann Clos-Saint-Urbain Grand Cru 2018 (bio) <\/p>\n<h5>Info zum Wein<\/h5>\n<p>In der Lage Grand Cru Rangen ist der Anbau der Gew\u00fcrztraminer-Traube keine Selbstverst\u00e4ndlichkeit! Der Einfluss der H\u00f6he und des kalten Tals im sp\u00e4ten Winter\/fr\u00fchen Fr\u00fchling kann den Knospenausbruch verz\u00f6gern und die Bl\u00fcte kann problematisch sein. Aus diesem Grund liegen die beiden kleinen Gew\u00fcrztraminer-Weinberge direkt oberhalb der Thur unterhalb des Clos Saint-Urbain. Die vulkanischen Sedimentb\u00f6den dieses Weinbergs sind in der Lage, diese aromatische Traube sowohl in die Nase als auch auf den Gaumen zu katapultieren. (Olivier Humbrecht)<\/p>\n<p>\u00a0<\/p>\n<h5>Farbe<\/h5>\n<p>Brillantes, strahlendes Goldgelb.<\/p>\n<p>\u00a0<\/p>\n<h5>Nase<\/h5>\n<p>Der 2018er Gewurztraminer Clos Saint Urbain Rangen de Thann bet\u00f6rt mit Finesse, Frische und anregender Duftigkeit: Rosen, Lindenbl\u00fcten, Maigl\u00f6ckchen, Birne, Quitte, Aprikose und Mango. Alle Aromen sind fein ineinander verwoben und von schwebender Leichtigkeit und Eleganz beseelt.<\/p>\n<p>\u00a0<\/p>\n<h5>Gaumen<\/h5>\n<p>Er brilliert mit Frische, Finesse und feiner Aromatik auf der Zunge. Seine kompakte, rauchige und feste Mineralit\u00e4t packt am Gaumen zu und l\u00e4sst uns nicht mehr los. Elegante S\u00fc\u00dfe trifft auf saftige Frucht und W\u00fcrze, was zu einem wundervollen Zusammenspiel f\u00fchrt. Ein wahrhaft gro\u00dfer und beeindruckender Gew\u00fcrztraminer, der seinesgleichen sucht und der in Kombination mit gro\u00dfartiger Gourmetk\u00fcche bereichert.<\/p>\n<p>Dem Ungeduldigen sei geraten ihn ein bis zwei Tage vorher zu dekantieren und ihn aus gro\u00dfen Burgundergl\u00e4sern zu genie\u00dfen.<\/p>\n<p>Copyright Vinaturel 2025<\/p>\n<p>Keywords: <a href=\"https:\/\/wein-werte.com\/de\/shop\/?swoof=1&#038;pa_producer=Zind-Humbrecht\">Zind-Humbrecht<\/a> <a href=\"https:\/\/wein-werte.com\/de\/shop\/?swoof=1&#038;woof_text=Gew\u00fcrztraminer Rangen de Thann Clos-Saint-Urbain Grand Cru\">Gew\u00fcrztraminer Rangen de Thann Clos-Saint-Urbain Grand Cru<\/a> 2018 bio <a href=\"https:\/\/wein-werte.com\/de\/shop\/?swoof=1&#038;pa_region=Elsass\">Elsass<\/a> <a href=\"https:\/\/wein-werte.com\/de\/shop\/?swoof=1&#038;pa_country=Frankreich\">Frankreich<\/a><\/p>\n<h3>Wine Advocate<\/h3>\n<p>Punkte: 96<\/p>\n<p>Der Gew\u00fcrztraminer Rangen de Thann Clos Saint Urbain 2018 vereint die Reinheit und einzigartige W\u00fcrze, die Feuersteinigkeit und den \u00e4therischen Charakter des Weinbergs mit den klassischen Aromen von Litschi und Rosenbl\u00fcten in einem tiefen, intensiven und konzentrierten Bouquet. Am Gaumen \u00fcppig und rund, ist dieser intensive, sehr lange und nachhaltige Gew\u00fcrztraminer mit feinen Tanninen und einem dichten, komplexen, salzigen und zugleich griffigen Abgang. Der Wein ist kompakt, aber gleichzeitig charmant in seiner gro\u00dfz\u00fcgigen Frucht und \u00fcppigen Eleganz. Reichhaltigkeit vereint sich mit Finesse und Vitalit\u00e4t und ist ein herausragender Vertreter dieser gro\u00dfartigen, einzigartigen und zeitlosen Rebsorte. Trotz seines Restzuckergehalts von 77,8 Gramm pro Liter schmeckt er eher halbs\u00fc\u00df. Ein Traum. Abgef\u00fcllt im Januar 2020 mit 13,2 % Alkohol und Naturkorken. Verkostet im Januar 2023.<br \/>Stephan Reinhardt<\/p>\n<p>Internetseite des Weinguts: <a href=\"http:\/\/www.zindhumbrecht.fr\/\" target=\"_blank\">http:\/\/www.zindhumbrecht.fr\/<\/a><\/p>\n","protected":false},"excerpt":{"rendered":"<p>Lieferzeit: 1 bis 2 Arbeitstage (DE), 2 bis 5 Arbeitstage (EU and CH)<\/p>\n","protected":false},"featured_media":1145162,"template":"","meta":[],"product_brand":[],"product_cat":[19],"product_tag":[],"class_list":{"0":"post-1135118","1":"product","2":"type-product","3":"status-publish","4":"has-post-thumbnail","6":"product_cat-unkategorisiert","7":"pa_alcohol-for-filter-13-5","8":"pa_certified-biodynamic-ja-de","9":"pa_certified-organic-ja-de","10":"pa_colour-weiss","11":"pa_country-frankreich","12":"pa_grape-gewurztraminer","13":"pa_parker-points-for-filter-96-de-2","14":"pa_price-for-filter-10604","15":"pa_producer-zind-humbrecht","16":"pa_region-elsass","17":"pa_size-ml-6584","18":"pa_sweetness-suess-de","19":"pa_type-2-still-de","20":"pa_vintage-2018-de","21":"entry","22":"has-media","24":"first","25":"instock","26":"taxable","27":"shipping-taxable","28":"purchasable","29":"product-type-simple"},"yoast_head":"<!-- This site is optimized with the Yoast SEO plugin v27.5 - https:\/\/yoast.com\/product\/yoast-seo-wordpress\/ -->\n<title>Zind-Humbrecht Gew\u00fcrztraminer Rangen de Thann Clos-Saint-Urbain Grand Cru 2018<\/title>\n<meta name=\"description\" content=\"Kaufe Zind-Humbrecht Gew\u00fcrztraminer Rangen de Thann Clos-Saint-Urbain Grand Cru 2018 (Gew\u00fcrztraminer, s\u00fc\u00df aus Elsass, Frankreich) bei Wein Werte, Ihrem nachhaltigen Onlineshop.\" \/>\n<meta name=\"robots\" content=\"index, follow, max-snippet:-1, max-image-preview:large, max-video-preview:-1\" \/>\n<link rel=\"canonical\" href=\"https:\/\/wein-werte.com\/de\/produkt\/zind-humbrecht-gewurztraminer-rangen-de-thann-clos-saint-urbain-grand-cru-2018-750ml\/\" \/>\n<meta property=\"og:locale\" content=\"de_DE\" \/>\n<meta property=\"og:type\" content=\"article\" \/>\n<meta property=\"og:title\" content=\"Zind-Humbrecht Gew\u00fcrztraminer Rangen de Thann Clos-Saint-Urbain Grand Cru 2018\" \/>\n<meta property=\"og:description\" content=\"Kaufe Zind-Humbrecht Gew\u00fcrztraminer Rangen de Thann Clos-Saint-Urbain Grand Cru 2018 (Gew\u00fcrztraminer, s\u00fc\u00df aus Elsass, Frankreich) bei Wein Werte, Ihrem nachhaltigen Onlineshop.\" \/>\n<meta property=\"og:url\" content=\"https:\/\/wein-werte.com\/de\/produkt\/zind-humbrecht-gewurztraminer-rangen-de-thann-clos-saint-urbain-grand-cru-2018-750ml\/\" \/>\n<meta property=\"og:site_name\" content=\"Wein Werte\" \/>\n<meta property=\"og:image\" content=\"https:\/\/wein-werte.com\/wp-content\/uploads\/2026\/04\/Zind-Humbrecht-Gewurztraminer-Rangen-de-Thann-Clos-Saint-Urbain-Grand-Cru-2018-750ml.png\" \/>\n\t<meta property=\"og:image:width\" content=\"270\" \/>\n\t<meta property=\"og:image:height\" content=\"1200\" \/>\n\t<meta property=\"og:image:type\" content=\"image\/png\" \/>\n<meta name=\"twitter:card\" content=\"summary_large_image\" \/>\n<meta name=\"twitter:label1\" content=\"Gesch\u00e4tzte Lesezeit\" \/>\n\t<meta name=\"twitter:data1\" content=\"2\u00a0Minuten\" \/>\n<script type=\"application\/ld+json\" class=\"yoast-schema-graph\">{\"@context\":\"https:\\\/\\\/schema.org\",\"@graph\":[{\"@type\":\"WebPage\",\"@id\":\"https:\\\/\\\/wein-werte.com\\\/de\\\/produkt\\\/zind-humbrecht-gewurztraminer-rangen-de-thann-clos-saint-urbain-grand-cru-2018-750ml\\\/\",\"url\":\"https:\\\/\\\/wein-werte.com\\\/de\\\/produkt\\\/zind-humbrecht-gewurztraminer-rangen-de-thann-clos-saint-urbain-grand-cru-2018-750ml\\\/\",\"name\":\"Zind-Humbrecht Gew\u00fcrztraminer Rangen de Thann Clos-Saint-Urbain Grand Cru 2018\",\"isPartOf\":{\"@id\":\"https:\\\/\\\/wein-werte.com\\\/de\\\/#website\"},\"primaryImageOfPage\":{\"@id\":\"https:\\\/\\\/wein-werte.com\\\/de\\\/produkt\\\/zind-humbrecht-gewurztraminer-rangen-de-thann-clos-saint-urbain-grand-cru-2018-750ml\\\/#primaryimage\"},\"image\":{\"@id\":\"https:\\\/\\\/wein-werte.com\\\/de\\\/produkt\\\/zind-humbrecht-gewurztraminer-rangen-de-thann-clos-saint-urbain-grand-cru-2018-750ml\\\/#primaryimage\"},\"thumbnailUrl\":\"https:\\\/\\\/wein-werte.com\\\/wp-content\\\/uploads\\\/2026\\\/04\\\/Zind-Humbrecht-Gewurztraminer-Rangen-de-Thann-Clos-Saint-Urbain-Grand-Cru-2018-750ml.png\",\"datePublished\":\"2026-05-05T16:32:07+00:00\",\"description\":\"Kaufe Zind-Humbrecht Gew\u00fcrztraminer Rangen de Thann Clos-Saint-Urbain Grand Cru 2018 (Gew\u00fcrztraminer, s\u00fc\u00df aus Elsass, Frankreich) bei Wein Werte, Ihrem nachhaltigen Onlineshop.\",\"breadcrumb\":{\"@id\":\"https:\\\/\\\/wein-werte.com\\\/de\\\/produkt\\\/zind-humbrecht-gewurztraminer-rangen-de-thann-clos-saint-urbain-grand-cru-2018-750ml\\\/#breadcrumb\"},\"inLanguage\":\"de\",\"potentialAction\":[{\"@type\":\"ReadAction\",\"target\":[\"https:\\\/\\\/wein-werte.com\\\/de\\\/produkt\\\/zind-humbrecht-gewurztraminer-rangen-de-thann-clos-saint-urbain-grand-cru-2018-750ml\\\/\"]}]},{\"@type\":\"ImageObject\",\"inLanguage\":\"de\",\"@id\":\"https:\\\/\\\/wein-werte.com\\\/de\\\/produkt\\\/zind-humbrecht-gewurztraminer-rangen-de-thann-clos-saint-urbain-grand-cru-2018-750ml\\\/#primaryimage\",\"url\":\"https:\\\/\\\/wein-werte.com\\\/wp-content\\\/uploads\\\/2026\\\/04\\\/Zind-Humbrecht-Gewurztraminer-Rangen-de-Thann-Clos-Saint-Urbain-Grand-Cru-2018-750ml.png\",\"contentUrl\":\"https:\\\/\\\/wein-werte.com\\\/wp-content\\\/uploads\\\/2026\\\/04\\\/Zind-Humbrecht-Gewurztraminer-Rangen-de-Thann-Clos-Saint-Urbain-Grand-Cru-2018-750ml.png\",\"width\":270,\"height\":1200,\"caption\":\"Zind-Humbrecht Gew\u00fcrztraminer Rangen de Thann Clos-Saint-Urbain Grand Cru 2018 750ml\"},{\"@type\":\"BreadcrumbList\",\"@id\":\"https:\\\/\\\/wein-werte.com\\\/de\\\/produkt\\\/zind-humbrecht-gewurztraminer-rangen-de-thann-clos-saint-urbain-grand-cru-2018-750ml\\\/#breadcrumb\",\"itemListElement\":[{\"@type\":\"ListItem\",\"position\":1,\"name\":\"Home\",\"item\":\"https:\\\/\\\/wein-werte.com\\\/de\\\/\"},{\"@type\":\"ListItem\",\"position\":2,\"name\":\"Shop\",\"item\":\"https:\\\/\\\/wein-werte.com\\\/de\\\/shop\\\/\"},{\"@type\":\"ListItem\",\"position\":3,\"name\":\"Zind-Humbrecht | Elsass | Gew\u00fcrztraminer Rangen de Thann Clos-Saint-Urbain Grand Cru | 2018 | 750ml | bio\"}]},{\"@type\":\"WebSite\",\"@id\":\"https:\\\/\\\/wein-werte.com\\\/de\\\/#website\",\"url\":\"https:\\\/\\\/wein-werte.com\\\/de\\\/\",\"name\":\"Wein Werte\",\"description\":\"\",\"publisher\":{\"@id\":\"https:\\\/\\\/wein-werte.com\\\/de\\\/#organization\"},\"potentialAction\":[{\"@type\":\"SearchAction\",\"target\":{\"@type\":\"EntryPoint\",\"urlTemplate\":\"https:\\\/\\\/wein-werte.com\\\/de\\\/?s={search_term_string}\"},\"query-input\":{\"@type\":\"PropertyValueSpecification\",\"valueRequired\":true,\"valueName\":\"search_term_string\"}}],\"inLanguage\":\"de\"},{\"@type\":\"Organization\",\"@id\":\"https:\\\/\\\/wein-werte.com\\\/de\\\/#organization\",\"name\":\"Vins Fins Thorrold\",\"url\":\"https:\\\/\\\/wein-werte.com\\\/de\\\/\",\"logo\":{\"@type\":\"ImageObject\",\"inLanguage\":\"de\",\"@id\":\"https:\\\/\\\/wein-werte.com\\\/de\\\/#\\\/schema\\\/logo\\\/image\\\/\",\"url\":\"https:\\\/\\\/wein-werte.com\\\/wp-content\\\/uploads\\\/2023\\\/07\\\/Wein_werte_Logo700-1.png\",\"contentUrl\":\"https:\\\/\\\/wein-werte.com\\\/wp-content\\\/uploads\\\/2023\\\/07\\\/Wein_werte_Logo700-1.png\",\"width\":700,\"height\":272,\"caption\":\"Vins Fins Thorrold\"},\"image\":{\"@id\":\"https:\\\/\\\/wein-werte.com\\\/de\\\/#\\\/schema\\\/logo\\\/image\\\/\"}}]}<\/script>\n<!-- \/ Yoast SEO plugin. -->","yoast_head_json":{"title":"Zind-Humbrecht Gew\u00fcrztraminer Rangen de Thann Clos-Saint-Urbain Grand Cru 2018","description":"Kaufe Zind-Humbrecht Gew\u00fcrztraminer Rangen de Thann Clos-Saint-Urbain Grand Cru 2018 (Gew\u00fcrztraminer, s\u00fc\u00df aus Elsass, Frankreich) bei Wein Werte, Ihrem nachhaltigen Onlineshop.","robots":{"index":"index","follow":"follow","max-snippet":"max-snippet:-1","max-image-preview":"max-image-preview:large","max-video-preview":"max-video-preview:-1"},"canonical":"https:\/\/wein-werte.com\/de\/produkt\/zind-humbrecht-gewurztraminer-rangen-de-thann-clos-saint-urbain-grand-cru-2018-750ml\/","og_locale":"de_DE","og_type":"article","og_title":"Zind-Humbrecht Gew\u00fcrztraminer Rangen de Thann Clos-Saint-Urbain Grand Cru 2018","og_description":"Kaufe Zind-Humbrecht Gew\u00fcrztraminer Rangen de Thann Clos-Saint-Urbain Grand Cru 2018 (Gew\u00fcrztraminer, s\u00fc\u00df aus Elsass, Frankreich) bei Wein Werte, Ihrem nachhaltigen Onlineshop.","og_url":"https:\/\/wein-werte.com\/de\/produkt\/zind-humbrecht-gewurztraminer-rangen-de-thann-clos-saint-urbain-grand-cru-2018-750ml\/","og_site_name":"Wein Werte","og_image":[{"width":270,"height":1200,"url":"https:\/\/wein-werte.com\/wp-content\/uploads\/2026\/04\/Zind-Humbrecht-Gewurztraminer-Rangen-de-Thann-Clos-Saint-Urbain-Grand-Cru-2018-750ml.png","type":"image\/png"}],"twitter_card":"summary_large_image","twitter_misc":{"Gesch\u00e4tzte Lesezeit":"2\u00a0Minuten"},"schema":{"@context":"https:\/\/schema.org","@graph":[{"@type":"WebPage","@id":"https:\/\/wein-werte.com\/de\/produkt\/zind-humbrecht-gewurztraminer-rangen-de-thann-clos-saint-urbain-grand-cru-2018-750ml\/","url":"https:\/\/wein-werte.com\/de\/produkt\/zind-humbrecht-gewurztraminer-rangen-de-thann-clos-saint-urbain-grand-cru-2018-750ml\/","name":"Zind-Humbrecht Gew\u00fcrztraminer Rangen de Thann Clos-Saint-Urbain Grand Cru 2018","isPartOf":{"@id":"https:\/\/wein-werte.com\/de\/#website"},"primaryImageOfPage":{"@id":"https:\/\/wein-werte.com\/de\/produkt\/zind-humbrecht-gewurztraminer-rangen-de-thann-clos-saint-urbain-grand-cru-2018-750ml\/#primaryimage"},"image":{"@id":"https:\/\/wein-werte.com\/de\/produkt\/zind-humbrecht-gewurztraminer-rangen-de-thann-clos-saint-urbain-grand-cru-2018-750ml\/#primaryimage"},"thumbnailUrl":"https:\/\/wein-werte.com\/wp-content\/uploads\/2026\/04\/Zind-Humbrecht-Gewurztraminer-Rangen-de-Thann-Clos-Saint-Urbain-Grand-Cru-2018-750ml.png","datePublished":"2026-05-05T16:32:07+00:00","description":"Kaufe Zind-Humbrecht Gew\u00fcrztraminer Rangen de Thann Clos-Saint-Urbain Grand Cru 2018 (Gew\u00fcrztraminer, s\u00fc\u00df aus Elsass, Frankreich) bei Wein Werte, Ihrem nachhaltigen Onlineshop.","breadcrumb":{"@id":"https:\/\/wein-werte.com\/de\/produkt\/zind-humbrecht-gewurztraminer-rangen-de-thann-clos-saint-urbain-grand-cru-2018-750ml\/#breadcrumb"},"inLanguage":"de","potentialAction":[{"@type":"ReadAction","target":["https:\/\/wein-werte.com\/de\/produkt\/zind-humbrecht-gewurztraminer-rangen-de-thann-clos-saint-urbain-grand-cru-2018-750ml\/"]}]},{"@type":"ImageObject","inLanguage":"de","@id":"https:\/\/wein-werte.com\/de\/produkt\/zind-humbrecht-gewurztraminer-rangen-de-thann-clos-saint-urbain-grand-cru-2018-750ml\/#primaryimage","url":"https:\/\/wein-werte.com\/wp-content\/uploads\/2026\/04\/Zind-Humbrecht-Gewurztraminer-Rangen-de-Thann-Clos-Saint-Urbain-Grand-Cru-2018-750ml.png","contentUrl":"https:\/\/wein-werte.com\/wp-content\/uploads\/2026\/04\/Zind-Humbrecht-Gewurztraminer-Rangen-de-Thann-Clos-Saint-Urbain-Grand-Cru-2018-750ml.png","width":270,"height":1200,"caption":"Zind-Humbrecht Gew\u00fcrztraminer Rangen de Thann Clos-Saint-Urbain Grand Cru 2018 750ml"},{"@type":"BreadcrumbList","@id":"https:\/\/wein-werte.com\/de\/produkt\/zind-humbrecht-gewurztraminer-rangen-de-thann-clos-saint-urbain-grand-cru-2018-750ml\/#breadcrumb","itemListElement":[{"@type":"ListItem","position":1,"name":"Home","item":"https:\/\/wein-werte.com\/de\/"},{"@type":"ListItem","position":2,"name":"Shop","item":"https:\/\/wein-werte.com\/de\/shop\/"},{"@type":"ListItem","position":3,"name":"Zind-Humbrecht | Elsass | Gew\u00fcrztraminer Rangen de Thann Clos-Saint-Urbain Grand Cru | 2018 | 750ml | bio"}]},{"@type":"WebSite","@id":"https:\/\/wein-werte.com\/de\/#website","url":"https:\/\/wein-werte.com\/de\/","name":"Wein Werte","description":"","publisher":{"@id":"https:\/\/wein-werte.com\/de\/#organization"},"potentialAction":[{"@type":"SearchAction","target":{"@type":"EntryPoint","urlTemplate":"https:\/\/wein-werte.com\/de\/?s={search_term_string}"},"query-input":{"@type":"PropertyValueSpecification","valueRequired":true,"valueName":"search_term_string"}}],"inLanguage":"de"},{"@type":"Organization","@id":"https:\/\/wein-werte.com\/de\/#organization","name":"Vins Fins Thorrold","url":"https:\/\/wein-werte.com\/de\/","logo":{"@type":"ImageObject","inLanguage":"de","@id":"https:\/\/wein-werte.com\/de\/#\/schema\/logo\/image\/","url":"https:\/\/wein-werte.com\/wp-content\/uploads\/2023\/07\/Wein_werte_Logo700-1.png","contentUrl":"https:\/\/wein-werte.com\/wp-content\/uploads\/2023\/07\/Wein_werte_Logo700-1.png","width":700,"height":272,"caption":"Vins Fins Thorrold"},"image":{"@id":"https:\/\/wein-werte.com\/de\/#\/schema\/logo\/image\/"}}]}},"_links":{"self":[{"href":"https:\/\/wein-werte.com\/de\/wp-json\/wp\/v2\/product\/1135118","targetHints":{"allow":["GET"]}}],"collection":[{"href":"https:\/\/wein-werte.com\/de\/wp-json\/wp\/v2\/product"}],"about":[{"href":"https:\/\/wein-werte.com\/de\/wp-json\/wp\/v2\/types\/product"}],"wp:featuredmedia":[{"embeddable":true,"href":"https:\/\/wein-werte.com\/de\/wp-json\/wp\/v2\/media\/1145162"}],"wp:attachment":[{"href":"https:\/\/wein-werte.com\/de\/wp-json\/wp\/v2\/media?parent=1135118"}],"wp:term":[{"taxonomy":"product_brand","embeddable":true,"href":"https:\/\/wein-werte.com\/de\/wp-json\/wp\/v2\/product_brand?post=1135118"},{"taxonomy":"product_cat","embeddable":true,"href":"https:\/\/wein-werte.com\/de\/wp-json\/wp\/v2\/product_cat?post=1135118"},{"taxonomy":"product_tag","embeddable":true,"href":"https:\/\/wein-werte.com\/de\/wp-json\/wp\/v2\/product_tag?post=1135118"}],"curies":[{"name":"wp","href":"https:\/\/api.w.org\/{rel}","templated":true}]}}