{"id":1135075,"date":"2026-04-27T13:32:58","date_gmt":"2026-04-27T11:32:58","guid":{"rendered":"https:\/\/wein-werte.com\/product\/zind-humbrecht-pinot-gris-rangen-de-thann-clos-saint-urbain-grand-cru-2017-750ml\/"},"modified":"2026-04-27T12:03:48","modified_gmt":"2026-04-27T10:03:48","slug":"zind-humbrecht-pinot-gris-rangen-de-thann-clos-saint-urbain-grand-cru-2017-750ml","status":"publish","type":"product","link":"https:\/\/wein-werte.com\/de\/produkt\/zind-humbrecht-pinot-gris-rangen-de-thann-clos-saint-urbain-grand-cru-2017-750ml\/","title":{"rendered":"Zind-Humbrecht | Elsass | Pinot Gris Rangen de Thann Clos-Saint-Urbain Grand Cru | 2017 | 750ml"},"content":{"rendered":"<p>Produktbeschreibung f\u00fcr Zind-Humbrecht Pinot Gris Rangen de Thann Clos-Saint-Urbain Grand Cru 2017 <\/p>\n<h5>Jahrgang<\/h5>\n<p>Der Jahrgang 2017 geht in die Geschichte dieses Weinguts ein. F\u00fcr Olivier Humbrecht geh\u00f6rt er zu den drei besten Jahrg\u00e4ngen seit der Gr\u00fcndung des Weinguts im Jahre 1959. Allerdings haben diesmal Frost und Hagel die Erntemenge im Durchschnitt auf unter 20 hl\/ha begrenzt. Nach einem fr\u00fchen Austrieb haben zwei K\u00e4ltewellen mit Minusgraden am 21. und 22. April auch solche Fl\u00e4chen dem Frost ausgesetzt, die eher gesch\u00fctzt liegen. Ein ungew\u00f6hnlich eiskalter Ostwind hat Reben in Weinbergen wie dem Herrenweg de Turckheim erfrieren lassen, die in den 60 Jahren, die Oliviers Vater miterlebt hat, nie erfroren sind. Ein Hagelschlag im Weinberg Brand blieb gl\u00fccklicherweise ohne gr\u00f6\u00dfere Folgen. Der Hochsommer war hei\u00df, der August milder, und die Lese begann am 29. August mit Pinot Gris Roche Roul\u00e9e, gefolgt von Terroirs wie Rotenberg, Heimbourg, Goldert \u2026 Ein kleiner Regen am 2. September beschleunigte die Reifung. Die Rieslinge wurden ab dem 11. September geerntet, und die Ernte wurde beendet mit Rangen, Hengst und Clos Jebsal am 26. September. Nur im Clos Jebsal gab es kleinere Anzeichen von Botrytis.<\/p>\n<p>\u00a0<\/p>\n<h5>Weinberg<\/h5>\n<p>Der Pinot gris entwickelte sich 2017 au\u00dfergew\u00f6hnlich gut, obwohl er erst sp\u00e4t gebl\u00fcht hatte. Genutzt wurden die besonderen Eigenschaften der hei\u00dfen und fr\u00fchen Weinlese im Sommer, und der vulkanische Boden des Rangen verleiht dem Pinor gris ohnehin eine besondere Pers\u00f6nlichkeit. Rangen ist ein kompliziertes Terroir, das allerdings von der Biodynamik besonders profitiert. Der steile Hang und der mit vulkanischen Brocken und kantigen Steinen \u00fcbers\u00e4te Boden erschweren zwar die manuelle Arbeit, insbesondere das Pfl\u00fcgen mit einer Winde, aber der Aufwand, der mit der Arbeit verbunden ist, kommt den Weinen zugute; denn im Laufe der Jahre haben die 54 Jahre alten Wurzeln den Trauben einen individuellen Charakter geschenkt.<\/p>\n<p>\u00a0<\/p>\n<h5>Verg\u00e4rung<\/h5>\n<p>Die letzten Jahrg\u00e4nge dieser Rebsorte haben sehr trockene Weine hervorgebracht. Das war nicht nur eine stilistische Entscheidung, sondern auch das Ergebnis des Verhaltens des Terroirs in einem sich ver\u00e4ndernden Klima. Die Trauben bleiben l\u00e4nger gesund, die physiologische Reife ist fortgeschritten, und deshalb ist die Ernte der Trauben vor der \u00dcberreife notwendig. Die Energie findet sich in der G\u00e4rung wieder: kr\u00e4ftig, schnell und bis zum Ende des Zuckers. Wie viele andere Weine derselben Rebsorte wurde auch der Rangen \u00fcber 18 Monate lang im Fass auf der Vollhefe ausgebaut. Der Wein verf\u00fcgt \u00fcber 1,6 g\/l Restzucker bei 3 g S\u00e4ure und einem pH-Wert von 3,6. Der Ertrag lag bei 26 hl\/ha.<\/p>\n<p>\u00a0<\/p>\n<h5>Farbe<\/h5>\n<p>intensives Strohgelb<\/p>\n<p>\u00a0<\/p>\n<h5>Nase<\/h5>\n<p>Dieser <i>Pinot gris<\/i> aus dem Rangen l\u00e4sst vom ersten Moment an auf Gr\u00f6\u00dfe schlie\u00dfen. Der Wein duftet kurz nach dem \u00d6ffnen intensiv nach Schie\u00dfpulver. Nachdem der Rauch etwas verflogen ist, offenbaren sich Bl\u00fcten, helle zitrische Noten und die W\u00fcrze von Curry. Dann wird der <i>Pinot gris<\/i> steiniger, erdiger, und man hat das Gef\u00fchl, dass der Wein auch immer kraftvoller und von Minute zu Minute tiefer wird.<\/p>\n<p>\u00a0<\/p>\n<h5>Mund<\/h5>\n<p>Am Gaumen zeigt sich dann tats\u00e4chlich die Gr\u00f6\u00dfe dieses <i>Rangen Pinot gris<\/i> aus dem Jahr 2017. Was ist das f\u00fcr eine Macht, was f\u00fcr eine k\u00fchle, strenge Kraft, und weshalb ist dieser Wein trotzdem vom ersten Moment des Kostens an so verf\u00fchrerisch? Der <i>Pinot gris<\/i> ist mundf\u00fcllend, auskleidend saftig mit heller und zitrisch klarer Frucht. Dazu finden sich auch hier wieder rauchige, flintige Noten, die die Strenge des Weines unterstreichen. Gleichzeitig aber ist der Wein mit feiner Cremigkeit und einem seidigen Gerbstoff gesegnet. Die Frucht wird begleitet von steiniger W\u00fcrze, von Salz, von Jod, von Wachs und Harz. Die L\u00e4nge ist dabei \u00fcberragend, die Spannung vergleichbar mit dem Riesling aus gleicher Lage und die Substanz ebenso. Pinot gris kann halt auch gro\u00df sein \u2013 auch wenn es zugegebenerma\u00dfen allzu selten der Fall ist.<\/p>\n<p>Copyright Vinaturel 2025<\/p>\n<p>Keywords: <a href=\"https:\/\/wein-werte.com\/de\/shop\/?swoof=1&#038;pa_producer=Zind-Humbrecht\">Zind-Humbrecht<\/a> <a href=\"https:\/\/wein-werte.com\/de\/shop\/?swoof=1&#038;woof_text=Pinot Gris Rangen de Thann Clos-Saint-Urbain Grand Cru\">Pinot Gris Rangen de Thann Clos-Saint-Urbain Grand Cru<\/a> 2017  <a href=\"https:\/\/wein-werte.com\/de\/shop\/?swoof=1&#038;pa_region=Elsass\">Elsass<\/a> <a href=\"https:\/\/wein-werte.com\/de\/shop\/?swoof=1&#038;pa_country=Frankreich\">Frankreich<\/a><\/p>\n<h3>Wine Advocate<\/h3>\n<p>Punkte: (92-93)<\/p>\n<p>Der rein und feuersteinartige 2017 Alsace Grand Cru Rangen de Thann Pinot Gris Clos Saint Urbain wurde Ende Oktober 2018 aus dem geschwefelten Fass verkostet und ist reichhaltig, intensiv und dicht in seiner Textur. Es ist ein kraftvoller, aber ausgewogener Pinot Gris mit feinen Tanninen. Nicht wirklich geschmeidig, aber harmonisch und elegant.<br \/>Stephan Reinhardt<\/p>\n<p>Internetseite des Weinguts: <a href=\"http:\/\/www.zindhumbrecht.fr\/\" target=\"_blank\">http:\/\/www.zindhumbrecht.fr\/<\/a><\/p>\n","protected":false},"excerpt":{"rendered":"<p>Lieferzeit: 1 bis 2 Arbeitstage (DE), 2 bis 5 Arbeitstage (EU and CH)<\/p>\n","protected":false},"featured_media":1147531,"template":"","meta":[],"product_brand":[],"product_cat":[19],"product_tag":[],"class_list":{"0":"post-1135075","1":"product","2":"type-product","3":"status-publish","4":"has-post-thumbnail","6":"product_cat-unkategorisiert","7":"pa_alcohol-for-filter-12892","8":"pa_certified-biodynamic-nein-de","9":"pa_certified-organic-nein-de","10":"pa_colour-weiss","11":"pa_country-frankreich","12":"pa_grape-pinot-gris-grauburgunder","13":"pa_parker-points-for-filter-92-de","14":"pa_price-for-filter-10668","15":"pa_producer-zind-humbrecht","16":"pa_region-elsass","17":"pa_size-ml-6584","18":"pa_sweetness-trocken-de","19":"pa_type-2-still-de","20":"pa_vintage-2017-de","21":"entry","22":"has-media","24":"first","25":"instock","26":"taxable","27":"shipping-taxable","28":"purchasable","29":"product-type-simple"},"yoast_head":"<!-- This site is optimized with the Yoast SEO plugin v27.5 - https:\/\/yoast.com\/product\/yoast-seo-wordpress\/ -->\n<title>Zind-Humbrecht Pinot Gris Rangen de Thann Clos-Saint-Urbain Grand Cru 2017<\/title>\n<meta name=\"description\" content=\"Kaufe Zind-Humbrecht Pinot Gris Rangen de Thann Clos-Saint-Urbain Grand Cru 2017 (Pinot Gris, trocken aus Elsass, Frankreich) bei Wein Werte, Ihrem nachhaltigen Onlineshop.\" \/>\n<meta name=\"robots\" content=\"index, follow, max-snippet:-1, max-image-preview:large, max-video-preview:-1\" \/>\n<link rel=\"canonical\" href=\"https:\/\/wein-werte.com\/de\/produkt\/zind-humbrecht-pinot-gris-rangen-de-thann-clos-saint-urbain-grand-cru-2017-750ml\/\" \/>\n<meta property=\"og:locale\" content=\"de_DE\" \/>\n<meta property=\"og:type\" content=\"article\" \/>\n<meta property=\"og:title\" content=\"Zind-Humbrecht Pinot Gris Rangen de Thann Clos-Saint-Urbain Grand Cru 2017\" \/>\n<meta property=\"og:description\" content=\"Kaufe Zind-Humbrecht Pinot Gris Rangen de Thann Clos-Saint-Urbain Grand Cru 2017 (Pinot Gris, trocken aus Elsass, Frankreich) bei Wein Werte, Ihrem nachhaltigen Onlineshop.\" \/>\n<meta property=\"og:url\" content=\"https:\/\/wein-werte.com\/de\/produkt\/zind-humbrecht-pinot-gris-rangen-de-thann-clos-saint-urbain-grand-cru-2017-750ml\/\" \/>\n<meta property=\"og:site_name\" content=\"Wein Werte\" \/>\n<meta property=\"og:image\" content=\"https:\/\/wein-werte.com\/wp-content\/uploads\/2026\/04\/Zind-Humbrecht-Pinot-Gris-Rangen-de-Thann-Clos-Saint-Urbain-Grand-Cru-2017-750-ml.png\" \/>\n\t<meta property=\"og:image:width\" content=\"156\" \/>\n\t<meta property=\"og:image:height\" content=\"584\" \/>\n\t<meta property=\"og:image:type\" content=\"image\/png\" \/>\n<meta name=\"twitter:card\" content=\"summary_large_image\" \/>\n<meta name=\"twitter:label1\" content=\"Gesch\u00e4tzte Lesezeit\" \/>\n\t<meta name=\"twitter:data1\" content=\"4\u00a0Minuten\" \/>\n<script type=\"application\/ld+json\" class=\"yoast-schema-graph\">{\"@context\":\"https:\\\/\\\/schema.org\",\"@graph\":[{\"@type\":\"WebPage\",\"@id\":\"https:\\\/\\\/wein-werte.com\\\/de\\\/produkt\\\/zind-humbrecht-pinot-gris-rangen-de-thann-clos-saint-urbain-grand-cru-2017-750ml\\\/\",\"url\":\"https:\\\/\\\/wein-werte.com\\\/de\\\/produkt\\\/zind-humbrecht-pinot-gris-rangen-de-thann-clos-saint-urbain-grand-cru-2017-750ml\\\/\",\"name\":\"Zind-Humbrecht Pinot Gris Rangen de Thann Clos-Saint-Urbain Grand Cru 2017\",\"isPartOf\":{\"@id\":\"https:\\\/\\\/wein-werte.com\\\/de\\\/#website\"},\"primaryImageOfPage\":{\"@id\":\"https:\\\/\\\/wein-werte.com\\\/de\\\/produkt\\\/zind-humbrecht-pinot-gris-rangen-de-thann-clos-saint-urbain-grand-cru-2017-750ml\\\/#primaryimage\"},\"image\":{\"@id\":\"https:\\\/\\\/wein-werte.com\\\/de\\\/produkt\\\/zind-humbrecht-pinot-gris-rangen-de-thann-clos-saint-urbain-grand-cru-2017-750ml\\\/#primaryimage\"},\"thumbnailUrl\":\"https:\\\/\\\/wein-werte.com\\\/wp-content\\\/uploads\\\/2026\\\/04\\\/Zind-Humbrecht-Pinot-Gris-Rangen-de-Thann-Clos-Saint-Urbain-Grand-Cru-2017-750-ml.png\",\"datePublished\":\"2026-04-27T11:32:58+00:00\",\"description\":\"Kaufe Zind-Humbrecht Pinot Gris Rangen de Thann Clos-Saint-Urbain Grand Cru 2017 (Pinot Gris, trocken aus Elsass, Frankreich) bei Wein Werte, Ihrem nachhaltigen Onlineshop.\",\"breadcrumb\":{\"@id\":\"https:\\\/\\\/wein-werte.com\\\/de\\\/produkt\\\/zind-humbrecht-pinot-gris-rangen-de-thann-clos-saint-urbain-grand-cru-2017-750ml\\\/#breadcrumb\"},\"inLanguage\":\"de\",\"potentialAction\":[{\"@type\":\"ReadAction\",\"target\":[\"https:\\\/\\\/wein-werte.com\\\/de\\\/produkt\\\/zind-humbrecht-pinot-gris-rangen-de-thann-clos-saint-urbain-grand-cru-2017-750ml\\\/\"]}]},{\"@type\":\"ImageObject\",\"inLanguage\":\"de\",\"@id\":\"https:\\\/\\\/wein-werte.com\\\/de\\\/produkt\\\/zind-humbrecht-pinot-gris-rangen-de-thann-clos-saint-urbain-grand-cru-2017-750ml\\\/#primaryimage\",\"url\":\"https:\\\/\\\/wein-werte.com\\\/wp-content\\\/uploads\\\/2026\\\/04\\\/Zind-Humbrecht-Pinot-Gris-Rangen-de-Thann-Clos-Saint-Urbain-Grand-Cru-2017-750-ml.png\",\"contentUrl\":\"https:\\\/\\\/wein-werte.com\\\/wp-content\\\/uploads\\\/2026\\\/04\\\/Zind-Humbrecht-Pinot-Gris-Rangen-de-Thann-Clos-Saint-Urbain-Grand-Cru-2017-750-ml.png\",\"width\":156,\"height\":584},{\"@type\":\"BreadcrumbList\",\"@id\":\"https:\\\/\\\/wein-werte.com\\\/de\\\/produkt\\\/zind-humbrecht-pinot-gris-rangen-de-thann-clos-saint-urbain-grand-cru-2017-750ml\\\/#breadcrumb\",\"itemListElement\":[{\"@type\":\"ListItem\",\"position\":1,\"name\":\"Home\",\"item\":\"https:\\\/\\\/wein-werte.com\\\/de\\\/\"},{\"@type\":\"ListItem\",\"position\":2,\"name\":\"Shop\",\"item\":\"https:\\\/\\\/wein-werte.com\\\/de\\\/shop\\\/\"},{\"@type\":\"ListItem\",\"position\":3,\"name\":\"Zind-Humbrecht | Elsass | Pinot Gris Rangen de Thann Clos-Saint-Urbain Grand Cru | 2017 | 750ml\"}]},{\"@type\":\"WebSite\",\"@id\":\"https:\\\/\\\/wein-werte.com\\\/de\\\/#website\",\"url\":\"https:\\\/\\\/wein-werte.com\\\/de\\\/\",\"name\":\"Wein Werte\",\"description\":\"\",\"publisher\":{\"@id\":\"https:\\\/\\\/wein-werte.com\\\/de\\\/#organization\"},\"potentialAction\":[{\"@type\":\"SearchAction\",\"target\":{\"@type\":\"EntryPoint\",\"urlTemplate\":\"https:\\\/\\\/wein-werte.com\\\/de\\\/?s={search_term_string}\"},\"query-input\":{\"@type\":\"PropertyValueSpecification\",\"valueRequired\":true,\"valueName\":\"search_term_string\"}}],\"inLanguage\":\"de\"},{\"@type\":\"Organization\",\"@id\":\"https:\\\/\\\/wein-werte.com\\\/de\\\/#organization\",\"name\":\"Vins Fins Thorrold\",\"url\":\"https:\\\/\\\/wein-werte.com\\\/de\\\/\",\"logo\":{\"@type\":\"ImageObject\",\"inLanguage\":\"de\",\"@id\":\"https:\\\/\\\/wein-werte.com\\\/de\\\/#\\\/schema\\\/logo\\\/image\\\/\",\"url\":\"https:\\\/\\\/wein-werte.com\\\/wp-content\\\/uploads\\\/2023\\\/07\\\/Wein_werte_Logo700-1.png\",\"contentUrl\":\"https:\\\/\\\/wein-werte.com\\\/wp-content\\\/uploads\\\/2023\\\/07\\\/Wein_werte_Logo700-1.png\",\"width\":700,\"height\":272,\"caption\":\"Vins Fins Thorrold\"},\"image\":{\"@id\":\"https:\\\/\\\/wein-werte.com\\\/de\\\/#\\\/schema\\\/logo\\\/image\\\/\"}}]}<\/script>\n<!-- \/ Yoast SEO plugin. -->","yoast_head_json":{"title":"Zind-Humbrecht Pinot Gris Rangen de Thann Clos-Saint-Urbain Grand Cru 2017","description":"Kaufe Zind-Humbrecht Pinot Gris Rangen de Thann Clos-Saint-Urbain Grand Cru 2017 (Pinot Gris, trocken aus Elsass, Frankreich) bei Wein Werte, Ihrem nachhaltigen Onlineshop.","robots":{"index":"index","follow":"follow","max-snippet":"max-snippet:-1","max-image-preview":"max-image-preview:large","max-video-preview":"max-video-preview:-1"},"canonical":"https:\/\/wein-werte.com\/de\/produkt\/zind-humbrecht-pinot-gris-rangen-de-thann-clos-saint-urbain-grand-cru-2017-750ml\/","og_locale":"de_DE","og_type":"article","og_title":"Zind-Humbrecht Pinot Gris Rangen de Thann Clos-Saint-Urbain Grand Cru 2017","og_description":"Kaufe Zind-Humbrecht Pinot Gris Rangen de Thann Clos-Saint-Urbain Grand Cru 2017 (Pinot Gris, trocken aus Elsass, Frankreich) bei Wein Werte, Ihrem nachhaltigen Onlineshop.","og_url":"https:\/\/wein-werte.com\/de\/produkt\/zind-humbrecht-pinot-gris-rangen-de-thann-clos-saint-urbain-grand-cru-2017-750ml\/","og_site_name":"Wein Werte","og_image":[{"width":156,"height":584,"url":"https:\/\/wein-werte.com\/wp-content\/uploads\/2026\/04\/Zind-Humbrecht-Pinot-Gris-Rangen-de-Thann-Clos-Saint-Urbain-Grand-Cru-2017-750-ml.png","type":"image\/png"}],"twitter_card":"summary_large_image","twitter_misc":{"Gesch\u00e4tzte Lesezeit":"4\u00a0Minuten"},"schema":{"@context":"https:\/\/schema.org","@graph":[{"@type":"WebPage","@id":"https:\/\/wein-werte.com\/de\/produkt\/zind-humbrecht-pinot-gris-rangen-de-thann-clos-saint-urbain-grand-cru-2017-750ml\/","url":"https:\/\/wein-werte.com\/de\/produkt\/zind-humbrecht-pinot-gris-rangen-de-thann-clos-saint-urbain-grand-cru-2017-750ml\/","name":"Zind-Humbrecht Pinot Gris Rangen de Thann Clos-Saint-Urbain Grand Cru 2017","isPartOf":{"@id":"https:\/\/wein-werte.com\/de\/#website"},"primaryImageOfPage":{"@id":"https:\/\/wein-werte.com\/de\/produkt\/zind-humbrecht-pinot-gris-rangen-de-thann-clos-saint-urbain-grand-cru-2017-750ml\/#primaryimage"},"image":{"@id":"https:\/\/wein-werte.com\/de\/produkt\/zind-humbrecht-pinot-gris-rangen-de-thann-clos-saint-urbain-grand-cru-2017-750ml\/#primaryimage"},"thumbnailUrl":"https:\/\/wein-werte.com\/wp-content\/uploads\/2026\/04\/Zind-Humbrecht-Pinot-Gris-Rangen-de-Thann-Clos-Saint-Urbain-Grand-Cru-2017-750-ml.png","datePublished":"2026-04-27T11:32:58+00:00","description":"Kaufe Zind-Humbrecht Pinot Gris Rangen de Thann Clos-Saint-Urbain Grand Cru 2017 (Pinot Gris, trocken aus Elsass, Frankreich) bei Wein Werte, Ihrem nachhaltigen Onlineshop.","breadcrumb":{"@id":"https:\/\/wein-werte.com\/de\/produkt\/zind-humbrecht-pinot-gris-rangen-de-thann-clos-saint-urbain-grand-cru-2017-750ml\/#breadcrumb"},"inLanguage":"de","potentialAction":[{"@type":"ReadAction","target":["https:\/\/wein-werte.com\/de\/produkt\/zind-humbrecht-pinot-gris-rangen-de-thann-clos-saint-urbain-grand-cru-2017-750ml\/"]}]},{"@type":"ImageObject","inLanguage":"de","@id":"https:\/\/wein-werte.com\/de\/produkt\/zind-humbrecht-pinot-gris-rangen-de-thann-clos-saint-urbain-grand-cru-2017-750ml\/#primaryimage","url":"https:\/\/wein-werte.com\/wp-content\/uploads\/2026\/04\/Zind-Humbrecht-Pinot-Gris-Rangen-de-Thann-Clos-Saint-Urbain-Grand-Cru-2017-750-ml.png","contentUrl":"https:\/\/wein-werte.com\/wp-content\/uploads\/2026\/04\/Zind-Humbrecht-Pinot-Gris-Rangen-de-Thann-Clos-Saint-Urbain-Grand-Cru-2017-750-ml.png","width":156,"height":584},{"@type":"BreadcrumbList","@id":"https:\/\/wein-werte.com\/de\/produkt\/zind-humbrecht-pinot-gris-rangen-de-thann-clos-saint-urbain-grand-cru-2017-750ml\/#breadcrumb","itemListElement":[{"@type":"ListItem","position":1,"name":"Home","item":"https:\/\/wein-werte.com\/de\/"},{"@type":"ListItem","position":2,"name":"Shop","item":"https:\/\/wein-werte.com\/de\/shop\/"},{"@type":"ListItem","position":3,"name":"Zind-Humbrecht | Elsass | Pinot Gris Rangen de Thann Clos-Saint-Urbain Grand Cru | 2017 | 750ml"}]},{"@type":"WebSite","@id":"https:\/\/wein-werte.com\/de\/#website","url":"https:\/\/wein-werte.com\/de\/","name":"Wein Werte","description":"","publisher":{"@id":"https:\/\/wein-werte.com\/de\/#organization"},"potentialAction":[{"@type":"SearchAction","target":{"@type":"EntryPoint","urlTemplate":"https:\/\/wein-werte.com\/de\/?s={search_term_string}"},"query-input":{"@type":"PropertyValueSpecification","valueRequired":true,"valueName":"search_term_string"}}],"inLanguage":"de"},{"@type":"Organization","@id":"https:\/\/wein-werte.com\/de\/#organization","name":"Vins Fins Thorrold","url":"https:\/\/wein-werte.com\/de\/","logo":{"@type":"ImageObject","inLanguage":"de","@id":"https:\/\/wein-werte.com\/de\/#\/schema\/logo\/image\/","url":"https:\/\/wein-werte.com\/wp-content\/uploads\/2023\/07\/Wein_werte_Logo700-1.png","contentUrl":"https:\/\/wein-werte.com\/wp-content\/uploads\/2023\/07\/Wein_werte_Logo700-1.png","width":700,"height":272,"caption":"Vins Fins Thorrold"},"image":{"@id":"https:\/\/wein-werte.com\/de\/#\/schema\/logo\/image\/"}}]}},"_links":{"self":[{"href":"https:\/\/wein-werte.com\/de\/wp-json\/wp\/v2\/product\/1135075","targetHints":{"allow":["GET"]}}],"collection":[{"href":"https:\/\/wein-werte.com\/de\/wp-json\/wp\/v2\/product"}],"about":[{"href":"https:\/\/wein-werte.com\/de\/wp-json\/wp\/v2\/types\/product"}],"wp:featuredmedia":[{"embeddable":true,"href":"https:\/\/wein-werte.com\/de\/wp-json\/wp\/v2\/media\/1147531"}],"wp:attachment":[{"href":"https:\/\/wein-werte.com\/de\/wp-json\/wp\/v2\/media?parent=1135075"}],"wp:term":[{"taxonomy":"product_brand","embeddable":true,"href":"https:\/\/wein-werte.com\/de\/wp-json\/wp\/v2\/product_brand?post=1135075"},{"taxonomy":"product_cat","embeddable":true,"href":"https:\/\/wein-werte.com\/de\/wp-json\/wp\/v2\/product_cat?post=1135075"},{"taxonomy":"product_tag","embeddable":true,"href":"https:\/\/wein-werte.com\/de\/wp-json\/wp\/v2\/product_tag?post=1135075"}],"curies":[{"name":"wp","href":"https:\/\/api.w.org\/{rel}","templated":true}]}}