{"id":1135066,"date":"2026-04-27T13:32:56","date_gmt":"2026-04-27T11:32:56","guid":{"rendered":"https:\/\/wein-werte.com\/product\/zind-humbrecht-pinot-gris-rotenberg-2017-750ml\/"},"modified":"2026-04-27T12:03:46","modified_gmt":"2026-04-27T10:03:46","slug":"zind-humbrecht-pinot-gris-rotenberg-2017-750ml","status":"publish","type":"product","link":"https:\/\/wein-werte.com\/de\/produkt\/zind-humbrecht-pinot-gris-rotenberg-2017-750ml\/","title":{"rendered":"Zind-Humbrecht | Elsass | Pinot Gris Rotenberg | 2017 | 750ml | bio"},"content":{"rendered":"<p>Produktbeschreibung f\u00fcr Zind-Humbrecht Pinot Gris Rotenberg 2017 (bio) <\/p>\n<h5>Information zum Wein<\/h5>\n<p> Jahrgang Der Jahrgang 2017 geht in die Geschichte dieses Weinguts ein. F\u00fcr Olivier Humbrecht geh\u00f6rt er zu den drei besten Jahrg\u00e4ngen seit der Gr\u00fcndung des Weinguts im Jahre 1959. Allerdings haben diesmal Frost und Hagel die Erntemenge im Durchschnitt auf unter 20 hl\/ha begrenzt. Nach einem fr\u00fchen Austrieb haben zwei K\u00e4ltewellen mit Minusgraden am 21. und 22. April auch solche Fl\u00e4chen dem Frost ausgesetzt, die eher gesch\u00fctzt liegen. Ein ungew\u00f6hnlich eiskalter Ostwind hat Reben in Weinbergen wie dem Herrenweg de Turckheim erfrieren lassen, die in den 60 Jahren, die Oliviers Vater miterlebt hat, nie erfroren sind. Ein Hagelschlag im Weinberg Brand blieb gl\u00fccklicherweise ohne gr\u00f6\u00dfere Folgen. Der Hochsommer war hei\u00df, der August milder, und die Lese begann am 29. August mit Pinot Gris Roche Roul\u00e9e, gefolgt von Terroirs wie Rotenberg, Heimbourg, Goldert \u2026 Ein kleiner Regen am 2. September beschleunigte die Reifung. Die Rieslinge wurden ab dem 11. September geerntet, und die Ernte wurde beendet mit Rangen, Hengst und Clos Jebsal am 26. September. Nur im Clos Jebsal gab es kleinere Anzeichen von Botrytis. Weinberg Aus der gleichen Perspektive, die es Ihnen erm\u00f6glicht, den Heimbourg und den Clos Jebsal von der Grand-Cru-Lage Brand aus zu betrachten, richten Sie ihren Blick nach S\u00fcden \u00fcber das Tal nach Wintzenheim, wo der Rotenberg direkt an den Vogesen liegt. Wie beim Heimbourg stammt auch beim Rotenberg der Kalkstein aus dem Oligoz\u00e4n. Allerdings ist der Eisenoxid-Anteil deutlich h\u00f6her, weshalb der Weinberg auch seinen Namen erhalten hat; denn die B\u00f6den sind ziegelrot. Der Hang ist steil mit 30 bis 40 % Neigung. Er ist an der Oberfl\u00e4che erodiert wegen des Durchzugs von Gletschern im Quart\u00e4r. Der Oberboden ist d\u00fcnn und sehr steinig. Dieses Terroir liefert von Natur aus sehr niedrige Ertr\u00e4ge und wird teils in der mittleren Phase, teils sp\u00e4t abgeerntet. Die Rebst\u00f6cke wurden zwischen 1972 und 1992 gesetzt. Verg\u00e4rung Der Wein verf\u00fcgt \u00fcber 2,6 g\/l Restzucker bei 3,6 g S\u00e4ure und einem pH-Wert von 3,3. Der Ertrag lag bei 20 hl\/ha. <\/p>\n<h5>Farbe<\/h5>\n<p> leuchtendes Goldgelb <\/p>\n<h5>Nase<\/h5>\n<p> Sechs Pinot gris (abgesehen von der Vendange Tardive und der S\u00e9lection de Grains Nobles) finden sich in 2017 im Angebot von Zind-Humbrecht. Und einer ist sch\u00f6ner als der andere. Vor allem sind die Weine grundverschieden und tragen trotzdem den Stempel ein und desselben Hauses \u2013 und das ganz unverkennbar. Dieser Stempel bedeutet: Pr\u00e4zision, Transparenz, Klarheit, Balance und Mineralit\u00e4t. All das tr\u00e4gt der 2017er Rotenberg schon im Duft in sich. Dazu kommen die Attribute der nord-nordwestlich ausgerichteten eisenhaltigen Lage. Die bringt einen Muskat- und Rosenduft in den Pinot gris, zudem Orangen, N\u00fcsse, Mandeln, Rost, etwas Moschus, proven\u00e7alische Gew\u00fcrze und leicht anger\u00f6stete Mandeln. Schlie\u00dflich findet sich eine deutlich steinige und k\u00fchle Komponente im Hintergrund. <\/p>\n<h5>Mund<\/h5>\n<p> Am Gaumen wirkt der Rotenberg aromatisch heller als in der Nase. Auch hier hat man wieder Bl\u00fcten-, vor allem Rosenaromen, und auch der Muskat wird immer sp\u00fcrbarer. Noch zeigt der Wein nur sein halbes K\u00f6nnen, allzu zugekn\u00f6pft ist er noch im Moment, doch im Untergrund wummert die Kraft und die Energie, die sich zuk\u00fcnftig zur G\u00e4nze Bahn brechen wird. Doch schon jetzt zeigt sich der Charme dieses Weines mit feiner Gerbstoff-Textur und Cremigkeit. Und ebenso deutlich ist die bereits angesprochene Pr\u00e4zision. Der Rotenberg ist ein Pinot gris von gro\u00dfer Intensit\u00e4t und mit einem Potential von sicher zwanzig Jahren oder mehr.<\/p>\n<p>Copyright Vinaturel 2025<\/p>\n<p>Keywords: <a href=\"https:\/\/wein-werte.com\/de\/shop\/?swoof=1&#038;pa_producer=Zind-Humbrecht\">Zind-Humbrecht<\/a> <a href=\"https:\/\/wein-werte.com\/de\/shop\/?swoof=1&#038;woof_text=Pinot Gris Rotenberg\">Pinot Gris Rotenberg<\/a> 2017 bio <a href=\"https:\/\/wein-werte.com\/de\/shop\/?swoof=1&#038;pa_region=Elsass\">Elsass<\/a> <a href=\"https:\/\/wein-werte.com\/de\/shop\/?swoof=1&#038;pa_country=Frankreich\">Frankreich<\/a><\/p>\n<h3>Wine Advocate<\/h3>\n<p>Punkte: (92-93)<\/p>\n<p>Der 2017er Els\u00e4sser Pinot Gris Rotenberg de Wintzenheim stammt von 35 Jahre alten Rebst\u00f6cken, die in einem west-\/nordwestlich ausgerichteten Weinberg auf eisenhaltigen Kalkb\u00f6den aus dem Oligoz\u00e4n kultiviert wurden. Er besticht durch Noten von feuchtem Gestein in der Nase, die sehr rein und pr\u00e4zise sind. Als Probe aus dem Fass verkostet, ist dies ein gro\u00dfz\u00fcgiger, runder und sehr eleganter Rotenberg mit charmanter Textur, feinen Tanninen und anhaltender Salzigkeit. Sehr intensiv. Verkostet im Oktober 2018.<br \/>Stephan Reinhardt<\/p>\n<p>Internetseite des Weinguts: <a href=\"http:\/\/www.zindhumbrecht.fr\/\" target=\"_blank\">http:\/\/www.zindhumbrecht.fr\/<\/a><\/p>\n","protected":false},"excerpt":{"rendered":"<p>Lieferzeit: 1 bis 2 Arbeitstage (DE), 2 bis 5 Arbeitstage (EU and CH)<\/p>\n","protected":false},"featured_media":1145122,"template":"","meta":[],"product_brand":[],"product_cat":[19],"product_tag":[],"class_list":{"0":"post-1135066","1":"product","2":"type-product","3":"status-publish","4":"has-post-thumbnail","6":"product_cat-unkategorisiert","7":"pa_alcohol-for-filter-13-5","8":"pa_certified-biodynamic-ja-de","9":"pa_certified-organic-ja-de","10":"pa_colour-weiss","11":"pa_country-frankreich","12":"pa_grape-pinot-gris-grauburgunder","13":"pa_parker-points-for-filter-92-de","14":"pa_price-for-filter-10564","15":"pa_producer-zind-humbrecht","16":"pa_region-elsass","17":"pa_size-ml-6584","18":"pa_sweetness-trocken-de","19":"pa_type-2-still-de","20":"pa_vintage-2017-de","21":"entry","22":"has-media","24":"first","25":"instock","26":"taxable","27":"shipping-taxable","28":"purchasable","29":"product-type-simple"},"yoast_head":"<!-- This site is optimized with the Yoast SEO plugin v27.5 - https:\/\/yoast.com\/product\/yoast-seo-wordpress\/ -->\n<title>Zind-Humbrecht Pinot Gris Rotenberg 2017<\/title>\n<meta name=\"description\" content=\"Kaufe Zind-Humbrecht Pinot Gris Rotenberg 2017 (Pinot Gris, trocken aus Elsass, Frankreich) bei Wein Werte, Ihrem nachhaltigen Onlineshop.\" \/>\n<meta name=\"robots\" content=\"index, follow, max-snippet:-1, max-image-preview:large, max-video-preview:-1\" \/>\n<link rel=\"canonical\" href=\"https:\/\/wein-werte.com\/de\/produkt\/zind-humbrecht-pinot-gris-rotenberg-2017-750ml\/\" \/>\n<meta property=\"og:locale\" content=\"de_DE\" \/>\n<meta property=\"og:type\" content=\"article\" \/>\n<meta property=\"og:title\" content=\"Zind-Humbrecht Pinot Gris Rotenberg 2017\" \/>\n<meta property=\"og:description\" content=\"Kaufe Zind-Humbrecht Pinot Gris Rotenberg 2017 (Pinot Gris, trocken aus Elsass, Frankreich) bei Wein Werte, Ihrem nachhaltigen Onlineshop.\" \/>\n<meta property=\"og:url\" content=\"https:\/\/wein-werte.com\/de\/produkt\/zind-humbrecht-pinot-gris-rotenberg-2017-750ml\/\" \/>\n<meta property=\"og:site_name\" content=\"Wein Werte\" \/>\n<meta property=\"og:image\" content=\"https:\/\/wein-werte.com\/wp-content\/uploads\/2026\/04\/Zind-Humbrecht-Pinot-Gris-Rotenberg-2017-750ml.png\" \/>\n\t<meta property=\"og:image:width\" content=\"270\" \/>\n\t<meta property=\"og:image:height\" content=\"1200\" \/>\n\t<meta property=\"og:image:type\" content=\"image\/png\" \/>\n<meta name=\"twitter:card\" content=\"summary_large_image\" \/>\n<meta name=\"twitter:label1\" content=\"Gesch\u00e4tzte Lesezeit\" \/>\n\t<meta name=\"twitter:data1\" content=\"3\u00a0Minuten\" \/>\n<script type=\"application\/ld+json\" class=\"yoast-schema-graph\">{\"@context\":\"https:\\\/\\\/schema.org\",\"@graph\":[{\"@type\":\"WebPage\",\"@id\":\"https:\\\/\\\/wein-werte.com\\\/de\\\/produkt\\\/zind-humbrecht-pinot-gris-rotenberg-2017-750ml\\\/\",\"url\":\"https:\\\/\\\/wein-werte.com\\\/de\\\/produkt\\\/zind-humbrecht-pinot-gris-rotenberg-2017-750ml\\\/\",\"name\":\"Zind-Humbrecht Pinot Gris Rotenberg 2017\",\"isPartOf\":{\"@id\":\"https:\\\/\\\/wein-werte.com\\\/de\\\/#website\"},\"primaryImageOfPage\":{\"@id\":\"https:\\\/\\\/wein-werte.com\\\/de\\\/produkt\\\/zind-humbrecht-pinot-gris-rotenberg-2017-750ml\\\/#primaryimage\"},\"image\":{\"@id\":\"https:\\\/\\\/wein-werte.com\\\/de\\\/produkt\\\/zind-humbrecht-pinot-gris-rotenberg-2017-750ml\\\/#primaryimage\"},\"thumbnailUrl\":\"https:\\\/\\\/wein-werte.com\\\/wp-content\\\/uploads\\\/2026\\\/04\\\/Zind-Humbrecht-Pinot-Gris-Rotenberg-2017-750ml.png\",\"datePublished\":\"2026-04-27T11:32:56+00:00\",\"description\":\"Kaufe Zind-Humbrecht Pinot Gris Rotenberg 2017 (Pinot Gris, trocken aus Elsass, Frankreich) bei Wein Werte, Ihrem nachhaltigen Onlineshop.\",\"breadcrumb\":{\"@id\":\"https:\\\/\\\/wein-werte.com\\\/de\\\/produkt\\\/zind-humbrecht-pinot-gris-rotenberg-2017-750ml\\\/#breadcrumb\"},\"inLanguage\":\"de\",\"potentialAction\":[{\"@type\":\"ReadAction\",\"target\":[\"https:\\\/\\\/wein-werte.com\\\/de\\\/produkt\\\/zind-humbrecht-pinot-gris-rotenberg-2017-750ml\\\/\"]}]},{\"@type\":\"ImageObject\",\"inLanguage\":\"de\",\"@id\":\"https:\\\/\\\/wein-werte.com\\\/de\\\/produkt\\\/zind-humbrecht-pinot-gris-rotenberg-2017-750ml\\\/#primaryimage\",\"url\":\"https:\\\/\\\/wein-werte.com\\\/wp-content\\\/uploads\\\/2026\\\/04\\\/Zind-Humbrecht-Pinot-Gris-Rotenberg-2017-750ml.png\",\"contentUrl\":\"https:\\\/\\\/wein-werte.com\\\/wp-content\\\/uploads\\\/2026\\\/04\\\/Zind-Humbrecht-Pinot-Gris-Rotenberg-2017-750ml.png\",\"width\":270,\"height\":1200,\"caption\":\"Zind-Humbrecht Pinot Gris Rotenberg 2017 750ml\"},{\"@type\":\"BreadcrumbList\",\"@id\":\"https:\\\/\\\/wein-werte.com\\\/de\\\/produkt\\\/zind-humbrecht-pinot-gris-rotenberg-2017-750ml\\\/#breadcrumb\",\"itemListElement\":[{\"@type\":\"ListItem\",\"position\":1,\"name\":\"Home\",\"item\":\"https:\\\/\\\/wein-werte.com\\\/de\\\/\"},{\"@type\":\"ListItem\",\"position\":2,\"name\":\"Shop\",\"item\":\"https:\\\/\\\/wein-werte.com\\\/de\\\/shop\\\/\"},{\"@type\":\"ListItem\",\"position\":3,\"name\":\"Zind-Humbrecht | Elsass | Pinot Gris Rotenberg | 2017 | 750ml | bio\"}]},{\"@type\":\"WebSite\",\"@id\":\"https:\\\/\\\/wein-werte.com\\\/de\\\/#website\",\"url\":\"https:\\\/\\\/wein-werte.com\\\/de\\\/\",\"name\":\"Wein Werte\",\"description\":\"\",\"publisher\":{\"@id\":\"https:\\\/\\\/wein-werte.com\\\/de\\\/#organization\"},\"potentialAction\":[{\"@type\":\"SearchAction\",\"target\":{\"@type\":\"EntryPoint\",\"urlTemplate\":\"https:\\\/\\\/wein-werte.com\\\/de\\\/?s={search_term_string}\"},\"query-input\":{\"@type\":\"PropertyValueSpecification\",\"valueRequired\":true,\"valueName\":\"search_term_string\"}}],\"inLanguage\":\"de\"},{\"@type\":\"Organization\",\"@id\":\"https:\\\/\\\/wein-werte.com\\\/de\\\/#organization\",\"name\":\"Vins Fins Thorrold\",\"url\":\"https:\\\/\\\/wein-werte.com\\\/de\\\/\",\"logo\":{\"@type\":\"ImageObject\",\"inLanguage\":\"de\",\"@id\":\"https:\\\/\\\/wein-werte.com\\\/de\\\/#\\\/schema\\\/logo\\\/image\\\/\",\"url\":\"https:\\\/\\\/wein-werte.com\\\/wp-content\\\/uploads\\\/2023\\\/07\\\/Wein_werte_Logo700-1.png\",\"contentUrl\":\"https:\\\/\\\/wein-werte.com\\\/wp-content\\\/uploads\\\/2023\\\/07\\\/Wein_werte_Logo700-1.png\",\"width\":700,\"height\":272,\"caption\":\"Vins Fins Thorrold\"},\"image\":{\"@id\":\"https:\\\/\\\/wein-werte.com\\\/de\\\/#\\\/schema\\\/logo\\\/image\\\/\"}}]}<\/script>\n<!-- \/ Yoast SEO plugin. -->","yoast_head_json":{"title":"Zind-Humbrecht Pinot Gris Rotenberg 2017","description":"Kaufe Zind-Humbrecht Pinot Gris Rotenberg 2017 (Pinot Gris, trocken aus Elsass, Frankreich) bei Wein Werte, Ihrem nachhaltigen Onlineshop.","robots":{"index":"index","follow":"follow","max-snippet":"max-snippet:-1","max-image-preview":"max-image-preview:large","max-video-preview":"max-video-preview:-1"},"canonical":"https:\/\/wein-werte.com\/de\/produkt\/zind-humbrecht-pinot-gris-rotenberg-2017-750ml\/","og_locale":"de_DE","og_type":"article","og_title":"Zind-Humbrecht Pinot Gris Rotenberg 2017","og_description":"Kaufe Zind-Humbrecht Pinot Gris Rotenberg 2017 (Pinot Gris, trocken aus Elsass, Frankreich) bei Wein Werte, Ihrem nachhaltigen Onlineshop.","og_url":"https:\/\/wein-werte.com\/de\/produkt\/zind-humbrecht-pinot-gris-rotenberg-2017-750ml\/","og_site_name":"Wein Werte","og_image":[{"width":270,"height":1200,"url":"https:\/\/wein-werte.com\/wp-content\/uploads\/2026\/04\/Zind-Humbrecht-Pinot-Gris-Rotenberg-2017-750ml.png","type":"image\/png"}],"twitter_card":"summary_large_image","twitter_misc":{"Gesch\u00e4tzte Lesezeit":"3\u00a0Minuten"},"schema":{"@context":"https:\/\/schema.org","@graph":[{"@type":"WebPage","@id":"https:\/\/wein-werte.com\/de\/produkt\/zind-humbrecht-pinot-gris-rotenberg-2017-750ml\/","url":"https:\/\/wein-werte.com\/de\/produkt\/zind-humbrecht-pinot-gris-rotenberg-2017-750ml\/","name":"Zind-Humbrecht Pinot Gris Rotenberg 2017","isPartOf":{"@id":"https:\/\/wein-werte.com\/de\/#website"},"primaryImageOfPage":{"@id":"https:\/\/wein-werte.com\/de\/produkt\/zind-humbrecht-pinot-gris-rotenberg-2017-750ml\/#primaryimage"},"image":{"@id":"https:\/\/wein-werte.com\/de\/produkt\/zind-humbrecht-pinot-gris-rotenberg-2017-750ml\/#primaryimage"},"thumbnailUrl":"https:\/\/wein-werte.com\/wp-content\/uploads\/2026\/04\/Zind-Humbrecht-Pinot-Gris-Rotenberg-2017-750ml.png","datePublished":"2026-04-27T11:32:56+00:00","description":"Kaufe Zind-Humbrecht Pinot Gris Rotenberg 2017 (Pinot Gris, trocken aus Elsass, Frankreich) bei Wein Werte, Ihrem nachhaltigen Onlineshop.","breadcrumb":{"@id":"https:\/\/wein-werte.com\/de\/produkt\/zind-humbrecht-pinot-gris-rotenberg-2017-750ml\/#breadcrumb"},"inLanguage":"de","potentialAction":[{"@type":"ReadAction","target":["https:\/\/wein-werte.com\/de\/produkt\/zind-humbrecht-pinot-gris-rotenberg-2017-750ml\/"]}]},{"@type":"ImageObject","inLanguage":"de","@id":"https:\/\/wein-werte.com\/de\/produkt\/zind-humbrecht-pinot-gris-rotenberg-2017-750ml\/#primaryimage","url":"https:\/\/wein-werte.com\/wp-content\/uploads\/2026\/04\/Zind-Humbrecht-Pinot-Gris-Rotenberg-2017-750ml.png","contentUrl":"https:\/\/wein-werte.com\/wp-content\/uploads\/2026\/04\/Zind-Humbrecht-Pinot-Gris-Rotenberg-2017-750ml.png","width":270,"height":1200,"caption":"Zind-Humbrecht Pinot Gris Rotenberg 2017 750ml"},{"@type":"BreadcrumbList","@id":"https:\/\/wein-werte.com\/de\/produkt\/zind-humbrecht-pinot-gris-rotenberg-2017-750ml\/#breadcrumb","itemListElement":[{"@type":"ListItem","position":1,"name":"Home","item":"https:\/\/wein-werte.com\/de\/"},{"@type":"ListItem","position":2,"name":"Shop","item":"https:\/\/wein-werte.com\/de\/shop\/"},{"@type":"ListItem","position":3,"name":"Zind-Humbrecht | Elsass | Pinot Gris Rotenberg | 2017 | 750ml | bio"}]},{"@type":"WebSite","@id":"https:\/\/wein-werte.com\/de\/#website","url":"https:\/\/wein-werte.com\/de\/","name":"Wein Werte","description":"","publisher":{"@id":"https:\/\/wein-werte.com\/de\/#organization"},"potentialAction":[{"@type":"SearchAction","target":{"@type":"EntryPoint","urlTemplate":"https:\/\/wein-werte.com\/de\/?s={search_term_string}"},"query-input":{"@type":"PropertyValueSpecification","valueRequired":true,"valueName":"search_term_string"}}],"inLanguage":"de"},{"@type":"Organization","@id":"https:\/\/wein-werte.com\/de\/#organization","name":"Vins Fins Thorrold","url":"https:\/\/wein-werte.com\/de\/","logo":{"@type":"ImageObject","inLanguage":"de","@id":"https:\/\/wein-werte.com\/de\/#\/schema\/logo\/image\/","url":"https:\/\/wein-werte.com\/wp-content\/uploads\/2023\/07\/Wein_werte_Logo700-1.png","contentUrl":"https:\/\/wein-werte.com\/wp-content\/uploads\/2023\/07\/Wein_werte_Logo700-1.png","width":700,"height":272,"caption":"Vins Fins Thorrold"},"image":{"@id":"https:\/\/wein-werte.com\/de\/#\/schema\/logo\/image\/"}}]}},"_links":{"self":[{"href":"https:\/\/wein-werte.com\/de\/wp-json\/wp\/v2\/product\/1135066","targetHints":{"allow":["GET"]}}],"collection":[{"href":"https:\/\/wein-werte.com\/de\/wp-json\/wp\/v2\/product"}],"about":[{"href":"https:\/\/wein-werte.com\/de\/wp-json\/wp\/v2\/types\/product"}],"wp:featuredmedia":[{"embeddable":true,"href":"https:\/\/wein-werte.com\/de\/wp-json\/wp\/v2\/media\/1145122"}],"wp:attachment":[{"href":"https:\/\/wein-werte.com\/de\/wp-json\/wp\/v2\/media?parent=1135066"}],"wp:term":[{"taxonomy":"product_brand","embeddable":true,"href":"https:\/\/wein-werte.com\/de\/wp-json\/wp\/v2\/product_brand?post=1135066"},{"taxonomy":"product_cat","embeddable":true,"href":"https:\/\/wein-werte.com\/de\/wp-json\/wp\/v2\/product_cat?post=1135066"},{"taxonomy":"product_tag","embeddable":true,"href":"https:\/\/wein-werte.com\/de\/wp-json\/wp\/v2\/product_tag?post=1135066"}],"curies":[{"name":"wp","href":"https:\/\/api.w.org\/{rel}","templated":true}]}}