{"id":1135034,"date":"2026-05-05T18:32:01","date_gmt":"2026-05-05T16:32:01","guid":{"rendered":"https:\/\/wein-werte.com\/product\/zind-humbrecht-riesling-rangen-de-thann-clos-saint-urbain-grand-cru-2014-750ml\/"},"modified":"2026-04-27T12:03:41","modified_gmt":"2026-04-27T10:03:41","slug":"zind-humbrecht-riesling-rangen-de-thann-clos-saint-urbain-grand-cru-2014-750ml","status":"publish","type":"product","link":"https:\/\/wein-werte.com\/de\/produkt\/zind-humbrecht-riesling-rangen-de-thann-clos-saint-urbain-grand-cru-2014-750ml\/","title":{"rendered":"Zind-Humbrecht | Elsass | Riesling Rangen de Thann Clos-Saint-Urbain Grand Cru | 2014 | 750ml | bio"},"content":{"rendered":"<p>Produktbeschreibung f\u00fcr Zind-Humbrecht Riesling Rangen de Thann Clos-Saint-Urbain Grand Cru 2014 (bio) <\/p>\n<h5>Farbe<\/h5>\n<p>Intensives Goldgelb mit zarten kupferfarbenen Reflexen.<\/p>\n<p>\u00a0<\/p>\n<h5>Nase<\/h5>\n<p>Der 2014er Riesling Clos Saint Urban Rangen de Thann pr\u00e4sentiert sich sehr kraftvoll und kompakt in der Nase. Er ben\u00f6tigt erst mal eine Karaffe und sehr viel Luft dann deutet sich seine vielschichtige Opulenz langsam an. Aromen von Aprikosen, Orangen, Orangenkonfit\u00fcre, s\u00fc\u00dfe duftige Bl\u00fcten und Honig bet\u00f6ren im Auftakt. Herbe und w\u00fcrzige Ankl\u00e4nge von Baumrinde, Scharfgarbe und dunkler feuchter Erde fassen diese charmanten und s\u00fc\u00dflichen Aromen wundersch\u00f6n ein. Tiefgr\u00fcndige, k\u00fchl anmutende Mineralit\u00e4t schwebt in Kombination mit den typischen rauchigen Noten \u00fcber allem. Was f\u00fcr ein vielschichtiges Kunstwerk offenbart sich uns hier bereits in der Nase.<\/p>\n<p>\u00a0<\/p>\n<h5>Gaumen<\/h5>\n<p>Am Gaumen attackiert uns der 2014er Riesling Clos Saint Urban Rangen de Thann f\u00f6rmlich mit viel gelber Frucht in Kombination mit einer \u00fcberbordenden salzigen Minerali\u00e4t und pr\u00e4zisen S\u00e4ure, die Zunge angenehm herausfordert. Ein Riesling, der einen packt und nicht mehr losl\u00e4sst. Druckvoll, komplex wundersch\u00f6n aber noch nicht gedacht f\u00fcr den unmittelbaren Genuss, am besten ab in den Keller damit, denn in ein paar Jahren wenn man ihn trinkt wird man das Gef\u00fchl bekommen ein Feuerwerk abzubrennen.<\/p>\n<p>\u00a0<\/p>\n<h5>Empfehlung<\/h5>\n<p>Wer ihn zum jetzigen Zeitpunkt schon genie\u00dfen m\u00f6chte sollte ihn unbedingt \u00fcber mehrere Stunden dekantieren und in einem ausreichend gro\u00dfen Glas servieren, einige Tage der \u00d6ffnung lassen ihn an Ausdruck gewinnen.<\/p>\n<p>Copyright Vinaturel 2025<\/p>\n<p>Keywords: <a href=\"https:\/\/wein-werte.com\/de\/shop\/?swoof=1&#038;pa_producer=Zind-Humbrecht\">Zind-Humbrecht<\/a> <a href=\"https:\/\/wein-werte.com\/de\/shop\/?swoof=1&#038;woof_text=Riesling Rangen de Thann Clos-Saint-Urbain Grand Cru\">Riesling Rangen de Thann Clos-Saint-Urbain Grand Cru<\/a> 2014 bio <a href=\"https:\/\/wein-werte.com\/de\/shop\/?swoof=1&#038;pa_region=Elsass\">Elsass<\/a> <a href=\"https:\/\/wein-werte.com\/de\/shop\/?swoof=1&#038;pa_country=Frankreich\">Frankreich<\/a><\/p>\n<h3>Wine Advocate<\/h3>\n<p>Punkte: 94+<\/p>\n<p>2014 war \u201edie teuerste Ernte aller Zeiten\u201c in der Geschichte von Zind-Humbrecht, \u201edoppelt so viel wie der Durchschnitt\u201c, so Oliver Humbrecht, der in den Grand-Cru-Weinbergen nur 26,5 Hektoliter pro Hektar und in der generischen AOC Alsace 42,5 Hektoliter pro Hektar einbrachte. Humbrechts intensiv goldfarbener 2014er Riesling Clos Saint-Urbain Rangen de Thann ist nach all den Jahren immer noch reduktiv und ungez\u00e4hmt und erinnert an Wild sowie zersto\u00dfene Vulkansteine (oder Asche), Salze, Kr\u00e4uter und saftige Pfirsiche. Dies ist ein vollmundiger, intensiver und sehr mineralischer oder steiniger Rangen mit Fleisch und Spannung, aber auch einem langen, salzigen, fein tanninhaltigen und, wie manche sogar sagen w\u00fcrden, herben Abgang. Der 2014er Rangen Riesling zeigt keine Anzeichen der Kirschessigfliege, die Ende August und September viele rosafarbene Trauben mit S\u00e4uref\u00e4ule befallen hatte, was zu schweren Auslesef\u00e4llen in den Weinbergen f\u00fchrte. Dank des k\u00fchleren Augusts zeichnet sich der 2014er Rangen Riesling durch eine lebendige S\u00e4ure aus, die Oliver Humbrecht als \u201eeine wirklich unerwartete \u00dcberraschung in einem so fr\u00fchreifen Jahrgang\u201c bezeichnet. Tats\u00e4chlich erreicht er mindestens das gleiche Niveau wie der 2013er oder 2010er. Der 2014er Rangen Riesling wurde im Februar 2016 mit 12,5 % Alkohol und 5,5 Gramm Restzucker pro Liter abgef\u00fcllt. Naturkorken. Verkostet im November 2023 in Wachenheim, Pfalz.<br \/>Stephan Reinhardt<\/p>\n<h3>Vinous<\/h3>\n<p>Punkte: 94<\/p>\n<p>Hellgelb. K\u00fchle Aromen von gr\u00fcnem Apfel, Litschi, Chlorophyll, Steinpulver und kandiertem Ingwer, untermalt von einem Hauch Orangenschale. Dicht und recht trocken, mit einer hervorragenden Pr\u00e4zision der Stein- und Gew\u00fcrzaromen, erg\u00e4nzt durch einen Hauch von saftigen tropischen Fr\u00fcchten. Klassischer Riesling mit langem Abgang und hervorragender Sch\u00e4rfe und Konzentration. Hergestellt aus etwa 50 Jahre alten Rebst\u00f6cken. \u2013 Ian D&#8217;Agata<br \/>Trinkfenster: 2020\u20132040<br \/>Bewertungsdatum: M\u00e4rz 2017<\/p>\n<p>Internetseite des Weinguts: <a href=\"http:\/\/www.zindhumbrecht.fr\/\" target=\"_blank\">http:\/\/www.zindhumbrecht.fr\/<\/a><\/p>\n","protected":false},"excerpt":{"rendered":"<p>Lieferzeit: 1 bis 2 Arbeitstage (DE), 2 bis 5 Arbeitstage (EU and CH)<\/p>\n","protected":false},"featured_media":1145100,"template":"","meta":[],"product_brand":[],"product_cat":[19],"product_tag":[],"class_list":{"0":"post-1135034","1":"product","2":"type-product","3":"status-publish","4":"has-post-thumbnail","6":"product_cat-unkategorisiert","7":"pa_alcohol-for-filter-12-5","8":"pa_certified-biodynamic-ja-de","9":"pa_certified-organic-ja-de","10":"pa_colour-weiss","11":"pa_country-frankreich","12":"pa_grape-riesling","13":"pa_parker-points-for-filter-94-de-2","14":"pa_price-for-filter-10707","15":"pa_producer-zind-humbrecht","16":"pa_region-elsass","17":"pa_size-ml-6584","18":"pa_sweetness-trocken-de","19":"pa_type-2-still-de","20":"pa_vinous-points-for-filter-20033","21":"pa_vintage-2014-de","22":"entry","23":"has-media","25":"first","26":"instock","27":"taxable","28":"shipping-taxable","29":"purchasable","30":"product-type-simple"},"yoast_head":"<!-- This site is optimized with the Yoast SEO plugin v27.5 - https:\/\/yoast.com\/product\/yoast-seo-wordpress\/ -->\n<title>Zind-Humbrecht Riesling Rangen de Thann Clos-Saint-Urbain Grand Cru 2014<\/title>\n<meta name=\"description\" content=\"Kaufe Zind-Humbrecht Riesling Rangen de Thann Clos-Saint-Urbain Grand Cru 2014 (Riesling, trocken aus Elsass, Frankreich) bei Wein Werte, Ihrem nachhaltigen Onlineshop.\" \/>\n<meta name=\"robots\" content=\"index, follow, max-snippet:-1, max-image-preview:large, max-video-preview:-1\" \/>\n<link rel=\"canonical\" href=\"https:\/\/wein-werte.com\/de\/produkt\/zind-humbrecht-riesling-rangen-de-thann-clos-saint-urbain-grand-cru-2014-750ml\/\" \/>\n<meta property=\"og:locale\" content=\"de_DE\" \/>\n<meta property=\"og:type\" content=\"article\" \/>\n<meta property=\"og:title\" content=\"Zind-Humbrecht Riesling Rangen de Thann Clos-Saint-Urbain Grand Cru 2014\" \/>\n<meta property=\"og:description\" content=\"Kaufe Zind-Humbrecht Riesling Rangen de Thann Clos-Saint-Urbain Grand Cru 2014 (Riesling, trocken aus Elsass, Frankreich) bei Wein Werte, Ihrem nachhaltigen Onlineshop.\" \/>\n<meta property=\"og:url\" content=\"https:\/\/wein-werte.com\/de\/produkt\/zind-humbrecht-riesling-rangen-de-thann-clos-saint-urbain-grand-cru-2014-750ml\/\" \/>\n<meta property=\"og:site_name\" content=\"Wein Werte\" \/>\n<meta property=\"og:image\" content=\"https:\/\/wein-werte.com\/wp-content\/uploads\/2026\/04\/Zind-Humbrecht-Riesling-Rangen-de-Thann-Clos-Saint-Urbain-Grand-Cru-2014-750ml.png\" \/>\n\t<meta property=\"og:image:width\" content=\"273\" \/>\n\t<meta property=\"og:image:height\" content=\"1200\" \/>\n\t<meta property=\"og:image:type\" content=\"image\/png\" \/>\n<meta name=\"twitter:card\" content=\"summary_large_image\" \/>\n<meta name=\"twitter:label1\" content=\"Gesch\u00e4tzte Lesezeit\" \/>\n\t<meta name=\"twitter:data1\" content=\"3\u00a0Minuten\" \/>\n<script type=\"application\/ld+json\" class=\"yoast-schema-graph\">{\"@context\":\"https:\\\/\\\/schema.org\",\"@graph\":[{\"@type\":\"WebPage\",\"@id\":\"https:\\\/\\\/wein-werte.com\\\/de\\\/produkt\\\/zind-humbrecht-riesling-rangen-de-thann-clos-saint-urbain-grand-cru-2014-750ml\\\/\",\"url\":\"https:\\\/\\\/wein-werte.com\\\/de\\\/produkt\\\/zind-humbrecht-riesling-rangen-de-thann-clos-saint-urbain-grand-cru-2014-750ml\\\/\",\"name\":\"Zind-Humbrecht Riesling Rangen de Thann Clos-Saint-Urbain Grand Cru 2014\",\"isPartOf\":{\"@id\":\"https:\\\/\\\/wein-werte.com\\\/de\\\/#website\"},\"primaryImageOfPage\":{\"@id\":\"https:\\\/\\\/wein-werte.com\\\/de\\\/produkt\\\/zind-humbrecht-riesling-rangen-de-thann-clos-saint-urbain-grand-cru-2014-750ml\\\/#primaryimage\"},\"image\":{\"@id\":\"https:\\\/\\\/wein-werte.com\\\/de\\\/produkt\\\/zind-humbrecht-riesling-rangen-de-thann-clos-saint-urbain-grand-cru-2014-750ml\\\/#primaryimage\"},\"thumbnailUrl\":\"https:\\\/\\\/wein-werte.com\\\/wp-content\\\/uploads\\\/2026\\\/04\\\/Zind-Humbrecht-Riesling-Rangen-de-Thann-Clos-Saint-Urbain-Grand-Cru-2014-750ml.png\",\"datePublished\":\"2026-05-05T16:32:01+00:00\",\"description\":\"Kaufe Zind-Humbrecht Riesling Rangen de Thann Clos-Saint-Urbain Grand Cru 2014 (Riesling, trocken aus Elsass, Frankreich) bei Wein Werte, Ihrem nachhaltigen Onlineshop.\",\"breadcrumb\":{\"@id\":\"https:\\\/\\\/wein-werte.com\\\/de\\\/produkt\\\/zind-humbrecht-riesling-rangen-de-thann-clos-saint-urbain-grand-cru-2014-750ml\\\/#breadcrumb\"},\"inLanguage\":\"de\",\"potentialAction\":[{\"@type\":\"ReadAction\",\"target\":[\"https:\\\/\\\/wein-werte.com\\\/de\\\/produkt\\\/zind-humbrecht-riesling-rangen-de-thann-clos-saint-urbain-grand-cru-2014-750ml\\\/\"]}]},{\"@type\":\"ImageObject\",\"inLanguage\":\"de\",\"@id\":\"https:\\\/\\\/wein-werte.com\\\/de\\\/produkt\\\/zind-humbrecht-riesling-rangen-de-thann-clos-saint-urbain-grand-cru-2014-750ml\\\/#primaryimage\",\"url\":\"https:\\\/\\\/wein-werte.com\\\/wp-content\\\/uploads\\\/2026\\\/04\\\/Zind-Humbrecht-Riesling-Rangen-de-Thann-Clos-Saint-Urbain-Grand-Cru-2014-750ml.png\",\"contentUrl\":\"https:\\\/\\\/wein-werte.com\\\/wp-content\\\/uploads\\\/2026\\\/04\\\/Zind-Humbrecht-Riesling-Rangen-de-Thann-Clos-Saint-Urbain-Grand-Cru-2014-750ml.png\",\"width\":273,\"height\":1200,\"caption\":\"Zind-Humbrecht Riesling Rangen de Thann Clos-Saint-Urbain Grand Cru 2014 750ml\"},{\"@type\":\"BreadcrumbList\",\"@id\":\"https:\\\/\\\/wein-werte.com\\\/de\\\/produkt\\\/zind-humbrecht-riesling-rangen-de-thann-clos-saint-urbain-grand-cru-2014-750ml\\\/#breadcrumb\",\"itemListElement\":[{\"@type\":\"ListItem\",\"position\":1,\"name\":\"Home\",\"item\":\"https:\\\/\\\/wein-werte.com\\\/de\\\/\"},{\"@type\":\"ListItem\",\"position\":2,\"name\":\"Shop\",\"item\":\"https:\\\/\\\/wein-werte.com\\\/de\\\/shop\\\/\"},{\"@type\":\"ListItem\",\"position\":3,\"name\":\"Zind-Humbrecht | Elsass | Riesling Rangen de Thann Clos-Saint-Urbain Grand Cru | 2014 | 750ml | bio\"}]},{\"@type\":\"WebSite\",\"@id\":\"https:\\\/\\\/wein-werte.com\\\/de\\\/#website\",\"url\":\"https:\\\/\\\/wein-werte.com\\\/de\\\/\",\"name\":\"Wein Werte\",\"description\":\"\",\"publisher\":{\"@id\":\"https:\\\/\\\/wein-werte.com\\\/de\\\/#organization\"},\"potentialAction\":[{\"@type\":\"SearchAction\",\"target\":{\"@type\":\"EntryPoint\",\"urlTemplate\":\"https:\\\/\\\/wein-werte.com\\\/de\\\/?s={search_term_string}\"},\"query-input\":{\"@type\":\"PropertyValueSpecification\",\"valueRequired\":true,\"valueName\":\"search_term_string\"}}],\"inLanguage\":\"de\"},{\"@type\":\"Organization\",\"@id\":\"https:\\\/\\\/wein-werte.com\\\/de\\\/#organization\",\"name\":\"Vins Fins Thorrold\",\"url\":\"https:\\\/\\\/wein-werte.com\\\/de\\\/\",\"logo\":{\"@type\":\"ImageObject\",\"inLanguage\":\"de\",\"@id\":\"https:\\\/\\\/wein-werte.com\\\/de\\\/#\\\/schema\\\/logo\\\/image\\\/\",\"url\":\"https:\\\/\\\/wein-werte.com\\\/wp-content\\\/uploads\\\/2023\\\/07\\\/Wein_werte_Logo700-1.png\",\"contentUrl\":\"https:\\\/\\\/wein-werte.com\\\/wp-content\\\/uploads\\\/2023\\\/07\\\/Wein_werte_Logo700-1.png\",\"width\":700,\"height\":272,\"caption\":\"Vins Fins Thorrold\"},\"image\":{\"@id\":\"https:\\\/\\\/wein-werte.com\\\/de\\\/#\\\/schema\\\/logo\\\/image\\\/\"}}]}<\/script>\n<!-- \/ Yoast SEO plugin. -->","yoast_head_json":{"title":"Zind-Humbrecht Riesling Rangen de Thann Clos-Saint-Urbain Grand Cru 2014","description":"Kaufe Zind-Humbrecht Riesling Rangen de Thann Clos-Saint-Urbain Grand Cru 2014 (Riesling, trocken aus Elsass, Frankreich) bei Wein Werte, Ihrem nachhaltigen Onlineshop.","robots":{"index":"index","follow":"follow","max-snippet":"max-snippet:-1","max-image-preview":"max-image-preview:large","max-video-preview":"max-video-preview:-1"},"canonical":"https:\/\/wein-werte.com\/de\/produkt\/zind-humbrecht-riesling-rangen-de-thann-clos-saint-urbain-grand-cru-2014-750ml\/","og_locale":"de_DE","og_type":"article","og_title":"Zind-Humbrecht Riesling Rangen de Thann Clos-Saint-Urbain Grand Cru 2014","og_description":"Kaufe Zind-Humbrecht Riesling Rangen de Thann Clos-Saint-Urbain Grand Cru 2014 (Riesling, trocken aus Elsass, Frankreich) bei Wein Werte, Ihrem nachhaltigen Onlineshop.","og_url":"https:\/\/wein-werte.com\/de\/produkt\/zind-humbrecht-riesling-rangen-de-thann-clos-saint-urbain-grand-cru-2014-750ml\/","og_site_name":"Wein Werte","og_image":[{"width":273,"height":1200,"url":"https:\/\/wein-werte.com\/wp-content\/uploads\/2026\/04\/Zind-Humbrecht-Riesling-Rangen-de-Thann-Clos-Saint-Urbain-Grand-Cru-2014-750ml.png","type":"image\/png"}],"twitter_card":"summary_large_image","twitter_misc":{"Gesch\u00e4tzte Lesezeit":"3\u00a0Minuten"},"schema":{"@context":"https:\/\/schema.org","@graph":[{"@type":"WebPage","@id":"https:\/\/wein-werte.com\/de\/produkt\/zind-humbrecht-riesling-rangen-de-thann-clos-saint-urbain-grand-cru-2014-750ml\/","url":"https:\/\/wein-werte.com\/de\/produkt\/zind-humbrecht-riesling-rangen-de-thann-clos-saint-urbain-grand-cru-2014-750ml\/","name":"Zind-Humbrecht Riesling Rangen de Thann Clos-Saint-Urbain Grand Cru 2014","isPartOf":{"@id":"https:\/\/wein-werte.com\/de\/#website"},"primaryImageOfPage":{"@id":"https:\/\/wein-werte.com\/de\/produkt\/zind-humbrecht-riesling-rangen-de-thann-clos-saint-urbain-grand-cru-2014-750ml\/#primaryimage"},"image":{"@id":"https:\/\/wein-werte.com\/de\/produkt\/zind-humbrecht-riesling-rangen-de-thann-clos-saint-urbain-grand-cru-2014-750ml\/#primaryimage"},"thumbnailUrl":"https:\/\/wein-werte.com\/wp-content\/uploads\/2026\/04\/Zind-Humbrecht-Riesling-Rangen-de-Thann-Clos-Saint-Urbain-Grand-Cru-2014-750ml.png","datePublished":"2026-05-05T16:32:01+00:00","description":"Kaufe Zind-Humbrecht Riesling Rangen de Thann Clos-Saint-Urbain Grand Cru 2014 (Riesling, trocken aus Elsass, Frankreich) bei Wein Werte, Ihrem nachhaltigen Onlineshop.","breadcrumb":{"@id":"https:\/\/wein-werte.com\/de\/produkt\/zind-humbrecht-riesling-rangen-de-thann-clos-saint-urbain-grand-cru-2014-750ml\/#breadcrumb"},"inLanguage":"de","potentialAction":[{"@type":"ReadAction","target":["https:\/\/wein-werte.com\/de\/produkt\/zind-humbrecht-riesling-rangen-de-thann-clos-saint-urbain-grand-cru-2014-750ml\/"]}]},{"@type":"ImageObject","inLanguage":"de","@id":"https:\/\/wein-werte.com\/de\/produkt\/zind-humbrecht-riesling-rangen-de-thann-clos-saint-urbain-grand-cru-2014-750ml\/#primaryimage","url":"https:\/\/wein-werte.com\/wp-content\/uploads\/2026\/04\/Zind-Humbrecht-Riesling-Rangen-de-Thann-Clos-Saint-Urbain-Grand-Cru-2014-750ml.png","contentUrl":"https:\/\/wein-werte.com\/wp-content\/uploads\/2026\/04\/Zind-Humbrecht-Riesling-Rangen-de-Thann-Clos-Saint-Urbain-Grand-Cru-2014-750ml.png","width":273,"height":1200,"caption":"Zind-Humbrecht Riesling Rangen de Thann Clos-Saint-Urbain Grand Cru 2014 750ml"},{"@type":"BreadcrumbList","@id":"https:\/\/wein-werte.com\/de\/produkt\/zind-humbrecht-riesling-rangen-de-thann-clos-saint-urbain-grand-cru-2014-750ml\/#breadcrumb","itemListElement":[{"@type":"ListItem","position":1,"name":"Home","item":"https:\/\/wein-werte.com\/de\/"},{"@type":"ListItem","position":2,"name":"Shop","item":"https:\/\/wein-werte.com\/de\/shop\/"},{"@type":"ListItem","position":3,"name":"Zind-Humbrecht | Elsass | Riesling Rangen de Thann Clos-Saint-Urbain Grand Cru | 2014 | 750ml | bio"}]},{"@type":"WebSite","@id":"https:\/\/wein-werte.com\/de\/#website","url":"https:\/\/wein-werte.com\/de\/","name":"Wein Werte","description":"","publisher":{"@id":"https:\/\/wein-werte.com\/de\/#organization"},"potentialAction":[{"@type":"SearchAction","target":{"@type":"EntryPoint","urlTemplate":"https:\/\/wein-werte.com\/de\/?s={search_term_string}"},"query-input":{"@type":"PropertyValueSpecification","valueRequired":true,"valueName":"search_term_string"}}],"inLanguage":"de"},{"@type":"Organization","@id":"https:\/\/wein-werte.com\/de\/#organization","name":"Vins Fins Thorrold","url":"https:\/\/wein-werte.com\/de\/","logo":{"@type":"ImageObject","inLanguage":"de","@id":"https:\/\/wein-werte.com\/de\/#\/schema\/logo\/image\/","url":"https:\/\/wein-werte.com\/wp-content\/uploads\/2023\/07\/Wein_werte_Logo700-1.png","contentUrl":"https:\/\/wein-werte.com\/wp-content\/uploads\/2023\/07\/Wein_werte_Logo700-1.png","width":700,"height":272,"caption":"Vins Fins Thorrold"},"image":{"@id":"https:\/\/wein-werte.com\/de\/#\/schema\/logo\/image\/"}}]}},"_links":{"self":[{"href":"https:\/\/wein-werte.com\/de\/wp-json\/wp\/v2\/product\/1135034","targetHints":{"allow":["GET"]}}],"collection":[{"href":"https:\/\/wein-werte.com\/de\/wp-json\/wp\/v2\/product"}],"about":[{"href":"https:\/\/wein-werte.com\/de\/wp-json\/wp\/v2\/types\/product"}],"wp:featuredmedia":[{"embeddable":true,"href":"https:\/\/wein-werte.com\/de\/wp-json\/wp\/v2\/media\/1145100"}],"wp:attachment":[{"href":"https:\/\/wein-werte.com\/de\/wp-json\/wp\/v2\/media?parent=1135034"}],"wp:term":[{"taxonomy":"product_brand","embeddable":true,"href":"https:\/\/wein-werte.com\/de\/wp-json\/wp\/v2\/product_brand?post=1135034"},{"taxonomy":"product_cat","embeddable":true,"href":"https:\/\/wein-werte.com\/de\/wp-json\/wp\/v2\/product_cat?post=1135034"},{"taxonomy":"product_tag","embeddable":true,"href":"https:\/\/wein-werte.com\/de\/wp-json\/wp\/v2\/product_tag?post=1135034"}],"curies":[{"name":"wp","href":"https:\/\/api.w.org\/{rel}","templated":true}]}}