{"id":1134962,"date":"2026-05-05T18:31:57","date_gmt":"2026-05-05T16:31:57","guid":{"rendered":"https:\/\/wein-werte.com\/product\/albert-mann-riesling-furstentum-grand-cru-2022-750ml\/"},"modified":"2026-04-27T12:03:32","modified_gmt":"2026-04-27T10:03:32","slug":"albert-mann-riesling-furstentum-grand-cru-2022-750ml","status":"publish","type":"product","link":"https:\/\/wein-werte.com\/de\/produkt\/albert-mann-riesling-furstentum-grand-cru-2022-750ml\/","title":{"rendered":"Albert Mann | Elsass | Riesling Furstentum Grand Cru | 2022 | 750ml | bio"},"content":{"rendered":"<p>Produktbeschreibung f\u00fcr Albert Mann Riesling Furstentum Grand Cru 2022 (bio)<\/p>\n<p> Die Domaine Albert Mann ist der Zusammenschluss zweier gro\u00dfer Winzerfamilien: der Familie Mann, die seit Anfang des 17. Jahrhunderts Weinbau betreibt, und der Familie Barthelm\u00e9, den heutigen Eigent\u00fcmern, die seit 1654 im Weinbau aktiv sind. Gelegen in Wettolsheim an der Els\u00e4sser Weinstra\u00dfe, wird jede Parzelle des 25 Hektar gro\u00dfen Betriebs individuell nach biologischen und biodynamischen Grundlagen bearbeitet. Das Furstentum liegt nur 400 Meter Luftlinie vom Schlossberg entfernt, ist aber die k\u00e4lteste der Grand Cru-Lagen: Wenn das Eis am Schlossberg bereits taut, dauert dies im Furstentum gut zehn Tage l\u00e4nger, ein Vorsprung, der sich durch das gesamte Jahr zieht. Gelegen in der Gemeinde Kientzheim, wachsen die Reben dort auf kalkhaltigen B\u00f6den, das Alter der Rebst\u00f6cke betr\u00e4gt rund 30 Jahre. <\/p>\n<h5>Farbe<\/h5>\n<p> Kr\u00e4ftiges Strohgelb mit leuchtenden Reflexen. <\/p>\n<h5>Nase<\/h5>\n<p> Der 2022 Furstentum Riesling Grand Cru von Albert Mann zeigt sich kosmopolitisch im Kelch: Neben Zitrusnoten wie Orangen- und Lindenbl\u00fcten und gr\u00fcner Mandarine zeigen sich Aromen von Quitten, Mispeln und eingelegtem Ingwer. Etwas Sauerteigbrotrinde und Getreidenoten sowie ein Hauch von gr\u00fcnem Tee lassen die Lippen erwartungsvoll zum Glas f\u00fchren. <\/p>\n<h5>Mund<\/h5>\n<p> Im Antrunk zeigt er sich \u00e4u\u00dferst diszipliniert und hat mit pudrig feiner Phenolik einen anregend herben Grip am Gaumen sowie ein eher k\u00fchles Naturell. Gepr\u00e4gt von der reifen, doch weit gespannten S\u00e4ure, wirkt die leicht erdige Mineralik ebenfalls beschleunigend und erfrischend. Die Frucht ist untrennbar mit den herben Noten verbunden, was ihm seinen anregenden Biss und langen Nachhall verleiht.<\/p>\n<p>Copyright Vinaturel 2025<\/p>\n<p>Keywords: <a href=\"https:\/\/wein-werte.com\/de\/shop\/?swoof=1&#038;pa_producer=Albert-Mann\">Albert Mann<\/a> <a href=\"https:\/\/wein-werte.com\/de\/shop\/?swoof=1&#038;woof_text=Riesling Furstentum Grand Cru\">Riesling Furstentum Grand Cru<\/a> 2022 bio <a href=\"https:\/\/wein-werte.com\/de\/shop\/?swoof=1&#038;pa_region=Elsass\">Elsass<\/a> <a href=\"https:\/\/wein-werte.com\/de\/shop\/?swoof=1&#038;pa_country=Frankreich\">Frankreich<\/a><\/p>\n<h3>Wine Advocate<\/h3>\n<p>Punkte: 96+<\/p>\n<p>Der 2022 Alsace Grand Cru Furstentum Riesling ist sehr tiefgr\u00fcndig, intensiv und reichhaltig in der aromatischen Nase, die die Kalksteinb\u00f6den mit Aromen von Bitterorange oder Kumquat und rosa Grapefruit verwebt. Vollmundig, reichhaltig und intensiv am Gaumen, ist dies ein gro\u00dfer, dichter und gro\u00dfz\u00fcgiger, aber eleganter und fast Gew\u00fcrztraminer-\u00e4hnlicher Riesling mit Textur, Konzentration, Kraft und enormem Alterungspotenzial. Er ist definitiv eher ein Furstentum als ein Riesling, und er wird viele Jahre brauchen, um sich zu verfeinern und zum Riesling zu werden. Und selbst wenn das nicht passiert, haben Sie immer noch den Furstentum. 14 % Alkoholgehalt. Naturkorken. Verkostung im April 2024 auf dem Weingut.<br \/>Stephan Reinhardt<\/p>\n<p>Internetseite des Weinguts: <a href=\"https:\/\/www.albertmann.com\/\" target=\"_blank\">https:\/\/www.albertmann.com\/<\/a><\/p>\n","protected":false},"excerpt":{"rendered":"<p>Lieferzeit: 1 bis 2 Arbeitstage (DE), 2 bis 5 Arbeitstage (EU and CH)<\/p>\n","protected":false},"featured_media":1145044,"template":"","meta":[],"product_brand":[],"product_cat":[19],"product_tag":[],"class_list":{"0":"post-1134962","1":"product","2":"type-product","3":"status-publish","4":"has-post-thumbnail","6":"product_cat-unkategorisiert","7":"pa_alcohol-for-filter-12892","8":"pa_certified-biodynamic-ja-de","9":"pa_certified-organic-ja-de","10":"pa_colour-weiss","11":"pa_country-frankreich","12":"pa_grape-riesling","13":"pa_parker-points-for-filter-96-de-2","14":"pa_price-for-filter-10698","15":"pa_producer-albert-mann","16":"pa_region-elsass","17":"pa_size-ml-6584","18":"pa_sweetness-trocken-de","19":"pa_type-2-still-de","20":"pa_vintage-2022-de","21":"entry","22":"has-media","24":"first","25":"instock","26":"taxable","27":"shipping-taxable","28":"purchasable","29":"product-type-simple"},"yoast_head":"<!-- This site is optimized with the Yoast SEO plugin v27.5 - https:\/\/yoast.com\/product\/yoast-seo-wordpress\/ -->\n<title>Albert Mann Riesling Furstentum Grand Cru 2022<\/title>\n<meta name=\"description\" content=\"Kaufe Albert Mann Riesling Furstentum Grand Cru 2022 (Riesling, trocken aus Elsass, Frankreich) bei Wein Werte, Ihrem nachhaltigen Onlineshop.\" \/>\n<meta name=\"robots\" content=\"index, follow, max-snippet:-1, max-image-preview:large, max-video-preview:-1\" \/>\n<link rel=\"canonical\" href=\"https:\/\/wein-werte.com\/de\/produkt\/albert-mann-riesling-furstentum-grand-cru-2022-750ml\/\" \/>\n<meta property=\"og:locale\" content=\"de_DE\" \/>\n<meta property=\"og:type\" content=\"article\" \/>\n<meta property=\"og:title\" content=\"Albert Mann Riesling Furstentum Grand Cru 2022\" \/>\n<meta property=\"og:description\" content=\"Kaufe Albert Mann Riesling Furstentum Grand Cru 2022 (Riesling, trocken aus Elsass, Frankreich) bei Wein Werte, Ihrem nachhaltigen Onlineshop.\" \/>\n<meta property=\"og:url\" content=\"https:\/\/wein-werte.com\/de\/produkt\/albert-mann-riesling-furstentum-grand-cru-2022-750ml\/\" \/>\n<meta property=\"og:site_name\" content=\"Wein Werte\" \/>\n<meta property=\"og:image\" content=\"https:\/\/wein-werte.com\/wp-content\/uploads\/2026\/04\/Albert-Mann-Riesling-Furstentum-Grand-Cru-2022-750ml.png\" \/>\n\t<meta property=\"og:image:width\" content=\"263\" \/>\n\t<meta property=\"og:image:height\" content=\"1200\" \/>\n\t<meta property=\"og:image:type\" content=\"image\/png\" \/>\n<meta name=\"twitter:card\" content=\"summary_large_image\" \/>\n<meta name=\"twitter:label1\" content=\"Gesch\u00e4tzte Lesezeit\" \/>\n\t<meta name=\"twitter:data1\" content=\"2\u00a0Minuten\" \/>\n<script type=\"application\/ld+json\" class=\"yoast-schema-graph\">{\"@context\":\"https:\\\/\\\/schema.org\",\"@graph\":[{\"@type\":\"WebPage\",\"@id\":\"https:\\\/\\\/wein-werte.com\\\/de\\\/produkt\\\/albert-mann-riesling-furstentum-grand-cru-2022-750ml\\\/\",\"url\":\"https:\\\/\\\/wein-werte.com\\\/de\\\/produkt\\\/albert-mann-riesling-furstentum-grand-cru-2022-750ml\\\/\",\"name\":\"Albert Mann Riesling Furstentum Grand Cru 2022\",\"isPartOf\":{\"@id\":\"https:\\\/\\\/wein-werte.com\\\/de\\\/#website\"},\"primaryImageOfPage\":{\"@id\":\"https:\\\/\\\/wein-werte.com\\\/de\\\/produkt\\\/albert-mann-riesling-furstentum-grand-cru-2022-750ml\\\/#primaryimage\"},\"image\":{\"@id\":\"https:\\\/\\\/wein-werte.com\\\/de\\\/produkt\\\/albert-mann-riesling-furstentum-grand-cru-2022-750ml\\\/#primaryimage\"},\"thumbnailUrl\":\"https:\\\/\\\/wein-werte.com\\\/wp-content\\\/uploads\\\/2026\\\/04\\\/Albert-Mann-Riesling-Furstentum-Grand-Cru-2022-750ml.png\",\"datePublished\":\"2026-05-05T16:31:57+00:00\",\"description\":\"Kaufe Albert Mann Riesling Furstentum Grand Cru 2022 (Riesling, trocken aus Elsass, Frankreich) bei Wein Werte, Ihrem nachhaltigen Onlineshop.\",\"breadcrumb\":{\"@id\":\"https:\\\/\\\/wein-werte.com\\\/de\\\/produkt\\\/albert-mann-riesling-furstentum-grand-cru-2022-750ml\\\/#breadcrumb\"},\"inLanguage\":\"de\",\"potentialAction\":[{\"@type\":\"ReadAction\",\"target\":[\"https:\\\/\\\/wein-werte.com\\\/de\\\/produkt\\\/albert-mann-riesling-furstentum-grand-cru-2022-750ml\\\/\"]}]},{\"@type\":\"ImageObject\",\"inLanguage\":\"de\",\"@id\":\"https:\\\/\\\/wein-werte.com\\\/de\\\/produkt\\\/albert-mann-riesling-furstentum-grand-cru-2022-750ml\\\/#primaryimage\",\"url\":\"https:\\\/\\\/wein-werte.com\\\/wp-content\\\/uploads\\\/2026\\\/04\\\/Albert-Mann-Riesling-Furstentum-Grand-Cru-2022-750ml.png\",\"contentUrl\":\"https:\\\/\\\/wein-werte.com\\\/wp-content\\\/uploads\\\/2026\\\/04\\\/Albert-Mann-Riesling-Furstentum-Grand-Cru-2022-750ml.png\",\"width\":263,\"height\":1200,\"caption\":\"Albert Mann Riesling Furstentum Grand Cru 2022 750ml\"},{\"@type\":\"BreadcrumbList\",\"@id\":\"https:\\\/\\\/wein-werte.com\\\/de\\\/produkt\\\/albert-mann-riesling-furstentum-grand-cru-2022-750ml\\\/#breadcrumb\",\"itemListElement\":[{\"@type\":\"ListItem\",\"position\":1,\"name\":\"Home\",\"item\":\"https:\\\/\\\/wein-werte.com\\\/de\\\/\"},{\"@type\":\"ListItem\",\"position\":2,\"name\":\"Shop\",\"item\":\"https:\\\/\\\/wein-werte.com\\\/de\\\/shop\\\/\"},{\"@type\":\"ListItem\",\"position\":3,\"name\":\"Albert Mann | Elsass | Riesling Furstentum Grand Cru | 2022 | 750ml | bio\"}]},{\"@type\":\"WebSite\",\"@id\":\"https:\\\/\\\/wein-werte.com\\\/de\\\/#website\",\"url\":\"https:\\\/\\\/wein-werte.com\\\/de\\\/\",\"name\":\"Wein Werte\",\"description\":\"\",\"publisher\":{\"@id\":\"https:\\\/\\\/wein-werte.com\\\/de\\\/#organization\"},\"potentialAction\":[{\"@type\":\"SearchAction\",\"target\":{\"@type\":\"EntryPoint\",\"urlTemplate\":\"https:\\\/\\\/wein-werte.com\\\/de\\\/?s={search_term_string}\"},\"query-input\":{\"@type\":\"PropertyValueSpecification\",\"valueRequired\":true,\"valueName\":\"search_term_string\"}}],\"inLanguage\":\"de\"},{\"@type\":\"Organization\",\"@id\":\"https:\\\/\\\/wein-werte.com\\\/de\\\/#organization\",\"name\":\"Vins Fins Thorrold\",\"url\":\"https:\\\/\\\/wein-werte.com\\\/de\\\/\",\"logo\":{\"@type\":\"ImageObject\",\"inLanguage\":\"de\",\"@id\":\"https:\\\/\\\/wein-werte.com\\\/de\\\/#\\\/schema\\\/logo\\\/image\\\/\",\"url\":\"https:\\\/\\\/wein-werte.com\\\/wp-content\\\/uploads\\\/2023\\\/07\\\/Wein_werte_Logo700-1.png\",\"contentUrl\":\"https:\\\/\\\/wein-werte.com\\\/wp-content\\\/uploads\\\/2023\\\/07\\\/Wein_werte_Logo700-1.png\",\"width\":700,\"height\":272,\"caption\":\"Vins Fins Thorrold\"},\"image\":{\"@id\":\"https:\\\/\\\/wein-werte.com\\\/de\\\/#\\\/schema\\\/logo\\\/image\\\/\"}}]}<\/script>\n<!-- \/ Yoast SEO plugin. -->","yoast_head_json":{"title":"Albert Mann Riesling Furstentum Grand Cru 2022","description":"Kaufe Albert Mann Riesling Furstentum Grand Cru 2022 (Riesling, trocken aus Elsass, Frankreich) bei Wein Werte, Ihrem nachhaltigen Onlineshop.","robots":{"index":"index","follow":"follow","max-snippet":"max-snippet:-1","max-image-preview":"max-image-preview:large","max-video-preview":"max-video-preview:-1"},"canonical":"https:\/\/wein-werte.com\/de\/produkt\/albert-mann-riesling-furstentum-grand-cru-2022-750ml\/","og_locale":"de_DE","og_type":"article","og_title":"Albert Mann Riesling Furstentum Grand Cru 2022","og_description":"Kaufe Albert Mann Riesling Furstentum Grand Cru 2022 (Riesling, trocken aus Elsass, Frankreich) bei Wein Werte, Ihrem nachhaltigen Onlineshop.","og_url":"https:\/\/wein-werte.com\/de\/produkt\/albert-mann-riesling-furstentum-grand-cru-2022-750ml\/","og_site_name":"Wein Werte","og_image":[{"width":263,"height":1200,"url":"https:\/\/wein-werte.com\/wp-content\/uploads\/2026\/04\/Albert-Mann-Riesling-Furstentum-Grand-Cru-2022-750ml.png","type":"image\/png"}],"twitter_card":"summary_large_image","twitter_misc":{"Gesch\u00e4tzte Lesezeit":"2\u00a0Minuten"},"schema":{"@context":"https:\/\/schema.org","@graph":[{"@type":"WebPage","@id":"https:\/\/wein-werte.com\/de\/produkt\/albert-mann-riesling-furstentum-grand-cru-2022-750ml\/","url":"https:\/\/wein-werte.com\/de\/produkt\/albert-mann-riesling-furstentum-grand-cru-2022-750ml\/","name":"Albert Mann Riesling Furstentum Grand Cru 2022","isPartOf":{"@id":"https:\/\/wein-werte.com\/de\/#website"},"primaryImageOfPage":{"@id":"https:\/\/wein-werte.com\/de\/produkt\/albert-mann-riesling-furstentum-grand-cru-2022-750ml\/#primaryimage"},"image":{"@id":"https:\/\/wein-werte.com\/de\/produkt\/albert-mann-riesling-furstentum-grand-cru-2022-750ml\/#primaryimage"},"thumbnailUrl":"https:\/\/wein-werte.com\/wp-content\/uploads\/2026\/04\/Albert-Mann-Riesling-Furstentum-Grand-Cru-2022-750ml.png","datePublished":"2026-05-05T16:31:57+00:00","description":"Kaufe Albert Mann Riesling Furstentum Grand Cru 2022 (Riesling, trocken aus Elsass, Frankreich) bei Wein Werte, Ihrem nachhaltigen Onlineshop.","breadcrumb":{"@id":"https:\/\/wein-werte.com\/de\/produkt\/albert-mann-riesling-furstentum-grand-cru-2022-750ml\/#breadcrumb"},"inLanguage":"de","potentialAction":[{"@type":"ReadAction","target":["https:\/\/wein-werte.com\/de\/produkt\/albert-mann-riesling-furstentum-grand-cru-2022-750ml\/"]}]},{"@type":"ImageObject","inLanguage":"de","@id":"https:\/\/wein-werte.com\/de\/produkt\/albert-mann-riesling-furstentum-grand-cru-2022-750ml\/#primaryimage","url":"https:\/\/wein-werte.com\/wp-content\/uploads\/2026\/04\/Albert-Mann-Riesling-Furstentum-Grand-Cru-2022-750ml.png","contentUrl":"https:\/\/wein-werte.com\/wp-content\/uploads\/2026\/04\/Albert-Mann-Riesling-Furstentum-Grand-Cru-2022-750ml.png","width":263,"height":1200,"caption":"Albert Mann Riesling Furstentum Grand Cru 2022 750ml"},{"@type":"BreadcrumbList","@id":"https:\/\/wein-werte.com\/de\/produkt\/albert-mann-riesling-furstentum-grand-cru-2022-750ml\/#breadcrumb","itemListElement":[{"@type":"ListItem","position":1,"name":"Home","item":"https:\/\/wein-werte.com\/de\/"},{"@type":"ListItem","position":2,"name":"Shop","item":"https:\/\/wein-werte.com\/de\/shop\/"},{"@type":"ListItem","position":3,"name":"Albert Mann | Elsass | Riesling Furstentum Grand Cru | 2022 | 750ml | bio"}]},{"@type":"WebSite","@id":"https:\/\/wein-werte.com\/de\/#website","url":"https:\/\/wein-werte.com\/de\/","name":"Wein Werte","description":"","publisher":{"@id":"https:\/\/wein-werte.com\/de\/#organization"},"potentialAction":[{"@type":"SearchAction","target":{"@type":"EntryPoint","urlTemplate":"https:\/\/wein-werte.com\/de\/?s={search_term_string}"},"query-input":{"@type":"PropertyValueSpecification","valueRequired":true,"valueName":"search_term_string"}}],"inLanguage":"de"},{"@type":"Organization","@id":"https:\/\/wein-werte.com\/de\/#organization","name":"Vins Fins Thorrold","url":"https:\/\/wein-werte.com\/de\/","logo":{"@type":"ImageObject","inLanguage":"de","@id":"https:\/\/wein-werte.com\/de\/#\/schema\/logo\/image\/","url":"https:\/\/wein-werte.com\/wp-content\/uploads\/2023\/07\/Wein_werte_Logo700-1.png","contentUrl":"https:\/\/wein-werte.com\/wp-content\/uploads\/2023\/07\/Wein_werte_Logo700-1.png","width":700,"height":272,"caption":"Vins Fins Thorrold"},"image":{"@id":"https:\/\/wein-werte.com\/de\/#\/schema\/logo\/image\/"}}]}},"_links":{"self":[{"href":"https:\/\/wein-werte.com\/de\/wp-json\/wp\/v2\/product\/1134962","targetHints":{"allow":["GET"]}}],"collection":[{"href":"https:\/\/wein-werte.com\/de\/wp-json\/wp\/v2\/product"}],"about":[{"href":"https:\/\/wein-werte.com\/de\/wp-json\/wp\/v2\/types\/product"}],"wp:featuredmedia":[{"embeddable":true,"href":"https:\/\/wein-werte.com\/de\/wp-json\/wp\/v2\/media\/1145044"}],"wp:attachment":[{"href":"https:\/\/wein-werte.com\/de\/wp-json\/wp\/v2\/media?parent=1134962"}],"wp:term":[{"taxonomy":"product_brand","embeddable":true,"href":"https:\/\/wein-werte.com\/de\/wp-json\/wp\/v2\/product_brand?post=1134962"},{"taxonomy":"product_cat","embeddable":true,"href":"https:\/\/wein-werte.com\/de\/wp-json\/wp\/v2\/product_cat?post=1134962"},{"taxonomy":"product_tag","embeddable":true,"href":"https:\/\/wein-werte.com\/de\/wp-json\/wp\/v2\/product_tag?post=1134962"}],"curies":[{"name":"wp","href":"https:\/\/api.w.org\/{rel}","templated":true}]}}