{"id":1134937,"date":"2026-05-05T18:31:55","date_gmt":"2026-05-05T16:31:55","guid":{"rendered":"https:\/\/wein-werte.com\/product\/albert-mann-pinot-gris-furstentum-grand-cru-2019-750ml\/"},"modified":"2026-04-27T12:03:30","modified_gmt":"2026-04-27T10:03:30","slug":"albert-mann-pinot-gris-furstentum-grand-cru-2019-750ml","status":"publish","type":"product","link":"https:\/\/wein-werte.com\/de\/produkt\/albert-mann-pinot-gris-furstentum-grand-cru-2019-750ml\/","title":{"rendered":"Albert Mann | Elsass | Pinot Gris Furstentum Grand Cru | 2019 | 750ml | bio"},"content":{"rendered":"<p>Produktbeschreibung f\u00fcr Albert Mann Pinot Gris Furstentum Grand Cru 2019 (bio) <\/p>\n<h5>Info<\/h5>\n<p> Die Grand Cru Lage Furstentum in Kientzheim wurde erstmalig im Jahre 1330 erw\u00e4hnt. Der Pinot Gris-St\u00f6cke wachsen auf Kalkh\u00e4ngen, die nach S\u00fcden ausgerichtet sind und weisen ein Rebalter von mindestens 25 Jahren auf. Der Jahrgang 2019 begann komplex f\u00fcr den Betrieb, schaffte aber die Kurve im Verlauf des Sommers. Das Ergebnis waren brillante, gro\u00dfz\u00fcgige Weine, die Balance zeigten und von markanten S\u00e4urestrukturen gepr\u00e4gt sind. Vinifikation und Ausbau finden komplett im Stahltank statt. 3g\/l Restzucker treffen auf 4,5g\/l S\u00e4ure. <\/p>\n<h5>Farbe<\/h5>\n<p> Strahlendes Goldgelb mit hellen und bernsteinfarbenen Reflexen <\/p>\n<h5>Nase<\/h5>\n<p> Grauburgunder kann auch anders\u2026 Die Nase ist zun\u00e4chst recht verhalten, aber voller Tiefgr\u00fcndigkeit. Kandierte Quitte und Ingwer, karamellisierte Birne und getrocknete Aprikose pr\u00e4gen die Nase. Bienenstich und arte Tatin kommen mir in den Sinn. Also karamellisierte \u00c4pfel und ger\u00f6stete Mandeln sowie Biskuitteig. Trotz all dieser intensiver Nuancen vermittelt er nicht ansatzweise ein Gef\u00fchl von S\u00fc\u00dfe. Allein das ist f\u00fcr mich eine Sensation. Etwas Feuerstein und kalter Rauch machen sich breit. Die Nuancen von kandiertem Ingwer werden nun immer st\u00e4rker. Artischocke, Fenchel sowie gelbe R\u00fcben breiten sich aus. er wirkt etherisch, vegetabil und doch erdig. Kardamom, Zimt und Nelke sorgen f\u00fcr reichlich W\u00fcrze. Gespannt blicke ich dem ersten Schluck entgegen. <\/p>\n<h5>Gaumen<\/h5>\n<p> Dieser trockene Pinot Gris aus der Grand Cru-Lage Furstentum weist wahnsinnig viele Schichten an Aromen und Texturen auf. Er ist weder brav noch aufdringlich, sondern ruht einfach in sich. Er strahlt Weisheit und Lebenserfahrung aus. Er verliert nie seine Herkunft aus den Augen. Ein ehrlicher Schluck Wein voller Intensit\u00e4t. Er bringt die Aromatik der Nase sehr gut r\u00fcber. Aber dabei ist er in einen seidigen Cocon geh\u00fcllt. Nichts kann ausbrechen. Die Frucht, die W\u00fcrze, seine Ausfl\u00fcge in die Patisserie \u2013 alles bleibt in dieser eleganten Struktur und an Ort &amp; Stelle. Bei sehr moderater S\u00e4ure gelingt es ihm dennoch eine L\u00e4nge und stille Gr\u00f6\u00dfe zu erzeugen. Mit jedem Schluck steigt mein Respekt vor dieser Leistung, ohne in Euphorie auszubrechen. Manchmal ben\u00f6tigt es dies aber auch gar nicht\u2026 <\/p>\n<p>Copyright Vinaturel 2025<\/p>\n<p>Keywords: <a href=\"https:\/\/wein-werte.com\/de\/shop\/?swoof=1&#038;pa_producer=Albert-Mann\">Albert Mann<\/a> <a href=\"https:\/\/wein-werte.com\/de\/shop\/?swoof=1&#038;woof_text=Pinot Gris Furstentum Grand Cru\">Pinot Gris Furstentum Grand Cru<\/a> 2019 bio <a href=\"https:\/\/wein-werte.com\/de\/shop\/?swoof=1&#038;pa_region=Elsass\">Elsass<\/a> <a href=\"https:\/\/wein-werte.com\/de\/shop\/?swoof=1&#038;pa_country=Frankreich\">Frankreich<\/a><\/p>\n<h3>Wine Advocate<\/h3>\n<p>Punkte: 91<\/p>\n<p>Der im Februar 2021 abgef\u00fcllte, wei\u00dfgoldene Pinot Gris Grand Cru Furstentum 2019 bietet ein sehr klares, helles, frisches und feinaromatisches Bouquet von reifen Birnen, Kamille und zersto\u00dfenem Kalkstein. Vollmundig, intensiv und kraftvoll, aber auch frisch und salzig am Gaumen, ist dieser Pinot Gris dicht und kantig, leicht bitter und alkoholisch, ja sogar schwerf\u00e4llig. Er hat nicht die strukturelle oder salzige L\u00e4nge entwickelt, die sein Terroir verdient, sondern ist eher bitter. Normalerweise stammt er aus drei verschiedenen Parzellen, die gemeinsam gelesen und gepresst wurden. Der 2019er basiert auf einer gestaffelten Ernte der Parzellen, die entsprechend ihrer jeweiligen Reife geerntet wurden, um einen trockenen und bek\u00f6mmlichen Pinot Gris zu erhalten. Die fr\u00fcheren Jahrg\u00e4nge wurden halbtrocken bis lieblich abgef\u00fcllt. 14 % Alkoholgehalt. Naturkorken. Verkostung im Mai 2022 auf dem Weingut.<br \/>Stephan Reinhardt<\/p>\n<p>Internetseite des Weinguts: <a href=\"https:\/\/www.albertmann.com\/\" target=\"_blank\">https:\/\/www.albertmann.com\/<\/a><\/p>\n","protected":false},"excerpt":{"rendered":"<p>Lieferzeit: 1 bis 2 Arbeitstage (DE), 2 bis 5 Arbeitstage (EU and CH)<\/p>\n","protected":false},"featured_media":1145024,"template":"","meta":[],"product_brand":[],"product_cat":[19],"product_tag":[],"class_list":{"0":"post-1134937","1":"product","2":"type-product","3":"status-publish","4":"has-post-thumbnail","6":"product_cat-unkategorisiert","7":"pa_alcohol-for-filter-12892","8":"pa_certified-biodynamic-ja-de","9":"pa_certified-organic-ja-de","10":"pa_colour-weiss","11":"pa_country-frankreich","12":"pa_grape-pinot-gris-grauburgunder","13":"pa_parker-points-for-filter-91-de-2","14":"pa_price-for-filter-10605","15":"pa_producer-albert-mann","16":"pa_region-elsass","17":"pa_size-ml-6584","18":"pa_sweetness-trocken-de","19":"pa_type-2-still-de","20":"pa_vintage-2019-de","21":"entry","22":"has-media","24":"first","25":"instock","26":"taxable","27":"shipping-taxable","28":"purchasable","29":"product-type-simple"},"yoast_head":"<!-- This site is optimized with the Yoast SEO plugin v27.5 - https:\/\/yoast.com\/product\/yoast-seo-wordpress\/ -->\n<title>Albert Mann Pinot Gris Furstentum Grand Cru 2019<\/title>\n<meta name=\"description\" content=\"Kaufe Albert Mann Pinot Gris Furstentum Grand Cru 2019 (Pinot Gris, trocken aus Elsass, Frankreich) bei Wein Werte, Ihrem nachhaltigen Onlineshop.\" \/>\n<meta name=\"robots\" content=\"index, follow, max-snippet:-1, max-image-preview:large, max-video-preview:-1\" \/>\n<link rel=\"canonical\" href=\"https:\/\/wein-werte.com\/de\/produkt\/albert-mann-pinot-gris-furstentum-grand-cru-2019-750ml\/\" \/>\n<meta property=\"og:locale\" content=\"de_DE\" \/>\n<meta property=\"og:type\" content=\"article\" \/>\n<meta property=\"og:title\" content=\"Albert Mann Pinot Gris Furstentum Grand Cru 2019\" \/>\n<meta property=\"og:description\" content=\"Kaufe Albert Mann Pinot Gris Furstentum Grand Cru 2019 (Pinot Gris, trocken aus Elsass, Frankreich) bei Wein Werte, Ihrem nachhaltigen Onlineshop.\" \/>\n<meta property=\"og:url\" content=\"https:\/\/wein-werte.com\/de\/produkt\/albert-mann-pinot-gris-furstentum-grand-cru-2019-750ml\/\" \/>\n<meta property=\"og:site_name\" content=\"Wein Werte\" \/>\n<meta property=\"og:image\" content=\"https:\/\/wein-werte.com\/wp-content\/uploads\/2026\/04\/Albert-Mann-Pinot-Gris-Furstentum-Grand-Cru-2019-750ml.png\" \/>\n\t<meta property=\"og:image:width\" content=\"264\" \/>\n\t<meta property=\"og:image:height\" content=\"1200\" \/>\n\t<meta property=\"og:image:type\" content=\"image\/png\" \/>\n<meta name=\"twitter:card\" content=\"summary_large_image\" \/>\n<meta name=\"twitter:label1\" content=\"Gesch\u00e4tzte Lesezeit\" \/>\n\t<meta name=\"twitter:data1\" content=\"3\u00a0Minuten\" \/>\n<script type=\"application\/ld+json\" class=\"yoast-schema-graph\">{\"@context\":\"https:\\\/\\\/schema.org\",\"@graph\":[{\"@type\":\"WebPage\",\"@id\":\"https:\\\/\\\/wein-werte.com\\\/de\\\/produkt\\\/albert-mann-pinot-gris-furstentum-grand-cru-2019-750ml\\\/\",\"url\":\"https:\\\/\\\/wein-werte.com\\\/de\\\/produkt\\\/albert-mann-pinot-gris-furstentum-grand-cru-2019-750ml\\\/\",\"name\":\"Albert Mann Pinot Gris Furstentum Grand Cru 2019\",\"isPartOf\":{\"@id\":\"https:\\\/\\\/wein-werte.com\\\/de\\\/#website\"},\"primaryImageOfPage\":{\"@id\":\"https:\\\/\\\/wein-werte.com\\\/de\\\/produkt\\\/albert-mann-pinot-gris-furstentum-grand-cru-2019-750ml\\\/#primaryimage\"},\"image\":{\"@id\":\"https:\\\/\\\/wein-werte.com\\\/de\\\/produkt\\\/albert-mann-pinot-gris-furstentum-grand-cru-2019-750ml\\\/#primaryimage\"},\"thumbnailUrl\":\"https:\\\/\\\/wein-werte.com\\\/wp-content\\\/uploads\\\/2026\\\/04\\\/Albert-Mann-Pinot-Gris-Furstentum-Grand-Cru-2019-750ml.png\",\"datePublished\":\"2026-05-05T16:31:55+00:00\",\"description\":\"Kaufe Albert Mann Pinot Gris Furstentum Grand Cru 2019 (Pinot Gris, trocken aus Elsass, Frankreich) bei Wein Werte, Ihrem nachhaltigen Onlineshop.\",\"breadcrumb\":{\"@id\":\"https:\\\/\\\/wein-werte.com\\\/de\\\/produkt\\\/albert-mann-pinot-gris-furstentum-grand-cru-2019-750ml\\\/#breadcrumb\"},\"inLanguage\":\"de\",\"potentialAction\":[{\"@type\":\"ReadAction\",\"target\":[\"https:\\\/\\\/wein-werte.com\\\/de\\\/produkt\\\/albert-mann-pinot-gris-furstentum-grand-cru-2019-750ml\\\/\"]}]},{\"@type\":\"ImageObject\",\"inLanguage\":\"de\",\"@id\":\"https:\\\/\\\/wein-werte.com\\\/de\\\/produkt\\\/albert-mann-pinot-gris-furstentum-grand-cru-2019-750ml\\\/#primaryimage\",\"url\":\"https:\\\/\\\/wein-werte.com\\\/wp-content\\\/uploads\\\/2026\\\/04\\\/Albert-Mann-Pinot-Gris-Furstentum-Grand-Cru-2019-750ml.png\",\"contentUrl\":\"https:\\\/\\\/wein-werte.com\\\/wp-content\\\/uploads\\\/2026\\\/04\\\/Albert-Mann-Pinot-Gris-Furstentum-Grand-Cru-2019-750ml.png\",\"width\":264,\"height\":1200,\"caption\":\"Albert Mann Pinot Gris Furstentum Grand Cru 2019 750ml\"},{\"@type\":\"BreadcrumbList\",\"@id\":\"https:\\\/\\\/wein-werte.com\\\/de\\\/produkt\\\/albert-mann-pinot-gris-furstentum-grand-cru-2019-750ml\\\/#breadcrumb\",\"itemListElement\":[{\"@type\":\"ListItem\",\"position\":1,\"name\":\"Home\",\"item\":\"https:\\\/\\\/wein-werte.com\\\/de\\\/\"},{\"@type\":\"ListItem\",\"position\":2,\"name\":\"Shop\",\"item\":\"https:\\\/\\\/wein-werte.com\\\/de\\\/shop\\\/\"},{\"@type\":\"ListItem\",\"position\":3,\"name\":\"Albert Mann | Elsass | Pinot Gris Furstentum Grand Cru | 2019 | 750ml | bio\"}]},{\"@type\":\"WebSite\",\"@id\":\"https:\\\/\\\/wein-werte.com\\\/de\\\/#website\",\"url\":\"https:\\\/\\\/wein-werte.com\\\/de\\\/\",\"name\":\"Wein Werte\",\"description\":\"\",\"publisher\":{\"@id\":\"https:\\\/\\\/wein-werte.com\\\/de\\\/#organization\"},\"potentialAction\":[{\"@type\":\"SearchAction\",\"target\":{\"@type\":\"EntryPoint\",\"urlTemplate\":\"https:\\\/\\\/wein-werte.com\\\/de\\\/?s={search_term_string}\"},\"query-input\":{\"@type\":\"PropertyValueSpecification\",\"valueRequired\":true,\"valueName\":\"search_term_string\"}}],\"inLanguage\":\"de\"},{\"@type\":\"Organization\",\"@id\":\"https:\\\/\\\/wein-werte.com\\\/de\\\/#organization\",\"name\":\"Vins Fins Thorrold\",\"url\":\"https:\\\/\\\/wein-werte.com\\\/de\\\/\",\"logo\":{\"@type\":\"ImageObject\",\"inLanguage\":\"de\",\"@id\":\"https:\\\/\\\/wein-werte.com\\\/de\\\/#\\\/schema\\\/logo\\\/image\\\/\",\"url\":\"https:\\\/\\\/wein-werte.com\\\/wp-content\\\/uploads\\\/2023\\\/07\\\/Wein_werte_Logo700-1.png\",\"contentUrl\":\"https:\\\/\\\/wein-werte.com\\\/wp-content\\\/uploads\\\/2023\\\/07\\\/Wein_werte_Logo700-1.png\",\"width\":700,\"height\":272,\"caption\":\"Vins Fins Thorrold\"},\"image\":{\"@id\":\"https:\\\/\\\/wein-werte.com\\\/de\\\/#\\\/schema\\\/logo\\\/image\\\/\"}}]}<\/script>\n<!-- \/ Yoast SEO plugin. -->","yoast_head_json":{"title":"Albert Mann Pinot Gris Furstentum Grand Cru 2019","description":"Kaufe Albert Mann Pinot Gris Furstentum Grand Cru 2019 (Pinot Gris, trocken aus Elsass, Frankreich) bei Wein Werte, Ihrem nachhaltigen Onlineshop.","robots":{"index":"index","follow":"follow","max-snippet":"max-snippet:-1","max-image-preview":"max-image-preview:large","max-video-preview":"max-video-preview:-1"},"canonical":"https:\/\/wein-werte.com\/de\/produkt\/albert-mann-pinot-gris-furstentum-grand-cru-2019-750ml\/","og_locale":"de_DE","og_type":"article","og_title":"Albert Mann Pinot Gris Furstentum Grand Cru 2019","og_description":"Kaufe Albert Mann Pinot Gris Furstentum Grand Cru 2019 (Pinot Gris, trocken aus Elsass, Frankreich) bei Wein Werte, Ihrem nachhaltigen Onlineshop.","og_url":"https:\/\/wein-werte.com\/de\/produkt\/albert-mann-pinot-gris-furstentum-grand-cru-2019-750ml\/","og_site_name":"Wein Werte","og_image":[{"width":264,"height":1200,"url":"https:\/\/wein-werte.com\/wp-content\/uploads\/2026\/04\/Albert-Mann-Pinot-Gris-Furstentum-Grand-Cru-2019-750ml.png","type":"image\/png"}],"twitter_card":"summary_large_image","twitter_misc":{"Gesch\u00e4tzte Lesezeit":"3\u00a0Minuten"},"schema":{"@context":"https:\/\/schema.org","@graph":[{"@type":"WebPage","@id":"https:\/\/wein-werte.com\/de\/produkt\/albert-mann-pinot-gris-furstentum-grand-cru-2019-750ml\/","url":"https:\/\/wein-werte.com\/de\/produkt\/albert-mann-pinot-gris-furstentum-grand-cru-2019-750ml\/","name":"Albert Mann Pinot Gris Furstentum Grand Cru 2019","isPartOf":{"@id":"https:\/\/wein-werte.com\/de\/#website"},"primaryImageOfPage":{"@id":"https:\/\/wein-werte.com\/de\/produkt\/albert-mann-pinot-gris-furstentum-grand-cru-2019-750ml\/#primaryimage"},"image":{"@id":"https:\/\/wein-werte.com\/de\/produkt\/albert-mann-pinot-gris-furstentum-grand-cru-2019-750ml\/#primaryimage"},"thumbnailUrl":"https:\/\/wein-werte.com\/wp-content\/uploads\/2026\/04\/Albert-Mann-Pinot-Gris-Furstentum-Grand-Cru-2019-750ml.png","datePublished":"2026-05-05T16:31:55+00:00","description":"Kaufe Albert Mann Pinot Gris Furstentum Grand Cru 2019 (Pinot Gris, trocken aus Elsass, Frankreich) bei Wein Werte, Ihrem nachhaltigen Onlineshop.","breadcrumb":{"@id":"https:\/\/wein-werte.com\/de\/produkt\/albert-mann-pinot-gris-furstentum-grand-cru-2019-750ml\/#breadcrumb"},"inLanguage":"de","potentialAction":[{"@type":"ReadAction","target":["https:\/\/wein-werte.com\/de\/produkt\/albert-mann-pinot-gris-furstentum-grand-cru-2019-750ml\/"]}]},{"@type":"ImageObject","inLanguage":"de","@id":"https:\/\/wein-werte.com\/de\/produkt\/albert-mann-pinot-gris-furstentum-grand-cru-2019-750ml\/#primaryimage","url":"https:\/\/wein-werte.com\/wp-content\/uploads\/2026\/04\/Albert-Mann-Pinot-Gris-Furstentum-Grand-Cru-2019-750ml.png","contentUrl":"https:\/\/wein-werte.com\/wp-content\/uploads\/2026\/04\/Albert-Mann-Pinot-Gris-Furstentum-Grand-Cru-2019-750ml.png","width":264,"height":1200,"caption":"Albert Mann Pinot Gris Furstentum Grand Cru 2019 750ml"},{"@type":"BreadcrumbList","@id":"https:\/\/wein-werte.com\/de\/produkt\/albert-mann-pinot-gris-furstentum-grand-cru-2019-750ml\/#breadcrumb","itemListElement":[{"@type":"ListItem","position":1,"name":"Home","item":"https:\/\/wein-werte.com\/de\/"},{"@type":"ListItem","position":2,"name":"Shop","item":"https:\/\/wein-werte.com\/de\/shop\/"},{"@type":"ListItem","position":3,"name":"Albert Mann | Elsass | Pinot Gris Furstentum Grand Cru | 2019 | 750ml | bio"}]},{"@type":"WebSite","@id":"https:\/\/wein-werte.com\/de\/#website","url":"https:\/\/wein-werte.com\/de\/","name":"Wein Werte","description":"","publisher":{"@id":"https:\/\/wein-werte.com\/de\/#organization"},"potentialAction":[{"@type":"SearchAction","target":{"@type":"EntryPoint","urlTemplate":"https:\/\/wein-werte.com\/de\/?s={search_term_string}"},"query-input":{"@type":"PropertyValueSpecification","valueRequired":true,"valueName":"search_term_string"}}],"inLanguage":"de"},{"@type":"Organization","@id":"https:\/\/wein-werte.com\/de\/#organization","name":"Vins Fins Thorrold","url":"https:\/\/wein-werte.com\/de\/","logo":{"@type":"ImageObject","inLanguage":"de","@id":"https:\/\/wein-werte.com\/de\/#\/schema\/logo\/image\/","url":"https:\/\/wein-werte.com\/wp-content\/uploads\/2023\/07\/Wein_werte_Logo700-1.png","contentUrl":"https:\/\/wein-werte.com\/wp-content\/uploads\/2023\/07\/Wein_werte_Logo700-1.png","width":700,"height":272,"caption":"Vins Fins Thorrold"},"image":{"@id":"https:\/\/wein-werte.com\/de\/#\/schema\/logo\/image\/"}}]}},"_links":{"self":[{"href":"https:\/\/wein-werte.com\/de\/wp-json\/wp\/v2\/product\/1134937","targetHints":{"allow":["GET"]}}],"collection":[{"href":"https:\/\/wein-werte.com\/de\/wp-json\/wp\/v2\/product"}],"about":[{"href":"https:\/\/wein-werte.com\/de\/wp-json\/wp\/v2\/types\/product"}],"wp:featuredmedia":[{"embeddable":true,"href":"https:\/\/wein-werte.com\/de\/wp-json\/wp\/v2\/media\/1145024"}],"wp:attachment":[{"href":"https:\/\/wein-werte.com\/de\/wp-json\/wp\/v2\/media?parent=1134937"}],"wp:term":[{"taxonomy":"product_brand","embeddable":true,"href":"https:\/\/wein-werte.com\/de\/wp-json\/wp\/v2\/product_brand?post=1134937"},{"taxonomy":"product_cat","embeddable":true,"href":"https:\/\/wein-werte.com\/de\/wp-json\/wp\/v2\/product_cat?post=1134937"},{"taxonomy":"product_tag","embeddable":true,"href":"https:\/\/wein-werte.com\/de\/wp-json\/wp\/v2\/product_tag?post=1134937"}],"curies":[{"name":"wp","href":"https:\/\/api.w.org\/{rel}","templated":true}]}}