{"id":1134867,"date":"2026-05-05T18:31:50","date_gmt":"2026-05-05T16:31:50","guid":{"rendered":"https:\/\/wein-werte.com\/product\/charlopin-tissier-marsannay-les-longeroies-rouge-2022-750ml\/"},"modified":"2026-04-27T12:03:20","modified_gmt":"2026-04-27T10:03:20","slug":"charlopin-tissier-marsannay-les-longeroies-rouge-2022-750ml","status":"publish","type":"product","link":"https:\/\/wein-werte.com\/de\/produkt\/charlopin-tissier-marsannay-les-longeroies-rouge-2022-750ml\/","title":{"rendered":"Charlopin Tissier | Burgund | Marsannay &#8220;Les Longeroies&#8221; rouge AOC | 2022 | 750ml"},"content":{"rendered":"<p>Produktbeschreibung f\u00fcr Charlopin Tissier Marsannay &#8220;Les Longeroies&#8221; rouge AOC 2022  <\/p>\n<h5>Informationen zum Wein<\/h5>\n<p> Der Wein stammt von Rebst\u00f6cken in 10.000er Dichtpflanzung im Climat Les Longerois (38,32 Hektar gesamt) in Marsannay. Die 1,4 Hektar f\u00fcr diesen Wein erstrecken sich \u00fcber die Mitte des Hanges und umfassen sowohl die Dessus des Longeroies mit Kalkmoden als auch die Bas des Longeroies mit rotem Mergel. Nach Entrappung, k\u00fchler Vorverg\u00e4rung und Spontanverg\u00e4rung wurde der Wein langsam auf der Feinhefe \u00fcber 16 Monate in 228-Liter-Barriques (vor allem von Fran\u00e7ois Fr\u00e8res) mit einem Neuholzanteil von 20 bis 30% ausgebaut. <\/p>\n<h5>Farbe<\/h5>\n<p> dichtes Granatrot <\/p>\n<h5>Nase<\/h5>\n<p> Von den drei Lagen-Marsannay ist \u00bbLes Longeroies\u00ab der Pinot Noir, der am meisten Zeit braucht. Zu Beginn wirkt er recht laktisch und reduktiv, doch dann bl\u00fcht er in der Karaffe auf und zeigt neben Resten von Schie\u00dfpulver und Cassis deutliche Noten von Waldfrucht, Kirschen und Cranberry. Dazu kommt ein wenig Preiselbeersahne, Unterholz, m\u00fcrbes Holz und ein Touch von Vanille. <\/p>\n<h5>Gaumen<\/h5>\n<p> Am Gaumen ist der Pinot Noir ein saftiger, in angenehmer Weise leicht herber und k\u00fchler Wein, der trotzdem ein wenig Extrakts\u00fc\u00dfe und eine durchaus fleischige Frucht besitzt. Es ist ein noch blutjunger, anspruchsvoller Marsannay, der pr\u00e4zise gearbeitet ist, eine agile S\u00e4ure und ein reifes, festes, mittelk\u00f6rniges Tannin besitzt. \u00bbLes Longeroies\u00ab hat zudem eine sehr sch\u00f6ne L\u00e4nge mit pikanten Noten und einem frischen, s\u00e4uerlichen Zug.<\/p>\n<p>Copyright Vinaturel 2025<\/p>\n<p>Keywords: <a href=\"https:\/\/wein-werte.com\/de\/shop\/?swoof=1&#038;pa_producer=Charlopin-Tissier\">Charlopin Tissier<\/a> <a href=\"https:\/\/wein-werte.com\/de\/shop\/?swoof=1&#038;woof_text=Marsannay \"Les Longeroies\" rouge AOC\">Marsannay &#8220;Les Longeroies&#8221; rouge AOC<\/a> 2022  <a href=\"https:\/\/wein-werte.com\/de\/shop\/?swoof=1&#038;pa_region=Burgund\">Burgund<\/a> <a href=\"https:\/\/wein-werte.com\/de\/shop\/?swoof=1&#038;pa_country=Frankreich\">Frankreich<\/a><\/p>\n","protected":false},"excerpt":{"rendered":"<p>Lieferzeit: 1 bis 2 Arbeitstage (DE), 2 bis 5 Arbeitstage (EU and CH)<\/p>\n","protected":false},"featured_media":1144970,"template":"","meta":[],"product_brand":[],"product_cat":[19],"product_tag":[],"class_list":{"0":"post-1134867","1":"product","2":"type-product","3":"status-publish","4":"has-post-thumbnail","6":"product_cat-unkategorisiert","7":"pa_alcohol-for-filter-13-5","8":"pa_certified-biodynamic-nein-de","9":"pa_certified-organic-nein-de","10":"pa_colour-rot","11":"pa_country-frankreich","12":"pa_grape-pinot-noir-spatburgunder","13":"pa_price-for-filter-10611","14":"pa_producer-charlopin-tissier","15":"pa_region-burgund","16":"pa_size-ml-6584","17":"pa_sweetness-trocken-de","18":"pa_type-2-still-de","19":"pa_vintage-2022-de","20":"entry","21":"has-media","23":"first","24":"instock","25":"taxable","26":"shipping-taxable","27":"purchasable","28":"product-type-simple"},"yoast_head":"<!-- This site is optimized with the Yoast SEO plugin v27.5 - https:\/\/yoast.com\/product\/yoast-seo-wordpress\/ -->\n<title>Charlopin Tissier Marsannay &quot;Les Longeroies&quot; rouge 2022<\/title>\n<meta name=\"description\" content=\"Kaufe Charlopin Tissier Marsannay &quot;Les Longeroies&quot; rouge 2022 (Pinot Noir, trocken aus Burgund, Frankreich) bei Wein Werte, Ihrem nachhaltigen Onlineshop.\" \/>\n<meta name=\"robots\" content=\"index, follow, max-snippet:-1, max-image-preview:large, max-video-preview:-1\" \/>\n<link rel=\"canonical\" href=\"https:\/\/wein-werte.com\/de\/produkt\/charlopin-tissier-marsannay-les-longeroies-rouge-2022-750ml\/\" \/>\n<meta property=\"og:locale\" content=\"de_DE\" \/>\n<meta property=\"og:type\" content=\"article\" \/>\n<meta property=\"og:title\" content=\"Charlopin Tissier Marsannay &quot;Les Longeroies&quot; rouge 2022\" \/>\n<meta property=\"og:description\" content=\"Kaufe Charlopin Tissier Marsannay &quot;Les Longeroies&quot; rouge 2022 (Pinot Noir, trocken aus Burgund, Frankreich) bei Wein Werte, Ihrem nachhaltigen Onlineshop.\" \/>\n<meta property=\"og:url\" content=\"https:\/\/wein-werte.com\/de\/produkt\/charlopin-tissier-marsannay-les-longeroies-rouge-2022-750ml\/\" \/>\n<meta property=\"og:site_name\" content=\"Wein Werte\" \/>\n<meta property=\"og:image\" content=\"https:\/\/wein-werte.com\/wp-content\/uploads\/2026\/04\/Charlopin-Tissier-Marsannay-Les-Longeroies-rouge-2022-750ml.png\" \/>\n\t<meta property=\"og:image:width\" content=\"349\" \/>\n\t<meta property=\"og:image:height\" content=\"1200\" \/>\n\t<meta property=\"og:image:type\" content=\"image\/png\" \/>\n<meta name=\"twitter:card\" content=\"summary_large_image\" \/>\n<meta name=\"twitter:label1\" content=\"Gesch\u00e4tzte Lesezeit\" \/>\n\t<meta name=\"twitter:data1\" content=\"1\u00a0Minute\" \/>\n<script type=\"application\/ld+json\" class=\"yoast-schema-graph\">{\"@context\":\"https:\\\/\\\/schema.org\",\"@graph\":[{\"@type\":\"WebPage\",\"@id\":\"https:\\\/\\\/wein-werte.com\\\/de\\\/produkt\\\/charlopin-tissier-marsannay-les-longeroies-rouge-2022-750ml\\\/\",\"url\":\"https:\\\/\\\/wein-werte.com\\\/de\\\/produkt\\\/charlopin-tissier-marsannay-les-longeroies-rouge-2022-750ml\\\/\",\"name\":\"Charlopin Tissier Marsannay \\\"Les Longeroies\\\" rouge 2022\",\"isPartOf\":{\"@id\":\"https:\\\/\\\/wein-werte.com\\\/de\\\/#website\"},\"primaryImageOfPage\":{\"@id\":\"https:\\\/\\\/wein-werte.com\\\/de\\\/produkt\\\/charlopin-tissier-marsannay-les-longeroies-rouge-2022-750ml\\\/#primaryimage\"},\"image\":{\"@id\":\"https:\\\/\\\/wein-werte.com\\\/de\\\/produkt\\\/charlopin-tissier-marsannay-les-longeroies-rouge-2022-750ml\\\/#primaryimage\"},\"thumbnailUrl\":\"https:\\\/\\\/wein-werte.com\\\/wp-content\\\/uploads\\\/2026\\\/04\\\/Charlopin-Tissier-Marsannay-Les-Longeroies-rouge-2022-750ml.png\",\"datePublished\":\"2026-05-05T16:31:50+00:00\",\"description\":\"Kaufe Charlopin Tissier Marsannay \\\"Les Longeroies\\\" rouge 2022 (Pinot Noir, trocken aus Burgund, Frankreich) bei Wein Werte, Ihrem nachhaltigen Onlineshop.\",\"breadcrumb\":{\"@id\":\"https:\\\/\\\/wein-werte.com\\\/de\\\/produkt\\\/charlopin-tissier-marsannay-les-longeroies-rouge-2022-750ml\\\/#breadcrumb\"},\"inLanguage\":\"de\",\"potentialAction\":[{\"@type\":\"ReadAction\",\"target\":[\"https:\\\/\\\/wein-werte.com\\\/de\\\/produkt\\\/charlopin-tissier-marsannay-les-longeroies-rouge-2022-750ml\\\/\"]}]},{\"@type\":\"ImageObject\",\"inLanguage\":\"de\",\"@id\":\"https:\\\/\\\/wein-werte.com\\\/de\\\/produkt\\\/charlopin-tissier-marsannay-les-longeroies-rouge-2022-750ml\\\/#primaryimage\",\"url\":\"https:\\\/\\\/wein-werte.com\\\/wp-content\\\/uploads\\\/2026\\\/04\\\/Charlopin-Tissier-Marsannay-Les-Longeroies-rouge-2022-750ml.png\",\"contentUrl\":\"https:\\\/\\\/wein-werte.com\\\/wp-content\\\/uploads\\\/2026\\\/04\\\/Charlopin-Tissier-Marsannay-Les-Longeroies-rouge-2022-750ml.png\",\"width\":349,\"height\":1200,\"caption\":\"Charlopin Tissier Marsannay \\\"Les Longeroies\\\" rouge AOC 2022 750ml\"},{\"@type\":\"BreadcrumbList\",\"@id\":\"https:\\\/\\\/wein-werte.com\\\/de\\\/produkt\\\/charlopin-tissier-marsannay-les-longeroies-rouge-2022-750ml\\\/#breadcrumb\",\"itemListElement\":[{\"@type\":\"ListItem\",\"position\":1,\"name\":\"Home\",\"item\":\"https:\\\/\\\/wein-werte.com\\\/de\\\/\"},{\"@type\":\"ListItem\",\"position\":2,\"name\":\"Shop\",\"item\":\"https:\\\/\\\/wein-werte.com\\\/de\\\/shop\\\/\"},{\"@type\":\"ListItem\",\"position\":3,\"name\":\"Charlopin Tissier | Burgund | Marsannay &#8220;Les Longeroies&#8221; rouge AOC | 2022 | 750ml\"}]},{\"@type\":\"WebSite\",\"@id\":\"https:\\\/\\\/wein-werte.com\\\/de\\\/#website\",\"url\":\"https:\\\/\\\/wein-werte.com\\\/de\\\/\",\"name\":\"Wein Werte\",\"description\":\"\",\"publisher\":{\"@id\":\"https:\\\/\\\/wein-werte.com\\\/de\\\/#organization\"},\"potentialAction\":[{\"@type\":\"SearchAction\",\"target\":{\"@type\":\"EntryPoint\",\"urlTemplate\":\"https:\\\/\\\/wein-werte.com\\\/de\\\/?s={search_term_string}\"},\"query-input\":{\"@type\":\"PropertyValueSpecification\",\"valueRequired\":true,\"valueName\":\"search_term_string\"}}],\"inLanguage\":\"de\"},{\"@type\":\"Organization\",\"@id\":\"https:\\\/\\\/wein-werte.com\\\/de\\\/#organization\",\"name\":\"Vins Fins Thorrold\",\"url\":\"https:\\\/\\\/wein-werte.com\\\/de\\\/\",\"logo\":{\"@type\":\"ImageObject\",\"inLanguage\":\"de\",\"@id\":\"https:\\\/\\\/wein-werte.com\\\/de\\\/#\\\/schema\\\/logo\\\/image\\\/\",\"url\":\"https:\\\/\\\/wein-werte.com\\\/wp-content\\\/uploads\\\/2023\\\/07\\\/Wein_werte_Logo700-1.png\",\"contentUrl\":\"https:\\\/\\\/wein-werte.com\\\/wp-content\\\/uploads\\\/2023\\\/07\\\/Wein_werte_Logo700-1.png\",\"width\":700,\"height\":272,\"caption\":\"Vins Fins Thorrold\"},\"image\":{\"@id\":\"https:\\\/\\\/wein-werte.com\\\/de\\\/#\\\/schema\\\/logo\\\/image\\\/\"}}]}<\/script>\n<!-- \/ Yoast SEO plugin. -->","yoast_head_json":{"title":"Charlopin Tissier Marsannay \"Les Longeroies\" rouge 2022","description":"Kaufe Charlopin Tissier Marsannay \"Les Longeroies\" rouge 2022 (Pinot Noir, trocken aus Burgund, Frankreich) bei Wein Werte, Ihrem nachhaltigen Onlineshop.","robots":{"index":"index","follow":"follow","max-snippet":"max-snippet:-1","max-image-preview":"max-image-preview:large","max-video-preview":"max-video-preview:-1"},"canonical":"https:\/\/wein-werte.com\/de\/produkt\/charlopin-tissier-marsannay-les-longeroies-rouge-2022-750ml\/","og_locale":"de_DE","og_type":"article","og_title":"Charlopin Tissier Marsannay \"Les Longeroies\" rouge 2022","og_description":"Kaufe Charlopin Tissier Marsannay \"Les Longeroies\" rouge 2022 (Pinot Noir, trocken aus Burgund, Frankreich) bei Wein Werte, Ihrem nachhaltigen Onlineshop.","og_url":"https:\/\/wein-werte.com\/de\/produkt\/charlopin-tissier-marsannay-les-longeroies-rouge-2022-750ml\/","og_site_name":"Wein Werte","og_image":[{"width":349,"height":1200,"url":"https:\/\/wein-werte.com\/wp-content\/uploads\/2026\/04\/Charlopin-Tissier-Marsannay-Les-Longeroies-rouge-2022-750ml.png","type":"image\/png"}],"twitter_card":"summary_large_image","twitter_misc":{"Gesch\u00e4tzte Lesezeit":"1\u00a0Minute"},"schema":{"@context":"https:\/\/schema.org","@graph":[{"@type":"WebPage","@id":"https:\/\/wein-werte.com\/de\/produkt\/charlopin-tissier-marsannay-les-longeroies-rouge-2022-750ml\/","url":"https:\/\/wein-werte.com\/de\/produkt\/charlopin-tissier-marsannay-les-longeroies-rouge-2022-750ml\/","name":"Charlopin Tissier Marsannay \"Les Longeroies\" rouge 2022","isPartOf":{"@id":"https:\/\/wein-werte.com\/de\/#website"},"primaryImageOfPage":{"@id":"https:\/\/wein-werte.com\/de\/produkt\/charlopin-tissier-marsannay-les-longeroies-rouge-2022-750ml\/#primaryimage"},"image":{"@id":"https:\/\/wein-werte.com\/de\/produkt\/charlopin-tissier-marsannay-les-longeroies-rouge-2022-750ml\/#primaryimage"},"thumbnailUrl":"https:\/\/wein-werte.com\/wp-content\/uploads\/2026\/04\/Charlopin-Tissier-Marsannay-Les-Longeroies-rouge-2022-750ml.png","datePublished":"2026-05-05T16:31:50+00:00","description":"Kaufe Charlopin Tissier Marsannay \"Les Longeroies\" rouge 2022 (Pinot Noir, trocken aus Burgund, Frankreich) bei Wein Werte, Ihrem nachhaltigen Onlineshop.","breadcrumb":{"@id":"https:\/\/wein-werte.com\/de\/produkt\/charlopin-tissier-marsannay-les-longeroies-rouge-2022-750ml\/#breadcrumb"},"inLanguage":"de","potentialAction":[{"@type":"ReadAction","target":["https:\/\/wein-werte.com\/de\/produkt\/charlopin-tissier-marsannay-les-longeroies-rouge-2022-750ml\/"]}]},{"@type":"ImageObject","inLanguage":"de","@id":"https:\/\/wein-werte.com\/de\/produkt\/charlopin-tissier-marsannay-les-longeroies-rouge-2022-750ml\/#primaryimage","url":"https:\/\/wein-werte.com\/wp-content\/uploads\/2026\/04\/Charlopin-Tissier-Marsannay-Les-Longeroies-rouge-2022-750ml.png","contentUrl":"https:\/\/wein-werte.com\/wp-content\/uploads\/2026\/04\/Charlopin-Tissier-Marsannay-Les-Longeroies-rouge-2022-750ml.png","width":349,"height":1200,"caption":"Charlopin Tissier Marsannay \"Les Longeroies\" rouge AOC 2022 750ml"},{"@type":"BreadcrumbList","@id":"https:\/\/wein-werte.com\/de\/produkt\/charlopin-tissier-marsannay-les-longeroies-rouge-2022-750ml\/#breadcrumb","itemListElement":[{"@type":"ListItem","position":1,"name":"Home","item":"https:\/\/wein-werte.com\/de\/"},{"@type":"ListItem","position":2,"name":"Shop","item":"https:\/\/wein-werte.com\/de\/shop\/"},{"@type":"ListItem","position":3,"name":"Charlopin Tissier | Burgund | Marsannay &#8220;Les Longeroies&#8221; rouge AOC | 2022 | 750ml"}]},{"@type":"WebSite","@id":"https:\/\/wein-werte.com\/de\/#website","url":"https:\/\/wein-werte.com\/de\/","name":"Wein Werte","description":"","publisher":{"@id":"https:\/\/wein-werte.com\/de\/#organization"},"potentialAction":[{"@type":"SearchAction","target":{"@type":"EntryPoint","urlTemplate":"https:\/\/wein-werte.com\/de\/?s={search_term_string}"},"query-input":{"@type":"PropertyValueSpecification","valueRequired":true,"valueName":"search_term_string"}}],"inLanguage":"de"},{"@type":"Organization","@id":"https:\/\/wein-werte.com\/de\/#organization","name":"Vins Fins Thorrold","url":"https:\/\/wein-werte.com\/de\/","logo":{"@type":"ImageObject","inLanguage":"de","@id":"https:\/\/wein-werte.com\/de\/#\/schema\/logo\/image\/","url":"https:\/\/wein-werte.com\/wp-content\/uploads\/2023\/07\/Wein_werte_Logo700-1.png","contentUrl":"https:\/\/wein-werte.com\/wp-content\/uploads\/2023\/07\/Wein_werte_Logo700-1.png","width":700,"height":272,"caption":"Vins Fins Thorrold"},"image":{"@id":"https:\/\/wein-werte.com\/de\/#\/schema\/logo\/image\/"}}]}},"_links":{"self":[{"href":"https:\/\/wein-werte.com\/de\/wp-json\/wp\/v2\/product\/1134867","targetHints":{"allow":["GET"]}}],"collection":[{"href":"https:\/\/wein-werte.com\/de\/wp-json\/wp\/v2\/product"}],"about":[{"href":"https:\/\/wein-werte.com\/de\/wp-json\/wp\/v2\/types\/product"}],"wp:featuredmedia":[{"embeddable":true,"href":"https:\/\/wein-werte.com\/de\/wp-json\/wp\/v2\/media\/1144970"}],"wp:attachment":[{"href":"https:\/\/wein-werte.com\/de\/wp-json\/wp\/v2\/media?parent=1134867"}],"wp:term":[{"taxonomy":"product_brand","embeddable":true,"href":"https:\/\/wein-werte.com\/de\/wp-json\/wp\/v2\/product_brand?post=1134867"},{"taxonomy":"product_cat","embeddable":true,"href":"https:\/\/wein-werte.com\/de\/wp-json\/wp\/v2\/product_cat?post=1134867"},{"taxonomy":"product_tag","embeddable":true,"href":"https:\/\/wein-werte.com\/de\/wp-json\/wp\/v2\/product_tag?post=1134867"}],"curies":[{"name":"wp","href":"https:\/\/api.w.org\/{rel}","templated":true}]}}