{"id":1134852,"date":"2026-05-05T18:31:50","date_gmt":"2026-05-05T16:31:50","guid":{"rendered":"https:\/\/wein-werte.com\/product\/charlopin-tissier-bourgogne-montre-cul-rouge-2022-750ml\/"},"modified":"2026-04-27T12:03:18","modified_gmt":"2026-04-27T10:03:18","slug":"charlopin-tissier-bourgogne-montre-cul-rouge-2022-750ml","status":"publish","type":"product","link":"https:\/\/wein-werte.com\/de\/produkt\/charlopin-tissier-bourgogne-montre-cul-rouge-2022-750ml\/","title":{"rendered":"Charlopin Tissier | Burgund | Bourgogne &#8220;Montre Cul&#8221; rouge AOC | 2022 | 750ml"},"content":{"rendered":"<p>Produktbeschreibung f\u00fcr Charlopin Tissier Bourgogne &#8220;Montre Cul&#8221; rouge AOC 2022 <\/p>\n<p> Der Name Charlopin ist nicht ganz unbekannt im Burgund. Philippe Charlopin erzeugt in Gevrey-Chambertin Weine aus einem beeindruckend vielf\u00e4ltigen Lagen-Portfolio. Sein Sohn Yann hat einige Jahre mit ihm zusammengearbeitet, bevor er mit seiner Frau Justine Tissier 2013 ein eigenes Weingut gr\u00fcndete. Die beiden erzeugen vor allem aus k\u00fchlen Lagen in Marsannay und Umgebung Weine, besitzen aber auch Parzellen in Vosne-Roman\u00e9e, Gevrey\u00a0Chambertin oder beispielsweise in Pernand\u00a0Vergelesses. Das Hauptaugenmerk liegt auf dem Pinot Noir, der bei Charlopin-Tissier eine besonders lange k\u00fchle Vorverg\u00e4rung erh\u00e4lt und immer komplett entrappt wurde. Obwohl die beiden einen vergleichsweise hohen Neuholzanteil einsetzen, wirkt das Holz immer elegant und tragend, nie aufdringlich. Hier entstehen sehr klassische Weine, die keiner Mode folgen. Sie entwickeln sich langsam, aber stetig und ben\u00f6tigen viel Luft und Zeit, bevor sie von innen zu leuchten beginnen. <\/p>\n<p>Copyright Vinaturel 2025<\/p>\n<p>Keywords: <a href=\"https:\/\/wein-werte.com\/de\/shop\/?swoof=1&#038;pa_producer=Charlopin-Tissier\">Charlopin Tissier<\/a> <a href=\"https:\/\/wein-werte.com\/de\/shop\/?swoof=1&#038;woof_text=Bourgogne \"Montre Cul\" rouge AOC\">Bourgogne &#8220;Montre Cul&#8221; rouge AOC<\/a> 2022  <a href=\"https:\/\/wein-werte.com\/de\/shop\/?swoof=1&#038;pa_region=Burgund\">Burgund<\/a> <a href=\"https:\/\/wein-werte.com\/de\/shop\/?swoof=1&#038;pa_country=Frankreich\">Frankreich<\/a><\/p>\n","protected":false},"excerpt":{"rendered":"<p>Lieferzeit: 1 bis 2 Arbeitstage (DE), 2 bis 5 Arbeitstage (EU and CH)<\/p>\n","protected":false},"featured_media":1144958,"template":"","meta":[],"product_brand":[],"product_cat":[19],"product_tag":[],"class_list":{"0":"post-1134852","1":"product","2":"type-product","3":"status-publish","4":"has-post-thumbnail","6":"product_cat-unkategorisiert","7":"pa_alcohol-for-filter-12897","8":"pa_certified-biodynamic-nein-de","9":"pa_certified-organic-nein-de","10":"pa_colour-rot","11":"pa_country-frankreich","12":"pa_grape-pinot-noir-spatburgunder","13":"pa_price-for-filter-10599","14":"pa_producer-charlopin-tissier","15":"pa_region-burgund","16":"pa_size-ml-6584","17":"pa_sweetness-trocken-de","18":"pa_type-2-still-de","19":"pa_vintage-2022-de","20":"entry","21":"has-media","23":"first","24":"instock","25":"taxable","26":"shipping-taxable","27":"purchasable","28":"product-type-simple"},"yoast_head":"<!-- This site is optimized with the Yoast SEO plugin v27.5 - https:\/\/yoast.com\/product\/yoast-seo-wordpress\/ -->\n<title>Charlopin Tissier Bourgogne &quot;Montre Cul&quot; rouge 2022<\/title>\n<meta name=\"description\" content=\"Kaufe Charlopin Tissier Bourgogne &quot;Montre Cul&quot; rouge 2022 (Pinot Noir, trocken aus Burgund, Frankreich) bei Wein Werte, Ihrem nachhaltigen Onlineshop.\" \/>\n<meta name=\"robots\" content=\"index, follow, max-snippet:-1, max-image-preview:large, max-video-preview:-1\" \/>\n<link rel=\"canonical\" href=\"https:\/\/wein-werte.com\/de\/produkt\/charlopin-tissier-bourgogne-montre-cul-rouge-2022-750ml\/\" \/>\n<meta property=\"og:locale\" content=\"de_DE\" \/>\n<meta property=\"og:type\" content=\"article\" \/>\n<meta property=\"og:title\" content=\"Charlopin Tissier Bourgogne &quot;Montre Cul&quot; rouge 2022\" \/>\n<meta property=\"og:description\" content=\"Kaufe Charlopin Tissier Bourgogne &quot;Montre Cul&quot; rouge 2022 (Pinot Noir, trocken aus Burgund, Frankreich) bei Wein Werte, Ihrem nachhaltigen Onlineshop.\" \/>\n<meta property=\"og:url\" content=\"https:\/\/wein-werte.com\/de\/produkt\/charlopin-tissier-bourgogne-montre-cul-rouge-2022-750ml\/\" \/>\n<meta property=\"og:site_name\" content=\"Wein Werte\" \/>\n<meta property=\"og:image\" content=\"https:\/\/wein-werte.com\/wp-content\/uploads\/2026\/04\/Charlopin-Tissier-Bourgogne-Montre-Cul-rouge-2022-750ml.png\" \/>\n\t<meta property=\"og:image:width\" content=\"349\" \/>\n\t<meta property=\"og:image:height\" content=\"1200\" \/>\n\t<meta property=\"og:image:type\" content=\"image\/png\" \/>\n<meta name=\"twitter:card\" content=\"summary_large_image\" \/>\n<meta name=\"twitter:label1\" content=\"Gesch\u00e4tzte Lesezeit\" \/>\n\t<meta name=\"twitter:data1\" content=\"1\u00a0Minute\" \/>\n<script type=\"application\/ld+json\" class=\"yoast-schema-graph\">{\"@context\":\"https:\\\/\\\/schema.org\",\"@graph\":[{\"@type\":\"WebPage\",\"@id\":\"https:\\\/\\\/wein-werte.com\\\/de\\\/produkt\\\/charlopin-tissier-bourgogne-montre-cul-rouge-2022-750ml\\\/\",\"url\":\"https:\\\/\\\/wein-werte.com\\\/de\\\/produkt\\\/charlopin-tissier-bourgogne-montre-cul-rouge-2022-750ml\\\/\",\"name\":\"Charlopin Tissier Bourgogne \\\"Montre Cul\\\" rouge 2022\",\"isPartOf\":{\"@id\":\"https:\\\/\\\/wein-werte.com\\\/de\\\/#website\"},\"primaryImageOfPage\":{\"@id\":\"https:\\\/\\\/wein-werte.com\\\/de\\\/produkt\\\/charlopin-tissier-bourgogne-montre-cul-rouge-2022-750ml\\\/#primaryimage\"},\"image\":{\"@id\":\"https:\\\/\\\/wein-werte.com\\\/de\\\/produkt\\\/charlopin-tissier-bourgogne-montre-cul-rouge-2022-750ml\\\/#primaryimage\"},\"thumbnailUrl\":\"https:\\\/\\\/wein-werte.com\\\/wp-content\\\/uploads\\\/2026\\\/04\\\/Charlopin-Tissier-Bourgogne-Montre-Cul-rouge-2022-750ml.png\",\"datePublished\":\"2026-05-05T16:31:50+00:00\",\"description\":\"Kaufe Charlopin Tissier Bourgogne \\\"Montre Cul\\\" rouge 2022 (Pinot Noir, trocken aus Burgund, Frankreich) bei Wein Werte, Ihrem nachhaltigen Onlineshop.\",\"breadcrumb\":{\"@id\":\"https:\\\/\\\/wein-werte.com\\\/de\\\/produkt\\\/charlopin-tissier-bourgogne-montre-cul-rouge-2022-750ml\\\/#breadcrumb\"},\"inLanguage\":\"de\",\"potentialAction\":[{\"@type\":\"ReadAction\",\"target\":[\"https:\\\/\\\/wein-werte.com\\\/de\\\/produkt\\\/charlopin-tissier-bourgogne-montre-cul-rouge-2022-750ml\\\/\"]}]},{\"@type\":\"ImageObject\",\"inLanguage\":\"de\",\"@id\":\"https:\\\/\\\/wein-werte.com\\\/de\\\/produkt\\\/charlopin-tissier-bourgogne-montre-cul-rouge-2022-750ml\\\/#primaryimage\",\"url\":\"https:\\\/\\\/wein-werte.com\\\/wp-content\\\/uploads\\\/2026\\\/04\\\/Charlopin-Tissier-Bourgogne-Montre-Cul-rouge-2022-750ml.png\",\"contentUrl\":\"https:\\\/\\\/wein-werte.com\\\/wp-content\\\/uploads\\\/2026\\\/04\\\/Charlopin-Tissier-Bourgogne-Montre-Cul-rouge-2022-750ml.png\",\"width\":349,\"height\":1200,\"caption\":\"Charlopin Tissier Bourgogne \\\"Montre Cul\\\" rouge AOC 2022 750ml\"},{\"@type\":\"BreadcrumbList\",\"@id\":\"https:\\\/\\\/wein-werte.com\\\/de\\\/produkt\\\/charlopin-tissier-bourgogne-montre-cul-rouge-2022-750ml\\\/#breadcrumb\",\"itemListElement\":[{\"@type\":\"ListItem\",\"position\":1,\"name\":\"Home\",\"item\":\"https:\\\/\\\/wein-werte.com\\\/de\\\/\"},{\"@type\":\"ListItem\",\"position\":2,\"name\":\"Shop\",\"item\":\"https:\\\/\\\/wein-werte.com\\\/de\\\/shop\\\/\"},{\"@type\":\"ListItem\",\"position\":3,\"name\":\"Charlopin Tissier | Burgund | Bourgogne &#8220;Montre Cul&#8221; rouge AOC | 2022 | 750ml\"}]},{\"@type\":\"WebSite\",\"@id\":\"https:\\\/\\\/wein-werte.com\\\/de\\\/#website\",\"url\":\"https:\\\/\\\/wein-werte.com\\\/de\\\/\",\"name\":\"Wein Werte\",\"description\":\"\",\"publisher\":{\"@id\":\"https:\\\/\\\/wein-werte.com\\\/de\\\/#organization\"},\"potentialAction\":[{\"@type\":\"SearchAction\",\"target\":{\"@type\":\"EntryPoint\",\"urlTemplate\":\"https:\\\/\\\/wein-werte.com\\\/de\\\/?s={search_term_string}\"},\"query-input\":{\"@type\":\"PropertyValueSpecification\",\"valueRequired\":true,\"valueName\":\"search_term_string\"}}],\"inLanguage\":\"de\"},{\"@type\":\"Organization\",\"@id\":\"https:\\\/\\\/wein-werte.com\\\/de\\\/#organization\",\"name\":\"Vins Fins Thorrold\",\"url\":\"https:\\\/\\\/wein-werte.com\\\/de\\\/\",\"logo\":{\"@type\":\"ImageObject\",\"inLanguage\":\"de\",\"@id\":\"https:\\\/\\\/wein-werte.com\\\/de\\\/#\\\/schema\\\/logo\\\/image\\\/\",\"url\":\"https:\\\/\\\/wein-werte.com\\\/wp-content\\\/uploads\\\/2023\\\/07\\\/Wein_werte_Logo700-1.png\",\"contentUrl\":\"https:\\\/\\\/wein-werte.com\\\/wp-content\\\/uploads\\\/2023\\\/07\\\/Wein_werte_Logo700-1.png\",\"width\":700,\"height\":272,\"caption\":\"Vins Fins Thorrold\"},\"image\":{\"@id\":\"https:\\\/\\\/wein-werte.com\\\/de\\\/#\\\/schema\\\/logo\\\/image\\\/\"}}]}<\/script>\n<!-- \/ Yoast SEO plugin. -->","yoast_head_json":{"title":"Charlopin Tissier Bourgogne \"Montre Cul\" rouge 2022","description":"Kaufe Charlopin Tissier Bourgogne \"Montre Cul\" rouge 2022 (Pinot Noir, trocken aus Burgund, Frankreich) bei Wein Werte, Ihrem nachhaltigen Onlineshop.","robots":{"index":"index","follow":"follow","max-snippet":"max-snippet:-1","max-image-preview":"max-image-preview:large","max-video-preview":"max-video-preview:-1"},"canonical":"https:\/\/wein-werte.com\/de\/produkt\/charlopin-tissier-bourgogne-montre-cul-rouge-2022-750ml\/","og_locale":"de_DE","og_type":"article","og_title":"Charlopin Tissier Bourgogne \"Montre Cul\" rouge 2022","og_description":"Kaufe Charlopin Tissier Bourgogne \"Montre Cul\" rouge 2022 (Pinot Noir, trocken aus Burgund, Frankreich) bei Wein Werte, Ihrem nachhaltigen Onlineshop.","og_url":"https:\/\/wein-werte.com\/de\/produkt\/charlopin-tissier-bourgogne-montre-cul-rouge-2022-750ml\/","og_site_name":"Wein Werte","og_image":[{"width":349,"height":1200,"url":"https:\/\/wein-werte.com\/wp-content\/uploads\/2026\/04\/Charlopin-Tissier-Bourgogne-Montre-Cul-rouge-2022-750ml.png","type":"image\/png"}],"twitter_card":"summary_large_image","twitter_misc":{"Gesch\u00e4tzte Lesezeit":"1\u00a0Minute"},"schema":{"@context":"https:\/\/schema.org","@graph":[{"@type":"WebPage","@id":"https:\/\/wein-werte.com\/de\/produkt\/charlopin-tissier-bourgogne-montre-cul-rouge-2022-750ml\/","url":"https:\/\/wein-werte.com\/de\/produkt\/charlopin-tissier-bourgogne-montre-cul-rouge-2022-750ml\/","name":"Charlopin Tissier Bourgogne \"Montre Cul\" rouge 2022","isPartOf":{"@id":"https:\/\/wein-werte.com\/de\/#website"},"primaryImageOfPage":{"@id":"https:\/\/wein-werte.com\/de\/produkt\/charlopin-tissier-bourgogne-montre-cul-rouge-2022-750ml\/#primaryimage"},"image":{"@id":"https:\/\/wein-werte.com\/de\/produkt\/charlopin-tissier-bourgogne-montre-cul-rouge-2022-750ml\/#primaryimage"},"thumbnailUrl":"https:\/\/wein-werte.com\/wp-content\/uploads\/2026\/04\/Charlopin-Tissier-Bourgogne-Montre-Cul-rouge-2022-750ml.png","datePublished":"2026-05-05T16:31:50+00:00","description":"Kaufe Charlopin Tissier Bourgogne \"Montre Cul\" rouge 2022 (Pinot Noir, trocken aus Burgund, Frankreich) bei Wein Werte, Ihrem nachhaltigen Onlineshop.","breadcrumb":{"@id":"https:\/\/wein-werte.com\/de\/produkt\/charlopin-tissier-bourgogne-montre-cul-rouge-2022-750ml\/#breadcrumb"},"inLanguage":"de","potentialAction":[{"@type":"ReadAction","target":["https:\/\/wein-werte.com\/de\/produkt\/charlopin-tissier-bourgogne-montre-cul-rouge-2022-750ml\/"]}]},{"@type":"ImageObject","inLanguage":"de","@id":"https:\/\/wein-werte.com\/de\/produkt\/charlopin-tissier-bourgogne-montre-cul-rouge-2022-750ml\/#primaryimage","url":"https:\/\/wein-werte.com\/wp-content\/uploads\/2026\/04\/Charlopin-Tissier-Bourgogne-Montre-Cul-rouge-2022-750ml.png","contentUrl":"https:\/\/wein-werte.com\/wp-content\/uploads\/2026\/04\/Charlopin-Tissier-Bourgogne-Montre-Cul-rouge-2022-750ml.png","width":349,"height":1200,"caption":"Charlopin Tissier Bourgogne \"Montre Cul\" rouge AOC 2022 750ml"},{"@type":"BreadcrumbList","@id":"https:\/\/wein-werte.com\/de\/produkt\/charlopin-tissier-bourgogne-montre-cul-rouge-2022-750ml\/#breadcrumb","itemListElement":[{"@type":"ListItem","position":1,"name":"Home","item":"https:\/\/wein-werte.com\/de\/"},{"@type":"ListItem","position":2,"name":"Shop","item":"https:\/\/wein-werte.com\/de\/shop\/"},{"@type":"ListItem","position":3,"name":"Charlopin Tissier | Burgund | Bourgogne &#8220;Montre Cul&#8221; rouge AOC | 2022 | 750ml"}]},{"@type":"WebSite","@id":"https:\/\/wein-werte.com\/de\/#website","url":"https:\/\/wein-werte.com\/de\/","name":"Wein Werte","description":"","publisher":{"@id":"https:\/\/wein-werte.com\/de\/#organization"},"potentialAction":[{"@type":"SearchAction","target":{"@type":"EntryPoint","urlTemplate":"https:\/\/wein-werte.com\/de\/?s={search_term_string}"},"query-input":{"@type":"PropertyValueSpecification","valueRequired":true,"valueName":"search_term_string"}}],"inLanguage":"de"},{"@type":"Organization","@id":"https:\/\/wein-werte.com\/de\/#organization","name":"Vins Fins Thorrold","url":"https:\/\/wein-werte.com\/de\/","logo":{"@type":"ImageObject","inLanguage":"de","@id":"https:\/\/wein-werte.com\/de\/#\/schema\/logo\/image\/","url":"https:\/\/wein-werte.com\/wp-content\/uploads\/2023\/07\/Wein_werte_Logo700-1.png","contentUrl":"https:\/\/wein-werte.com\/wp-content\/uploads\/2023\/07\/Wein_werte_Logo700-1.png","width":700,"height":272,"caption":"Vins Fins Thorrold"},"image":{"@id":"https:\/\/wein-werte.com\/de\/#\/schema\/logo\/image\/"}}]}},"_links":{"self":[{"href":"https:\/\/wein-werte.com\/de\/wp-json\/wp\/v2\/product\/1134852","targetHints":{"allow":["GET"]}}],"collection":[{"href":"https:\/\/wein-werte.com\/de\/wp-json\/wp\/v2\/product"}],"about":[{"href":"https:\/\/wein-werte.com\/de\/wp-json\/wp\/v2\/types\/product"}],"wp:featuredmedia":[{"embeddable":true,"href":"https:\/\/wein-werte.com\/de\/wp-json\/wp\/v2\/media\/1144958"}],"wp:attachment":[{"href":"https:\/\/wein-werte.com\/de\/wp-json\/wp\/v2\/media?parent=1134852"}],"wp:term":[{"taxonomy":"product_brand","embeddable":true,"href":"https:\/\/wein-werte.com\/de\/wp-json\/wp\/v2\/product_brand?post=1134852"},{"taxonomy":"product_cat","embeddable":true,"href":"https:\/\/wein-werte.com\/de\/wp-json\/wp\/v2\/product_cat?post=1134852"},{"taxonomy":"product_tag","embeddable":true,"href":"https:\/\/wein-werte.com\/de\/wp-json\/wp\/v2\/product_tag?post=1134852"}],"curies":[{"name":"wp","href":"https:\/\/api.w.org\/{rel}","templated":true}]}}