{"id":1134847,"date":"2026-05-05T18:31:50","date_gmt":"2026-05-05T16:31:50","guid":{"rendered":"https:\/\/wein-werte.com\/product\/charlopin-tissier-pernand-vergelesses-1er-cru-sous-fretille-blanc-2022-750ml\/"},"modified":"2026-04-27T12:03:17","modified_gmt":"2026-04-27T10:03:17","slug":"charlopin-tissier-pernand-vergelesses-1er-cru-sous-fretille-blanc-2022-750ml","status":"publish","type":"product","link":"https:\/\/wein-werte.com\/de\/produkt\/charlopin-tissier-pernand-vergelesses-1er-cru-sous-fretille-blanc-2022-750ml\/","title":{"rendered":"Charlopin Tissier | Burgund | Pernand-Vergelesses 1er Cru &#8220;Sous Fr\u00e9tille&#8221; blanc AOC | 2022 | 750ml"},"content":{"rendered":"<p>Produktbeschreibung f\u00fcr Charlopin Tissier Pernand-Vergelesses 1er Cru &#8220;Sous Fr\u00e9tille&#8221; blanc AOC 2022  <\/p>\n<h5>Informationen zum Wein<\/h5>\n<p> Der Wein stammt von alten Rebst\u00f6cken im Climat Sous Fr\u00e9tille (10,25 ha gesamt) in Pernand-Vergelesses in direkter Nachbarschaft zu Corton. Der Weinberg liegt fast an der Kuppe des H\u00fcgels und ist weitgehend nach S\u00fcdosten ausgerichtet. Die Sonne erscheint dort erst am Mittag und der Weinberg ist k\u00fchler als der Corton, was ihm in den letzten Jahren immer mehr zur Hilfe gereicht. Der Besitz liegt hier bei 0,11 Hektar. Nach Entrappung und Spontanverg\u00e4rung wird der Wein langsam auf der Feinhefe \u00fcber 16 Monate in zigarrenf\u00f6rmigen F\u00e4ssern (vor allem aus der Manufaktur Atelier Centre France) von 400 Litern mit einem Neuholzanteil von 75 bis 100% ausgebaut. <\/p>\n<h5>Farbe<\/h5>\n<p> intensives Strohgelb <\/p>\n<h5>Nase<\/h5>\n<p> Der Sous Fr\u00e9tilles ist ein feiner, duftiger Chardonnay, der nach Zitronen\u00f6l, leicht ger\u00f6steten N\u00fcssen, Birnencr\u00e8me und etwas Orange duftet. Dazu kommen eine leicht rauchige Note, etwas Muskat und Vanille mit dezentem Holz. Das alles wirkt im Duft schon sehr elegant. <\/p>\n<h5>Gaumen<\/h5>\n<p> Den Pernand-Vergelesses sollte man aktuell karaffieren. Dann spielt er seine St\u00e4rken um so besser aus. Der Wein wirkt wunderbar cremig und sinnlich mit leichter Buttrigkeit und einer feinen Eichen- und Zimtw\u00fcrze vom Fass. Je mehr Luft er bekommt, desto mehr Zug bekommt er auch. Die S\u00e4ure wird agil, der Wein immer intensiver mit exzellenter L\u00e4nge.<\/p>\n<p>Copyright Vinaturel 2025<\/p>\n<p>Keywords: <a href=\"https:\/\/wein-werte.com\/de\/shop\/?swoof=1&#038;pa_producer=Charlopin-Tissier\">Charlopin Tissier<\/a> <a href=\"https:\/\/wein-werte.com\/de\/shop\/?swoof=1&#038;woof_text=Pernand-Vergelesses 1er Cru \"Sous Fr\u00e9tille\" blanc AOC\">Pernand-Vergelesses 1er Cru &#8220;Sous Fr\u00e9tille&#8221; blanc AOC<\/a> 2022  <a href=\"https:\/\/wein-werte.com\/de\/shop\/?swoof=1&#038;pa_region=Burgund\">Burgund<\/a> <a href=\"https:\/\/wein-werte.com\/de\/shop\/?swoof=1&#038;pa_country=Frankreich\">Frankreich<\/a><\/p>\n","protected":false},"excerpt":{"rendered":"<p>Lieferzeit: 1 bis 2 Arbeitstage (DE), 2 bis 5 Arbeitstage (EU and CH)<\/p>\n","protected":false},"featured_media":1144954,"template":"","meta":[],"product_brand":[],"product_cat":[19],"product_tag":[],"class_list":{"0":"post-1134847","1":"product","2":"type-product","3":"status-publish","4":"has-post-thumbnail","6":"product_cat-unkategorisiert","7":"pa_alcohol-for-filter-12897","8":"pa_certified-biodynamic-nein-de","9":"pa_certified-organic-nein-de","10":"pa_colour-weiss","11":"pa_country-frankreich","12":"pa_grape-chardonnay","13":"pa_price-for-filter-10644","14":"pa_producer-charlopin-tissier","15":"pa_region-burgund","16":"pa_size-ml-6584","17":"pa_sweetness-trocken-de","18":"pa_type-2-still-de","19":"pa_vintage-2022-de","20":"entry","21":"has-media","23":"first","24":"instock","25":"taxable","26":"shipping-taxable","27":"purchasable","28":"product-type-simple"},"yoast_head":"<!-- This site is optimized with the Yoast SEO plugin v27.5 - https:\/\/yoast.com\/product\/yoast-seo-wordpress\/ -->\n<title>Charlopin Tissier Pernand-Vergelesses 1er Cru &quot;Sous Fr\u00e9tille&quot; blanc 2022<\/title>\n<meta name=\"description\" content=\"Kaufe Charlopin Tissier Pernand-Vergelesses 1er Cru &quot;Sous Fr\u00e9tille&quot; blanc 2022 (Chardonnay, trocken aus Burgund, Frankreich) bei Wein Werte, Ihrem nachhaltigen Onlineshop.\" \/>\n<meta name=\"robots\" content=\"index, follow, max-snippet:-1, max-image-preview:large, max-video-preview:-1\" \/>\n<link rel=\"canonical\" href=\"https:\/\/wein-werte.com\/de\/produkt\/charlopin-tissier-pernand-vergelesses-1er-cru-sous-fretille-blanc-2022-750ml\/\" \/>\n<meta property=\"og:locale\" content=\"de_DE\" \/>\n<meta property=\"og:type\" content=\"article\" \/>\n<meta property=\"og:title\" content=\"Charlopin Tissier Pernand-Vergelesses 1er Cru &quot;Sous Fr\u00e9tille&quot; blanc 2022\" \/>\n<meta property=\"og:description\" content=\"Kaufe Charlopin Tissier Pernand-Vergelesses 1er Cru &quot;Sous Fr\u00e9tille&quot; blanc 2022 (Chardonnay, trocken aus Burgund, Frankreich) bei Wein Werte, Ihrem nachhaltigen Onlineshop.\" \/>\n<meta property=\"og:url\" content=\"https:\/\/wein-werte.com\/de\/produkt\/charlopin-tissier-pernand-vergelesses-1er-cru-sous-fretille-blanc-2022-750ml\/\" \/>\n<meta property=\"og:site_name\" content=\"Wein Werte\" \/>\n<meta property=\"og:image\" content=\"https:\/\/wein-werte.com\/wp-content\/uploads\/2026\/04\/Charlopin-Tissier-Pernand-Vergelesses-1er-Cru-Sous-Fretille-blanc-2022-750ml.png\" \/>\n\t<meta property=\"og:image:width\" content=\"347\" \/>\n\t<meta property=\"og:image:height\" content=\"1200\" \/>\n\t<meta property=\"og:image:type\" content=\"image\/png\" \/>\n<meta name=\"twitter:card\" content=\"summary_large_image\" \/>\n<meta name=\"twitter:label1\" content=\"Gesch\u00e4tzte Lesezeit\" \/>\n\t<meta name=\"twitter:data1\" content=\"1\u00a0Minute\" \/>\n<script type=\"application\/ld+json\" class=\"yoast-schema-graph\">{\"@context\":\"https:\\\/\\\/schema.org\",\"@graph\":[{\"@type\":\"WebPage\",\"@id\":\"https:\\\/\\\/wein-werte.com\\\/de\\\/produkt\\\/charlopin-tissier-pernand-vergelesses-1er-cru-sous-fretille-blanc-2022-750ml\\\/\",\"url\":\"https:\\\/\\\/wein-werte.com\\\/de\\\/produkt\\\/charlopin-tissier-pernand-vergelesses-1er-cru-sous-fretille-blanc-2022-750ml\\\/\",\"name\":\"Charlopin Tissier Pernand-Vergelesses 1er Cru \\\"Sous Fr\u00e9tille\\\" blanc 2022\",\"isPartOf\":{\"@id\":\"https:\\\/\\\/wein-werte.com\\\/de\\\/#website\"},\"primaryImageOfPage\":{\"@id\":\"https:\\\/\\\/wein-werte.com\\\/de\\\/produkt\\\/charlopin-tissier-pernand-vergelesses-1er-cru-sous-fretille-blanc-2022-750ml\\\/#primaryimage\"},\"image\":{\"@id\":\"https:\\\/\\\/wein-werte.com\\\/de\\\/produkt\\\/charlopin-tissier-pernand-vergelesses-1er-cru-sous-fretille-blanc-2022-750ml\\\/#primaryimage\"},\"thumbnailUrl\":\"https:\\\/\\\/wein-werte.com\\\/wp-content\\\/uploads\\\/2026\\\/04\\\/Charlopin-Tissier-Pernand-Vergelesses-1er-Cru-Sous-Fretille-blanc-2022-750ml.png\",\"datePublished\":\"2026-05-05T16:31:50+00:00\",\"description\":\"Kaufe Charlopin Tissier Pernand-Vergelesses 1er Cru \\\"Sous Fr\u00e9tille\\\" blanc 2022 (Chardonnay, trocken aus Burgund, Frankreich) bei Wein Werte, Ihrem nachhaltigen Onlineshop.\",\"breadcrumb\":{\"@id\":\"https:\\\/\\\/wein-werte.com\\\/de\\\/produkt\\\/charlopin-tissier-pernand-vergelesses-1er-cru-sous-fretille-blanc-2022-750ml\\\/#breadcrumb\"},\"inLanguage\":\"de\",\"potentialAction\":[{\"@type\":\"ReadAction\",\"target\":[\"https:\\\/\\\/wein-werte.com\\\/de\\\/produkt\\\/charlopin-tissier-pernand-vergelesses-1er-cru-sous-fretille-blanc-2022-750ml\\\/\"]}]},{\"@type\":\"ImageObject\",\"inLanguage\":\"de\",\"@id\":\"https:\\\/\\\/wein-werte.com\\\/de\\\/produkt\\\/charlopin-tissier-pernand-vergelesses-1er-cru-sous-fretille-blanc-2022-750ml\\\/#primaryimage\",\"url\":\"https:\\\/\\\/wein-werte.com\\\/wp-content\\\/uploads\\\/2026\\\/04\\\/Charlopin-Tissier-Pernand-Vergelesses-1er-Cru-Sous-Fretille-blanc-2022-750ml.png\",\"contentUrl\":\"https:\\\/\\\/wein-werte.com\\\/wp-content\\\/uploads\\\/2026\\\/04\\\/Charlopin-Tissier-Pernand-Vergelesses-1er-Cru-Sous-Fretille-blanc-2022-750ml.png\",\"width\":347,\"height\":1200,\"caption\":\"Charlopin Tissier Pernand-Vergelesses 1er Cru \\\"Sous Fr\u00e9tille\\\" blanc AOC 2022 750ml\"},{\"@type\":\"BreadcrumbList\",\"@id\":\"https:\\\/\\\/wein-werte.com\\\/de\\\/produkt\\\/charlopin-tissier-pernand-vergelesses-1er-cru-sous-fretille-blanc-2022-750ml\\\/#breadcrumb\",\"itemListElement\":[{\"@type\":\"ListItem\",\"position\":1,\"name\":\"Home\",\"item\":\"https:\\\/\\\/wein-werte.com\\\/de\\\/\"},{\"@type\":\"ListItem\",\"position\":2,\"name\":\"Shop\",\"item\":\"https:\\\/\\\/wein-werte.com\\\/de\\\/shop\\\/\"},{\"@type\":\"ListItem\",\"position\":3,\"name\":\"Charlopin Tissier | Burgund | Pernand-Vergelesses 1er Cru &#8220;Sous Fr\u00e9tille&#8221; blanc AOC | 2022 | 750ml\"}]},{\"@type\":\"WebSite\",\"@id\":\"https:\\\/\\\/wein-werte.com\\\/de\\\/#website\",\"url\":\"https:\\\/\\\/wein-werte.com\\\/de\\\/\",\"name\":\"Wein Werte\",\"description\":\"\",\"publisher\":{\"@id\":\"https:\\\/\\\/wein-werte.com\\\/de\\\/#organization\"},\"potentialAction\":[{\"@type\":\"SearchAction\",\"target\":{\"@type\":\"EntryPoint\",\"urlTemplate\":\"https:\\\/\\\/wein-werte.com\\\/de\\\/?s={search_term_string}\"},\"query-input\":{\"@type\":\"PropertyValueSpecification\",\"valueRequired\":true,\"valueName\":\"search_term_string\"}}],\"inLanguage\":\"de\"},{\"@type\":\"Organization\",\"@id\":\"https:\\\/\\\/wein-werte.com\\\/de\\\/#organization\",\"name\":\"Vins Fins Thorrold\",\"url\":\"https:\\\/\\\/wein-werte.com\\\/de\\\/\",\"logo\":{\"@type\":\"ImageObject\",\"inLanguage\":\"de\",\"@id\":\"https:\\\/\\\/wein-werte.com\\\/de\\\/#\\\/schema\\\/logo\\\/image\\\/\",\"url\":\"https:\\\/\\\/wein-werte.com\\\/wp-content\\\/uploads\\\/2023\\\/07\\\/Wein_werte_Logo700-1.png\",\"contentUrl\":\"https:\\\/\\\/wein-werte.com\\\/wp-content\\\/uploads\\\/2023\\\/07\\\/Wein_werte_Logo700-1.png\",\"width\":700,\"height\":272,\"caption\":\"Vins Fins Thorrold\"},\"image\":{\"@id\":\"https:\\\/\\\/wein-werte.com\\\/de\\\/#\\\/schema\\\/logo\\\/image\\\/\"}}]}<\/script>\n<!-- \/ Yoast SEO plugin. -->","yoast_head_json":{"title":"Charlopin Tissier Pernand-Vergelesses 1er Cru \"Sous Fr\u00e9tille\" blanc 2022","description":"Kaufe Charlopin Tissier Pernand-Vergelesses 1er Cru \"Sous Fr\u00e9tille\" blanc 2022 (Chardonnay, trocken aus Burgund, Frankreich) bei Wein Werte, Ihrem nachhaltigen Onlineshop.","robots":{"index":"index","follow":"follow","max-snippet":"max-snippet:-1","max-image-preview":"max-image-preview:large","max-video-preview":"max-video-preview:-1"},"canonical":"https:\/\/wein-werte.com\/de\/produkt\/charlopin-tissier-pernand-vergelesses-1er-cru-sous-fretille-blanc-2022-750ml\/","og_locale":"de_DE","og_type":"article","og_title":"Charlopin Tissier Pernand-Vergelesses 1er Cru \"Sous Fr\u00e9tille\" blanc 2022","og_description":"Kaufe Charlopin Tissier Pernand-Vergelesses 1er Cru \"Sous Fr\u00e9tille\" blanc 2022 (Chardonnay, trocken aus Burgund, Frankreich) bei Wein Werte, Ihrem nachhaltigen Onlineshop.","og_url":"https:\/\/wein-werte.com\/de\/produkt\/charlopin-tissier-pernand-vergelesses-1er-cru-sous-fretille-blanc-2022-750ml\/","og_site_name":"Wein Werte","og_image":[{"width":347,"height":1200,"url":"https:\/\/wein-werte.com\/wp-content\/uploads\/2026\/04\/Charlopin-Tissier-Pernand-Vergelesses-1er-Cru-Sous-Fretille-blanc-2022-750ml.png","type":"image\/png"}],"twitter_card":"summary_large_image","twitter_misc":{"Gesch\u00e4tzte Lesezeit":"1\u00a0Minute"},"schema":{"@context":"https:\/\/schema.org","@graph":[{"@type":"WebPage","@id":"https:\/\/wein-werte.com\/de\/produkt\/charlopin-tissier-pernand-vergelesses-1er-cru-sous-fretille-blanc-2022-750ml\/","url":"https:\/\/wein-werte.com\/de\/produkt\/charlopin-tissier-pernand-vergelesses-1er-cru-sous-fretille-blanc-2022-750ml\/","name":"Charlopin Tissier Pernand-Vergelesses 1er Cru \"Sous Fr\u00e9tille\" blanc 2022","isPartOf":{"@id":"https:\/\/wein-werte.com\/de\/#website"},"primaryImageOfPage":{"@id":"https:\/\/wein-werte.com\/de\/produkt\/charlopin-tissier-pernand-vergelesses-1er-cru-sous-fretille-blanc-2022-750ml\/#primaryimage"},"image":{"@id":"https:\/\/wein-werte.com\/de\/produkt\/charlopin-tissier-pernand-vergelesses-1er-cru-sous-fretille-blanc-2022-750ml\/#primaryimage"},"thumbnailUrl":"https:\/\/wein-werte.com\/wp-content\/uploads\/2026\/04\/Charlopin-Tissier-Pernand-Vergelesses-1er-Cru-Sous-Fretille-blanc-2022-750ml.png","datePublished":"2026-05-05T16:31:50+00:00","description":"Kaufe Charlopin Tissier Pernand-Vergelesses 1er Cru \"Sous Fr\u00e9tille\" blanc 2022 (Chardonnay, trocken aus Burgund, Frankreich) bei Wein Werte, Ihrem nachhaltigen Onlineshop.","breadcrumb":{"@id":"https:\/\/wein-werte.com\/de\/produkt\/charlopin-tissier-pernand-vergelesses-1er-cru-sous-fretille-blanc-2022-750ml\/#breadcrumb"},"inLanguage":"de","potentialAction":[{"@type":"ReadAction","target":["https:\/\/wein-werte.com\/de\/produkt\/charlopin-tissier-pernand-vergelesses-1er-cru-sous-fretille-blanc-2022-750ml\/"]}]},{"@type":"ImageObject","inLanguage":"de","@id":"https:\/\/wein-werte.com\/de\/produkt\/charlopin-tissier-pernand-vergelesses-1er-cru-sous-fretille-blanc-2022-750ml\/#primaryimage","url":"https:\/\/wein-werte.com\/wp-content\/uploads\/2026\/04\/Charlopin-Tissier-Pernand-Vergelesses-1er-Cru-Sous-Fretille-blanc-2022-750ml.png","contentUrl":"https:\/\/wein-werte.com\/wp-content\/uploads\/2026\/04\/Charlopin-Tissier-Pernand-Vergelesses-1er-Cru-Sous-Fretille-blanc-2022-750ml.png","width":347,"height":1200,"caption":"Charlopin Tissier Pernand-Vergelesses 1er Cru \"Sous Fr\u00e9tille\" blanc AOC 2022 750ml"},{"@type":"BreadcrumbList","@id":"https:\/\/wein-werte.com\/de\/produkt\/charlopin-tissier-pernand-vergelesses-1er-cru-sous-fretille-blanc-2022-750ml\/#breadcrumb","itemListElement":[{"@type":"ListItem","position":1,"name":"Home","item":"https:\/\/wein-werte.com\/de\/"},{"@type":"ListItem","position":2,"name":"Shop","item":"https:\/\/wein-werte.com\/de\/shop\/"},{"@type":"ListItem","position":3,"name":"Charlopin Tissier | Burgund | Pernand-Vergelesses 1er Cru &#8220;Sous Fr\u00e9tille&#8221; blanc AOC | 2022 | 750ml"}]},{"@type":"WebSite","@id":"https:\/\/wein-werte.com\/de\/#website","url":"https:\/\/wein-werte.com\/de\/","name":"Wein Werte","description":"","publisher":{"@id":"https:\/\/wein-werte.com\/de\/#organization"},"potentialAction":[{"@type":"SearchAction","target":{"@type":"EntryPoint","urlTemplate":"https:\/\/wein-werte.com\/de\/?s={search_term_string}"},"query-input":{"@type":"PropertyValueSpecification","valueRequired":true,"valueName":"search_term_string"}}],"inLanguage":"de"},{"@type":"Organization","@id":"https:\/\/wein-werte.com\/de\/#organization","name":"Vins Fins Thorrold","url":"https:\/\/wein-werte.com\/de\/","logo":{"@type":"ImageObject","inLanguage":"de","@id":"https:\/\/wein-werte.com\/de\/#\/schema\/logo\/image\/","url":"https:\/\/wein-werte.com\/wp-content\/uploads\/2023\/07\/Wein_werte_Logo700-1.png","contentUrl":"https:\/\/wein-werte.com\/wp-content\/uploads\/2023\/07\/Wein_werte_Logo700-1.png","width":700,"height":272,"caption":"Vins Fins Thorrold"},"image":{"@id":"https:\/\/wein-werte.com\/de\/#\/schema\/logo\/image\/"}}]}},"_links":{"self":[{"href":"https:\/\/wein-werte.com\/de\/wp-json\/wp\/v2\/product\/1134847","targetHints":{"allow":["GET"]}}],"collection":[{"href":"https:\/\/wein-werte.com\/de\/wp-json\/wp\/v2\/product"}],"about":[{"href":"https:\/\/wein-werte.com\/de\/wp-json\/wp\/v2\/types\/product"}],"wp:featuredmedia":[{"embeddable":true,"href":"https:\/\/wein-werte.com\/de\/wp-json\/wp\/v2\/media\/1144954"}],"wp:attachment":[{"href":"https:\/\/wein-werte.com\/de\/wp-json\/wp\/v2\/media?parent=1134847"}],"wp:term":[{"taxonomy":"product_brand","embeddable":true,"href":"https:\/\/wein-werte.com\/de\/wp-json\/wp\/v2\/product_brand?post=1134847"},{"taxonomy":"product_cat","embeddable":true,"href":"https:\/\/wein-werte.com\/de\/wp-json\/wp\/v2\/product_cat?post=1134847"},{"taxonomy":"product_tag","embeddable":true,"href":"https:\/\/wein-werte.com\/de\/wp-json\/wp\/v2\/product_tag?post=1134847"}],"curies":[{"name":"wp","href":"https:\/\/api.w.org\/{rel}","templated":true}]}}