{"id":1134805,"date":"2026-05-05T18:31:47","date_gmt":"2026-05-05T16:31:47","guid":{"rendered":"https:\/\/wein-werte.com\/product\/chateau-de-beru-chablis-clos-beru-monopole-2020-750ml\/"},"modified":"2026-04-27T12:03:11","modified_gmt":"2026-04-27T10:03:11","slug":"chateau-de-beru-chablis-clos-beru-monopole-2020-750ml","status":"publish","type":"product","link":"https:\/\/wein-werte.com\/de\/produkt\/chateau-de-beru-chablis-clos-beru-monopole-2020-750ml\/","title":{"rendered":"Ch\u00e2teau de B\u00e9ru | Burgund | Chablis Clos B\u00e9ru Monopole AOC | 2020 | 750ml | bio"},"content":{"rendered":"<p>Produktbeschreibung f\u00fcr Ch\u00e2teau de B\u00e9ru Chablis Clos B\u00e9ru Monopole AOC 2020 (bio) <\/p>\n<h5>Info zum Wein<\/h5>\n<p> Der Weinberg Clos de B\u00e9ru ist die Monopol-Lage des Hauses. Der Clos de B\u00e9ru ist nur deshalb nicht als Premier Cru im Chablis klassifiziert, weil er zum Zeitpunkt des fr\u00fchen Todes von Comte Eric de B\u00e9ru verpachtet war und die Familie kein Interesse an einer Klassifizierung erkennen lie\u00df. Historisch wurde der Clos de B\u00e9ru immer auf dem Niveau guter Premier-Cru-Lagen gesehen. Wenn man in dem Weinberg steht, wird einem auch sofort klar, warum: Reiner s\u00fcdlich exponierter, nicht sehr steiler, aber durchaus h\u00e4ngiger und sehr steiniger typischer Kimmeridge-Boden. Die Grenzen wurden seinerzeit von den M\u00f6nchen entlang des Terroirs gezogen. Deswegen hat der Clos keine gleichm\u00e4\u00dfige Form, sondern die eines schiefen Trapezes. Ausgebaut wird der Wein im ersten Jahr in Tonneaux, danach im Tank (Christoph Raffelt). <\/p>\n<h5>Farbe<\/h5>\n<p> Strahlendes Goldgelb. <\/p>\n<h5>Nase<\/h5>\n<p> Der 2020er Chablis Clos B\u00e9ru offenbart sich, nachdem man ihn dekantiert hat, mit einem fruchtigen und mineralischen Feuerwerk. Pr\u00e4zise Fruchtnoten von Zitrus, gezuckerter Grapefruit, Quitte, Aprikose und Honigmelone treffen auf k\u00fchle, steinige Noten, Algen und getrocknete Austernschale. Das Ganze ist perfekt verwoben mit Getreidenoten, Trockengeb\u00e4ck, Mandeln und einem Hauch hellem Tabak sowie deutlichen Kr\u00e4uternoten. Feinste Aromen von Steinpilzen und Brioche unterstreichen seinen burgundischen Charakter. Puristischer und klarer definiert kann man Chablis kaum antreffen. Ein Wein, der bereits beim Hineinriechen danach ruft, auf die Zunge genommen zu werden, dem aber eine weitere Lagerung vortrefflich zu Gesicht steht. <\/p>\n<h5>Gaumen<\/h5>\n<p> Das Feuerwerk der Nase setzt sich auf der Zunge fort. Straff, kalkig und klar strukturiert fordert er uns angenehm heraus. Seine salzigen Noten und die betonte S\u00e4ure lassen den Speichel flie\u00dfen und nach mehr verlangen. Ein Wein, der sich perfekt inszeniert, und dies mit einer geradlinigen und unwahrscheinlich sch\u00f6nen und kraftvollen F\u00fclle, die seinesgleichen sucht. Mein Rat f\u00fcr Ungeduldige: Jetzt kistenweise kaufen und \u00fcber die n\u00e4chsten Jahre seine grandiose Entwicklung verfolgen! Dekantiert, nicht zu kalt aus einem gro\u00dfen Glas genie\u00dfen, einige Tage der \u00d6ffnung lassen ihn gewinnen!<\/p>\n<p>Copyright Vinaturel 2025<\/p>\n<p>Keywords: <a href=\"https:\/\/wein-werte.com\/de\/shop\/?swoof=1&#038;pa_producer=Ch\u00e2teau-de-B\u00e9ru\">Ch\u00e2teau de B\u00e9ru<\/a> <a href=\"https:\/\/wein-werte.com\/de\/shop\/?swoof=1&#038;woof_text=Chablis Clos B\u00e9ru Monopole AOC\">Chablis Clos B\u00e9ru Monopole AOC<\/a> 2020 bio <a href=\"https:\/\/wein-werte.com\/de\/shop\/?swoof=1&#038;pa_region=Burgund\">Burgund<\/a> <a href=\"https:\/\/wein-werte.com\/de\/shop\/?swoof=1&#038;pa_country=Frankreich\">Frankreich<\/a><\/p>\n<h3>Vinous<\/h3>\n<p>Punkte: 93<\/p>\n<p>Der Chablis Clos de B\u00e9ru 2020, gereift in Fudern und Edelstahl (erstere werden immer h\u00e4ufiger verwendet), war einen Tag vor meinem Besuch ge\u00f6ffnet worden. Er hat ein k\u00f6stliches Bouquet mit gelben Fr\u00fcchten, Lanolin, angeschlagenem Feuerstein und einer Spur Rauch. Sehr komplex und fesselnd. Am Gaumen ist er gut ausgewogen mit einem lebhaften, paprikaartigen Auftakt, Ankl\u00e4ngen von getrockneten Feigen und saurer Zitrone, der in einen sehr harmonischen und anhaltenden Abgang \u00fcbergeht. Er erf\u00fcllt alle Erwartungen, die ich bei der Fassprobe im letzten Jahr hatte. \u2013 Neal Martin<br \/>Trinkzeitraum: 2027\u20132048<br \/>Testdatum: August 2024<\/p>\n<p>Internetseite des Weinguts: <a href=\"https:\/\/www.en.chateaudeberu.com\/\" target=\"_blank\">https:\/\/www.en.chateaudeberu.com\/<\/a><\/p>\n","protected":false},"excerpt":{"rendered":"<p>Lieferzeit: 1 bis 2 Arbeitstage (DE), 2 bis 5 Arbeitstage (EU and CH)<\/p>\n","protected":false},"featured_media":1144922,"template":"","meta":[],"product_brand":[],"product_cat":[19],"product_tag":[],"class_list":{"0":"post-1134805","1":"product","2":"type-product","3":"status-publish","4":"has-post-thumbnail","6":"product_cat-unkategorisiert","7":"pa_alcohol-for-filter-12-5","8":"pa_certified-biodynamic-ja-de","9":"pa_certified-organic-ja-de","10":"pa_colour-weiss","11":"pa_country-frankreich","12":"pa_grape-chardonnay","13":"pa_price-for-filter-10646","14":"pa_producer-chateau-de-beru","15":"pa_region-burgund","16":"pa_size-ml-6584","17":"pa_sweetness-trocken-de","18":"pa_type-2-still-de","19":"pa_vinous-points-for-filter-20031","20":"pa_vintage-2020-de","21":"entry","22":"has-media","24":"first","25":"instock","26":"taxable","27":"shipping-taxable","28":"purchasable","29":"product-type-simple"},"yoast_head":"<!-- This site is optimized with the Yoast SEO plugin v27.5 - https:\/\/yoast.com\/product\/yoast-seo-wordpress\/ -->\n<title>Ch\u00e2teau de B\u00e9ru Chablis Clos B\u00e9ru Monopole 2020<\/title>\n<meta name=\"description\" content=\"Kaufe Ch\u00e2teau de B\u00e9ru Chablis Clos B\u00e9ru Monopole 2020 (Chardonnay, trocken aus Burgund, Frankreich) bei Wein Werte, Ihrem nachhaltigen Onlineshop.\" \/>\n<meta name=\"robots\" content=\"index, follow, max-snippet:-1, max-image-preview:large, max-video-preview:-1\" \/>\n<link rel=\"canonical\" href=\"https:\/\/wein-werte.com\/de\/produkt\/chateau-de-beru-chablis-clos-beru-monopole-2020-750ml\/\" \/>\n<meta property=\"og:locale\" content=\"de_DE\" \/>\n<meta property=\"og:type\" content=\"article\" \/>\n<meta property=\"og:title\" content=\"Ch\u00e2teau de B\u00e9ru Chablis Clos B\u00e9ru Monopole 2020\" \/>\n<meta property=\"og:description\" content=\"Kaufe Ch\u00e2teau de B\u00e9ru Chablis Clos B\u00e9ru Monopole 2020 (Chardonnay, trocken aus Burgund, Frankreich) bei Wein Werte, Ihrem nachhaltigen Onlineshop.\" \/>\n<meta property=\"og:url\" content=\"https:\/\/wein-werte.com\/de\/produkt\/chateau-de-beru-chablis-clos-beru-monopole-2020-750ml\/\" \/>\n<meta property=\"og:site_name\" content=\"Wein Werte\" \/>\n<meta property=\"og:image\" content=\"https:\/\/wein-werte.com\/wp-content\/uploads\/2026\/04\/Chateau-de-Beru-Chablis-Clos-Beru-Monopole-2020-750ml.png\" \/>\n\t<meta property=\"og:image:width\" content=\"337\" \/>\n\t<meta property=\"og:image:height\" content=\"1200\" \/>\n\t<meta property=\"og:image:type\" content=\"image\/png\" \/>\n<meta name=\"twitter:card\" content=\"summary_large_image\" \/>\n<meta name=\"twitter:label1\" content=\"Gesch\u00e4tzte Lesezeit\" \/>\n\t<meta name=\"twitter:data1\" content=\"2\u00a0Minuten\" \/>\n<script type=\"application\/ld+json\" class=\"yoast-schema-graph\">{\"@context\":\"https:\\\/\\\/schema.org\",\"@graph\":[{\"@type\":\"WebPage\",\"@id\":\"https:\\\/\\\/wein-werte.com\\\/de\\\/produkt\\\/chateau-de-beru-chablis-clos-beru-monopole-2020-750ml\\\/\",\"url\":\"https:\\\/\\\/wein-werte.com\\\/de\\\/produkt\\\/chateau-de-beru-chablis-clos-beru-monopole-2020-750ml\\\/\",\"name\":\"Ch\u00e2teau de B\u00e9ru Chablis Clos B\u00e9ru Monopole 2020\",\"isPartOf\":{\"@id\":\"https:\\\/\\\/wein-werte.com\\\/de\\\/#website\"},\"primaryImageOfPage\":{\"@id\":\"https:\\\/\\\/wein-werte.com\\\/de\\\/produkt\\\/chateau-de-beru-chablis-clos-beru-monopole-2020-750ml\\\/#primaryimage\"},\"image\":{\"@id\":\"https:\\\/\\\/wein-werte.com\\\/de\\\/produkt\\\/chateau-de-beru-chablis-clos-beru-monopole-2020-750ml\\\/#primaryimage\"},\"thumbnailUrl\":\"https:\\\/\\\/wein-werte.com\\\/wp-content\\\/uploads\\\/2026\\\/04\\\/Chateau-de-Beru-Chablis-Clos-Beru-Monopole-2020-750ml.png\",\"datePublished\":\"2026-05-05T16:31:47+00:00\",\"description\":\"Kaufe Ch\u00e2teau de B\u00e9ru Chablis Clos B\u00e9ru Monopole 2020 (Chardonnay, trocken aus Burgund, Frankreich) bei Wein Werte, Ihrem nachhaltigen Onlineshop.\",\"breadcrumb\":{\"@id\":\"https:\\\/\\\/wein-werte.com\\\/de\\\/produkt\\\/chateau-de-beru-chablis-clos-beru-monopole-2020-750ml\\\/#breadcrumb\"},\"inLanguage\":\"de\",\"potentialAction\":[{\"@type\":\"ReadAction\",\"target\":[\"https:\\\/\\\/wein-werte.com\\\/de\\\/produkt\\\/chateau-de-beru-chablis-clos-beru-monopole-2020-750ml\\\/\"]}]},{\"@type\":\"ImageObject\",\"inLanguage\":\"de\",\"@id\":\"https:\\\/\\\/wein-werte.com\\\/de\\\/produkt\\\/chateau-de-beru-chablis-clos-beru-monopole-2020-750ml\\\/#primaryimage\",\"url\":\"https:\\\/\\\/wein-werte.com\\\/wp-content\\\/uploads\\\/2026\\\/04\\\/Chateau-de-Beru-Chablis-Clos-Beru-Monopole-2020-750ml.png\",\"contentUrl\":\"https:\\\/\\\/wein-werte.com\\\/wp-content\\\/uploads\\\/2026\\\/04\\\/Chateau-de-Beru-Chablis-Clos-Beru-Monopole-2020-750ml.png\",\"width\":337,\"height\":1200,\"caption\":\"Ch\u00e2teau de B\u00e9ru Chablis Clos B\u00e9ru Monopole AOC 2020 750ml\"},{\"@type\":\"BreadcrumbList\",\"@id\":\"https:\\\/\\\/wein-werte.com\\\/de\\\/produkt\\\/chateau-de-beru-chablis-clos-beru-monopole-2020-750ml\\\/#breadcrumb\",\"itemListElement\":[{\"@type\":\"ListItem\",\"position\":1,\"name\":\"Home\",\"item\":\"https:\\\/\\\/wein-werte.com\\\/de\\\/\"},{\"@type\":\"ListItem\",\"position\":2,\"name\":\"Shop\",\"item\":\"https:\\\/\\\/wein-werte.com\\\/de\\\/shop\\\/\"},{\"@type\":\"ListItem\",\"position\":3,\"name\":\"Ch\u00e2teau de B\u00e9ru | Burgund | Chablis Clos B\u00e9ru Monopole AOC | 2020 | 750ml | bio\"}]},{\"@type\":\"WebSite\",\"@id\":\"https:\\\/\\\/wein-werte.com\\\/de\\\/#website\",\"url\":\"https:\\\/\\\/wein-werte.com\\\/de\\\/\",\"name\":\"Wein Werte\",\"description\":\"\",\"publisher\":{\"@id\":\"https:\\\/\\\/wein-werte.com\\\/de\\\/#organization\"},\"potentialAction\":[{\"@type\":\"SearchAction\",\"target\":{\"@type\":\"EntryPoint\",\"urlTemplate\":\"https:\\\/\\\/wein-werte.com\\\/de\\\/?s={search_term_string}\"},\"query-input\":{\"@type\":\"PropertyValueSpecification\",\"valueRequired\":true,\"valueName\":\"search_term_string\"}}],\"inLanguage\":\"de\"},{\"@type\":\"Organization\",\"@id\":\"https:\\\/\\\/wein-werte.com\\\/de\\\/#organization\",\"name\":\"Vins Fins Thorrold\",\"url\":\"https:\\\/\\\/wein-werte.com\\\/de\\\/\",\"logo\":{\"@type\":\"ImageObject\",\"inLanguage\":\"de\",\"@id\":\"https:\\\/\\\/wein-werte.com\\\/de\\\/#\\\/schema\\\/logo\\\/image\\\/\",\"url\":\"https:\\\/\\\/wein-werte.com\\\/wp-content\\\/uploads\\\/2023\\\/07\\\/Wein_werte_Logo700-1.png\",\"contentUrl\":\"https:\\\/\\\/wein-werte.com\\\/wp-content\\\/uploads\\\/2023\\\/07\\\/Wein_werte_Logo700-1.png\",\"width\":700,\"height\":272,\"caption\":\"Vins Fins Thorrold\"},\"image\":{\"@id\":\"https:\\\/\\\/wein-werte.com\\\/de\\\/#\\\/schema\\\/logo\\\/image\\\/\"}}]}<\/script>\n<!-- \/ Yoast SEO plugin. -->","yoast_head_json":{"title":"Ch\u00e2teau de B\u00e9ru Chablis Clos B\u00e9ru Monopole 2020","description":"Kaufe Ch\u00e2teau de B\u00e9ru Chablis Clos B\u00e9ru Monopole 2020 (Chardonnay, trocken aus Burgund, Frankreich) bei Wein Werte, Ihrem nachhaltigen Onlineshop.","robots":{"index":"index","follow":"follow","max-snippet":"max-snippet:-1","max-image-preview":"max-image-preview:large","max-video-preview":"max-video-preview:-1"},"canonical":"https:\/\/wein-werte.com\/de\/produkt\/chateau-de-beru-chablis-clos-beru-monopole-2020-750ml\/","og_locale":"de_DE","og_type":"article","og_title":"Ch\u00e2teau de B\u00e9ru Chablis Clos B\u00e9ru Monopole 2020","og_description":"Kaufe Ch\u00e2teau de B\u00e9ru Chablis Clos B\u00e9ru Monopole 2020 (Chardonnay, trocken aus Burgund, Frankreich) bei Wein Werte, Ihrem nachhaltigen Onlineshop.","og_url":"https:\/\/wein-werte.com\/de\/produkt\/chateau-de-beru-chablis-clos-beru-monopole-2020-750ml\/","og_site_name":"Wein Werte","og_image":[{"width":337,"height":1200,"url":"https:\/\/wein-werte.com\/wp-content\/uploads\/2026\/04\/Chateau-de-Beru-Chablis-Clos-Beru-Monopole-2020-750ml.png","type":"image\/png"}],"twitter_card":"summary_large_image","twitter_misc":{"Gesch\u00e4tzte Lesezeit":"2\u00a0Minuten"},"schema":{"@context":"https:\/\/schema.org","@graph":[{"@type":"WebPage","@id":"https:\/\/wein-werte.com\/de\/produkt\/chateau-de-beru-chablis-clos-beru-monopole-2020-750ml\/","url":"https:\/\/wein-werte.com\/de\/produkt\/chateau-de-beru-chablis-clos-beru-monopole-2020-750ml\/","name":"Ch\u00e2teau de B\u00e9ru Chablis Clos B\u00e9ru Monopole 2020","isPartOf":{"@id":"https:\/\/wein-werte.com\/de\/#website"},"primaryImageOfPage":{"@id":"https:\/\/wein-werte.com\/de\/produkt\/chateau-de-beru-chablis-clos-beru-monopole-2020-750ml\/#primaryimage"},"image":{"@id":"https:\/\/wein-werte.com\/de\/produkt\/chateau-de-beru-chablis-clos-beru-monopole-2020-750ml\/#primaryimage"},"thumbnailUrl":"https:\/\/wein-werte.com\/wp-content\/uploads\/2026\/04\/Chateau-de-Beru-Chablis-Clos-Beru-Monopole-2020-750ml.png","datePublished":"2026-05-05T16:31:47+00:00","description":"Kaufe Ch\u00e2teau de B\u00e9ru Chablis Clos B\u00e9ru Monopole 2020 (Chardonnay, trocken aus Burgund, Frankreich) bei Wein Werte, Ihrem nachhaltigen Onlineshop.","breadcrumb":{"@id":"https:\/\/wein-werte.com\/de\/produkt\/chateau-de-beru-chablis-clos-beru-monopole-2020-750ml\/#breadcrumb"},"inLanguage":"de","potentialAction":[{"@type":"ReadAction","target":["https:\/\/wein-werte.com\/de\/produkt\/chateau-de-beru-chablis-clos-beru-monopole-2020-750ml\/"]}]},{"@type":"ImageObject","inLanguage":"de","@id":"https:\/\/wein-werte.com\/de\/produkt\/chateau-de-beru-chablis-clos-beru-monopole-2020-750ml\/#primaryimage","url":"https:\/\/wein-werte.com\/wp-content\/uploads\/2026\/04\/Chateau-de-Beru-Chablis-Clos-Beru-Monopole-2020-750ml.png","contentUrl":"https:\/\/wein-werte.com\/wp-content\/uploads\/2026\/04\/Chateau-de-Beru-Chablis-Clos-Beru-Monopole-2020-750ml.png","width":337,"height":1200,"caption":"Ch\u00e2teau de B\u00e9ru Chablis Clos B\u00e9ru Monopole AOC 2020 750ml"},{"@type":"BreadcrumbList","@id":"https:\/\/wein-werte.com\/de\/produkt\/chateau-de-beru-chablis-clos-beru-monopole-2020-750ml\/#breadcrumb","itemListElement":[{"@type":"ListItem","position":1,"name":"Home","item":"https:\/\/wein-werte.com\/de\/"},{"@type":"ListItem","position":2,"name":"Shop","item":"https:\/\/wein-werte.com\/de\/shop\/"},{"@type":"ListItem","position":3,"name":"Ch\u00e2teau de B\u00e9ru | Burgund | Chablis Clos B\u00e9ru Monopole AOC | 2020 | 750ml | bio"}]},{"@type":"WebSite","@id":"https:\/\/wein-werte.com\/de\/#website","url":"https:\/\/wein-werte.com\/de\/","name":"Wein Werte","description":"","publisher":{"@id":"https:\/\/wein-werte.com\/de\/#organization"},"potentialAction":[{"@type":"SearchAction","target":{"@type":"EntryPoint","urlTemplate":"https:\/\/wein-werte.com\/de\/?s={search_term_string}"},"query-input":{"@type":"PropertyValueSpecification","valueRequired":true,"valueName":"search_term_string"}}],"inLanguage":"de"},{"@type":"Organization","@id":"https:\/\/wein-werte.com\/de\/#organization","name":"Vins Fins Thorrold","url":"https:\/\/wein-werte.com\/de\/","logo":{"@type":"ImageObject","inLanguage":"de","@id":"https:\/\/wein-werte.com\/de\/#\/schema\/logo\/image\/","url":"https:\/\/wein-werte.com\/wp-content\/uploads\/2023\/07\/Wein_werte_Logo700-1.png","contentUrl":"https:\/\/wein-werte.com\/wp-content\/uploads\/2023\/07\/Wein_werte_Logo700-1.png","width":700,"height":272,"caption":"Vins Fins Thorrold"},"image":{"@id":"https:\/\/wein-werte.com\/de\/#\/schema\/logo\/image\/"}}]}},"_links":{"self":[{"href":"https:\/\/wein-werte.com\/de\/wp-json\/wp\/v2\/product\/1134805","targetHints":{"allow":["GET"]}}],"collection":[{"href":"https:\/\/wein-werte.com\/de\/wp-json\/wp\/v2\/product"}],"about":[{"href":"https:\/\/wein-werte.com\/de\/wp-json\/wp\/v2\/types\/product"}],"wp:featuredmedia":[{"embeddable":true,"href":"https:\/\/wein-werte.com\/de\/wp-json\/wp\/v2\/media\/1144922"}],"wp:attachment":[{"href":"https:\/\/wein-werte.com\/de\/wp-json\/wp\/v2\/media?parent=1134805"}],"wp:term":[{"taxonomy":"product_brand","embeddable":true,"href":"https:\/\/wein-werte.com\/de\/wp-json\/wp\/v2\/product_brand?post=1134805"},{"taxonomy":"product_cat","embeddable":true,"href":"https:\/\/wein-werte.com\/de\/wp-json\/wp\/v2\/product_cat?post=1134805"},{"taxonomy":"product_tag","embeddable":true,"href":"https:\/\/wein-werte.com\/de\/wp-json\/wp\/v2\/product_tag?post=1134805"}],"curies":[{"name":"wp","href":"https:\/\/api.w.org\/{rel}","templated":true}]}}