{"id":1134785,"date":"2026-05-05T18:31:46","date_gmt":"2026-05-05T16:31:46","guid":{"rendered":"https:\/\/wein-werte.com\/product\/chateau-de-beru-chablis-terroirs-de-beru-2022-1500ml\/"},"modified":"2026-04-27T12:03:09","modified_gmt":"2026-04-27T10:03:09","slug":"chateau-de-beru-chablis-terroirs-de-beru-2022-1500ml","status":"publish","type":"product","link":"https:\/\/wein-werte.com\/de\/produkt\/chateau-de-beru-chablis-terroirs-de-beru-2022-1500ml\/","title":{"rendered":"Ch\u00e2teau de B\u00e9ru | Burgund | Chablis Terroirs de B\u00e9ru AOC | 2022 | 1500ml | bio"},"content":{"rendered":"<p>Produktbeschreibung f\u00fcr Ch\u00e2teau de B\u00e9ru Chablis Terroirs de B\u00e9ru AOC 2022 (bio) <\/p>\n<h5>Informationen zum Wein<\/h5>\n<p> Die Cuv\u00e9e spiegelt den spezifischen Charakter der H\u00fcgel von B\u00e9ru wider. Sie ist ein Verschnitt der verschiedenen Parzellen der Domaine, die n\u00f6rdlich gelegen sind und eine starke Pr\u00e4senz des Kimmeridge-Kalkgesteins im Boden aufweisen. Die lange Reifung auf der Feinhefe in Bottichen und F\u00e4ssern unterstreicht die Reinheit des Ausdrucks des Ortes, an dem er gewachsen ist. <\/p>\n<h5>Farbe<\/h5>\n<p> Mittleres Goldgelb mit zarten gr\u00fcnen Reflexen. <\/p>\n<h5>Nase<\/h5>\n<p> Der 2022er Chablis \u201eTerroirs de B\u00e9ru\u201c zeigt feingliedrige und zugleich tiefgr\u00fcndige und mineralische Aromen. Apfel, Birne und Aprikose paaren sich mit zarten R\u00f6stnoten von Mandeln und deutlichen Ankl\u00e4ngen von Muschelschalen und Meeresbrise. <\/p>\n<h5>Gaumen<\/h5>\n<p> Am Gaumen wirkt er mit seiner feinen Frucht und seiner anregenden S\u00e4ure \u00fcberaus elegant und erfrischend. Zugleich bet\u00f6rt er mit einer tollen Saftigkeit und einer anregenden salzigen Note. Der perfekte Begleiter zu Fisch und Meeresfr\u00fcchten!<\/p>\n<p>Copyright Vinaturel 2025<\/p>\n<p>Keywords: <a href=\"https:\/\/wein-werte.com\/de\/shop\/?swoof=1&#038;pa_producer=Ch\u00e2teau-de-B\u00e9ru\">Ch\u00e2teau de B\u00e9ru<\/a> <a href=\"https:\/\/wein-werte.com\/de\/shop\/?swoof=1&#038;woof_text=Chablis Terroirs de B\u00e9ru AOC\">Chablis Terroirs de B\u00e9ru AOC<\/a> 2022 bio <a href=\"https:\/\/wein-werte.com\/de\/shop\/?swoof=1&#038;pa_region=Burgund\">Burgund<\/a> <a href=\"https:\/\/wein-werte.com\/de\/shop\/?swoof=1&#038;pa_country=Frankreich\">Frankreich<\/a><\/p>\n<h3>Vinous<\/h3>\n<p>Punkte: 91<\/p>\n<p>Der Chablis Terroirs de B\u00e9ru 2022 wurde einen Tag zuvor ge\u00f6ffnet, um sich zu \u00f6ffnen. Er wurde teilweise in Holzf\u00e4ssern, gr\u00f6\u00dftenteils aber in Edelstahl vergoren. Er hat eine aromatische Nase mit Aromen von getrocknetem Honig und getrockneten Feigen, Bienenwachs und leichten Algen. Am Gaumen ist er frisch und salzig mit feinem Gewicht und Lebendigkeit. Eine sch\u00f6ne Bitterkeit, ein Wein, der am Tisch richtig zur Geltung kommt. Ausgezeichnet. \u2013 Neal Martin<br \/>Trinkzeitraum: 2025\u20132034<br \/>Testdatum: August 2024<\/p>\n<p>Internetseite des Weinguts: <a href=\"https:\/\/www.en.chateaudeberu.com\/\" target=\"_blank\">https:\/\/www.en.chateaudeberu.com\/<\/a><\/p>\n","protected":false},"excerpt":{"rendered":"<p>Lieferzeit: 1 bis 2 Arbeitstage (DE), 2 bis 5 Arbeitstage (EU and CH)<\/p>\n","protected":false},"featured_media":1144906,"template":"","meta":[],"product_brand":[],"product_cat":[19],"product_tag":[],"class_list":{"0":"post-1134785","1":"product","2":"type-product","3":"status-publish","4":"has-post-thumbnail","6":"product_cat-unkategorisiert","7":"pa_alcohol-for-filter-12897","8":"pa_certified-biodynamic-ja-de","9":"pa_certified-organic-ja-de","10":"pa_colour-weiss","11":"pa_country-frankreich","12":"pa_grape-chardonnay","13":"pa_price-for-filter-10605","14":"pa_producer-chateau-de-beru","15":"pa_region-burgund","16":"pa_size-ml-6657","17":"pa_sweetness-trocken-de","18":"pa_type-2-still-de","19":"pa_vinous-points-for-filter-20027","20":"pa_vintage-2022-de","21":"entry","22":"has-media","24":"first","25":"instock","26":"taxable","27":"shipping-taxable","28":"purchasable","29":"product-type-simple"},"yoast_head":"<!-- This site is optimized with the Yoast SEO plugin v27.5 - https:\/\/yoast.com\/product\/yoast-seo-wordpress\/ -->\n<title>Ch\u00e2teau de B\u00e9ru Chablis Terroirs de B\u00e9ru 2022, 1500ml<\/title>\n<meta name=\"description\" content=\"Kaufe Ch\u00e2teau de B\u00e9ru Chablis Terroirs de B\u00e9ru 2022 (Chardonnay, trocken aus Burgund, Frankreich) bei Wein Werte, Ihrem nachhaltigen Onlineshop.\" \/>\n<meta name=\"robots\" content=\"index, follow, max-snippet:-1, max-image-preview:large, max-video-preview:-1\" \/>\n<link rel=\"canonical\" href=\"https:\/\/wein-werte.com\/de\/produkt\/chateau-de-beru-chablis-terroirs-de-beru-2022-1500ml\/\" \/>\n<meta property=\"og:locale\" content=\"de_DE\" \/>\n<meta property=\"og:type\" content=\"article\" \/>\n<meta property=\"og:title\" content=\"Ch\u00e2teau de B\u00e9ru Chablis Terroirs de B\u00e9ru 2022, 1500ml\" \/>\n<meta property=\"og:description\" content=\"Kaufe Ch\u00e2teau de B\u00e9ru Chablis Terroirs de B\u00e9ru 2022 (Chardonnay, trocken aus Burgund, Frankreich) bei Wein Werte, Ihrem nachhaltigen Onlineshop.\" \/>\n<meta property=\"og:url\" content=\"https:\/\/wein-werte.com\/de\/produkt\/chateau-de-beru-chablis-terroirs-de-beru-2022-1500ml\/\" \/>\n<meta property=\"og:site_name\" content=\"Wein Werte\" \/>\n<meta property=\"og:image\" content=\"https:\/\/wein-werte.com\/wp-content\/uploads\/2026\/04\/Chateau-de-Beru-Chablis-Terroirs-de-Beru-2022-1500ml.png\" \/>\n\t<meta property=\"og:image:width\" content=\"350\" \/>\n\t<meta property=\"og:image:height\" content=\"1200\" \/>\n\t<meta property=\"og:image:type\" content=\"image\/png\" \/>\n<meta name=\"twitter:card\" content=\"summary_large_image\" \/>\n<meta name=\"twitter:label1\" content=\"Gesch\u00e4tzte Lesezeit\" \/>\n\t<meta name=\"twitter:data1\" content=\"1\u00a0Minute\" \/>\n<script type=\"application\/ld+json\" class=\"yoast-schema-graph\">{\"@context\":\"https:\\\/\\\/schema.org\",\"@graph\":[{\"@type\":\"WebPage\",\"@id\":\"https:\\\/\\\/wein-werte.com\\\/de\\\/produkt\\\/chateau-de-beru-chablis-terroirs-de-beru-2022-1500ml\\\/\",\"url\":\"https:\\\/\\\/wein-werte.com\\\/de\\\/produkt\\\/chateau-de-beru-chablis-terroirs-de-beru-2022-1500ml\\\/\",\"name\":\"Ch\u00e2teau de B\u00e9ru Chablis Terroirs de B\u00e9ru 2022, 1500ml\",\"isPartOf\":{\"@id\":\"https:\\\/\\\/wein-werte.com\\\/de\\\/#website\"},\"primaryImageOfPage\":{\"@id\":\"https:\\\/\\\/wein-werte.com\\\/de\\\/produkt\\\/chateau-de-beru-chablis-terroirs-de-beru-2022-1500ml\\\/#primaryimage\"},\"image\":{\"@id\":\"https:\\\/\\\/wein-werte.com\\\/de\\\/produkt\\\/chateau-de-beru-chablis-terroirs-de-beru-2022-1500ml\\\/#primaryimage\"},\"thumbnailUrl\":\"https:\\\/\\\/wein-werte.com\\\/wp-content\\\/uploads\\\/2026\\\/04\\\/Chateau-de-Beru-Chablis-Terroirs-de-Beru-2022-1500ml.png\",\"datePublished\":\"2026-05-05T16:31:46+00:00\",\"description\":\"Kaufe Ch\u00e2teau de B\u00e9ru Chablis Terroirs de B\u00e9ru 2022 (Chardonnay, trocken aus Burgund, Frankreich) bei Wein Werte, Ihrem nachhaltigen Onlineshop.\",\"breadcrumb\":{\"@id\":\"https:\\\/\\\/wein-werte.com\\\/de\\\/produkt\\\/chateau-de-beru-chablis-terroirs-de-beru-2022-1500ml\\\/#breadcrumb\"},\"inLanguage\":\"de\",\"potentialAction\":[{\"@type\":\"ReadAction\",\"target\":[\"https:\\\/\\\/wein-werte.com\\\/de\\\/produkt\\\/chateau-de-beru-chablis-terroirs-de-beru-2022-1500ml\\\/\"]}]},{\"@type\":\"ImageObject\",\"inLanguage\":\"de\",\"@id\":\"https:\\\/\\\/wein-werte.com\\\/de\\\/produkt\\\/chateau-de-beru-chablis-terroirs-de-beru-2022-1500ml\\\/#primaryimage\",\"url\":\"https:\\\/\\\/wein-werte.com\\\/wp-content\\\/uploads\\\/2026\\\/04\\\/Chateau-de-Beru-Chablis-Terroirs-de-Beru-2022-1500ml.png\",\"contentUrl\":\"https:\\\/\\\/wein-werte.com\\\/wp-content\\\/uploads\\\/2026\\\/04\\\/Chateau-de-Beru-Chablis-Terroirs-de-Beru-2022-1500ml.png\",\"width\":350,\"height\":1200,\"caption\":\"Ch\u00e2teau de B\u00e9ru Chablis Terroirs de B\u00e9ru AOC 2022 1500ml\"},{\"@type\":\"BreadcrumbList\",\"@id\":\"https:\\\/\\\/wein-werte.com\\\/de\\\/produkt\\\/chateau-de-beru-chablis-terroirs-de-beru-2022-1500ml\\\/#breadcrumb\",\"itemListElement\":[{\"@type\":\"ListItem\",\"position\":1,\"name\":\"Home\",\"item\":\"https:\\\/\\\/wein-werte.com\\\/de\\\/\"},{\"@type\":\"ListItem\",\"position\":2,\"name\":\"Shop\",\"item\":\"https:\\\/\\\/wein-werte.com\\\/de\\\/shop\\\/\"},{\"@type\":\"ListItem\",\"position\":3,\"name\":\"Ch\u00e2teau de B\u00e9ru | Burgund | Chablis Terroirs de B\u00e9ru AOC | 2022 | 1500ml | bio\"}]},{\"@type\":\"WebSite\",\"@id\":\"https:\\\/\\\/wein-werte.com\\\/de\\\/#website\",\"url\":\"https:\\\/\\\/wein-werte.com\\\/de\\\/\",\"name\":\"Wein Werte\",\"description\":\"\",\"publisher\":{\"@id\":\"https:\\\/\\\/wein-werte.com\\\/de\\\/#organization\"},\"potentialAction\":[{\"@type\":\"SearchAction\",\"target\":{\"@type\":\"EntryPoint\",\"urlTemplate\":\"https:\\\/\\\/wein-werte.com\\\/de\\\/?s={search_term_string}\"},\"query-input\":{\"@type\":\"PropertyValueSpecification\",\"valueRequired\":true,\"valueName\":\"search_term_string\"}}],\"inLanguage\":\"de\"},{\"@type\":\"Organization\",\"@id\":\"https:\\\/\\\/wein-werte.com\\\/de\\\/#organization\",\"name\":\"Vins Fins Thorrold\",\"url\":\"https:\\\/\\\/wein-werte.com\\\/de\\\/\",\"logo\":{\"@type\":\"ImageObject\",\"inLanguage\":\"de\",\"@id\":\"https:\\\/\\\/wein-werte.com\\\/de\\\/#\\\/schema\\\/logo\\\/image\\\/\",\"url\":\"https:\\\/\\\/wein-werte.com\\\/wp-content\\\/uploads\\\/2023\\\/07\\\/Wein_werte_Logo700-1.png\",\"contentUrl\":\"https:\\\/\\\/wein-werte.com\\\/wp-content\\\/uploads\\\/2023\\\/07\\\/Wein_werte_Logo700-1.png\",\"width\":700,\"height\":272,\"caption\":\"Vins Fins Thorrold\"},\"image\":{\"@id\":\"https:\\\/\\\/wein-werte.com\\\/de\\\/#\\\/schema\\\/logo\\\/image\\\/\"}}]}<\/script>\n<!-- \/ Yoast SEO plugin. -->","yoast_head_json":{"title":"Ch\u00e2teau de B\u00e9ru Chablis Terroirs de B\u00e9ru 2022, 1500ml","description":"Kaufe Ch\u00e2teau de B\u00e9ru Chablis Terroirs de B\u00e9ru 2022 (Chardonnay, trocken aus Burgund, Frankreich) bei Wein Werte, Ihrem nachhaltigen Onlineshop.","robots":{"index":"index","follow":"follow","max-snippet":"max-snippet:-1","max-image-preview":"max-image-preview:large","max-video-preview":"max-video-preview:-1"},"canonical":"https:\/\/wein-werte.com\/de\/produkt\/chateau-de-beru-chablis-terroirs-de-beru-2022-1500ml\/","og_locale":"de_DE","og_type":"article","og_title":"Ch\u00e2teau de B\u00e9ru Chablis Terroirs de B\u00e9ru 2022, 1500ml","og_description":"Kaufe Ch\u00e2teau de B\u00e9ru Chablis Terroirs de B\u00e9ru 2022 (Chardonnay, trocken aus Burgund, Frankreich) bei Wein Werte, Ihrem nachhaltigen Onlineshop.","og_url":"https:\/\/wein-werte.com\/de\/produkt\/chateau-de-beru-chablis-terroirs-de-beru-2022-1500ml\/","og_site_name":"Wein Werte","og_image":[{"width":350,"height":1200,"url":"https:\/\/wein-werte.com\/wp-content\/uploads\/2026\/04\/Chateau-de-Beru-Chablis-Terroirs-de-Beru-2022-1500ml.png","type":"image\/png"}],"twitter_card":"summary_large_image","twitter_misc":{"Gesch\u00e4tzte Lesezeit":"1\u00a0Minute"},"schema":{"@context":"https:\/\/schema.org","@graph":[{"@type":"WebPage","@id":"https:\/\/wein-werte.com\/de\/produkt\/chateau-de-beru-chablis-terroirs-de-beru-2022-1500ml\/","url":"https:\/\/wein-werte.com\/de\/produkt\/chateau-de-beru-chablis-terroirs-de-beru-2022-1500ml\/","name":"Ch\u00e2teau de B\u00e9ru Chablis Terroirs de B\u00e9ru 2022, 1500ml","isPartOf":{"@id":"https:\/\/wein-werte.com\/de\/#website"},"primaryImageOfPage":{"@id":"https:\/\/wein-werte.com\/de\/produkt\/chateau-de-beru-chablis-terroirs-de-beru-2022-1500ml\/#primaryimage"},"image":{"@id":"https:\/\/wein-werte.com\/de\/produkt\/chateau-de-beru-chablis-terroirs-de-beru-2022-1500ml\/#primaryimage"},"thumbnailUrl":"https:\/\/wein-werte.com\/wp-content\/uploads\/2026\/04\/Chateau-de-Beru-Chablis-Terroirs-de-Beru-2022-1500ml.png","datePublished":"2026-05-05T16:31:46+00:00","description":"Kaufe Ch\u00e2teau de B\u00e9ru Chablis Terroirs de B\u00e9ru 2022 (Chardonnay, trocken aus Burgund, Frankreich) bei Wein Werte, Ihrem nachhaltigen Onlineshop.","breadcrumb":{"@id":"https:\/\/wein-werte.com\/de\/produkt\/chateau-de-beru-chablis-terroirs-de-beru-2022-1500ml\/#breadcrumb"},"inLanguage":"de","potentialAction":[{"@type":"ReadAction","target":["https:\/\/wein-werte.com\/de\/produkt\/chateau-de-beru-chablis-terroirs-de-beru-2022-1500ml\/"]}]},{"@type":"ImageObject","inLanguage":"de","@id":"https:\/\/wein-werte.com\/de\/produkt\/chateau-de-beru-chablis-terroirs-de-beru-2022-1500ml\/#primaryimage","url":"https:\/\/wein-werte.com\/wp-content\/uploads\/2026\/04\/Chateau-de-Beru-Chablis-Terroirs-de-Beru-2022-1500ml.png","contentUrl":"https:\/\/wein-werte.com\/wp-content\/uploads\/2026\/04\/Chateau-de-Beru-Chablis-Terroirs-de-Beru-2022-1500ml.png","width":350,"height":1200,"caption":"Ch\u00e2teau de B\u00e9ru Chablis Terroirs de B\u00e9ru AOC 2022 1500ml"},{"@type":"BreadcrumbList","@id":"https:\/\/wein-werte.com\/de\/produkt\/chateau-de-beru-chablis-terroirs-de-beru-2022-1500ml\/#breadcrumb","itemListElement":[{"@type":"ListItem","position":1,"name":"Home","item":"https:\/\/wein-werte.com\/de\/"},{"@type":"ListItem","position":2,"name":"Shop","item":"https:\/\/wein-werte.com\/de\/shop\/"},{"@type":"ListItem","position":3,"name":"Ch\u00e2teau de B\u00e9ru | Burgund | Chablis Terroirs de B\u00e9ru AOC | 2022 | 1500ml | bio"}]},{"@type":"WebSite","@id":"https:\/\/wein-werte.com\/de\/#website","url":"https:\/\/wein-werte.com\/de\/","name":"Wein Werte","description":"","publisher":{"@id":"https:\/\/wein-werte.com\/de\/#organization"},"potentialAction":[{"@type":"SearchAction","target":{"@type":"EntryPoint","urlTemplate":"https:\/\/wein-werte.com\/de\/?s={search_term_string}"},"query-input":{"@type":"PropertyValueSpecification","valueRequired":true,"valueName":"search_term_string"}}],"inLanguage":"de"},{"@type":"Organization","@id":"https:\/\/wein-werte.com\/de\/#organization","name":"Vins Fins Thorrold","url":"https:\/\/wein-werte.com\/de\/","logo":{"@type":"ImageObject","inLanguage":"de","@id":"https:\/\/wein-werte.com\/de\/#\/schema\/logo\/image\/","url":"https:\/\/wein-werte.com\/wp-content\/uploads\/2023\/07\/Wein_werte_Logo700-1.png","contentUrl":"https:\/\/wein-werte.com\/wp-content\/uploads\/2023\/07\/Wein_werte_Logo700-1.png","width":700,"height":272,"caption":"Vins Fins Thorrold"},"image":{"@id":"https:\/\/wein-werte.com\/de\/#\/schema\/logo\/image\/"}}]}},"_links":{"self":[{"href":"https:\/\/wein-werte.com\/de\/wp-json\/wp\/v2\/product\/1134785","targetHints":{"allow":["GET"]}}],"collection":[{"href":"https:\/\/wein-werte.com\/de\/wp-json\/wp\/v2\/product"}],"about":[{"href":"https:\/\/wein-werte.com\/de\/wp-json\/wp\/v2\/types\/product"}],"wp:featuredmedia":[{"embeddable":true,"href":"https:\/\/wein-werte.com\/de\/wp-json\/wp\/v2\/media\/1144906"}],"wp:attachment":[{"href":"https:\/\/wein-werte.com\/de\/wp-json\/wp\/v2\/media?parent=1134785"}],"wp:term":[{"taxonomy":"product_brand","embeddable":true,"href":"https:\/\/wein-werte.com\/de\/wp-json\/wp\/v2\/product_brand?post=1134785"},{"taxonomy":"product_cat","embeddable":true,"href":"https:\/\/wein-werte.com\/de\/wp-json\/wp\/v2\/product_cat?post=1134785"},{"taxonomy":"product_tag","embeddable":true,"href":"https:\/\/wein-werte.com\/de\/wp-json\/wp\/v2\/product_tag?post=1134785"}],"curies":[{"name":"wp","href":"https:\/\/api.w.org\/{rel}","templated":true}]}}