{"id":1134765,"date":"2026-05-05T18:31:45","date_gmt":"2026-05-05T16:31:45","guid":{"rendered":"https:\/\/wein-werte.com\/product\/chateau-de-beru-chablis-clos-beru-monopole-2019-750ml\/"},"modified":"2026-04-27T12:03:05","modified_gmt":"2026-04-27T10:03:05","slug":"chateau-de-beru-chablis-clos-beru-monopole-2019-750ml","status":"publish","type":"product","link":"https:\/\/wein-werte.com\/de\/produkt\/chateau-de-beru-chablis-clos-beru-monopole-2019-750ml\/","title":{"rendered":"Ch\u00e2teau de B\u00e9ru | Burgund | Chablis Clos B\u00e9ru Monopole AOC | 2019 | 750ml | bio"},"content":{"rendered":"<p>Produktbeschreibung f\u00fcr Ch\u00e2teau de B\u00e9ru Chablis Clos B\u00e9ru Monopole AOC 2019 (bio) <\/p>\n<h5>Informationen zum Wein<\/h5>\n<p> Der Weinberg Clos de B\u00e9ru ist die Monopol-Lage des Hauses. Der Clos de B\u00e9ru ist nur deshalb nicht als Premier Cru im Chablis klassifiziert, weil er nach dem fr\u00fchen Tod von Comte \u00c9ric de B\u00e9ru verpachtet war und die Familie kein Interesse an einer Klassifizierung erkennen lie\u00df. Historisch wurde der Clos de B\u00e9ru immer auf dem Niveau guter Premier-Cru-Lagen gesehen. Wenn man in dem Weinberg steht, wird einem auch sofort klar, warum: reiner s\u00fcdlich exponierter, nicht sehr steiler, aber durchaus h\u00e4ngiger und sehr steiniger typischer Kimmeridge-Boden. Die Grenzen wurden seinerzeit von M\u00f6nchen entlang des Terroirs gezogen. Deswegen hat der Clos keine rechtwinklige Form, sondern die eines schiefen Trapezes. Ausgebaut wird der Wein nach einer spontanen und langen Verg\u00e4rung 18 Monate in Tonneaux, dann ein Jahr in Fudern und sechs Monate auf der Flasche, um die Intensit\u00e4t dieses kr\u00e4ftigen, mineralischen und komplexen Weins ein wenig zu z\u00e4hmen. Gef\u00fcllt wurde er unfiltriert, ungesch\u00f6nt und nur mit minimalem Schwefeleinsatz. <\/p>\n<h5>Farbe<\/h5>\n<p> leuchtendes Strohgelb <\/p>\n<h5>Nase<\/h5>\n<p> So begeistert man von den drei anderen Lagen-Chablis des Hauses B\u00e9ru auch sein mag, der Clos de B\u00e9ru schafft es immer, die Begeisterung noch zu steigern. Die Nase ist in ihrer Finesse und Dichte einfach spektakul\u00e4r. Es ist eine fantastische Mischung aus gr\u00fcnen, gelben, orangefarbenen und sogar roten Facetten, die von Mirabellen, Limetten und Stachelbeeren \u00fcber Cedrat-Zitronen, Bergamotten, Mandarinen, Orangen, Aprikosen und Quitten bis zu einzelnen Roten Johannisbeeren reichen. Und das ist nur der Frucht-Aspekt. Nat\u00fcrlich gibt es auch Kr\u00e4uter wie Minze und gr\u00fcne Mandeln, auch zersto\u00dfenen Kalk, Jod, Rauch und einh\u00fcllende Noten von Brioche und Lemoncurd. Dazu kommt die ganz leichte typische B\u00e9ru-Oxidation, die etwas M\u00fcrbes in das Ganze bringt. Das ist faszinierend, vor allem wenn man den Wein in eine gro\u00dfe Karaffe gesch\u00fcttet hat und ihn bei der Entwicklung begleitet. <\/p>\n<h5>Gaumen<\/h5>\n<p> Am Gaumen erwartet einen vom ersten Moment an ein Chablis mit der perfekten S\u00e4urestruktur. Sie ist an der Gaumenspitze pr\u00e4sent und paart sich mit einer eleganten, aber doch elektrisierenden Mineralit\u00e4t. Dann ver\u00e4stelt sie sich in der komplexen Fruchtf\u00fclle, bleibt dabei pr\u00e4sent und trotz der Ver\u00e4stelung irgendwie linear. Dann zieht sie sich in ein kaum enden wollendes Finale. Und auf dem Weg dorthin passiert viel: Da ist diese Reife von Aprikosen, Pfirsichen, Quitten und Kumquats, da ist diese Cremigkeit vom langen Hefelager, da ist das Straffe von Limetten, Zitronen und Grapefruits mit der pikanten Herbheit der Schalen, da ist das Salz, das mundw\u00e4ssernd wirkt, da ist diese feine Note von wei\u00dfem Pfeffer und das Jodige von Austernwasser. All das wird von der S\u00e4ure durchzogen und zusammengef\u00fchrt zu einem gro\u00dfen Ganzen. Ist das eine zu \u00fcberschw\u00e4ngliche Eloge f\u00fcr den Clos de B\u00e9ru? Es ist halt ein begeisternder Chablis \u2013 zwar ohne Cru-Klassifikation, aber definitiv auf Grand-Cru-Niveau.<\/p>\n<p>Copyright Vinaturel 2025<\/p>\n<p>Keywords: <a href=\"https:\/\/wein-werte.com\/de\/shop\/?swoof=1&#038;pa_producer=Ch\u00e2teau-de-B\u00e9ru\">Ch\u00e2teau de B\u00e9ru<\/a> <a href=\"https:\/\/wein-werte.com\/de\/shop\/?swoof=1&#038;woof_text=Chablis Clos B\u00e9ru Monopole AOC\">Chablis Clos B\u00e9ru Monopole AOC<\/a> 2019 bio <a href=\"https:\/\/wein-werte.com\/de\/shop\/?swoof=1&#038;pa_region=Burgund\">Burgund<\/a> <a href=\"https:\/\/wein-werte.com\/de\/shop\/?swoof=1&#038;pa_country=Frankreich\">Frankreich<\/a><\/p>\n<h3>Vinous<\/h3>\n<p>Punkte: 93<\/p>\n<p>Der 2019er Chablis Clos B\u00e9ru, der ein weiteres Jahr im Fass (Demi-Muids) reift, ist ein drei Hektar gro\u00dfer Monopolwein des Weinguts, dessen Muttergestein oberfl\u00e4chennah liegt. Er pr\u00e4sentiert ein sehr komplexes Bouquet mit Aprikosenbl\u00fcten, Clementinen, einem Hauch von Pfirsich und zersto\u00dfenem Stein. Am Gaumen ist er gut ausgewogen, mit feiner Spannung im Auftakt, einer herrlichen S\u00e4ureperle und einer leichten W\u00fcrze mit Ingwernoten im Abgang. Viel Energie \u2013 man sp\u00fcrt das Terroir im Abgang. Ausgezeichnet. \u2013 Neal Martin<br \/>Trinkzeitraum: 2024\u20132042<br \/>Testdatum: September 2022<\/p>\n<p>Internetseite des Weinguts: <a href=\"https:\/\/www.en.chateaudeberu.com\/\" target=\"_blank\">https:\/\/www.en.chateaudeberu.com\/<\/a><\/p>\n","protected":false},"excerpt":{"rendered":"<p>Lieferzeit: 1 bis 2 Arbeitstage (DE), 2 bis 5 Arbeitstage (EU and CH)<\/p>\n","protected":false},"featured_media":1144890,"template":"","meta":[],"product_brand":[],"product_cat":[19],"product_tag":[],"class_list":{"0":"post-1134765","1":"product","2":"type-product","3":"status-publish","4":"has-post-thumbnail","6":"product_cat-unkategorisiert","7":"pa_alcohol-for-filter-13-5","8":"pa_certified-biodynamic-ja-de","9":"pa_certified-organic-ja-de","10":"pa_colour-weiss","11":"pa_country-frankreich","12":"pa_grape-chardonnay","13":"pa_price-for-filter-10646","14":"pa_producer-chateau-de-beru","15":"pa_region-burgund","16":"pa_size-ml-6584","17":"pa_sweetness-trocken-de","18":"pa_type-2-still-de","19":"pa_vinous-points-for-filter-20031","20":"pa_vintage-2019-de","21":"entry","22":"has-media","24":"first","25":"instock","26":"taxable","27":"shipping-taxable","28":"purchasable","29":"product-type-simple"},"yoast_head":"<!-- This site is optimized with the Yoast SEO plugin v27.5 - https:\/\/yoast.com\/product\/yoast-seo-wordpress\/ -->\n<title>Ch\u00e2teau de B\u00e9ru Chablis Clos B\u00e9ru Monopole 2019<\/title>\n<meta name=\"description\" content=\"Kaufe Ch\u00e2teau de B\u00e9ru Chablis Clos B\u00e9ru Monopole 2019 (Chardonnay, trocken aus Burgund, Frankreich) bei Wein Werte, Ihrem nachhaltigen Onlineshop.\" \/>\n<meta name=\"robots\" content=\"index, follow, max-snippet:-1, max-image-preview:large, max-video-preview:-1\" \/>\n<link rel=\"canonical\" href=\"https:\/\/wein-werte.com\/de\/produkt\/chateau-de-beru-chablis-clos-beru-monopole-2019-750ml\/\" \/>\n<meta property=\"og:locale\" content=\"de_DE\" \/>\n<meta property=\"og:type\" content=\"article\" \/>\n<meta property=\"og:title\" content=\"Ch\u00e2teau de B\u00e9ru Chablis Clos B\u00e9ru Monopole 2019\" \/>\n<meta property=\"og:description\" content=\"Kaufe Ch\u00e2teau de B\u00e9ru Chablis Clos B\u00e9ru Monopole 2019 (Chardonnay, trocken aus Burgund, Frankreich) bei Wein Werte, Ihrem nachhaltigen Onlineshop.\" \/>\n<meta property=\"og:url\" content=\"https:\/\/wein-werte.com\/de\/produkt\/chateau-de-beru-chablis-clos-beru-monopole-2019-750ml\/\" \/>\n<meta property=\"og:site_name\" content=\"Wein Werte\" \/>\n<meta property=\"og:image\" content=\"https:\/\/wein-werte.com\/wp-content\/uploads\/2026\/04\/Chateau-de-Beru-Chablis-Clos-Beru-Monopole-2019-750ml.png\" \/>\n\t<meta property=\"og:image:width\" content=\"339\" \/>\n\t<meta property=\"og:image:height\" content=\"1200\" \/>\n\t<meta property=\"og:image:type\" content=\"image\/png\" \/>\n<meta name=\"twitter:card\" content=\"summary_large_image\" \/>\n<meta name=\"twitter:label1\" content=\"Gesch\u00e4tzte Lesezeit\" \/>\n\t<meta name=\"twitter:data1\" content=\"3\u00a0Minuten\" \/>\n<script type=\"application\/ld+json\" class=\"yoast-schema-graph\">{\"@context\":\"https:\\\/\\\/schema.org\",\"@graph\":[{\"@type\":\"WebPage\",\"@id\":\"https:\\\/\\\/wein-werte.com\\\/de\\\/produkt\\\/chateau-de-beru-chablis-clos-beru-monopole-2019-750ml\\\/\",\"url\":\"https:\\\/\\\/wein-werte.com\\\/de\\\/produkt\\\/chateau-de-beru-chablis-clos-beru-monopole-2019-750ml\\\/\",\"name\":\"Ch\u00e2teau de B\u00e9ru Chablis Clos B\u00e9ru Monopole 2019\",\"isPartOf\":{\"@id\":\"https:\\\/\\\/wein-werte.com\\\/de\\\/#website\"},\"primaryImageOfPage\":{\"@id\":\"https:\\\/\\\/wein-werte.com\\\/de\\\/produkt\\\/chateau-de-beru-chablis-clos-beru-monopole-2019-750ml\\\/#primaryimage\"},\"image\":{\"@id\":\"https:\\\/\\\/wein-werte.com\\\/de\\\/produkt\\\/chateau-de-beru-chablis-clos-beru-monopole-2019-750ml\\\/#primaryimage\"},\"thumbnailUrl\":\"https:\\\/\\\/wein-werte.com\\\/wp-content\\\/uploads\\\/2026\\\/04\\\/Chateau-de-Beru-Chablis-Clos-Beru-Monopole-2019-750ml.png\",\"datePublished\":\"2026-05-05T16:31:45+00:00\",\"description\":\"Kaufe Ch\u00e2teau de B\u00e9ru Chablis Clos B\u00e9ru Monopole 2019 (Chardonnay, trocken aus Burgund, Frankreich) bei Wein Werte, Ihrem nachhaltigen Onlineshop.\",\"breadcrumb\":{\"@id\":\"https:\\\/\\\/wein-werte.com\\\/de\\\/produkt\\\/chateau-de-beru-chablis-clos-beru-monopole-2019-750ml\\\/#breadcrumb\"},\"inLanguage\":\"de\",\"potentialAction\":[{\"@type\":\"ReadAction\",\"target\":[\"https:\\\/\\\/wein-werte.com\\\/de\\\/produkt\\\/chateau-de-beru-chablis-clos-beru-monopole-2019-750ml\\\/\"]}]},{\"@type\":\"ImageObject\",\"inLanguage\":\"de\",\"@id\":\"https:\\\/\\\/wein-werte.com\\\/de\\\/produkt\\\/chateau-de-beru-chablis-clos-beru-monopole-2019-750ml\\\/#primaryimage\",\"url\":\"https:\\\/\\\/wein-werte.com\\\/wp-content\\\/uploads\\\/2026\\\/04\\\/Chateau-de-Beru-Chablis-Clos-Beru-Monopole-2019-750ml.png\",\"contentUrl\":\"https:\\\/\\\/wein-werte.com\\\/wp-content\\\/uploads\\\/2026\\\/04\\\/Chateau-de-Beru-Chablis-Clos-Beru-Monopole-2019-750ml.png\",\"width\":339,\"height\":1200,\"caption\":\"Ch\u00e2teau de B\u00e9ru Chablis Clos B\u00e9ru Monopole AOC 2019 750ml\"},{\"@type\":\"BreadcrumbList\",\"@id\":\"https:\\\/\\\/wein-werte.com\\\/de\\\/produkt\\\/chateau-de-beru-chablis-clos-beru-monopole-2019-750ml\\\/#breadcrumb\",\"itemListElement\":[{\"@type\":\"ListItem\",\"position\":1,\"name\":\"Home\",\"item\":\"https:\\\/\\\/wein-werte.com\\\/de\\\/\"},{\"@type\":\"ListItem\",\"position\":2,\"name\":\"Shop\",\"item\":\"https:\\\/\\\/wein-werte.com\\\/de\\\/shop\\\/\"},{\"@type\":\"ListItem\",\"position\":3,\"name\":\"Ch\u00e2teau de B\u00e9ru | Burgund | Chablis Clos B\u00e9ru Monopole AOC | 2019 | 750ml | bio\"}]},{\"@type\":\"WebSite\",\"@id\":\"https:\\\/\\\/wein-werte.com\\\/de\\\/#website\",\"url\":\"https:\\\/\\\/wein-werte.com\\\/de\\\/\",\"name\":\"Wein Werte\",\"description\":\"\",\"publisher\":{\"@id\":\"https:\\\/\\\/wein-werte.com\\\/de\\\/#organization\"},\"potentialAction\":[{\"@type\":\"SearchAction\",\"target\":{\"@type\":\"EntryPoint\",\"urlTemplate\":\"https:\\\/\\\/wein-werte.com\\\/de\\\/?s={search_term_string}\"},\"query-input\":{\"@type\":\"PropertyValueSpecification\",\"valueRequired\":true,\"valueName\":\"search_term_string\"}}],\"inLanguage\":\"de\"},{\"@type\":\"Organization\",\"@id\":\"https:\\\/\\\/wein-werte.com\\\/de\\\/#organization\",\"name\":\"Vins Fins Thorrold\",\"url\":\"https:\\\/\\\/wein-werte.com\\\/de\\\/\",\"logo\":{\"@type\":\"ImageObject\",\"inLanguage\":\"de\",\"@id\":\"https:\\\/\\\/wein-werte.com\\\/de\\\/#\\\/schema\\\/logo\\\/image\\\/\",\"url\":\"https:\\\/\\\/wein-werte.com\\\/wp-content\\\/uploads\\\/2023\\\/07\\\/Wein_werte_Logo700-1.png\",\"contentUrl\":\"https:\\\/\\\/wein-werte.com\\\/wp-content\\\/uploads\\\/2023\\\/07\\\/Wein_werte_Logo700-1.png\",\"width\":700,\"height\":272,\"caption\":\"Vins Fins Thorrold\"},\"image\":{\"@id\":\"https:\\\/\\\/wein-werte.com\\\/de\\\/#\\\/schema\\\/logo\\\/image\\\/\"}}]}<\/script>\n<!-- \/ Yoast SEO plugin. -->","yoast_head_json":{"title":"Ch\u00e2teau de B\u00e9ru Chablis Clos B\u00e9ru Monopole 2019","description":"Kaufe Ch\u00e2teau de B\u00e9ru Chablis Clos B\u00e9ru Monopole 2019 (Chardonnay, trocken aus Burgund, Frankreich) bei Wein Werte, Ihrem nachhaltigen Onlineshop.","robots":{"index":"index","follow":"follow","max-snippet":"max-snippet:-1","max-image-preview":"max-image-preview:large","max-video-preview":"max-video-preview:-1"},"canonical":"https:\/\/wein-werte.com\/de\/produkt\/chateau-de-beru-chablis-clos-beru-monopole-2019-750ml\/","og_locale":"de_DE","og_type":"article","og_title":"Ch\u00e2teau de B\u00e9ru Chablis Clos B\u00e9ru Monopole 2019","og_description":"Kaufe Ch\u00e2teau de B\u00e9ru Chablis Clos B\u00e9ru Monopole 2019 (Chardonnay, trocken aus Burgund, Frankreich) bei Wein Werte, Ihrem nachhaltigen Onlineshop.","og_url":"https:\/\/wein-werte.com\/de\/produkt\/chateau-de-beru-chablis-clos-beru-monopole-2019-750ml\/","og_site_name":"Wein Werte","og_image":[{"width":339,"height":1200,"url":"https:\/\/wein-werte.com\/wp-content\/uploads\/2026\/04\/Chateau-de-Beru-Chablis-Clos-Beru-Monopole-2019-750ml.png","type":"image\/png"}],"twitter_card":"summary_large_image","twitter_misc":{"Gesch\u00e4tzte Lesezeit":"3\u00a0Minuten"},"schema":{"@context":"https:\/\/schema.org","@graph":[{"@type":"WebPage","@id":"https:\/\/wein-werte.com\/de\/produkt\/chateau-de-beru-chablis-clos-beru-monopole-2019-750ml\/","url":"https:\/\/wein-werte.com\/de\/produkt\/chateau-de-beru-chablis-clos-beru-monopole-2019-750ml\/","name":"Ch\u00e2teau de B\u00e9ru Chablis Clos B\u00e9ru Monopole 2019","isPartOf":{"@id":"https:\/\/wein-werte.com\/de\/#website"},"primaryImageOfPage":{"@id":"https:\/\/wein-werte.com\/de\/produkt\/chateau-de-beru-chablis-clos-beru-monopole-2019-750ml\/#primaryimage"},"image":{"@id":"https:\/\/wein-werte.com\/de\/produkt\/chateau-de-beru-chablis-clos-beru-monopole-2019-750ml\/#primaryimage"},"thumbnailUrl":"https:\/\/wein-werte.com\/wp-content\/uploads\/2026\/04\/Chateau-de-Beru-Chablis-Clos-Beru-Monopole-2019-750ml.png","datePublished":"2026-05-05T16:31:45+00:00","description":"Kaufe Ch\u00e2teau de B\u00e9ru Chablis Clos B\u00e9ru Monopole 2019 (Chardonnay, trocken aus Burgund, Frankreich) bei Wein Werte, Ihrem nachhaltigen Onlineshop.","breadcrumb":{"@id":"https:\/\/wein-werte.com\/de\/produkt\/chateau-de-beru-chablis-clos-beru-monopole-2019-750ml\/#breadcrumb"},"inLanguage":"de","potentialAction":[{"@type":"ReadAction","target":["https:\/\/wein-werte.com\/de\/produkt\/chateau-de-beru-chablis-clos-beru-monopole-2019-750ml\/"]}]},{"@type":"ImageObject","inLanguage":"de","@id":"https:\/\/wein-werte.com\/de\/produkt\/chateau-de-beru-chablis-clos-beru-monopole-2019-750ml\/#primaryimage","url":"https:\/\/wein-werte.com\/wp-content\/uploads\/2026\/04\/Chateau-de-Beru-Chablis-Clos-Beru-Monopole-2019-750ml.png","contentUrl":"https:\/\/wein-werte.com\/wp-content\/uploads\/2026\/04\/Chateau-de-Beru-Chablis-Clos-Beru-Monopole-2019-750ml.png","width":339,"height":1200,"caption":"Ch\u00e2teau de B\u00e9ru Chablis Clos B\u00e9ru Monopole AOC 2019 750ml"},{"@type":"BreadcrumbList","@id":"https:\/\/wein-werte.com\/de\/produkt\/chateau-de-beru-chablis-clos-beru-monopole-2019-750ml\/#breadcrumb","itemListElement":[{"@type":"ListItem","position":1,"name":"Home","item":"https:\/\/wein-werte.com\/de\/"},{"@type":"ListItem","position":2,"name":"Shop","item":"https:\/\/wein-werte.com\/de\/shop\/"},{"@type":"ListItem","position":3,"name":"Ch\u00e2teau de B\u00e9ru | Burgund | Chablis Clos B\u00e9ru Monopole AOC | 2019 | 750ml | bio"}]},{"@type":"WebSite","@id":"https:\/\/wein-werte.com\/de\/#website","url":"https:\/\/wein-werte.com\/de\/","name":"Wein Werte","description":"","publisher":{"@id":"https:\/\/wein-werte.com\/de\/#organization"},"potentialAction":[{"@type":"SearchAction","target":{"@type":"EntryPoint","urlTemplate":"https:\/\/wein-werte.com\/de\/?s={search_term_string}"},"query-input":{"@type":"PropertyValueSpecification","valueRequired":true,"valueName":"search_term_string"}}],"inLanguage":"de"},{"@type":"Organization","@id":"https:\/\/wein-werte.com\/de\/#organization","name":"Vins Fins Thorrold","url":"https:\/\/wein-werte.com\/de\/","logo":{"@type":"ImageObject","inLanguage":"de","@id":"https:\/\/wein-werte.com\/de\/#\/schema\/logo\/image\/","url":"https:\/\/wein-werte.com\/wp-content\/uploads\/2023\/07\/Wein_werte_Logo700-1.png","contentUrl":"https:\/\/wein-werte.com\/wp-content\/uploads\/2023\/07\/Wein_werte_Logo700-1.png","width":700,"height":272,"caption":"Vins Fins Thorrold"},"image":{"@id":"https:\/\/wein-werte.com\/de\/#\/schema\/logo\/image\/"}}]}},"_links":{"self":[{"href":"https:\/\/wein-werte.com\/de\/wp-json\/wp\/v2\/product\/1134765","targetHints":{"allow":["GET"]}}],"collection":[{"href":"https:\/\/wein-werte.com\/de\/wp-json\/wp\/v2\/product"}],"about":[{"href":"https:\/\/wein-werte.com\/de\/wp-json\/wp\/v2\/types\/product"}],"wp:featuredmedia":[{"embeddable":true,"href":"https:\/\/wein-werte.com\/de\/wp-json\/wp\/v2\/media\/1144890"}],"wp:attachment":[{"href":"https:\/\/wein-werte.com\/de\/wp-json\/wp\/v2\/media?parent=1134765"}],"wp:term":[{"taxonomy":"product_brand","embeddable":true,"href":"https:\/\/wein-werte.com\/de\/wp-json\/wp\/v2\/product_brand?post=1134765"},{"taxonomy":"product_cat","embeddable":true,"href":"https:\/\/wein-werte.com\/de\/wp-json\/wp\/v2\/product_cat?post=1134765"},{"taxonomy":"product_tag","embeddable":true,"href":"https:\/\/wein-werte.com\/de\/wp-json\/wp\/v2\/product_tag?post=1134765"}],"curies":[{"name":"wp","href":"https:\/\/api.w.org\/{rel}","templated":true}]}}