{"id":1134751,"date":"2026-05-05T18:31:45","date_gmt":"2026-05-05T16:31:45","guid":{"rendered":"https:\/\/wein-werte.com\/product\/bret-brothers-saint-amour-climat-cote-de-besset-zen-2023-750ml\/"},"modified":"2026-04-27T12:03:05","modified_gmt":"2026-04-27T10:03:05","slug":"bret-brothers-saint-amour-climat-cote-de-besset-zen-2023-750ml","status":"publish","type":"product","link":"https:\/\/wein-werte.com\/de\/produkt\/bret-brothers-saint-amour-climat-cote-de-besset-zen-2023-750ml\/","title":{"rendered":"Bret Brothers | Beaujolais | Saint-Amour Climat &#8220;C\u00f4te de Besset&#8221; Zen AOC | 2023 | 750ml | bio"},"content":{"rendered":"<p>Produktbeschreibung f\u00fcr Bret Brothers Saint-Amour Climat &#8220;C\u00f4te de Besset&#8221; Zen AOC 2023 (bio) <\/p>\n<h5>Informationen zum Wein<\/h5>\n<p> Die Parzellen befinden sich an dem Nordosthang C\u00f4te de Besset in Saint-Amour. Der Boden ist gepr\u00e4gt von blauem Sandstein. Die Trauben wurden am 7. September 2023 gelesen und als ganze Trauben in einer Mac\u00e9ration carbonique vergoren. Anschlie\u00dfend wurde der Wein zehn Monate lang in gebrauchten Barriques ausgebaut. Der pH-Wert liegt bei 3,77, der Gesamtschwefel bei &lt; 10 mg\/l. <\/p>\n<h5>Farbe<\/h5>\n<p> sehr helles, transparentes Karmesinrot <\/p>\n<h5>Nase<\/h5>\n<p> Der 2023er Saint-Amour ist ein duftiger Gamay mit Noten von Lavendel, Blutorangen, roten Beeren und s\u00fc\u00dfen Kirschen in Verbindung mit etwas Hefe, Tabak, Trockenholz und Zimt. <\/p>\n<h5>Gaumen<\/h5>\n<p> Am Gaumen ist der Saint-Amour rund und seidig. Hier wird der Lavendel durch Veilchen-Noten ersetzt, die sich mit reifer roter zermatschter Beerenfrucht und Zimtkirschen mischen. Das ist ein Beaujolais mit seidigem Tannin, einem s\u00fc\u00dfen Fruchtkern, etwas Lakritz, lebendiger S\u00e4ure und unkompliziertem Trinkfluss. <\/p>\n<p>Copyright Vinaturel 2025<\/p>\n<p>Keywords: <a href=\"https:\/\/wein-werte.com\/de\/shop\/?swoof=1&#038;pa_producer=Bret-Brothers\">Bret Brothers<\/a> <a href=\"https:\/\/wein-werte.com\/de\/shop\/?swoof=1&#038;woof_text=Saint-Amour Climat \"C\u00f4te de Besset\" Zen AOC\">Saint-Amour Climat &#8220;C\u00f4te de Besset&#8221; Zen AOC<\/a> 2023 bio <a href=\"https:\/\/wein-werte.com\/de\/shop\/?swoof=1&#038;pa_region=Beaujolais\">Beaujolais<\/a> <a href=\"https:\/\/wein-werte.com\/de\/shop\/?swoof=1&#038;pa_country=Frankreich\">Frankreich<\/a><\/p>\n<p>Internetseite des Weinguts: <a href=\"https:\/\/www.bretbrothers.com\/en\/\" target=\"_blank\">https:\/\/www.bretbrothers.com\/en\/<\/a><\/p>\n","protected":false},"excerpt":{"rendered":"<p>Lieferzeit: 1 bis 2 Arbeitstage (DE), 2 bis 5 Arbeitstage (EU and CH)<\/p>\n","protected":false},"featured_media":1144878,"template":"","meta":[],"product_brand":[],"product_cat":[19],"product_tag":[],"class_list":{"0":"post-1134751","1":"product","2":"type-product","3":"status-publish","4":"has-post-thumbnail","6":"product_cat-unkategorisiert","7":"pa_alcohol-for-filter-12897","8":"pa_certified-biodynamic-nein-de","9":"pa_certified-organic-ja-de","10":"pa_colour-rot","11":"pa_country-frankreich","12":"pa_grape-gamay","13":"pa_price-for-filter-10625","14":"pa_producer-bret-brothers","15":"pa_region-beaujolais","16":"pa_size-ml-6584","17":"pa_sweetness-trocken-de","18":"pa_type-2-still-de","19":"pa_vintage-2023-de","20":"entry","21":"has-media","23":"first","24":"instock","25":"taxable","26":"shipping-taxable","27":"purchasable","28":"product-type-simple"},"yoast_head":"<!-- This site is optimized with the Yoast SEO plugin v27.5 - https:\/\/yoast.com\/product\/yoast-seo-wordpress\/ -->\n<title>Bret Brothers Saint-Amour Climat &quot;C\u00f4te de Besset&quot; Zen 2023<\/title>\n<meta name=\"description\" content=\"Kaufe Bret Brothers Saint-Amour Climat &quot;C\u00f4te de Besset&quot; Zen 2023 (Gamay, trocken aus Beaujolais, Frankreich) bei Wein Werte, Ihrem nachhaltigen Onlineshop.\" \/>\n<meta name=\"robots\" content=\"index, follow, max-snippet:-1, max-image-preview:large, max-video-preview:-1\" \/>\n<link rel=\"canonical\" href=\"https:\/\/wein-werte.com\/de\/produkt\/bret-brothers-saint-amour-climat-cote-de-besset-zen-2023-750ml\/\" \/>\n<meta property=\"og:locale\" content=\"de_DE\" \/>\n<meta property=\"og:type\" content=\"article\" \/>\n<meta property=\"og:title\" content=\"Bret Brothers Saint-Amour Climat &quot;C\u00f4te de Besset&quot; Zen 2023\" \/>\n<meta property=\"og:description\" content=\"Kaufe Bret Brothers Saint-Amour Climat &quot;C\u00f4te de Besset&quot; Zen 2023 (Gamay, trocken aus Beaujolais, Frankreich) bei Wein Werte, Ihrem nachhaltigen Onlineshop.\" \/>\n<meta property=\"og:url\" content=\"https:\/\/wein-werte.com\/de\/produkt\/bret-brothers-saint-amour-climat-cote-de-besset-zen-2023-750ml\/\" \/>\n<meta property=\"og:site_name\" content=\"Wein Werte\" \/>\n<meta property=\"og:image\" content=\"https:\/\/wein-werte.com\/wp-content\/uploads\/2026\/04\/Bret-Brothers-Saint-Amour-Climat-Cote-de-Besset-Zen-2023-750ml.png\" \/>\n\t<meta property=\"og:image:width\" content=\"335\" \/>\n\t<meta property=\"og:image:height\" content=\"1200\" \/>\n\t<meta property=\"og:image:type\" content=\"image\/png\" \/>\n<meta name=\"twitter:card\" content=\"summary_large_image\" \/>\n<meta name=\"twitter:label1\" content=\"Gesch\u00e4tzte Lesezeit\" \/>\n\t<meta name=\"twitter:data1\" content=\"1\u00a0Minute\" \/>\n<script type=\"application\/ld+json\" class=\"yoast-schema-graph\">{\"@context\":\"https:\\\/\\\/schema.org\",\"@graph\":[{\"@type\":\"WebPage\",\"@id\":\"https:\\\/\\\/wein-werte.com\\\/de\\\/produkt\\\/bret-brothers-saint-amour-climat-cote-de-besset-zen-2023-750ml\\\/\",\"url\":\"https:\\\/\\\/wein-werte.com\\\/de\\\/produkt\\\/bret-brothers-saint-amour-climat-cote-de-besset-zen-2023-750ml\\\/\",\"name\":\"Bret Brothers Saint-Amour Climat \\\"C\u00f4te de Besset\\\" Zen 2023\",\"isPartOf\":{\"@id\":\"https:\\\/\\\/wein-werte.com\\\/de\\\/#website\"},\"primaryImageOfPage\":{\"@id\":\"https:\\\/\\\/wein-werte.com\\\/de\\\/produkt\\\/bret-brothers-saint-amour-climat-cote-de-besset-zen-2023-750ml\\\/#primaryimage\"},\"image\":{\"@id\":\"https:\\\/\\\/wein-werte.com\\\/de\\\/produkt\\\/bret-brothers-saint-amour-climat-cote-de-besset-zen-2023-750ml\\\/#primaryimage\"},\"thumbnailUrl\":\"https:\\\/\\\/wein-werte.com\\\/wp-content\\\/uploads\\\/2026\\\/04\\\/Bret-Brothers-Saint-Amour-Climat-Cote-de-Besset-Zen-2023-750ml.png\",\"datePublished\":\"2026-05-05T16:31:45+00:00\",\"description\":\"Kaufe Bret Brothers Saint-Amour Climat \\\"C\u00f4te de Besset\\\" Zen 2023 (Gamay, trocken aus Beaujolais, Frankreich) bei Wein Werte, Ihrem nachhaltigen Onlineshop.\",\"breadcrumb\":{\"@id\":\"https:\\\/\\\/wein-werte.com\\\/de\\\/produkt\\\/bret-brothers-saint-amour-climat-cote-de-besset-zen-2023-750ml\\\/#breadcrumb\"},\"inLanguage\":\"de\",\"potentialAction\":[{\"@type\":\"ReadAction\",\"target\":[\"https:\\\/\\\/wein-werte.com\\\/de\\\/produkt\\\/bret-brothers-saint-amour-climat-cote-de-besset-zen-2023-750ml\\\/\"]}]},{\"@type\":\"ImageObject\",\"inLanguage\":\"de\",\"@id\":\"https:\\\/\\\/wein-werte.com\\\/de\\\/produkt\\\/bret-brothers-saint-amour-climat-cote-de-besset-zen-2023-750ml\\\/#primaryimage\",\"url\":\"https:\\\/\\\/wein-werte.com\\\/wp-content\\\/uploads\\\/2026\\\/04\\\/Bret-Brothers-Saint-Amour-Climat-Cote-de-Besset-Zen-2023-750ml.png\",\"contentUrl\":\"https:\\\/\\\/wein-werte.com\\\/wp-content\\\/uploads\\\/2026\\\/04\\\/Bret-Brothers-Saint-Amour-Climat-Cote-de-Besset-Zen-2023-750ml.png\",\"width\":335,\"height\":1200,\"caption\":\"Bret Brothers Saint-Amour Climat \\\"C\u00f4te de Besset\\\" Zen AOC 2023 750ml\"},{\"@type\":\"BreadcrumbList\",\"@id\":\"https:\\\/\\\/wein-werte.com\\\/de\\\/produkt\\\/bret-brothers-saint-amour-climat-cote-de-besset-zen-2023-750ml\\\/#breadcrumb\",\"itemListElement\":[{\"@type\":\"ListItem\",\"position\":1,\"name\":\"Home\",\"item\":\"https:\\\/\\\/wein-werte.com\\\/de\\\/\"},{\"@type\":\"ListItem\",\"position\":2,\"name\":\"Shop\",\"item\":\"https:\\\/\\\/wein-werte.com\\\/de\\\/shop\\\/\"},{\"@type\":\"ListItem\",\"position\":3,\"name\":\"Bret Brothers | Beaujolais | Saint-Amour Climat &#8220;C\u00f4te de Besset&#8221; Zen AOC | 2023 | 750ml | bio\"}]},{\"@type\":\"WebSite\",\"@id\":\"https:\\\/\\\/wein-werte.com\\\/de\\\/#website\",\"url\":\"https:\\\/\\\/wein-werte.com\\\/de\\\/\",\"name\":\"Wein Werte\",\"description\":\"\",\"publisher\":{\"@id\":\"https:\\\/\\\/wein-werte.com\\\/de\\\/#organization\"},\"potentialAction\":[{\"@type\":\"SearchAction\",\"target\":{\"@type\":\"EntryPoint\",\"urlTemplate\":\"https:\\\/\\\/wein-werte.com\\\/de\\\/?s={search_term_string}\"},\"query-input\":{\"@type\":\"PropertyValueSpecification\",\"valueRequired\":true,\"valueName\":\"search_term_string\"}}],\"inLanguage\":\"de\"},{\"@type\":\"Organization\",\"@id\":\"https:\\\/\\\/wein-werte.com\\\/de\\\/#organization\",\"name\":\"Vins Fins Thorrold\",\"url\":\"https:\\\/\\\/wein-werte.com\\\/de\\\/\",\"logo\":{\"@type\":\"ImageObject\",\"inLanguage\":\"de\",\"@id\":\"https:\\\/\\\/wein-werte.com\\\/de\\\/#\\\/schema\\\/logo\\\/image\\\/\",\"url\":\"https:\\\/\\\/wein-werte.com\\\/wp-content\\\/uploads\\\/2023\\\/07\\\/Wein_werte_Logo700-1.png\",\"contentUrl\":\"https:\\\/\\\/wein-werte.com\\\/wp-content\\\/uploads\\\/2023\\\/07\\\/Wein_werte_Logo700-1.png\",\"width\":700,\"height\":272,\"caption\":\"Vins Fins Thorrold\"},\"image\":{\"@id\":\"https:\\\/\\\/wein-werte.com\\\/de\\\/#\\\/schema\\\/logo\\\/image\\\/\"}}]}<\/script>\n<!-- \/ Yoast SEO plugin. -->","yoast_head_json":{"title":"Bret Brothers Saint-Amour Climat \"C\u00f4te de Besset\" Zen 2023","description":"Kaufe Bret Brothers Saint-Amour Climat \"C\u00f4te de Besset\" Zen 2023 (Gamay, trocken aus Beaujolais, Frankreich) bei Wein Werte, Ihrem nachhaltigen Onlineshop.","robots":{"index":"index","follow":"follow","max-snippet":"max-snippet:-1","max-image-preview":"max-image-preview:large","max-video-preview":"max-video-preview:-1"},"canonical":"https:\/\/wein-werte.com\/de\/produkt\/bret-brothers-saint-amour-climat-cote-de-besset-zen-2023-750ml\/","og_locale":"de_DE","og_type":"article","og_title":"Bret Brothers Saint-Amour Climat \"C\u00f4te de Besset\" Zen 2023","og_description":"Kaufe Bret Brothers Saint-Amour Climat \"C\u00f4te de Besset\" Zen 2023 (Gamay, trocken aus Beaujolais, Frankreich) bei Wein Werte, Ihrem nachhaltigen Onlineshop.","og_url":"https:\/\/wein-werte.com\/de\/produkt\/bret-brothers-saint-amour-climat-cote-de-besset-zen-2023-750ml\/","og_site_name":"Wein Werte","og_image":[{"width":335,"height":1200,"url":"https:\/\/wein-werte.com\/wp-content\/uploads\/2026\/04\/Bret-Brothers-Saint-Amour-Climat-Cote-de-Besset-Zen-2023-750ml.png","type":"image\/png"}],"twitter_card":"summary_large_image","twitter_misc":{"Gesch\u00e4tzte Lesezeit":"1\u00a0Minute"},"schema":{"@context":"https:\/\/schema.org","@graph":[{"@type":"WebPage","@id":"https:\/\/wein-werte.com\/de\/produkt\/bret-brothers-saint-amour-climat-cote-de-besset-zen-2023-750ml\/","url":"https:\/\/wein-werte.com\/de\/produkt\/bret-brothers-saint-amour-climat-cote-de-besset-zen-2023-750ml\/","name":"Bret Brothers Saint-Amour Climat \"C\u00f4te de Besset\" Zen 2023","isPartOf":{"@id":"https:\/\/wein-werte.com\/de\/#website"},"primaryImageOfPage":{"@id":"https:\/\/wein-werte.com\/de\/produkt\/bret-brothers-saint-amour-climat-cote-de-besset-zen-2023-750ml\/#primaryimage"},"image":{"@id":"https:\/\/wein-werte.com\/de\/produkt\/bret-brothers-saint-amour-climat-cote-de-besset-zen-2023-750ml\/#primaryimage"},"thumbnailUrl":"https:\/\/wein-werte.com\/wp-content\/uploads\/2026\/04\/Bret-Brothers-Saint-Amour-Climat-Cote-de-Besset-Zen-2023-750ml.png","datePublished":"2026-05-05T16:31:45+00:00","description":"Kaufe Bret Brothers Saint-Amour Climat \"C\u00f4te de Besset\" Zen 2023 (Gamay, trocken aus Beaujolais, Frankreich) bei Wein Werte, Ihrem nachhaltigen Onlineshop.","breadcrumb":{"@id":"https:\/\/wein-werte.com\/de\/produkt\/bret-brothers-saint-amour-climat-cote-de-besset-zen-2023-750ml\/#breadcrumb"},"inLanguage":"de","potentialAction":[{"@type":"ReadAction","target":["https:\/\/wein-werte.com\/de\/produkt\/bret-brothers-saint-amour-climat-cote-de-besset-zen-2023-750ml\/"]}]},{"@type":"ImageObject","inLanguage":"de","@id":"https:\/\/wein-werte.com\/de\/produkt\/bret-brothers-saint-amour-climat-cote-de-besset-zen-2023-750ml\/#primaryimage","url":"https:\/\/wein-werte.com\/wp-content\/uploads\/2026\/04\/Bret-Brothers-Saint-Amour-Climat-Cote-de-Besset-Zen-2023-750ml.png","contentUrl":"https:\/\/wein-werte.com\/wp-content\/uploads\/2026\/04\/Bret-Brothers-Saint-Amour-Climat-Cote-de-Besset-Zen-2023-750ml.png","width":335,"height":1200,"caption":"Bret Brothers Saint-Amour Climat \"C\u00f4te de Besset\" Zen AOC 2023 750ml"},{"@type":"BreadcrumbList","@id":"https:\/\/wein-werte.com\/de\/produkt\/bret-brothers-saint-amour-climat-cote-de-besset-zen-2023-750ml\/#breadcrumb","itemListElement":[{"@type":"ListItem","position":1,"name":"Home","item":"https:\/\/wein-werte.com\/de\/"},{"@type":"ListItem","position":2,"name":"Shop","item":"https:\/\/wein-werte.com\/de\/shop\/"},{"@type":"ListItem","position":3,"name":"Bret Brothers | Beaujolais | Saint-Amour Climat &#8220;C\u00f4te de Besset&#8221; Zen AOC | 2023 | 750ml | bio"}]},{"@type":"WebSite","@id":"https:\/\/wein-werte.com\/de\/#website","url":"https:\/\/wein-werte.com\/de\/","name":"Wein Werte","description":"","publisher":{"@id":"https:\/\/wein-werte.com\/de\/#organization"},"potentialAction":[{"@type":"SearchAction","target":{"@type":"EntryPoint","urlTemplate":"https:\/\/wein-werte.com\/de\/?s={search_term_string}"},"query-input":{"@type":"PropertyValueSpecification","valueRequired":true,"valueName":"search_term_string"}}],"inLanguage":"de"},{"@type":"Organization","@id":"https:\/\/wein-werte.com\/de\/#organization","name":"Vins Fins Thorrold","url":"https:\/\/wein-werte.com\/de\/","logo":{"@type":"ImageObject","inLanguage":"de","@id":"https:\/\/wein-werte.com\/de\/#\/schema\/logo\/image\/","url":"https:\/\/wein-werte.com\/wp-content\/uploads\/2023\/07\/Wein_werte_Logo700-1.png","contentUrl":"https:\/\/wein-werte.com\/wp-content\/uploads\/2023\/07\/Wein_werte_Logo700-1.png","width":700,"height":272,"caption":"Vins Fins Thorrold"},"image":{"@id":"https:\/\/wein-werte.com\/de\/#\/schema\/logo\/image\/"}}]}},"_links":{"self":[{"href":"https:\/\/wein-werte.com\/de\/wp-json\/wp\/v2\/product\/1134751","targetHints":{"allow":["GET"]}}],"collection":[{"href":"https:\/\/wein-werte.com\/de\/wp-json\/wp\/v2\/product"}],"about":[{"href":"https:\/\/wein-werte.com\/de\/wp-json\/wp\/v2\/types\/product"}],"wp:featuredmedia":[{"embeddable":true,"href":"https:\/\/wein-werte.com\/de\/wp-json\/wp\/v2\/media\/1144878"}],"wp:attachment":[{"href":"https:\/\/wein-werte.com\/de\/wp-json\/wp\/v2\/media?parent=1134751"}],"wp:term":[{"taxonomy":"product_brand","embeddable":true,"href":"https:\/\/wein-werte.com\/de\/wp-json\/wp\/v2\/product_brand?post=1134751"},{"taxonomy":"product_cat","embeddable":true,"href":"https:\/\/wein-werte.com\/de\/wp-json\/wp\/v2\/product_cat?post=1134751"},{"taxonomy":"product_tag","embeddable":true,"href":"https:\/\/wein-werte.com\/de\/wp-json\/wp\/v2\/product_tag?post=1134751"}],"curies":[{"name":"wp","href":"https:\/\/api.w.org\/{rel}","templated":true}]}}