{"id":1134731,"date":"2026-05-05T18:31:44","date_gmt":"2026-05-05T16:31:44","guid":{"rendered":"https:\/\/wein-werte.com\/product\/bret-brothers-julienas-climat-la-bottiere-zen-2022-750ml\/"},"modified":"2026-04-27T12:03:02","modified_gmt":"2026-04-27T10:03:02","slug":"bret-brothers-julienas-climat-la-bottiere-zen-2022-750ml","status":"publish","type":"product","link":"https:\/\/wein-werte.com\/de\/produkt\/bret-brothers-julienas-climat-la-bottiere-zen-2022-750ml\/","title":{"rendered":"Bret Brothers | Beaujolais | Julienas Climat &#8220;La Botti\u00e8re&#8221; Zen AOC | 2022 | 750ml | bio"},"content":{"rendered":"<p>Produktbeschreibung f\u00fcr Bret Brothers Julienas Climat &#8220;La Botti\u00e8re&#8221; Zen AOC 2022 (bio) <\/p>\n<h5>Informationen zum Wein<\/h5>\n<p> Dieser Juli\u00e9nas stammt von Granitb\u00f6den mit tiefgr\u00fcndigem lehmigem Oberboden. Die 0,5 Hektar sind nach S\u00fcdwesten ausgerichtet und liegen auf 260 Metern. Die Trauben wurden am 22. August 2022 gelesen. Als Ganztrauben wurden einer zehnt\u00e4gigen Mac\u00e9ration carbonique unterzogen. Danach g\u00e4rte der Wein zu Ende und wurde \u00fcber zehn Monate in \u00e4lteren burgundischen pi\u00e8ces ausgebaut, bevor er unfiltriert und ungesch\u00f6nt gef\u00fcllt wurde. Der pH-Wert liegt bei 3,51, der Gesamtschwefel bei 29 mg\/l. <\/p>\n<h5>Farbe<\/h5>\n<p> helles, transparentes Granatrot <\/p>\n<h5>Nase<\/h5>\n<p> Dieser farblich wie aromatisch transparente Beaujolais der Bret-Br\u00fcder \u00f6ffnet sich mit Noten von S\u00fc\u00dfkirschen, Himbeeren und satt reifen Pflaumen, in die sich T\u00f6ne von Rosen, Veilchen, Wiesenkr\u00e4uter und etwas S\u00fc\u00dfholz mischen. <\/p>\n<h5>Gaumen<\/h5>\n<p> Am Gaumen sorgt der lehmige, tiefgr\u00fcndige Boden f\u00fcr eine runde Textur vom feink\u00f6rnigen Tannin. Hinzu kommt eine tiefe saftige dunkle Frucht von Kirschen und eingekochten Pflaumen und Beeren, die wiederum von etwas S\u00fc\u00dfholz und pikanten Noten von Kernen und Schalen begleitet werden. Insgesamt ist das der fleischigste Beaujolais der Kollektion.<\/p>\n<p>Copyright Vinaturel 2025<\/p>\n<p>Keywords: <a href=\"https:\/\/wein-werte.com\/de\/shop\/?swoof=1&#038;pa_producer=Bret-Brothers\">Bret Brothers<\/a> <a href=\"https:\/\/wein-werte.com\/de\/shop\/?swoof=1&#038;woof_text=Julienas Climat \"La Botti\u00e8re\" Zen AOC\">Julienas Climat &#8220;La Botti\u00e8re&#8221; Zen AOC<\/a> 2022 bio <a href=\"https:\/\/wein-werte.com\/de\/shop\/?swoof=1&#038;pa_region=Beaujolais\">Beaujolais<\/a> <a href=\"https:\/\/wein-werte.com\/de\/shop\/?swoof=1&#038;pa_country=Frankreich\">Frankreich<\/a><\/p>\n<p>Internetseite des Weinguts: <a href=\"https:\/\/www.bretbrothers.com\/en\/\" target=\"_blank\">https:\/\/www.bretbrothers.com\/en\/<\/a><\/p>\n","protected":false},"excerpt":{"rendered":"<p>Lieferzeit: 1 bis 2 Arbeitstage (DE), 2 bis 5 Arbeitstage (EU and CH)<\/p>\n","protected":false},"featured_media":1144862,"template":"","meta":[],"product_brand":[],"product_cat":[19],"product_tag":[],"class_list":{"0":"post-1134731","1":"product","2":"type-product","3":"status-publish","4":"has-post-thumbnail","6":"product_cat-unkategorisiert","7":"pa_alcohol-for-filter-12897","8":"pa_certified-biodynamic-nein-de","9":"pa_certified-organic-ja-de","10":"pa_colour-rot","11":"pa_country-frankreich","12":"pa_grape-gamay","13":"pa_price-for-filter-10625","14":"pa_producer-bret-brothers","15":"pa_region-beaujolais","16":"pa_size-ml-6584","17":"pa_sweetness-trocken-de","18":"pa_type-2-still-de","19":"pa_vintage-2022-de","20":"entry","21":"has-media","23":"first","24":"instock","25":"taxable","26":"shipping-taxable","27":"purchasable","28":"product-type-simple"},"yoast_head":"<!-- This site is optimized with the Yoast SEO plugin v27.5 - https:\/\/yoast.com\/product\/yoast-seo-wordpress\/ -->\n<title>Bret Brothers Julienas Climat &quot;La Botti\u00e8re&quot; Zen 2022<\/title>\n<meta name=\"description\" content=\"Kaufe Bret Brothers Julienas Climat &quot;La Botti\u00e8re&quot; Zen 2022 (Gamay, trocken aus Beaujolais, Frankreich) bei Wein Werte, Ihrem nachhaltigen Onlineshop.\" \/>\n<meta name=\"robots\" content=\"index, follow, max-snippet:-1, max-image-preview:large, max-video-preview:-1\" \/>\n<link rel=\"canonical\" href=\"https:\/\/wein-werte.com\/de\/produkt\/bret-brothers-julienas-climat-la-bottiere-zen-2022-750ml\/\" \/>\n<meta property=\"og:locale\" content=\"de_DE\" \/>\n<meta property=\"og:type\" content=\"article\" \/>\n<meta property=\"og:title\" content=\"Bret Brothers Julienas Climat &quot;La Botti\u00e8re&quot; Zen 2022\" \/>\n<meta property=\"og:description\" content=\"Kaufe Bret Brothers Julienas Climat &quot;La Botti\u00e8re&quot; Zen 2022 (Gamay, trocken aus Beaujolais, Frankreich) bei Wein Werte, Ihrem nachhaltigen Onlineshop.\" \/>\n<meta property=\"og:url\" content=\"https:\/\/wein-werte.com\/de\/produkt\/bret-brothers-julienas-climat-la-bottiere-zen-2022-750ml\/\" \/>\n<meta property=\"og:site_name\" content=\"Wein Werte\" \/>\n<meta property=\"og:image\" content=\"https:\/\/wein-werte.com\/wp-content\/uploads\/2026\/04\/Bret-Brothers-Julienas-Climat-La-Bottiere-Zen-2022-750ml.png\" \/>\n\t<meta property=\"og:image:width\" content=\"343\" \/>\n\t<meta property=\"og:image:height\" content=\"1200\" \/>\n\t<meta property=\"og:image:type\" content=\"image\/png\" \/>\n<meta name=\"twitter:card\" content=\"summary_large_image\" \/>\n<meta name=\"twitter:label1\" content=\"Gesch\u00e4tzte Lesezeit\" \/>\n\t<meta name=\"twitter:data1\" content=\"1\u00a0Minute\" \/>\n<script type=\"application\/ld+json\" class=\"yoast-schema-graph\">{\"@context\":\"https:\\\/\\\/schema.org\",\"@graph\":[{\"@type\":\"WebPage\",\"@id\":\"https:\\\/\\\/wein-werte.com\\\/de\\\/produkt\\\/bret-brothers-julienas-climat-la-bottiere-zen-2022-750ml\\\/\",\"url\":\"https:\\\/\\\/wein-werte.com\\\/de\\\/produkt\\\/bret-brothers-julienas-climat-la-bottiere-zen-2022-750ml\\\/\",\"name\":\"Bret Brothers Julienas Climat \\\"La Botti\u00e8re\\\" Zen 2022\",\"isPartOf\":{\"@id\":\"https:\\\/\\\/wein-werte.com\\\/de\\\/#website\"},\"primaryImageOfPage\":{\"@id\":\"https:\\\/\\\/wein-werte.com\\\/de\\\/produkt\\\/bret-brothers-julienas-climat-la-bottiere-zen-2022-750ml\\\/#primaryimage\"},\"image\":{\"@id\":\"https:\\\/\\\/wein-werte.com\\\/de\\\/produkt\\\/bret-brothers-julienas-climat-la-bottiere-zen-2022-750ml\\\/#primaryimage\"},\"thumbnailUrl\":\"https:\\\/\\\/wein-werte.com\\\/wp-content\\\/uploads\\\/2026\\\/04\\\/Bret-Brothers-Julienas-Climat-La-Bottiere-Zen-2022-750ml.png\",\"datePublished\":\"2026-05-05T16:31:44+00:00\",\"description\":\"Kaufe Bret Brothers Julienas Climat \\\"La Botti\u00e8re\\\" Zen 2022 (Gamay, trocken aus Beaujolais, Frankreich) bei Wein Werte, Ihrem nachhaltigen Onlineshop.\",\"breadcrumb\":{\"@id\":\"https:\\\/\\\/wein-werte.com\\\/de\\\/produkt\\\/bret-brothers-julienas-climat-la-bottiere-zen-2022-750ml\\\/#breadcrumb\"},\"inLanguage\":\"de\",\"potentialAction\":[{\"@type\":\"ReadAction\",\"target\":[\"https:\\\/\\\/wein-werte.com\\\/de\\\/produkt\\\/bret-brothers-julienas-climat-la-bottiere-zen-2022-750ml\\\/\"]}]},{\"@type\":\"ImageObject\",\"inLanguage\":\"de\",\"@id\":\"https:\\\/\\\/wein-werte.com\\\/de\\\/produkt\\\/bret-brothers-julienas-climat-la-bottiere-zen-2022-750ml\\\/#primaryimage\",\"url\":\"https:\\\/\\\/wein-werte.com\\\/wp-content\\\/uploads\\\/2026\\\/04\\\/Bret-Brothers-Julienas-Climat-La-Bottiere-Zen-2022-750ml.png\",\"contentUrl\":\"https:\\\/\\\/wein-werte.com\\\/wp-content\\\/uploads\\\/2026\\\/04\\\/Bret-Brothers-Julienas-Climat-La-Bottiere-Zen-2022-750ml.png\",\"width\":343,\"height\":1200,\"caption\":\"Bret Brothers Julienas Climat \\\"La Botti\u00e8re\\\" Zen AOC 2022 750ml\"},{\"@type\":\"BreadcrumbList\",\"@id\":\"https:\\\/\\\/wein-werte.com\\\/de\\\/produkt\\\/bret-brothers-julienas-climat-la-bottiere-zen-2022-750ml\\\/#breadcrumb\",\"itemListElement\":[{\"@type\":\"ListItem\",\"position\":1,\"name\":\"Home\",\"item\":\"https:\\\/\\\/wein-werte.com\\\/de\\\/\"},{\"@type\":\"ListItem\",\"position\":2,\"name\":\"Shop\",\"item\":\"https:\\\/\\\/wein-werte.com\\\/de\\\/shop\\\/\"},{\"@type\":\"ListItem\",\"position\":3,\"name\":\"Bret Brothers | Beaujolais | Julienas Climat &#8220;La Botti\u00e8re&#8221; Zen AOC | 2022 | 750ml | bio\"}]},{\"@type\":\"WebSite\",\"@id\":\"https:\\\/\\\/wein-werte.com\\\/de\\\/#website\",\"url\":\"https:\\\/\\\/wein-werte.com\\\/de\\\/\",\"name\":\"Wein Werte\",\"description\":\"\",\"publisher\":{\"@id\":\"https:\\\/\\\/wein-werte.com\\\/de\\\/#organization\"},\"potentialAction\":[{\"@type\":\"SearchAction\",\"target\":{\"@type\":\"EntryPoint\",\"urlTemplate\":\"https:\\\/\\\/wein-werte.com\\\/de\\\/?s={search_term_string}\"},\"query-input\":{\"@type\":\"PropertyValueSpecification\",\"valueRequired\":true,\"valueName\":\"search_term_string\"}}],\"inLanguage\":\"de\"},{\"@type\":\"Organization\",\"@id\":\"https:\\\/\\\/wein-werte.com\\\/de\\\/#organization\",\"name\":\"Vins Fins Thorrold\",\"url\":\"https:\\\/\\\/wein-werte.com\\\/de\\\/\",\"logo\":{\"@type\":\"ImageObject\",\"inLanguage\":\"de\",\"@id\":\"https:\\\/\\\/wein-werte.com\\\/de\\\/#\\\/schema\\\/logo\\\/image\\\/\",\"url\":\"https:\\\/\\\/wein-werte.com\\\/wp-content\\\/uploads\\\/2023\\\/07\\\/Wein_werte_Logo700-1.png\",\"contentUrl\":\"https:\\\/\\\/wein-werte.com\\\/wp-content\\\/uploads\\\/2023\\\/07\\\/Wein_werte_Logo700-1.png\",\"width\":700,\"height\":272,\"caption\":\"Vins Fins Thorrold\"},\"image\":{\"@id\":\"https:\\\/\\\/wein-werte.com\\\/de\\\/#\\\/schema\\\/logo\\\/image\\\/\"}}]}<\/script>\n<!-- \/ Yoast SEO plugin. -->","yoast_head_json":{"title":"Bret Brothers Julienas Climat \"La Botti\u00e8re\" Zen 2022","description":"Kaufe Bret Brothers Julienas Climat \"La Botti\u00e8re\" Zen 2022 (Gamay, trocken aus Beaujolais, Frankreich) bei Wein Werte, Ihrem nachhaltigen Onlineshop.","robots":{"index":"index","follow":"follow","max-snippet":"max-snippet:-1","max-image-preview":"max-image-preview:large","max-video-preview":"max-video-preview:-1"},"canonical":"https:\/\/wein-werte.com\/de\/produkt\/bret-brothers-julienas-climat-la-bottiere-zen-2022-750ml\/","og_locale":"de_DE","og_type":"article","og_title":"Bret Brothers Julienas Climat \"La Botti\u00e8re\" Zen 2022","og_description":"Kaufe Bret Brothers Julienas Climat \"La Botti\u00e8re\" Zen 2022 (Gamay, trocken aus Beaujolais, Frankreich) bei Wein Werte, Ihrem nachhaltigen Onlineshop.","og_url":"https:\/\/wein-werte.com\/de\/produkt\/bret-brothers-julienas-climat-la-bottiere-zen-2022-750ml\/","og_site_name":"Wein Werte","og_image":[{"width":343,"height":1200,"url":"https:\/\/wein-werte.com\/wp-content\/uploads\/2026\/04\/Bret-Brothers-Julienas-Climat-La-Bottiere-Zen-2022-750ml.png","type":"image\/png"}],"twitter_card":"summary_large_image","twitter_misc":{"Gesch\u00e4tzte Lesezeit":"1\u00a0Minute"},"schema":{"@context":"https:\/\/schema.org","@graph":[{"@type":"WebPage","@id":"https:\/\/wein-werte.com\/de\/produkt\/bret-brothers-julienas-climat-la-bottiere-zen-2022-750ml\/","url":"https:\/\/wein-werte.com\/de\/produkt\/bret-brothers-julienas-climat-la-bottiere-zen-2022-750ml\/","name":"Bret Brothers Julienas Climat \"La Botti\u00e8re\" Zen 2022","isPartOf":{"@id":"https:\/\/wein-werte.com\/de\/#website"},"primaryImageOfPage":{"@id":"https:\/\/wein-werte.com\/de\/produkt\/bret-brothers-julienas-climat-la-bottiere-zen-2022-750ml\/#primaryimage"},"image":{"@id":"https:\/\/wein-werte.com\/de\/produkt\/bret-brothers-julienas-climat-la-bottiere-zen-2022-750ml\/#primaryimage"},"thumbnailUrl":"https:\/\/wein-werte.com\/wp-content\/uploads\/2026\/04\/Bret-Brothers-Julienas-Climat-La-Bottiere-Zen-2022-750ml.png","datePublished":"2026-05-05T16:31:44+00:00","description":"Kaufe Bret Brothers Julienas Climat \"La Botti\u00e8re\" Zen 2022 (Gamay, trocken aus Beaujolais, Frankreich) bei Wein Werte, Ihrem nachhaltigen Onlineshop.","breadcrumb":{"@id":"https:\/\/wein-werte.com\/de\/produkt\/bret-brothers-julienas-climat-la-bottiere-zen-2022-750ml\/#breadcrumb"},"inLanguage":"de","potentialAction":[{"@type":"ReadAction","target":["https:\/\/wein-werte.com\/de\/produkt\/bret-brothers-julienas-climat-la-bottiere-zen-2022-750ml\/"]}]},{"@type":"ImageObject","inLanguage":"de","@id":"https:\/\/wein-werte.com\/de\/produkt\/bret-brothers-julienas-climat-la-bottiere-zen-2022-750ml\/#primaryimage","url":"https:\/\/wein-werte.com\/wp-content\/uploads\/2026\/04\/Bret-Brothers-Julienas-Climat-La-Bottiere-Zen-2022-750ml.png","contentUrl":"https:\/\/wein-werte.com\/wp-content\/uploads\/2026\/04\/Bret-Brothers-Julienas-Climat-La-Bottiere-Zen-2022-750ml.png","width":343,"height":1200,"caption":"Bret Brothers Julienas Climat \"La Botti\u00e8re\" Zen AOC 2022 750ml"},{"@type":"BreadcrumbList","@id":"https:\/\/wein-werte.com\/de\/produkt\/bret-brothers-julienas-climat-la-bottiere-zen-2022-750ml\/#breadcrumb","itemListElement":[{"@type":"ListItem","position":1,"name":"Home","item":"https:\/\/wein-werte.com\/de\/"},{"@type":"ListItem","position":2,"name":"Shop","item":"https:\/\/wein-werte.com\/de\/shop\/"},{"@type":"ListItem","position":3,"name":"Bret Brothers | Beaujolais | Julienas Climat &#8220;La Botti\u00e8re&#8221; Zen AOC | 2022 | 750ml | bio"}]},{"@type":"WebSite","@id":"https:\/\/wein-werte.com\/de\/#website","url":"https:\/\/wein-werte.com\/de\/","name":"Wein Werte","description":"","publisher":{"@id":"https:\/\/wein-werte.com\/de\/#organization"},"potentialAction":[{"@type":"SearchAction","target":{"@type":"EntryPoint","urlTemplate":"https:\/\/wein-werte.com\/de\/?s={search_term_string}"},"query-input":{"@type":"PropertyValueSpecification","valueRequired":true,"valueName":"search_term_string"}}],"inLanguage":"de"},{"@type":"Organization","@id":"https:\/\/wein-werte.com\/de\/#organization","name":"Vins Fins Thorrold","url":"https:\/\/wein-werte.com\/de\/","logo":{"@type":"ImageObject","inLanguage":"de","@id":"https:\/\/wein-werte.com\/de\/#\/schema\/logo\/image\/","url":"https:\/\/wein-werte.com\/wp-content\/uploads\/2023\/07\/Wein_werte_Logo700-1.png","contentUrl":"https:\/\/wein-werte.com\/wp-content\/uploads\/2023\/07\/Wein_werte_Logo700-1.png","width":700,"height":272,"caption":"Vins Fins Thorrold"},"image":{"@id":"https:\/\/wein-werte.com\/de\/#\/schema\/logo\/image\/"}}]}},"_links":{"self":[{"href":"https:\/\/wein-werte.com\/de\/wp-json\/wp\/v2\/product\/1134731","targetHints":{"allow":["GET"]}}],"collection":[{"href":"https:\/\/wein-werte.com\/de\/wp-json\/wp\/v2\/product"}],"about":[{"href":"https:\/\/wein-werte.com\/de\/wp-json\/wp\/v2\/types\/product"}],"wp:featuredmedia":[{"embeddable":true,"href":"https:\/\/wein-werte.com\/de\/wp-json\/wp\/v2\/media\/1144862"}],"wp:attachment":[{"href":"https:\/\/wein-werte.com\/de\/wp-json\/wp\/v2\/media?parent=1134731"}],"wp:term":[{"taxonomy":"product_brand","embeddable":true,"href":"https:\/\/wein-werte.com\/de\/wp-json\/wp\/v2\/product_brand?post=1134731"},{"taxonomy":"product_cat","embeddable":true,"href":"https:\/\/wein-werte.com\/de\/wp-json\/wp\/v2\/product_cat?post=1134731"},{"taxonomy":"product_tag","embeddable":true,"href":"https:\/\/wein-werte.com\/de\/wp-json\/wp\/v2\/product_tag?post=1134731"}],"curies":[{"name":"wp","href":"https:\/\/api.w.org\/{rel}","templated":true}]}}