{"id":1134721,"date":"2026-05-05T18:31:44","date_gmt":"2026-05-05T16:31:44","guid":{"rendered":"https:\/\/wein-werte.com\/product\/bret-brothers-fleurie-climat-poncie-zen-2021-750ml\/"},"modified":"2026-04-27T12:03:02","modified_gmt":"2026-04-27T10:03:02","slug":"bret-brothers-fleurie-climat-poncie-zen-2021-750ml","status":"publish","type":"product","link":"https:\/\/wein-werte.com\/de\/produkt\/bret-brothers-fleurie-climat-poncie-zen-2021-750ml\/","title":{"rendered":"Bret Brothers | Beaujolais | Fleurie Climat &#8220;Ponci\u00e9&#8221; Zen AOC | 2021 | 750ml | bio"},"content":{"rendered":"<p>Produktbeschreibung f\u00fcr Bret Brothers Fleurie Climat &#8220;Ponci\u00e9&#8221; Zen AOC 2021 (bio) <\/p>\n<h5>Info zum Wein<\/h5>\n<p> Die Weinberge, bestockt mit 30 Jahre alten Reben, liegen auf dem rosa Granit des Ortes Ponci\u00e9, sind nach S\u00fcdwesten geneigt und bringen kleine Trauben hervor. Die Maischeg\u00e4rung erfolgt 10 Tage lang in der ZEN-Mazeration &#8220;carbonique&#8221;, abschlie\u00dfenden Verg\u00e4rung und Ausbau in 8 Jahre alten F\u00e4ssern. <\/p>\n<h5>Farbe<\/h5>\n<p> Durchscheinendes Kirschrot mit rubinfarbenen Reflexen. <\/p>\n<h5>Nase<\/h5>\n<p> Eine \u00e4u\u00dferst vielschichtige Aromatik dringt aus dem Glas hervor, zu roten Fr\u00fcchten wie Waldhimbeeren und roter Johannisbeere gesellen sich \u00e4therische Aromen von Efeu, Veilchen und Estragon sowie ein Hauch Baumrinde, Lakritz und gr\u00fcner Pfeffer. Seine frische und k\u00fchle Stilistik zeigt sich bereits in der Nase mit wundersch\u00f6ner Pr\u00e4senz und lockt zum ersten Schluck. <\/p>\n<h5>Gaumen<\/h5>\n<p> Leichtf\u00fc\u00dfig mit voller Frucht zeigt sich der 2021er Fleurie Climat \u201ePonci\u00e9\u201c am Gaumen. Seine Tanninstruktur ist \u00e4u\u00dferst mild, die S\u00e4ure feingliedrig und belebend. Feine Fruchts\u00fc\u00dfe verleiht ihm einen verf\u00fchrerischen Anstrich. Ein Tropfen, der pure Trinkfreude vermittelt, am besten leicht gek\u00fchlt aus Burgundergl\u00e4sern.<\/p>\n<p>Copyright Vinaturel 2025<\/p>\n<p>Keywords: <a href=\"https:\/\/wein-werte.com\/de\/shop\/?swoof=1&#038;pa_producer=Bret-Brothers\">Bret Brothers<\/a> <a href=\"https:\/\/wein-werte.com\/de\/shop\/?swoof=1&#038;woof_text=Fleurie Climat \"Ponci\u00e9\" Zen AOC\">Fleurie Climat &#8220;Ponci\u00e9&#8221; Zen AOC<\/a> 2021 bio <a href=\"https:\/\/wein-werte.com\/de\/shop\/?swoof=1&#038;pa_region=Beaujolais\">Beaujolais<\/a> <a href=\"https:\/\/wein-werte.com\/de\/shop\/?swoof=1&#038;pa_country=Frankreich\">Frankreich<\/a><\/p>\n<p>Internetseite des Weinguts: <a href=\"https:\/\/www.bretbrothers.com\/en\/\" target=\"_blank\">https:\/\/www.bretbrothers.com\/en\/<\/a><\/p>\n","protected":false},"excerpt":{"rendered":"<p>Lieferzeit: 1 bis 2 Arbeitstage (DE), 2 bis 5 Arbeitstage (EU and CH)<\/p>\n","protected":false},"featured_media":1144854,"template":"","meta":[],"product_brand":[],"product_cat":[19],"product_tag":[],"class_list":{"0":"post-1134721","1":"product","2":"type-product","3":"status-publish","4":"has-post-thumbnail","6":"product_cat-unkategorisiert","7":"pa_alcohol-for-filter-12893","8":"pa_certified-biodynamic-nein-de","9":"pa_certified-organic-ja-de","10":"pa_colour-rot","11":"pa_country-frankreich","12":"pa_grape-gamay","13":"pa_price-for-filter-10625","14":"pa_producer-bret-brothers","15":"pa_region-beaujolais","16":"pa_size-ml-6584","17":"pa_sweetness-trocken-de","18":"pa_type-2-still-de","19":"pa_vintage-2021-de","20":"entry","21":"has-media","23":"first","24":"instock","25":"taxable","26":"shipping-taxable","27":"purchasable","28":"product-type-simple"},"yoast_head":"<!-- This site is optimized with the Yoast SEO plugin v27.5 - https:\/\/yoast.com\/product\/yoast-seo-wordpress\/ -->\n<title>Bret Brothers Fleurie Climat &quot;Ponci\u00e9&quot; Zen 2021<\/title>\n<meta name=\"description\" content=\"Kaufe Bret Brothers Fleurie Climat &quot;Ponci\u00e9&quot; Zen 2021 (Gamay, trocken aus Beaujolais, Frankreich) bei Wein Werte, Ihrem nachhaltigen Onlineshop.\" \/>\n<meta name=\"robots\" content=\"index, follow, max-snippet:-1, max-image-preview:large, max-video-preview:-1\" \/>\n<link rel=\"canonical\" href=\"https:\/\/wein-werte.com\/de\/produkt\/bret-brothers-fleurie-climat-poncie-zen-2021-750ml\/\" \/>\n<meta property=\"og:locale\" content=\"de_DE\" \/>\n<meta property=\"og:type\" content=\"article\" \/>\n<meta property=\"og:title\" content=\"Bret Brothers Fleurie Climat &quot;Ponci\u00e9&quot; Zen 2021\" \/>\n<meta property=\"og:description\" content=\"Kaufe Bret Brothers Fleurie Climat &quot;Ponci\u00e9&quot; Zen 2021 (Gamay, trocken aus Beaujolais, Frankreich) bei Wein Werte, Ihrem nachhaltigen Onlineshop.\" \/>\n<meta property=\"og:url\" content=\"https:\/\/wein-werte.com\/de\/produkt\/bret-brothers-fleurie-climat-poncie-zen-2021-750ml\/\" \/>\n<meta property=\"og:site_name\" content=\"Wein Werte\" \/>\n<meta property=\"og:image\" content=\"https:\/\/wein-werte.com\/wp-content\/uploads\/2026\/04\/Bret-Brothers-Fleurie-Climat-Poncie-Zen-2021-750ml.png\" \/>\n\t<meta property=\"og:image:width\" content=\"349\" \/>\n\t<meta property=\"og:image:height\" content=\"1200\" \/>\n\t<meta property=\"og:image:type\" content=\"image\/png\" \/>\n<meta name=\"twitter:card\" content=\"summary_large_image\" \/>\n<meta name=\"twitter:label1\" content=\"Gesch\u00e4tzte Lesezeit\" \/>\n\t<meta name=\"twitter:data1\" content=\"1\u00a0Minute\" \/>\n<script type=\"application\/ld+json\" class=\"yoast-schema-graph\">{\"@context\":\"https:\\\/\\\/schema.org\",\"@graph\":[{\"@type\":\"WebPage\",\"@id\":\"https:\\\/\\\/wein-werte.com\\\/de\\\/produkt\\\/bret-brothers-fleurie-climat-poncie-zen-2021-750ml\\\/\",\"url\":\"https:\\\/\\\/wein-werte.com\\\/de\\\/produkt\\\/bret-brothers-fleurie-climat-poncie-zen-2021-750ml\\\/\",\"name\":\"Bret Brothers Fleurie Climat \\\"Ponci\u00e9\\\" Zen 2021\",\"isPartOf\":{\"@id\":\"https:\\\/\\\/wein-werte.com\\\/de\\\/#website\"},\"primaryImageOfPage\":{\"@id\":\"https:\\\/\\\/wein-werte.com\\\/de\\\/produkt\\\/bret-brothers-fleurie-climat-poncie-zen-2021-750ml\\\/#primaryimage\"},\"image\":{\"@id\":\"https:\\\/\\\/wein-werte.com\\\/de\\\/produkt\\\/bret-brothers-fleurie-climat-poncie-zen-2021-750ml\\\/#primaryimage\"},\"thumbnailUrl\":\"https:\\\/\\\/wein-werte.com\\\/wp-content\\\/uploads\\\/2026\\\/04\\\/Bret-Brothers-Fleurie-Climat-Poncie-Zen-2021-750ml.png\",\"datePublished\":\"2026-05-05T16:31:44+00:00\",\"description\":\"Kaufe Bret Brothers Fleurie Climat \\\"Ponci\u00e9\\\" Zen 2021 (Gamay, trocken aus Beaujolais, Frankreich) bei Wein Werte, Ihrem nachhaltigen Onlineshop.\",\"breadcrumb\":{\"@id\":\"https:\\\/\\\/wein-werte.com\\\/de\\\/produkt\\\/bret-brothers-fleurie-climat-poncie-zen-2021-750ml\\\/#breadcrumb\"},\"inLanguage\":\"de\",\"potentialAction\":[{\"@type\":\"ReadAction\",\"target\":[\"https:\\\/\\\/wein-werte.com\\\/de\\\/produkt\\\/bret-brothers-fleurie-climat-poncie-zen-2021-750ml\\\/\"]}]},{\"@type\":\"ImageObject\",\"inLanguage\":\"de\",\"@id\":\"https:\\\/\\\/wein-werte.com\\\/de\\\/produkt\\\/bret-brothers-fleurie-climat-poncie-zen-2021-750ml\\\/#primaryimage\",\"url\":\"https:\\\/\\\/wein-werte.com\\\/wp-content\\\/uploads\\\/2026\\\/04\\\/Bret-Brothers-Fleurie-Climat-Poncie-Zen-2021-750ml.png\",\"contentUrl\":\"https:\\\/\\\/wein-werte.com\\\/wp-content\\\/uploads\\\/2026\\\/04\\\/Bret-Brothers-Fleurie-Climat-Poncie-Zen-2021-750ml.png\",\"width\":349,\"height\":1200,\"caption\":\"Bret Brothers Fleurie Climat \\\"Ponci\u00e9\\\" Zen AOC 2021 750ml\"},{\"@type\":\"BreadcrumbList\",\"@id\":\"https:\\\/\\\/wein-werte.com\\\/de\\\/produkt\\\/bret-brothers-fleurie-climat-poncie-zen-2021-750ml\\\/#breadcrumb\",\"itemListElement\":[{\"@type\":\"ListItem\",\"position\":1,\"name\":\"Home\",\"item\":\"https:\\\/\\\/wein-werte.com\\\/de\\\/\"},{\"@type\":\"ListItem\",\"position\":2,\"name\":\"Shop\",\"item\":\"https:\\\/\\\/wein-werte.com\\\/de\\\/shop\\\/\"},{\"@type\":\"ListItem\",\"position\":3,\"name\":\"Bret Brothers | Beaujolais | Fleurie Climat &#8220;Ponci\u00e9&#8221; Zen AOC | 2021 | 750ml | bio\"}]},{\"@type\":\"WebSite\",\"@id\":\"https:\\\/\\\/wein-werte.com\\\/de\\\/#website\",\"url\":\"https:\\\/\\\/wein-werte.com\\\/de\\\/\",\"name\":\"Wein Werte\",\"description\":\"\",\"publisher\":{\"@id\":\"https:\\\/\\\/wein-werte.com\\\/de\\\/#organization\"},\"potentialAction\":[{\"@type\":\"SearchAction\",\"target\":{\"@type\":\"EntryPoint\",\"urlTemplate\":\"https:\\\/\\\/wein-werte.com\\\/de\\\/?s={search_term_string}\"},\"query-input\":{\"@type\":\"PropertyValueSpecification\",\"valueRequired\":true,\"valueName\":\"search_term_string\"}}],\"inLanguage\":\"de\"},{\"@type\":\"Organization\",\"@id\":\"https:\\\/\\\/wein-werte.com\\\/de\\\/#organization\",\"name\":\"Vins Fins Thorrold\",\"url\":\"https:\\\/\\\/wein-werte.com\\\/de\\\/\",\"logo\":{\"@type\":\"ImageObject\",\"inLanguage\":\"de\",\"@id\":\"https:\\\/\\\/wein-werte.com\\\/de\\\/#\\\/schema\\\/logo\\\/image\\\/\",\"url\":\"https:\\\/\\\/wein-werte.com\\\/wp-content\\\/uploads\\\/2023\\\/07\\\/Wein_werte_Logo700-1.png\",\"contentUrl\":\"https:\\\/\\\/wein-werte.com\\\/wp-content\\\/uploads\\\/2023\\\/07\\\/Wein_werte_Logo700-1.png\",\"width\":700,\"height\":272,\"caption\":\"Vins Fins Thorrold\"},\"image\":{\"@id\":\"https:\\\/\\\/wein-werte.com\\\/de\\\/#\\\/schema\\\/logo\\\/image\\\/\"}}]}<\/script>\n<!-- \/ Yoast SEO plugin. -->","yoast_head_json":{"title":"Bret Brothers Fleurie Climat \"Ponci\u00e9\" Zen 2021","description":"Kaufe Bret Brothers Fleurie Climat \"Ponci\u00e9\" Zen 2021 (Gamay, trocken aus Beaujolais, Frankreich) bei Wein Werte, Ihrem nachhaltigen Onlineshop.","robots":{"index":"index","follow":"follow","max-snippet":"max-snippet:-1","max-image-preview":"max-image-preview:large","max-video-preview":"max-video-preview:-1"},"canonical":"https:\/\/wein-werte.com\/de\/produkt\/bret-brothers-fleurie-climat-poncie-zen-2021-750ml\/","og_locale":"de_DE","og_type":"article","og_title":"Bret Brothers Fleurie Climat \"Ponci\u00e9\" Zen 2021","og_description":"Kaufe Bret Brothers Fleurie Climat \"Ponci\u00e9\" Zen 2021 (Gamay, trocken aus Beaujolais, Frankreich) bei Wein Werte, Ihrem nachhaltigen Onlineshop.","og_url":"https:\/\/wein-werte.com\/de\/produkt\/bret-brothers-fleurie-climat-poncie-zen-2021-750ml\/","og_site_name":"Wein Werte","og_image":[{"width":349,"height":1200,"url":"https:\/\/wein-werte.com\/wp-content\/uploads\/2026\/04\/Bret-Brothers-Fleurie-Climat-Poncie-Zen-2021-750ml.png","type":"image\/png"}],"twitter_card":"summary_large_image","twitter_misc":{"Gesch\u00e4tzte Lesezeit":"1\u00a0Minute"},"schema":{"@context":"https:\/\/schema.org","@graph":[{"@type":"WebPage","@id":"https:\/\/wein-werte.com\/de\/produkt\/bret-brothers-fleurie-climat-poncie-zen-2021-750ml\/","url":"https:\/\/wein-werte.com\/de\/produkt\/bret-brothers-fleurie-climat-poncie-zen-2021-750ml\/","name":"Bret Brothers Fleurie Climat \"Ponci\u00e9\" Zen 2021","isPartOf":{"@id":"https:\/\/wein-werte.com\/de\/#website"},"primaryImageOfPage":{"@id":"https:\/\/wein-werte.com\/de\/produkt\/bret-brothers-fleurie-climat-poncie-zen-2021-750ml\/#primaryimage"},"image":{"@id":"https:\/\/wein-werte.com\/de\/produkt\/bret-brothers-fleurie-climat-poncie-zen-2021-750ml\/#primaryimage"},"thumbnailUrl":"https:\/\/wein-werte.com\/wp-content\/uploads\/2026\/04\/Bret-Brothers-Fleurie-Climat-Poncie-Zen-2021-750ml.png","datePublished":"2026-05-05T16:31:44+00:00","description":"Kaufe Bret Brothers Fleurie Climat \"Ponci\u00e9\" Zen 2021 (Gamay, trocken aus Beaujolais, Frankreich) bei Wein Werte, Ihrem nachhaltigen Onlineshop.","breadcrumb":{"@id":"https:\/\/wein-werte.com\/de\/produkt\/bret-brothers-fleurie-climat-poncie-zen-2021-750ml\/#breadcrumb"},"inLanguage":"de","potentialAction":[{"@type":"ReadAction","target":["https:\/\/wein-werte.com\/de\/produkt\/bret-brothers-fleurie-climat-poncie-zen-2021-750ml\/"]}]},{"@type":"ImageObject","inLanguage":"de","@id":"https:\/\/wein-werte.com\/de\/produkt\/bret-brothers-fleurie-climat-poncie-zen-2021-750ml\/#primaryimage","url":"https:\/\/wein-werte.com\/wp-content\/uploads\/2026\/04\/Bret-Brothers-Fleurie-Climat-Poncie-Zen-2021-750ml.png","contentUrl":"https:\/\/wein-werte.com\/wp-content\/uploads\/2026\/04\/Bret-Brothers-Fleurie-Climat-Poncie-Zen-2021-750ml.png","width":349,"height":1200,"caption":"Bret Brothers Fleurie Climat \"Ponci\u00e9\" Zen AOC 2021 750ml"},{"@type":"BreadcrumbList","@id":"https:\/\/wein-werte.com\/de\/produkt\/bret-brothers-fleurie-climat-poncie-zen-2021-750ml\/#breadcrumb","itemListElement":[{"@type":"ListItem","position":1,"name":"Home","item":"https:\/\/wein-werte.com\/de\/"},{"@type":"ListItem","position":2,"name":"Shop","item":"https:\/\/wein-werte.com\/de\/shop\/"},{"@type":"ListItem","position":3,"name":"Bret Brothers | Beaujolais | Fleurie Climat &#8220;Ponci\u00e9&#8221; Zen AOC | 2021 | 750ml | bio"}]},{"@type":"WebSite","@id":"https:\/\/wein-werte.com\/de\/#website","url":"https:\/\/wein-werte.com\/de\/","name":"Wein Werte","description":"","publisher":{"@id":"https:\/\/wein-werte.com\/de\/#organization"},"potentialAction":[{"@type":"SearchAction","target":{"@type":"EntryPoint","urlTemplate":"https:\/\/wein-werte.com\/de\/?s={search_term_string}"},"query-input":{"@type":"PropertyValueSpecification","valueRequired":true,"valueName":"search_term_string"}}],"inLanguage":"de"},{"@type":"Organization","@id":"https:\/\/wein-werte.com\/de\/#organization","name":"Vins Fins Thorrold","url":"https:\/\/wein-werte.com\/de\/","logo":{"@type":"ImageObject","inLanguage":"de","@id":"https:\/\/wein-werte.com\/de\/#\/schema\/logo\/image\/","url":"https:\/\/wein-werte.com\/wp-content\/uploads\/2023\/07\/Wein_werte_Logo700-1.png","contentUrl":"https:\/\/wein-werte.com\/wp-content\/uploads\/2023\/07\/Wein_werte_Logo700-1.png","width":700,"height":272,"caption":"Vins Fins Thorrold"},"image":{"@id":"https:\/\/wein-werte.com\/de\/#\/schema\/logo\/image\/"}}]}},"_links":{"self":[{"href":"https:\/\/wein-werte.com\/de\/wp-json\/wp\/v2\/product\/1134721","targetHints":{"allow":["GET"]}}],"collection":[{"href":"https:\/\/wein-werte.com\/de\/wp-json\/wp\/v2\/product"}],"about":[{"href":"https:\/\/wein-werte.com\/de\/wp-json\/wp\/v2\/types\/product"}],"wp:featuredmedia":[{"embeddable":true,"href":"https:\/\/wein-werte.com\/de\/wp-json\/wp\/v2\/media\/1144854"}],"wp:attachment":[{"href":"https:\/\/wein-werte.com\/de\/wp-json\/wp\/v2\/media?parent=1134721"}],"wp:term":[{"taxonomy":"product_brand","embeddable":true,"href":"https:\/\/wein-werte.com\/de\/wp-json\/wp\/v2\/product_brand?post=1134721"},{"taxonomy":"product_cat","embeddable":true,"href":"https:\/\/wein-werte.com\/de\/wp-json\/wp\/v2\/product_cat?post=1134721"},{"taxonomy":"product_tag","embeddable":true,"href":"https:\/\/wein-werte.com\/de\/wp-json\/wp\/v2\/product_tag?post=1134721"}],"curies":[{"name":"wp","href":"https:\/\/api.w.org\/{rel}","templated":true}]}}