{"id":1134601,"date":"2026-05-05T18:31:29","date_gmt":"2026-05-05T16:31:29","guid":{"rendered":"https:\/\/wein-werte.com\/product\/la-soufrandiere-pouilly-vinzelles-climat-les-quarts-zen-2022-750ml\/"},"modified":"2026-04-27T12:02:47","modified_gmt":"2026-04-27T10:02:47","slug":"la-soufrandiere-pouilly-vinzelles-climat-les-quarts-zen-2022-750ml","status":"publish","type":"product","link":"https:\/\/wein-werte.com\/de\/produkt\/la-soufrandiere-pouilly-vinzelles-climat-les-quarts-zen-2022-750ml\/","title":{"rendered":"La Soufrandi\u00e8re | Burgund | Pouilly-Vinzelles Climat &#8220;Les Quarts&#8221; Zen AOC | 2022 | 750ml | bio"},"content":{"rendered":"<p>Produktbeschreibung f\u00fcr La Soufrandi\u00e8re Pouilly-Vinzelles Climat &#8220;Les Quarts&#8221; Zen AOC 2022 (bio) <\/p>\n<h5>Informationen zum Wein<\/h5>\n<p> Die Lage Les Quarts geh\u00f6rt zweifelsohne zu den besten Terroirs der Appellation Pouilly-Vinzelles. Der traumhaft gelegene Weinberg ist nach S\u00fcdosten ausgerichtet und verf\u00fcgt \u00fcber 48 bis 80 Jahre alte Chardonnay-Reben auf kiesel- und vor allem eisenhaltigem Lehm- und Kalkboden aus dem Bajocium (Jura). Seit 2008 wird der Weinberg mit dem Pferd gepfl\u00fcgt. Handlese vom 26. bis zum 27. August 2022, Ganztraubenpressung und Spontanverg\u00e4rung, danach Ausbau \u00fcber 17 Monate zun\u00e4chst in F\u00e4ssern und Fudern f\u00fcr elf Monate und dann in Fudern mit 100-%iger malolaktischer G\u00e4rung. Der Gesamtschwefel betr\u00e4gt 34 mg\/l. Der pH-Wert liegt bei 3,18. <\/p>\n<h5>Farbe<\/h5>\n<p> helles Goldgelb <\/p>\n<h5>Nase<\/h5>\n<p> Der 2022er Les Quarts Cuv\u00e9e Zen pr\u00e4sentiert sich \u00e4hnlich wie sein Pendant ohne \u201eZen\u201c mit einer wachsigen Note, die hier aber deutlich weniger intensiv ausf\u00e4llt. Daf\u00fcr gibt es mehr von den herben zitrischen Noten, wiederum weniger vom reifen Steinobst und Toffee, aber mehr von der Verbene und Minze. Der Wein wirkt tats\u00e4chlich wie ein Geschwister, aber etwas straffer und zitrischer. <\/p>\n<h5>Gaumen<\/h5>\n<p> Auch am Gaumen hat man beim Pouilly-Vinzelles Les Quarts Cuv\u00e9e Zen das gleiche Ph\u00e4nomen. Er wirkt in sich ruhend und balanciert zwischen einer saftigen, auskleidenden Frucht, die auch von Steinobst und gelbem Kernobst, vor allem aber von Zitrusfr\u00fcchten bestimmt ist. Die S\u00e4ure, die Spannung aufbaut und f\u00fcr Druck sorgt, ist noch etwas pr\u00e4senter. Im Finale wird es salzig und herb mit purer zitrischer Frucht und einem leichten Gerbstoff.<\/p>\n<p>Copyright Vinaturel 2025<\/p>\n<p>Keywords: <a href=\"https:\/\/wein-werte.com\/de\/shop\/?swoof=1&#038;pa_producer=La-Soufrandi\u00e8re\">La Soufrandi\u00e8re<\/a> <a href=\"https:\/\/wein-werte.com\/de\/shop\/?swoof=1&#038;woof_text=Pouilly-Vinzelles Climat \"Les Quarts\" Zen AOC\">Pouilly-Vinzelles Climat &#8220;Les Quarts&#8221; Zen AOC<\/a> 2022 bio <a href=\"https:\/\/wein-werte.com\/de\/shop\/?swoof=1&#038;pa_region=Burgund\">Burgund<\/a> <a href=\"https:\/\/wein-werte.com\/de\/shop\/?swoof=1&#038;pa_country=Frankreich\">Frankreich<\/a><\/p>\n<p>Internetseite des Weinguts: <a href=\"https:\/\/www.bretbrothers.com\/lasoufrandiere.php\" target=\"_blank\">https:\/\/www.bretbrothers.com\/lasoufrandiere.php<\/a><\/p>\n","protected":false},"excerpt":{"rendered":"<p>Lieferzeit: 1 bis 2 Arbeitstage (DE), 2 bis 5 Arbeitstage (EU and CH)<\/p>\n","protected":false},"featured_media":1144760,"template":"","meta":[],"product_brand":[],"product_cat":[19],"product_tag":[],"class_list":{"0":"post-1134601","1":"product","2":"type-product","3":"status-publish","4":"has-post-thumbnail","6":"product_cat-unkategorisiert","7":"pa_alcohol-for-filter-13-5","8":"pa_certified-biodynamic-ja-de","9":"pa_certified-organic-ja-de","10":"pa_colour-weiss","11":"pa_country-frankreich","12":"pa_grape-chardonnay","13":"pa_price-for-filter-10607","14":"pa_producer-la-soufrandiere","15":"pa_region-burgund","16":"pa_size-ml-6584","17":"pa_sweetness-trocken-de","18":"pa_type-2-still-de","19":"pa_vintage-2022-de","20":"entry","21":"has-media","23":"first","24":"instock","25":"taxable","26":"shipping-taxable","27":"purchasable","28":"product-type-simple"},"yoast_head":"<!-- This site is optimized with the Yoast SEO plugin v27.5 - https:\/\/yoast.com\/product\/yoast-seo-wordpress\/ -->\n<title>La Soufrandi\u00e8re Pouilly-Vinzelles Climat &quot;Les Quarts&quot; Zen 2022<\/title>\n<meta name=\"description\" content=\"Kaufe La Soufrandi\u00e8re Pouilly-Vinzelles Climat &quot;Les Quarts&quot; Zen 2022 (Chardonnay, trocken aus Burgund, Frankreich) bei Wein Werte, Ihrem nachhaltigen Onlineshop.\" \/>\n<meta name=\"robots\" content=\"index, follow, max-snippet:-1, max-image-preview:large, max-video-preview:-1\" \/>\n<link rel=\"canonical\" href=\"https:\/\/wein-werte.com\/de\/produkt\/la-soufrandiere-pouilly-vinzelles-climat-les-quarts-zen-2022-750ml\/\" \/>\n<meta property=\"og:locale\" content=\"de_DE\" \/>\n<meta property=\"og:type\" content=\"article\" \/>\n<meta property=\"og:title\" content=\"La Soufrandi\u00e8re Pouilly-Vinzelles Climat &quot;Les Quarts&quot; Zen 2022\" \/>\n<meta property=\"og:description\" content=\"Kaufe La Soufrandi\u00e8re Pouilly-Vinzelles Climat &quot;Les Quarts&quot; Zen 2022 (Chardonnay, trocken aus Burgund, Frankreich) bei Wein Werte, Ihrem nachhaltigen Onlineshop.\" \/>\n<meta property=\"og:url\" content=\"https:\/\/wein-werte.com\/de\/produkt\/la-soufrandiere-pouilly-vinzelles-climat-les-quarts-zen-2022-750ml\/\" \/>\n<meta property=\"og:site_name\" content=\"Wein Werte\" \/>\n<meta property=\"og:image\" content=\"https:\/\/wein-werte.com\/wp-content\/uploads\/2026\/04\/La-Soufrandiere-Pouilly-Vinzelles-Climat-Les-Quarts-Zen-2022-750ml.png\" \/>\n\t<meta property=\"og:image:width\" content=\"348\" \/>\n\t<meta property=\"og:image:height\" content=\"1200\" \/>\n\t<meta property=\"og:image:type\" content=\"image\/png\" \/>\n<meta name=\"twitter:card\" content=\"summary_large_image\" \/>\n<meta name=\"twitter:label1\" content=\"Gesch\u00e4tzte Lesezeit\" \/>\n\t<meta name=\"twitter:data1\" content=\"1\u00a0Minute\" \/>\n<script type=\"application\/ld+json\" class=\"yoast-schema-graph\">{\"@context\":\"https:\\\/\\\/schema.org\",\"@graph\":[{\"@type\":\"WebPage\",\"@id\":\"https:\\\/\\\/wein-werte.com\\\/de\\\/produkt\\\/la-soufrandiere-pouilly-vinzelles-climat-les-quarts-zen-2022-750ml\\\/\",\"url\":\"https:\\\/\\\/wein-werte.com\\\/de\\\/produkt\\\/la-soufrandiere-pouilly-vinzelles-climat-les-quarts-zen-2022-750ml\\\/\",\"name\":\"La Soufrandi\u00e8re Pouilly-Vinzelles Climat \\\"Les Quarts\\\" Zen 2022\",\"isPartOf\":{\"@id\":\"https:\\\/\\\/wein-werte.com\\\/de\\\/#website\"},\"primaryImageOfPage\":{\"@id\":\"https:\\\/\\\/wein-werte.com\\\/de\\\/produkt\\\/la-soufrandiere-pouilly-vinzelles-climat-les-quarts-zen-2022-750ml\\\/#primaryimage\"},\"image\":{\"@id\":\"https:\\\/\\\/wein-werte.com\\\/de\\\/produkt\\\/la-soufrandiere-pouilly-vinzelles-climat-les-quarts-zen-2022-750ml\\\/#primaryimage\"},\"thumbnailUrl\":\"https:\\\/\\\/wein-werte.com\\\/wp-content\\\/uploads\\\/2026\\\/04\\\/La-Soufrandiere-Pouilly-Vinzelles-Climat-Les-Quarts-Zen-2022-750ml.png\",\"datePublished\":\"2026-05-05T16:31:29+00:00\",\"description\":\"Kaufe La Soufrandi\u00e8re Pouilly-Vinzelles Climat \\\"Les Quarts\\\" Zen 2022 (Chardonnay, trocken aus Burgund, Frankreich) bei Wein Werte, Ihrem nachhaltigen Onlineshop.\",\"breadcrumb\":{\"@id\":\"https:\\\/\\\/wein-werte.com\\\/de\\\/produkt\\\/la-soufrandiere-pouilly-vinzelles-climat-les-quarts-zen-2022-750ml\\\/#breadcrumb\"},\"inLanguage\":\"de\",\"potentialAction\":[{\"@type\":\"ReadAction\",\"target\":[\"https:\\\/\\\/wein-werte.com\\\/de\\\/produkt\\\/la-soufrandiere-pouilly-vinzelles-climat-les-quarts-zen-2022-750ml\\\/\"]}]},{\"@type\":\"ImageObject\",\"inLanguage\":\"de\",\"@id\":\"https:\\\/\\\/wein-werte.com\\\/de\\\/produkt\\\/la-soufrandiere-pouilly-vinzelles-climat-les-quarts-zen-2022-750ml\\\/#primaryimage\",\"url\":\"https:\\\/\\\/wein-werte.com\\\/wp-content\\\/uploads\\\/2026\\\/04\\\/La-Soufrandiere-Pouilly-Vinzelles-Climat-Les-Quarts-Zen-2022-750ml.png\",\"contentUrl\":\"https:\\\/\\\/wein-werte.com\\\/wp-content\\\/uploads\\\/2026\\\/04\\\/La-Soufrandiere-Pouilly-Vinzelles-Climat-Les-Quarts-Zen-2022-750ml.png\",\"width\":348,\"height\":1200,\"caption\":\"La Soufrandi\u00e8re Pouilly-Vinzelles Climat \\\"Les Quarts\\\" Zen AOC 2022 750ml\"},{\"@type\":\"BreadcrumbList\",\"@id\":\"https:\\\/\\\/wein-werte.com\\\/de\\\/produkt\\\/la-soufrandiere-pouilly-vinzelles-climat-les-quarts-zen-2022-750ml\\\/#breadcrumb\",\"itemListElement\":[{\"@type\":\"ListItem\",\"position\":1,\"name\":\"Home\",\"item\":\"https:\\\/\\\/wein-werte.com\\\/de\\\/\"},{\"@type\":\"ListItem\",\"position\":2,\"name\":\"Shop\",\"item\":\"https:\\\/\\\/wein-werte.com\\\/de\\\/shop\\\/\"},{\"@type\":\"ListItem\",\"position\":3,\"name\":\"La Soufrandi\u00e8re | Burgund | Pouilly-Vinzelles Climat &#8220;Les Quarts&#8221; Zen AOC | 2022 | 750ml | bio\"}]},{\"@type\":\"WebSite\",\"@id\":\"https:\\\/\\\/wein-werte.com\\\/de\\\/#website\",\"url\":\"https:\\\/\\\/wein-werte.com\\\/de\\\/\",\"name\":\"Wein Werte\",\"description\":\"\",\"publisher\":{\"@id\":\"https:\\\/\\\/wein-werte.com\\\/de\\\/#organization\"},\"potentialAction\":[{\"@type\":\"SearchAction\",\"target\":{\"@type\":\"EntryPoint\",\"urlTemplate\":\"https:\\\/\\\/wein-werte.com\\\/de\\\/?s={search_term_string}\"},\"query-input\":{\"@type\":\"PropertyValueSpecification\",\"valueRequired\":true,\"valueName\":\"search_term_string\"}}],\"inLanguage\":\"de\"},{\"@type\":\"Organization\",\"@id\":\"https:\\\/\\\/wein-werte.com\\\/de\\\/#organization\",\"name\":\"Vins Fins Thorrold\",\"url\":\"https:\\\/\\\/wein-werte.com\\\/de\\\/\",\"logo\":{\"@type\":\"ImageObject\",\"inLanguage\":\"de\",\"@id\":\"https:\\\/\\\/wein-werte.com\\\/de\\\/#\\\/schema\\\/logo\\\/image\\\/\",\"url\":\"https:\\\/\\\/wein-werte.com\\\/wp-content\\\/uploads\\\/2023\\\/07\\\/Wein_werte_Logo700-1.png\",\"contentUrl\":\"https:\\\/\\\/wein-werte.com\\\/wp-content\\\/uploads\\\/2023\\\/07\\\/Wein_werte_Logo700-1.png\",\"width\":700,\"height\":272,\"caption\":\"Vins Fins Thorrold\"},\"image\":{\"@id\":\"https:\\\/\\\/wein-werte.com\\\/de\\\/#\\\/schema\\\/logo\\\/image\\\/\"}}]}<\/script>\n<!-- \/ Yoast SEO plugin. -->","yoast_head_json":{"title":"La Soufrandi\u00e8re Pouilly-Vinzelles Climat \"Les Quarts\" Zen 2022","description":"Kaufe La Soufrandi\u00e8re Pouilly-Vinzelles Climat \"Les Quarts\" Zen 2022 (Chardonnay, trocken aus Burgund, Frankreich) bei Wein Werte, Ihrem nachhaltigen Onlineshop.","robots":{"index":"index","follow":"follow","max-snippet":"max-snippet:-1","max-image-preview":"max-image-preview:large","max-video-preview":"max-video-preview:-1"},"canonical":"https:\/\/wein-werte.com\/de\/produkt\/la-soufrandiere-pouilly-vinzelles-climat-les-quarts-zen-2022-750ml\/","og_locale":"de_DE","og_type":"article","og_title":"La Soufrandi\u00e8re Pouilly-Vinzelles Climat \"Les Quarts\" Zen 2022","og_description":"Kaufe La Soufrandi\u00e8re Pouilly-Vinzelles Climat \"Les Quarts\" Zen 2022 (Chardonnay, trocken aus Burgund, Frankreich) bei Wein Werte, Ihrem nachhaltigen Onlineshop.","og_url":"https:\/\/wein-werte.com\/de\/produkt\/la-soufrandiere-pouilly-vinzelles-climat-les-quarts-zen-2022-750ml\/","og_site_name":"Wein Werte","og_image":[{"width":348,"height":1200,"url":"https:\/\/wein-werte.com\/wp-content\/uploads\/2026\/04\/La-Soufrandiere-Pouilly-Vinzelles-Climat-Les-Quarts-Zen-2022-750ml.png","type":"image\/png"}],"twitter_card":"summary_large_image","twitter_misc":{"Gesch\u00e4tzte Lesezeit":"1\u00a0Minute"},"schema":{"@context":"https:\/\/schema.org","@graph":[{"@type":"WebPage","@id":"https:\/\/wein-werte.com\/de\/produkt\/la-soufrandiere-pouilly-vinzelles-climat-les-quarts-zen-2022-750ml\/","url":"https:\/\/wein-werte.com\/de\/produkt\/la-soufrandiere-pouilly-vinzelles-climat-les-quarts-zen-2022-750ml\/","name":"La Soufrandi\u00e8re Pouilly-Vinzelles Climat \"Les Quarts\" Zen 2022","isPartOf":{"@id":"https:\/\/wein-werte.com\/de\/#website"},"primaryImageOfPage":{"@id":"https:\/\/wein-werte.com\/de\/produkt\/la-soufrandiere-pouilly-vinzelles-climat-les-quarts-zen-2022-750ml\/#primaryimage"},"image":{"@id":"https:\/\/wein-werte.com\/de\/produkt\/la-soufrandiere-pouilly-vinzelles-climat-les-quarts-zen-2022-750ml\/#primaryimage"},"thumbnailUrl":"https:\/\/wein-werte.com\/wp-content\/uploads\/2026\/04\/La-Soufrandiere-Pouilly-Vinzelles-Climat-Les-Quarts-Zen-2022-750ml.png","datePublished":"2026-05-05T16:31:29+00:00","description":"Kaufe La Soufrandi\u00e8re Pouilly-Vinzelles Climat \"Les Quarts\" Zen 2022 (Chardonnay, trocken aus Burgund, Frankreich) bei Wein Werte, Ihrem nachhaltigen Onlineshop.","breadcrumb":{"@id":"https:\/\/wein-werte.com\/de\/produkt\/la-soufrandiere-pouilly-vinzelles-climat-les-quarts-zen-2022-750ml\/#breadcrumb"},"inLanguage":"de","potentialAction":[{"@type":"ReadAction","target":["https:\/\/wein-werte.com\/de\/produkt\/la-soufrandiere-pouilly-vinzelles-climat-les-quarts-zen-2022-750ml\/"]}]},{"@type":"ImageObject","inLanguage":"de","@id":"https:\/\/wein-werte.com\/de\/produkt\/la-soufrandiere-pouilly-vinzelles-climat-les-quarts-zen-2022-750ml\/#primaryimage","url":"https:\/\/wein-werte.com\/wp-content\/uploads\/2026\/04\/La-Soufrandiere-Pouilly-Vinzelles-Climat-Les-Quarts-Zen-2022-750ml.png","contentUrl":"https:\/\/wein-werte.com\/wp-content\/uploads\/2026\/04\/La-Soufrandiere-Pouilly-Vinzelles-Climat-Les-Quarts-Zen-2022-750ml.png","width":348,"height":1200,"caption":"La Soufrandi\u00e8re Pouilly-Vinzelles Climat \"Les Quarts\" Zen AOC 2022 750ml"},{"@type":"BreadcrumbList","@id":"https:\/\/wein-werte.com\/de\/produkt\/la-soufrandiere-pouilly-vinzelles-climat-les-quarts-zen-2022-750ml\/#breadcrumb","itemListElement":[{"@type":"ListItem","position":1,"name":"Home","item":"https:\/\/wein-werte.com\/de\/"},{"@type":"ListItem","position":2,"name":"Shop","item":"https:\/\/wein-werte.com\/de\/shop\/"},{"@type":"ListItem","position":3,"name":"La Soufrandi\u00e8re | Burgund | Pouilly-Vinzelles Climat &#8220;Les Quarts&#8221; Zen AOC | 2022 | 750ml | bio"}]},{"@type":"WebSite","@id":"https:\/\/wein-werte.com\/de\/#website","url":"https:\/\/wein-werte.com\/de\/","name":"Wein Werte","description":"","publisher":{"@id":"https:\/\/wein-werte.com\/de\/#organization"},"potentialAction":[{"@type":"SearchAction","target":{"@type":"EntryPoint","urlTemplate":"https:\/\/wein-werte.com\/de\/?s={search_term_string}"},"query-input":{"@type":"PropertyValueSpecification","valueRequired":true,"valueName":"search_term_string"}}],"inLanguage":"de"},{"@type":"Organization","@id":"https:\/\/wein-werte.com\/de\/#organization","name":"Vins Fins Thorrold","url":"https:\/\/wein-werte.com\/de\/","logo":{"@type":"ImageObject","inLanguage":"de","@id":"https:\/\/wein-werte.com\/de\/#\/schema\/logo\/image\/","url":"https:\/\/wein-werte.com\/wp-content\/uploads\/2023\/07\/Wein_werte_Logo700-1.png","contentUrl":"https:\/\/wein-werte.com\/wp-content\/uploads\/2023\/07\/Wein_werte_Logo700-1.png","width":700,"height":272,"caption":"Vins Fins Thorrold"},"image":{"@id":"https:\/\/wein-werte.com\/de\/#\/schema\/logo\/image\/"}}]}},"_links":{"self":[{"href":"https:\/\/wein-werte.com\/de\/wp-json\/wp\/v2\/product\/1134601","targetHints":{"allow":["GET"]}}],"collection":[{"href":"https:\/\/wein-werte.com\/de\/wp-json\/wp\/v2\/product"}],"about":[{"href":"https:\/\/wein-werte.com\/de\/wp-json\/wp\/v2\/types\/product"}],"wp:featuredmedia":[{"embeddable":true,"href":"https:\/\/wein-werte.com\/de\/wp-json\/wp\/v2\/media\/1144760"}],"wp:attachment":[{"href":"https:\/\/wein-werte.com\/de\/wp-json\/wp\/v2\/media?parent=1134601"}],"wp:term":[{"taxonomy":"product_brand","embeddable":true,"href":"https:\/\/wein-werte.com\/de\/wp-json\/wp\/v2\/product_brand?post=1134601"},{"taxonomy":"product_cat","embeddable":true,"href":"https:\/\/wein-werte.com\/de\/wp-json\/wp\/v2\/product_cat?post=1134601"},{"taxonomy":"product_tag","embeddable":true,"href":"https:\/\/wein-werte.com\/de\/wp-json\/wp\/v2\/product_tag?post=1134601"}],"curies":[{"name":"wp","href":"https:\/\/api.w.org\/{rel}","templated":true}]}}