{"id":1134573,"date":"2026-05-05T18:31:28","date_gmt":"2026-05-05T16:31:28","guid":{"rendered":"https:\/\/wein-werte.com\/product\/la-soufrandiere-saint-veran-climat-la-bonnode-zen-2022-750ml\/"},"modified":"2026-04-27T12:02:43","modified_gmt":"2026-04-27T10:02:43","slug":"la-soufrandiere-saint-veran-climat-la-bonnode-zen-2022-750ml","status":"publish","type":"product","link":"https:\/\/wein-werte.com\/de\/produkt\/la-soufrandiere-saint-veran-climat-la-bonnode-zen-2022-750ml\/","title":{"rendered":"La Soufrandi\u00e8re | Burgund | Saint-V\u00e9ran Climat &#8220;La Bonnode&#8221; Zen AOC | 2022 | 750ml | bio"},"content":{"rendered":"<p>Produktbeschreibung f\u00fcr La Soufrandi\u00e8re Saint-V\u00e9ran Climat &#8220;La Bonnode&#8221; Zen AOC 2022 (bio) <\/p>\n<h5>Informationen zum Wein<\/h5>\n<p> Der Weinberg La Bonnode grenzt an den Weinberg La Combe Desroches und erstreckt sich \u00fcber zwei Hektar auf 250 m H\u00f6he, nach Osten ausgerichtet, am Fu\u00dfe der Roche de Vergisson. Die 35 Jahre alten Rebst\u00f6cke sind gr\u00f6\u00dftenteils von alten Str\u00e4uchern umgeben. Die B\u00f6den aus Kalkmergel und hellem Lehm sind ideal f\u00fcr den Chardonnay. Die Weinlese dauerte vom 29. August bis zum 3. September 2022. Der Chardonnay wurde aus ganzen Trauben gepresst und spontan vergoren. Anschlie\u00dfend reifte er \u00fcber 17 Monate in Fudern und in 228-Liter-Beh\u00e4ltern. Es folgte der biologische S\u00e4ureabbau. Der Gesamtschwefelgehalt betr\u00e4gt 37 mg\/l, der pH-Wert 3,36. <\/p>\n<h5>Farbe<\/h5>\n<p> helles Goldgelb <\/p>\n<h5>Nase<\/h5>\n<p> Der 2022er La Bonnode Cuv\u00e9e Zen ist einer von vier unterschiedlich ausgebauten Bonnodes und es ist spannend, diese Weine nebeneinander zu vergleichen. Zen wirkt \u00e4hnlich frisch und kraftvoll wie La Bonnode, aber man hat das Gef\u00fchl, etwas mehr Walnuss und Sherry zu riechen oder einen oxidativ ausgebauten Wein im Glas zu haben. Es gibt viel gr\u00fcne und gelbe Zitrone in Form von Saft und Schale, dazu etwas Rauch und Stein. Das macht Lust auf den ersten Schluck. <\/p>\n<h5>Gaumen<\/h5>\n<p> Am Gaumen wirkt La Bonnode Cuv\u00e9e Zen etwas seidiger und sinnlicher als La Bonnode, bringt also etwas mehr Cremigkeit an den Gaumen. Die S\u00e4ure wirkt etwas eingebundener, aber dennoch beeindruckend fest und druckvoll. Dabei bleibt der Wein ebenso klar, saftig und frisch mit viel Zitrus, einem Hauch von Toffee, gr\u00fcner Ananas, gr\u00fcner Birne und viel Stein und Salz im Abgang.\u00a0<\/p>\n<p>Copyright Vinaturel 2025<\/p>\n<p>Keywords: <a href=\"https:\/\/wein-werte.com\/de\/shop\/?swoof=1&#038;pa_producer=La-Soufrandi\u00e8re\">La Soufrandi\u00e8re<\/a> <a href=\"https:\/\/wein-werte.com\/de\/shop\/?swoof=1&#038;woof_text=Saint-V\u00e9ran Climat \"La Bonnode\" Zen AOC\">Saint-V\u00e9ran Climat &#8220;La Bonnode&#8221; Zen AOC<\/a> 2022 bio <a href=\"https:\/\/wein-werte.com\/de\/shop\/?swoof=1&#038;pa_region=Burgund\">Burgund<\/a> <a href=\"https:\/\/wein-werte.com\/de\/shop\/?swoof=1&#038;pa_country=Frankreich\">Frankreich<\/a><\/p>\n<p>Internetseite des Weinguts: <a href=\"https:\/\/www.bretbrothers.com\/lasoufrandiere.php\" target=\"_blank\">https:\/\/www.bretbrothers.com\/lasoufrandiere.php<\/a><\/p>\n","protected":false},"excerpt":{"rendered":"<p>Lieferzeit: 1 bis 2 Arbeitstage (DE), 2 bis 5 Arbeitstage (EU and CH)<\/p>\n","protected":false},"featured_media":1144740,"template":"","meta":[],"product_brand":[],"product_cat":[19],"product_tag":[],"class_list":{"0":"post-1134573","1":"product","2":"type-product","3":"status-publish","4":"has-post-thumbnail","6":"product_cat-unkategorisiert","7":"pa_alcohol-for-filter-13-5","8":"pa_certified-biodynamic-ja-de","9":"pa_certified-organic-ja-de","10":"pa_colour-weiss","11":"pa_country-frankreich","12":"pa_grape-chardonnay","13":"pa_price-for-filter-10614","14":"pa_producer-la-soufrandiere","15":"pa_region-burgund","16":"pa_size-ml-6584","17":"pa_sweetness-trocken-de","18":"pa_type-2-still-de","19":"pa_vintage-2022-de","20":"entry","21":"has-media","23":"first","24":"instock","25":"taxable","26":"shipping-taxable","27":"purchasable","28":"product-type-simple"},"yoast_head":"<!-- This site is optimized with the Yoast SEO plugin v27.5 - https:\/\/yoast.com\/product\/yoast-seo-wordpress\/ -->\n<title>La Soufrandi\u00e8re Saint-V\u00e9ran Climat &quot;La Bonnode&quot; Zen 2022<\/title>\n<meta name=\"description\" content=\"Kaufe La Soufrandi\u00e8re Saint-V\u00e9ran Climat &quot;La Bonnode&quot; Zen 2022 (Chardonnay, trocken aus Burgund, Frankreich) bei Wein Werte, Ihrem nachhaltigen Onlineshop.\" \/>\n<meta name=\"robots\" content=\"index, follow, max-snippet:-1, max-image-preview:large, max-video-preview:-1\" \/>\n<link rel=\"canonical\" href=\"https:\/\/wein-werte.com\/de\/produkt\/la-soufrandiere-saint-veran-climat-la-bonnode-zen-2022-750ml\/\" \/>\n<meta property=\"og:locale\" content=\"de_DE\" \/>\n<meta property=\"og:type\" content=\"article\" \/>\n<meta property=\"og:title\" content=\"La Soufrandi\u00e8re Saint-V\u00e9ran Climat &quot;La Bonnode&quot; Zen 2022\" \/>\n<meta property=\"og:description\" content=\"Kaufe La Soufrandi\u00e8re Saint-V\u00e9ran Climat &quot;La Bonnode&quot; Zen 2022 (Chardonnay, trocken aus Burgund, Frankreich) bei Wein Werte, Ihrem nachhaltigen Onlineshop.\" \/>\n<meta property=\"og:url\" content=\"https:\/\/wein-werte.com\/de\/produkt\/la-soufrandiere-saint-veran-climat-la-bonnode-zen-2022-750ml\/\" \/>\n<meta property=\"og:site_name\" content=\"Wein Werte\" \/>\n<meta property=\"og:image\" content=\"https:\/\/wein-werte.com\/wp-content\/uploads\/2026\/04\/La-Soufrandiere-Saint-Veran-Climat-La-Bonnode-Zen-2022-750ml.png\" \/>\n\t<meta property=\"og:image:width\" content=\"346\" \/>\n\t<meta property=\"og:image:height\" content=\"1200\" \/>\n\t<meta property=\"og:image:type\" content=\"image\/png\" \/>\n<meta name=\"twitter:card\" content=\"summary_large_image\" \/>\n<meta name=\"twitter:label1\" content=\"Gesch\u00e4tzte Lesezeit\" \/>\n\t<meta name=\"twitter:data1\" content=\"1\u00a0Minute\" \/>\n<script type=\"application\/ld+json\" class=\"yoast-schema-graph\">{\"@context\":\"https:\\\/\\\/schema.org\",\"@graph\":[{\"@type\":\"WebPage\",\"@id\":\"https:\\\/\\\/wein-werte.com\\\/de\\\/produkt\\\/la-soufrandiere-saint-veran-climat-la-bonnode-zen-2022-750ml\\\/\",\"url\":\"https:\\\/\\\/wein-werte.com\\\/de\\\/produkt\\\/la-soufrandiere-saint-veran-climat-la-bonnode-zen-2022-750ml\\\/\",\"name\":\"La Soufrandi\u00e8re Saint-V\u00e9ran Climat \\\"La Bonnode\\\" Zen 2022\",\"isPartOf\":{\"@id\":\"https:\\\/\\\/wein-werte.com\\\/de\\\/#website\"},\"primaryImageOfPage\":{\"@id\":\"https:\\\/\\\/wein-werte.com\\\/de\\\/produkt\\\/la-soufrandiere-saint-veran-climat-la-bonnode-zen-2022-750ml\\\/#primaryimage\"},\"image\":{\"@id\":\"https:\\\/\\\/wein-werte.com\\\/de\\\/produkt\\\/la-soufrandiere-saint-veran-climat-la-bonnode-zen-2022-750ml\\\/#primaryimage\"},\"thumbnailUrl\":\"https:\\\/\\\/wein-werte.com\\\/wp-content\\\/uploads\\\/2026\\\/04\\\/La-Soufrandiere-Saint-Veran-Climat-La-Bonnode-Zen-2022-750ml.png\",\"datePublished\":\"2026-05-05T16:31:28+00:00\",\"description\":\"Kaufe La Soufrandi\u00e8re Saint-V\u00e9ran Climat \\\"La Bonnode\\\" Zen 2022 (Chardonnay, trocken aus Burgund, Frankreich) bei Wein Werte, Ihrem nachhaltigen Onlineshop.\",\"breadcrumb\":{\"@id\":\"https:\\\/\\\/wein-werte.com\\\/de\\\/produkt\\\/la-soufrandiere-saint-veran-climat-la-bonnode-zen-2022-750ml\\\/#breadcrumb\"},\"inLanguage\":\"de\",\"potentialAction\":[{\"@type\":\"ReadAction\",\"target\":[\"https:\\\/\\\/wein-werte.com\\\/de\\\/produkt\\\/la-soufrandiere-saint-veran-climat-la-bonnode-zen-2022-750ml\\\/\"]}]},{\"@type\":\"ImageObject\",\"inLanguage\":\"de\",\"@id\":\"https:\\\/\\\/wein-werte.com\\\/de\\\/produkt\\\/la-soufrandiere-saint-veran-climat-la-bonnode-zen-2022-750ml\\\/#primaryimage\",\"url\":\"https:\\\/\\\/wein-werte.com\\\/wp-content\\\/uploads\\\/2026\\\/04\\\/La-Soufrandiere-Saint-Veran-Climat-La-Bonnode-Zen-2022-750ml.png\",\"contentUrl\":\"https:\\\/\\\/wein-werte.com\\\/wp-content\\\/uploads\\\/2026\\\/04\\\/La-Soufrandiere-Saint-Veran-Climat-La-Bonnode-Zen-2022-750ml.png\",\"width\":346,\"height\":1200,\"caption\":\"La Soufrandi\u00e8re Saint-V\u00e9ran Climat \\\"La Bonnode\\\" Zen AOC 2022 750ml\"},{\"@type\":\"BreadcrumbList\",\"@id\":\"https:\\\/\\\/wein-werte.com\\\/de\\\/produkt\\\/la-soufrandiere-saint-veran-climat-la-bonnode-zen-2022-750ml\\\/#breadcrumb\",\"itemListElement\":[{\"@type\":\"ListItem\",\"position\":1,\"name\":\"Home\",\"item\":\"https:\\\/\\\/wein-werte.com\\\/de\\\/\"},{\"@type\":\"ListItem\",\"position\":2,\"name\":\"Shop\",\"item\":\"https:\\\/\\\/wein-werte.com\\\/de\\\/shop\\\/\"},{\"@type\":\"ListItem\",\"position\":3,\"name\":\"La Soufrandi\u00e8re | Burgund | Saint-V\u00e9ran Climat &#8220;La Bonnode&#8221; Zen AOC | 2022 | 750ml | bio\"}]},{\"@type\":\"WebSite\",\"@id\":\"https:\\\/\\\/wein-werte.com\\\/de\\\/#website\",\"url\":\"https:\\\/\\\/wein-werte.com\\\/de\\\/\",\"name\":\"Wein Werte\",\"description\":\"\",\"publisher\":{\"@id\":\"https:\\\/\\\/wein-werte.com\\\/de\\\/#organization\"},\"potentialAction\":[{\"@type\":\"SearchAction\",\"target\":{\"@type\":\"EntryPoint\",\"urlTemplate\":\"https:\\\/\\\/wein-werte.com\\\/de\\\/?s={search_term_string}\"},\"query-input\":{\"@type\":\"PropertyValueSpecification\",\"valueRequired\":true,\"valueName\":\"search_term_string\"}}],\"inLanguage\":\"de\"},{\"@type\":\"Organization\",\"@id\":\"https:\\\/\\\/wein-werte.com\\\/de\\\/#organization\",\"name\":\"Vins Fins Thorrold\",\"url\":\"https:\\\/\\\/wein-werte.com\\\/de\\\/\",\"logo\":{\"@type\":\"ImageObject\",\"inLanguage\":\"de\",\"@id\":\"https:\\\/\\\/wein-werte.com\\\/de\\\/#\\\/schema\\\/logo\\\/image\\\/\",\"url\":\"https:\\\/\\\/wein-werte.com\\\/wp-content\\\/uploads\\\/2023\\\/07\\\/Wein_werte_Logo700-1.png\",\"contentUrl\":\"https:\\\/\\\/wein-werte.com\\\/wp-content\\\/uploads\\\/2023\\\/07\\\/Wein_werte_Logo700-1.png\",\"width\":700,\"height\":272,\"caption\":\"Vins Fins Thorrold\"},\"image\":{\"@id\":\"https:\\\/\\\/wein-werte.com\\\/de\\\/#\\\/schema\\\/logo\\\/image\\\/\"}}]}<\/script>\n<!-- \/ Yoast SEO plugin. -->","yoast_head_json":{"title":"La Soufrandi\u00e8re Saint-V\u00e9ran Climat \"La Bonnode\" Zen 2022","description":"Kaufe La Soufrandi\u00e8re Saint-V\u00e9ran Climat \"La Bonnode\" Zen 2022 (Chardonnay, trocken aus Burgund, Frankreich) bei Wein Werte, Ihrem nachhaltigen Onlineshop.","robots":{"index":"index","follow":"follow","max-snippet":"max-snippet:-1","max-image-preview":"max-image-preview:large","max-video-preview":"max-video-preview:-1"},"canonical":"https:\/\/wein-werte.com\/de\/produkt\/la-soufrandiere-saint-veran-climat-la-bonnode-zen-2022-750ml\/","og_locale":"de_DE","og_type":"article","og_title":"La Soufrandi\u00e8re Saint-V\u00e9ran Climat \"La Bonnode\" Zen 2022","og_description":"Kaufe La Soufrandi\u00e8re Saint-V\u00e9ran Climat \"La Bonnode\" Zen 2022 (Chardonnay, trocken aus Burgund, Frankreich) bei Wein Werte, Ihrem nachhaltigen Onlineshop.","og_url":"https:\/\/wein-werte.com\/de\/produkt\/la-soufrandiere-saint-veran-climat-la-bonnode-zen-2022-750ml\/","og_site_name":"Wein Werte","og_image":[{"width":346,"height":1200,"url":"https:\/\/wein-werte.com\/wp-content\/uploads\/2026\/04\/La-Soufrandiere-Saint-Veran-Climat-La-Bonnode-Zen-2022-750ml.png","type":"image\/png"}],"twitter_card":"summary_large_image","twitter_misc":{"Gesch\u00e4tzte Lesezeit":"1\u00a0Minute"},"schema":{"@context":"https:\/\/schema.org","@graph":[{"@type":"WebPage","@id":"https:\/\/wein-werte.com\/de\/produkt\/la-soufrandiere-saint-veran-climat-la-bonnode-zen-2022-750ml\/","url":"https:\/\/wein-werte.com\/de\/produkt\/la-soufrandiere-saint-veran-climat-la-bonnode-zen-2022-750ml\/","name":"La Soufrandi\u00e8re Saint-V\u00e9ran Climat \"La Bonnode\" Zen 2022","isPartOf":{"@id":"https:\/\/wein-werte.com\/de\/#website"},"primaryImageOfPage":{"@id":"https:\/\/wein-werte.com\/de\/produkt\/la-soufrandiere-saint-veran-climat-la-bonnode-zen-2022-750ml\/#primaryimage"},"image":{"@id":"https:\/\/wein-werte.com\/de\/produkt\/la-soufrandiere-saint-veran-climat-la-bonnode-zen-2022-750ml\/#primaryimage"},"thumbnailUrl":"https:\/\/wein-werte.com\/wp-content\/uploads\/2026\/04\/La-Soufrandiere-Saint-Veran-Climat-La-Bonnode-Zen-2022-750ml.png","datePublished":"2026-05-05T16:31:28+00:00","description":"Kaufe La Soufrandi\u00e8re Saint-V\u00e9ran Climat \"La Bonnode\" Zen 2022 (Chardonnay, trocken aus Burgund, Frankreich) bei Wein Werte, Ihrem nachhaltigen Onlineshop.","breadcrumb":{"@id":"https:\/\/wein-werte.com\/de\/produkt\/la-soufrandiere-saint-veran-climat-la-bonnode-zen-2022-750ml\/#breadcrumb"},"inLanguage":"de","potentialAction":[{"@type":"ReadAction","target":["https:\/\/wein-werte.com\/de\/produkt\/la-soufrandiere-saint-veran-climat-la-bonnode-zen-2022-750ml\/"]}]},{"@type":"ImageObject","inLanguage":"de","@id":"https:\/\/wein-werte.com\/de\/produkt\/la-soufrandiere-saint-veran-climat-la-bonnode-zen-2022-750ml\/#primaryimage","url":"https:\/\/wein-werte.com\/wp-content\/uploads\/2026\/04\/La-Soufrandiere-Saint-Veran-Climat-La-Bonnode-Zen-2022-750ml.png","contentUrl":"https:\/\/wein-werte.com\/wp-content\/uploads\/2026\/04\/La-Soufrandiere-Saint-Veran-Climat-La-Bonnode-Zen-2022-750ml.png","width":346,"height":1200,"caption":"La Soufrandi\u00e8re Saint-V\u00e9ran Climat \"La Bonnode\" Zen AOC 2022 750ml"},{"@type":"BreadcrumbList","@id":"https:\/\/wein-werte.com\/de\/produkt\/la-soufrandiere-saint-veran-climat-la-bonnode-zen-2022-750ml\/#breadcrumb","itemListElement":[{"@type":"ListItem","position":1,"name":"Home","item":"https:\/\/wein-werte.com\/de\/"},{"@type":"ListItem","position":2,"name":"Shop","item":"https:\/\/wein-werte.com\/de\/shop\/"},{"@type":"ListItem","position":3,"name":"La Soufrandi\u00e8re | Burgund | Saint-V\u00e9ran Climat &#8220;La Bonnode&#8221; Zen AOC | 2022 | 750ml | bio"}]},{"@type":"WebSite","@id":"https:\/\/wein-werte.com\/de\/#website","url":"https:\/\/wein-werte.com\/de\/","name":"Wein Werte","description":"","publisher":{"@id":"https:\/\/wein-werte.com\/de\/#organization"},"potentialAction":[{"@type":"SearchAction","target":{"@type":"EntryPoint","urlTemplate":"https:\/\/wein-werte.com\/de\/?s={search_term_string}"},"query-input":{"@type":"PropertyValueSpecification","valueRequired":true,"valueName":"search_term_string"}}],"inLanguage":"de"},{"@type":"Organization","@id":"https:\/\/wein-werte.com\/de\/#organization","name":"Vins Fins Thorrold","url":"https:\/\/wein-werte.com\/de\/","logo":{"@type":"ImageObject","inLanguage":"de","@id":"https:\/\/wein-werte.com\/de\/#\/schema\/logo\/image\/","url":"https:\/\/wein-werte.com\/wp-content\/uploads\/2023\/07\/Wein_werte_Logo700-1.png","contentUrl":"https:\/\/wein-werte.com\/wp-content\/uploads\/2023\/07\/Wein_werte_Logo700-1.png","width":700,"height":272,"caption":"Vins Fins Thorrold"},"image":{"@id":"https:\/\/wein-werte.com\/de\/#\/schema\/logo\/image\/"}}]}},"_links":{"self":[{"href":"https:\/\/wein-werte.com\/de\/wp-json\/wp\/v2\/product\/1134573","targetHints":{"allow":["GET"]}}],"collection":[{"href":"https:\/\/wein-werte.com\/de\/wp-json\/wp\/v2\/product"}],"about":[{"href":"https:\/\/wein-werte.com\/de\/wp-json\/wp\/v2\/types\/product"}],"wp:featuredmedia":[{"embeddable":true,"href":"https:\/\/wein-werte.com\/de\/wp-json\/wp\/v2\/media\/1144740"}],"wp:attachment":[{"href":"https:\/\/wein-werte.com\/de\/wp-json\/wp\/v2\/media?parent=1134573"}],"wp:term":[{"taxonomy":"product_brand","embeddable":true,"href":"https:\/\/wein-werte.com\/de\/wp-json\/wp\/v2\/product_brand?post=1134573"},{"taxonomy":"product_cat","embeddable":true,"href":"https:\/\/wein-werte.com\/de\/wp-json\/wp\/v2\/product_cat?post=1134573"},{"taxonomy":"product_tag","embeddable":true,"href":"https:\/\/wein-werte.com\/de\/wp-json\/wp\/v2\/product_tag?post=1134573"}],"curies":[{"name":"wp","href":"https:\/\/api.w.org\/{rel}","templated":true}]}}