{"id":1134565,"date":"2026-05-05T18:31:27","date_gmt":"2026-05-05T16:31:27","guid":{"rendered":"https:\/\/wein-werte.com\/product\/la-soufrandiere-pouilly-vinzelles-climat-les-quarts-zen-2021-1500ml\/"},"modified":"2026-04-27T12:02:43","modified_gmt":"2026-04-27T10:02:43","slug":"la-soufrandiere-pouilly-vinzelles-climat-les-quarts-zen-2021-1500ml","status":"publish","type":"product","link":"https:\/\/wein-werte.com\/de\/produkt\/la-soufrandiere-pouilly-vinzelles-climat-les-quarts-zen-2021-1500ml\/","title":{"rendered":"La Soufrandi\u00e8re | Burgund | Pouilly-Vinzelles Climat &#8220;Les Quarts&#8221; Zen AOC | 2021 | 1500ml | bio"},"content":{"rendered":"<p>Produktbeschreibung f\u00fcr La Soufrandi\u00e8re Pouilly-Vinzelles Climat &#8220;Les Quarts&#8221; Zen AOC 2021 (bio) <\/p>\n<h5>Informationen zum Wein<\/h5>\n<p> Die Lage Les Quarts geh\u00f6rt zweifelsohne zu den besten Terroirs der Appellation Pouilly-Vinzelles. Der traumhaft gelegene Weinberg ist nach Osten ausgerichtet und verf\u00fcgt \u00fcber 48 bis 80 Jahre alte Chardonnay-Reben auf kiesel- und vor allem eisenhaltigem Lehm- und Jurakalkboden. Von den 52 Hektar der Lage geh\u00f6ren zwei Hektar den Bret-Br\u00fcdern, die 1,5 Hektar davon mit dem Pferd bearbeiten. Biodynamisch zertifiziert ist die Hanglage seit 2006. Geerntet wurde vom 18. bis zum 23. September per Handlese. Es folgte eine Ganztraubenpressung und dann die Spontanverg\u00e4rung. Danach wurde der Chardonnay \u00fcber 17 Monate zun\u00e4chst in gebrauchten F\u00e4ssern und nach der Assemblage in neutralen Cuves ausgebaut. Es erfolgte eine 100-%ige malolaktische G\u00e4rung. Der Wein wurde erst vor der F\u00fcllung leicht geschwefelt. Der Gesamtschwefel liegt bei 29 mg\/l. Der Wein hat einen pH-Wert von 3,22. <\/p>\n<h5>Farbe<\/h5>\n<p> helles Goldgelb <\/p>\n<h5>Nase<\/h5>\n<p> Der 2021er Les Quarts ist ein spannungsvoller Burgunder, der eine Balance zwischen gelbfleischiger F\u00fclle und einer k\u00fchlen Nervosit\u00e4t, einer hellen zitrischen Aromatik und einer feinen Gesteinsw\u00fcrze erreicht. Die Frucht wird begleitet von etwas Kamille, Mandelbl\u00fcten und etwas Bleistiftabrieb. <\/p>\n<h5>Gaumen<\/h5>\n<p> Am Gaumen zeigt der Chardonnay eine beeindruckende Gesteins- und Kr\u00e4uterw\u00fcrze in der saftigen Frucht, die von Zitrusaromen und gelben sowie gr\u00fcnen Pflaumen bestimmt wird. Unverstellt sorgt die f\u00fcr 2021 typische zitrische S\u00e4ure f\u00fcr Druck und eine leichte, angenehme Sch\u00e4rfe, deren Noten von Zitronenschalen eine pikante Herbheit bewirken. Die Art der Arbeit im Weinberg und bei der Verg\u00e4rung bringt die salzig-s\u00fcffige Komponente bei diesem Wein besonders im Finale in den Vordergrund. Trinkfluss ist hier garantiert.<\/p>\n<p>Copyright Vinaturel 2025<\/p>\n<p>Keywords: <a href=\"https:\/\/wein-werte.com\/de\/shop\/?swoof=1&#038;pa_producer=La-Soufrandi\u00e8re\">La Soufrandi\u00e8re<\/a> <a href=\"https:\/\/wein-werte.com\/de\/shop\/?swoof=1&#038;woof_text=Pouilly-Vinzelles Climat \"Les Quarts\" Zen AOC\">Pouilly-Vinzelles Climat &#8220;Les Quarts&#8221; Zen AOC<\/a> 2021 bio <a href=\"https:\/\/wein-werte.com\/de\/shop\/?swoof=1&#038;pa_region=Burgund\">Burgund<\/a> <a href=\"https:\/\/wein-werte.com\/de\/shop\/?swoof=1&#038;pa_country=Frankreich\">Frankreich<\/a><\/p>\n<p>Internetseite des Weinguts: <a href=\"https:\/\/www.bretbrothers.com\/lasoufrandiere.php\" target=\"_blank\">https:\/\/www.bretbrothers.com\/lasoufrandiere.php<\/a><\/p>\n","protected":false},"excerpt":{"rendered":"<p>Lieferzeit: 1 bis 2 Arbeitstage (DE), 2 bis 5 Arbeitstage (EU and CH)<\/p>\n","protected":false},"featured_media":1144734,"template":"","meta":[],"product_brand":[],"product_cat":[19],"product_tag":[],"class_list":{"0":"post-1134565","1":"product","2":"type-product","3":"status-publish","4":"has-post-thumbnail","6":"product_cat-unkategorisiert","7":"pa_alcohol-for-filter-12-5","8":"pa_certified-biodynamic-ja-de","9":"pa_certified-organic-ja-de","10":"pa_colour-weiss","11":"pa_country-frankreich","12":"pa_grape-chardonnay","13":"pa_price-for-filter-10577","14":"pa_producer-la-soufrandiere","15":"pa_region-burgund","16":"pa_size-ml-6657","17":"pa_sweetness-trocken-de","18":"pa_type-2-still-de","19":"pa_vintage-2021-de","20":"entry","21":"has-media","23":"first","24":"instock","25":"taxable","26":"shipping-taxable","27":"purchasable","28":"product-type-simple"},"yoast_head":"<!-- This site is optimized with the Yoast SEO plugin v27.5 - https:\/\/yoast.com\/product\/yoast-seo-wordpress\/ -->\n<title>La Soufrandi\u00e8re Pouilly-Vinzelles Climat &quot;Les Quarts&quot; Zen 2021, 1500ml<\/title>\n<meta name=\"description\" content=\"Kaufe La Soufrandi\u00e8re Pouilly-Vinzelles Climat &quot;Les Quarts&quot; Zen 2021 (Chardonnay, trocken aus Burgund, Frankreich) bei Wein Werte, Ihrem nachhaltigen Onlineshop.\" \/>\n<meta name=\"robots\" content=\"index, follow, max-snippet:-1, max-image-preview:large, max-video-preview:-1\" \/>\n<link rel=\"canonical\" href=\"https:\/\/wein-werte.com\/de\/produkt\/la-soufrandiere-pouilly-vinzelles-climat-les-quarts-zen-2021-1500ml\/\" \/>\n<meta property=\"og:locale\" content=\"de_DE\" \/>\n<meta property=\"og:type\" content=\"article\" \/>\n<meta property=\"og:title\" content=\"La Soufrandi\u00e8re Pouilly-Vinzelles Climat &quot;Les Quarts&quot; Zen 2021, 1500ml\" \/>\n<meta property=\"og:description\" content=\"Kaufe La Soufrandi\u00e8re Pouilly-Vinzelles Climat &quot;Les Quarts&quot; Zen 2021 (Chardonnay, trocken aus Burgund, Frankreich) bei Wein Werte, Ihrem nachhaltigen Onlineshop.\" \/>\n<meta property=\"og:url\" content=\"https:\/\/wein-werte.com\/de\/produkt\/la-soufrandiere-pouilly-vinzelles-climat-les-quarts-zen-2021-1500ml\/\" \/>\n<meta property=\"og:site_name\" content=\"Wein Werte\" \/>\n<meta property=\"og:image\" content=\"https:\/\/wein-werte.com\/wp-content\/uploads\/2026\/04\/La-Soufrandiere-Pouilly-Vinzelles-Climat-Les-Quarts-Zen-2021-1500ml.png\" \/>\n\t<meta property=\"og:image:width\" content=\"353\" \/>\n\t<meta property=\"og:image:height\" content=\"1200\" \/>\n\t<meta property=\"og:image:type\" content=\"image\/png\" \/>\n<meta name=\"twitter:card\" content=\"summary_large_image\" \/>\n<meta name=\"twitter:label1\" content=\"Gesch\u00e4tzte Lesezeit\" \/>\n\t<meta name=\"twitter:data1\" content=\"2\u00a0Minuten\" \/>\n<script type=\"application\/ld+json\" class=\"yoast-schema-graph\">{\"@context\":\"https:\\\/\\\/schema.org\",\"@graph\":[{\"@type\":\"WebPage\",\"@id\":\"https:\\\/\\\/wein-werte.com\\\/de\\\/produkt\\\/la-soufrandiere-pouilly-vinzelles-climat-les-quarts-zen-2021-1500ml\\\/\",\"url\":\"https:\\\/\\\/wein-werte.com\\\/de\\\/produkt\\\/la-soufrandiere-pouilly-vinzelles-climat-les-quarts-zen-2021-1500ml\\\/\",\"name\":\"La Soufrandi\u00e8re Pouilly-Vinzelles Climat \\\"Les Quarts\\\" Zen 2021, 1500ml\",\"isPartOf\":{\"@id\":\"https:\\\/\\\/wein-werte.com\\\/de\\\/#website\"},\"primaryImageOfPage\":{\"@id\":\"https:\\\/\\\/wein-werte.com\\\/de\\\/produkt\\\/la-soufrandiere-pouilly-vinzelles-climat-les-quarts-zen-2021-1500ml\\\/#primaryimage\"},\"image\":{\"@id\":\"https:\\\/\\\/wein-werte.com\\\/de\\\/produkt\\\/la-soufrandiere-pouilly-vinzelles-climat-les-quarts-zen-2021-1500ml\\\/#primaryimage\"},\"thumbnailUrl\":\"https:\\\/\\\/wein-werte.com\\\/wp-content\\\/uploads\\\/2026\\\/04\\\/La-Soufrandiere-Pouilly-Vinzelles-Climat-Les-Quarts-Zen-2021-1500ml.png\",\"datePublished\":\"2026-05-05T16:31:27+00:00\",\"description\":\"Kaufe La Soufrandi\u00e8re Pouilly-Vinzelles Climat \\\"Les Quarts\\\" Zen 2021 (Chardonnay, trocken aus Burgund, Frankreich) bei Wein Werte, Ihrem nachhaltigen Onlineshop.\",\"breadcrumb\":{\"@id\":\"https:\\\/\\\/wein-werte.com\\\/de\\\/produkt\\\/la-soufrandiere-pouilly-vinzelles-climat-les-quarts-zen-2021-1500ml\\\/#breadcrumb\"},\"inLanguage\":\"de\",\"potentialAction\":[{\"@type\":\"ReadAction\",\"target\":[\"https:\\\/\\\/wein-werte.com\\\/de\\\/produkt\\\/la-soufrandiere-pouilly-vinzelles-climat-les-quarts-zen-2021-1500ml\\\/\"]}]},{\"@type\":\"ImageObject\",\"inLanguage\":\"de\",\"@id\":\"https:\\\/\\\/wein-werte.com\\\/de\\\/produkt\\\/la-soufrandiere-pouilly-vinzelles-climat-les-quarts-zen-2021-1500ml\\\/#primaryimage\",\"url\":\"https:\\\/\\\/wein-werte.com\\\/wp-content\\\/uploads\\\/2026\\\/04\\\/La-Soufrandiere-Pouilly-Vinzelles-Climat-Les-Quarts-Zen-2021-1500ml.png\",\"contentUrl\":\"https:\\\/\\\/wein-werte.com\\\/wp-content\\\/uploads\\\/2026\\\/04\\\/La-Soufrandiere-Pouilly-Vinzelles-Climat-Les-Quarts-Zen-2021-1500ml.png\",\"width\":353,\"height\":1200,\"caption\":\"La Soufrandi\u00e8re Pouilly-Vinzelles Climat \\\"Les Quarts\\\" Zen AOC 2021 1500ml\"},{\"@type\":\"BreadcrumbList\",\"@id\":\"https:\\\/\\\/wein-werte.com\\\/de\\\/produkt\\\/la-soufrandiere-pouilly-vinzelles-climat-les-quarts-zen-2021-1500ml\\\/#breadcrumb\",\"itemListElement\":[{\"@type\":\"ListItem\",\"position\":1,\"name\":\"Home\",\"item\":\"https:\\\/\\\/wein-werte.com\\\/de\\\/\"},{\"@type\":\"ListItem\",\"position\":2,\"name\":\"Shop\",\"item\":\"https:\\\/\\\/wein-werte.com\\\/de\\\/shop\\\/\"},{\"@type\":\"ListItem\",\"position\":3,\"name\":\"La Soufrandi\u00e8re | Burgund | Pouilly-Vinzelles Climat &#8220;Les Quarts&#8221; Zen AOC | 2021 | 1500ml | bio\"}]},{\"@type\":\"WebSite\",\"@id\":\"https:\\\/\\\/wein-werte.com\\\/de\\\/#website\",\"url\":\"https:\\\/\\\/wein-werte.com\\\/de\\\/\",\"name\":\"Wein Werte\",\"description\":\"\",\"publisher\":{\"@id\":\"https:\\\/\\\/wein-werte.com\\\/de\\\/#organization\"},\"potentialAction\":[{\"@type\":\"SearchAction\",\"target\":{\"@type\":\"EntryPoint\",\"urlTemplate\":\"https:\\\/\\\/wein-werte.com\\\/de\\\/?s={search_term_string}\"},\"query-input\":{\"@type\":\"PropertyValueSpecification\",\"valueRequired\":true,\"valueName\":\"search_term_string\"}}],\"inLanguage\":\"de\"},{\"@type\":\"Organization\",\"@id\":\"https:\\\/\\\/wein-werte.com\\\/de\\\/#organization\",\"name\":\"Vins Fins Thorrold\",\"url\":\"https:\\\/\\\/wein-werte.com\\\/de\\\/\",\"logo\":{\"@type\":\"ImageObject\",\"inLanguage\":\"de\",\"@id\":\"https:\\\/\\\/wein-werte.com\\\/de\\\/#\\\/schema\\\/logo\\\/image\\\/\",\"url\":\"https:\\\/\\\/wein-werte.com\\\/wp-content\\\/uploads\\\/2023\\\/07\\\/Wein_werte_Logo700-1.png\",\"contentUrl\":\"https:\\\/\\\/wein-werte.com\\\/wp-content\\\/uploads\\\/2023\\\/07\\\/Wein_werte_Logo700-1.png\",\"width\":700,\"height\":272,\"caption\":\"Vins Fins Thorrold\"},\"image\":{\"@id\":\"https:\\\/\\\/wein-werte.com\\\/de\\\/#\\\/schema\\\/logo\\\/image\\\/\"}}]}<\/script>\n<!-- \/ Yoast SEO plugin. -->","yoast_head_json":{"title":"La Soufrandi\u00e8re Pouilly-Vinzelles Climat \"Les Quarts\" Zen 2021, 1500ml","description":"Kaufe La Soufrandi\u00e8re Pouilly-Vinzelles Climat \"Les Quarts\" Zen 2021 (Chardonnay, trocken aus Burgund, Frankreich) bei Wein Werte, Ihrem nachhaltigen Onlineshop.","robots":{"index":"index","follow":"follow","max-snippet":"max-snippet:-1","max-image-preview":"max-image-preview:large","max-video-preview":"max-video-preview:-1"},"canonical":"https:\/\/wein-werte.com\/de\/produkt\/la-soufrandiere-pouilly-vinzelles-climat-les-quarts-zen-2021-1500ml\/","og_locale":"de_DE","og_type":"article","og_title":"La Soufrandi\u00e8re Pouilly-Vinzelles Climat \"Les Quarts\" Zen 2021, 1500ml","og_description":"Kaufe La Soufrandi\u00e8re Pouilly-Vinzelles Climat \"Les Quarts\" Zen 2021 (Chardonnay, trocken aus Burgund, Frankreich) bei Wein Werte, Ihrem nachhaltigen Onlineshop.","og_url":"https:\/\/wein-werte.com\/de\/produkt\/la-soufrandiere-pouilly-vinzelles-climat-les-quarts-zen-2021-1500ml\/","og_site_name":"Wein Werte","og_image":[{"width":353,"height":1200,"url":"https:\/\/wein-werte.com\/wp-content\/uploads\/2026\/04\/La-Soufrandiere-Pouilly-Vinzelles-Climat-Les-Quarts-Zen-2021-1500ml.png","type":"image\/png"}],"twitter_card":"summary_large_image","twitter_misc":{"Gesch\u00e4tzte Lesezeit":"2\u00a0Minuten"},"schema":{"@context":"https:\/\/schema.org","@graph":[{"@type":"WebPage","@id":"https:\/\/wein-werte.com\/de\/produkt\/la-soufrandiere-pouilly-vinzelles-climat-les-quarts-zen-2021-1500ml\/","url":"https:\/\/wein-werte.com\/de\/produkt\/la-soufrandiere-pouilly-vinzelles-climat-les-quarts-zen-2021-1500ml\/","name":"La Soufrandi\u00e8re Pouilly-Vinzelles Climat \"Les Quarts\" Zen 2021, 1500ml","isPartOf":{"@id":"https:\/\/wein-werte.com\/de\/#website"},"primaryImageOfPage":{"@id":"https:\/\/wein-werte.com\/de\/produkt\/la-soufrandiere-pouilly-vinzelles-climat-les-quarts-zen-2021-1500ml\/#primaryimage"},"image":{"@id":"https:\/\/wein-werte.com\/de\/produkt\/la-soufrandiere-pouilly-vinzelles-climat-les-quarts-zen-2021-1500ml\/#primaryimage"},"thumbnailUrl":"https:\/\/wein-werte.com\/wp-content\/uploads\/2026\/04\/La-Soufrandiere-Pouilly-Vinzelles-Climat-Les-Quarts-Zen-2021-1500ml.png","datePublished":"2026-05-05T16:31:27+00:00","description":"Kaufe La Soufrandi\u00e8re Pouilly-Vinzelles Climat \"Les Quarts\" Zen 2021 (Chardonnay, trocken aus Burgund, Frankreich) bei Wein Werte, Ihrem nachhaltigen Onlineshop.","breadcrumb":{"@id":"https:\/\/wein-werte.com\/de\/produkt\/la-soufrandiere-pouilly-vinzelles-climat-les-quarts-zen-2021-1500ml\/#breadcrumb"},"inLanguage":"de","potentialAction":[{"@type":"ReadAction","target":["https:\/\/wein-werte.com\/de\/produkt\/la-soufrandiere-pouilly-vinzelles-climat-les-quarts-zen-2021-1500ml\/"]}]},{"@type":"ImageObject","inLanguage":"de","@id":"https:\/\/wein-werte.com\/de\/produkt\/la-soufrandiere-pouilly-vinzelles-climat-les-quarts-zen-2021-1500ml\/#primaryimage","url":"https:\/\/wein-werte.com\/wp-content\/uploads\/2026\/04\/La-Soufrandiere-Pouilly-Vinzelles-Climat-Les-Quarts-Zen-2021-1500ml.png","contentUrl":"https:\/\/wein-werte.com\/wp-content\/uploads\/2026\/04\/La-Soufrandiere-Pouilly-Vinzelles-Climat-Les-Quarts-Zen-2021-1500ml.png","width":353,"height":1200,"caption":"La Soufrandi\u00e8re Pouilly-Vinzelles Climat \"Les Quarts\" Zen AOC 2021 1500ml"},{"@type":"BreadcrumbList","@id":"https:\/\/wein-werte.com\/de\/produkt\/la-soufrandiere-pouilly-vinzelles-climat-les-quarts-zen-2021-1500ml\/#breadcrumb","itemListElement":[{"@type":"ListItem","position":1,"name":"Home","item":"https:\/\/wein-werte.com\/de\/"},{"@type":"ListItem","position":2,"name":"Shop","item":"https:\/\/wein-werte.com\/de\/shop\/"},{"@type":"ListItem","position":3,"name":"La Soufrandi\u00e8re | Burgund | Pouilly-Vinzelles Climat &#8220;Les Quarts&#8221; Zen AOC | 2021 | 1500ml | bio"}]},{"@type":"WebSite","@id":"https:\/\/wein-werte.com\/de\/#website","url":"https:\/\/wein-werte.com\/de\/","name":"Wein Werte","description":"","publisher":{"@id":"https:\/\/wein-werte.com\/de\/#organization"},"potentialAction":[{"@type":"SearchAction","target":{"@type":"EntryPoint","urlTemplate":"https:\/\/wein-werte.com\/de\/?s={search_term_string}"},"query-input":{"@type":"PropertyValueSpecification","valueRequired":true,"valueName":"search_term_string"}}],"inLanguage":"de"},{"@type":"Organization","@id":"https:\/\/wein-werte.com\/de\/#organization","name":"Vins Fins Thorrold","url":"https:\/\/wein-werte.com\/de\/","logo":{"@type":"ImageObject","inLanguage":"de","@id":"https:\/\/wein-werte.com\/de\/#\/schema\/logo\/image\/","url":"https:\/\/wein-werte.com\/wp-content\/uploads\/2023\/07\/Wein_werte_Logo700-1.png","contentUrl":"https:\/\/wein-werte.com\/wp-content\/uploads\/2023\/07\/Wein_werte_Logo700-1.png","width":700,"height":272,"caption":"Vins Fins Thorrold"},"image":{"@id":"https:\/\/wein-werte.com\/de\/#\/schema\/logo\/image\/"}}]}},"_links":{"self":[{"href":"https:\/\/wein-werte.com\/de\/wp-json\/wp\/v2\/product\/1134565","targetHints":{"allow":["GET"]}}],"collection":[{"href":"https:\/\/wein-werte.com\/de\/wp-json\/wp\/v2\/product"}],"about":[{"href":"https:\/\/wein-werte.com\/de\/wp-json\/wp\/v2\/types\/product"}],"wp:featuredmedia":[{"embeddable":true,"href":"https:\/\/wein-werte.com\/de\/wp-json\/wp\/v2\/media\/1144734"}],"wp:attachment":[{"href":"https:\/\/wein-werte.com\/de\/wp-json\/wp\/v2\/media?parent=1134565"}],"wp:term":[{"taxonomy":"product_brand","embeddable":true,"href":"https:\/\/wein-werte.com\/de\/wp-json\/wp\/v2\/product_brand?post=1134565"},{"taxonomy":"product_cat","embeddable":true,"href":"https:\/\/wein-werte.com\/de\/wp-json\/wp\/v2\/product_cat?post=1134565"},{"taxonomy":"product_tag","embeddable":true,"href":"https:\/\/wein-werte.com\/de\/wp-json\/wp\/v2\/product_tag?post=1134565"}],"curies":[{"name":"wp","href":"https:\/\/api.w.org\/{rel}","templated":true}]}}