{"id":1134553,"date":"2026-05-08T20:08:03","date_gmt":"2026-05-08T18:08:03","guid":{"rendered":"https:\/\/wein-werte.com\/product\/la-soufrandiere-pouilly-vinzelles-climat-les-longeays-2021-750ml\/"},"modified":"2026-04-27T12:02:42","modified_gmt":"2026-04-27T10:02:42","slug":"la-soufrandiere-pouilly-vinzelles-climat-les-longeays-2021-750ml","status":"publish","type":"product","link":"https:\/\/wein-werte.com\/de\/produkt\/la-soufrandiere-pouilly-vinzelles-climat-les-longeays-2021-750ml\/","title":{"rendered":"La Soufrandi\u00e8re | Burgund | Pouilly-Vinzelles Climat &#8220;Les Longeays&#8221; AOC | 2021 | 750ml | bio"},"content":{"rendered":"<p>Produktbeschreibung f\u00fcr La Soufrandi\u00e8re Pouilly-Vinzelles Climat &#8220;Les Longeays&#8221; AOC 2021 (bio) <\/p>\n<h5>Informationen zum Wein<\/h5>\n<p> Die Bret-Br\u00fcder besitzen im Climat Les Longeays in der Appellation Pouilly-Vinzelles 0,54 Hektar. Der traumhaft gelegene Weinberg liegt auf 210 Metern H\u00f6he direkt neben Les Quarts in S\u00fcds\u00fcdost-Ausrichtung und verf\u00fcgt \u00fcber 38 Jahre alte Chardonnay-Reben auf teils eisenhaltigem Lehm- und Kalkboden aus den Bajocium (Jura). Es sind langlebige, ausgewogene Weine, die dort entstehen. Handlese am 22. September 2021, Ganztraubenpressung und Spontanverg\u00e4rung, danach Ausbau \u00fcber 17 Monate, zun\u00e4chst in Pi\u00e8ces f\u00fcr elf Monate und dann in Fudern mit 100-%iger malolaktischer G\u00e4rung. Der Gesamtschwefel betr\u00e4gt 34 mg\/l je nach Fass. Der pH-Wert liegt bei 3,16. <\/p>\n<h5>Farbe<\/h5>\n<p> intensives Strohgelb <\/p>\n<h5>Nase<\/h5>\n<p> Die Lage Pouilly-Vinzelles Les Longeays hat den Ruf, balancierte und langlebige Chardonnays hervorzubringen. Zumindest Ersteres meint man im Duft schon erahnen zu k\u00f6nnen. Der Wein verbindet lebendige helle und zitrische Noten mit reifen gelben Pflaumen und wei\u00dffleischigen Pfirsichen. Dazu wird die Frucht begleitet von ein wenig Jasmin, Baumrinde, Blattwerk und Gestein. <\/p>\n<h5>Gaumen<\/h5>\n<p> Am Gaumen kann man beim Pouilly-Vinzelles \u00c4hnliches konstatieren. Auch hier bildet sich eine angenehme Balance aus heller und druckvoller zitrischer Frucht und S\u00e4ure, feiner, leicht hefiger Cremigkeit, etwas Widerstand durch einen feinen Gerbstoff und ordentlich Salz im Finale. Der Chardonnay besitzt eine sehr gute L\u00e4nge und Intensit\u00e4t, wobei die elegante feinporige Textur bis ins Finale pr\u00e4sent bleibt.<\/p>\n<p>Copyright Vinaturel 2025<\/p>\n<p>Keywords: <a href=\"https:\/\/wein-werte.com\/de\/shop\/?swoof=1&#038;pa_producer=La-Soufrandi\u00e8re\">La Soufrandi\u00e8re<\/a> <a href=\"https:\/\/wein-werte.com\/de\/shop\/?swoof=1&#038;woof_text=Pouilly-Vinzelles Climat \"Les Longeays\" AOC\">Pouilly-Vinzelles Climat &#8220;Les Longeays&#8221; AOC<\/a> 2021 bio <a href=\"https:\/\/wein-werte.com\/de\/shop\/?swoof=1&#038;pa_region=Burgund\">Burgund<\/a> <a href=\"https:\/\/wein-werte.com\/de\/shop\/?swoof=1&#038;pa_country=Frankreich\">Frankreich<\/a><\/p>\n<h3>Vinous<\/h3>\n<p>Punkte: 92<\/p>\n<p>Der 2021er Pouilly-Vinzelles Climat Les Longeays, eine Parzelle, die dem Gro\u00dfvater v\u00e4terlicherseits der Brets geh\u00f6rte, liegt auf lehmigeren B\u00f6den als andere Cuv\u00e9es und reifte ein Jahr im Fass und dann sechs Monate im Tank. Er hat eine ausdrucksstarke und lebendige Nase mit Aromen von Limette, gr\u00fcnem Apfel, zersto\u00dfenem Stein und subtilen Orangenschalen. Am Gaumen ist er gut ausgewogen mit feiner S\u00e4ure, straff und linear, lebendig mit einem salzigen Abgang. Anfangs etwas s\u00e4uerlich, aber mit zunehmender Entfaltung im Glas anregender. Gutes Potenzial. \u2013 Neal Martin<br \/>Trinkzeitraum: 2024\u20132038<br \/>Testdatum: August 2023<\/p>\n<p>Internetseite des Weinguts: <a href=\"https:\/\/www.bretbrothers.com\/lasoufrandiere.php\" target=\"_blank\">https:\/\/www.bretbrothers.com\/lasoufrandiere.php<\/a><\/p>\n","protected":false},"excerpt":{"rendered":"<p>Lieferzeit: 1 bis 2 Arbeitstage (DE), 2 bis 5 Arbeitstage (EU and CH)<\/p>\n","protected":false},"featured_media":1144724,"template":"","meta":[],"product_brand":[],"product_cat":[19],"product_tag":[],"class_list":{"0":"post-1134553","1":"product","2":"type-product","3":"status-publish","4":"has-post-thumbnail","6":"product_cat-unkategorisiert","7":"pa_alcohol-for-filter-12-5","8":"pa_certified-biodynamic-ja-de","9":"pa_certified-organic-ja-de","10":"pa_colour-weiss","11":"pa_country-frankreich","12":"pa_grape-chardonnay","13":"pa_price-for-filter-10626","14":"pa_producer-la-soufrandiere","15":"pa_region-burgund","16":"pa_size-ml-6584","17":"pa_sweetness-trocken-de","18":"pa_type-2-still-de","19":"pa_vinous-points-for-filter-20029","20":"pa_vintage-2021-de","21":"entry","22":"has-media","24":"first","25":"instock","26":"taxable","27":"shipping-taxable","28":"purchasable","29":"product-type-simple"},"yoast_head":"<!-- This site is optimized with the Yoast SEO plugin v27.5 - https:\/\/yoast.com\/product\/yoast-seo-wordpress\/ -->\n<title>La Soufrandi\u00e8re Pouilly-Vinzelles Climat &quot;Les Longeays&quot; 2021<\/title>\n<meta name=\"description\" content=\"Kaufe La Soufrandi\u00e8re Pouilly-Vinzelles Climat &quot;Les Longeays&quot; 2021 (Chardonnay, trocken aus Burgund, Frankreich) bei Wein Werte, Ihrem nachhaltigen Onlineshop.\" \/>\n<meta name=\"robots\" content=\"index, follow, max-snippet:-1, max-image-preview:large, max-video-preview:-1\" \/>\n<link rel=\"canonical\" href=\"https:\/\/wein-werte.com\/de\/produkt\/la-soufrandiere-pouilly-vinzelles-climat-les-longeays-2021-750ml\/\" \/>\n<meta property=\"og:locale\" content=\"de_DE\" \/>\n<meta property=\"og:type\" content=\"article\" \/>\n<meta property=\"og:title\" content=\"La Soufrandi\u00e8re Pouilly-Vinzelles Climat &quot;Les Longeays&quot; 2021\" \/>\n<meta property=\"og:description\" content=\"Kaufe La Soufrandi\u00e8re Pouilly-Vinzelles Climat &quot;Les Longeays&quot; 2021 (Chardonnay, trocken aus Burgund, Frankreich) bei Wein Werte, Ihrem nachhaltigen Onlineshop.\" \/>\n<meta property=\"og:url\" content=\"https:\/\/wein-werte.com\/de\/produkt\/la-soufrandiere-pouilly-vinzelles-climat-les-longeays-2021-750ml\/\" \/>\n<meta property=\"og:site_name\" content=\"Wein Werte\" \/>\n<meta property=\"og:image\" content=\"https:\/\/wein-werte.com\/wp-content\/uploads\/2026\/04\/La-Soufrandiere-Pouilly-Vinzelles-Climat-Les-Longeays-2021-750ml.png\" \/>\n\t<meta property=\"og:image:width\" content=\"348\" \/>\n\t<meta property=\"og:image:height\" content=\"1200\" \/>\n\t<meta property=\"og:image:type\" content=\"image\/png\" \/>\n<meta name=\"twitter:card\" content=\"summary_large_image\" \/>\n<meta name=\"twitter:label1\" content=\"Gesch\u00e4tzte Lesezeit\" \/>\n\t<meta name=\"twitter:data1\" content=\"2\u00a0Minuten\" \/>\n<script type=\"application\/ld+json\" class=\"yoast-schema-graph\">{\"@context\":\"https:\\\/\\\/schema.org\",\"@graph\":[{\"@type\":\"WebPage\",\"@id\":\"https:\\\/\\\/wein-werte.com\\\/de\\\/produkt\\\/la-soufrandiere-pouilly-vinzelles-climat-les-longeays-2021-750ml\\\/\",\"url\":\"https:\\\/\\\/wein-werte.com\\\/de\\\/produkt\\\/la-soufrandiere-pouilly-vinzelles-climat-les-longeays-2021-750ml\\\/\",\"name\":\"La Soufrandi\u00e8re Pouilly-Vinzelles Climat \\\"Les Longeays\\\" 2021\",\"isPartOf\":{\"@id\":\"https:\\\/\\\/wein-werte.com\\\/de\\\/#website\"},\"primaryImageOfPage\":{\"@id\":\"https:\\\/\\\/wein-werte.com\\\/de\\\/produkt\\\/la-soufrandiere-pouilly-vinzelles-climat-les-longeays-2021-750ml\\\/#primaryimage\"},\"image\":{\"@id\":\"https:\\\/\\\/wein-werte.com\\\/de\\\/produkt\\\/la-soufrandiere-pouilly-vinzelles-climat-les-longeays-2021-750ml\\\/#primaryimage\"},\"thumbnailUrl\":\"https:\\\/\\\/wein-werte.com\\\/wp-content\\\/uploads\\\/2026\\\/04\\\/La-Soufrandiere-Pouilly-Vinzelles-Climat-Les-Longeays-2021-750ml.png\",\"datePublished\":\"2026-05-08T18:08:03+00:00\",\"description\":\"Kaufe La Soufrandi\u00e8re Pouilly-Vinzelles Climat \\\"Les Longeays\\\" 2021 (Chardonnay, trocken aus Burgund, Frankreich) bei Wein Werte, Ihrem nachhaltigen Onlineshop.\",\"breadcrumb\":{\"@id\":\"https:\\\/\\\/wein-werte.com\\\/de\\\/produkt\\\/la-soufrandiere-pouilly-vinzelles-climat-les-longeays-2021-750ml\\\/#breadcrumb\"},\"inLanguage\":\"de\",\"potentialAction\":[{\"@type\":\"ReadAction\",\"target\":[\"https:\\\/\\\/wein-werte.com\\\/de\\\/produkt\\\/la-soufrandiere-pouilly-vinzelles-climat-les-longeays-2021-750ml\\\/\"]}]},{\"@type\":\"ImageObject\",\"inLanguage\":\"de\",\"@id\":\"https:\\\/\\\/wein-werte.com\\\/de\\\/produkt\\\/la-soufrandiere-pouilly-vinzelles-climat-les-longeays-2021-750ml\\\/#primaryimage\",\"url\":\"https:\\\/\\\/wein-werte.com\\\/wp-content\\\/uploads\\\/2026\\\/04\\\/La-Soufrandiere-Pouilly-Vinzelles-Climat-Les-Longeays-2021-750ml.png\",\"contentUrl\":\"https:\\\/\\\/wein-werte.com\\\/wp-content\\\/uploads\\\/2026\\\/04\\\/La-Soufrandiere-Pouilly-Vinzelles-Climat-Les-Longeays-2021-750ml.png\",\"width\":348,\"height\":1200,\"caption\":\"La Soufrandi\u00e8re Pouilly-Vinzelles Climat \\\"Les Longeays\\\" AOC 2021 750ml\"},{\"@type\":\"BreadcrumbList\",\"@id\":\"https:\\\/\\\/wein-werte.com\\\/de\\\/produkt\\\/la-soufrandiere-pouilly-vinzelles-climat-les-longeays-2021-750ml\\\/#breadcrumb\",\"itemListElement\":[{\"@type\":\"ListItem\",\"position\":1,\"name\":\"Home\",\"item\":\"https:\\\/\\\/wein-werte.com\\\/de\\\/\"},{\"@type\":\"ListItem\",\"position\":2,\"name\":\"Shop\",\"item\":\"https:\\\/\\\/wein-werte.com\\\/de\\\/shop\\\/\"},{\"@type\":\"ListItem\",\"position\":3,\"name\":\"La Soufrandi\u00e8re | Burgund | Pouilly-Vinzelles Climat &#8220;Les Longeays&#8221; AOC | 2021 | 750ml | bio\"}]},{\"@type\":\"WebSite\",\"@id\":\"https:\\\/\\\/wein-werte.com\\\/de\\\/#website\",\"url\":\"https:\\\/\\\/wein-werte.com\\\/de\\\/\",\"name\":\"Wein Werte\",\"description\":\"\",\"publisher\":{\"@id\":\"https:\\\/\\\/wein-werte.com\\\/de\\\/#organization\"},\"potentialAction\":[{\"@type\":\"SearchAction\",\"target\":{\"@type\":\"EntryPoint\",\"urlTemplate\":\"https:\\\/\\\/wein-werte.com\\\/de\\\/?s={search_term_string}\"},\"query-input\":{\"@type\":\"PropertyValueSpecification\",\"valueRequired\":true,\"valueName\":\"search_term_string\"}}],\"inLanguage\":\"de\"},{\"@type\":\"Organization\",\"@id\":\"https:\\\/\\\/wein-werte.com\\\/de\\\/#organization\",\"name\":\"Vins Fins Thorrold\",\"url\":\"https:\\\/\\\/wein-werte.com\\\/de\\\/\",\"logo\":{\"@type\":\"ImageObject\",\"inLanguage\":\"de\",\"@id\":\"https:\\\/\\\/wein-werte.com\\\/de\\\/#\\\/schema\\\/logo\\\/image\\\/\",\"url\":\"https:\\\/\\\/wein-werte.com\\\/wp-content\\\/uploads\\\/2023\\\/07\\\/Wein_werte_Logo700-1.png\",\"contentUrl\":\"https:\\\/\\\/wein-werte.com\\\/wp-content\\\/uploads\\\/2023\\\/07\\\/Wein_werte_Logo700-1.png\",\"width\":700,\"height\":272,\"caption\":\"Vins Fins Thorrold\"},\"image\":{\"@id\":\"https:\\\/\\\/wein-werte.com\\\/de\\\/#\\\/schema\\\/logo\\\/image\\\/\"}}]}<\/script>\n<!-- \/ Yoast SEO plugin. -->","yoast_head_json":{"title":"La Soufrandi\u00e8re Pouilly-Vinzelles Climat \"Les Longeays\" 2021","description":"Kaufe La Soufrandi\u00e8re Pouilly-Vinzelles Climat \"Les Longeays\" 2021 (Chardonnay, trocken aus Burgund, Frankreich) bei Wein Werte, Ihrem nachhaltigen Onlineshop.","robots":{"index":"index","follow":"follow","max-snippet":"max-snippet:-1","max-image-preview":"max-image-preview:large","max-video-preview":"max-video-preview:-1"},"canonical":"https:\/\/wein-werte.com\/de\/produkt\/la-soufrandiere-pouilly-vinzelles-climat-les-longeays-2021-750ml\/","og_locale":"de_DE","og_type":"article","og_title":"La Soufrandi\u00e8re Pouilly-Vinzelles Climat \"Les Longeays\" 2021","og_description":"Kaufe La Soufrandi\u00e8re Pouilly-Vinzelles Climat \"Les Longeays\" 2021 (Chardonnay, trocken aus Burgund, Frankreich) bei Wein Werte, Ihrem nachhaltigen Onlineshop.","og_url":"https:\/\/wein-werte.com\/de\/produkt\/la-soufrandiere-pouilly-vinzelles-climat-les-longeays-2021-750ml\/","og_site_name":"Wein Werte","og_image":[{"width":348,"height":1200,"url":"https:\/\/wein-werte.com\/wp-content\/uploads\/2026\/04\/La-Soufrandiere-Pouilly-Vinzelles-Climat-Les-Longeays-2021-750ml.png","type":"image\/png"}],"twitter_card":"summary_large_image","twitter_misc":{"Gesch\u00e4tzte Lesezeit":"2\u00a0Minuten"},"schema":{"@context":"https:\/\/schema.org","@graph":[{"@type":"WebPage","@id":"https:\/\/wein-werte.com\/de\/produkt\/la-soufrandiere-pouilly-vinzelles-climat-les-longeays-2021-750ml\/","url":"https:\/\/wein-werte.com\/de\/produkt\/la-soufrandiere-pouilly-vinzelles-climat-les-longeays-2021-750ml\/","name":"La Soufrandi\u00e8re Pouilly-Vinzelles Climat \"Les Longeays\" 2021","isPartOf":{"@id":"https:\/\/wein-werte.com\/de\/#website"},"primaryImageOfPage":{"@id":"https:\/\/wein-werte.com\/de\/produkt\/la-soufrandiere-pouilly-vinzelles-climat-les-longeays-2021-750ml\/#primaryimage"},"image":{"@id":"https:\/\/wein-werte.com\/de\/produkt\/la-soufrandiere-pouilly-vinzelles-climat-les-longeays-2021-750ml\/#primaryimage"},"thumbnailUrl":"https:\/\/wein-werte.com\/wp-content\/uploads\/2026\/04\/La-Soufrandiere-Pouilly-Vinzelles-Climat-Les-Longeays-2021-750ml.png","datePublished":"2026-05-08T18:08:03+00:00","description":"Kaufe La Soufrandi\u00e8re Pouilly-Vinzelles Climat \"Les Longeays\" 2021 (Chardonnay, trocken aus Burgund, Frankreich) bei Wein Werte, Ihrem nachhaltigen Onlineshop.","breadcrumb":{"@id":"https:\/\/wein-werte.com\/de\/produkt\/la-soufrandiere-pouilly-vinzelles-climat-les-longeays-2021-750ml\/#breadcrumb"},"inLanguage":"de","potentialAction":[{"@type":"ReadAction","target":["https:\/\/wein-werte.com\/de\/produkt\/la-soufrandiere-pouilly-vinzelles-climat-les-longeays-2021-750ml\/"]}]},{"@type":"ImageObject","inLanguage":"de","@id":"https:\/\/wein-werte.com\/de\/produkt\/la-soufrandiere-pouilly-vinzelles-climat-les-longeays-2021-750ml\/#primaryimage","url":"https:\/\/wein-werte.com\/wp-content\/uploads\/2026\/04\/La-Soufrandiere-Pouilly-Vinzelles-Climat-Les-Longeays-2021-750ml.png","contentUrl":"https:\/\/wein-werte.com\/wp-content\/uploads\/2026\/04\/La-Soufrandiere-Pouilly-Vinzelles-Climat-Les-Longeays-2021-750ml.png","width":348,"height":1200,"caption":"La Soufrandi\u00e8re Pouilly-Vinzelles Climat \"Les Longeays\" AOC 2021 750ml"},{"@type":"BreadcrumbList","@id":"https:\/\/wein-werte.com\/de\/produkt\/la-soufrandiere-pouilly-vinzelles-climat-les-longeays-2021-750ml\/#breadcrumb","itemListElement":[{"@type":"ListItem","position":1,"name":"Home","item":"https:\/\/wein-werte.com\/de\/"},{"@type":"ListItem","position":2,"name":"Shop","item":"https:\/\/wein-werte.com\/de\/shop\/"},{"@type":"ListItem","position":3,"name":"La Soufrandi\u00e8re | Burgund | Pouilly-Vinzelles Climat &#8220;Les Longeays&#8221; AOC | 2021 | 750ml | bio"}]},{"@type":"WebSite","@id":"https:\/\/wein-werte.com\/de\/#website","url":"https:\/\/wein-werte.com\/de\/","name":"Wein Werte","description":"","publisher":{"@id":"https:\/\/wein-werte.com\/de\/#organization"},"potentialAction":[{"@type":"SearchAction","target":{"@type":"EntryPoint","urlTemplate":"https:\/\/wein-werte.com\/de\/?s={search_term_string}"},"query-input":{"@type":"PropertyValueSpecification","valueRequired":true,"valueName":"search_term_string"}}],"inLanguage":"de"},{"@type":"Organization","@id":"https:\/\/wein-werte.com\/de\/#organization","name":"Vins Fins Thorrold","url":"https:\/\/wein-werte.com\/de\/","logo":{"@type":"ImageObject","inLanguage":"de","@id":"https:\/\/wein-werte.com\/de\/#\/schema\/logo\/image\/","url":"https:\/\/wein-werte.com\/wp-content\/uploads\/2023\/07\/Wein_werte_Logo700-1.png","contentUrl":"https:\/\/wein-werte.com\/wp-content\/uploads\/2023\/07\/Wein_werte_Logo700-1.png","width":700,"height":272,"caption":"Vins Fins Thorrold"},"image":{"@id":"https:\/\/wein-werte.com\/de\/#\/schema\/logo\/image\/"}}]}},"_links":{"self":[{"href":"https:\/\/wein-werte.com\/de\/wp-json\/wp\/v2\/product\/1134553","targetHints":{"allow":["GET"]}}],"collection":[{"href":"https:\/\/wein-werte.com\/de\/wp-json\/wp\/v2\/product"}],"about":[{"href":"https:\/\/wein-werte.com\/de\/wp-json\/wp\/v2\/types\/product"}],"wp:featuredmedia":[{"embeddable":true,"href":"https:\/\/wein-werte.com\/de\/wp-json\/wp\/v2\/media\/1144724"}],"wp:attachment":[{"href":"https:\/\/wein-werte.com\/de\/wp-json\/wp\/v2\/media?parent=1134553"}],"wp:term":[{"taxonomy":"product_brand","embeddable":true,"href":"https:\/\/wein-werte.com\/de\/wp-json\/wp\/v2\/product_brand?post=1134553"},{"taxonomy":"product_cat","embeddable":true,"href":"https:\/\/wein-werte.com\/de\/wp-json\/wp\/v2\/product_cat?post=1134553"},{"taxonomy":"product_tag","embeddable":true,"href":"https:\/\/wein-werte.com\/de\/wp-json\/wp\/v2\/product_tag?post=1134553"}],"curies":[{"name":"wp","href":"https:\/\/api.w.org\/{rel}","templated":true}]}}