{"id":1134539,"date":"2026-05-08T20:08:02","date_gmt":"2026-05-08T18:08:02","guid":{"rendered":"https:\/\/wein-werte.com\/product\/la-soufrandiere-saint-veran-climate-la-bonnode-ovoide-zen-2021-750ml\/"},"modified":"2026-04-27T12:02:40","modified_gmt":"2026-04-27T10:02:40","slug":"la-soufrandiere-saint-veran-climate-la-bonnode-ovoide-zen-2021-750ml","status":"publish","type":"product","link":"https:\/\/wein-werte.com\/de\/produkt\/la-soufrandiere-saint-veran-climate-la-bonnode-ovoide-zen-2021-750ml\/","title":{"rendered":"La Soufrandi\u00e8re | Burgund | Saint-V\u00e9ran Climate &#8220;La Bonnode&#8221; Ovoide Zen AOC | 2021 | 750ml | bio"},"content":{"rendered":"<p>Produktbeschreibung f\u00fcr La Soufrandi\u00e8re Saint-V\u00e9ran Climate &#8220;La Bonnode&#8221; Ovoide Zen AOC 2021 (bio) <\/p>\n<h5>Informationen zum Wein<\/h5>\n<p> Die Bret-Br\u00fcder bewirtschaften eine lediglich zwei Hektar umfassende Parzelle im Climat \u00bbLa Bonnode\u00ab in Saint-V\u00e9ran. Sie liegt auf 250 Metern H\u00f6he und ist nach Osten ausgerichtet. Unterhalb des Roche de Vergisson liegend, ist sie gepr\u00e4gt von Lehm auf Kalkstein. Die Reben sind 35 Jahre alt. Geerntet wurde am 22. und 23. September 2021 per Handlese. Es folgte eine Ganztraubenpressung und dann die Spontanverg\u00e4rung. Danach wurde der Chardonnay \u00fcber 17 Monate zun\u00e4chst in einem Beton-Ei und nach der Assemblage in neutralen Cuves ausgebaut. Der Wein wurde erst vor der F\u00fcllung leicht geschwefelt. Der Gesamtschwefel liegt bei 29 mg\/l. Der Wein hat einen pH-Wert von 3,21. <\/p>\n<h5>Farbe<\/h5>\n<p> mittleres Strohgelb <\/p>\n<h5>Nase<\/h5>\n<p> Der 2021er La Bonnode Ovo\u00efde ist in diesem Jahr die dritte Variante der Lage La Bonnode. Dass es Sinn macht und durchaus ein Spa\u00df ist, die drei Weine nebeneinander zu probieren, zeigt der Chardonnay aus dem Beton-Ei noch einmal eindrucksvoll. In der Nase wirkt er etwas gr\u00fcner, mit etwas mehr Limette als Zitrone und auch gr\u00fcnem Apfel neben dem gelben Aspekt mit K\u00fcchenkr\u00e4utern und Reineclauden. Hinzu kommt eine kreidige Komponente. <\/p>\n<h5>Gaumen<\/h5>\n<p> Am Gaumen zeigt sich der Ovo\u00efde glockenklar, pr\u00e4zise und balanciert. Das Beton-Ei hat dem Wein eine andere Textur verliehen, die vielleicht an einen japanischen Wasserschleifstein erinnern mag. Der Chardonnay pr\u00e4sentiert sich hellgelb mit gr\u00fcnen Aspekten, viel Zitrusfrucht, aber auch etwas Kernobst. Die S\u00e4ure baut zum Finale hin immer mehr Druck auf und trifft dort auf die f\u00fcr die Weine der Brets so typische mundw\u00e4ssernde Salzigkeit.<\/p>\n<p>Copyright Vinaturel 2025<\/p>\n<p>Keywords: <a href=\"https:\/\/wein-werte.com\/de\/shop\/?swoof=1&#038;pa_producer=La-Soufrandi\u00e8re\">La Soufrandi\u00e8re<\/a> <a href=\"https:\/\/wein-werte.com\/de\/shop\/?swoof=1&#038;woof_text=Saint-V\u00e9ran Climate \"La Bonnode\" Ovoide Zen AOC\">Saint-V\u00e9ran Climate &#8220;La Bonnode&#8221; Ovoide Zen AOC<\/a> 2021 bio <a href=\"https:\/\/wein-werte.com\/de\/shop\/?swoof=1&#038;pa_region=Burgund\">Burgund<\/a> <a href=\"https:\/\/wein-werte.com\/de\/shop\/?swoof=1&#038;pa_country=Frankreich\">Frankreich<\/a><\/p>\n<p>Internetseite des Weinguts: <a href=\"https:\/\/www.bretbrothers.com\/lasoufrandiere.php\" target=\"_blank\">https:\/\/www.bretbrothers.com\/lasoufrandiere.php<\/a><\/p>\n","protected":false},"excerpt":{"rendered":"<p>Lieferzeit: 1 bis 2 Arbeitstage (DE), 2 bis 5 Arbeitstage (EU and CH)<\/p>\n","protected":false},"featured_media":1144712,"template":"","meta":[],"product_brand":[],"product_cat":[19],"product_tag":[],"class_list":{"0":"post-1134539","1":"product","2":"type-product","3":"status-publish","4":"has-post-thumbnail","6":"product_cat-unkategorisiert","7":"pa_alcohol-for-filter-12893","8":"pa_certified-biodynamic-ja-de","9":"pa_certified-organic-ja-de","10":"pa_colour-weiss","11":"pa_country-frankreich","12":"pa_grape-chardonnay","13":"pa_price-for-filter-10612","14":"pa_producer-la-soufrandiere","15":"pa_region-burgund","16":"pa_size-ml-6584","17":"pa_sweetness-trocken-de","18":"pa_type-2-still-de","19":"pa_vintage-2021-de","20":"entry","21":"has-media","23":"first","24":"instock","25":"taxable","26":"shipping-taxable","27":"purchasable","28":"product-type-simple"},"yoast_head":"<!-- This site is optimized with the Yoast SEO plugin v27.5 - https:\/\/yoast.com\/product\/yoast-seo-wordpress\/ -->\n<title>La Soufrandi\u00e8re Saint-V\u00e9ran Climate &quot;La Bonnode&quot; Ovoide Zen 2021<\/title>\n<meta name=\"description\" content=\"Kaufe La Soufrandi\u00e8re Saint-V\u00e9ran Climate &quot;La Bonnode&quot; Ovoide Zen 2021 (Chardonnay, trocken aus Burgund, Frankreich) bei Wein Werte, Ihrem nachhaltigen Onlineshop.\" \/>\n<meta name=\"robots\" content=\"index, follow, max-snippet:-1, max-image-preview:large, max-video-preview:-1\" \/>\n<link rel=\"canonical\" href=\"https:\/\/wein-werte.com\/de\/produkt\/la-soufrandiere-saint-veran-climate-la-bonnode-ovoide-zen-2021-750ml\/\" \/>\n<meta property=\"og:locale\" content=\"de_DE\" \/>\n<meta property=\"og:type\" content=\"article\" \/>\n<meta property=\"og:title\" content=\"La Soufrandi\u00e8re Saint-V\u00e9ran Climate &quot;La Bonnode&quot; Ovoide Zen 2021\" \/>\n<meta property=\"og:description\" content=\"Kaufe La Soufrandi\u00e8re Saint-V\u00e9ran Climate &quot;La Bonnode&quot; Ovoide Zen 2021 (Chardonnay, trocken aus Burgund, Frankreich) bei Wein Werte, Ihrem nachhaltigen Onlineshop.\" \/>\n<meta property=\"og:url\" content=\"https:\/\/wein-werte.com\/de\/produkt\/la-soufrandiere-saint-veran-climate-la-bonnode-ovoide-zen-2021-750ml\/\" \/>\n<meta property=\"og:site_name\" content=\"Wein Werte\" \/>\n<meta property=\"og:image\" content=\"https:\/\/wein-werte.com\/wp-content\/uploads\/2026\/04\/La-Soufrandiere-Saint-Veran-Climate-La-Bonnode-Ovoide-Zen-2021-750ml.png\" \/>\n\t<meta property=\"og:image:width\" content=\"348\" \/>\n\t<meta property=\"og:image:height\" content=\"1200\" \/>\n\t<meta property=\"og:image:type\" content=\"image\/png\" \/>\n<meta name=\"twitter:card\" content=\"summary_large_image\" \/>\n<meta name=\"twitter:label1\" content=\"Gesch\u00e4tzte Lesezeit\" \/>\n\t<meta name=\"twitter:data1\" content=\"2\u00a0Minuten\" \/>\n<script type=\"application\/ld+json\" class=\"yoast-schema-graph\">{\"@context\":\"https:\\\/\\\/schema.org\",\"@graph\":[{\"@type\":\"WebPage\",\"@id\":\"https:\\\/\\\/wein-werte.com\\\/de\\\/produkt\\\/la-soufrandiere-saint-veran-climate-la-bonnode-ovoide-zen-2021-750ml\\\/\",\"url\":\"https:\\\/\\\/wein-werte.com\\\/de\\\/produkt\\\/la-soufrandiere-saint-veran-climate-la-bonnode-ovoide-zen-2021-750ml\\\/\",\"name\":\"La Soufrandi\u00e8re Saint-V\u00e9ran Climate \\\"La Bonnode\\\" Ovoide Zen 2021\",\"isPartOf\":{\"@id\":\"https:\\\/\\\/wein-werte.com\\\/de\\\/#website\"},\"primaryImageOfPage\":{\"@id\":\"https:\\\/\\\/wein-werte.com\\\/de\\\/produkt\\\/la-soufrandiere-saint-veran-climate-la-bonnode-ovoide-zen-2021-750ml\\\/#primaryimage\"},\"image\":{\"@id\":\"https:\\\/\\\/wein-werte.com\\\/de\\\/produkt\\\/la-soufrandiere-saint-veran-climate-la-bonnode-ovoide-zen-2021-750ml\\\/#primaryimage\"},\"thumbnailUrl\":\"https:\\\/\\\/wein-werte.com\\\/wp-content\\\/uploads\\\/2026\\\/04\\\/La-Soufrandiere-Saint-Veran-Climate-La-Bonnode-Ovoide-Zen-2021-750ml.png\",\"datePublished\":\"2026-05-08T18:08:02+00:00\",\"description\":\"Kaufe La Soufrandi\u00e8re Saint-V\u00e9ran Climate \\\"La Bonnode\\\" Ovoide Zen 2021 (Chardonnay, trocken aus Burgund, Frankreich) bei Wein Werte, Ihrem nachhaltigen Onlineshop.\",\"breadcrumb\":{\"@id\":\"https:\\\/\\\/wein-werte.com\\\/de\\\/produkt\\\/la-soufrandiere-saint-veran-climate-la-bonnode-ovoide-zen-2021-750ml\\\/#breadcrumb\"},\"inLanguage\":\"de\",\"potentialAction\":[{\"@type\":\"ReadAction\",\"target\":[\"https:\\\/\\\/wein-werte.com\\\/de\\\/produkt\\\/la-soufrandiere-saint-veran-climate-la-bonnode-ovoide-zen-2021-750ml\\\/\"]}]},{\"@type\":\"ImageObject\",\"inLanguage\":\"de\",\"@id\":\"https:\\\/\\\/wein-werte.com\\\/de\\\/produkt\\\/la-soufrandiere-saint-veran-climate-la-bonnode-ovoide-zen-2021-750ml\\\/#primaryimage\",\"url\":\"https:\\\/\\\/wein-werte.com\\\/wp-content\\\/uploads\\\/2026\\\/04\\\/La-Soufrandiere-Saint-Veran-Climate-La-Bonnode-Ovoide-Zen-2021-750ml.png\",\"contentUrl\":\"https:\\\/\\\/wein-werte.com\\\/wp-content\\\/uploads\\\/2026\\\/04\\\/La-Soufrandiere-Saint-Veran-Climate-La-Bonnode-Ovoide-Zen-2021-750ml.png\",\"width\":348,\"height\":1200,\"caption\":\"La Soufrandi\u00e8re Saint-V\u00e9ran Climate \\\"La Bonnode\\\" Ovoide Zen AOC 2021 750ml\"},{\"@type\":\"BreadcrumbList\",\"@id\":\"https:\\\/\\\/wein-werte.com\\\/de\\\/produkt\\\/la-soufrandiere-saint-veran-climate-la-bonnode-ovoide-zen-2021-750ml\\\/#breadcrumb\",\"itemListElement\":[{\"@type\":\"ListItem\",\"position\":1,\"name\":\"Home\",\"item\":\"https:\\\/\\\/wein-werte.com\\\/de\\\/\"},{\"@type\":\"ListItem\",\"position\":2,\"name\":\"Shop\",\"item\":\"https:\\\/\\\/wein-werte.com\\\/de\\\/shop\\\/\"},{\"@type\":\"ListItem\",\"position\":3,\"name\":\"La Soufrandi\u00e8re | Burgund | Saint-V\u00e9ran Climate &#8220;La Bonnode&#8221; Ovoide Zen AOC | 2021 | 750ml | bio\"}]},{\"@type\":\"WebSite\",\"@id\":\"https:\\\/\\\/wein-werte.com\\\/de\\\/#website\",\"url\":\"https:\\\/\\\/wein-werte.com\\\/de\\\/\",\"name\":\"Wein Werte\",\"description\":\"\",\"publisher\":{\"@id\":\"https:\\\/\\\/wein-werte.com\\\/de\\\/#organization\"},\"potentialAction\":[{\"@type\":\"SearchAction\",\"target\":{\"@type\":\"EntryPoint\",\"urlTemplate\":\"https:\\\/\\\/wein-werte.com\\\/de\\\/?s={search_term_string}\"},\"query-input\":{\"@type\":\"PropertyValueSpecification\",\"valueRequired\":true,\"valueName\":\"search_term_string\"}}],\"inLanguage\":\"de\"},{\"@type\":\"Organization\",\"@id\":\"https:\\\/\\\/wein-werte.com\\\/de\\\/#organization\",\"name\":\"Vins Fins Thorrold\",\"url\":\"https:\\\/\\\/wein-werte.com\\\/de\\\/\",\"logo\":{\"@type\":\"ImageObject\",\"inLanguage\":\"de\",\"@id\":\"https:\\\/\\\/wein-werte.com\\\/de\\\/#\\\/schema\\\/logo\\\/image\\\/\",\"url\":\"https:\\\/\\\/wein-werte.com\\\/wp-content\\\/uploads\\\/2023\\\/07\\\/Wein_werte_Logo700-1.png\",\"contentUrl\":\"https:\\\/\\\/wein-werte.com\\\/wp-content\\\/uploads\\\/2023\\\/07\\\/Wein_werte_Logo700-1.png\",\"width\":700,\"height\":272,\"caption\":\"Vins Fins Thorrold\"},\"image\":{\"@id\":\"https:\\\/\\\/wein-werte.com\\\/de\\\/#\\\/schema\\\/logo\\\/image\\\/\"}}]}<\/script>\n<!-- \/ Yoast SEO plugin. -->","yoast_head_json":{"title":"La Soufrandi\u00e8re Saint-V\u00e9ran Climate \"La Bonnode\" Ovoide Zen 2021","description":"Kaufe La Soufrandi\u00e8re Saint-V\u00e9ran Climate \"La Bonnode\" Ovoide Zen 2021 (Chardonnay, trocken aus Burgund, Frankreich) bei Wein Werte, Ihrem nachhaltigen Onlineshop.","robots":{"index":"index","follow":"follow","max-snippet":"max-snippet:-1","max-image-preview":"max-image-preview:large","max-video-preview":"max-video-preview:-1"},"canonical":"https:\/\/wein-werte.com\/de\/produkt\/la-soufrandiere-saint-veran-climate-la-bonnode-ovoide-zen-2021-750ml\/","og_locale":"de_DE","og_type":"article","og_title":"La Soufrandi\u00e8re Saint-V\u00e9ran Climate \"La Bonnode\" Ovoide Zen 2021","og_description":"Kaufe La Soufrandi\u00e8re Saint-V\u00e9ran Climate \"La Bonnode\" Ovoide Zen 2021 (Chardonnay, trocken aus Burgund, Frankreich) bei Wein Werte, Ihrem nachhaltigen Onlineshop.","og_url":"https:\/\/wein-werte.com\/de\/produkt\/la-soufrandiere-saint-veran-climate-la-bonnode-ovoide-zen-2021-750ml\/","og_site_name":"Wein Werte","og_image":[{"width":348,"height":1200,"url":"https:\/\/wein-werte.com\/wp-content\/uploads\/2026\/04\/La-Soufrandiere-Saint-Veran-Climate-La-Bonnode-Ovoide-Zen-2021-750ml.png","type":"image\/png"}],"twitter_card":"summary_large_image","twitter_misc":{"Gesch\u00e4tzte Lesezeit":"2\u00a0Minuten"},"schema":{"@context":"https:\/\/schema.org","@graph":[{"@type":"WebPage","@id":"https:\/\/wein-werte.com\/de\/produkt\/la-soufrandiere-saint-veran-climate-la-bonnode-ovoide-zen-2021-750ml\/","url":"https:\/\/wein-werte.com\/de\/produkt\/la-soufrandiere-saint-veran-climate-la-bonnode-ovoide-zen-2021-750ml\/","name":"La Soufrandi\u00e8re Saint-V\u00e9ran Climate \"La Bonnode\" Ovoide Zen 2021","isPartOf":{"@id":"https:\/\/wein-werte.com\/de\/#website"},"primaryImageOfPage":{"@id":"https:\/\/wein-werte.com\/de\/produkt\/la-soufrandiere-saint-veran-climate-la-bonnode-ovoide-zen-2021-750ml\/#primaryimage"},"image":{"@id":"https:\/\/wein-werte.com\/de\/produkt\/la-soufrandiere-saint-veran-climate-la-bonnode-ovoide-zen-2021-750ml\/#primaryimage"},"thumbnailUrl":"https:\/\/wein-werte.com\/wp-content\/uploads\/2026\/04\/La-Soufrandiere-Saint-Veran-Climate-La-Bonnode-Ovoide-Zen-2021-750ml.png","datePublished":"2026-05-08T18:08:02+00:00","description":"Kaufe La Soufrandi\u00e8re Saint-V\u00e9ran Climate \"La Bonnode\" Ovoide Zen 2021 (Chardonnay, trocken aus Burgund, Frankreich) bei Wein Werte, Ihrem nachhaltigen Onlineshop.","breadcrumb":{"@id":"https:\/\/wein-werte.com\/de\/produkt\/la-soufrandiere-saint-veran-climate-la-bonnode-ovoide-zen-2021-750ml\/#breadcrumb"},"inLanguage":"de","potentialAction":[{"@type":"ReadAction","target":["https:\/\/wein-werte.com\/de\/produkt\/la-soufrandiere-saint-veran-climate-la-bonnode-ovoide-zen-2021-750ml\/"]}]},{"@type":"ImageObject","inLanguage":"de","@id":"https:\/\/wein-werte.com\/de\/produkt\/la-soufrandiere-saint-veran-climate-la-bonnode-ovoide-zen-2021-750ml\/#primaryimage","url":"https:\/\/wein-werte.com\/wp-content\/uploads\/2026\/04\/La-Soufrandiere-Saint-Veran-Climate-La-Bonnode-Ovoide-Zen-2021-750ml.png","contentUrl":"https:\/\/wein-werte.com\/wp-content\/uploads\/2026\/04\/La-Soufrandiere-Saint-Veran-Climate-La-Bonnode-Ovoide-Zen-2021-750ml.png","width":348,"height":1200,"caption":"La Soufrandi\u00e8re Saint-V\u00e9ran Climate \"La Bonnode\" Ovoide Zen AOC 2021 750ml"},{"@type":"BreadcrumbList","@id":"https:\/\/wein-werte.com\/de\/produkt\/la-soufrandiere-saint-veran-climate-la-bonnode-ovoide-zen-2021-750ml\/#breadcrumb","itemListElement":[{"@type":"ListItem","position":1,"name":"Home","item":"https:\/\/wein-werte.com\/de\/"},{"@type":"ListItem","position":2,"name":"Shop","item":"https:\/\/wein-werte.com\/de\/shop\/"},{"@type":"ListItem","position":3,"name":"La Soufrandi\u00e8re | Burgund | Saint-V\u00e9ran Climate &#8220;La Bonnode&#8221; Ovoide Zen AOC | 2021 | 750ml | bio"}]},{"@type":"WebSite","@id":"https:\/\/wein-werte.com\/de\/#website","url":"https:\/\/wein-werte.com\/de\/","name":"Wein Werte","description":"","publisher":{"@id":"https:\/\/wein-werte.com\/de\/#organization"},"potentialAction":[{"@type":"SearchAction","target":{"@type":"EntryPoint","urlTemplate":"https:\/\/wein-werte.com\/de\/?s={search_term_string}"},"query-input":{"@type":"PropertyValueSpecification","valueRequired":true,"valueName":"search_term_string"}}],"inLanguage":"de"},{"@type":"Organization","@id":"https:\/\/wein-werte.com\/de\/#organization","name":"Vins Fins Thorrold","url":"https:\/\/wein-werte.com\/de\/","logo":{"@type":"ImageObject","inLanguage":"de","@id":"https:\/\/wein-werte.com\/de\/#\/schema\/logo\/image\/","url":"https:\/\/wein-werte.com\/wp-content\/uploads\/2023\/07\/Wein_werte_Logo700-1.png","contentUrl":"https:\/\/wein-werte.com\/wp-content\/uploads\/2023\/07\/Wein_werte_Logo700-1.png","width":700,"height":272,"caption":"Vins Fins Thorrold"},"image":{"@id":"https:\/\/wein-werte.com\/de\/#\/schema\/logo\/image\/"}}]}},"_links":{"self":[{"href":"https:\/\/wein-werte.com\/de\/wp-json\/wp\/v2\/product\/1134539","targetHints":{"allow":["GET"]}}],"collection":[{"href":"https:\/\/wein-werte.com\/de\/wp-json\/wp\/v2\/product"}],"about":[{"href":"https:\/\/wein-werte.com\/de\/wp-json\/wp\/v2\/types\/product"}],"wp:featuredmedia":[{"embeddable":true,"href":"https:\/\/wein-werte.com\/de\/wp-json\/wp\/v2\/media\/1144712"}],"wp:attachment":[{"href":"https:\/\/wein-werte.com\/de\/wp-json\/wp\/v2\/media?parent=1134539"}],"wp:term":[{"taxonomy":"product_brand","embeddable":true,"href":"https:\/\/wein-werte.com\/de\/wp-json\/wp\/v2\/product_brand?post=1134539"},{"taxonomy":"product_cat","embeddable":true,"href":"https:\/\/wein-werte.com\/de\/wp-json\/wp\/v2\/product_cat?post=1134539"},{"taxonomy":"product_tag","embeddable":true,"href":"https:\/\/wein-werte.com\/de\/wp-json\/wp\/v2\/product_tag?post=1134539"}],"curies":[{"name":"wp","href":"https:\/\/api.w.org\/{rel}","templated":true}]}}