{"id":1134532,"date":"2026-05-05T18:31:26","date_gmt":"2026-05-05T16:31:26","guid":{"rendered":"https:\/\/wein-werte.com\/product\/la-soufrandiere-saint-veran-climat-la-bonnode-zen-2021-750ml\/"},"modified":"2026-04-27T12:02:40","modified_gmt":"2026-04-27T10:02:40","slug":"la-soufrandiere-saint-veran-climat-la-bonnode-zen-2021-750ml","status":"publish","type":"product","link":"https:\/\/wein-werte.com\/de\/produkt\/la-soufrandiere-saint-veran-climat-la-bonnode-zen-2021-750ml\/","title":{"rendered":"La Soufrandi\u00e8re | Burgund | Saint-V\u00e9ran Climat &#8220;La Bonnode&#8221; Zen AOC | 2021 | 750ml | bio"},"content":{"rendered":"<p>Produktbeschreibung f\u00fcr La Soufrandi\u00e8re Saint-V\u00e9ran Climat &#8220;La Bonnode&#8221; Zen AOC 2021 (bio) <\/p>\n<h5>Informationen zum Wein<\/h5>\n<p> La Bonnode grenzt an den Weinberg La Combe Desroches und umfasst zwei Hektar auf 250 Metern H\u00f6he, ausgerichtet nach Osten am Fu\u00dfe des Roche de Vergisson. Die 35 Jahre alten Reben sind meist von alten Str\u00e4uchern umgeben. Die B\u00f6den aus Kalkmergel und hellem Lehm sind ideal f\u00fcr Chardonnay. Die Lese fand vom 23. bis zum 24. September 2021 statt. Der Chardonnay wurde von ganzen Trauben gepresst und spontan vergoren. Darauf reifte er \u00fcber 17 Monate in Fudern und in Pi\u00e8ces von 228 Litern. Es folgte eine malolaktische G\u00e4rung. Der Gesamtschwefel liegt bei 24 mg\/l, der pH-Wert bei 3,19. <\/p>\n<h5>Farbe<\/h5>\n<p> helles Goldgelb <\/p>\n<h5>Nase<\/h5>\n<p> Die 2021er La Bonnode Cuv\u00e9e Zen wirkt \u00e4hnlich elegant, frisch und sinnlich wie ihre Geschwister, deren Schwefelung leicht h\u00f6her liegt. Auch hier verbinden sich Noten von Zitronen und Orangen mit Fr\u00fchlingsbl\u00fcten und etwas Kalk. Der Wein zeigt sich dabei allerdings noch etwas seidiger und cremiger mit Ankl\u00e4ngen von Lemoncurd, garniert mit Kr\u00e4utern. <\/p>\n<h5>Gaumen<\/h5>\n<p> Auch am Gaumen scheint La Bonnode Cuv\u00e9e Zen sich mit etwas mehr Sinnlichkeit und Cremigkeit hervorzutun, w\u00e4hrend der klassische La Bonnode st\u00e4rker von einer druckvollen S\u00e4ure bestimmt wird. Hier zeigt sich ein elegantes Mundgef\u00fchl mit der hellen Frucht von Zitronen, etwas Ananas und Birne, dazu mit einem Hauch von Gerbstoff und im Finale einer Mischung aus sauren Drops, feiner und reifer gelbfruchtiger S\u00fc\u00dfe, die aber von Salzigkeit und S\u00e4ure wieder eingefangen wird<\/p>\n<p>Copyright Vinaturel 2025<\/p>\n<p>Keywords: <a href=\"https:\/\/wein-werte.com\/de\/shop\/?swoof=1&#038;pa_producer=La-Soufrandi\u00e8re\">La Soufrandi\u00e8re<\/a> <a href=\"https:\/\/wein-werte.com\/de\/shop\/?swoof=1&#038;woof_text=Saint-V\u00e9ran Climat \"La Bonnode\" Zen AOC\">Saint-V\u00e9ran Climat &#8220;La Bonnode&#8221; Zen AOC<\/a> 2021 bio <a href=\"https:\/\/wein-werte.com\/de\/shop\/?swoof=1&#038;pa_region=Burgund\">Burgund<\/a> <a href=\"https:\/\/wein-werte.com\/de\/shop\/?swoof=1&#038;pa_country=Frankreich\">Frankreich<\/a><\/p>\n<p>Internetseite des Weinguts: <a href=\"https:\/\/www.bretbrothers.com\/lasoufrandiere.php\" target=\"_blank\">https:\/\/www.bretbrothers.com\/lasoufrandiere.php<\/a><\/p>\n","protected":false},"excerpt":{"rendered":"<p>Lieferzeit: 1 bis 2 Arbeitstage (DE), 2 bis 5 Arbeitstage (EU and CH)<\/p>\n","protected":false},"featured_media":1144706,"template":"","meta":[],"product_brand":[],"product_cat":[19],"product_tag":[],"class_list":{"0":"post-1134532","1":"product","2":"type-product","3":"status-publish","4":"has-post-thumbnail","6":"product_cat-unkategorisiert","7":"pa_alcohol-for-filter-12893","8":"pa_certified-biodynamic-ja-de","9":"pa_certified-organic-ja-de","10":"pa_colour-weiss","11":"pa_country-frankreich","12":"pa_grape-chardonnay","13":"pa_price-for-filter-10611","14":"pa_producer-la-soufrandiere","15":"pa_region-burgund","16":"pa_size-ml-6584","17":"pa_sweetness-trocken-de","18":"pa_type-2-still-de","19":"pa_vintage-2021-de","20":"entry","21":"has-media","23":"first","24":"instock","25":"taxable","26":"shipping-taxable","27":"purchasable","28":"product-type-simple"},"yoast_head":"<!-- This site is optimized with the Yoast SEO plugin v27.5 - https:\/\/yoast.com\/product\/yoast-seo-wordpress\/ -->\n<title>La Soufrandi\u00e8re Saint-V\u00e9ran Climat &quot;La Bonnode&quot; Zen 2021<\/title>\n<meta name=\"description\" content=\"Kaufe La Soufrandi\u00e8re Saint-V\u00e9ran Climat &quot;La Bonnode&quot; Zen 2021 (Chardonnay, trocken aus Burgund, Frankreich) bei Wein Werte, Ihrem nachhaltigen Onlineshop.\" \/>\n<meta name=\"robots\" content=\"index, follow, max-snippet:-1, max-image-preview:large, max-video-preview:-1\" \/>\n<link rel=\"canonical\" href=\"https:\/\/wein-werte.com\/de\/produkt\/la-soufrandiere-saint-veran-climat-la-bonnode-zen-2021-750ml\/\" \/>\n<meta property=\"og:locale\" content=\"de_DE\" \/>\n<meta property=\"og:type\" content=\"article\" \/>\n<meta property=\"og:title\" content=\"La Soufrandi\u00e8re Saint-V\u00e9ran Climat &quot;La Bonnode&quot; Zen 2021\" \/>\n<meta property=\"og:description\" content=\"Kaufe La Soufrandi\u00e8re Saint-V\u00e9ran Climat &quot;La Bonnode&quot; Zen 2021 (Chardonnay, trocken aus Burgund, Frankreich) bei Wein Werte, Ihrem nachhaltigen Onlineshop.\" \/>\n<meta property=\"og:url\" content=\"https:\/\/wein-werte.com\/de\/produkt\/la-soufrandiere-saint-veran-climat-la-bonnode-zen-2021-750ml\/\" \/>\n<meta property=\"og:site_name\" content=\"Wein Werte\" \/>\n<meta property=\"og:image\" content=\"https:\/\/wein-werte.com\/wp-content\/uploads\/2026\/04\/La-Soufrandiere-Saint-Veran-Climat-La-Bonnode-Zen-2021-750ml.png\" \/>\n\t<meta property=\"og:image:width\" content=\"348\" \/>\n\t<meta property=\"og:image:height\" content=\"1200\" \/>\n\t<meta property=\"og:image:type\" content=\"image\/png\" \/>\n<meta name=\"twitter:card\" content=\"summary_large_image\" \/>\n<meta name=\"twitter:label1\" content=\"Gesch\u00e4tzte Lesezeit\" \/>\n\t<meta name=\"twitter:data1\" content=\"1\u00a0Minute\" \/>\n<script type=\"application\/ld+json\" class=\"yoast-schema-graph\">{\"@context\":\"https:\\\/\\\/schema.org\",\"@graph\":[{\"@type\":\"WebPage\",\"@id\":\"https:\\\/\\\/wein-werte.com\\\/de\\\/produkt\\\/la-soufrandiere-saint-veran-climat-la-bonnode-zen-2021-750ml\\\/\",\"url\":\"https:\\\/\\\/wein-werte.com\\\/de\\\/produkt\\\/la-soufrandiere-saint-veran-climat-la-bonnode-zen-2021-750ml\\\/\",\"name\":\"La Soufrandi\u00e8re Saint-V\u00e9ran Climat \\\"La Bonnode\\\" Zen 2021\",\"isPartOf\":{\"@id\":\"https:\\\/\\\/wein-werte.com\\\/de\\\/#website\"},\"primaryImageOfPage\":{\"@id\":\"https:\\\/\\\/wein-werte.com\\\/de\\\/produkt\\\/la-soufrandiere-saint-veran-climat-la-bonnode-zen-2021-750ml\\\/#primaryimage\"},\"image\":{\"@id\":\"https:\\\/\\\/wein-werte.com\\\/de\\\/produkt\\\/la-soufrandiere-saint-veran-climat-la-bonnode-zen-2021-750ml\\\/#primaryimage\"},\"thumbnailUrl\":\"https:\\\/\\\/wein-werte.com\\\/wp-content\\\/uploads\\\/2026\\\/04\\\/La-Soufrandiere-Saint-Veran-Climat-La-Bonnode-Zen-2021-750ml.png\",\"datePublished\":\"2026-05-05T16:31:26+00:00\",\"description\":\"Kaufe La Soufrandi\u00e8re Saint-V\u00e9ran Climat \\\"La Bonnode\\\" Zen 2021 (Chardonnay, trocken aus Burgund, Frankreich) bei Wein Werte, Ihrem nachhaltigen Onlineshop.\",\"breadcrumb\":{\"@id\":\"https:\\\/\\\/wein-werte.com\\\/de\\\/produkt\\\/la-soufrandiere-saint-veran-climat-la-bonnode-zen-2021-750ml\\\/#breadcrumb\"},\"inLanguage\":\"de\",\"potentialAction\":[{\"@type\":\"ReadAction\",\"target\":[\"https:\\\/\\\/wein-werte.com\\\/de\\\/produkt\\\/la-soufrandiere-saint-veran-climat-la-bonnode-zen-2021-750ml\\\/\"]}]},{\"@type\":\"ImageObject\",\"inLanguage\":\"de\",\"@id\":\"https:\\\/\\\/wein-werte.com\\\/de\\\/produkt\\\/la-soufrandiere-saint-veran-climat-la-bonnode-zen-2021-750ml\\\/#primaryimage\",\"url\":\"https:\\\/\\\/wein-werte.com\\\/wp-content\\\/uploads\\\/2026\\\/04\\\/La-Soufrandiere-Saint-Veran-Climat-La-Bonnode-Zen-2021-750ml.png\",\"contentUrl\":\"https:\\\/\\\/wein-werte.com\\\/wp-content\\\/uploads\\\/2026\\\/04\\\/La-Soufrandiere-Saint-Veran-Climat-La-Bonnode-Zen-2021-750ml.png\",\"width\":348,\"height\":1200,\"caption\":\"La Soufrandi\u00e8re Saint-V\u00e9ran Climat \\\"La Bonnode\\\" Zen AOC 2021 750ml\"},{\"@type\":\"BreadcrumbList\",\"@id\":\"https:\\\/\\\/wein-werte.com\\\/de\\\/produkt\\\/la-soufrandiere-saint-veran-climat-la-bonnode-zen-2021-750ml\\\/#breadcrumb\",\"itemListElement\":[{\"@type\":\"ListItem\",\"position\":1,\"name\":\"Home\",\"item\":\"https:\\\/\\\/wein-werte.com\\\/de\\\/\"},{\"@type\":\"ListItem\",\"position\":2,\"name\":\"Shop\",\"item\":\"https:\\\/\\\/wein-werte.com\\\/de\\\/shop\\\/\"},{\"@type\":\"ListItem\",\"position\":3,\"name\":\"La Soufrandi\u00e8re | Burgund | Saint-V\u00e9ran Climat &#8220;La Bonnode&#8221; Zen AOC | 2021 | 750ml | bio\"}]},{\"@type\":\"WebSite\",\"@id\":\"https:\\\/\\\/wein-werte.com\\\/de\\\/#website\",\"url\":\"https:\\\/\\\/wein-werte.com\\\/de\\\/\",\"name\":\"Wein Werte\",\"description\":\"\",\"publisher\":{\"@id\":\"https:\\\/\\\/wein-werte.com\\\/de\\\/#organization\"},\"potentialAction\":[{\"@type\":\"SearchAction\",\"target\":{\"@type\":\"EntryPoint\",\"urlTemplate\":\"https:\\\/\\\/wein-werte.com\\\/de\\\/?s={search_term_string}\"},\"query-input\":{\"@type\":\"PropertyValueSpecification\",\"valueRequired\":true,\"valueName\":\"search_term_string\"}}],\"inLanguage\":\"de\"},{\"@type\":\"Organization\",\"@id\":\"https:\\\/\\\/wein-werte.com\\\/de\\\/#organization\",\"name\":\"Vins Fins Thorrold\",\"url\":\"https:\\\/\\\/wein-werte.com\\\/de\\\/\",\"logo\":{\"@type\":\"ImageObject\",\"inLanguage\":\"de\",\"@id\":\"https:\\\/\\\/wein-werte.com\\\/de\\\/#\\\/schema\\\/logo\\\/image\\\/\",\"url\":\"https:\\\/\\\/wein-werte.com\\\/wp-content\\\/uploads\\\/2023\\\/07\\\/Wein_werte_Logo700-1.png\",\"contentUrl\":\"https:\\\/\\\/wein-werte.com\\\/wp-content\\\/uploads\\\/2023\\\/07\\\/Wein_werte_Logo700-1.png\",\"width\":700,\"height\":272,\"caption\":\"Vins Fins Thorrold\"},\"image\":{\"@id\":\"https:\\\/\\\/wein-werte.com\\\/de\\\/#\\\/schema\\\/logo\\\/image\\\/\"}}]}<\/script>\n<!-- \/ Yoast SEO plugin. -->","yoast_head_json":{"title":"La Soufrandi\u00e8re Saint-V\u00e9ran Climat \"La Bonnode\" Zen 2021","description":"Kaufe La Soufrandi\u00e8re Saint-V\u00e9ran Climat \"La Bonnode\" Zen 2021 (Chardonnay, trocken aus Burgund, Frankreich) bei Wein Werte, Ihrem nachhaltigen Onlineshop.","robots":{"index":"index","follow":"follow","max-snippet":"max-snippet:-1","max-image-preview":"max-image-preview:large","max-video-preview":"max-video-preview:-1"},"canonical":"https:\/\/wein-werte.com\/de\/produkt\/la-soufrandiere-saint-veran-climat-la-bonnode-zen-2021-750ml\/","og_locale":"de_DE","og_type":"article","og_title":"La Soufrandi\u00e8re Saint-V\u00e9ran Climat \"La Bonnode\" Zen 2021","og_description":"Kaufe La Soufrandi\u00e8re Saint-V\u00e9ran Climat \"La Bonnode\" Zen 2021 (Chardonnay, trocken aus Burgund, Frankreich) bei Wein Werte, Ihrem nachhaltigen Onlineshop.","og_url":"https:\/\/wein-werte.com\/de\/produkt\/la-soufrandiere-saint-veran-climat-la-bonnode-zen-2021-750ml\/","og_site_name":"Wein Werte","og_image":[{"width":348,"height":1200,"url":"https:\/\/wein-werte.com\/wp-content\/uploads\/2026\/04\/La-Soufrandiere-Saint-Veran-Climat-La-Bonnode-Zen-2021-750ml.png","type":"image\/png"}],"twitter_card":"summary_large_image","twitter_misc":{"Gesch\u00e4tzte Lesezeit":"1\u00a0Minute"},"schema":{"@context":"https:\/\/schema.org","@graph":[{"@type":"WebPage","@id":"https:\/\/wein-werte.com\/de\/produkt\/la-soufrandiere-saint-veran-climat-la-bonnode-zen-2021-750ml\/","url":"https:\/\/wein-werte.com\/de\/produkt\/la-soufrandiere-saint-veran-climat-la-bonnode-zen-2021-750ml\/","name":"La Soufrandi\u00e8re Saint-V\u00e9ran Climat \"La Bonnode\" Zen 2021","isPartOf":{"@id":"https:\/\/wein-werte.com\/de\/#website"},"primaryImageOfPage":{"@id":"https:\/\/wein-werte.com\/de\/produkt\/la-soufrandiere-saint-veran-climat-la-bonnode-zen-2021-750ml\/#primaryimage"},"image":{"@id":"https:\/\/wein-werte.com\/de\/produkt\/la-soufrandiere-saint-veran-climat-la-bonnode-zen-2021-750ml\/#primaryimage"},"thumbnailUrl":"https:\/\/wein-werte.com\/wp-content\/uploads\/2026\/04\/La-Soufrandiere-Saint-Veran-Climat-La-Bonnode-Zen-2021-750ml.png","datePublished":"2026-05-05T16:31:26+00:00","description":"Kaufe La Soufrandi\u00e8re Saint-V\u00e9ran Climat \"La Bonnode\" Zen 2021 (Chardonnay, trocken aus Burgund, Frankreich) bei Wein Werte, Ihrem nachhaltigen Onlineshop.","breadcrumb":{"@id":"https:\/\/wein-werte.com\/de\/produkt\/la-soufrandiere-saint-veran-climat-la-bonnode-zen-2021-750ml\/#breadcrumb"},"inLanguage":"de","potentialAction":[{"@type":"ReadAction","target":["https:\/\/wein-werte.com\/de\/produkt\/la-soufrandiere-saint-veran-climat-la-bonnode-zen-2021-750ml\/"]}]},{"@type":"ImageObject","inLanguage":"de","@id":"https:\/\/wein-werte.com\/de\/produkt\/la-soufrandiere-saint-veran-climat-la-bonnode-zen-2021-750ml\/#primaryimage","url":"https:\/\/wein-werte.com\/wp-content\/uploads\/2026\/04\/La-Soufrandiere-Saint-Veran-Climat-La-Bonnode-Zen-2021-750ml.png","contentUrl":"https:\/\/wein-werte.com\/wp-content\/uploads\/2026\/04\/La-Soufrandiere-Saint-Veran-Climat-La-Bonnode-Zen-2021-750ml.png","width":348,"height":1200,"caption":"La Soufrandi\u00e8re Saint-V\u00e9ran Climat \"La Bonnode\" Zen AOC 2021 750ml"},{"@type":"BreadcrumbList","@id":"https:\/\/wein-werte.com\/de\/produkt\/la-soufrandiere-saint-veran-climat-la-bonnode-zen-2021-750ml\/#breadcrumb","itemListElement":[{"@type":"ListItem","position":1,"name":"Home","item":"https:\/\/wein-werte.com\/de\/"},{"@type":"ListItem","position":2,"name":"Shop","item":"https:\/\/wein-werte.com\/de\/shop\/"},{"@type":"ListItem","position":3,"name":"La Soufrandi\u00e8re | Burgund | Saint-V\u00e9ran Climat &#8220;La Bonnode&#8221; Zen AOC | 2021 | 750ml | bio"}]},{"@type":"WebSite","@id":"https:\/\/wein-werte.com\/de\/#website","url":"https:\/\/wein-werte.com\/de\/","name":"Wein Werte","description":"","publisher":{"@id":"https:\/\/wein-werte.com\/de\/#organization"},"potentialAction":[{"@type":"SearchAction","target":{"@type":"EntryPoint","urlTemplate":"https:\/\/wein-werte.com\/de\/?s={search_term_string}"},"query-input":{"@type":"PropertyValueSpecification","valueRequired":true,"valueName":"search_term_string"}}],"inLanguage":"de"},{"@type":"Organization","@id":"https:\/\/wein-werte.com\/de\/#organization","name":"Vins Fins Thorrold","url":"https:\/\/wein-werte.com\/de\/","logo":{"@type":"ImageObject","inLanguage":"de","@id":"https:\/\/wein-werte.com\/de\/#\/schema\/logo\/image\/","url":"https:\/\/wein-werte.com\/wp-content\/uploads\/2023\/07\/Wein_werte_Logo700-1.png","contentUrl":"https:\/\/wein-werte.com\/wp-content\/uploads\/2023\/07\/Wein_werte_Logo700-1.png","width":700,"height":272,"caption":"Vins Fins Thorrold"},"image":{"@id":"https:\/\/wein-werte.com\/de\/#\/schema\/logo\/image\/"}}]}},"_links":{"self":[{"href":"https:\/\/wein-werte.com\/de\/wp-json\/wp\/v2\/product\/1134532","targetHints":{"allow":["GET"]}}],"collection":[{"href":"https:\/\/wein-werte.com\/de\/wp-json\/wp\/v2\/product"}],"about":[{"href":"https:\/\/wein-werte.com\/de\/wp-json\/wp\/v2\/types\/product"}],"wp:featuredmedia":[{"embeddable":true,"href":"https:\/\/wein-werte.com\/de\/wp-json\/wp\/v2\/media\/1144706"}],"wp:attachment":[{"href":"https:\/\/wein-werte.com\/de\/wp-json\/wp\/v2\/media?parent=1134532"}],"wp:term":[{"taxonomy":"product_brand","embeddable":true,"href":"https:\/\/wein-werte.com\/de\/wp-json\/wp\/v2\/product_brand?post=1134532"},{"taxonomy":"product_cat","embeddable":true,"href":"https:\/\/wein-werte.com\/de\/wp-json\/wp\/v2\/product_cat?post=1134532"},{"taxonomy":"product_tag","embeddable":true,"href":"https:\/\/wein-werte.com\/de\/wp-json\/wp\/v2\/product_tag?post=1134532"}],"curies":[{"name":"wp","href":"https:\/\/api.w.org\/{rel}","templated":true}]}}