{"id":1134505,"date":"2026-05-08T20:07:56","date_gmt":"2026-05-08T18:07:56","guid":{"rendered":"https:\/\/wein-werte.com\/product\/romanesca-moulin-a-vent-champ-de-cour-2020-1500ml\/"},"modified":"2026-04-27T12:02:35","modified_gmt":"2026-04-27T10:02:35","slug":"romanesca-moulin-a-vent-champ-de-cour-2020-1500ml","status":"publish","type":"product","link":"https:\/\/wein-werte.com\/de\/produkt\/romanesca-moulin-a-vent-champ-de-cour-2020-1500ml\/","title":{"rendered":"Romanesca | Beaujolais | Moulin-\u00e0-Vent &#8220;Champ de Cour&#8221; AOC | 2020 | 1500ml"},"content":{"rendered":"<p>Produktbeschreibung f\u00fcr Romanesca Moulin-\u00e0-Vent &#8220;Champ de Cour&#8221; AOC 2020  <\/p>\n<h5>Info zum Wein<\/h5>\n<p> Die Lage Champ de Cour in Moulin-\u00e0-Vent umfasst 31 Hektar, von denen die Chastels 1,2 Hektar besitzen. Die Lage befindet sich s\u00fcd\u00f6stlich des Ortskerns auf tiefgr\u00fcndigem verwittertem Granit sowie auf Piedmont, altem alluvialem Schwemmland. Der Gamay noir \u00e0 jus blanc, wie er vollst\u00e4ndig hei\u00dft \u2013 es gibt auch durchgef\u00e4rbten F\u00e4rber-Gamay \u2013, ist rund 50 Jahre alt und erbringt zwischen 25 und 35 hl\/ha. Nach Handlese und Sortierung wurden ganze Trauben eingesetzt. Unbesch\u00e4digte Beeren wurden auf den Grund des Betoncuves gelegt, angequetschte dar\u00fcber, sodass der Gamay eine Mac\u00e9ration semi-carbonique durchlaufen konnte. Der Wein wurde danach f\u00fcr ein Jahr im Zementtank ausgebaut. <\/p>\n<h5>Farbe<\/h5>\n<p> Getr\u00fcbtes, intensives Violett, farbdicht bis zum Rand. <\/p>\n<h5>Nase<\/h5>\n<p> Der verf\u00fchrerische Duft erinnert an einen ganzen Korb von roten und dunklen Fr\u00fcchten wie Sauerkirschen, Himbeeren, Brombeeren, Zwetschgen und Granatapfel. Fein ziseliert wird dieses Aroma durchdrungen von Orangenzesten, zugleich von S\u00fc\u00dfholz, Assamtee und Veilchenpastillen. Man ist geneigt, bereits in seinem bet\u00f6renden Duft zu versinken. <\/p>\n<h5>Gaumen<\/h5>\n<p> Saftig, mit w\u00fcrziger Note und wundersch\u00f6n pr\u00e4gnant zeigt sich der 2020er Moulin-\u00e0-Vent Champ de Cour auf der Zunge, ein wirklich tiefgr\u00fcndiger Beaujolais, der Ma\u00dfst\u00e4be setzt. Durch seine fleischige, kraftvolle und von Gew\u00fcrzen und Pfeffer gepr\u00e4gte Struktur ist er der perfekte Begleiter zu kr\u00e4ftigen Eint\u00f6pfen, zu Wild und zu pikanten K\u00e4sen.<\/p>\n<p>Copyright Vinaturel 2025<\/p>\n<p>Keywords: <a href=\"https:\/\/wein-werte.com\/de\/shop\/?swoof=1&#038;pa_producer=Romanesca\">Romanesca<\/a> <a href=\"https:\/\/wein-werte.com\/de\/shop\/?swoof=1&#038;woof_text=Moulin-\u00e0-Vent \"Champ de Cour\" AOC\">Moulin-\u00e0-Vent &#8220;Champ de Cour&#8221; AOC<\/a> 2020  <a href=\"https:\/\/wein-werte.com\/de\/shop\/?swoof=1&#038;pa_region=Beaujolais\">Beaujolais<\/a> <a href=\"https:\/\/wein-werte.com\/de\/shop\/?swoof=1&#038;pa_country=Frankreich\">Frankreich<\/a><\/p>\n<h3>Wine Advocate<\/h3>\n<p>Punkte: 91+<\/p>\n<p>Der Moulin-\u00e0-Vent Champ de Cour 2020 entfaltet sich im Glas mit Aromen von Lakritz, Maulbeeren, Rauch und s\u00fc\u00dfen Erdt\u00f6nen. Mittel- bis vollmundig, vollmundig und konzentriert, ist er ein tiefer, ernsthafter, etwas kompakter Wein, der, \u00e4hnlich wie sein Vorg\u00e4nger 2019, etwas Flaschenreife belohnt.<br \/>William Kelley<\/p>\n<p>Internetseite des Weinguts: <a href=\"https:\/\/www.domaineromanesca.com\/\" target=\"_blank\">https:\/\/www.domaineromanesca.com\/<\/a><\/p>\n","protected":false},"excerpt":{"rendered":"<p>Lieferzeit: 1 bis 2 Arbeitstage (DE), 2 bis 5 Arbeitstage (EU and CH)<\/p>\n","protected":false},"featured_media":1147519,"template":"","meta":[],"product_brand":[],"product_cat":[19],"product_tag":[],"class_list":{"0":"post-1134505","1":"product","2":"type-product","3":"status-publish","4":"has-post-thumbnail","6":"product_cat-unkategorisiert","7":"pa_alcohol-for-filter-14-5","8":"pa_certified-biodynamic-nein-de","9":"pa_certified-organic-nein-de","10":"pa_colour-rot","11":"pa_country-frankreich","12":"pa_grape-gamay","13":"pa_parker-points-for-filter-91-de-2","14":"pa_price-for-filter-10589","15":"pa_producer-romanesca","16":"pa_region-beaujolais","17":"pa_size-ml-6657","18":"pa_sweetness-trocken-de","19":"pa_type-2-still-de","20":"pa_vintage-2020-de","21":"entry","22":"has-media","24":"first","25":"instock","26":"taxable","27":"shipping-taxable","28":"purchasable","29":"product-type-simple"},"yoast_head":"<!-- This site is optimized with the Yoast SEO plugin v27.5 - https:\/\/yoast.com\/product\/yoast-seo-wordpress\/ -->\n<title>Romanesca Moulin-\u00e0-Vent &quot;Champ de Cour&quot; 2020, 1500ml<\/title>\n<meta name=\"description\" content=\"Kaufe Romanesca Moulin-\u00e0-Vent &quot;Champ de Cour&quot; 2020 (Gamay, trocken aus Beaujolais, Frankreich) bei Wein Werte, Ihrem nachhaltigen Onlineshop.\" \/>\n<meta name=\"robots\" content=\"index, follow, max-snippet:-1, max-image-preview:large, max-video-preview:-1\" \/>\n<link rel=\"canonical\" href=\"https:\/\/wein-werte.com\/de\/produkt\/romanesca-moulin-a-vent-champ-de-cour-2020-1500ml\/\" \/>\n<meta property=\"og:locale\" content=\"de_DE\" \/>\n<meta property=\"og:type\" content=\"article\" \/>\n<meta property=\"og:title\" content=\"Romanesca Moulin-\u00e0-Vent &quot;Champ de Cour&quot; 2020, 1500ml\" \/>\n<meta property=\"og:description\" content=\"Kaufe Romanesca Moulin-\u00e0-Vent &quot;Champ de Cour&quot; 2020 (Gamay, trocken aus Beaujolais, Frankreich) bei Wein Werte, Ihrem nachhaltigen Onlineshop.\" \/>\n<meta property=\"og:url\" content=\"https:\/\/wein-werte.com\/de\/produkt\/romanesca-moulin-a-vent-champ-de-cour-2020-1500ml\/\" \/>\n<meta property=\"og:site_name\" content=\"Wein Werte\" \/>\n<meta property=\"og:image\" content=\"https:\/\/wein-werte.com\/wp-content\/uploads\/2026\/04\/Romanesca-Moulin-a-Vent-Champ-de-Cour-2020-1500-ml.png\" \/>\n\t<meta property=\"og:image:width\" content=\"179\" \/>\n\t<meta property=\"og:image:height\" content=\"614\" \/>\n\t<meta property=\"og:image:type\" content=\"image\/png\" \/>\n<meta name=\"twitter:card\" content=\"summary_large_image\" \/>\n<meta name=\"twitter:label1\" content=\"Gesch\u00e4tzte Lesezeit\" \/>\n\t<meta name=\"twitter:data1\" content=\"2\u00a0Minuten\" \/>\n<script type=\"application\/ld+json\" class=\"yoast-schema-graph\">{\"@context\":\"https:\\\/\\\/schema.org\",\"@graph\":[{\"@type\":\"WebPage\",\"@id\":\"https:\\\/\\\/wein-werte.com\\\/de\\\/produkt\\\/romanesca-moulin-a-vent-champ-de-cour-2020-1500ml\\\/\",\"url\":\"https:\\\/\\\/wein-werte.com\\\/de\\\/produkt\\\/romanesca-moulin-a-vent-champ-de-cour-2020-1500ml\\\/\",\"name\":\"Romanesca Moulin-\u00e0-Vent \\\"Champ de Cour\\\" 2020, 1500ml\",\"isPartOf\":{\"@id\":\"https:\\\/\\\/wein-werte.com\\\/de\\\/#website\"},\"primaryImageOfPage\":{\"@id\":\"https:\\\/\\\/wein-werte.com\\\/de\\\/produkt\\\/romanesca-moulin-a-vent-champ-de-cour-2020-1500ml\\\/#primaryimage\"},\"image\":{\"@id\":\"https:\\\/\\\/wein-werte.com\\\/de\\\/produkt\\\/romanesca-moulin-a-vent-champ-de-cour-2020-1500ml\\\/#primaryimage\"},\"thumbnailUrl\":\"https:\\\/\\\/wein-werte.com\\\/wp-content\\\/uploads\\\/2026\\\/04\\\/Romanesca-Moulin-a-Vent-Champ-de-Cour-2020-1500-ml.png\",\"datePublished\":\"2026-05-08T18:07:56+00:00\",\"description\":\"Kaufe Romanesca Moulin-\u00e0-Vent \\\"Champ de Cour\\\" 2020 (Gamay, trocken aus Beaujolais, Frankreich) bei Wein Werte, Ihrem nachhaltigen Onlineshop.\",\"breadcrumb\":{\"@id\":\"https:\\\/\\\/wein-werte.com\\\/de\\\/produkt\\\/romanesca-moulin-a-vent-champ-de-cour-2020-1500ml\\\/#breadcrumb\"},\"inLanguage\":\"de\",\"potentialAction\":[{\"@type\":\"ReadAction\",\"target\":[\"https:\\\/\\\/wein-werte.com\\\/de\\\/produkt\\\/romanesca-moulin-a-vent-champ-de-cour-2020-1500ml\\\/\"]}]},{\"@type\":\"ImageObject\",\"inLanguage\":\"de\",\"@id\":\"https:\\\/\\\/wein-werte.com\\\/de\\\/produkt\\\/romanesca-moulin-a-vent-champ-de-cour-2020-1500ml\\\/#primaryimage\",\"url\":\"https:\\\/\\\/wein-werte.com\\\/wp-content\\\/uploads\\\/2026\\\/04\\\/Romanesca-Moulin-a-Vent-Champ-de-Cour-2020-1500-ml.png\",\"contentUrl\":\"https:\\\/\\\/wein-werte.com\\\/wp-content\\\/uploads\\\/2026\\\/04\\\/Romanesca-Moulin-a-Vent-Champ-de-Cour-2020-1500-ml.png\",\"width\":179,\"height\":614},{\"@type\":\"BreadcrumbList\",\"@id\":\"https:\\\/\\\/wein-werte.com\\\/de\\\/produkt\\\/romanesca-moulin-a-vent-champ-de-cour-2020-1500ml\\\/#breadcrumb\",\"itemListElement\":[{\"@type\":\"ListItem\",\"position\":1,\"name\":\"Home\",\"item\":\"https:\\\/\\\/wein-werte.com\\\/de\\\/\"},{\"@type\":\"ListItem\",\"position\":2,\"name\":\"Shop\",\"item\":\"https:\\\/\\\/wein-werte.com\\\/de\\\/shop\\\/\"},{\"@type\":\"ListItem\",\"position\":3,\"name\":\"Romanesca | Beaujolais | Moulin-\u00e0-Vent &#8220;Champ de Cour&#8221; AOC | 2020 | 1500ml\"}]},{\"@type\":\"WebSite\",\"@id\":\"https:\\\/\\\/wein-werte.com\\\/de\\\/#website\",\"url\":\"https:\\\/\\\/wein-werte.com\\\/de\\\/\",\"name\":\"Wein Werte\",\"description\":\"\",\"publisher\":{\"@id\":\"https:\\\/\\\/wein-werte.com\\\/de\\\/#organization\"},\"potentialAction\":[{\"@type\":\"SearchAction\",\"target\":{\"@type\":\"EntryPoint\",\"urlTemplate\":\"https:\\\/\\\/wein-werte.com\\\/de\\\/?s={search_term_string}\"},\"query-input\":{\"@type\":\"PropertyValueSpecification\",\"valueRequired\":true,\"valueName\":\"search_term_string\"}}],\"inLanguage\":\"de\"},{\"@type\":\"Organization\",\"@id\":\"https:\\\/\\\/wein-werte.com\\\/de\\\/#organization\",\"name\":\"Vins Fins Thorrold\",\"url\":\"https:\\\/\\\/wein-werte.com\\\/de\\\/\",\"logo\":{\"@type\":\"ImageObject\",\"inLanguage\":\"de\",\"@id\":\"https:\\\/\\\/wein-werte.com\\\/de\\\/#\\\/schema\\\/logo\\\/image\\\/\",\"url\":\"https:\\\/\\\/wein-werte.com\\\/wp-content\\\/uploads\\\/2023\\\/07\\\/Wein_werte_Logo700-1.png\",\"contentUrl\":\"https:\\\/\\\/wein-werte.com\\\/wp-content\\\/uploads\\\/2023\\\/07\\\/Wein_werte_Logo700-1.png\",\"width\":700,\"height\":272,\"caption\":\"Vins Fins Thorrold\"},\"image\":{\"@id\":\"https:\\\/\\\/wein-werte.com\\\/de\\\/#\\\/schema\\\/logo\\\/image\\\/\"}}]}<\/script>\n<!-- \/ Yoast SEO plugin. -->","yoast_head_json":{"title":"Romanesca Moulin-\u00e0-Vent \"Champ de Cour\" 2020, 1500ml","description":"Kaufe Romanesca Moulin-\u00e0-Vent \"Champ de Cour\" 2020 (Gamay, trocken aus Beaujolais, Frankreich) bei Wein Werte, Ihrem nachhaltigen Onlineshop.","robots":{"index":"index","follow":"follow","max-snippet":"max-snippet:-1","max-image-preview":"max-image-preview:large","max-video-preview":"max-video-preview:-1"},"canonical":"https:\/\/wein-werte.com\/de\/produkt\/romanesca-moulin-a-vent-champ-de-cour-2020-1500ml\/","og_locale":"de_DE","og_type":"article","og_title":"Romanesca Moulin-\u00e0-Vent \"Champ de Cour\" 2020, 1500ml","og_description":"Kaufe Romanesca Moulin-\u00e0-Vent \"Champ de Cour\" 2020 (Gamay, trocken aus Beaujolais, Frankreich) bei Wein Werte, Ihrem nachhaltigen Onlineshop.","og_url":"https:\/\/wein-werte.com\/de\/produkt\/romanesca-moulin-a-vent-champ-de-cour-2020-1500ml\/","og_site_name":"Wein Werte","og_image":[{"width":179,"height":614,"url":"https:\/\/wein-werte.com\/wp-content\/uploads\/2026\/04\/Romanesca-Moulin-a-Vent-Champ-de-Cour-2020-1500-ml.png","type":"image\/png"}],"twitter_card":"summary_large_image","twitter_misc":{"Gesch\u00e4tzte Lesezeit":"2\u00a0Minuten"},"schema":{"@context":"https:\/\/schema.org","@graph":[{"@type":"WebPage","@id":"https:\/\/wein-werte.com\/de\/produkt\/romanesca-moulin-a-vent-champ-de-cour-2020-1500ml\/","url":"https:\/\/wein-werte.com\/de\/produkt\/romanesca-moulin-a-vent-champ-de-cour-2020-1500ml\/","name":"Romanesca Moulin-\u00e0-Vent \"Champ de Cour\" 2020, 1500ml","isPartOf":{"@id":"https:\/\/wein-werte.com\/de\/#website"},"primaryImageOfPage":{"@id":"https:\/\/wein-werte.com\/de\/produkt\/romanesca-moulin-a-vent-champ-de-cour-2020-1500ml\/#primaryimage"},"image":{"@id":"https:\/\/wein-werte.com\/de\/produkt\/romanesca-moulin-a-vent-champ-de-cour-2020-1500ml\/#primaryimage"},"thumbnailUrl":"https:\/\/wein-werte.com\/wp-content\/uploads\/2026\/04\/Romanesca-Moulin-a-Vent-Champ-de-Cour-2020-1500-ml.png","datePublished":"2026-05-08T18:07:56+00:00","description":"Kaufe Romanesca Moulin-\u00e0-Vent \"Champ de Cour\" 2020 (Gamay, trocken aus Beaujolais, Frankreich) bei Wein Werte, Ihrem nachhaltigen Onlineshop.","breadcrumb":{"@id":"https:\/\/wein-werte.com\/de\/produkt\/romanesca-moulin-a-vent-champ-de-cour-2020-1500ml\/#breadcrumb"},"inLanguage":"de","potentialAction":[{"@type":"ReadAction","target":["https:\/\/wein-werte.com\/de\/produkt\/romanesca-moulin-a-vent-champ-de-cour-2020-1500ml\/"]}]},{"@type":"ImageObject","inLanguage":"de","@id":"https:\/\/wein-werte.com\/de\/produkt\/romanesca-moulin-a-vent-champ-de-cour-2020-1500ml\/#primaryimage","url":"https:\/\/wein-werte.com\/wp-content\/uploads\/2026\/04\/Romanesca-Moulin-a-Vent-Champ-de-Cour-2020-1500-ml.png","contentUrl":"https:\/\/wein-werte.com\/wp-content\/uploads\/2026\/04\/Romanesca-Moulin-a-Vent-Champ-de-Cour-2020-1500-ml.png","width":179,"height":614},{"@type":"BreadcrumbList","@id":"https:\/\/wein-werte.com\/de\/produkt\/romanesca-moulin-a-vent-champ-de-cour-2020-1500ml\/#breadcrumb","itemListElement":[{"@type":"ListItem","position":1,"name":"Home","item":"https:\/\/wein-werte.com\/de\/"},{"@type":"ListItem","position":2,"name":"Shop","item":"https:\/\/wein-werte.com\/de\/shop\/"},{"@type":"ListItem","position":3,"name":"Romanesca | Beaujolais | Moulin-\u00e0-Vent &#8220;Champ de Cour&#8221; AOC | 2020 | 1500ml"}]},{"@type":"WebSite","@id":"https:\/\/wein-werte.com\/de\/#website","url":"https:\/\/wein-werte.com\/de\/","name":"Wein Werte","description":"","publisher":{"@id":"https:\/\/wein-werte.com\/de\/#organization"},"potentialAction":[{"@type":"SearchAction","target":{"@type":"EntryPoint","urlTemplate":"https:\/\/wein-werte.com\/de\/?s={search_term_string}"},"query-input":{"@type":"PropertyValueSpecification","valueRequired":true,"valueName":"search_term_string"}}],"inLanguage":"de"},{"@type":"Organization","@id":"https:\/\/wein-werte.com\/de\/#organization","name":"Vins Fins Thorrold","url":"https:\/\/wein-werte.com\/de\/","logo":{"@type":"ImageObject","inLanguage":"de","@id":"https:\/\/wein-werte.com\/de\/#\/schema\/logo\/image\/","url":"https:\/\/wein-werte.com\/wp-content\/uploads\/2023\/07\/Wein_werte_Logo700-1.png","contentUrl":"https:\/\/wein-werte.com\/wp-content\/uploads\/2023\/07\/Wein_werte_Logo700-1.png","width":700,"height":272,"caption":"Vins Fins Thorrold"},"image":{"@id":"https:\/\/wein-werte.com\/de\/#\/schema\/logo\/image\/"}}]}},"_links":{"self":[{"href":"https:\/\/wein-werte.com\/de\/wp-json\/wp\/v2\/product\/1134505","targetHints":{"allow":["GET"]}}],"collection":[{"href":"https:\/\/wein-werte.com\/de\/wp-json\/wp\/v2\/product"}],"about":[{"href":"https:\/\/wein-werte.com\/de\/wp-json\/wp\/v2\/types\/product"}],"wp:featuredmedia":[{"embeddable":true,"href":"https:\/\/wein-werte.com\/de\/wp-json\/wp\/v2\/media\/1147519"}],"wp:attachment":[{"href":"https:\/\/wein-werte.com\/de\/wp-json\/wp\/v2\/media?parent=1134505"}],"wp:term":[{"taxonomy":"product_brand","embeddable":true,"href":"https:\/\/wein-werte.com\/de\/wp-json\/wp\/v2\/product_brand?post=1134505"},{"taxonomy":"product_cat","embeddable":true,"href":"https:\/\/wein-werte.com\/de\/wp-json\/wp\/v2\/product_cat?post=1134505"},{"taxonomy":"product_tag","embeddable":true,"href":"https:\/\/wein-werte.com\/de\/wp-json\/wp\/v2\/product_tag?post=1134505"}],"curies":[{"name":"wp","href":"https:\/\/api.w.org\/{rel}","templated":true}]}}