{"id":1134475,"date":"2026-05-08T20:07:54","date_gmt":"2026-05-08T18:07:54","guid":{"rendered":"https:\/\/wein-werte.com\/product\/aphros-wine-phaunus-pet-nat-brut-2022-750ml\/"},"modified":"2026-04-27T12:02:32","modified_gmt":"2026-04-27T10:02:32","slug":"aphros-wine-phaunus-pet-nat-brut-2022-750ml","status":"publish","type":"product","link":"https:\/\/wein-werte.com\/de\/produkt\/aphros-wine-phaunus-pet-nat-brut-2022-750ml\/","title":{"rendered":"Aphros Wine | Vinho Verde | Phaunus Pet Nat Brut | 2022 | 750ml | bio"},"content":{"rendered":"<p>Produktbeschreibung f\u00fcr Aphros Wine Phaunus Pet Nat Brut 2022 (bio)<\/p>\n<h5>Informationen zum Wein<\/h5>\n<h5><\/h5>\n<p> Hinter der Weinlinie Phaunus steht der Winzer Vasco Croft im portugiesischen Anbaugebiet Vinho Verde. Er betreibt biodynamischen Weinbau, was in der regenreichen Atlantikregion keine Selbstverst\u00e4ndlichkeit ist und nicht hoch genug eingesch\u00e4tzt werden kann. Der Phaunus Pet Nat 2022 ist ein Blend aus den autochthonen Wei\u00dfweinsorten Loureiro und Arinto, die beide (in der Regel) eine wunderbare S\u00e4ure haben und Weine mit viel Textur ergeben. Die alkoholische G\u00e4rung dieses Pricklers begann in Amphoren und endete in der Flasche. <\/p>\n<h5>Farbe<\/h5>\n<h5><\/h5>\n<p> Goldgelb \u00a0 <\/p>\n<h5>Nase<\/h5>\n<h5><\/h5>\n<p> Das Bukett ist von gro\u00dfer Frische, begleitet von floralen Aromen, wei\u00dfen Fr\u00fcchten und Zitrusnoten. Die Kombination aus atlantischem Gebiet und s\u00e4urereichen, aromatischen Rebsorten tritt hier gro\u00dfartig zu Tage.  \u00a0 <\/p>\n<h5>Gaumen<\/h5>\n<h5><\/h5>\n<p> Der Phaunus Pet Nat 2022 hat feine Bl\u00e4schen, eine knackige S\u00e4ure und ist so schmackhaft wie ein frischer Apfel. Mit 10,5% Alkohol ist er scheinbar leicht, hat aber eine hervorragende Griffigkeit und Energie am Gaumen. Der Abgang ist gepr\u00e4gt von Zitrusfr\u00fcchten und einem Hauch sinnlicher S\u00fc\u00dfe. Das ist Trinkfluss pur, der nach dem n\u00e4chsten Schluck verlangt. Dieses Gew\u00e4chs ist eine sehr sch\u00f6ne Interpretation des Vinho Verde, die sich wohltuend von der Mehrzahl der dort mit Kohlens\u00e4ure versetzten Weine abhebt.<\/p>\n<p>Copyright Vinaturel 2025<\/p>\n<p>Keywords: <a href=\"https:\/\/wein-werte.com\/de\/shop\/?swoof=1&#038;pa_producer=Aphros-Wine\">Aphros Wine<\/a> <a href=\"https:\/\/wein-werte.com\/de\/shop\/?swoof=1&#038;woof_text=Phaunus Pet Nat Brut\">Phaunus Pet Nat Brut<\/a> 2022 bio <a href=\"https:\/\/wein-werte.com\/de\/shop\/?swoof=1&#038;pa_region=Vinho Verde\">Vinho-Verde<\/a> <a href=\"https:\/\/wein-werte.com\/de\/shop\/?swoof=1&#038;pa_country=Portugal\">Portugal<\/a><\/p>\n<p>Internetseite des Weinguts: <a href=\"https:\/\/aphros-wine.com\/en\/\" target=\"_blank\">https:\/\/aphros-wine.com\/en\/<\/a><\/p>\n","protected":false},"excerpt":{"rendered":"<p>Lieferzeit: 1 bis 2 Arbeitstage (DE), 2 bis 5 Arbeitstage (EU and CH)<\/p>\n","protected":false},"featured_media":1144664,"template":"","meta":[],"product_brand":[],"product_cat":[19],"product_tag":[],"class_list":{"0":"post-1134475","1":"product","2":"type-product","3":"status-publish","4":"has-post-thumbnail","6":"product_cat-unkategorisiert","7":"pa_alcohol-for-filter-10-5","8":"pa_certified-biodynamic-ja-de","9":"pa_certified-organic-ja-de","10":"pa_colour-weiss","11":"pa_country-portugal-de","12":"pa_grape-loureiro-cuvee","13":"pa_price-for-filter-10582","14":"pa_producer-aphros-wine","15":"pa_region-vinho-verde","16":"pa_size-ml-6584","17":"pa_sweetness-trocken-de","18":"pa_type-2-pet-nat-de","19":"pa_vintage-2022-de","20":"entry","21":"has-media","23":"first","24":"instock","25":"taxable","26":"shipping-taxable","27":"purchasable","28":"product-type-simple"},"yoast_head":"<!-- This site is optimized with the Yoast SEO plugin v27.5 - https:\/\/yoast.com\/product\/yoast-seo-wordpress\/ -->\n<title>Aphros Wine Phaunus Pet Nat Brut 2022<\/title>\n<meta name=\"description\" content=\"Kaufe Aphros Wine Phaunus Pet Nat Brut 2022 (Loureiro Cuv\u00e9e, trocken Schaumwein aus Vinho Verde, Portugal) bei Wein Werte, Ihrem nachhaltigen Onlineshop.\" \/>\n<meta name=\"robots\" content=\"index, follow, max-snippet:-1, max-image-preview:large, max-video-preview:-1\" \/>\n<link rel=\"canonical\" href=\"https:\/\/wein-werte.com\/de\/produkt\/aphros-wine-phaunus-pet-nat-brut-2022-750ml\/\" \/>\n<meta property=\"og:locale\" content=\"de_DE\" \/>\n<meta property=\"og:type\" content=\"article\" \/>\n<meta property=\"og:title\" content=\"Aphros Wine Phaunus Pet Nat Brut 2022\" \/>\n<meta property=\"og:description\" content=\"Kaufe Aphros Wine Phaunus Pet Nat Brut 2022 (Loureiro Cuv\u00e9e, trocken Schaumwein aus Vinho Verde, Portugal) bei Wein Werte, Ihrem nachhaltigen Onlineshop.\" \/>\n<meta property=\"og:url\" content=\"https:\/\/wein-werte.com\/de\/produkt\/aphros-wine-phaunus-pet-nat-brut-2022-750ml\/\" \/>\n<meta property=\"og:site_name\" content=\"Wein Werte\" \/>\n<meta property=\"og:image\" content=\"https:\/\/wein-werte.com\/wp-content\/uploads\/2026\/04\/Aphros-Wine-Phaunus-Pet-Nat-Brut-2022-750ml.png\" \/>\n\t<meta property=\"og:image:width\" content=\"357\" \/>\n\t<meta property=\"og:image:height\" content=\"1200\" \/>\n\t<meta property=\"og:image:type\" content=\"image\/png\" \/>\n<meta name=\"twitter:card\" content=\"summary_large_image\" \/>\n<meta name=\"twitter:label1\" content=\"Gesch\u00e4tzte Lesezeit\" \/>\n\t<meta name=\"twitter:data1\" content=\"1\u00a0Minute\" \/>\n<script type=\"application\/ld+json\" class=\"yoast-schema-graph\">{\"@context\":\"https:\\\/\\\/schema.org\",\"@graph\":[{\"@type\":\"WebPage\",\"@id\":\"https:\\\/\\\/wein-werte.com\\\/de\\\/produkt\\\/aphros-wine-phaunus-pet-nat-brut-2022-750ml\\\/\",\"url\":\"https:\\\/\\\/wein-werte.com\\\/de\\\/produkt\\\/aphros-wine-phaunus-pet-nat-brut-2022-750ml\\\/\",\"name\":\"Aphros Wine Phaunus Pet Nat Brut 2022\",\"isPartOf\":{\"@id\":\"https:\\\/\\\/wein-werte.com\\\/de\\\/#website\"},\"primaryImageOfPage\":{\"@id\":\"https:\\\/\\\/wein-werte.com\\\/de\\\/produkt\\\/aphros-wine-phaunus-pet-nat-brut-2022-750ml\\\/#primaryimage\"},\"image\":{\"@id\":\"https:\\\/\\\/wein-werte.com\\\/de\\\/produkt\\\/aphros-wine-phaunus-pet-nat-brut-2022-750ml\\\/#primaryimage\"},\"thumbnailUrl\":\"https:\\\/\\\/wein-werte.com\\\/wp-content\\\/uploads\\\/2026\\\/04\\\/Aphros-Wine-Phaunus-Pet-Nat-Brut-2022-750ml.png\",\"datePublished\":\"2026-05-08T18:07:54+00:00\",\"description\":\"Kaufe Aphros Wine Phaunus Pet Nat Brut 2022 (Loureiro Cuv\u00e9e, trocken Schaumwein aus Vinho Verde, Portugal) bei Wein Werte, Ihrem nachhaltigen Onlineshop.\",\"breadcrumb\":{\"@id\":\"https:\\\/\\\/wein-werte.com\\\/de\\\/produkt\\\/aphros-wine-phaunus-pet-nat-brut-2022-750ml\\\/#breadcrumb\"},\"inLanguage\":\"de\",\"potentialAction\":[{\"@type\":\"ReadAction\",\"target\":[\"https:\\\/\\\/wein-werte.com\\\/de\\\/produkt\\\/aphros-wine-phaunus-pet-nat-brut-2022-750ml\\\/\"]}]},{\"@type\":\"ImageObject\",\"inLanguage\":\"de\",\"@id\":\"https:\\\/\\\/wein-werte.com\\\/de\\\/produkt\\\/aphros-wine-phaunus-pet-nat-brut-2022-750ml\\\/#primaryimage\",\"url\":\"https:\\\/\\\/wein-werte.com\\\/wp-content\\\/uploads\\\/2026\\\/04\\\/Aphros-Wine-Phaunus-Pet-Nat-Brut-2022-750ml.png\",\"contentUrl\":\"https:\\\/\\\/wein-werte.com\\\/wp-content\\\/uploads\\\/2026\\\/04\\\/Aphros-Wine-Phaunus-Pet-Nat-Brut-2022-750ml.png\",\"width\":357,\"height\":1200,\"caption\":\"Aphros Wine Phaunus Pet Nat Brut 2022 750ml\"},{\"@type\":\"BreadcrumbList\",\"@id\":\"https:\\\/\\\/wein-werte.com\\\/de\\\/produkt\\\/aphros-wine-phaunus-pet-nat-brut-2022-750ml\\\/#breadcrumb\",\"itemListElement\":[{\"@type\":\"ListItem\",\"position\":1,\"name\":\"Home\",\"item\":\"https:\\\/\\\/wein-werte.com\\\/de\\\/\"},{\"@type\":\"ListItem\",\"position\":2,\"name\":\"Shop\",\"item\":\"https:\\\/\\\/wein-werte.com\\\/de\\\/shop\\\/\"},{\"@type\":\"ListItem\",\"position\":3,\"name\":\"Aphros Wine | Vinho Verde | Phaunus Pet Nat Brut | 2022 | 750ml | bio\"}]},{\"@type\":\"WebSite\",\"@id\":\"https:\\\/\\\/wein-werte.com\\\/de\\\/#website\",\"url\":\"https:\\\/\\\/wein-werte.com\\\/de\\\/\",\"name\":\"Wein Werte\",\"description\":\"\",\"publisher\":{\"@id\":\"https:\\\/\\\/wein-werte.com\\\/de\\\/#organization\"},\"potentialAction\":[{\"@type\":\"SearchAction\",\"target\":{\"@type\":\"EntryPoint\",\"urlTemplate\":\"https:\\\/\\\/wein-werte.com\\\/de\\\/?s={search_term_string}\"},\"query-input\":{\"@type\":\"PropertyValueSpecification\",\"valueRequired\":true,\"valueName\":\"search_term_string\"}}],\"inLanguage\":\"de\"},{\"@type\":\"Organization\",\"@id\":\"https:\\\/\\\/wein-werte.com\\\/de\\\/#organization\",\"name\":\"Vins Fins Thorrold\",\"url\":\"https:\\\/\\\/wein-werte.com\\\/de\\\/\",\"logo\":{\"@type\":\"ImageObject\",\"inLanguage\":\"de\",\"@id\":\"https:\\\/\\\/wein-werte.com\\\/de\\\/#\\\/schema\\\/logo\\\/image\\\/\",\"url\":\"https:\\\/\\\/wein-werte.com\\\/wp-content\\\/uploads\\\/2023\\\/07\\\/Wein_werte_Logo700-1.png\",\"contentUrl\":\"https:\\\/\\\/wein-werte.com\\\/wp-content\\\/uploads\\\/2023\\\/07\\\/Wein_werte_Logo700-1.png\",\"width\":700,\"height\":272,\"caption\":\"Vins Fins Thorrold\"},\"image\":{\"@id\":\"https:\\\/\\\/wein-werte.com\\\/de\\\/#\\\/schema\\\/logo\\\/image\\\/\"}}]}<\/script>\n<!-- \/ Yoast SEO plugin. -->","yoast_head_json":{"title":"Aphros Wine Phaunus Pet Nat Brut 2022","description":"Kaufe Aphros Wine Phaunus Pet Nat Brut 2022 (Loureiro Cuv\u00e9e, trocken Schaumwein aus Vinho Verde, Portugal) bei Wein Werte, Ihrem nachhaltigen Onlineshop.","robots":{"index":"index","follow":"follow","max-snippet":"max-snippet:-1","max-image-preview":"max-image-preview:large","max-video-preview":"max-video-preview:-1"},"canonical":"https:\/\/wein-werte.com\/de\/produkt\/aphros-wine-phaunus-pet-nat-brut-2022-750ml\/","og_locale":"de_DE","og_type":"article","og_title":"Aphros Wine Phaunus Pet Nat Brut 2022","og_description":"Kaufe Aphros Wine Phaunus Pet Nat Brut 2022 (Loureiro Cuv\u00e9e, trocken Schaumwein aus Vinho Verde, Portugal) bei Wein Werte, Ihrem nachhaltigen Onlineshop.","og_url":"https:\/\/wein-werte.com\/de\/produkt\/aphros-wine-phaunus-pet-nat-brut-2022-750ml\/","og_site_name":"Wein Werte","og_image":[{"width":357,"height":1200,"url":"https:\/\/wein-werte.com\/wp-content\/uploads\/2026\/04\/Aphros-Wine-Phaunus-Pet-Nat-Brut-2022-750ml.png","type":"image\/png"}],"twitter_card":"summary_large_image","twitter_misc":{"Gesch\u00e4tzte Lesezeit":"1\u00a0Minute"},"schema":{"@context":"https:\/\/schema.org","@graph":[{"@type":"WebPage","@id":"https:\/\/wein-werte.com\/de\/produkt\/aphros-wine-phaunus-pet-nat-brut-2022-750ml\/","url":"https:\/\/wein-werte.com\/de\/produkt\/aphros-wine-phaunus-pet-nat-brut-2022-750ml\/","name":"Aphros Wine Phaunus Pet Nat Brut 2022","isPartOf":{"@id":"https:\/\/wein-werte.com\/de\/#website"},"primaryImageOfPage":{"@id":"https:\/\/wein-werte.com\/de\/produkt\/aphros-wine-phaunus-pet-nat-brut-2022-750ml\/#primaryimage"},"image":{"@id":"https:\/\/wein-werte.com\/de\/produkt\/aphros-wine-phaunus-pet-nat-brut-2022-750ml\/#primaryimage"},"thumbnailUrl":"https:\/\/wein-werte.com\/wp-content\/uploads\/2026\/04\/Aphros-Wine-Phaunus-Pet-Nat-Brut-2022-750ml.png","datePublished":"2026-05-08T18:07:54+00:00","description":"Kaufe Aphros Wine Phaunus Pet Nat Brut 2022 (Loureiro Cuv\u00e9e, trocken Schaumwein aus Vinho Verde, Portugal) bei Wein Werte, Ihrem nachhaltigen Onlineshop.","breadcrumb":{"@id":"https:\/\/wein-werte.com\/de\/produkt\/aphros-wine-phaunus-pet-nat-brut-2022-750ml\/#breadcrumb"},"inLanguage":"de","potentialAction":[{"@type":"ReadAction","target":["https:\/\/wein-werte.com\/de\/produkt\/aphros-wine-phaunus-pet-nat-brut-2022-750ml\/"]}]},{"@type":"ImageObject","inLanguage":"de","@id":"https:\/\/wein-werte.com\/de\/produkt\/aphros-wine-phaunus-pet-nat-brut-2022-750ml\/#primaryimage","url":"https:\/\/wein-werte.com\/wp-content\/uploads\/2026\/04\/Aphros-Wine-Phaunus-Pet-Nat-Brut-2022-750ml.png","contentUrl":"https:\/\/wein-werte.com\/wp-content\/uploads\/2026\/04\/Aphros-Wine-Phaunus-Pet-Nat-Brut-2022-750ml.png","width":357,"height":1200,"caption":"Aphros Wine Phaunus Pet Nat Brut 2022 750ml"},{"@type":"BreadcrumbList","@id":"https:\/\/wein-werte.com\/de\/produkt\/aphros-wine-phaunus-pet-nat-brut-2022-750ml\/#breadcrumb","itemListElement":[{"@type":"ListItem","position":1,"name":"Home","item":"https:\/\/wein-werte.com\/de\/"},{"@type":"ListItem","position":2,"name":"Shop","item":"https:\/\/wein-werte.com\/de\/shop\/"},{"@type":"ListItem","position":3,"name":"Aphros Wine | Vinho Verde | Phaunus Pet Nat Brut | 2022 | 750ml | bio"}]},{"@type":"WebSite","@id":"https:\/\/wein-werte.com\/de\/#website","url":"https:\/\/wein-werte.com\/de\/","name":"Wein Werte","description":"","publisher":{"@id":"https:\/\/wein-werte.com\/de\/#organization"},"potentialAction":[{"@type":"SearchAction","target":{"@type":"EntryPoint","urlTemplate":"https:\/\/wein-werte.com\/de\/?s={search_term_string}"},"query-input":{"@type":"PropertyValueSpecification","valueRequired":true,"valueName":"search_term_string"}}],"inLanguage":"de"},{"@type":"Organization","@id":"https:\/\/wein-werte.com\/de\/#organization","name":"Vins Fins Thorrold","url":"https:\/\/wein-werte.com\/de\/","logo":{"@type":"ImageObject","inLanguage":"de","@id":"https:\/\/wein-werte.com\/de\/#\/schema\/logo\/image\/","url":"https:\/\/wein-werte.com\/wp-content\/uploads\/2023\/07\/Wein_werte_Logo700-1.png","contentUrl":"https:\/\/wein-werte.com\/wp-content\/uploads\/2023\/07\/Wein_werte_Logo700-1.png","width":700,"height":272,"caption":"Vins Fins Thorrold"},"image":{"@id":"https:\/\/wein-werte.com\/de\/#\/schema\/logo\/image\/"}}]}},"_links":{"self":[{"href":"https:\/\/wein-werte.com\/de\/wp-json\/wp\/v2\/product\/1134475","targetHints":{"allow":["GET"]}}],"collection":[{"href":"https:\/\/wein-werte.com\/de\/wp-json\/wp\/v2\/product"}],"about":[{"href":"https:\/\/wein-werte.com\/de\/wp-json\/wp\/v2\/types\/product"}],"wp:featuredmedia":[{"embeddable":true,"href":"https:\/\/wein-werte.com\/de\/wp-json\/wp\/v2\/media\/1144664"}],"wp:attachment":[{"href":"https:\/\/wein-werte.com\/de\/wp-json\/wp\/v2\/media?parent=1134475"}],"wp:term":[{"taxonomy":"product_brand","embeddable":true,"href":"https:\/\/wein-werte.com\/de\/wp-json\/wp\/v2\/product_brand?post=1134475"},{"taxonomy":"product_cat","embeddable":true,"href":"https:\/\/wein-werte.com\/de\/wp-json\/wp\/v2\/product_cat?post=1134475"},{"taxonomy":"product_tag","embeddable":true,"href":"https:\/\/wein-werte.com\/de\/wp-json\/wp\/v2\/product_tag?post=1134475"}],"curies":[{"name":"wp","href":"https:\/\/api.w.org\/{rel}","templated":true}]}}