{"id":1134470,"date":"2026-05-08T20:07:54","date_gmt":"2026-05-08T18:07:54","guid":{"rendered":"https:\/\/wein-werte.com\/product\/aphros-wine-aphros-ten-2023-750ml\/"},"modified":"2026-04-27T12:02:32","modified_gmt":"2026-04-27T10:02:32","slug":"aphros-wine-aphros-ten-2023-750ml","status":"publish","type":"product","link":"https:\/\/wein-werte.com\/de\/produkt\/aphros-wine-aphros-ten-2023-750ml\/","title":{"rendered":"Aphros Wine | Vinho Verde | Aphros TEN DOC | 2023 | 750ml | bio"},"content":{"rendered":"<p>Produktbeschreibung f\u00fcr Aphros Wine Aphros TEN DOC 2023 (bio) <\/p>\n<h5>Informationen zum Wein<\/h5>\n<p> Hinter der Aphros-Weinlinie steht der Winzer Vasco Croft im portugiesischen Anbaugebiet Vinho Verde, was \u00fcbersetzt \u201egr\u00fcner Wein\u201c bedeutet. Fragt man in der Region nach, kann niemand so genau sagen, ob sich der Name auf die dort vorherrschende Farbe der Landschaft bezieht oder auf die Weine selbst, die fr\u00fcher oftmals unreif \u201egr\u00fcn\u201c daherkamen. Letzteres ist seit dem Klimawandel nicht mehr der Fall, auch wenn Vinho Verde nach wie vor eine atlantische Region par excellence ist. Vasco Croft betreibt biodynamischen Weinbau, was in der regenreichen Region keine Selbstverst\u00e4ndlichkeit ist und nicht hoch genug eingesch\u00e4tzt werden kann. Der Aphros-Ten wird aus der Wei\u00dfweintraube Loureiro gekeltert, die neben dem Alvarinho der Star des Anbaugebietes ist und knackige Wei\u00dfweine mit viel Textur hervorbringt. <\/p>\n<h5>Farbe<\/h5>\n<p> Helles Gr\u00fcngelb <\/p>\n<h5>Nase<\/h5>\n<p> Der Aphros-Ten 2023 bietet eine erfrischende, helle Nase mit floralen und zitrischen Aromen. Eine Art steinige Mineralit\u00e4t im Hintergrund bildet einen sch\u00f6nen Kontrast und sorgt f\u00fcr Tiefe. <\/p>\n<h5>Gaumen<\/h5>\n<p> Dieser Wei\u00dfwein ist typisch untypisch Vinho Verde. Typisch, weil er \u00fcber eine knackige S\u00e4ure und wenig Alkohol verf\u00fcgt. Untypisch, weil der nicht so sprudelnd s\u00fc\u00df daherkommt, wie die meisten kommerziellen Weine des Gebiets. Stattdessen ist er trocken, mit seidiger Textur und mittlerem K\u00f6rper. Es ist kein \u00fcberm\u00e4\u00dfig komplexer und langer Wein, aber er ist anregend und aromatisch, super trinkig und f\u00fcr seinen Preis hervorragend. <\/p>\n<p>Copyright Vinaturel 2025<\/p>\n<p>Keywords: <a href=\"https:\/\/wein-werte.com\/de\/shop\/?swoof=1&#038;pa_producer=Aphros-Wine\">Aphros Wine<\/a> <a href=\"https:\/\/wein-werte.com\/de\/shop\/?swoof=1&#038;woof_text=Aphros TEN DOC\">Aphros TEN DOC<\/a> 2023 bio <a href=\"https:\/\/wein-werte.com\/de\/shop\/?swoof=1&#038;pa_region=Vinho Verde\">Vinho-Verde<\/a> <a href=\"https:\/\/wein-werte.com\/de\/shop\/?swoof=1&#038;pa_country=Portugal\">Portugal<\/a><\/p>\n<p>Internetseite des Weinguts: <a href=\"https:\/\/aphros-wine.com\/en\/\" target=\"_blank\">https:\/\/aphros-wine.com\/en\/<\/a><\/p>\n","protected":false},"excerpt":{"rendered":"<p>Lieferzeit: 1 bis 2 Arbeitstage (DE), 2 bis 5 Arbeitstage (EU and CH)<\/p>\n","protected":false},"featured_media":1144660,"template":"","meta":[],"product_brand":[],"product_cat":[19],"product_tag":[],"class_list":{"0":"post-1134470","1":"product","2":"type-product","3":"status-publish","4":"has-post-thumbnail","6":"product_cat-unkategorisiert","7":"pa_alcohol-for-filter-12902","8":"pa_certified-biodynamic-ja-de","9":"pa_certified-organic-ja-de","10":"pa_colour-weiss","11":"pa_country-portugal-de","12":"pa_grape-loureiro","13":"pa_price-for-filter-10603","14":"pa_producer-aphros-wine","15":"pa_region-vinho-verde","16":"pa_size-ml-6584","17":"pa_sweetness-trocken-de","18":"pa_type-2-still-de","19":"pa_vintage-2023-de","20":"entry","21":"has-media","23":"first","24":"instock","25":"taxable","26":"shipping-taxable","27":"purchasable","28":"product-type-simple"},"yoast_head":"<!-- This site is optimized with the Yoast SEO plugin v27.5 - https:\/\/yoast.com\/product\/yoast-seo-wordpress\/ -->\n<title>Aphros Wine Aphros TEN 2023<\/title>\n<meta name=\"description\" content=\"Kaufe Aphros Wine Aphros TEN 2023 (Loureiro, trocken aus Vinho Verde, Portugal) bei Wein Werte, Ihrem nachhaltigen Onlineshop.\" \/>\n<meta name=\"robots\" content=\"index, follow, max-snippet:-1, max-image-preview:large, max-video-preview:-1\" \/>\n<link rel=\"canonical\" href=\"https:\/\/wein-werte.com\/de\/produkt\/aphros-wine-aphros-ten-2023-750ml\/\" \/>\n<meta property=\"og:locale\" content=\"de_DE\" \/>\n<meta property=\"og:type\" content=\"article\" \/>\n<meta property=\"og:title\" content=\"Aphros Wine Aphros TEN 2023\" \/>\n<meta property=\"og:description\" content=\"Kaufe Aphros Wine Aphros TEN 2023 (Loureiro, trocken aus Vinho Verde, Portugal) bei Wein Werte, Ihrem nachhaltigen Onlineshop.\" \/>\n<meta property=\"og:url\" content=\"https:\/\/wein-werte.com\/de\/produkt\/aphros-wine-aphros-ten-2023-750ml\/\" \/>\n<meta property=\"og:site_name\" content=\"Wein Werte\" \/>\n<meta property=\"og:image\" content=\"https:\/\/wein-werte.com\/wp-content\/uploads\/2026\/04\/Aphros-Wine-Aphros-TEN-2023-750ml.png\" \/>\n\t<meta property=\"og:image:width\" content=\"320\" \/>\n\t<meta property=\"og:image:height\" content=\"1200\" \/>\n\t<meta property=\"og:image:type\" content=\"image\/png\" \/>\n<meta name=\"twitter:card\" content=\"summary_large_image\" \/>\n<meta name=\"twitter:label1\" content=\"Gesch\u00e4tzte Lesezeit\" \/>\n\t<meta name=\"twitter:data1\" content=\"1\u00a0Minute\" \/>\n<script type=\"application\/ld+json\" class=\"yoast-schema-graph\">{\"@context\":\"https:\\\/\\\/schema.org\",\"@graph\":[{\"@type\":\"WebPage\",\"@id\":\"https:\\\/\\\/wein-werte.com\\\/de\\\/produkt\\\/aphros-wine-aphros-ten-2023-750ml\\\/\",\"url\":\"https:\\\/\\\/wein-werte.com\\\/de\\\/produkt\\\/aphros-wine-aphros-ten-2023-750ml\\\/\",\"name\":\"Aphros Wine Aphros TEN 2023\",\"isPartOf\":{\"@id\":\"https:\\\/\\\/wein-werte.com\\\/de\\\/#website\"},\"primaryImageOfPage\":{\"@id\":\"https:\\\/\\\/wein-werte.com\\\/de\\\/produkt\\\/aphros-wine-aphros-ten-2023-750ml\\\/#primaryimage\"},\"image\":{\"@id\":\"https:\\\/\\\/wein-werte.com\\\/de\\\/produkt\\\/aphros-wine-aphros-ten-2023-750ml\\\/#primaryimage\"},\"thumbnailUrl\":\"https:\\\/\\\/wein-werte.com\\\/wp-content\\\/uploads\\\/2026\\\/04\\\/Aphros-Wine-Aphros-TEN-2023-750ml.png\",\"datePublished\":\"2026-05-08T18:07:54+00:00\",\"description\":\"Kaufe Aphros Wine Aphros TEN 2023 (Loureiro, trocken aus Vinho Verde, Portugal) bei Wein Werte, Ihrem nachhaltigen Onlineshop.\",\"breadcrumb\":{\"@id\":\"https:\\\/\\\/wein-werte.com\\\/de\\\/produkt\\\/aphros-wine-aphros-ten-2023-750ml\\\/#breadcrumb\"},\"inLanguage\":\"de\",\"potentialAction\":[{\"@type\":\"ReadAction\",\"target\":[\"https:\\\/\\\/wein-werte.com\\\/de\\\/produkt\\\/aphros-wine-aphros-ten-2023-750ml\\\/\"]}]},{\"@type\":\"ImageObject\",\"inLanguage\":\"de\",\"@id\":\"https:\\\/\\\/wein-werte.com\\\/de\\\/produkt\\\/aphros-wine-aphros-ten-2023-750ml\\\/#primaryimage\",\"url\":\"https:\\\/\\\/wein-werte.com\\\/wp-content\\\/uploads\\\/2026\\\/04\\\/Aphros-Wine-Aphros-TEN-2023-750ml.png\",\"contentUrl\":\"https:\\\/\\\/wein-werte.com\\\/wp-content\\\/uploads\\\/2026\\\/04\\\/Aphros-Wine-Aphros-TEN-2023-750ml.png\",\"width\":320,\"height\":1200,\"caption\":\"Aphros Wine Aphros TEN DOC 2023 750ml\"},{\"@type\":\"BreadcrumbList\",\"@id\":\"https:\\\/\\\/wein-werte.com\\\/de\\\/produkt\\\/aphros-wine-aphros-ten-2023-750ml\\\/#breadcrumb\",\"itemListElement\":[{\"@type\":\"ListItem\",\"position\":1,\"name\":\"Home\",\"item\":\"https:\\\/\\\/wein-werte.com\\\/de\\\/\"},{\"@type\":\"ListItem\",\"position\":2,\"name\":\"Shop\",\"item\":\"https:\\\/\\\/wein-werte.com\\\/de\\\/shop\\\/\"},{\"@type\":\"ListItem\",\"position\":3,\"name\":\"Aphros Wine | Vinho Verde | Aphros TEN DOC | 2023 | 750ml | bio\"}]},{\"@type\":\"WebSite\",\"@id\":\"https:\\\/\\\/wein-werte.com\\\/de\\\/#website\",\"url\":\"https:\\\/\\\/wein-werte.com\\\/de\\\/\",\"name\":\"Wein Werte\",\"description\":\"\",\"publisher\":{\"@id\":\"https:\\\/\\\/wein-werte.com\\\/de\\\/#organization\"},\"potentialAction\":[{\"@type\":\"SearchAction\",\"target\":{\"@type\":\"EntryPoint\",\"urlTemplate\":\"https:\\\/\\\/wein-werte.com\\\/de\\\/?s={search_term_string}\"},\"query-input\":{\"@type\":\"PropertyValueSpecification\",\"valueRequired\":true,\"valueName\":\"search_term_string\"}}],\"inLanguage\":\"de\"},{\"@type\":\"Organization\",\"@id\":\"https:\\\/\\\/wein-werte.com\\\/de\\\/#organization\",\"name\":\"Vins Fins Thorrold\",\"url\":\"https:\\\/\\\/wein-werte.com\\\/de\\\/\",\"logo\":{\"@type\":\"ImageObject\",\"inLanguage\":\"de\",\"@id\":\"https:\\\/\\\/wein-werte.com\\\/de\\\/#\\\/schema\\\/logo\\\/image\\\/\",\"url\":\"https:\\\/\\\/wein-werte.com\\\/wp-content\\\/uploads\\\/2023\\\/07\\\/Wein_werte_Logo700-1.png\",\"contentUrl\":\"https:\\\/\\\/wein-werte.com\\\/wp-content\\\/uploads\\\/2023\\\/07\\\/Wein_werte_Logo700-1.png\",\"width\":700,\"height\":272,\"caption\":\"Vins Fins Thorrold\"},\"image\":{\"@id\":\"https:\\\/\\\/wein-werte.com\\\/de\\\/#\\\/schema\\\/logo\\\/image\\\/\"}}]}<\/script>\n<!-- \/ Yoast SEO plugin. -->","yoast_head_json":{"title":"Aphros Wine Aphros TEN 2023","description":"Kaufe Aphros Wine Aphros TEN 2023 (Loureiro, trocken aus Vinho Verde, Portugal) bei Wein Werte, Ihrem nachhaltigen Onlineshop.","robots":{"index":"index","follow":"follow","max-snippet":"max-snippet:-1","max-image-preview":"max-image-preview:large","max-video-preview":"max-video-preview:-1"},"canonical":"https:\/\/wein-werte.com\/de\/produkt\/aphros-wine-aphros-ten-2023-750ml\/","og_locale":"de_DE","og_type":"article","og_title":"Aphros Wine Aphros TEN 2023","og_description":"Kaufe Aphros Wine Aphros TEN 2023 (Loureiro, trocken aus Vinho Verde, Portugal) bei Wein Werte, Ihrem nachhaltigen Onlineshop.","og_url":"https:\/\/wein-werte.com\/de\/produkt\/aphros-wine-aphros-ten-2023-750ml\/","og_site_name":"Wein Werte","og_image":[{"width":320,"height":1200,"url":"https:\/\/wein-werte.com\/wp-content\/uploads\/2026\/04\/Aphros-Wine-Aphros-TEN-2023-750ml.png","type":"image\/png"}],"twitter_card":"summary_large_image","twitter_misc":{"Gesch\u00e4tzte Lesezeit":"1\u00a0Minute"},"schema":{"@context":"https:\/\/schema.org","@graph":[{"@type":"WebPage","@id":"https:\/\/wein-werte.com\/de\/produkt\/aphros-wine-aphros-ten-2023-750ml\/","url":"https:\/\/wein-werte.com\/de\/produkt\/aphros-wine-aphros-ten-2023-750ml\/","name":"Aphros Wine Aphros TEN 2023","isPartOf":{"@id":"https:\/\/wein-werte.com\/de\/#website"},"primaryImageOfPage":{"@id":"https:\/\/wein-werte.com\/de\/produkt\/aphros-wine-aphros-ten-2023-750ml\/#primaryimage"},"image":{"@id":"https:\/\/wein-werte.com\/de\/produkt\/aphros-wine-aphros-ten-2023-750ml\/#primaryimage"},"thumbnailUrl":"https:\/\/wein-werte.com\/wp-content\/uploads\/2026\/04\/Aphros-Wine-Aphros-TEN-2023-750ml.png","datePublished":"2026-05-08T18:07:54+00:00","description":"Kaufe Aphros Wine Aphros TEN 2023 (Loureiro, trocken aus Vinho Verde, Portugal) bei Wein Werte, Ihrem nachhaltigen Onlineshop.","breadcrumb":{"@id":"https:\/\/wein-werte.com\/de\/produkt\/aphros-wine-aphros-ten-2023-750ml\/#breadcrumb"},"inLanguage":"de","potentialAction":[{"@type":"ReadAction","target":["https:\/\/wein-werte.com\/de\/produkt\/aphros-wine-aphros-ten-2023-750ml\/"]}]},{"@type":"ImageObject","inLanguage":"de","@id":"https:\/\/wein-werte.com\/de\/produkt\/aphros-wine-aphros-ten-2023-750ml\/#primaryimage","url":"https:\/\/wein-werte.com\/wp-content\/uploads\/2026\/04\/Aphros-Wine-Aphros-TEN-2023-750ml.png","contentUrl":"https:\/\/wein-werte.com\/wp-content\/uploads\/2026\/04\/Aphros-Wine-Aphros-TEN-2023-750ml.png","width":320,"height":1200,"caption":"Aphros Wine Aphros TEN DOC 2023 750ml"},{"@type":"BreadcrumbList","@id":"https:\/\/wein-werte.com\/de\/produkt\/aphros-wine-aphros-ten-2023-750ml\/#breadcrumb","itemListElement":[{"@type":"ListItem","position":1,"name":"Home","item":"https:\/\/wein-werte.com\/de\/"},{"@type":"ListItem","position":2,"name":"Shop","item":"https:\/\/wein-werte.com\/de\/shop\/"},{"@type":"ListItem","position":3,"name":"Aphros Wine | Vinho Verde | Aphros TEN DOC | 2023 | 750ml | bio"}]},{"@type":"WebSite","@id":"https:\/\/wein-werte.com\/de\/#website","url":"https:\/\/wein-werte.com\/de\/","name":"Wein Werte","description":"","publisher":{"@id":"https:\/\/wein-werte.com\/de\/#organization"},"potentialAction":[{"@type":"SearchAction","target":{"@type":"EntryPoint","urlTemplate":"https:\/\/wein-werte.com\/de\/?s={search_term_string}"},"query-input":{"@type":"PropertyValueSpecification","valueRequired":true,"valueName":"search_term_string"}}],"inLanguage":"de"},{"@type":"Organization","@id":"https:\/\/wein-werte.com\/de\/#organization","name":"Vins Fins Thorrold","url":"https:\/\/wein-werte.com\/de\/","logo":{"@type":"ImageObject","inLanguage":"de","@id":"https:\/\/wein-werte.com\/de\/#\/schema\/logo\/image\/","url":"https:\/\/wein-werte.com\/wp-content\/uploads\/2023\/07\/Wein_werte_Logo700-1.png","contentUrl":"https:\/\/wein-werte.com\/wp-content\/uploads\/2023\/07\/Wein_werte_Logo700-1.png","width":700,"height":272,"caption":"Vins Fins Thorrold"},"image":{"@id":"https:\/\/wein-werte.com\/de\/#\/schema\/logo\/image\/"}}]}},"_links":{"self":[{"href":"https:\/\/wein-werte.com\/de\/wp-json\/wp\/v2\/product\/1134470","targetHints":{"allow":["GET"]}}],"collection":[{"href":"https:\/\/wein-werte.com\/de\/wp-json\/wp\/v2\/product"}],"about":[{"href":"https:\/\/wein-werte.com\/de\/wp-json\/wp\/v2\/types\/product"}],"wp:featuredmedia":[{"embeddable":true,"href":"https:\/\/wein-werte.com\/de\/wp-json\/wp\/v2\/media\/1144660"}],"wp:attachment":[{"href":"https:\/\/wein-werte.com\/de\/wp-json\/wp\/v2\/media?parent=1134470"}],"wp:term":[{"taxonomy":"product_brand","embeddable":true,"href":"https:\/\/wein-werte.com\/de\/wp-json\/wp\/v2\/product_brand?post=1134470"},{"taxonomy":"product_cat","embeddable":true,"href":"https:\/\/wein-werte.com\/de\/wp-json\/wp\/v2\/product_cat?post=1134470"},{"taxonomy":"product_tag","embeddable":true,"href":"https:\/\/wein-werte.com\/de\/wp-json\/wp\/v2\/product_tag?post=1134470"}],"curies":[{"name":"wp","href":"https:\/\/api.w.org\/{rel}","templated":true}]}}