{"id":1134462,"date":"2026-05-08T20:07:53","date_gmt":"2026-05-08T18:07:53","guid":{"rendered":"https:\/\/wein-werte.com\/product\/aphros-wine-phaunus-palhete-amphora-2020-750ml\/"},"modified":"2026-04-27T12:02:30","modified_gmt":"2026-04-27T10:02:30","slug":"aphros-wine-phaunus-palhete-amphora-2020-750ml","status":"publish","type":"product","link":"https:\/\/wein-werte.com\/de\/produkt\/aphros-wine-phaunus-palhete-amphora-2020-750ml\/","title":{"rendered":"Aphros Wine | Vinho Verde | Phaunus Palhete, Amphora | 2020 | 750ml | bio"},"content":{"rendered":"<p>Produktbeschreibung f\u00fcr Aphros Wine Phaunus Palhete, Amphora 2020 (bio) <\/p>\n<h5>Info<\/h5>\n<p> Die Herkunft der Trauben ist ein intaktes \u00d6kosystem voller Bienen und Insekten. Die Trauben werden nach der Ernte vollst\u00e4ndig entrappt, angequetscht und nach antiken Methoden gepresst. Die Verg\u00e4rung und Ausbau erfolgen in Tonamphoren. Ohne Stabilisatoren und Filtrationen fand er seinen Weg in die Flasche. <\/p>\n<h5>Farbe<\/h5>\n<p> Leuchtendes Granatapfelrot, zart orangene Reflexe <\/p>\n<h5>Nase<\/h5>\n<p> In der Nase zeigt er sofort seine spielerische Art. Rooibos-Tee und roter Fr\u00fcchtetee buhlen um die Vormachtstellung. Baumrinde, Zimt sowie Nelke, Anis und ger\u00f6stete Koriandersaat setzen reichlich w\u00fcrzige Akzente dazu ab. Fenchel und Artischocke sorgen f\u00fcr zarte vegetabile Noten, die genial mit ein wenig rotem Pfeffer und Wacholder gew\u00fcrzt wirken. Eukalyptus und Minze erg\u00e4nzen um k\u00fchlende, etherische Nuancen. Ein wenig Sauerkirsche, rote Johannisbeere und Walderdbeere treten sehr seri\u00f6s und keineswegs kitschig in Erscheinung. Die Frucht zum Abschluss erg\u00e4nzt diesen doch recht w\u00fcrzigen Portugiesen in Form von Balance sehr sch\u00f6n. <\/p>\n<h5>Gaumen<\/h5>\n<p> Vasco Croft von Aphros Wine liefert uns mit dem 2020 Phaunus Palhete einen enorm schlanken, saftigen Rotwein. Ob als Aperitif oder im Sommer leicht gek\u00fchlt zur Grill-K\u00fcche bietet er sehr vielseitige Einsatzm\u00f6glichkeiten. Seine Finesse, Frische und Leichtigkeit bei 11% Vol. Alkohol sind einmalig. Bei aller Eleganz lebt er von einer aromatischen Tiefe, die man in der Form selten vorfindet. Man k\u00f6nnte die Br\u00fccke zu leichten Mosel-Rieslingen durchaus schlagen. Die W\u00fcrze kommt in \u00e4hnlicher Form zur Nase wieder deutlich zur Geltung. Auch die Assoziationen an roten Fr\u00fcchtetee werden nun mit einer intensiven Kr\u00e4uterw\u00fcrze gepaart. Eine feine Sch\u00e4rfe samt positiven Bitterstoffen belebt den Gaumen um eine weitere Dimension.<\/p>\n<p>Copyright Vinaturel 2025<\/p>\n<p>Keywords: <a href=\"https:\/\/wein-werte.com\/de\/shop\/?swoof=1&#038;pa_producer=Aphros-Wine\">Aphros Wine<\/a> <a href=\"https:\/\/wein-werte.com\/de\/shop\/?swoof=1&#038;woof_text=Phaunus Palhete, Amphora\">Phaunus Palhete, Amphora<\/a> 2020 bio <a href=\"https:\/\/wein-werte.com\/de\/shop\/?swoof=1&#038;pa_region=Vinho Verde\">Vinho-Verde<\/a> <a href=\"https:\/\/wein-werte.com\/de\/shop\/?swoof=1&#038;pa_country=Portugal\">Portugal<\/a><\/p>\n<p>Internetseite des Weinguts: <a href=\"https:\/\/aphros-wine.com\/en\/\" target=\"_blank\">https:\/\/aphros-wine.com\/en\/<\/a><\/p>\n","protected":false},"excerpt":{"rendered":"<p>Lieferzeit: 1 bis 2 Arbeitstage (DE), 2 bis 5 Arbeitstage (EU and CH)<\/p>\n","protected":false},"featured_media":1144654,"template":"","meta":[],"product_brand":[],"product_cat":[19],"product_tag":[],"class_list":{"0":"post-1134462","1":"product","2":"type-product","3":"status-publish","4":"has-post-thumbnail","6":"product_cat-unkategorisiert","7":"pa_alcohol-for-filter-12895","8":"pa_certified-biodynamic-ja-de","9":"pa_certified-organic-ja-de","10":"pa_colour-orange-de","11":"pa_country-portugal-de","12":"pa_grape-loureiro-cuvee","13":"pa_price-for-filter-10582","14":"pa_producer-aphros-wine","15":"pa_region-vinho-verde","16":"pa_size-ml-6584","17":"pa_sweetness-trocken-de","18":"pa_type-2-still-de","19":"pa_vintage-2020-de","20":"entry","21":"has-media","23":"first","24":"instock","25":"taxable","26":"shipping-taxable","27":"purchasable","28":"product-type-simple"},"yoast_head":"<!-- This site is optimized with the Yoast SEO plugin v27.5 - https:\/\/yoast.com\/product\/yoast-seo-wordpress\/ -->\n<title>Aphros Wine Phaunus Palhete Amphora 2020<\/title>\n<meta name=\"description\" content=\"Kaufe Aphros Wine Phaunus Palhete Amphora 2020 (Loureiro Cuv\u00e9e, trocken Orange Wein aus Vinho Verde, Portugal) bei Wein Werte, Ihrem nachhaltigen Onlineshop.\" \/>\n<meta name=\"robots\" content=\"index, follow, max-snippet:-1, max-image-preview:large, max-video-preview:-1\" \/>\n<link rel=\"canonical\" href=\"https:\/\/wein-werte.com\/de\/produkt\/aphros-wine-phaunus-palhete-amphora-2020-750ml\/\" \/>\n<meta property=\"og:locale\" content=\"de_DE\" \/>\n<meta property=\"og:type\" content=\"article\" \/>\n<meta property=\"og:title\" content=\"Aphros Wine Phaunus Palhete Amphora 2020\" \/>\n<meta property=\"og:description\" content=\"Kaufe Aphros Wine Phaunus Palhete Amphora 2020 (Loureiro Cuv\u00e9e, trocken Orange Wein aus Vinho Verde, Portugal) bei Wein Werte, Ihrem nachhaltigen Onlineshop.\" \/>\n<meta property=\"og:url\" content=\"https:\/\/wein-werte.com\/de\/produkt\/aphros-wine-phaunus-palhete-amphora-2020-750ml\/\" \/>\n<meta property=\"og:site_name\" content=\"Wein Werte\" \/>\n<meta property=\"og:image\" content=\"https:\/\/wein-werte.com\/wp-content\/uploads\/2026\/04\/Aphros-Wine-Phaunus-Palhete-Amphora-2020-750ml.png\" \/>\n\t<meta property=\"og:image:width\" content=\"358\" \/>\n\t<meta property=\"og:image:height\" content=\"1200\" \/>\n\t<meta property=\"og:image:type\" content=\"image\/png\" \/>\n<meta name=\"twitter:card\" content=\"summary_large_image\" \/>\n<meta name=\"twitter:label1\" content=\"Gesch\u00e4tzte Lesezeit\" \/>\n\t<meta name=\"twitter:data1\" content=\"1\u00a0Minute\" \/>\n<script type=\"application\/ld+json\" class=\"yoast-schema-graph\">{\"@context\":\"https:\\\/\\\/schema.org\",\"@graph\":[{\"@type\":\"WebPage\",\"@id\":\"https:\\\/\\\/wein-werte.com\\\/de\\\/produkt\\\/aphros-wine-phaunus-palhete-amphora-2020-750ml\\\/\",\"url\":\"https:\\\/\\\/wein-werte.com\\\/de\\\/produkt\\\/aphros-wine-phaunus-palhete-amphora-2020-750ml\\\/\",\"name\":\"Aphros Wine Phaunus Palhete Amphora 2020\",\"isPartOf\":{\"@id\":\"https:\\\/\\\/wein-werte.com\\\/de\\\/#website\"},\"primaryImageOfPage\":{\"@id\":\"https:\\\/\\\/wein-werte.com\\\/de\\\/produkt\\\/aphros-wine-phaunus-palhete-amphora-2020-750ml\\\/#primaryimage\"},\"image\":{\"@id\":\"https:\\\/\\\/wein-werte.com\\\/de\\\/produkt\\\/aphros-wine-phaunus-palhete-amphora-2020-750ml\\\/#primaryimage\"},\"thumbnailUrl\":\"https:\\\/\\\/wein-werte.com\\\/wp-content\\\/uploads\\\/2026\\\/04\\\/Aphros-Wine-Phaunus-Palhete-Amphora-2020-750ml.png\",\"datePublished\":\"2026-05-08T18:07:53+00:00\",\"description\":\"Kaufe Aphros Wine Phaunus Palhete Amphora 2020 (Loureiro Cuv\u00e9e, trocken Orange Wein aus Vinho Verde, Portugal) bei Wein Werte, Ihrem nachhaltigen Onlineshop.\",\"breadcrumb\":{\"@id\":\"https:\\\/\\\/wein-werte.com\\\/de\\\/produkt\\\/aphros-wine-phaunus-palhete-amphora-2020-750ml\\\/#breadcrumb\"},\"inLanguage\":\"de\",\"potentialAction\":[{\"@type\":\"ReadAction\",\"target\":[\"https:\\\/\\\/wein-werte.com\\\/de\\\/produkt\\\/aphros-wine-phaunus-palhete-amphora-2020-750ml\\\/\"]}]},{\"@type\":\"ImageObject\",\"inLanguage\":\"de\",\"@id\":\"https:\\\/\\\/wein-werte.com\\\/de\\\/produkt\\\/aphros-wine-phaunus-palhete-amphora-2020-750ml\\\/#primaryimage\",\"url\":\"https:\\\/\\\/wein-werte.com\\\/wp-content\\\/uploads\\\/2026\\\/04\\\/Aphros-Wine-Phaunus-Palhete-Amphora-2020-750ml.png\",\"contentUrl\":\"https:\\\/\\\/wein-werte.com\\\/wp-content\\\/uploads\\\/2026\\\/04\\\/Aphros-Wine-Phaunus-Palhete-Amphora-2020-750ml.png\",\"width\":358,\"height\":1200,\"caption\":\"Aphros Wine Phaunus Palhete, Amphora 2020 750ml\"},{\"@type\":\"BreadcrumbList\",\"@id\":\"https:\\\/\\\/wein-werte.com\\\/de\\\/produkt\\\/aphros-wine-phaunus-palhete-amphora-2020-750ml\\\/#breadcrumb\",\"itemListElement\":[{\"@type\":\"ListItem\",\"position\":1,\"name\":\"Home\",\"item\":\"https:\\\/\\\/wein-werte.com\\\/de\\\/\"},{\"@type\":\"ListItem\",\"position\":2,\"name\":\"Shop\",\"item\":\"https:\\\/\\\/wein-werte.com\\\/de\\\/shop\\\/\"},{\"@type\":\"ListItem\",\"position\":3,\"name\":\"Aphros Wine | Vinho Verde | Phaunus Palhete, Amphora | 2020 | 750ml | bio\"}]},{\"@type\":\"WebSite\",\"@id\":\"https:\\\/\\\/wein-werte.com\\\/de\\\/#website\",\"url\":\"https:\\\/\\\/wein-werte.com\\\/de\\\/\",\"name\":\"Wein Werte\",\"description\":\"\",\"publisher\":{\"@id\":\"https:\\\/\\\/wein-werte.com\\\/de\\\/#organization\"},\"potentialAction\":[{\"@type\":\"SearchAction\",\"target\":{\"@type\":\"EntryPoint\",\"urlTemplate\":\"https:\\\/\\\/wein-werte.com\\\/de\\\/?s={search_term_string}\"},\"query-input\":{\"@type\":\"PropertyValueSpecification\",\"valueRequired\":true,\"valueName\":\"search_term_string\"}}],\"inLanguage\":\"de\"},{\"@type\":\"Organization\",\"@id\":\"https:\\\/\\\/wein-werte.com\\\/de\\\/#organization\",\"name\":\"Vins Fins Thorrold\",\"url\":\"https:\\\/\\\/wein-werte.com\\\/de\\\/\",\"logo\":{\"@type\":\"ImageObject\",\"inLanguage\":\"de\",\"@id\":\"https:\\\/\\\/wein-werte.com\\\/de\\\/#\\\/schema\\\/logo\\\/image\\\/\",\"url\":\"https:\\\/\\\/wein-werte.com\\\/wp-content\\\/uploads\\\/2023\\\/07\\\/Wein_werte_Logo700-1.png\",\"contentUrl\":\"https:\\\/\\\/wein-werte.com\\\/wp-content\\\/uploads\\\/2023\\\/07\\\/Wein_werte_Logo700-1.png\",\"width\":700,\"height\":272,\"caption\":\"Vins Fins Thorrold\"},\"image\":{\"@id\":\"https:\\\/\\\/wein-werte.com\\\/de\\\/#\\\/schema\\\/logo\\\/image\\\/\"}}]}<\/script>\n<!-- \/ Yoast SEO plugin. -->","yoast_head_json":{"title":"Aphros Wine Phaunus Palhete Amphora 2020","description":"Kaufe Aphros Wine Phaunus Palhete Amphora 2020 (Loureiro Cuv\u00e9e, trocken Orange Wein aus Vinho Verde, Portugal) bei Wein Werte, Ihrem nachhaltigen Onlineshop.","robots":{"index":"index","follow":"follow","max-snippet":"max-snippet:-1","max-image-preview":"max-image-preview:large","max-video-preview":"max-video-preview:-1"},"canonical":"https:\/\/wein-werte.com\/de\/produkt\/aphros-wine-phaunus-palhete-amphora-2020-750ml\/","og_locale":"de_DE","og_type":"article","og_title":"Aphros Wine Phaunus Palhete Amphora 2020","og_description":"Kaufe Aphros Wine Phaunus Palhete Amphora 2020 (Loureiro Cuv\u00e9e, trocken Orange Wein aus Vinho Verde, Portugal) bei Wein Werte, Ihrem nachhaltigen Onlineshop.","og_url":"https:\/\/wein-werte.com\/de\/produkt\/aphros-wine-phaunus-palhete-amphora-2020-750ml\/","og_site_name":"Wein Werte","og_image":[{"width":358,"height":1200,"url":"https:\/\/wein-werte.com\/wp-content\/uploads\/2026\/04\/Aphros-Wine-Phaunus-Palhete-Amphora-2020-750ml.png","type":"image\/png"}],"twitter_card":"summary_large_image","twitter_misc":{"Gesch\u00e4tzte Lesezeit":"1\u00a0Minute"},"schema":{"@context":"https:\/\/schema.org","@graph":[{"@type":"WebPage","@id":"https:\/\/wein-werte.com\/de\/produkt\/aphros-wine-phaunus-palhete-amphora-2020-750ml\/","url":"https:\/\/wein-werte.com\/de\/produkt\/aphros-wine-phaunus-palhete-amphora-2020-750ml\/","name":"Aphros Wine Phaunus Palhete Amphora 2020","isPartOf":{"@id":"https:\/\/wein-werte.com\/de\/#website"},"primaryImageOfPage":{"@id":"https:\/\/wein-werte.com\/de\/produkt\/aphros-wine-phaunus-palhete-amphora-2020-750ml\/#primaryimage"},"image":{"@id":"https:\/\/wein-werte.com\/de\/produkt\/aphros-wine-phaunus-palhete-amphora-2020-750ml\/#primaryimage"},"thumbnailUrl":"https:\/\/wein-werte.com\/wp-content\/uploads\/2026\/04\/Aphros-Wine-Phaunus-Palhete-Amphora-2020-750ml.png","datePublished":"2026-05-08T18:07:53+00:00","description":"Kaufe Aphros Wine Phaunus Palhete Amphora 2020 (Loureiro Cuv\u00e9e, trocken Orange Wein aus Vinho Verde, Portugal) bei Wein Werte, Ihrem nachhaltigen Onlineshop.","breadcrumb":{"@id":"https:\/\/wein-werte.com\/de\/produkt\/aphros-wine-phaunus-palhete-amphora-2020-750ml\/#breadcrumb"},"inLanguage":"de","potentialAction":[{"@type":"ReadAction","target":["https:\/\/wein-werte.com\/de\/produkt\/aphros-wine-phaunus-palhete-amphora-2020-750ml\/"]}]},{"@type":"ImageObject","inLanguage":"de","@id":"https:\/\/wein-werte.com\/de\/produkt\/aphros-wine-phaunus-palhete-amphora-2020-750ml\/#primaryimage","url":"https:\/\/wein-werte.com\/wp-content\/uploads\/2026\/04\/Aphros-Wine-Phaunus-Palhete-Amphora-2020-750ml.png","contentUrl":"https:\/\/wein-werte.com\/wp-content\/uploads\/2026\/04\/Aphros-Wine-Phaunus-Palhete-Amphora-2020-750ml.png","width":358,"height":1200,"caption":"Aphros Wine Phaunus Palhete, Amphora 2020 750ml"},{"@type":"BreadcrumbList","@id":"https:\/\/wein-werte.com\/de\/produkt\/aphros-wine-phaunus-palhete-amphora-2020-750ml\/#breadcrumb","itemListElement":[{"@type":"ListItem","position":1,"name":"Home","item":"https:\/\/wein-werte.com\/de\/"},{"@type":"ListItem","position":2,"name":"Shop","item":"https:\/\/wein-werte.com\/de\/shop\/"},{"@type":"ListItem","position":3,"name":"Aphros Wine | Vinho Verde | Phaunus Palhete, Amphora | 2020 | 750ml | bio"}]},{"@type":"WebSite","@id":"https:\/\/wein-werte.com\/de\/#website","url":"https:\/\/wein-werte.com\/de\/","name":"Wein Werte","description":"","publisher":{"@id":"https:\/\/wein-werte.com\/de\/#organization"},"potentialAction":[{"@type":"SearchAction","target":{"@type":"EntryPoint","urlTemplate":"https:\/\/wein-werte.com\/de\/?s={search_term_string}"},"query-input":{"@type":"PropertyValueSpecification","valueRequired":true,"valueName":"search_term_string"}}],"inLanguage":"de"},{"@type":"Organization","@id":"https:\/\/wein-werte.com\/de\/#organization","name":"Vins Fins Thorrold","url":"https:\/\/wein-werte.com\/de\/","logo":{"@type":"ImageObject","inLanguage":"de","@id":"https:\/\/wein-werte.com\/de\/#\/schema\/logo\/image\/","url":"https:\/\/wein-werte.com\/wp-content\/uploads\/2023\/07\/Wein_werte_Logo700-1.png","contentUrl":"https:\/\/wein-werte.com\/wp-content\/uploads\/2023\/07\/Wein_werte_Logo700-1.png","width":700,"height":272,"caption":"Vins Fins Thorrold"},"image":{"@id":"https:\/\/wein-werte.com\/de\/#\/schema\/logo\/image\/"}}]}},"_links":{"self":[{"href":"https:\/\/wein-werte.com\/de\/wp-json\/wp\/v2\/product\/1134462","targetHints":{"allow":["GET"]}}],"collection":[{"href":"https:\/\/wein-werte.com\/de\/wp-json\/wp\/v2\/product"}],"about":[{"href":"https:\/\/wein-werte.com\/de\/wp-json\/wp\/v2\/types\/product"}],"wp:featuredmedia":[{"embeddable":true,"href":"https:\/\/wein-werte.com\/de\/wp-json\/wp\/v2\/media\/1144654"}],"wp:attachment":[{"href":"https:\/\/wein-werte.com\/de\/wp-json\/wp\/v2\/media?parent=1134462"}],"wp:term":[{"taxonomy":"product_brand","embeddable":true,"href":"https:\/\/wein-werte.com\/de\/wp-json\/wp\/v2\/product_brand?post=1134462"},{"taxonomy":"product_cat","embeddable":true,"href":"https:\/\/wein-werte.com\/de\/wp-json\/wp\/v2\/product_cat?post=1134462"},{"taxonomy":"product_tag","embeddable":true,"href":"https:\/\/wein-werte.com\/de\/wp-json\/wp\/v2\/product_tag?post=1134462"}],"curies":[{"name":"wp","href":"https:\/\/api.w.org\/{rel}","templated":true}]}}