{"id":1134459,"date":"2026-05-05T18:31:22","date_gmt":"2026-05-05T16:31:22","guid":{"rendered":"https:\/\/wein-werte.com\/product\/aphros-wine-aphros-vinhao-2020-750ml\/"},"modified":"2026-04-27T12:02:30","modified_gmt":"2026-04-27T10:02:30","slug":"aphros-wine-aphros-vinhao-2020-750ml","status":"publish","type":"product","link":"https:\/\/wein-werte.com\/de\/produkt\/aphros-wine-aphros-vinhao-2020-750ml\/","title":{"rendered":"Aphros Wine | Vinho Verde | Aphros Vinhao | 2020 | 750ml | bio"},"content":{"rendered":"<p>Produktbeschreibung f\u00fcr Aphros Wine Aphros Vinhao 2020 (bio) <\/p>\n<h5>Info<\/h5>\n<p> 2020 Vinhao tinto besteht zu 100% aus der autochthonen Rebsorte Vinhao. Der Anbau erfolgt biologisch und die Lese selbstredend per Hand. die Maische wird klassisch in Lagares, den antiken Granitbottichen, behandelt und mit den F\u00fc\u00dfen gestampft. Die Fermentation erfolgt spontan mit nat\u00fcrlichen Hefen. <\/p>\n<h5>Farbe<\/h5>\n<p> Dunkles Kirschrot, mit leichter Tr\u00fcbung und violetten Reflexen <\/p>\n<h5>Nase<\/h5>\n<p> Die Nase offenbart deutliche Akzente der Reduktion. Dadurch wirkt er enorm schlank und strotzt vor Finesse. Die zarten 11,5 % Vol. haben auch nichts anderes vermuten lassen. Das raue, atlantische Klima kommt ebenfalls deutlich zur Geltung. Er wirkt wie ein Rotwein fernab von W\u00e4rme, Frucht und Konzentration. Auf angenehm k\u00fchle Weise pr\u00e4sentiert er uns Sauerkirsche, Himbeere und Cassis. Nie \u00fcberladen, nicht ansatzweise \u00fcberreif. Der Frucht steht reichlich Gischt, Austernschale und ein wenig frische Alge gegen\u00fcber. Frische Kr\u00e4uter liefern etherische Akzente, w\u00e4hrend schwarze Oliven f\u00fcr dunkle, warme Momente sorgen. Der Einsatz einer schmalen Karaffe ist sicherlich hilfreich, um die Frucht schneller offen zu legen. <\/p>\n<h5>Gaumen<\/h5>\n<p> Seine wahre St\u00e4rke entwickelt er leicht gek\u00fchlt serviert, also bei ca. 12-13\u00b0C. 2020 Vinhao weist enorm viele schlanke, k\u00fchle und rassige Charaktereigenschaften auf. Die Frucht wirkt wie in Seide geh\u00fcllt. Enorm elegant und feingliedrig. Seine k\u00fchlen Nuancen sorgen f\u00fcr Frische und ordentlich Trinkfluss. Er t\u00e4nzelt f\u00f6rmlich \u00fcber den Gaumen hinweg. Verspielt und zart. Mit seinem saftigen, S\u00e4ure-betonten Wesen l\u00e4sst er kein Glas lange voll. Die Frucht im Nachhall ist enorm von einer wundersch\u00f6nen Sauerkirsche gepr\u00e4gt.<\/p>\n<p>Copyright Vinaturel 2025<\/p>\n<p>Keywords: <a href=\"https:\/\/wein-werte.com\/de\/shop\/?swoof=1&#038;pa_producer=Aphros-Wine\">Aphros Wine<\/a> <a href=\"https:\/\/wein-werte.com\/de\/shop\/?swoof=1&#038;woof_text=Aphros Vinhao\">Aphros Vinhao<\/a> 2020 bio <a href=\"https:\/\/wein-werte.com\/de\/shop\/?swoof=1&#038;pa_region=Vinho Verde\">Vinho-Verde<\/a> <a href=\"https:\/\/wein-werte.com\/de\/shop\/?swoof=1&#038;pa_country=Portugal\">Portugal<\/a><\/p>\n<p>Internetseite des Weinguts: <a href=\"https:\/\/aphros-wine.com\/en\/\" target=\"_blank\">https:\/\/aphros-wine.com\/en\/<\/a><\/p>\n","protected":false},"excerpt":{"rendered":"<p>Lieferzeit: 1 bis 2 Arbeitstage (DE), 2 bis 5 Arbeitstage (EU and CH)<\/p>\n","protected":false},"featured_media":1144652,"template":"","meta":[],"product_brand":[],"product_cat":[19],"product_tag":[],"class_list":{"0":"post-1134459","1":"product","2":"type-product","3":"status-publish","4":"has-post-thumbnail","6":"product_cat-unkategorisiert","7":"pa_alcohol-for-filter-11-5","8":"pa_certified-biodynamic-ja-de","9":"pa_certified-organic-ja-de","10":"pa_colour-rot","11":"pa_country-portugal-de","12":"pa_grape-vinhao","13":"pa_price-for-filter-10580","14":"pa_producer-aphros-wine","15":"pa_region-vinho-verde","16":"pa_size-ml-6584","17":"pa_sweetness-trocken-de","18":"pa_type-2-still-de","19":"pa_vintage-2020-de","20":"entry","21":"has-media","23":"first","24":"instock","25":"taxable","26":"shipping-taxable","27":"purchasable","28":"product-type-simple"},"yoast_head":"<!-- This site is optimized with the Yoast SEO plugin v27.5 - https:\/\/yoast.com\/product\/yoast-seo-wordpress\/ -->\n<title>Aphros Wine Aphros Vinhao 2020<\/title>\n<meta name=\"description\" content=\"Kaufe Aphros Wine Aphros Vinhao 2020 (Vinhao, trocken aus Vinho Verde, Portugal) bei Wein Werte, Ihrem nachhaltigen Onlineshop.\" \/>\n<meta name=\"robots\" content=\"index, follow, max-snippet:-1, max-image-preview:large, max-video-preview:-1\" \/>\n<link rel=\"canonical\" href=\"https:\/\/wein-werte.com\/de\/produkt\/aphros-wine-aphros-vinhao-2020-750ml\/\" \/>\n<meta property=\"og:locale\" content=\"de_DE\" \/>\n<meta property=\"og:type\" content=\"article\" \/>\n<meta property=\"og:title\" content=\"Aphros Wine Aphros Vinhao 2020\" \/>\n<meta property=\"og:description\" content=\"Kaufe Aphros Wine Aphros Vinhao 2020 (Vinhao, trocken aus Vinho Verde, Portugal) bei Wein Werte, Ihrem nachhaltigen Onlineshop.\" \/>\n<meta property=\"og:url\" content=\"https:\/\/wein-werte.com\/de\/produkt\/aphros-wine-aphros-vinhao-2020-750ml\/\" \/>\n<meta property=\"og:site_name\" content=\"Wein Werte\" \/>\n<meta property=\"og:image\" content=\"https:\/\/wein-werte.com\/wp-content\/uploads\/2026\/04\/Aphros-Wine-Aphros-Vinhao-2020-750ml.png\" \/>\n\t<meta property=\"og:image:width\" content=\"322\" \/>\n\t<meta property=\"og:image:height\" content=\"1128\" \/>\n\t<meta property=\"og:image:type\" content=\"image\/png\" \/>\n<meta name=\"twitter:card\" content=\"summary_large_image\" \/>\n<meta name=\"twitter:label1\" content=\"Gesch\u00e4tzte Lesezeit\" \/>\n\t<meta name=\"twitter:data1\" content=\"1\u00a0Minute\" \/>\n<script type=\"application\/ld+json\" class=\"yoast-schema-graph\">{\"@context\":\"https:\\\/\\\/schema.org\",\"@graph\":[{\"@type\":\"WebPage\",\"@id\":\"https:\\\/\\\/wein-werte.com\\\/de\\\/produkt\\\/aphros-wine-aphros-vinhao-2020-750ml\\\/\",\"url\":\"https:\\\/\\\/wein-werte.com\\\/de\\\/produkt\\\/aphros-wine-aphros-vinhao-2020-750ml\\\/\",\"name\":\"Aphros Wine Aphros Vinhao 2020\",\"isPartOf\":{\"@id\":\"https:\\\/\\\/wein-werte.com\\\/de\\\/#website\"},\"primaryImageOfPage\":{\"@id\":\"https:\\\/\\\/wein-werte.com\\\/de\\\/produkt\\\/aphros-wine-aphros-vinhao-2020-750ml\\\/#primaryimage\"},\"image\":{\"@id\":\"https:\\\/\\\/wein-werte.com\\\/de\\\/produkt\\\/aphros-wine-aphros-vinhao-2020-750ml\\\/#primaryimage\"},\"thumbnailUrl\":\"https:\\\/\\\/wein-werte.com\\\/wp-content\\\/uploads\\\/2026\\\/04\\\/Aphros-Wine-Aphros-Vinhao-2020-750ml.png\",\"datePublished\":\"2026-05-05T16:31:22+00:00\",\"description\":\"Kaufe Aphros Wine Aphros Vinhao 2020 (Vinhao, trocken aus Vinho Verde, Portugal) bei Wein Werte, Ihrem nachhaltigen Onlineshop.\",\"breadcrumb\":{\"@id\":\"https:\\\/\\\/wein-werte.com\\\/de\\\/produkt\\\/aphros-wine-aphros-vinhao-2020-750ml\\\/#breadcrumb\"},\"inLanguage\":\"de\",\"potentialAction\":[{\"@type\":\"ReadAction\",\"target\":[\"https:\\\/\\\/wein-werte.com\\\/de\\\/produkt\\\/aphros-wine-aphros-vinhao-2020-750ml\\\/\"]}]},{\"@type\":\"ImageObject\",\"inLanguage\":\"de\",\"@id\":\"https:\\\/\\\/wein-werte.com\\\/de\\\/produkt\\\/aphros-wine-aphros-vinhao-2020-750ml\\\/#primaryimage\",\"url\":\"https:\\\/\\\/wein-werte.com\\\/wp-content\\\/uploads\\\/2026\\\/04\\\/Aphros-Wine-Aphros-Vinhao-2020-750ml.png\",\"contentUrl\":\"https:\\\/\\\/wein-werte.com\\\/wp-content\\\/uploads\\\/2026\\\/04\\\/Aphros-Wine-Aphros-Vinhao-2020-750ml.png\",\"width\":322,\"height\":1128,\"caption\":\"Aphros Wine Aphros Vinhao 2020 750ml\"},{\"@type\":\"BreadcrumbList\",\"@id\":\"https:\\\/\\\/wein-werte.com\\\/de\\\/produkt\\\/aphros-wine-aphros-vinhao-2020-750ml\\\/#breadcrumb\",\"itemListElement\":[{\"@type\":\"ListItem\",\"position\":1,\"name\":\"Home\",\"item\":\"https:\\\/\\\/wein-werte.com\\\/de\\\/\"},{\"@type\":\"ListItem\",\"position\":2,\"name\":\"Shop\",\"item\":\"https:\\\/\\\/wein-werte.com\\\/de\\\/shop\\\/\"},{\"@type\":\"ListItem\",\"position\":3,\"name\":\"Aphros Wine | Vinho Verde | Aphros Vinhao | 2020 | 750ml | bio\"}]},{\"@type\":\"WebSite\",\"@id\":\"https:\\\/\\\/wein-werte.com\\\/de\\\/#website\",\"url\":\"https:\\\/\\\/wein-werte.com\\\/de\\\/\",\"name\":\"Wein Werte\",\"description\":\"\",\"publisher\":{\"@id\":\"https:\\\/\\\/wein-werte.com\\\/de\\\/#organization\"},\"potentialAction\":[{\"@type\":\"SearchAction\",\"target\":{\"@type\":\"EntryPoint\",\"urlTemplate\":\"https:\\\/\\\/wein-werte.com\\\/de\\\/?s={search_term_string}\"},\"query-input\":{\"@type\":\"PropertyValueSpecification\",\"valueRequired\":true,\"valueName\":\"search_term_string\"}}],\"inLanguage\":\"de\"},{\"@type\":\"Organization\",\"@id\":\"https:\\\/\\\/wein-werte.com\\\/de\\\/#organization\",\"name\":\"Vins Fins Thorrold\",\"url\":\"https:\\\/\\\/wein-werte.com\\\/de\\\/\",\"logo\":{\"@type\":\"ImageObject\",\"inLanguage\":\"de\",\"@id\":\"https:\\\/\\\/wein-werte.com\\\/de\\\/#\\\/schema\\\/logo\\\/image\\\/\",\"url\":\"https:\\\/\\\/wein-werte.com\\\/wp-content\\\/uploads\\\/2023\\\/07\\\/Wein_werte_Logo700-1.png\",\"contentUrl\":\"https:\\\/\\\/wein-werte.com\\\/wp-content\\\/uploads\\\/2023\\\/07\\\/Wein_werte_Logo700-1.png\",\"width\":700,\"height\":272,\"caption\":\"Vins Fins Thorrold\"},\"image\":{\"@id\":\"https:\\\/\\\/wein-werte.com\\\/de\\\/#\\\/schema\\\/logo\\\/image\\\/\"}}]}<\/script>\n<!-- \/ Yoast SEO plugin. -->","yoast_head_json":{"title":"Aphros Wine Aphros Vinhao 2020","description":"Kaufe Aphros Wine Aphros Vinhao 2020 (Vinhao, trocken aus Vinho Verde, Portugal) bei Wein Werte, Ihrem nachhaltigen Onlineshop.","robots":{"index":"index","follow":"follow","max-snippet":"max-snippet:-1","max-image-preview":"max-image-preview:large","max-video-preview":"max-video-preview:-1"},"canonical":"https:\/\/wein-werte.com\/de\/produkt\/aphros-wine-aphros-vinhao-2020-750ml\/","og_locale":"de_DE","og_type":"article","og_title":"Aphros Wine Aphros Vinhao 2020","og_description":"Kaufe Aphros Wine Aphros Vinhao 2020 (Vinhao, trocken aus Vinho Verde, Portugal) bei Wein Werte, Ihrem nachhaltigen Onlineshop.","og_url":"https:\/\/wein-werte.com\/de\/produkt\/aphros-wine-aphros-vinhao-2020-750ml\/","og_site_name":"Wein Werte","og_image":[{"width":322,"height":1128,"url":"https:\/\/wein-werte.com\/wp-content\/uploads\/2026\/04\/Aphros-Wine-Aphros-Vinhao-2020-750ml.png","type":"image\/png"}],"twitter_card":"summary_large_image","twitter_misc":{"Gesch\u00e4tzte Lesezeit":"1\u00a0Minute"},"schema":{"@context":"https:\/\/schema.org","@graph":[{"@type":"WebPage","@id":"https:\/\/wein-werte.com\/de\/produkt\/aphros-wine-aphros-vinhao-2020-750ml\/","url":"https:\/\/wein-werte.com\/de\/produkt\/aphros-wine-aphros-vinhao-2020-750ml\/","name":"Aphros Wine Aphros Vinhao 2020","isPartOf":{"@id":"https:\/\/wein-werte.com\/de\/#website"},"primaryImageOfPage":{"@id":"https:\/\/wein-werte.com\/de\/produkt\/aphros-wine-aphros-vinhao-2020-750ml\/#primaryimage"},"image":{"@id":"https:\/\/wein-werte.com\/de\/produkt\/aphros-wine-aphros-vinhao-2020-750ml\/#primaryimage"},"thumbnailUrl":"https:\/\/wein-werte.com\/wp-content\/uploads\/2026\/04\/Aphros-Wine-Aphros-Vinhao-2020-750ml.png","datePublished":"2026-05-05T16:31:22+00:00","description":"Kaufe Aphros Wine Aphros Vinhao 2020 (Vinhao, trocken aus Vinho Verde, Portugal) bei Wein Werte, Ihrem nachhaltigen Onlineshop.","breadcrumb":{"@id":"https:\/\/wein-werte.com\/de\/produkt\/aphros-wine-aphros-vinhao-2020-750ml\/#breadcrumb"},"inLanguage":"de","potentialAction":[{"@type":"ReadAction","target":["https:\/\/wein-werte.com\/de\/produkt\/aphros-wine-aphros-vinhao-2020-750ml\/"]}]},{"@type":"ImageObject","inLanguage":"de","@id":"https:\/\/wein-werte.com\/de\/produkt\/aphros-wine-aphros-vinhao-2020-750ml\/#primaryimage","url":"https:\/\/wein-werte.com\/wp-content\/uploads\/2026\/04\/Aphros-Wine-Aphros-Vinhao-2020-750ml.png","contentUrl":"https:\/\/wein-werte.com\/wp-content\/uploads\/2026\/04\/Aphros-Wine-Aphros-Vinhao-2020-750ml.png","width":322,"height":1128,"caption":"Aphros Wine Aphros Vinhao 2020 750ml"},{"@type":"BreadcrumbList","@id":"https:\/\/wein-werte.com\/de\/produkt\/aphros-wine-aphros-vinhao-2020-750ml\/#breadcrumb","itemListElement":[{"@type":"ListItem","position":1,"name":"Home","item":"https:\/\/wein-werte.com\/de\/"},{"@type":"ListItem","position":2,"name":"Shop","item":"https:\/\/wein-werte.com\/de\/shop\/"},{"@type":"ListItem","position":3,"name":"Aphros Wine | Vinho Verde | Aphros Vinhao | 2020 | 750ml | bio"}]},{"@type":"WebSite","@id":"https:\/\/wein-werte.com\/de\/#website","url":"https:\/\/wein-werte.com\/de\/","name":"Wein Werte","description":"","publisher":{"@id":"https:\/\/wein-werte.com\/de\/#organization"},"potentialAction":[{"@type":"SearchAction","target":{"@type":"EntryPoint","urlTemplate":"https:\/\/wein-werte.com\/de\/?s={search_term_string}"},"query-input":{"@type":"PropertyValueSpecification","valueRequired":true,"valueName":"search_term_string"}}],"inLanguage":"de"},{"@type":"Organization","@id":"https:\/\/wein-werte.com\/de\/#organization","name":"Vins Fins Thorrold","url":"https:\/\/wein-werte.com\/de\/","logo":{"@type":"ImageObject","inLanguage":"de","@id":"https:\/\/wein-werte.com\/de\/#\/schema\/logo\/image\/","url":"https:\/\/wein-werte.com\/wp-content\/uploads\/2023\/07\/Wein_werte_Logo700-1.png","contentUrl":"https:\/\/wein-werte.com\/wp-content\/uploads\/2023\/07\/Wein_werte_Logo700-1.png","width":700,"height":272,"caption":"Vins Fins Thorrold"},"image":{"@id":"https:\/\/wein-werte.com\/de\/#\/schema\/logo\/image\/"}}]}},"_links":{"self":[{"href":"https:\/\/wein-werte.com\/de\/wp-json\/wp\/v2\/product\/1134459","targetHints":{"allow":["GET"]}}],"collection":[{"href":"https:\/\/wein-werte.com\/de\/wp-json\/wp\/v2\/product"}],"about":[{"href":"https:\/\/wein-werte.com\/de\/wp-json\/wp\/v2\/types\/product"}],"wp:featuredmedia":[{"embeddable":true,"href":"https:\/\/wein-werte.com\/de\/wp-json\/wp\/v2\/media\/1144652"}],"wp:attachment":[{"href":"https:\/\/wein-werte.com\/de\/wp-json\/wp\/v2\/media?parent=1134459"}],"wp:term":[{"taxonomy":"product_brand","embeddable":true,"href":"https:\/\/wein-werte.com\/de\/wp-json\/wp\/v2\/product_brand?post=1134459"},{"taxonomy":"product_cat","embeddable":true,"href":"https:\/\/wein-werte.com\/de\/wp-json\/wp\/v2\/product_cat?post=1134459"},{"taxonomy":"product_tag","embeddable":true,"href":"https:\/\/wein-werte.com\/de\/wp-json\/wp\/v2\/product_tag?post=1134459"}],"curies":[{"name":"wp","href":"https:\/\/api.w.org\/{rel}","templated":true}]}}