{"id":1134363,"date":"2026-05-05T18:31:17","date_gmt":"2026-05-05T16:31:17","guid":{"rendered":"https:\/\/wein-werte.com\/product\/celler-credo-and-the-winner-is-2023-750ml\/"},"modified":"2026-04-27T12:02:18","modified_gmt":"2026-04-27T10:02:18","slug":"celler-credo-and-the-winner-is-2023-750ml","status":"publish","type":"product","link":"https:\/\/wein-werte.com\/de\/produkt\/celler-credo-and-the-winner-is-2023-750ml\/","title":{"rendered":"Celler Credo | Penedes | And the Winner is\u2026 | 2023 | 750ml | bio"},"content":{"rendered":"<p>Produktbeschreibung f\u00fcr Celler Credo And the Winner is\u2026 2023 (bio)<\/p>\n<h5>Info<\/h5>\n<p> Der Pet-Nat wird aus Pansa Blanca (Xarel-lo) gewonnen. Die Reben stehen direkt am Mittelmeer auf sandigen Granitb\u00f6den in einer H\u00f6he von 100 \u2013 220m.  Unter Anwendung der Methode Ancestrale beginnt der Most zu g\u00e4ren und beendet diesen Prozess in den Flaschen. 15 \u2013 24 Monate Reife auf der Hefe folgen.   <\/p>\n<h5><\/h5>\n<h5>Farbe<\/h5>\n<p> Leuchtendes, helles Strohgelb, durchzogen von goldenen Reflexen. Die Perlage zeigt sich zur\u00fcckhaltend, doch lebendig und kleinteilig  \u00a0 <\/p>\n<h5>Nase<\/h5>\n<p> Die Nase \u00f6ffnet sich mit einem komplexen Spannungsbogen aus Hefe, gelber Frucht, Geb\u00e4ck und Nussigkeit. Es duftet nach Hefegeb\u00e4ck, Butterscotch, M\u00fcrbeteig, flankiert von Aprikose, Mirabelle, Pfirsich und Khaki. W\u00fcrzige Akzente wie Zimt, wei\u00dfer Pfeffer und ein Hauch Pflaume runden die Frucht ab. Nussige Noten von Mandeln, Cashew, sowie getrocknete mediterrane Kr\u00e4uter \u2013 Salbei, Thymian, Oregano \u2013 verleihen Tiefe. Der Eindruck ist durchweg kreidig bis kalkig, fein und pr\u00e4zise strukturiert. Im Vergleich zu anderen Cavas wirkt dieses Exemplar weniger zitrisch, daf\u00fcr gelbfruchtiger, mit mehr Volumen und einem auf Birne basierten, breiteren Profil. Trotz traditioneller Machart ist seine Aromatik eigenst\u00e4ndig: gegrillte Ananas, unreife gr\u00fcne Mango, Mirabelle \u2013 alles bleibt hell, transparent und elegant. \u00a0 <\/p>\n<h5>Gaumen<\/h5>\n<p> Die Kohlens\u00e4ure packt gezielt zu, bringt Frische und Struktur. Die Mineralit\u00e4t ist pr\u00e4zise und kreidig, jedoch nicht laut \u2013 sondern pr\u00e4sent, markant und stilvoll zur\u00fcckgenommen. Der Wein bleibt schlank, rassig, animierend \u2013 getragen von einer balancierten Spannung zwischen gelber Frucht, S\u00e4ure und Mineralik. Im Hintergrund offenbaren sich helle Nussnoten \u2013 Mandeln, Kirschkerne, Haseln\u00fcsse \u2013 sowie zarte Ankl\u00e4nge von Linden- und Apfelbl\u00fcten. Die mediterrane W\u00fcrze bleibt subtil und strukturell wirksam. Finesse und breite Zug\u00e4nglichkeit sind klare St\u00e4rken dieses Schaumweins. Er zeigt viel Charakter, bleibt dabei aber charmant, klar und anregend.<\/p>\n<p>Copyright Vinaturel 2025<\/p>\n<p>Keywords: <a href=\"https:\/\/wein-werte.com\/de\/shop\/?swoof=1&#038;pa_producer=Celler-Credo\">Celler Credo<\/a> <a href=\"https:\/\/wein-werte.com\/de\/shop\/?swoof=1&#038;woof_text=And the Winner is\u2026\">And the Winner is\u2026<\/a> 2023 bio <a href=\"https:\/\/wein-werte.com\/de\/shop\/?swoof=1&#038;pa_region=Penedes\">Penedes<\/a> <a href=\"https:\/\/wein-werte.com\/de\/shop\/?swoof=1&#038;pa_country=Spanien\">Spanien<\/a><\/p>\n<h3>Wine Advocate<\/h3>\n<p>Punkte: 90<\/p>\n<p>Der frische und feine Wei\u00dfwein 2023 \u201eAnd the Winner is\u201c, ein w\u00e4hrend der Pandemie entstandener Wein, wurde aus einer Assemblage von Xarel\u00b7lo, Macabeu, Parellada, Garnacha Tinta und Malvas\u00eda de Sitges aus verschiedenen Weinbergen und Weinbereitungen hergestellt, wobei Moste verwendet wurden, die in der Vergangenheit verworfen und an die Destillerie geschickt wurden. Er ist balsamisch und ein wenig medizinisch, leicht und s\u00fcffig, mit dem freien und charaktervollen Profil der Can Credo-Weine, sauber und pr\u00e4zise, aber mit einer gewissen rustikalen Erdigkeit. Er hat 11 % Alkohol, einen pH-Wert von 3,27 und 4,6 g S\u00e4ure aus einem Jahr, in dem es schwierig war, die Frische und S\u00e4ure zu bewahren, selbst bei Verwendung von Mosten mit h\u00f6herem pH-Wert. Mit der Zeit im Glas kommt die Reife des Jahres etwas deutlicher zum Vorschein. 25.000 Flaschen produziert. Abf\u00fcllung im April 2024.<br \/>Luis Guti\u00e9rrez<\/p>\n<p>Internetseite des Weinguts: <a href=\"https:\/\/www.cellercredo.cat\/cellercredo_en.html\" target=\"_blank\">https:\/\/www.cellercredo.cat\/cellercredo_en.html<\/a><\/p>\n","protected":false},"excerpt":{"rendered":"<p>Lieferzeit: 1 bis 2 Arbeitstage (DE), 2 bis 5 Arbeitstage (EU and CH)<\/p>\n","protected":false},"featured_media":1144580,"template":"","meta":[],"product_brand":[],"product_cat":[19],"product_tag":[],"class_list":{"0":"post-1134363","1":"product","2":"type-product","3":"status-publish","4":"has-post-thumbnail","6":"product_cat-unkategorisiert","7":"pa_alcohol-for-filter-12895","8":"pa_certified-biodynamic-nein-de","9":"pa_certified-organic-ja-de","10":"pa_colour-weiss","11":"pa_country-spanien","12":"pa_grape-xarello-cuvee","13":"pa_parker-points-for-filter-90-de-2","14":"pa_price-for-filter-10630","15":"pa_producer-celler-credo","16":"pa_region-penedes","17":"pa_size-ml-6584","18":"pa_sweetness-trocken-de","19":"pa_type-2-still-de","20":"pa_vintage-2023-de","21":"entry","22":"has-media","24":"first","25":"instock","26":"taxable","27":"shipping-taxable","28":"purchasable","29":"product-type-simple"},"yoast_head":"<!-- This site is optimized with the Yoast SEO plugin v27.5 - https:\/\/yoast.com\/product\/yoast-seo-wordpress\/ -->\n<title>Celler Credo And the Winner is\u2026 2023<\/title>\n<meta name=\"description\" content=\"Kaufe Celler Credo And the Winner is\u2026 2023 (Xarello Cuv\u00e9e, trocken aus Penedes, Spanien) bei Wein Werte, Ihrem nachhaltigen Onlineshop.\" \/>\n<meta name=\"robots\" content=\"index, follow, max-snippet:-1, max-image-preview:large, max-video-preview:-1\" \/>\n<link rel=\"canonical\" href=\"https:\/\/wein-werte.com\/de\/produkt\/celler-credo-and-the-winner-is-2023-750ml\/\" \/>\n<meta property=\"og:locale\" content=\"de_DE\" \/>\n<meta property=\"og:type\" content=\"article\" \/>\n<meta property=\"og:title\" content=\"Celler Credo And the Winner is\u2026 2023\" \/>\n<meta property=\"og:description\" content=\"Kaufe Celler Credo And the Winner is\u2026 2023 (Xarello Cuv\u00e9e, trocken aus Penedes, Spanien) bei Wein Werte, Ihrem nachhaltigen Onlineshop.\" \/>\n<meta property=\"og:url\" content=\"https:\/\/wein-werte.com\/de\/produkt\/celler-credo-and-the-winner-is-2023-750ml\/\" \/>\n<meta property=\"og:site_name\" content=\"Wein Werte\" \/>\n<meta property=\"og:image\" content=\"https:\/\/wein-werte.com\/wp-content\/uploads\/2026\/04\/Celler-Credo-And-the-Winner-is\u2026-2023-750ml.png\" \/>\n\t<meta property=\"og:image:width\" content=\"314\" \/>\n\t<meta property=\"og:image:height\" content=\"1200\" \/>\n\t<meta property=\"og:image:type\" content=\"image\/png\" \/>\n<meta name=\"twitter:card\" content=\"summary_large_image\" \/>\n<meta name=\"twitter:label1\" content=\"Gesch\u00e4tzte Lesezeit\" \/>\n\t<meta name=\"twitter:data1\" content=\"2\u00a0Minuten\" \/>\n<script type=\"application\/ld+json\" class=\"yoast-schema-graph\">{\"@context\":\"https:\\\/\\\/schema.org\",\"@graph\":[{\"@type\":\"WebPage\",\"@id\":\"https:\\\/\\\/wein-werte.com\\\/de\\\/produkt\\\/celler-credo-and-the-winner-is-2023-750ml\\\/\",\"url\":\"https:\\\/\\\/wein-werte.com\\\/de\\\/produkt\\\/celler-credo-and-the-winner-is-2023-750ml\\\/\",\"name\":\"Celler Credo And the Winner is\u2026 2023\",\"isPartOf\":{\"@id\":\"https:\\\/\\\/wein-werte.com\\\/de\\\/#website\"},\"primaryImageOfPage\":{\"@id\":\"https:\\\/\\\/wein-werte.com\\\/de\\\/produkt\\\/celler-credo-and-the-winner-is-2023-750ml\\\/#primaryimage\"},\"image\":{\"@id\":\"https:\\\/\\\/wein-werte.com\\\/de\\\/produkt\\\/celler-credo-and-the-winner-is-2023-750ml\\\/#primaryimage\"},\"thumbnailUrl\":\"https:\\\/\\\/wein-werte.com\\\/wp-content\\\/uploads\\\/2026\\\/04\\\/Celler-Credo-And-the-Winner-is\u2026-2023-750ml.png\",\"datePublished\":\"2026-05-05T16:31:17+00:00\",\"description\":\"Kaufe Celler Credo And the Winner is\u2026 2023 (Xarello Cuv\u00e9e, trocken aus Penedes, Spanien) bei Wein Werte, Ihrem nachhaltigen Onlineshop.\",\"breadcrumb\":{\"@id\":\"https:\\\/\\\/wein-werte.com\\\/de\\\/produkt\\\/celler-credo-and-the-winner-is-2023-750ml\\\/#breadcrumb\"},\"inLanguage\":\"de\",\"potentialAction\":[{\"@type\":\"ReadAction\",\"target\":[\"https:\\\/\\\/wein-werte.com\\\/de\\\/produkt\\\/celler-credo-and-the-winner-is-2023-750ml\\\/\"]}]},{\"@type\":\"ImageObject\",\"inLanguage\":\"de\",\"@id\":\"https:\\\/\\\/wein-werte.com\\\/de\\\/produkt\\\/celler-credo-and-the-winner-is-2023-750ml\\\/#primaryimage\",\"url\":\"https:\\\/\\\/wein-werte.com\\\/wp-content\\\/uploads\\\/2026\\\/04\\\/Celler-Credo-And-the-Winner-is\u2026-2023-750ml.png\",\"contentUrl\":\"https:\\\/\\\/wein-werte.com\\\/wp-content\\\/uploads\\\/2026\\\/04\\\/Celler-Credo-And-the-Winner-is\u2026-2023-750ml.png\",\"width\":314,\"height\":1200,\"caption\":\"Celler Credo And the Winner is\u2026 2023 750ml\"},{\"@type\":\"BreadcrumbList\",\"@id\":\"https:\\\/\\\/wein-werte.com\\\/de\\\/produkt\\\/celler-credo-and-the-winner-is-2023-750ml\\\/#breadcrumb\",\"itemListElement\":[{\"@type\":\"ListItem\",\"position\":1,\"name\":\"Home\",\"item\":\"https:\\\/\\\/wein-werte.com\\\/de\\\/\"},{\"@type\":\"ListItem\",\"position\":2,\"name\":\"Shop\",\"item\":\"https:\\\/\\\/wein-werte.com\\\/de\\\/shop\\\/\"},{\"@type\":\"ListItem\",\"position\":3,\"name\":\"Celler Credo | Penedes | And the Winner is\u2026 | 2023 | 750ml | bio\"}]},{\"@type\":\"WebSite\",\"@id\":\"https:\\\/\\\/wein-werte.com\\\/de\\\/#website\",\"url\":\"https:\\\/\\\/wein-werte.com\\\/de\\\/\",\"name\":\"Wein Werte\",\"description\":\"\",\"publisher\":{\"@id\":\"https:\\\/\\\/wein-werte.com\\\/de\\\/#organization\"},\"potentialAction\":[{\"@type\":\"SearchAction\",\"target\":{\"@type\":\"EntryPoint\",\"urlTemplate\":\"https:\\\/\\\/wein-werte.com\\\/de\\\/?s={search_term_string}\"},\"query-input\":{\"@type\":\"PropertyValueSpecification\",\"valueRequired\":true,\"valueName\":\"search_term_string\"}}],\"inLanguage\":\"de\"},{\"@type\":\"Organization\",\"@id\":\"https:\\\/\\\/wein-werte.com\\\/de\\\/#organization\",\"name\":\"Vins Fins Thorrold\",\"url\":\"https:\\\/\\\/wein-werte.com\\\/de\\\/\",\"logo\":{\"@type\":\"ImageObject\",\"inLanguage\":\"de\",\"@id\":\"https:\\\/\\\/wein-werte.com\\\/de\\\/#\\\/schema\\\/logo\\\/image\\\/\",\"url\":\"https:\\\/\\\/wein-werte.com\\\/wp-content\\\/uploads\\\/2023\\\/07\\\/Wein_werte_Logo700-1.png\",\"contentUrl\":\"https:\\\/\\\/wein-werte.com\\\/wp-content\\\/uploads\\\/2023\\\/07\\\/Wein_werte_Logo700-1.png\",\"width\":700,\"height\":272,\"caption\":\"Vins Fins Thorrold\"},\"image\":{\"@id\":\"https:\\\/\\\/wein-werte.com\\\/de\\\/#\\\/schema\\\/logo\\\/image\\\/\"}}]}<\/script>\n<!-- \/ Yoast SEO plugin. -->","yoast_head_json":{"title":"Celler Credo And the Winner is\u2026 2023","description":"Kaufe Celler Credo And the Winner is\u2026 2023 (Xarello Cuv\u00e9e, trocken aus Penedes, Spanien) bei Wein Werte, Ihrem nachhaltigen Onlineshop.","robots":{"index":"index","follow":"follow","max-snippet":"max-snippet:-1","max-image-preview":"max-image-preview:large","max-video-preview":"max-video-preview:-1"},"canonical":"https:\/\/wein-werte.com\/de\/produkt\/celler-credo-and-the-winner-is-2023-750ml\/","og_locale":"de_DE","og_type":"article","og_title":"Celler Credo And the Winner is\u2026 2023","og_description":"Kaufe Celler Credo And the Winner is\u2026 2023 (Xarello Cuv\u00e9e, trocken aus Penedes, Spanien) bei Wein Werte, Ihrem nachhaltigen Onlineshop.","og_url":"https:\/\/wein-werte.com\/de\/produkt\/celler-credo-and-the-winner-is-2023-750ml\/","og_site_name":"Wein Werte","og_image":[{"width":314,"height":1200,"url":"https:\/\/wein-werte.com\/wp-content\/uploads\/2026\/04\/Celler-Credo-And-the-Winner-is\u2026-2023-750ml.png","type":"image\/png"}],"twitter_card":"summary_large_image","twitter_misc":{"Gesch\u00e4tzte Lesezeit":"2\u00a0Minuten"},"schema":{"@context":"https:\/\/schema.org","@graph":[{"@type":"WebPage","@id":"https:\/\/wein-werte.com\/de\/produkt\/celler-credo-and-the-winner-is-2023-750ml\/","url":"https:\/\/wein-werte.com\/de\/produkt\/celler-credo-and-the-winner-is-2023-750ml\/","name":"Celler Credo And the Winner is\u2026 2023","isPartOf":{"@id":"https:\/\/wein-werte.com\/de\/#website"},"primaryImageOfPage":{"@id":"https:\/\/wein-werte.com\/de\/produkt\/celler-credo-and-the-winner-is-2023-750ml\/#primaryimage"},"image":{"@id":"https:\/\/wein-werte.com\/de\/produkt\/celler-credo-and-the-winner-is-2023-750ml\/#primaryimage"},"thumbnailUrl":"https:\/\/wein-werte.com\/wp-content\/uploads\/2026\/04\/Celler-Credo-And-the-Winner-is\u2026-2023-750ml.png","datePublished":"2026-05-05T16:31:17+00:00","description":"Kaufe Celler Credo And the Winner is\u2026 2023 (Xarello Cuv\u00e9e, trocken aus Penedes, Spanien) bei Wein Werte, Ihrem nachhaltigen Onlineshop.","breadcrumb":{"@id":"https:\/\/wein-werte.com\/de\/produkt\/celler-credo-and-the-winner-is-2023-750ml\/#breadcrumb"},"inLanguage":"de","potentialAction":[{"@type":"ReadAction","target":["https:\/\/wein-werte.com\/de\/produkt\/celler-credo-and-the-winner-is-2023-750ml\/"]}]},{"@type":"ImageObject","inLanguage":"de","@id":"https:\/\/wein-werte.com\/de\/produkt\/celler-credo-and-the-winner-is-2023-750ml\/#primaryimage","url":"https:\/\/wein-werte.com\/wp-content\/uploads\/2026\/04\/Celler-Credo-And-the-Winner-is\u2026-2023-750ml.png","contentUrl":"https:\/\/wein-werte.com\/wp-content\/uploads\/2026\/04\/Celler-Credo-And-the-Winner-is\u2026-2023-750ml.png","width":314,"height":1200,"caption":"Celler Credo And the Winner is\u2026 2023 750ml"},{"@type":"BreadcrumbList","@id":"https:\/\/wein-werte.com\/de\/produkt\/celler-credo-and-the-winner-is-2023-750ml\/#breadcrumb","itemListElement":[{"@type":"ListItem","position":1,"name":"Home","item":"https:\/\/wein-werte.com\/de\/"},{"@type":"ListItem","position":2,"name":"Shop","item":"https:\/\/wein-werte.com\/de\/shop\/"},{"@type":"ListItem","position":3,"name":"Celler Credo | Penedes | And the Winner is\u2026 | 2023 | 750ml | bio"}]},{"@type":"WebSite","@id":"https:\/\/wein-werte.com\/de\/#website","url":"https:\/\/wein-werte.com\/de\/","name":"Wein Werte","description":"","publisher":{"@id":"https:\/\/wein-werte.com\/de\/#organization"},"potentialAction":[{"@type":"SearchAction","target":{"@type":"EntryPoint","urlTemplate":"https:\/\/wein-werte.com\/de\/?s={search_term_string}"},"query-input":{"@type":"PropertyValueSpecification","valueRequired":true,"valueName":"search_term_string"}}],"inLanguage":"de"},{"@type":"Organization","@id":"https:\/\/wein-werte.com\/de\/#organization","name":"Vins Fins Thorrold","url":"https:\/\/wein-werte.com\/de\/","logo":{"@type":"ImageObject","inLanguage":"de","@id":"https:\/\/wein-werte.com\/de\/#\/schema\/logo\/image\/","url":"https:\/\/wein-werte.com\/wp-content\/uploads\/2023\/07\/Wein_werte_Logo700-1.png","contentUrl":"https:\/\/wein-werte.com\/wp-content\/uploads\/2023\/07\/Wein_werte_Logo700-1.png","width":700,"height":272,"caption":"Vins Fins Thorrold"},"image":{"@id":"https:\/\/wein-werte.com\/de\/#\/schema\/logo\/image\/"}}]}},"_links":{"self":[{"href":"https:\/\/wein-werte.com\/de\/wp-json\/wp\/v2\/product\/1134363","targetHints":{"allow":["GET"]}}],"collection":[{"href":"https:\/\/wein-werte.com\/de\/wp-json\/wp\/v2\/product"}],"about":[{"href":"https:\/\/wein-werte.com\/de\/wp-json\/wp\/v2\/types\/product"}],"wp:featuredmedia":[{"embeddable":true,"href":"https:\/\/wein-werte.com\/de\/wp-json\/wp\/v2\/media\/1144580"}],"wp:attachment":[{"href":"https:\/\/wein-werte.com\/de\/wp-json\/wp\/v2\/media?parent=1134363"}],"wp:term":[{"taxonomy":"product_brand","embeddable":true,"href":"https:\/\/wein-werte.com\/de\/wp-json\/wp\/v2\/product_brand?post=1134363"},{"taxonomy":"product_cat","embeddable":true,"href":"https:\/\/wein-werte.com\/de\/wp-json\/wp\/v2\/product_cat?post=1134363"},{"taxonomy":"product_tag","embeddable":true,"href":"https:\/\/wein-werte.com\/de\/wp-json\/wp\/v2\/product_tag?post=1134363"}],"curies":[{"name":"wp","href":"https:\/\/api.w.org\/{rel}","templated":true}]}}