{"id":1134353,"date":"2026-05-05T18:31:16","date_gmt":"2026-05-05T16:31:16","guid":{"rendered":"https:\/\/wein-werte.com\/product\/recaredo-turo-den-mota-brut-nature-2011-750ml\/"},"modified":"2026-04-27T12:02:17","modified_gmt":"2026-04-27T10:02:17","slug":"recaredo-turo-den-mota-brut-nature-2011-750ml","status":"publish","type":"product","link":"https:\/\/wein-werte.com\/de\/produkt\/recaredo-turo-den-mota-brut-nature-2011-750ml\/","title":{"rendered":"Recaredo | Cava | Turo d&#8217;en Mota, Brut Nature | 2011 | 750ml | bio"},"content":{"rendered":"<p>Produktbeschreibung f\u00fcr Recaredo Turo d&#8217;en Mota, Brut Nature 2011 (bio)<\/p>\n<h5>Info<\/h5>\n<p> Turo d\u00b4en mota ist ein Monument. 100% Xarel-lo schmeckten mir nie besser. Die Weine dieser Einzellage reifen auf der Hefe in den k\u00fchlen Kellern f\u00fcr mindestens 150 Monate. Der Weinberg ist extrem kalkig und wurde bereits 1940 gepflanzt. Die kleine Parzelle am Wald umfasst knapp unter 1 Hektar und sorgte in diesem Jahrgang f\u00fcr lediglich 2646 Flaschen Ausbeute \u2013 21hl\/ha.  \u00a0 <\/p>\n<h5>Farbe<\/h5>\n<p> Leuchtendes Goldgelb mit hellen du zartgr\u00fcnen Reflexen bei gleichm\u00e4\u00dfiger und kleiner Perlage. Die Perlage bleibt enorm lange auf gleichem Niveau konsistent. \u00a0 <\/p>\n<h5>Nase<\/h5>\n<p> Die Nase erz\u00e4hlt uns reichlich \u00fcber reife Sekund\u00e4raromatik sowie wilde Aromen. Dieser \u00fcberraschen zun\u00e4chst, weil sie dem sonst g\u00e4ngigen v\u00f6llig entfallen, aber gut so. Kurkuma und Khaki erlauben eine sensorische Reise in den Orient. Reife Aprikose und Mirabelle sowie Nelke und Piment sorgen f\u00fcr eine dazu stimmige Mischung aus Frucht und W\u00fcrze gleicherma\u00dfen. In Summe bleibt er dabei immer subtil und erwachsen. Seine K\u00fchle ist ausschlaggebend und bestimmend \u00fcber den gesamten Verlauf. Die Lange Reife auf der Hefe hinterl\u00e4sst selbstverst\u00e4ndlich ihre Spuren. Er ruht dabei v\u00f6llig in sich. Der Corpinnat pr\u00e4sentiert sich bereits in der Nase kreidig und steinig. Subtil wirkt er mediterran, aber deutlicher sind die k\u00fchlen Elemente wie Gischt oder Austernschale klar und deutlich zu erkennen. Salzstein und getrocknete Kr\u00e4uter geben ein stimmiges Finish. \u00a0 \u00a0 <\/p>\n<h5>Gaumen<\/h5>\n<p> All dies manifestiert er mit dem ersten gro\u00dfen Schluck. Er baut auf einem feinen Tannin auf. Druckvoll erschlie\u00dft er den Mundraum und nimmt jede Papille des Gaumens unmittelbar ein. F\u00fcr Minuten wird der Mundraum bestimmt und die Aromen hallen f\u00fcr lange Zeit nach. Die S\u00e4urestruktur schiebt subtil voran, aber ist nat\u00fcrlich in der Reife nicht mehr ganz vordergr\u00fcndig, jedoch bestens integriert. Die Autolyse und der hefige Charakter erkennt man auch an den obligatorischen Brioche-Aromen. Hier sind jedoch die mineralischen, kalkigen Attribute viel intensiver wahrzunehmen. Die Frucht bleibt versteckt im Hintergrund zur\u00fcck. Ein sagenhaftes Mundgef\u00fchl begleitet ihn dabei \u00fcber den gesamten Verlauf und man k\u00f6nnte dies als Referenzwert f\u00fcr Mineralit\u00e4t verstehen. Salziges Finish bei phenolisch druckvoller Struktur. Die Frucht bleibt dezent, die herbalen und mediterranen Aromen bieten daf\u00fcr eine subtile Offenbarung. Ein spektakul\u00e4rer Schaumwein.<\/p>\n<p>Copyright Vinaturel 2025<\/p>\n<p>Keywords: <a href=\"https:\/\/wein-werte.com\/de\/shop\/?swoof=1&#038;pa_producer=Recaredo\">Recaredo<\/a> <a href=\"https:\/\/wein-werte.com\/de\/shop\/?swoof=1&#038;woof_text=Turo d'en Mota, Brut Nature\">Turo d&#8217;en Mota, Brut Nature<\/a> 2011 bio <a href=\"https:\/\/wein-werte.com\/de\/shop\/?swoof=1&#038;pa_region=Cava\">Cava<\/a> <a href=\"https:\/\/wein-werte.com\/de\/shop\/?swoof=1&#038;pa_country=Spanien\">Spanien<\/a><\/p>\n<p>Internetseite des Weinguts: <a href=\"https:\/\/www.recaredo.com\/en\/\" target=\"_blank\">https:\/\/www.recaredo.com\/en\/<\/a><\/p>\n","protected":false},"excerpt":{"rendered":"<p>Lieferzeit: 1 bis 2 Arbeitstage (DE), 2 bis 5 Arbeitstage (EU and CH)<\/p>\n","protected":false},"featured_media":1144572,"template":"","meta":[],"product_brand":[],"product_cat":[19],"product_tag":[],"class_list":{"0":"post-1134353","1":"product","2":"type-product","3":"status-publish","4":"has-post-thumbnail","6":"product_cat-unkategorisiert","7":"pa_alcohol-for-filter-12893","8":"pa_certified-biodynamic-nein-de","9":"pa_certified-organic-ja-de","10":"pa_colour-weiss","11":"pa_country-spanien","12":"pa_grape-xarello","13":"pa_parker-points-for-filter-96-de-2","14":"pa_price-for-filter-10590","15":"pa_producer-recaredo","16":"pa_region-cava","17":"pa_size-ml-6584","18":"pa_sweetness-trocken-de","19":"pa_type-2-cava-de","20":"pa_vintage-2011-de","21":"entry","22":"has-media","24":"first","25":"instock","26":"taxable","27":"shipping-taxable","28":"purchasable","29":"product-type-simple"},"yoast_head":"<!-- This site is optimized with the Yoast SEO plugin v27.5 - https:\/\/yoast.com\/product\/yoast-seo-wordpress\/ -->\n<title>Recaredo Turo d&#039;en Mota Brut Nature 2011<\/title>\n<meta name=\"description\" content=\"Kaufe Recaredo Turo d&#039;en Mota Brut Nature 2011 (Xarello, trocken Schaumwein aus Cava, Spanien) bei Wein Werte, Ihrem nachhaltigen Onlineshop.\" \/>\n<meta name=\"robots\" content=\"index, follow, max-snippet:-1, max-image-preview:large, max-video-preview:-1\" \/>\n<link rel=\"canonical\" href=\"https:\/\/wein-werte.com\/de\/produkt\/recaredo-turo-den-mota-brut-nature-2011-750ml\/\" \/>\n<meta property=\"og:locale\" content=\"de_DE\" \/>\n<meta property=\"og:type\" content=\"article\" \/>\n<meta property=\"og:title\" content=\"Recaredo Turo d&#039;en Mota Brut Nature 2011\" \/>\n<meta property=\"og:description\" content=\"Kaufe Recaredo Turo d&#039;en Mota Brut Nature 2011 (Xarello, trocken Schaumwein aus Cava, Spanien) bei Wein Werte, Ihrem nachhaltigen Onlineshop.\" \/>\n<meta property=\"og:url\" content=\"https:\/\/wein-werte.com\/de\/produkt\/recaredo-turo-den-mota-brut-nature-2011-750ml\/\" \/>\n<meta property=\"og:site_name\" content=\"Wein Werte\" \/>\n<meta property=\"og:image\" content=\"https:\/\/wein-werte.com\/wp-content\/uploads\/2026\/04\/Recaredo-Turo-den-Mota-Brut-Nature-2011-750ml.png\" \/>\n\t<meta property=\"og:image:width\" content=\"327\" \/>\n\t<meta property=\"og:image:height\" content=\"1200\" \/>\n\t<meta property=\"og:image:type\" content=\"image\/png\" \/>\n<meta name=\"twitter:card\" content=\"summary_large_image\" \/>\n<meta name=\"twitter:label1\" content=\"Gesch\u00e4tzte Lesezeit\" \/>\n\t<meta name=\"twitter:data1\" content=\"2\u00a0Minuten\" \/>\n<script type=\"application\/ld+json\" class=\"yoast-schema-graph\">{\"@context\":\"https:\\\/\\\/schema.org\",\"@graph\":[{\"@type\":\"WebPage\",\"@id\":\"https:\\\/\\\/wein-werte.com\\\/de\\\/produkt\\\/recaredo-turo-den-mota-brut-nature-2011-750ml\\\/\",\"url\":\"https:\\\/\\\/wein-werte.com\\\/de\\\/produkt\\\/recaredo-turo-den-mota-brut-nature-2011-750ml\\\/\",\"name\":\"Recaredo Turo d'en Mota Brut Nature 2011\",\"isPartOf\":{\"@id\":\"https:\\\/\\\/wein-werte.com\\\/de\\\/#website\"},\"primaryImageOfPage\":{\"@id\":\"https:\\\/\\\/wein-werte.com\\\/de\\\/produkt\\\/recaredo-turo-den-mota-brut-nature-2011-750ml\\\/#primaryimage\"},\"image\":{\"@id\":\"https:\\\/\\\/wein-werte.com\\\/de\\\/produkt\\\/recaredo-turo-den-mota-brut-nature-2011-750ml\\\/#primaryimage\"},\"thumbnailUrl\":\"https:\\\/\\\/wein-werte.com\\\/wp-content\\\/uploads\\\/2026\\\/04\\\/Recaredo-Turo-den-Mota-Brut-Nature-2011-750ml.png\",\"datePublished\":\"2026-05-05T16:31:16+00:00\",\"description\":\"Kaufe Recaredo Turo d'en Mota Brut Nature 2011 (Xarello, trocken Schaumwein aus Cava, Spanien) bei Wein Werte, Ihrem nachhaltigen Onlineshop.\",\"breadcrumb\":{\"@id\":\"https:\\\/\\\/wein-werte.com\\\/de\\\/produkt\\\/recaredo-turo-den-mota-brut-nature-2011-750ml\\\/#breadcrumb\"},\"inLanguage\":\"de\",\"potentialAction\":[{\"@type\":\"ReadAction\",\"target\":[\"https:\\\/\\\/wein-werte.com\\\/de\\\/produkt\\\/recaredo-turo-den-mota-brut-nature-2011-750ml\\\/\"]}]},{\"@type\":\"ImageObject\",\"inLanguage\":\"de\",\"@id\":\"https:\\\/\\\/wein-werte.com\\\/de\\\/produkt\\\/recaredo-turo-den-mota-brut-nature-2011-750ml\\\/#primaryimage\",\"url\":\"https:\\\/\\\/wein-werte.com\\\/wp-content\\\/uploads\\\/2026\\\/04\\\/Recaredo-Turo-den-Mota-Brut-Nature-2011-750ml.png\",\"contentUrl\":\"https:\\\/\\\/wein-werte.com\\\/wp-content\\\/uploads\\\/2026\\\/04\\\/Recaredo-Turo-den-Mota-Brut-Nature-2011-750ml.png\",\"width\":327,\"height\":1200,\"caption\":\"Recaredo Turo d'en Mota, Brut Nature 2011 750ml\"},{\"@type\":\"BreadcrumbList\",\"@id\":\"https:\\\/\\\/wein-werte.com\\\/de\\\/produkt\\\/recaredo-turo-den-mota-brut-nature-2011-750ml\\\/#breadcrumb\",\"itemListElement\":[{\"@type\":\"ListItem\",\"position\":1,\"name\":\"Home\",\"item\":\"https:\\\/\\\/wein-werte.com\\\/de\\\/\"},{\"@type\":\"ListItem\",\"position\":2,\"name\":\"Shop\",\"item\":\"https:\\\/\\\/wein-werte.com\\\/de\\\/shop\\\/\"},{\"@type\":\"ListItem\",\"position\":3,\"name\":\"Recaredo | Cava | Turo d&#8217;en Mota, Brut Nature | 2011 | 750ml | bio\"}]},{\"@type\":\"WebSite\",\"@id\":\"https:\\\/\\\/wein-werte.com\\\/de\\\/#website\",\"url\":\"https:\\\/\\\/wein-werte.com\\\/de\\\/\",\"name\":\"Wein Werte\",\"description\":\"\",\"publisher\":{\"@id\":\"https:\\\/\\\/wein-werte.com\\\/de\\\/#organization\"},\"potentialAction\":[{\"@type\":\"SearchAction\",\"target\":{\"@type\":\"EntryPoint\",\"urlTemplate\":\"https:\\\/\\\/wein-werte.com\\\/de\\\/?s={search_term_string}\"},\"query-input\":{\"@type\":\"PropertyValueSpecification\",\"valueRequired\":true,\"valueName\":\"search_term_string\"}}],\"inLanguage\":\"de\"},{\"@type\":\"Organization\",\"@id\":\"https:\\\/\\\/wein-werte.com\\\/de\\\/#organization\",\"name\":\"Vins Fins Thorrold\",\"url\":\"https:\\\/\\\/wein-werte.com\\\/de\\\/\",\"logo\":{\"@type\":\"ImageObject\",\"inLanguage\":\"de\",\"@id\":\"https:\\\/\\\/wein-werte.com\\\/de\\\/#\\\/schema\\\/logo\\\/image\\\/\",\"url\":\"https:\\\/\\\/wein-werte.com\\\/wp-content\\\/uploads\\\/2023\\\/07\\\/Wein_werte_Logo700-1.png\",\"contentUrl\":\"https:\\\/\\\/wein-werte.com\\\/wp-content\\\/uploads\\\/2023\\\/07\\\/Wein_werte_Logo700-1.png\",\"width\":700,\"height\":272,\"caption\":\"Vins Fins Thorrold\"},\"image\":{\"@id\":\"https:\\\/\\\/wein-werte.com\\\/de\\\/#\\\/schema\\\/logo\\\/image\\\/\"}}]}<\/script>\n<!-- \/ Yoast SEO plugin. -->","yoast_head_json":{"title":"Recaredo Turo d'en Mota Brut Nature 2011","description":"Kaufe Recaredo Turo d'en Mota Brut Nature 2011 (Xarello, trocken Schaumwein aus Cava, Spanien) bei Wein Werte, Ihrem nachhaltigen Onlineshop.","robots":{"index":"index","follow":"follow","max-snippet":"max-snippet:-1","max-image-preview":"max-image-preview:large","max-video-preview":"max-video-preview:-1"},"canonical":"https:\/\/wein-werte.com\/de\/produkt\/recaredo-turo-den-mota-brut-nature-2011-750ml\/","og_locale":"de_DE","og_type":"article","og_title":"Recaredo Turo d'en Mota Brut Nature 2011","og_description":"Kaufe Recaredo Turo d'en Mota Brut Nature 2011 (Xarello, trocken Schaumwein aus Cava, Spanien) bei Wein Werte, Ihrem nachhaltigen Onlineshop.","og_url":"https:\/\/wein-werte.com\/de\/produkt\/recaredo-turo-den-mota-brut-nature-2011-750ml\/","og_site_name":"Wein Werte","og_image":[{"width":327,"height":1200,"url":"https:\/\/wein-werte.com\/wp-content\/uploads\/2026\/04\/Recaredo-Turo-den-Mota-Brut-Nature-2011-750ml.png","type":"image\/png"}],"twitter_card":"summary_large_image","twitter_misc":{"Gesch\u00e4tzte Lesezeit":"2\u00a0Minuten"},"schema":{"@context":"https:\/\/schema.org","@graph":[{"@type":"WebPage","@id":"https:\/\/wein-werte.com\/de\/produkt\/recaredo-turo-den-mota-brut-nature-2011-750ml\/","url":"https:\/\/wein-werte.com\/de\/produkt\/recaredo-turo-den-mota-brut-nature-2011-750ml\/","name":"Recaredo Turo d'en Mota Brut Nature 2011","isPartOf":{"@id":"https:\/\/wein-werte.com\/de\/#website"},"primaryImageOfPage":{"@id":"https:\/\/wein-werte.com\/de\/produkt\/recaredo-turo-den-mota-brut-nature-2011-750ml\/#primaryimage"},"image":{"@id":"https:\/\/wein-werte.com\/de\/produkt\/recaredo-turo-den-mota-brut-nature-2011-750ml\/#primaryimage"},"thumbnailUrl":"https:\/\/wein-werte.com\/wp-content\/uploads\/2026\/04\/Recaredo-Turo-den-Mota-Brut-Nature-2011-750ml.png","datePublished":"2026-05-05T16:31:16+00:00","description":"Kaufe Recaredo Turo d'en Mota Brut Nature 2011 (Xarello, trocken Schaumwein aus Cava, Spanien) bei Wein Werte, Ihrem nachhaltigen Onlineshop.","breadcrumb":{"@id":"https:\/\/wein-werte.com\/de\/produkt\/recaredo-turo-den-mota-brut-nature-2011-750ml\/#breadcrumb"},"inLanguage":"de","potentialAction":[{"@type":"ReadAction","target":["https:\/\/wein-werte.com\/de\/produkt\/recaredo-turo-den-mota-brut-nature-2011-750ml\/"]}]},{"@type":"ImageObject","inLanguage":"de","@id":"https:\/\/wein-werte.com\/de\/produkt\/recaredo-turo-den-mota-brut-nature-2011-750ml\/#primaryimage","url":"https:\/\/wein-werte.com\/wp-content\/uploads\/2026\/04\/Recaredo-Turo-den-Mota-Brut-Nature-2011-750ml.png","contentUrl":"https:\/\/wein-werte.com\/wp-content\/uploads\/2026\/04\/Recaredo-Turo-den-Mota-Brut-Nature-2011-750ml.png","width":327,"height":1200,"caption":"Recaredo Turo d'en Mota, Brut Nature 2011 750ml"},{"@type":"BreadcrumbList","@id":"https:\/\/wein-werte.com\/de\/produkt\/recaredo-turo-den-mota-brut-nature-2011-750ml\/#breadcrumb","itemListElement":[{"@type":"ListItem","position":1,"name":"Home","item":"https:\/\/wein-werte.com\/de\/"},{"@type":"ListItem","position":2,"name":"Shop","item":"https:\/\/wein-werte.com\/de\/shop\/"},{"@type":"ListItem","position":3,"name":"Recaredo | Cava | Turo d&#8217;en Mota, Brut Nature | 2011 | 750ml | bio"}]},{"@type":"WebSite","@id":"https:\/\/wein-werte.com\/de\/#website","url":"https:\/\/wein-werte.com\/de\/","name":"Wein Werte","description":"","publisher":{"@id":"https:\/\/wein-werte.com\/de\/#organization"},"potentialAction":[{"@type":"SearchAction","target":{"@type":"EntryPoint","urlTemplate":"https:\/\/wein-werte.com\/de\/?s={search_term_string}"},"query-input":{"@type":"PropertyValueSpecification","valueRequired":true,"valueName":"search_term_string"}}],"inLanguage":"de"},{"@type":"Organization","@id":"https:\/\/wein-werte.com\/de\/#organization","name":"Vins Fins Thorrold","url":"https:\/\/wein-werte.com\/de\/","logo":{"@type":"ImageObject","inLanguage":"de","@id":"https:\/\/wein-werte.com\/de\/#\/schema\/logo\/image\/","url":"https:\/\/wein-werte.com\/wp-content\/uploads\/2023\/07\/Wein_werte_Logo700-1.png","contentUrl":"https:\/\/wein-werte.com\/wp-content\/uploads\/2023\/07\/Wein_werte_Logo700-1.png","width":700,"height":272,"caption":"Vins Fins Thorrold"},"image":{"@id":"https:\/\/wein-werte.com\/de\/#\/schema\/logo\/image\/"}}]}},"_links":{"self":[{"href":"https:\/\/wein-werte.com\/de\/wp-json\/wp\/v2\/product\/1134353","targetHints":{"allow":["GET"]}}],"collection":[{"href":"https:\/\/wein-werte.com\/de\/wp-json\/wp\/v2\/product"}],"about":[{"href":"https:\/\/wein-werte.com\/de\/wp-json\/wp\/v2\/types\/product"}],"wp:featuredmedia":[{"embeddable":true,"href":"https:\/\/wein-werte.com\/de\/wp-json\/wp\/v2\/media\/1144572"}],"wp:attachment":[{"href":"https:\/\/wein-werte.com\/de\/wp-json\/wp\/v2\/media?parent=1134353"}],"wp:term":[{"taxonomy":"product_brand","embeddable":true,"href":"https:\/\/wein-werte.com\/de\/wp-json\/wp\/v2\/product_brand?post=1134353"},{"taxonomy":"product_cat","embeddable":true,"href":"https:\/\/wein-werte.com\/de\/wp-json\/wp\/v2\/product_cat?post=1134353"},{"taxonomy":"product_tag","embeddable":true,"href":"https:\/\/wein-werte.com\/de\/wp-json\/wp\/v2\/product_tag?post=1134353"}],"curies":[{"name":"wp","href":"https:\/\/api.w.org\/{rel}","templated":true}]}}