{"id":1134315,"date":"2026-05-05T18:31:15","date_gmt":"2026-05-05T16:31:15","guid":{"rendered":"https:\/\/wein-werte.com\/product\/recaredo-bufadors-les-voranes-brut-nature-2019-750ml\/"},"modified":"2026-04-27T12:02:12","modified_gmt":"2026-04-27T10:02:12","slug":"recaredo-bufadors-les-voranes-brut-nature-2019-750ml","status":"publish","type":"product","link":"https:\/\/wein-werte.com\/de\/produkt\/recaredo-bufadors-les-voranes-brut-nature-2019-750ml\/","title":{"rendered":"Recaredo | Cava | Bufadors, Les Voranes Brut Nature,  | 2019 | 750ml | bio"},"content":{"rendered":"<p>Produktbeschreibung f\u00fcr Recaredo Bufadors, Les Voranes Brut Nature,  2019 (bio) <\/p>\n<h5>Info<\/h5>\n<p> Les Voranes 2019 ist tats\u00e4chlich erst der zweite Jahrgang von dem kleinen Nebenprojekt namens Bufadors von Ton Mata, dessen Familie f\u00fcr Recaredo bekannt ist. Les Voranes bedeutet, der Wienberg, der sehr nahe am Keller steht. 8.028 Flaschen wurden aus den zwei Weinbergen in Can Rossell de la Serra und Torrelavit gewonnen. Xarel-lo und Macabeu wachsen dort auf kalkigen B\u00f6den mit Ton in der oberen Schicht. Der Macabeu wurde am 22.8.2019 per Hand gelesen und erfuhr zwei Tage Maischestandzeit. Der Xarel-lo wurde am 2.9. und 14,9,2019 eingebracht. Ebenfalls per Hand gelesen. Der Teil der Trauben f\u00fcr den G\u00e4ransatz wurde dann am 1.10.2019 geholt und am 8.10.2019 als Tirage erg\u00e4nzt. Das erste Degorgement diese Charge erfolgte am 29.6.2022. Der Les Voranes ist, wie alle Weine bei Recaredo, als Brut Nature ausgebaut. Hierzu wird eine besondere Interpretation der traditionellen Methode verwendet, die noch mehr Fokus auf das Terroir legen soll. Hierzu wird eine Vorg\u00e4rung im Weinberg begonnen, die dann in der Kellerei den Flaschen zur zweiten G\u00e4rung hinzugef\u00fcgt wird. Au\u00dfer diesem vorg\u00e4renden Most wird dem Wein nichts hinzugef\u00fcgt. Die Reife auf der Hefe ist ein elementares Element bei Recaredo. Bei Bufadors kommen die Weine komplett ohne Schwefel aus und reifen f\u00fcr mindestens 2,5 Jahre auf der Hefe. Analytisch weist er bei 10,5% Vol. Alkohol, nur 0,27g\/l Restzucker und 5,4g\/l S\u00e4ure aus. <\/p>\n<h5>Farbe<\/h5>\n<p> Blasses Zitronengelb mit hellen Reflexen. Die Perlage eher grobk\u00f6rnig. <\/p>\n<h5>Nase<\/h5>\n<p> Sehr wilde und hefige Nase. Die Hefekulturen sind deutlich wahrzunehmen und erinnern an g\u00e4renden Sauerteig. Gr\u00fcne Akzente wei\u00df er reichlich aufzubahren. Zitronenmelisse, Kerbel, Fenchelkraut und Zitronenthymian sind dabei dominant. Weizengras, Koriander und Zitronengras sorgen f\u00fcr intensive, ungew\u00f6hnliche Elemente. Vegetabil zeigt er sich durch Fenchel und Artischocke. Typisch f\u00fcr die Region sind auch frisch gehackte Mandeln. Im weiteren Verlauf kommt auch Frucht zum Vorschein. Wei\u00dfer Pfirsich, Apfel hellerer F\u00e4rbung und eine ungewohnte Brise Lychee. Die Balance aus Kr\u00e4uter und Frucht ist sehr gut. Auf mich wirkt er gar nicht so sehr Terroir-bezogen und konsequent wie bei Recaredo \u00fcblich. Er wirkt jugendlicher, aber auch ungezwungener und sehr linear. Einfach eine komplett andere Interpretation. <\/p>\n<h5>Gaumen<\/h5>\n<p> Am Gaumen ist er dann etwas vordergr\u00fcndig und gef\u00e4llig bei leichtem Mousseux. Das Mousseux baut sich immer weiter auf und wirkt schmelzig bis cremig. Der S\u00e4uredruck setzt dann gekonnt ein und bricht ihn auf. Er ist immer zaghaft bis sch\u00fcchtern in seiner aromatischen Auspr\u00e4gung. Seine helle Frucht bleibt unaufdringlich, aber bei hoher Zug\u00e4nglichkeit. Eine mittlere L\u00e4nge zeichnet ihn aus bei nicht allzu fordernder Komplexit\u00e4t. <\/p>\n<p>Copyright Vinaturel 2025<\/p>\n<p>Keywords: <a href=\"https:\/\/wein-werte.com\/de\/shop\/?swoof=1&#038;pa_producer=Recaredo\">Recaredo<\/a> <a href=\"https:\/\/wein-werte.com\/de\/shop\/?swoof=1&#038;woof_text=Bufadors, Les Voranes Brut Nature, \">Bufadors, Les Voranes Brut Nature, <\/a> 2019 bio <a href=\"https:\/\/wein-werte.com\/de\/shop\/?swoof=1&#038;pa_region=Cava\">Cava<\/a> <a href=\"https:\/\/wein-werte.com\/de\/shop\/?swoof=1&#038;pa_country=Spanien\">Spanien<\/a><\/p>\n<p>Internetseite des Weinguts: <a href=\"https:\/\/www.recaredo.com\/en\/\" target=\"_blank\">https:\/\/www.recaredo.com\/en\/<\/a><\/p>\n","protected":false},"excerpt":{"rendered":"<p>Lieferzeit: 1 bis 2 Arbeitstage (DE), 2 bis 5 Arbeitstage (EU and CH)<\/p>\n","protected":false},"featured_media":1144542,"template":"","meta":[],"product_brand":[],"product_cat":[19],"product_tag":[],"class_list":{"0":"post-1134315","1":"product","2":"type-product","3":"status-publish","4":"has-post-thumbnail","6":"product_cat-unkategorisiert","7":"pa_alcohol-for-filter-10-5","8":"pa_certified-biodynamic-nein-de","9":"pa_certified-organic-ja-de","10":"pa_colour-weiss","11":"pa_country-spanien","12":"pa_grape-xarello-cuvee","13":"pa_price-for-filter-10599","14":"pa_producer-recaredo","15":"pa_region-cava","16":"pa_size-ml-6584","17":"pa_sweetness-trocken-de","18":"pa_type-2-cava-de","19":"pa_vintage-2019-de","20":"entry","21":"has-media","23":"first","24":"instock","25":"taxable","26":"shipping-taxable","27":"purchasable","28":"product-type-simple"},"yoast_head":"<!-- This site is optimized with the Yoast SEO plugin v27.5 - https:\/\/yoast.com\/product\/yoast-seo-wordpress\/ -->\n<title>Recaredo Bufadors Les Voranes Brut Nature 2019<\/title>\n<meta name=\"description\" content=\"Kaufe Recaredo Bufadors Les Voranes Brut Nature 2019 (Xarello Cuv\u00e9e, trocken Schaumwein aus Cava, Spanien) bei Wein Werte, Ihrem nachhaltigen Onlineshop.\" \/>\n<meta name=\"robots\" content=\"index, follow, max-snippet:-1, max-image-preview:large, max-video-preview:-1\" \/>\n<link rel=\"canonical\" href=\"https:\/\/wein-werte.com\/de\/produkt\/recaredo-bufadors-les-voranes-brut-nature-2019-750ml\/\" \/>\n<meta property=\"og:locale\" content=\"de_DE\" \/>\n<meta property=\"og:type\" content=\"article\" \/>\n<meta property=\"og:title\" content=\"Recaredo Bufadors Les Voranes Brut Nature 2019\" \/>\n<meta property=\"og:description\" content=\"Kaufe Recaredo Bufadors Les Voranes Brut Nature 2019 (Xarello Cuv\u00e9e, trocken Schaumwein aus Cava, Spanien) bei Wein Werte, Ihrem nachhaltigen Onlineshop.\" \/>\n<meta property=\"og:url\" content=\"https:\/\/wein-werte.com\/de\/produkt\/recaredo-bufadors-les-voranes-brut-nature-2019-750ml\/\" \/>\n<meta property=\"og:site_name\" content=\"Wein Werte\" \/>\n<meta property=\"og:image\" content=\"https:\/\/wein-werte.com\/wp-content\/uploads\/2026\/04\/Recaredo-Bufadors-Les-Voranes-Brut-Nature-2019-750ml.png\" \/>\n\t<meta property=\"og:image:width\" content=\"327\" \/>\n\t<meta property=\"og:image:height\" content=\"1200\" \/>\n\t<meta property=\"og:image:type\" content=\"image\/png\" \/>\n<meta name=\"twitter:card\" content=\"summary_large_image\" \/>\n<meta name=\"twitter:label1\" content=\"Gesch\u00e4tzte Lesezeit\" \/>\n\t<meta name=\"twitter:data1\" content=\"2\u00a0Minuten\" \/>\n<script type=\"application\/ld+json\" class=\"yoast-schema-graph\">{\"@context\":\"https:\\\/\\\/schema.org\",\"@graph\":[{\"@type\":\"WebPage\",\"@id\":\"https:\\\/\\\/wein-werte.com\\\/de\\\/produkt\\\/recaredo-bufadors-les-voranes-brut-nature-2019-750ml\\\/\",\"url\":\"https:\\\/\\\/wein-werte.com\\\/de\\\/produkt\\\/recaredo-bufadors-les-voranes-brut-nature-2019-750ml\\\/\",\"name\":\"Recaredo Bufadors Les Voranes Brut Nature 2019\",\"isPartOf\":{\"@id\":\"https:\\\/\\\/wein-werte.com\\\/de\\\/#website\"},\"primaryImageOfPage\":{\"@id\":\"https:\\\/\\\/wein-werte.com\\\/de\\\/produkt\\\/recaredo-bufadors-les-voranes-brut-nature-2019-750ml\\\/#primaryimage\"},\"image\":{\"@id\":\"https:\\\/\\\/wein-werte.com\\\/de\\\/produkt\\\/recaredo-bufadors-les-voranes-brut-nature-2019-750ml\\\/#primaryimage\"},\"thumbnailUrl\":\"https:\\\/\\\/wein-werte.com\\\/wp-content\\\/uploads\\\/2026\\\/04\\\/Recaredo-Bufadors-Les-Voranes-Brut-Nature-2019-750ml.png\",\"datePublished\":\"2026-05-05T16:31:15+00:00\",\"description\":\"Kaufe Recaredo Bufadors Les Voranes Brut Nature 2019 (Xarello Cuv\u00e9e, trocken Schaumwein aus Cava, Spanien) bei Wein Werte, Ihrem nachhaltigen Onlineshop.\",\"breadcrumb\":{\"@id\":\"https:\\\/\\\/wein-werte.com\\\/de\\\/produkt\\\/recaredo-bufadors-les-voranes-brut-nature-2019-750ml\\\/#breadcrumb\"},\"inLanguage\":\"de\",\"potentialAction\":[{\"@type\":\"ReadAction\",\"target\":[\"https:\\\/\\\/wein-werte.com\\\/de\\\/produkt\\\/recaredo-bufadors-les-voranes-brut-nature-2019-750ml\\\/\"]}]},{\"@type\":\"ImageObject\",\"inLanguage\":\"de\",\"@id\":\"https:\\\/\\\/wein-werte.com\\\/de\\\/produkt\\\/recaredo-bufadors-les-voranes-brut-nature-2019-750ml\\\/#primaryimage\",\"url\":\"https:\\\/\\\/wein-werte.com\\\/wp-content\\\/uploads\\\/2026\\\/04\\\/Recaredo-Bufadors-Les-Voranes-Brut-Nature-2019-750ml.png\",\"contentUrl\":\"https:\\\/\\\/wein-werte.com\\\/wp-content\\\/uploads\\\/2026\\\/04\\\/Recaredo-Bufadors-Les-Voranes-Brut-Nature-2019-750ml.png\",\"width\":327,\"height\":1200,\"caption\":\"Recaredo Bufadors, Les Voranes Brut Nature, 2019 750ml\"},{\"@type\":\"BreadcrumbList\",\"@id\":\"https:\\\/\\\/wein-werte.com\\\/de\\\/produkt\\\/recaredo-bufadors-les-voranes-brut-nature-2019-750ml\\\/#breadcrumb\",\"itemListElement\":[{\"@type\":\"ListItem\",\"position\":1,\"name\":\"Home\",\"item\":\"https:\\\/\\\/wein-werte.com\\\/de\\\/\"},{\"@type\":\"ListItem\",\"position\":2,\"name\":\"Shop\",\"item\":\"https:\\\/\\\/wein-werte.com\\\/de\\\/shop\\\/\"},{\"@type\":\"ListItem\",\"position\":3,\"name\":\"Recaredo | Cava | Bufadors, Les Voranes Brut Nature, | 2019 | 750ml | bio\"}]},{\"@type\":\"WebSite\",\"@id\":\"https:\\\/\\\/wein-werte.com\\\/de\\\/#website\",\"url\":\"https:\\\/\\\/wein-werte.com\\\/de\\\/\",\"name\":\"Wein Werte\",\"description\":\"\",\"publisher\":{\"@id\":\"https:\\\/\\\/wein-werte.com\\\/de\\\/#organization\"},\"potentialAction\":[{\"@type\":\"SearchAction\",\"target\":{\"@type\":\"EntryPoint\",\"urlTemplate\":\"https:\\\/\\\/wein-werte.com\\\/de\\\/?s={search_term_string}\"},\"query-input\":{\"@type\":\"PropertyValueSpecification\",\"valueRequired\":true,\"valueName\":\"search_term_string\"}}],\"inLanguage\":\"de\"},{\"@type\":\"Organization\",\"@id\":\"https:\\\/\\\/wein-werte.com\\\/de\\\/#organization\",\"name\":\"Vins Fins Thorrold\",\"url\":\"https:\\\/\\\/wein-werte.com\\\/de\\\/\",\"logo\":{\"@type\":\"ImageObject\",\"inLanguage\":\"de\",\"@id\":\"https:\\\/\\\/wein-werte.com\\\/de\\\/#\\\/schema\\\/logo\\\/image\\\/\",\"url\":\"https:\\\/\\\/wein-werte.com\\\/wp-content\\\/uploads\\\/2023\\\/07\\\/Wein_werte_Logo700-1.png\",\"contentUrl\":\"https:\\\/\\\/wein-werte.com\\\/wp-content\\\/uploads\\\/2023\\\/07\\\/Wein_werte_Logo700-1.png\",\"width\":700,\"height\":272,\"caption\":\"Vins Fins Thorrold\"},\"image\":{\"@id\":\"https:\\\/\\\/wein-werte.com\\\/de\\\/#\\\/schema\\\/logo\\\/image\\\/\"}}]}<\/script>\n<!-- \/ Yoast SEO plugin. -->","yoast_head_json":{"title":"Recaredo Bufadors Les Voranes Brut Nature 2019","description":"Kaufe Recaredo Bufadors Les Voranes Brut Nature 2019 (Xarello Cuv\u00e9e, trocken Schaumwein aus Cava, Spanien) bei Wein Werte, Ihrem nachhaltigen Onlineshop.","robots":{"index":"index","follow":"follow","max-snippet":"max-snippet:-1","max-image-preview":"max-image-preview:large","max-video-preview":"max-video-preview:-1"},"canonical":"https:\/\/wein-werte.com\/de\/produkt\/recaredo-bufadors-les-voranes-brut-nature-2019-750ml\/","og_locale":"de_DE","og_type":"article","og_title":"Recaredo Bufadors Les Voranes Brut Nature 2019","og_description":"Kaufe Recaredo Bufadors Les Voranes Brut Nature 2019 (Xarello Cuv\u00e9e, trocken Schaumwein aus Cava, Spanien) bei Wein Werte, Ihrem nachhaltigen Onlineshop.","og_url":"https:\/\/wein-werte.com\/de\/produkt\/recaredo-bufadors-les-voranes-brut-nature-2019-750ml\/","og_site_name":"Wein Werte","og_image":[{"width":327,"height":1200,"url":"https:\/\/wein-werte.com\/wp-content\/uploads\/2026\/04\/Recaredo-Bufadors-Les-Voranes-Brut-Nature-2019-750ml.png","type":"image\/png"}],"twitter_card":"summary_large_image","twitter_misc":{"Gesch\u00e4tzte Lesezeit":"2\u00a0Minuten"},"schema":{"@context":"https:\/\/schema.org","@graph":[{"@type":"WebPage","@id":"https:\/\/wein-werte.com\/de\/produkt\/recaredo-bufadors-les-voranes-brut-nature-2019-750ml\/","url":"https:\/\/wein-werte.com\/de\/produkt\/recaredo-bufadors-les-voranes-brut-nature-2019-750ml\/","name":"Recaredo Bufadors Les Voranes Brut Nature 2019","isPartOf":{"@id":"https:\/\/wein-werte.com\/de\/#website"},"primaryImageOfPage":{"@id":"https:\/\/wein-werte.com\/de\/produkt\/recaredo-bufadors-les-voranes-brut-nature-2019-750ml\/#primaryimage"},"image":{"@id":"https:\/\/wein-werte.com\/de\/produkt\/recaredo-bufadors-les-voranes-brut-nature-2019-750ml\/#primaryimage"},"thumbnailUrl":"https:\/\/wein-werte.com\/wp-content\/uploads\/2026\/04\/Recaredo-Bufadors-Les-Voranes-Brut-Nature-2019-750ml.png","datePublished":"2026-05-05T16:31:15+00:00","description":"Kaufe Recaredo Bufadors Les Voranes Brut Nature 2019 (Xarello Cuv\u00e9e, trocken Schaumwein aus Cava, Spanien) bei Wein Werte, Ihrem nachhaltigen Onlineshop.","breadcrumb":{"@id":"https:\/\/wein-werte.com\/de\/produkt\/recaredo-bufadors-les-voranes-brut-nature-2019-750ml\/#breadcrumb"},"inLanguage":"de","potentialAction":[{"@type":"ReadAction","target":["https:\/\/wein-werte.com\/de\/produkt\/recaredo-bufadors-les-voranes-brut-nature-2019-750ml\/"]}]},{"@type":"ImageObject","inLanguage":"de","@id":"https:\/\/wein-werte.com\/de\/produkt\/recaredo-bufadors-les-voranes-brut-nature-2019-750ml\/#primaryimage","url":"https:\/\/wein-werte.com\/wp-content\/uploads\/2026\/04\/Recaredo-Bufadors-Les-Voranes-Brut-Nature-2019-750ml.png","contentUrl":"https:\/\/wein-werte.com\/wp-content\/uploads\/2026\/04\/Recaredo-Bufadors-Les-Voranes-Brut-Nature-2019-750ml.png","width":327,"height":1200,"caption":"Recaredo Bufadors, Les Voranes Brut Nature, 2019 750ml"},{"@type":"BreadcrumbList","@id":"https:\/\/wein-werte.com\/de\/produkt\/recaredo-bufadors-les-voranes-brut-nature-2019-750ml\/#breadcrumb","itemListElement":[{"@type":"ListItem","position":1,"name":"Home","item":"https:\/\/wein-werte.com\/de\/"},{"@type":"ListItem","position":2,"name":"Shop","item":"https:\/\/wein-werte.com\/de\/shop\/"},{"@type":"ListItem","position":3,"name":"Recaredo | Cava | Bufadors, Les Voranes Brut Nature, | 2019 | 750ml | bio"}]},{"@type":"WebSite","@id":"https:\/\/wein-werte.com\/de\/#website","url":"https:\/\/wein-werte.com\/de\/","name":"Wein Werte","description":"","publisher":{"@id":"https:\/\/wein-werte.com\/de\/#organization"},"potentialAction":[{"@type":"SearchAction","target":{"@type":"EntryPoint","urlTemplate":"https:\/\/wein-werte.com\/de\/?s={search_term_string}"},"query-input":{"@type":"PropertyValueSpecification","valueRequired":true,"valueName":"search_term_string"}}],"inLanguage":"de"},{"@type":"Organization","@id":"https:\/\/wein-werte.com\/de\/#organization","name":"Vins Fins Thorrold","url":"https:\/\/wein-werte.com\/de\/","logo":{"@type":"ImageObject","inLanguage":"de","@id":"https:\/\/wein-werte.com\/de\/#\/schema\/logo\/image\/","url":"https:\/\/wein-werte.com\/wp-content\/uploads\/2023\/07\/Wein_werte_Logo700-1.png","contentUrl":"https:\/\/wein-werte.com\/wp-content\/uploads\/2023\/07\/Wein_werte_Logo700-1.png","width":700,"height":272,"caption":"Vins Fins Thorrold"},"image":{"@id":"https:\/\/wein-werte.com\/de\/#\/schema\/logo\/image\/"}}]}},"_links":{"self":[{"href":"https:\/\/wein-werte.com\/de\/wp-json\/wp\/v2\/product\/1134315","targetHints":{"allow":["GET"]}}],"collection":[{"href":"https:\/\/wein-werte.com\/de\/wp-json\/wp\/v2\/product"}],"about":[{"href":"https:\/\/wein-werte.com\/de\/wp-json\/wp\/v2\/types\/product"}],"wp:featuredmedia":[{"embeddable":true,"href":"https:\/\/wein-werte.com\/de\/wp-json\/wp\/v2\/media\/1144542"}],"wp:attachment":[{"href":"https:\/\/wein-werte.com\/de\/wp-json\/wp\/v2\/media?parent=1134315"}],"wp:term":[{"taxonomy":"product_brand","embeddable":true,"href":"https:\/\/wein-werte.com\/de\/wp-json\/wp\/v2\/product_brand?post=1134315"},{"taxonomy":"product_cat","embeddable":true,"href":"https:\/\/wein-werte.com\/de\/wp-json\/wp\/v2\/product_cat?post=1134315"},{"taxonomy":"product_tag","embeddable":true,"href":"https:\/\/wein-werte.com\/de\/wp-json\/wp\/v2\/product_tag?post=1134315"}],"curies":[{"name":"wp","href":"https:\/\/api.w.org\/{rel}","templated":true}]}}