{"id":1134236,"date":"2026-05-12T15:54:08","date_gmt":"2026-05-12T13:54:08","guid":{"rendered":"https:\/\/wein-werte.com\/product\/tentenublo-escondite-del-ardacho-san-jose-2022-750ml\/"},"modified":"2026-05-12T19:58:47","modified_gmt":"2026-05-12T17:58:47","slug":"tentenublo-escondite-del-ardacho-san-jose-2022-750ml","status":"publish","type":"product","link":"https:\/\/wein-werte.com\/de\/produkt\/tentenublo-escondite-del-ardacho-san-jose-2022-750ml\/","title":{"rendered":"Tentenublo | Rioja | Escondite del Ardacho, San Jos\u00e9 | 2022 | 750ml | bio"},"content":{"rendered":"<p>Produktbeschreibung f\u00fcr Tentenublo Escondite del Ardacho, San Jos\u00e9 2022 (bio) <\/p>\n<h5>Informationen zum Wein<\/h5>\n<p> Die baskische Rioja z\u00e4hlt zu den dynamischsten und spannendsten Weinregionen im heutigen Spanien. Und der Winzer Roberto Olivan vom Weingut Tentenublo ist einer der interessantesten K\u00f6pfe der dortigen Weinszene. Sein Einzellagenwein San Jos\u00e9 stammt aus einem 0,3 Hektar gro\u00dfen Weinberg auf 560 Metern H\u00f6he am Fu\u00dfe der Sierra Cantabria. Es ist ein 1952 angelegter Mischsatz mit 40% Tempranillo sowie den Wei\u00dfweintrauben Viura und Malvasia zu jeweils 30 Prozent. Roberto Olivan liest die verschiedenen Rebsorten im Weinberg gleichzeitig und verg\u00e4rt die Trauben mit den Rappen. Der Ausbau erfolgt in 500-Liter-Holzf\u00e4ssern in Zweitbelegung. Dieser Rotwein geh\u00f6rt zur Lagen-Serie \u201eEscondite del Ardacho\u201c, benannt nach einer einheimischen Eidechsenart, die auf den Weinetiketten als Mensch verkleidet ist. <\/p>\n<h5>Farbe<\/h5>\n<p> Purpurrot <\/p>\n<h5>Nase<\/h5>\n<p> Der San Jos\u00e9 2022 bietet ein Bukett von k\u00fchler Mineralit\u00e4t, frischer blauer Frucht und anregenden Kr\u00e4uternoten. Die Nase ist klar konturiert mit einem Fokus auf dem Ausdruck der Prim\u00e4raromen. Das hat Tiefe und ist sehr ausdrucksstark. <\/p>\n<h5>Gaumen<\/h5>\n<p> Am Gaumen kommt dieser Rotwein beeindruckend eigenst\u00e4ndig und charaktervoll daher, was sicher auch auf den interessanten Mix aus Rot- und Wei\u00dfweintrauben und generell die spezifische Weinlage zur\u00fcckzuf\u00fchren ist. Der Wein hat feink\u00f6rnige Tannine, ist saftig, vielschichtig und lang im Abgang. Die Verg\u00e4rung mit den Rappen d\u00fcrfte zur Griffigkeit im Mund beitragen und verleiht dem San Jos\u00e9 eine kr\u00e4uterige W\u00fcrze und viel frischen Schwung. Der Wein hat Spannung und Trinkfluss, die 15,5% Alkohol merkt man ihm nicht an, der Alkohol ist tiptop eingebunden. Insgesamt zeichnet er sich &#8211; trotz des hei\u00dfen Jahrgangs 2022 &#8211; durch viel Frische und hervorragende Balance aus.<\/p>\n<p>Copyright Vinaturel 2025<\/p>\n<p>Keywords: <a href=\"https:\/\/wein-werte.com\/de\/shop\/?swoof=1&#038;pa_producer=Tentenublo\">Tentenublo<\/a> <a href=\"https:\/\/wein-werte.com\/de\/shop\/?swoof=1&#038;woof_text=Escondite del Ardacho, San Jos\u00e9\">Escondite del Ardacho, San Jos\u00e9<\/a> 2022 bio <a href=\"https:\/\/wein-werte.com\/de\/shop\/?swoof=1&#038;pa_region=Rioja\">Rioja<\/a> <a href=\"https:\/\/wein-werte.com\/de\/shop\/?swoof=1&#038;pa_country=Spanien\">Spanien<\/a><\/p>\n<h3>Wine Advocate<\/h3>\n<p>Punkte: 94<\/p>\n<p>Es gibt einen neuen Einzellagenwein des Jahrgangs 2022, den Escondite del Ardacho San Jos\u00e9 2022. Er stammt von einer kleinen Parzelle im Dorf Lanciego, die mit 40 % Tempranillo, 30 % Viura und 30 % Malvas\u00eda sowie Obstb\u00e4umen auf roten Sandsteinb\u00f6den bepflanzt ist. Die vollen Trauben wurden in offenen Bottichen mit einheimischen Hefen vergoren, sanft unter den Tresterhut getreten und ohne Abstich. Der Wein reifte neun Monate in gebrauchten 500-Liter-F\u00e4ssern aus franz\u00f6sischer Eiche. Mit 15,5 % Alkohol ist er reif, beh\u00e4lt aber seine Frische und Ausgewogenheit. Die Nase ist ernst und harmonisch, ausdrucksstark und rein. Es ist eine warme und fr\u00fche Zone auf 600 Metern H\u00f6he, die aufgrund des hohen Anteils wei\u00dfer Trauben recht fr\u00fch ernten muss. Ein gro\u00dfartiger Einstand, selbst in einem sehr warmen Jahr. Nur 995 Flaschen produziert. Abgef\u00fcllt wurde er im August 2023.<br \/>Luis Guti\u00e9rrez<\/p>\n<p>Internetseite des Weinguts: <a href=\"https:\/\/tentenublo.com\/\" target=\"_blank\">https:\/\/tentenublo.com\/<\/a><\/p>\n","protected":false},"excerpt":{"rendered":"<div style=\"font-size: 14px;\">\n<p>Lieferzeit: 1 bis 2 Arbeitstage (DE), 2 bis 5 Arbeitstage (EU und CH)<\/p>\n<p>Ungef\u00e4hrer Energiegehalt pro 125-ml-Glas: 125 kcal<\/p>\n<\/p><\/div>\n","protected":false},"featured_media":1144480,"template":"","meta":[],"product_brand":[],"product_cat":[19],"product_tag":[],"class_list":{"0":"post-1134236","1":"product","2":"type-product","3":"status-publish","4":"has-post-thumbnail","6":"product_cat-unkategorisiert","7":"pa_alcohol-for-filter-15-5","8":"pa_certified-biodynamic-nein-de","9":"pa_certified-organic-ja-de","10":"pa_colour-rot","11":"pa_country-spanien","12":"pa_grape-viura-cuvee","13":"pa_parker-points-for-filter-94-de-2","14":"pa_price-for-filter-10613","15":"pa_producer-tentenublo","16":"pa_region-rioja","17":"pa_size-ml-6584","18":"pa_sweetness-trocken-de","19":"pa_type-2-still-de","20":"pa_vintage-2022-de","21":"entry","22":"has-media","24":"first","25":"instock","26":"taxable","27":"shipping-taxable","28":"purchasable","29":"product-type-simple"},"yoast_head":"<!-- This site is optimized with the Yoast SEO plugin v27.6 - https:\/\/yoast.com\/product\/yoast-seo-wordpress\/ -->\n<title>Tentenublo Escondite del Ardacho San Jos\u00e9 2022<\/title>\n<meta name=\"description\" content=\"Kaufe Tentenublo Escondite del Ardacho San Jos\u00e9 2022 (Viura Cuv\u00e9e, trocken aus Rioja, Spanien) bei Wein Werte, Ihrem nachhaltigen Onlineshop.\" \/>\n<meta name=\"robots\" content=\"index, follow, max-snippet:-1, max-image-preview:large, max-video-preview:-1\" \/>\n<link rel=\"canonical\" href=\"https:\/\/wein-werte.com\/de\/produkt\/tentenublo-escondite-del-ardacho-san-jose-2022-750ml\/\" \/>\n<meta property=\"og:locale\" content=\"de_DE\" \/>\n<meta property=\"og:type\" content=\"article\" \/>\n<meta property=\"og:title\" content=\"Tentenublo Escondite del Ardacho San Jos\u00e9 2022\" \/>\n<meta property=\"og:description\" content=\"Kaufe Tentenublo Escondite del Ardacho San Jos\u00e9 2022 (Viura Cuv\u00e9e, trocken aus Rioja, Spanien) bei Wein Werte, Ihrem nachhaltigen Onlineshop.\" \/>\n<meta property=\"og:url\" content=\"https:\/\/wein-werte.com\/de\/produkt\/tentenublo-escondite-del-ardacho-san-jose-2022-750ml\/\" \/>\n<meta property=\"og:site_name\" content=\"Wein Werte\" \/>\n<meta property=\"article:modified_time\" content=\"2026-05-12T17:58:47+00:00\" \/>\n<meta property=\"og:image\" content=\"https:\/\/wein-werte.com\/wp-content\/uploads\/2026\/04\/Tentenublo-Escondite-del-Ardacho-San-Jose-2022-750ml.png\" \/>\n\t<meta property=\"og:image:width\" content=\"321\" \/>\n\t<meta property=\"og:image:height\" content=\"1200\" \/>\n\t<meta property=\"og:image:type\" content=\"image\/png\" \/>\n<meta name=\"twitter:card\" content=\"summary_large_image\" \/>\n<meta name=\"twitter:label1\" content=\"Gesch\u00e4tzte Lesezeit\" \/>\n\t<meta name=\"twitter:data1\" content=\"2\u00a0Minuten\" \/>\n<script type=\"application\/ld+json\" class=\"yoast-schema-graph\">{\"@context\":\"https:\\\/\\\/schema.org\",\"@graph\":[{\"@type\":\"WebPage\",\"@id\":\"https:\\\/\\\/wein-werte.com\\\/de\\\/produkt\\\/tentenublo-escondite-del-ardacho-san-jose-2022-750ml\\\/\",\"url\":\"https:\\\/\\\/wein-werte.com\\\/de\\\/produkt\\\/tentenublo-escondite-del-ardacho-san-jose-2022-750ml\\\/\",\"name\":\"Tentenublo Escondite del Ardacho San Jos\u00e9 2022\",\"isPartOf\":{\"@id\":\"https:\\\/\\\/wein-werte.com\\\/de\\\/#website\"},\"primaryImageOfPage\":{\"@id\":\"https:\\\/\\\/wein-werte.com\\\/de\\\/produkt\\\/tentenublo-escondite-del-ardacho-san-jose-2022-750ml\\\/#primaryimage\"},\"image\":{\"@id\":\"https:\\\/\\\/wein-werte.com\\\/de\\\/produkt\\\/tentenublo-escondite-del-ardacho-san-jose-2022-750ml\\\/#primaryimage\"},\"thumbnailUrl\":\"https:\\\/\\\/wein-werte.com\\\/wp-content\\\/uploads\\\/2026\\\/04\\\/Tentenublo-Escondite-del-Ardacho-San-Jose-2022-750ml.png\",\"datePublished\":\"2026-05-12T13:54:08+00:00\",\"dateModified\":\"2026-05-12T17:58:47+00:00\",\"description\":\"Kaufe Tentenublo Escondite del Ardacho San Jos\u00e9 2022 (Viura Cuv\u00e9e, trocken aus Rioja, Spanien) bei Wein Werte, Ihrem nachhaltigen Onlineshop.\",\"breadcrumb\":{\"@id\":\"https:\\\/\\\/wein-werte.com\\\/de\\\/produkt\\\/tentenublo-escondite-del-ardacho-san-jose-2022-750ml\\\/#breadcrumb\"},\"inLanguage\":\"de\",\"potentialAction\":[{\"@type\":\"ReadAction\",\"target\":[\"https:\\\/\\\/wein-werte.com\\\/de\\\/produkt\\\/tentenublo-escondite-del-ardacho-san-jose-2022-750ml\\\/\"]}]},{\"@type\":\"ImageObject\",\"inLanguage\":\"de\",\"@id\":\"https:\\\/\\\/wein-werte.com\\\/de\\\/produkt\\\/tentenublo-escondite-del-ardacho-san-jose-2022-750ml\\\/#primaryimage\",\"url\":\"https:\\\/\\\/wein-werte.com\\\/wp-content\\\/uploads\\\/2026\\\/04\\\/Tentenublo-Escondite-del-Ardacho-San-Jose-2022-750ml.png\",\"contentUrl\":\"https:\\\/\\\/wein-werte.com\\\/wp-content\\\/uploads\\\/2026\\\/04\\\/Tentenublo-Escondite-del-Ardacho-San-Jose-2022-750ml.png\",\"width\":321,\"height\":1200,\"caption\":\"Tentenublo Escondite del Ardacho, San Jos\u00e9 2022 750ml\"},{\"@type\":\"BreadcrumbList\",\"@id\":\"https:\\\/\\\/wein-werte.com\\\/de\\\/produkt\\\/tentenublo-escondite-del-ardacho-san-jose-2022-750ml\\\/#breadcrumb\",\"itemListElement\":[{\"@type\":\"ListItem\",\"position\":1,\"name\":\"Home\",\"item\":\"https:\\\/\\\/wein-werte.com\\\/de\\\/\"},{\"@type\":\"ListItem\",\"position\":2,\"name\":\"Shop\",\"item\":\"https:\\\/\\\/wein-werte.com\\\/de\\\/shop\\\/\"},{\"@type\":\"ListItem\",\"position\":3,\"name\":\"Tentenublo | Rioja | Escondite del Ardacho, San Jos\u00e9 | 2022 | 750ml | bio\"}]},{\"@type\":\"WebSite\",\"@id\":\"https:\\\/\\\/wein-werte.com\\\/de\\\/#website\",\"url\":\"https:\\\/\\\/wein-werte.com\\\/de\\\/\",\"name\":\"Wein Werte\",\"description\":\"\",\"publisher\":{\"@id\":\"https:\\\/\\\/wein-werte.com\\\/de\\\/#organization\"},\"potentialAction\":[{\"@type\":\"SearchAction\",\"target\":{\"@type\":\"EntryPoint\",\"urlTemplate\":\"https:\\\/\\\/wein-werte.com\\\/de\\\/?s={search_term_string}\"},\"query-input\":{\"@type\":\"PropertyValueSpecification\",\"valueRequired\":true,\"valueName\":\"search_term_string\"}}],\"inLanguage\":\"de\"},{\"@type\":\"Organization\",\"@id\":\"https:\\\/\\\/wein-werte.com\\\/de\\\/#organization\",\"name\":\"Vins Fins Thorrold\",\"url\":\"https:\\\/\\\/wein-werte.com\\\/de\\\/\",\"logo\":{\"@type\":\"ImageObject\",\"inLanguage\":\"de\",\"@id\":\"https:\\\/\\\/wein-werte.com\\\/de\\\/#\\\/schema\\\/logo\\\/image\\\/\",\"url\":\"https:\\\/\\\/wein-werte.com\\\/wp-content\\\/uploads\\\/2023\\\/07\\\/Wein_werte_Logo700-1.png\",\"contentUrl\":\"https:\\\/\\\/wein-werte.com\\\/wp-content\\\/uploads\\\/2023\\\/07\\\/Wein_werte_Logo700-1.png\",\"width\":700,\"height\":272,\"caption\":\"Vins Fins Thorrold\"},\"image\":{\"@id\":\"https:\\\/\\\/wein-werte.com\\\/de\\\/#\\\/schema\\\/logo\\\/image\\\/\"}}]}<\/script>\n<!-- \/ Yoast SEO plugin. -->","yoast_head_json":{"title":"Tentenublo Escondite del Ardacho San Jos\u00e9 2022","description":"Kaufe Tentenublo Escondite del Ardacho San Jos\u00e9 2022 (Viura Cuv\u00e9e, trocken aus Rioja, Spanien) bei Wein Werte, Ihrem nachhaltigen Onlineshop.","robots":{"index":"index","follow":"follow","max-snippet":"max-snippet:-1","max-image-preview":"max-image-preview:large","max-video-preview":"max-video-preview:-1"},"canonical":"https:\/\/wein-werte.com\/de\/produkt\/tentenublo-escondite-del-ardacho-san-jose-2022-750ml\/","og_locale":"de_DE","og_type":"article","og_title":"Tentenublo Escondite del Ardacho San Jos\u00e9 2022","og_description":"Kaufe Tentenublo Escondite del Ardacho San Jos\u00e9 2022 (Viura Cuv\u00e9e, trocken aus Rioja, Spanien) bei Wein Werte, Ihrem nachhaltigen Onlineshop.","og_url":"https:\/\/wein-werte.com\/de\/produkt\/tentenublo-escondite-del-ardacho-san-jose-2022-750ml\/","og_site_name":"Wein Werte","article_modified_time":"2026-05-12T17:58:47+00:00","og_image":[{"width":321,"height":1200,"url":"https:\/\/wein-werte.com\/wp-content\/uploads\/2026\/04\/Tentenublo-Escondite-del-Ardacho-San-Jose-2022-750ml.png","type":"image\/png"}],"twitter_card":"summary_large_image","twitter_misc":{"Gesch\u00e4tzte Lesezeit":"2\u00a0Minuten"},"schema":{"@context":"https:\/\/schema.org","@graph":[{"@type":"WebPage","@id":"https:\/\/wein-werte.com\/de\/produkt\/tentenublo-escondite-del-ardacho-san-jose-2022-750ml\/","url":"https:\/\/wein-werte.com\/de\/produkt\/tentenublo-escondite-del-ardacho-san-jose-2022-750ml\/","name":"Tentenublo Escondite del Ardacho San Jos\u00e9 2022","isPartOf":{"@id":"https:\/\/wein-werte.com\/de\/#website"},"primaryImageOfPage":{"@id":"https:\/\/wein-werte.com\/de\/produkt\/tentenublo-escondite-del-ardacho-san-jose-2022-750ml\/#primaryimage"},"image":{"@id":"https:\/\/wein-werte.com\/de\/produkt\/tentenublo-escondite-del-ardacho-san-jose-2022-750ml\/#primaryimage"},"thumbnailUrl":"https:\/\/wein-werte.com\/wp-content\/uploads\/2026\/04\/Tentenublo-Escondite-del-Ardacho-San-Jose-2022-750ml.png","datePublished":"2026-05-12T13:54:08+00:00","dateModified":"2026-05-12T17:58:47+00:00","description":"Kaufe Tentenublo Escondite del Ardacho San Jos\u00e9 2022 (Viura Cuv\u00e9e, trocken aus Rioja, Spanien) bei Wein Werte, Ihrem nachhaltigen Onlineshop.","breadcrumb":{"@id":"https:\/\/wein-werte.com\/de\/produkt\/tentenublo-escondite-del-ardacho-san-jose-2022-750ml\/#breadcrumb"},"inLanguage":"de","potentialAction":[{"@type":"ReadAction","target":["https:\/\/wein-werte.com\/de\/produkt\/tentenublo-escondite-del-ardacho-san-jose-2022-750ml\/"]}]},{"@type":"ImageObject","inLanguage":"de","@id":"https:\/\/wein-werte.com\/de\/produkt\/tentenublo-escondite-del-ardacho-san-jose-2022-750ml\/#primaryimage","url":"https:\/\/wein-werte.com\/wp-content\/uploads\/2026\/04\/Tentenublo-Escondite-del-Ardacho-San-Jose-2022-750ml.png","contentUrl":"https:\/\/wein-werte.com\/wp-content\/uploads\/2026\/04\/Tentenublo-Escondite-del-Ardacho-San-Jose-2022-750ml.png","width":321,"height":1200,"caption":"Tentenublo Escondite del Ardacho, San Jos\u00e9 2022 750ml"},{"@type":"BreadcrumbList","@id":"https:\/\/wein-werte.com\/de\/produkt\/tentenublo-escondite-del-ardacho-san-jose-2022-750ml\/#breadcrumb","itemListElement":[{"@type":"ListItem","position":1,"name":"Home","item":"https:\/\/wein-werte.com\/de\/"},{"@type":"ListItem","position":2,"name":"Shop","item":"https:\/\/wein-werte.com\/de\/shop\/"},{"@type":"ListItem","position":3,"name":"Tentenublo | Rioja | Escondite del Ardacho, San Jos\u00e9 | 2022 | 750ml | bio"}]},{"@type":"WebSite","@id":"https:\/\/wein-werte.com\/de\/#website","url":"https:\/\/wein-werte.com\/de\/","name":"Wein Werte","description":"","publisher":{"@id":"https:\/\/wein-werte.com\/de\/#organization"},"potentialAction":[{"@type":"SearchAction","target":{"@type":"EntryPoint","urlTemplate":"https:\/\/wein-werte.com\/de\/?s={search_term_string}"},"query-input":{"@type":"PropertyValueSpecification","valueRequired":true,"valueName":"search_term_string"}}],"inLanguage":"de"},{"@type":"Organization","@id":"https:\/\/wein-werte.com\/de\/#organization","name":"Vins Fins Thorrold","url":"https:\/\/wein-werte.com\/de\/","logo":{"@type":"ImageObject","inLanguage":"de","@id":"https:\/\/wein-werte.com\/de\/#\/schema\/logo\/image\/","url":"https:\/\/wein-werte.com\/wp-content\/uploads\/2023\/07\/Wein_werte_Logo700-1.png","contentUrl":"https:\/\/wein-werte.com\/wp-content\/uploads\/2023\/07\/Wein_werte_Logo700-1.png","width":700,"height":272,"caption":"Vins Fins Thorrold"},"image":{"@id":"https:\/\/wein-werte.com\/de\/#\/schema\/logo\/image\/"}}]}},"_links":{"self":[{"href":"https:\/\/wein-werte.com\/de\/wp-json\/wp\/v2\/product\/1134236","targetHints":{"allow":["GET"]}}],"collection":[{"href":"https:\/\/wein-werte.com\/de\/wp-json\/wp\/v2\/product"}],"about":[{"href":"https:\/\/wein-werte.com\/de\/wp-json\/wp\/v2\/types\/product"}],"wp:featuredmedia":[{"embeddable":true,"href":"https:\/\/wein-werte.com\/de\/wp-json\/wp\/v2\/media\/1144480"}],"wp:attachment":[{"href":"https:\/\/wein-werte.com\/de\/wp-json\/wp\/v2\/media?parent=1134236"}],"wp:term":[{"taxonomy":"product_brand","embeddable":true,"href":"https:\/\/wein-werte.com\/de\/wp-json\/wp\/v2\/product_brand?post=1134236"},{"taxonomy":"product_cat","embeddable":true,"href":"https:\/\/wein-werte.com\/de\/wp-json\/wp\/v2\/product_cat?post=1134236"},{"taxonomy":"product_tag","embeddable":true,"href":"https:\/\/wein-werte.com\/de\/wp-json\/wp\/v2\/product_tag?post=1134236"}],"curies":[{"name":"wp","href":"https:\/\/api.w.org\/{rel}","templated":true}]}}