{"id":1134233,"date":"2026-05-05T18:31:10","date_gmt":"2026-05-05T16:31:10","guid":{"rendered":"https:\/\/wein-werte.com\/product\/tentenublo-escondite-del-ardacho-las-guillermas-2019-750ml\/"},"modified":"2026-04-27T11:51:50","modified_gmt":"2026-04-27T09:51:50","slug":"tentenublo-escondite-del-ardacho-las-guillermas-2019-750ml","status":"publish","type":"product","link":"https:\/\/wein-werte.com\/de\/produkt\/tentenublo-escondite-del-ardacho-las-guillermas-2019-750ml\/","title":{"rendered":"Tentenublo | Rioja | Escondite del Ardacho, Las Guillermas | 2019 | 750ml"},"content":{"rendered":"<p>Produktbeschreibung f\u00fcr Tentenublo Escondite del Ardacho, Las Guillermas 2019  <\/p>\n<h5>Informationen zum Wein<\/h5>\n<p> Las Guillermas stammt aus zwei benachbarten Parzellen, von denen eine mit Tempranillo und die andere mit der wei\u00dfen Viura bestockt ist. Zusammen kommen die beiden Lagen auf eine Fl\u00e4che von 0,62 Hektar. Die Reben sind jeweils knapp 70 Jahre alt, sie befinden sich in Rioja Alavesa auf 400 Metern H\u00f6he. Tempranillo (60%) und Viura (40%) werden zusammen gelesen und vergoren. Anschlie\u00dfend reift der Wein f\u00fcr 9 Monate in gebrauchten Holzf\u00e4ssern. <\/p>\n<h5>Farbe<\/h5>\n<p> Kirschrot <\/p>\n<h5>Nase<\/h5>\n<p> Der Wein ist superfrisch, hat aber nicht die strenge K\u00fchle der beiden anderen Parzellenweine aus der Escondite del Ardacho-Reihe. Im Bukett treten rote Frucht und sogar Apfel(schale) in Erscheinung. Die wei\u00dfe Viura zeigt sich hier ganz offensichtlich. <\/p>\n<h5>Gaumen<\/h5>\n<p> Las Guillermas 2019 ist ein Rotwein mit der Seele eines Wei\u00dfweins. Er hat eine enorm erfrischende S\u00e4ure, typisch f\u00fcr Viura aus Rioja. Die mit 40 Prozent im Blend enthaltene Wei\u00dfweintraube dr\u00fcckt dem Wein definitiv ihren Stempel auf. Der Wein hat Biss, verf\u00fcgt \u00fcber feines Tannin, einen schlanken K\u00f6rper und straffen Zug nach hinten raus. Der Fokus liegt eindeutig auf Frische und Knackigkeit, statt auf F\u00fclle und Konzentration. Bei einer Blindprobe w\u00fcrde man das Gew\u00e4chs wom\u00f6glich nach Galicien verorten. Ein gro\u00dfartiger und trinkanimierender Parzellenwein. Not your usual Rioja.<\/p>\n<p>Copyright Vinaturel 2025<\/p>\n<p>Keywords: <a href=\"https:\/\/wein-werte.com\/de\/shop\/?swoof=1&#038;pa_producer=Tentenublo\">Tentenublo<\/a> <a href=\"https:\/\/wein-werte.com\/de\/shop\/?swoof=1&#038;woof_text=Escondite del Ardacho, Las Guillermas\">Escondite del Ardacho, Las Guillermas<\/a> 2019  <a href=\"https:\/\/wein-werte.com\/de\/shop\/?swoof=1&#038;pa_region=Rioja\">Rioja<\/a> <a href=\"https:\/\/wein-werte.com\/de\/shop\/?swoof=1&#038;pa_country=Spanien\">Spanien<\/a><\/p>\n<h3>Wine Advocate<\/h3>\n<p>Punkte: 92<\/p>\n<p>Der 2019er Escondite del Ardacho Las Guillermas stammt aus zwei Parzellen: 0,4 Hektar Tempranillo auf Kiesb\u00f6den und 0,22 Hektar Viura auf wei\u00dfem Mergelboden. Alle wurden zusammen mit den ganzen Trauben geerntet und vergoren. Dies ist die w\u00e4rmste Parzelle, die mediterranere und saftigere Weine hervorbringt, insbesondere in einem Jahrgang wie 2019. Der Wein beh\u00e4lt jedoch eine sehr gute S\u00e4ure. Bei Oliv\u00e1n funktioniert die gemeinsame G\u00e4rung sehr gut, allerdings muss im Weinberg gearbeitet werden, um die Trauben gleichzeitig ernten zu k\u00f6nnen. Hier stammt die S\u00e4ure haupts\u00e4chlich vom Viura, der den Tempranillo aufhellt, der in diesem Teil des Dorfes recht reif wird. Die Frucht ist schwarz und die Tannine reichhaltig und kreidig. Ein kraftvoller Rotwein, der im Juli 2020 1.625 Flaschen abf\u00fcllte. Die Preise richten sich nach den Kosten der Weinbergsbearbeitung, damit Tempranillo und Viura gleichzeitig reifen k\u00f6nnen.<br \/>Luis Guti\u00e9rrez<\/p>\n<p>Internetseite des Weinguts: <a href=\"https:\/\/tentenublo.com\/\" target=\"_blank\">https:\/\/tentenublo.com\/<\/a><\/p>\n","protected":false},"excerpt":{"rendered":"<p>Lieferzeit: 1 bis 2 Arbeitstage (DE), 2 bis 5 Arbeitstage (EU and CH)<\/p>\n","protected":false},"featured_media":1144478,"template":"","meta":[],"product_brand":[],"product_cat":[19],"product_tag":[],"class_list":{"0":"post-1134233","1":"product","2":"type-product","3":"status-publish","4":"has-post-thumbnail","6":"product_cat-unkategorisiert","7":"pa_alcohol-for-filter-12892","8":"pa_certified-biodynamic-nein-de","9":"pa_certified-organic-nein-de","10":"pa_colour-rot","11":"pa_country-spanien","12":"pa_grape-viura-cuvee","13":"pa_parker-points-for-filter-92-de","14":"pa_price-for-filter-10605","15":"pa_producer-tentenublo","16":"pa_region-rioja","17":"pa_size-ml-6584","18":"pa_sweetness-trocken-de","19":"pa_type-2-still-de","20":"pa_vintage-2019-de","21":"entry","22":"has-media","24":"first","25":"instock","26":"taxable","27":"shipping-taxable","28":"purchasable","29":"product-type-simple"},"yoast_head":"<!-- This site is optimized with the Yoast SEO plugin v27.5 - https:\/\/yoast.com\/product\/yoast-seo-wordpress\/ -->\n<title>Tentenublo Escondite del Ardacho Las Guillermas 2019<\/title>\n<meta name=\"description\" content=\"Kaufe Tentenublo Escondite del Ardacho Las Guillermas 2019 (Viura Cuv\u00e9e, trocken aus Rioja, Spanien) bei Wein Werte, Ihrem nachhaltigen Onlineshop.\" \/>\n<meta name=\"robots\" content=\"index, follow, max-snippet:-1, max-image-preview:large, max-video-preview:-1\" \/>\n<link rel=\"canonical\" href=\"https:\/\/wein-werte.com\/de\/produkt\/tentenublo-escondite-del-ardacho-las-guillermas-2019-750ml\/\" \/>\n<meta property=\"og:locale\" content=\"de_DE\" \/>\n<meta property=\"og:type\" content=\"article\" \/>\n<meta property=\"og:title\" content=\"Tentenublo Escondite del Ardacho Las Guillermas 2019\" \/>\n<meta property=\"og:description\" content=\"Kaufe Tentenublo Escondite del Ardacho Las Guillermas 2019 (Viura Cuv\u00e9e, trocken aus Rioja, Spanien) bei Wein Werte, Ihrem nachhaltigen Onlineshop.\" \/>\n<meta property=\"og:url\" content=\"https:\/\/wein-werte.com\/de\/produkt\/tentenublo-escondite-del-ardacho-las-guillermas-2019-750ml\/\" \/>\n<meta property=\"og:site_name\" content=\"Wein Werte\" \/>\n<meta property=\"og:image\" content=\"https:\/\/wein-werte.com\/wp-content\/uploads\/2026\/04\/Tentenublo-Escondite-del-Ardacho-Las-Guillermas-2019-750ml.png\" \/>\n\t<meta property=\"og:image:width\" content=\"326\" \/>\n\t<meta property=\"og:image:height\" content=\"1200\" \/>\n\t<meta property=\"og:image:type\" content=\"image\/png\" \/>\n<meta name=\"twitter:card\" content=\"summary_large_image\" \/>\n<meta name=\"twitter:label1\" content=\"Gesch\u00e4tzte Lesezeit\" \/>\n\t<meta name=\"twitter:data1\" content=\"2\u00a0Minuten\" \/>\n<script type=\"application\/ld+json\" class=\"yoast-schema-graph\">{\"@context\":\"https:\\\/\\\/schema.org\",\"@graph\":[{\"@type\":\"WebPage\",\"@id\":\"https:\\\/\\\/wein-werte.com\\\/de\\\/produkt\\\/tentenublo-escondite-del-ardacho-las-guillermas-2019-750ml\\\/\",\"url\":\"https:\\\/\\\/wein-werte.com\\\/de\\\/produkt\\\/tentenublo-escondite-del-ardacho-las-guillermas-2019-750ml\\\/\",\"name\":\"Tentenublo Escondite del Ardacho Las Guillermas 2019\",\"isPartOf\":{\"@id\":\"https:\\\/\\\/wein-werte.com\\\/de\\\/#website\"},\"primaryImageOfPage\":{\"@id\":\"https:\\\/\\\/wein-werte.com\\\/de\\\/produkt\\\/tentenublo-escondite-del-ardacho-las-guillermas-2019-750ml\\\/#primaryimage\"},\"image\":{\"@id\":\"https:\\\/\\\/wein-werte.com\\\/de\\\/produkt\\\/tentenublo-escondite-del-ardacho-las-guillermas-2019-750ml\\\/#primaryimage\"},\"thumbnailUrl\":\"https:\\\/\\\/wein-werte.com\\\/wp-content\\\/uploads\\\/2026\\\/04\\\/Tentenublo-Escondite-del-Ardacho-Las-Guillermas-2019-750ml.png\",\"datePublished\":\"2026-05-05T16:31:10+00:00\",\"description\":\"Kaufe Tentenublo Escondite del Ardacho Las Guillermas 2019 (Viura Cuv\u00e9e, trocken aus Rioja, Spanien) bei Wein Werte, Ihrem nachhaltigen Onlineshop.\",\"breadcrumb\":{\"@id\":\"https:\\\/\\\/wein-werte.com\\\/de\\\/produkt\\\/tentenublo-escondite-del-ardacho-las-guillermas-2019-750ml\\\/#breadcrumb\"},\"inLanguage\":\"de\",\"potentialAction\":[{\"@type\":\"ReadAction\",\"target\":[\"https:\\\/\\\/wein-werte.com\\\/de\\\/produkt\\\/tentenublo-escondite-del-ardacho-las-guillermas-2019-750ml\\\/\"]}]},{\"@type\":\"ImageObject\",\"inLanguage\":\"de\",\"@id\":\"https:\\\/\\\/wein-werte.com\\\/de\\\/produkt\\\/tentenublo-escondite-del-ardacho-las-guillermas-2019-750ml\\\/#primaryimage\",\"url\":\"https:\\\/\\\/wein-werte.com\\\/wp-content\\\/uploads\\\/2026\\\/04\\\/Tentenublo-Escondite-del-Ardacho-Las-Guillermas-2019-750ml.png\",\"contentUrl\":\"https:\\\/\\\/wein-werte.com\\\/wp-content\\\/uploads\\\/2026\\\/04\\\/Tentenublo-Escondite-del-Ardacho-Las-Guillermas-2019-750ml.png\",\"width\":326,\"height\":1200,\"caption\":\"Tentenublo Escondite del Ardacho, Las Guillermas 2019 750ml\"},{\"@type\":\"BreadcrumbList\",\"@id\":\"https:\\\/\\\/wein-werte.com\\\/de\\\/produkt\\\/tentenublo-escondite-del-ardacho-las-guillermas-2019-750ml\\\/#breadcrumb\",\"itemListElement\":[{\"@type\":\"ListItem\",\"position\":1,\"name\":\"Home\",\"item\":\"https:\\\/\\\/wein-werte.com\\\/de\\\/\"},{\"@type\":\"ListItem\",\"position\":2,\"name\":\"Shop\",\"item\":\"https:\\\/\\\/wein-werte.com\\\/de\\\/shop\\\/\"},{\"@type\":\"ListItem\",\"position\":3,\"name\":\"Tentenublo | Rioja | Escondite del Ardacho, Las Guillermas | 2019 | 750ml\"}]},{\"@type\":\"WebSite\",\"@id\":\"https:\\\/\\\/wein-werte.com\\\/de\\\/#website\",\"url\":\"https:\\\/\\\/wein-werte.com\\\/de\\\/\",\"name\":\"Wein Werte\",\"description\":\"\",\"publisher\":{\"@id\":\"https:\\\/\\\/wein-werte.com\\\/de\\\/#organization\"},\"potentialAction\":[{\"@type\":\"SearchAction\",\"target\":{\"@type\":\"EntryPoint\",\"urlTemplate\":\"https:\\\/\\\/wein-werte.com\\\/de\\\/?s={search_term_string}\"},\"query-input\":{\"@type\":\"PropertyValueSpecification\",\"valueRequired\":true,\"valueName\":\"search_term_string\"}}],\"inLanguage\":\"de\"},{\"@type\":\"Organization\",\"@id\":\"https:\\\/\\\/wein-werte.com\\\/de\\\/#organization\",\"name\":\"Vins Fins Thorrold\",\"url\":\"https:\\\/\\\/wein-werte.com\\\/de\\\/\",\"logo\":{\"@type\":\"ImageObject\",\"inLanguage\":\"de\",\"@id\":\"https:\\\/\\\/wein-werte.com\\\/de\\\/#\\\/schema\\\/logo\\\/image\\\/\",\"url\":\"https:\\\/\\\/wein-werte.com\\\/wp-content\\\/uploads\\\/2023\\\/07\\\/Wein_werte_Logo700-1.png\",\"contentUrl\":\"https:\\\/\\\/wein-werte.com\\\/wp-content\\\/uploads\\\/2023\\\/07\\\/Wein_werte_Logo700-1.png\",\"width\":700,\"height\":272,\"caption\":\"Vins Fins Thorrold\"},\"image\":{\"@id\":\"https:\\\/\\\/wein-werte.com\\\/de\\\/#\\\/schema\\\/logo\\\/image\\\/\"}}]}<\/script>\n<!-- \/ Yoast SEO plugin. -->","yoast_head_json":{"title":"Tentenublo Escondite del Ardacho Las Guillermas 2019","description":"Kaufe Tentenublo Escondite del Ardacho Las Guillermas 2019 (Viura Cuv\u00e9e, trocken aus Rioja, Spanien) bei Wein Werte, Ihrem nachhaltigen Onlineshop.","robots":{"index":"index","follow":"follow","max-snippet":"max-snippet:-1","max-image-preview":"max-image-preview:large","max-video-preview":"max-video-preview:-1"},"canonical":"https:\/\/wein-werte.com\/de\/produkt\/tentenublo-escondite-del-ardacho-las-guillermas-2019-750ml\/","og_locale":"de_DE","og_type":"article","og_title":"Tentenublo Escondite del Ardacho Las Guillermas 2019","og_description":"Kaufe Tentenublo Escondite del Ardacho Las Guillermas 2019 (Viura Cuv\u00e9e, trocken aus Rioja, Spanien) bei Wein Werte, Ihrem nachhaltigen Onlineshop.","og_url":"https:\/\/wein-werte.com\/de\/produkt\/tentenublo-escondite-del-ardacho-las-guillermas-2019-750ml\/","og_site_name":"Wein Werte","og_image":[{"width":326,"height":1200,"url":"https:\/\/wein-werte.com\/wp-content\/uploads\/2026\/04\/Tentenublo-Escondite-del-Ardacho-Las-Guillermas-2019-750ml.png","type":"image\/png"}],"twitter_card":"summary_large_image","twitter_misc":{"Gesch\u00e4tzte Lesezeit":"2\u00a0Minuten"},"schema":{"@context":"https:\/\/schema.org","@graph":[{"@type":"WebPage","@id":"https:\/\/wein-werte.com\/de\/produkt\/tentenublo-escondite-del-ardacho-las-guillermas-2019-750ml\/","url":"https:\/\/wein-werte.com\/de\/produkt\/tentenublo-escondite-del-ardacho-las-guillermas-2019-750ml\/","name":"Tentenublo Escondite del Ardacho Las Guillermas 2019","isPartOf":{"@id":"https:\/\/wein-werte.com\/de\/#website"},"primaryImageOfPage":{"@id":"https:\/\/wein-werte.com\/de\/produkt\/tentenublo-escondite-del-ardacho-las-guillermas-2019-750ml\/#primaryimage"},"image":{"@id":"https:\/\/wein-werte.com\/de\/produkt\/tentenublo-escondite-del-ardacho-las-guillermas-2019-750ml\/#primaryimage"},"thumbnailUrl":"https:\/\/wein-werte.com\/wp-content\/uploads\/2026\/04\/Tentenublo-Escondite-del-Ardacho-Las-Guillermas-2019-750ml.png","datePublished":"2026-05-05T16:31:10+00:00","description":"Kaufe Tentenublo Escondite del Ardacho Las Guillermas 2019 (Viura Cuv\u00e9e, trocken aus Rioja, Spanien) bei Wein Werte, Ihrem nachhaltigen Onlineshop.","breadcrumb":{"@id":"https:\/\/wein-werte.com\/de\/produkt\/tentenublo-escondite-del-ardacho-las-guillermas-2019-750ml\/#breadcrumb"},"inLanguage":"de","potentialAction":[{"@type":"ReadAction","target":["https:\/\/wein-werte.com\/de\/produkt\/tentenublo-escondite-del-ardacho-las-guillermas-2019-750ml\/"]}]},{"@type":"ImageObject","inLanguage":"de","@id":"https:\/\/wein-werte.com\/de\/produkt\/tentenublo-escondite-del-ardacho-las-guillermas-2019-750ml\/#primaryimage","url":"https:\/\/wein-werte.com\/wp-content\/uploads\/2026\/04\/Tentenublo-Escondite-del-Ardacho-Las-Guillermas-2019-750ml.png","contentUrl":"https:\/\/wein-werte.com\/wp-content\/uploads\/2026\/04\/Tentenublo-Escondite-del-Ardacho-Las-Guillermas-2019-750ml.png","width":326,"height":1200,"caption":"Tentenublo Escondite del Ardacho, Las Guillermas 2019 750ml"},{"@type":"BreadcrumbList","@id":"https:\/\/wein-werte.com\/de\/produkt\/tentenublo-escondite-del-ardacho-las-guillermas-2019-750ml\/#breadcrumb","itemListElement":[{"@type":"ListItem","position":1,"name":"Home","item":"https:\/\/wein-werte.com\/de\/"},{"@type":"ListItem","position":2,"name":"Shop","item":"https:\/\/wein-werte.com\/de\/shop\/"},{"@type":"ListItem","position":3,"name":"Tentenublo | Rioja | Escondite del Ardacho, Las Guillermas | 2019 | 750ml"}]},{"@type":"WebSite","@id":"https:\/\/wein-werte.com\/de\/#website","url":"https:\/\/wein-werte.com\/de\/","name":"Wein Werte","description":"","publisher":{"@id":"https:\/\/wein-werte.com\/de\/#organization"},"potentialAction":[{"@type":"SearchAction","target":{"@type":"EntryPoint","urlTemplate":"https:\/\/wein-werte.com\/de\/?s={search_term_string}"},"query-input":{"@type":"PropertyValueSpecification","valueRequired":true,"valueName":"search_term_string"}}],"inLanguage":"de"},{"@type":"Organization","@id":"https:\/\/wein-werte.com\/de\/#organization","name":"Vins Fins Thorrold","url":"https:\/\/wein-werte.com\/de\/","logo":{"@type":"ImageObject","inLanguage":"de","@id":"https:\/\/wein-werte.com\/de\/#\/schema\/logo\/image\/","url":"https:\/\/wein-werte.com\/wp-content\/uploads\/2023\/07\/Wein_werte_Logo700-1.png","contentUrl":"https:\/\/wein-werte.com\/wp-content\/uploads\/2023\/07\/Wein_werte_Logo700-1.png","width":700,"height":272,"caption":"Vins Fins Thorrold"},"image":{"@id":"https:\/\/wein-werte.com\/de\/#\/schema\/logo\/image\/"}}]}},"_links":{"self":[{"href":"https:\/\/wein-werte.com\/de\/wp-json\/wp\/v2\/product\/1134233","targetHints":{"allow":["GET"]}}],"collection":[{"href":"https:\/\/wein-werte.com\/de\/wp-json\/wp\/v2\/product"}],"about":[{"href":"https:\/\/wein-werte.com\/de\/wp-json\/wp\/v2\/types\/product"}],"wp:featuredmedia":[{"embeddable":true,"href":"https:\/\/wein-werte.com\/de\/wp-json\/wp\/v2\/media\/1144478"}],"wp:attachment":[{"href":"https:\/\/wein-werte.com\/de\/wp-json\/wp\/v2\/media?parent=1134233"}],"wp:term":[{"taxonomy":"product_brand","embeddable":true,"href":"https:\/\/wein-werte.com\/de\/wp-json\/wp\/v2\/product_brand?post=1134233"},{"taxonomy":"product_cat","embeddable":true,"href":"https:\/\/wein-werte.com\/de\/wp-json\/wp\/v2\/product_cat?post=1134233"},{"taxonomy":"product_tag","embeddable":true,"href":"https:\/\/wein-werte.com\/de\/wp-json\/wp\/v2\/product_tag?post=1134233"}],"curies":[{"name":"wp","href":"https:\/\/api.w.org\/{rel}","templated":true}]}}