{"id":1134230,"date":"2026-05-12T15:54:07","date_gmt":"2026-05-12T13:54:07","guid":{"rendered":"https:\/\/wein-werte.com\/product\/tentenublo-escondite-del-ardacho-veriquete-2019-750ml\/"},"modified":"2026-05-12T19:58:47","modified_gmt":"2026-05-12T17:58:47","slug":"tentenublo-escondite-del-ardacho-veriquete-2019-750ml","status":"publish","type":"product","link":"https:\/\/wein-werte.com\/de\/produkt\/tentenublo-escondite-del-ardacho-veriquete-2019-750ml\/","title":{"rendered":"Tentenublo | Rioja | Escondite del Ardacho, Veriquete | 2019 | 750ml"},"content":{"rendered":"<p>Produktbeschreibung f\u00fcr Tentenublo Escondite del Ardacho, Veriquete 2019  <\/p>\n<h5>Informationen zum Wein<\/h5>\n<p> Die Trauben stammen aus einer 0,4 Hektar gro\u00dfen Einzellage in Vi\u00f1aspre in der Subzone Rioja Alavesa. Die Parzelle befindet sich auf 595 Meter H\u00f6he und besteht \u00fcberwiegend aus Kalkmergel- und Sandsteinb\u00f6den. Die in traditioneller Buscherziehung gehaltenen Reben sind 52 bis 112 Jahre alt. Es handelt sich um einen klassischen Mischsatz aus Tempranillo (80%), Garnacha (10%) und weiteren Wei\u00dfweinsorten (10%). Die Trauben werden zusammen gelesen und zu 20 Prozent mit den Rappen vergoren. Der Ausbau erfolgt f\u00fcr 9 Monate in gebrauchten 500-l-F\u00e4ssern. <\/p>\n<h5>Farbe<\/h5>\n<p> Kirschrot <\/p>\n<h5>Nase<\/h5>\n<p> Veriquete 2019 hat eine k\u00fchle und \u00e4u\u00dferst frische Nase, obwohl der Jahrgang ein warmer in der Rioja war. Das komplexe Bukett besteht aus knackiger roter und dunkler Frucht, Kr\u00e4utern und einer erdigen Mineralit\u00e4t. <\/p>\n<h5>Gaumen<\/h5>\n<p> Der Wein zeigt eine exzellente Balance aus lebhafter S\u00e4ure und aromatischer Intensit\u00e4t. Er hat L\u00e4nge, Gripp und verf\u00fcgt \u00fcber feink\u00f6rniges Tannin. Holz ist \u00fcberhaupt nicht sp\u00fcrbar, daf\u00fcr umso mehr die Mineralit\u00e4t. Es ist in der Tat beeindruckend, wie die Betonung von Frische und Trinkbarkeit bei Winzer Roberto Oliv\u00e1n mit Tiefgang und Komplexit\u00e4t einhergehen. Dies ist ein Rotwein im typischen Tentenublo-Stil: elegant, pr\u00e4zise, auf\u2019s Wesentliche reduziert, Terroir gepr\u00e4gt und charaktervoll. Da ist nichts \u00dcberreifes und Schweres zu sp\u00fcren, stattdessen bleibt es immer vibrierend, aromatisch und trinkig. <\/p>\n<p>Copyright Vinaturel 2025<\/p>\n<p>Keywords: <a href=\"https:\/\/wein-werte.com\/de\/shop\/?swoof=1&#038;pa_producer=Tentenublo\">Tentenublo<\/a> <a href=\"https:\/\/wein-werte.com\/de\/shop\/?swoof=1&#038;woof_text=Escondite del Ardacho, Veriquete\">Escondite del Ardacho, Veriquete<\/a> 2019  <a href=\"https:\/\/wein-werte.com\/de\/shop\/?swoof=1&#038;pa_region=Rioja\">Rioja<\/a> <a href=\"https:\/\/wein-werte.com\/de\/shop\/?swoof=1&#038;pa_country=Spanien\">Spanien<\/a><\/p>\n<h3>Wine Advocate<\/h3>\n<p>Punkte: 93+<\/p>\n<p>Der 2019er Escondite del Ardacho Veriquete, ein Einzelweinberg aus dem Jahr 2016, stammt von 0,4 Hektar alten Rebst\u00f6cken im Alter zwischen 50 und 105 Jahren, bepflanzt mit 80 % Tempranillo, 10 % Garnacha und jeweils 5 % Viura und Malvas\u00eda auf rotem Sandstein und einem kleinen Teil wei\u00dfen B\u00f6den, wo die wei\u00dfen Trauben auf knapp 600 Metern H\u00f6he wachsen. Er wurde mit 40 % ganzen Trauben in Edelstahl vergoren (alle Weine mit einheimischen Hefen) und reifte neun Monate lang ohne Abstich in gebrauchten 500-Liter-F\u00e4ssern aus franz\u00f6sischer Eiche. In der Nase ist er etwas strenger; er ist seri\u00f6s und offenbart am Gaumen eine sehr gute Balance mit guter Reife und Frische, voll entwickelten Aromen von Beeren und Kr\u00e4utern und vollst\u00e4ndig integrierter Eiche. Im September 2020 wurden 1.767 Flaschen abgef\u00fcllt.<br \/>Luis Guti\u00e9rrez<\/p>\n<p>Internetseite des Weinguts: <a href=\"https:\/\/tentenublo.com\/\" target=\"_blank\">https:\/\/tentenublo.com\/<\/a><\/p>\n","protected":false},"excerpt":{"rendered":"<div style=\"font-size: 14px;\">\n<p>Lieferzeit: 1 bis 2 Arbeitstage (DE), 2 bis 5 Arbeitstage (EU und CH)<\/p>\n<p>Ungef\u00e4hrer Energiegehalt pro 125-ml-Glas: 115 kcal<\/p>\n<\/p><\/div>\n","protected":false},"featured_media":1144476,"template":"","meta":[],"product_brand":[],"product_cat":[19],"product_tag":[],"class_list":{"0":"post-1134230","1":"product","2":"type-product","3":"status-publish","4":"has-post-thumbnail","6":"product_cat-unkategorisiert","7":"pa_alcohol-for-filter-14-5","8":"pa_certified-biodynamic-nein-de","9":"pa_certified-organic-nein-de","10":"pa_colour-rot","11":"pa_country-spanien","12":"pa_grape-grenache-cuvee","13":"pa_parker-points-for-filter-93-de-2","14":"pa_price-for-filter-10584","15":"pa_producer-tentenublo","16":"pa_region-rioja","17":"pa_size-ml-6584","18":"pa_sweetness-trocken-de","19":"pa_type-2-still-de","20":"pa_vintage-2019-de","21":"entry","22":"has-media","24":"first","25":"instock","26":"taxable","27":"shipping-taxable","28":"purchasable","29":"product-type-simple"},"yoast_head":"<!-- This site is optimized with the Yoast SEO plugin v27.6 - https:\/\/yoast.com\/product\/yoast-seo-wordpress\/ -->\n<title>Tentenublo Escondite del Ardacho Veriquete 2019<\/title>\n<meta name=\"description\" content=\"Kaufe Tentenublo Escondite del Ardacho Veriquete 2019 (Grenache Cuv\u00e9e, trocken aus Rioja, Spanien) bei Wein Werte, Ihrem nachhaltigen Onlineshop.\" \/>\n<meta name=\"robots\" content=\"index, follow, max-snippet:-1, max-image-preview:large, max-video-preview:-1\" \/>\n<link rel=\"canonical\" href=\"https:\/\/wein-werte.com\/de\/produkt\/tentenublo-escondite-del-ardacho-veriquete-2019-750ml\/\" \/>\n<meta property=\"og:locale\" content=\"de_DE\" \/>\n<meta property=\"og:type\" content=\"article\" \/>\n<meta property=\"og:title\" content=\"Tentenublo Escondite del Ardacho Veriquete 2019\" \/>\n<meta property=\"og:description\" content=\"Kaufe Tentenublo Escondite del Ardacho Veriquete 2019 (Grenache Cuv\u00e9e, trocken aus Rioja, Spanien) bei Wein Werte, Ihrem nachhaltigen Onlineshop.\" \/>\n<meta property=\"og:url\" content=\"https:\/\/wein-werte.com\/de\/produkt\/tentenublo-escondite-del-ardacho-veriquete-2019-750ml\/\" \/>\n<meta property=\"og:site_name\" content=\"Wein Werte\" \/>\n<meta property=\"article:modified_time\" content=\"2026-05-12T17:58:47+00:00\" \/>\n<meta property=\"og:image\" content=\"https:\/\/wein-werte.com\/wp-content\/uploads\/2026\/04\/Tentenublo-Escondite-del-Ardacho-Veriquete-2019-750ml.png\" \/>\n\t<meta property=\"og:image:width\" content=\"328\" \/>\n\t<meta property=\"og:image:height\" content=\"1200\" \/>\n\t<meta property=\"og:image:type\" content=\"image\/png\" \/>\n<meta name=\"twitter:card\" content=\"summary_large_image\" \/>\n<meta name=\"twitter:label1\" content=\"Gesch\u00e4tzte Lesezeit\" \/>\n\t<meta name=\"twitter:data1\" content=\"2\u00a0Minuten\" \/>\n<script type=\"application\/ld+json\" class=\"yoast-schema-graph\">{\"@context\":\"https:\\\/\\\/schema.org\",\"@graph\":[{\"@type\":\"WebPage\",\"@id\":\"https:\\\/\\\/wein-werte.com\\\/de\\\/produkt\\\/tentenublo-escondite-del-ardacho-veriquete-2019-750ml\\\/\",\"url\":\"https:\\\/\\\/wein-werte.com\\\/de\\\/produkt\\\/tentenublo-escondite-del-ardacho-veriquete-2019-750ml\\\/\",\"name\":\"Tentenublo Escondite del Ardacho Veriquete 2019\",\"isPartOf\":{\"@id\":\"https:\\\/\\\/wein-werte.com\\\/de\\\/#website\"},\"primaryImageOfPage\":{\"@id\":\"https:\\\/\\\/wein-werte.com\\\/de\\\/produkt\\\/tentenublo-escondite-del-ardacho-veriquete-2019-750ml\\\/#primaryimage\"},\"image\":{\"@id\":\"https:\\\/\\\/wein-werte.com\\\/de\\\/produkt\\\/tentenublo-escondite-del-ardacho-veriquete-2019-750ml\\\/#primaryimage\"},\"thumbnailUrl\":\"https:\\\/\\\/wein-werte.com\\\/wp-content\\\/uploads\\\/2026\\\/04\\\/Tentenublo-Escondite-del-Ardacho-Veriquete-2019-750ml.png\",\"datePublished\":\"2026-05-12T13:54:07+00:00\",\"dateModified\":\"2026-05-12T17:58:47+00:00\",\"description\":\"Kaufe Tentenublo Escondite del Ardacho Veriquete 2019 (Grenache Cuv\u00e9e, trocken aus Rioja, Spanien) bei Wein Werte, Ihrem nachhaltigen Onlineshop.\",\"breadcrumb\":{\"@id\":\"https:\\\/\\\/wein-werte.com\\\/de\\\/produkt\\\/tentenublo-escondite-del-ardacho-veriquete-2019-750ml\\\/#breadcrumb\"},\"inLanguage\":\"de\",\"potentialAction\":[{\"@type\":\"ReadAction\",\"target\":[\"https:\\\/\\\/wein-werte.com\\\/de\\\/produkt\\\/tentenublo-escondite-del-ardacho-veriquete-2019-750ml\\\/\"]}]},{\"@type\":\"ImageObject\",\"inLanguage\":\"de\",\"@id\":\"https:\\\/\\\/wein-werte.com\\\/de\\\/produkt\\\/tentenublo-escondite-del-ardacho-veriquete-2019-750ml\\\/#primaryimage\",\"url\":\"https:\\\/\\\/wein-werte.com\\\/wp-content\\\/uploads\\\/2026\\\/04\\\/Tentenublo-Escondite-del-Ardacho-Veriquete-2019-750ml.png\",\"contentUrl\":\"https:\\\/\\\/wein-werte.com\\\/wp-content\\\/uploads\\\/2026\\\/04\\\/Tentenublo-Escondite-del-Ardacho-Veriquete-2019-750ml.png\",\"width\":328,\"height\":1200,\"caption\":\"Tentenublo Escondite del Ardacho, Veriquete 2019 750ml\"},{\"@type\":\"BreadcrumbList\",\"@id\":\"https:\\\/\\\/wein-werte.com\\\/de\\\/produkt\\\/tentenublo-escondite-del-ardacho-veriquete-2019-750ml\\\/#breadcrumb\",\"itemListElement\":[{\"@type\":\"ListItem\",\"position\":1,\"name\":\"Home\",\"item\":\"https:\\\/\\\/wein-werte.com\\\/de\\\/\"},{\"@type\":\"ListItem\",\"position\":2,\"name\":\"Shop\",\"item\":\"https:\\\/\\\/wein-werte.com\\\/de\\\/shop\\\/\"},{\"@type\":\"ListItem\",\"position\":3,\"name\":\"Tentenublo | Rioja | Escondite del Ardacho, Veriquete | 2019 | 750ml\"}]},{\"@type\":\"WebSite\",\"@id\":\"https:\\\/\\\/wein-werte.com\\\/de\\\/#website\",\"url\":\"https:\\\/\\\/wein-werte.com\\\/de\\\/\",\"name\":\"Wein Werte\",\"description\":\"\",\"publisher\":{\"@id\":\"https:\\\/\\\/wein-werte.com\\\/de\\\/#organization\"},\"potentialAction\":[{\"@type\":\"SearchAction\",\"target\":{\"@type\":\"EntryPoint\",\"urlTemplate\":\"https:\\\/\\\/wein-werte.com\\\/de\\\/?s={search_term_string}\"},\"query-input\":{\"@type\":\"PropertyValueSpecification\",\"valueRequired\":true,\"valueName\":\"search_term_string\"}}],\"inLanguage\":\"de\"},{\"@type\":\"Organization\",\"@id\":\"https:\\\/\\\/wein-werte.com\\\/de\\\/#organization\",\"name\":\"Vins Fins Thorrold\",\"url\":\"https:\\\/\\\/wein-werte.com\\\/de\\\/\",\"logo\":{\"@type\":\"ImageObject\",\"inLanguage\":\"de\",\"@id\":\"https:\\\/\\\/wein-werte.com\\\/de\\\/#\\\/schema\\\/logo\\\/image\\\/\",\"url\":\"https:\\\/\\\/wein-werte.com\\\/wp-content\\\/uploads\\\/2023\\\/07\\\/Wein_werte_Logo700-1.png\",\"contentUrl\":\"https:\\\/\\\/wein-werte.com\\\/wp-content\\\/uploads\\\/2023\\\/07\\\/Wein_werte_Logo700-1.png\",\"width\":700,\"height\":272,\"caption\":\"Vins Fins Thorrold\"},\"image\":{\"@id\":\"https:\\\/\\\/wein-werte.com\\\/de\\\/#\\\/schema\\\/logo\\\/image\\\/\"}}]}<\/script>\n<!-- \/ Yoast SEO plugin. -->","yoast_head_json":{"title":"Tentenublo Escondite del Ardacho Veriquete 2019","description":"Kaufe Tentenublo Escondite del Ardacho Veriquete 2019 (Grenache Cuv\u00e9e, trocken aus Rioja, Spanien) bei Wein Werte, Ihrem nachhaltigen Onlineshop.","robots":{"index":"index","follow":"follow","max-snippet":"max-snippet:-1","max-image-preview":"max-image-preview:large","max-video-preview":"max-video-preview:-1"},"canonical":"https:\/\/wein-werte.com\/de\/produkt\/tentenublo-escondite-del-ardacho-veriquete-2019-750ml\/","og_locale":"de_DE","og_type":"article","og_title":"Tentenublo Escondite del Ardacho Veriquete 2019","og_description":"Kaufe Tentenublo Escondite del Ardacho Veriquete 2019 (Grenache Cuv\u00e9e, trocken aus Rioja, Spanien) bei Wein Werte, Ihrem nachhaltigen Onlineshop.","og_url":"https:\/\/wein-werte.com\/de\/produkt\/tentenublo-escondite-del-ardacho-veriquete-2019-750ml\/","og_site_name":"Wein Werte","article_modified_time":"2026-05-12T17:58:47+00:00","og_image":[{"width":328,"height":1200,"url":"https:\/\/wein-werte.com\/wp-content\/uploads\/2026\/04\/Tentenublo-Escondite-del-Ardacho-Veriquete-2019-750ml.png","type":"image\/png"}],"twitter_card":"summary_large_image","twitter_misc":{"Gesch\u00e4tzte Lesezeit":"2\u00a0Minuten"},"schema":{"@context":"https:\/\/schema.org","@graph":[{"@type":"WebPage","@id":"https:\/\/wein-werte.com\/de\/produkt\/tentenublo-escondite-del-ardacho-veriquete-2019-750ml\/","url":"https:\/\/wein-werte.com\/de\/produkt\/tentenublo-escondite-del-ardacho-veriquete-2019-750ml\/","name":"Tentenublo Escondite del Ardacho Veriquete 2019","isPartOf":{"@id":"https:\/\/wein-werte.com\/de\/#website"},"primaryImageOfPage":{"@id":"https:\/\/wein-werte.com\/de\/produkt\/tentenublo-escondite-del-ardacho-veriquete-2019-750ml\/#primaryimage"},"image":{"@id":"https:\/\/wein-werte.com\/de\/produkt\/tentenublo-escondite-del-ardacho-veriquete-2019-750ml\/#primaryimage"},"thumbnailUrl":"https:\/\/wein-werte.com\/wp-content\/uploads\/2026\/04\/Tentenublo-Escondite-del-Ardacho-Veriquete-2019-750ml.png","datePublished":"2026-05-12T13:54:07+00:00","dateModified":"2026-05-12T17:58:47+00:00","description":"Kaufe Tentenublo Escondite del Ardacho Veriquete 2019 (Grenache Cuv\u00e9e, trocken aus Rioja, Spanien) bei Wein Werte, Ihrem nachhaltigen Onlineshop.","breadcrumb":{"@id":"https:\/\/wein-werte.com\/de\/produkt\/tentenublo-escondite-del-ardacho-veriquete-2019-750ml\/#breadcrumb"},"inLanguage":"de","potentialAction":[{"@type":"ReadAction","target":["https:\/\/wein-werte.com\/de\/produkt\/tentenublo-escondite-del-ardacho-veriquete-2019-750ml\/"]}]},{"@type":"ImageObject","inLanguage":"de","@id":"https:\/\/wein-werte.com\/de\/produkt\/tentenublo-escondite-del-ardacho-veriquete-2019-750ml\/#primaryimage","url":"https:\/\/wein-werte.com\/wp-content\/uploads\/2026\/04\/Tentenublo-Escondite-del-Ardacho-Veriquete-2019-750ml.png","contentUrl":"https:\/\/wein-werte.com\/wp-content\/uploads\/2026\/04\/Tentenublo-Escondite-del-Ardacho-Veriquete-2019-750ml.png","width":328,"height":1200,"caption":"Tentenublo Escondite del Ardacho, Veriquete 2019 750ml"},{"@type":"BreadcrumbList","@id":"https:\/\/wein-werte.com\/de\/produkt\/tentenublo-escondite-del-ardacho-veriquete-2019-750ml\/#breadcrumb","itemListElement":[{"@type":"ListItem","position":1,"name":"Home","item":"https:\/\/wein-werte.com\/de\/"},{"@type":"ListItem","position":2,"name":"Shop","item":"https:\/\/wein-werte.com\/de\/shop\/"},{"@type":"ListItem","position":3,"name":"Tentenublo | Rioja | Escondite del Ardacho, Veriquete | 2019 | 750ml"}]},{"@type":"WebSite","@id":"https:\/\/wein-werte.com\/de\/#website","url":"https:\/\/wein-werte.com\/de\/","name":"Wein Werte","description":"","publisher":{"@id":"https:\/\/wein-werte.com\/de\/#organization"},"potentialAction":[{"@type":"SearchAction","target":{"@type":"EntryPoint","urlTemplate":"https:\/\/wein-werte.com\/de\/?s={search_term_string}"},"query-input":{"@type":"PropertyValueSpecification","valueRequired":true,"valueName":"search_term_string"}}],"inLanguage":"de"},{"@type":"Organization","@id":"https:\/\/wein-werte.com\/de\/#organization","name":"Vins Fins Thorrold","url":"https:\/\/wein-werte.com\/de\/","logo":{"@type":"ImageObject","inLanguage":"de","@id":"https:\/\/wein-werte.com\/de\/#\/schema\/logo\/image\/","url":"https:\/\/wein-werte.com\/wp-content\/uploads\/2023\/07\/Wein_werte_Logo700-1.png","contentUrl":"https:\/\/wein-werte.com\/wp-content\/uploads\/2023\/07\/Wein_werte_Logo700-1.png","width":700,"height":272,"caption":"Vins Fins Thorrold"},"image":{"@id":"https:\/\/wein-werte.com\/de\/#\/schema\/logo\/image\/"}}]}},"_links":{"self":[{"href":"https:\/\/wein-werte.com\/de\/wp-json\/wp\/v2\/product\/1134230","targetHints":{"allow":["GET"]}}],"collection":[{"href":"https:\/\/wein-werte.com\/de\/wp-json\/wp\/v2\/product"}],"about":[{"href":"https:\/\/wein-werte.com\/de\/wp-json\/wp\/v2\/types\/product"}],"wp:featuredmedia":[{"embeddable":true,"href":"https:\/\/wein-werte.com\/de\/wp-json\/wp\/v2\/media\/1144476"}],"wp:attachment":[{"href":"https:\/\/wein-werte.com\/de\/wp-json\/wp\/v2\/media?parent=1134230"}],"wp:term":[{"taxonomy":"product_brand","embeddable":true,"href":"https:\/\/wein-werte.com\/de\/wp-json\/wp\/v2\/product_brand?post=1134230"},{"taxonomy":"product_cat","embeddable":true,"href":"https:\/\/wein-werte.com\/de\/wp-json\/wp\/v2\/product_cat?post=1134230"},{"taxonomy":"product_tag","embeddable":true,"href":"https:\/\/wein-werte.com\/de\/wp-json\/wp\/v2\/product_tag?post=1134230"}],"curies":[{"name":"wp","href":"https:\/\/api.w.org\/{rel}","templated":true}]}}