{"id":1134202,"date":"2026-05-08T20:06:36","date_gmt":"2026-05-08T18:06:36","guid":{"rendered":"https:\/\/wein-werte.com\/product\/artuke-el-escolladero-2021-750ml\/"},"modified":"2026-04-27T11:51:47","modified_gmt":"2026-04-27T09:51:47","slug":"artuke-el-escolladero-2021-750ml","status":"publish","type":"product","link":"https:\/\/wein-werte.com\/de\/produkt\/artuke-el-escolladero-2021-750ml\/","title":{"rendered":"Artuke | Rioja | El Escolladero | 2021 | 750ml | bio"},"content":{"rendered":"<p>Produktbeschreibung f\u00fcr Artuke El Escolladero 2021 (bio) <\/p>\n<h5>Informationen zum Wein<\/h5>\n<p> El Escolladero stammt von einem 73 Jahre alten Mischsatz, der mit Tempranillo und Graciano bestockt ist. Der 0,95 Hektar gro\u00dfe Weinberg liegt auf 650 Metern H\u00f6he in der Rioja Alavesa am Fu\u00dfe der Sierra Cantabria. Der Boden ist kalkhaltig, wie es f\u00fcr diese Gegend typisch ist. Die Trauben werden mit den Rappen vergoren, und der Wein reift 12 Monate in 600-Liter-F\u00e4ssern. Das Weingut Artuke klassifiziert seine Weine nach burgundischem Vorbild. Dabei stufen die Winzerbr\u00fcder Arturo und Kike de Miguel Blanco ihren Einzellagenwein El Escolladero &#8211; neben La Condenada &#8211; als Grand Cru ein. <\/p>\n<h5>Farbe<\/h5>\n<p> Purpurrot <\/p>\n<h5>Nase<\/h5>\n<p> Die Nase von El Escolladero ist kreidige Mineralit\u00e4t pur. Da ist kein Make-up aufgetragen, das ist Bauhaus statt Barock und in seiner Schn\u00f6rkellosigkeit wahnsinnig attraktiv. Obwohl der Wein noch (zu) jung ist, ist die Nase schon jetzt ein Erlebnis. <\/p>\n<h5>Gaumen<\/h5>\n<p> El Escolladero vereint Wildheit und Eleganz wie nur wenige Rioja-Weine. Am Gaumen ist der schlanke Wein rassig und vibrierend, aber auch sehr elegant und subtil. Das feine Tannin und die pikante S\u00e4ure ziehen sich schnurgerade durch den Mund und sorgen f\u00fcr einen \u00e4u\u00dferst saftigen und griffigen Abgang. Im Gesamtbild steht El Escolladero 2021 f\u00fcr beeindruckende Spannung, Pr\u00e4zision und Intensit\u00e4t. Im Vergleich zum zweiten \u201eGrand Cru\u201c des Weinguts Artuke &#8211; La Condenada &#8211; ist El Escolladero vielleicht nicht ganz so komplex und lang, daf\u00fcr aber noch kompromissloser und klarer.<\/p>\n<p>Copyright Vinaturel 2025<\/p>\n<p>Keywords: <a href=\"https:\/\/wein-werte.com\/de\/shop\/?swoof=1&#038;pa_producer=Artuke\">Artuke<\/a> <a href=\"https:\/\/wein-werte.com\/de\/shop\/?swoof=1&#038;woof_text=El Escolladero\">El Escolladero<\/a> 2021 bio <a href=\"https:\/\/wein-werte.com\/de\/shop\/?swoof=1&#038;pa_region=Rioja\">Rioja<\/a> <a href=\"https:\/\/wein-werte.com\/de\/shop\/?swoof=1&#038;pa_country=Spanien\">Spanien<\/a><\/p>\n<h3>Wine Advocate<\/h3>\n<p>Punkte: 96<\/p>\n<p>El Escolladero ist ein 1950 im Dorf \u00c1balos auf 660 Metern H\u00f6he angelegter Weinberg. Wie bei den meisten Rotweinen habe ich zwei Jahrg\u00e4nge davon verkostet, 2021 und 2022. Der 2021er El Escolladero, hergestellt aus 85 % Tempranillo und 15 % Graciano aus den 0,96 Hektar gro\u00dfen Rebfl\u00e4chen, wurde mit ungepressten Trauben vergoren und in 600-Liter-Eichenf\u00e4ssern gereift. Er besitzt die aromatische Finesse des 2021er, elegant, offen, ausdrucksstark, sehr rein, transparent und konzentriert. Am Gaumen ist er wundersch\u00f6n strukturiert, mit sehr feinen und eleganten Tanninen und gro\u00dfartiger Frische. 2.000 Flaschen wurden im Dezember 2022 abgef\u00fcllt.<br \/>Luis Guti\u00e9rrez<\/p>\n<h3>Vinous<\/h3>\n<p>Punkte: 96<\/p>\n<p>Der El Escolladero 2021 wird aus Trauben hergestellt, die bei optimaler Reife in einem makellosen Jahrgang geerntet wurden. Er besteht zu 85 % aus Tempranillo und zu 15 % aus Graciano aus \u00c1balos, Rioja Alta. Nach bis zu 12 Monaten Reifung in franz\u00f6sischen Fudern offenbart er einen tiefvioletten Farbton und ein reduktives, balsamisches Bukett mit Brombeer-, Veilchen- und Grapefruitnoten. Am Gaumen pr\u00e4sentiert er sich trocken, saftig und kalkig. Erfrischende S\u00e4ure und feink\u00f6rnige Tannine f\u00fchren zu einem anhaltenden, kernigen und intensiv fruchtigen Abgang. Dieser Wein verk\u00f6rpert den neuen Rioja-Stil und konzentriert sich auf terroirbetonte Ausdrucksformen bestimmter Lagen. \u2013 Joaqu\u00edn Hidalgo<br \/>Trinkzeitraum: 2024\u20132040<br \/>Bewertungsdatum: April 2024<\/p>\n<p>Internetseite des Weinguts: <a href=\"https:\/\/www.artuke.com\/\" target=\"_blank\">https:\/\/www.artuke.com\/<\/a><\/p>\n","protected":false},"excerpt":{"rendered":"<p>Lieferzeit: 1 bis 2 Arbeitstage (DE), 2 bis 5 Arbeitstage (EU and CH)<\/p>\n","protected":false},"featured_media":1144454,"template":"","meta":[],"product_brand":[],"product_cat":[19],"product_tag":[],"class_list":{"0":"post-1134202","1":"product","2":"type-product","3":"status-publish","4":"has-post-thumbnail","6":"product_cat-unkategorisiert","7":"pa_alcohol-for-filter-12892","8":"pa_certified-biodynamic-nein-de","9":"pa_certified-organic-ja-de","10":"pa_colour-rot","11":"pa_country-spanien","12":"pa_grape-tempranillo-cuvee","13":"pa_parker-points-for-filter-96-de-2","14":"pa_price-for-filter-10663","15":"pa_producer-artuke","16":"pa_region-rioja","17":"pa_size-ml-6584","18":"pa_sweetness-trocken-de","19":"pa_type-2-still-de","20":"pa_vinous-points-for-filter-20037","21":"pa_vintage-2021-de","22":"entry","23":"has-media","25":"first","26":"instock","27":"taxable","28":"shipping-taxable","29":"purchasable","30":"product-type-simple"},"yoast_head":"<!-- This site is optimized with the Yoast SEO plugin v27.5 - https:\/\/yoast.com\/product\/yoast-seo-wordpress\/ -->\n<title>Artuke El Escolladero 2021<\/title>\n<meta name=\"description\" content=\"Kaufe Artuke El Escolladero 2021 (Tempranillo Cuv\u00e9e, trocken aus Rioja, Spanien) bei Wein Werte, Ihrem nachhaltigen Onlineshop.\" \/>\n<meta name=\"robots\" content=\"index, follow, max-snippet:-1, max-image-preview:large, max-video-preview:-1\" \/>\n<link rel=\"canonical\" href=\"https:\/\/wein-werte.com\/de\/produkt\/artuke-el-escolladero-2021-750ml\/\" \/>\n<meta property=\"og:locale\" content=\"de_DE\" \/>\n<meta property=\"og:type\" content=\"article\" \/>\n<meta property=\"og:title\" content=\"Artuke El Escolladero 2021\" \/>\n<meta property=\"og:description\" content=\"Kaufe Artuke El Escolladero 2021 (Tempranillo Cuv\u00e9e, trocken aus Rioja, Spanien) bei Wein Werte, Ihrem nachhaltigen Onlineshop.\" \/>\n<meta property=\"og:url\" content=\"https:\/\/wein-werte.com\/de\/produkt\/artuke-el-escolladero-2021-750ml\/\" \/>\n<meta property=\"og:site_name\" content=\"Wein Werte\" \/>\n<meta property=\"og:image\" content=\"https:\/\/wein-werte.com\/wp-content\/uploads\/2026\/04\/Artuke-El-Escolladero-2021-750ml.png\" \/>\n\t<meta property=\"og:image:width\" content=\"326\" \/>\n\t<meta property=\"og:image:height\" content=\"1200\" \/>\n\t<meta property=\"og:image:type\" content=\"image\/png\" \/>\n<meta name=\"twitter:card\" content=\"summary_large_image\" \/>\n<meta name=\"twitter:label1\" content=\"Gesch\u00e4tzte Lesezeit\" \/>\n\t<meta name=\"twitter:data1\" content=\"2\u00a0Minuten\" \/>\n<script type=\"application\/ld+json\" class=\"yoast-schema-graph\">{\"@context\":\"https:\\\/\\\/schema.org\",\"@graph\":[{\"@type\":\"WebPage\",\"@id\":\"https:\\\/\\\/wein-werte.com\\\/de\\\/produkt\\\/artuke-el-escolladero-2021-750ml\\\/\",\"url\":\"https:\\\/\\\/wein-werte.com\\\/de\\\/produkt\\\/artuke-el-escolladero-2021-750ml\\\/\",\"name\":\"Artuke El Escolladero 2021\",\"isPartOf\":{\"@id\":\"https:\\\/\\\/wein-werte.com\\\/de\\\/#website\"},\"primaryImageOfPage\":{\"@id\":\"https:\\\/\\\/wein-werte.com\\\/de\\\/produkt\\\/artuke-el-escolladero-2021-750ml\\\/#primaryimage\"},\"image\":{\"@id\":\"https:\\\/\\\/wein-werte.com\\\/de\\\/produkt\\\/artuke-el-escolladero-2021-750ml\\\/#primaryimage\"},\"thumbnailUrl\":\"https:\\\/\\\/wein-werte.com\\\/wp-content\\\/uploads\\\/2026\\\/04\\\/Artuke-El-Escolladero-2021-750ml.png\",\"datePublished\":\"2026-05-08T18:06:36+00:00\",\"description\":\"Kaufe Artuke El Escolladero 2021 (Tempranillo Cuv\u00e9e, trocken aus Rioja, Spanien) bei Wein Werte, Ihrem nachhaltigen Onlineshop.\",\"breadcrumb\":{\"@id\":\"https:\\\/\\\/wein-werte.com\\\/de\\\/produkt\\\/artuke-el-escolladero-2021-750ml\\\/#breadcrumb\"},\"inLanguage\":\"de\",\"potentialAction\":[{\"@type\":\"ReadAction\",\"target\":[\"https:\\\/\\\/wein-werte.com\\\/de\\\/produkt\\\/artuke-el-escolladero-2021-750ml\\\/\"]}]},{\"@type\":\"ImageObject\",\"inLanguage\":\"de\",\"@id\":\"https:\\\/\\\/wein-werte.com\\\/de\\\/produkt\\\/artuke-el-escolladero-2021-750ml\\\/#primaryimage\",\"url\":\"https:\\\/\\\/wein-werte.com\\\/wp-content\\\/uploads\\\/2026\\\/04\\\/Artuke-El-Escolladero-2021-750ml.png\",\"contentUrl\":\"https:\\\/\\\/wein-werte.com\\\/wp-content\\\/uploads\\\/2026\\\/04\\\/Artuke-El-Escolladero-2021-750ml.png\",\"width\":326,\"height\":1200,\"caption\":\"Artuke El Escolladero 2021 750ml\"},{\"@type\":\"BreadcrumbList\",\"@id\":\"https:\\\/\\\/wein-werte.com\\\/de\\\/produkt\\\/artuke-el-escolladero-2021-750ml\\\/#breadcrumb\",\"itemListElement\":[{\"@type\":\"ListItem\",\"position\":1,\"name\":\"Home\",\"item\":\"https:\\\/\\\/wein-werte.com\\\/de\\\/\"},{\"@type\":\"ListItem\",\"position\":2,\"name\":\"Shop\",\"item\":\"https:\\\/\\\/wein-werte.com\\\/de\\\/shop\\\/\"},{\"@type\":\"ListItem\",\"position\":3,\"name\":\"Artuke | Rioja | El Escolladero | 2021 | 750ml | bio\"}]},{\"@type\":\"WebSite\",\"@id\":\"https:\\\/\\\/wein-werte.com\\\/de\\\/#website\",\"url\":\"https:\\\/\\\/wein-werte.com\\\/de\\\/\",\"name\":\"Wein Werte\",\"description\":\"\",\"publisher\":{\"@id\":\"https:\\\/\\\/wein-werte.com\\\/de\\\/#organization\"},\"potentialAction\":[{\"@type\":\"SearchAction\",\"target\":{\"@type\":\"EntryPoint\",\"urlTemplate\":\"https:\\\/\\\/wein-werte.com\\\/de\\\/?s={search_term_string}\"},\"query-input\":{\"@type\":\"PropertyValueSpecification\",\"valueRequired\":true,\"valueName\":\"search_term_string\"}}],\"inLanguage\":\"de\"},{\"@type\":\"Organization\",\"@id\":\"https:\\\/\\\/wein-werte.com\\\/de\\\/#organization\",\"name\":\"Vins Fins Thorrold\",\"url\":\"https:\\\/\\\/wein-werte.com\\\/de\\\/\",\"logo\":{\"@type\":\"ImageObject\",\"inLanguage\":\"de\",\"@id\":\"https:\\\/\\\/wein-werte.com\\\/de\\\/#\\\/schema\\\/logo\\\/image\\\/\",\"url\":\"https:\\\/\\\/wein-werte.com\\\/wp-content\\\/uploads\\\/2023\\\/07\\\/Wein_werte_Logo700-1.png\",\"contentUrl\":\"https:\\\/\\\/wein-werte.com\\\/wp-content\\\/uploads\\\/2023\\\/07\\\/Wein_werte_Logo700-1.png\",\"width\":700,\"height\":272,\"caption\":\"Vins Fins Thorrold\"},\"image\":{\"@id\":\"https:\\\/\\\/wein-werte.com\\\/de\\\/#\\\/schema\\\/logo\\\/image\\\/\"}}]}<\/script>\n<!-- \/ Yoast SEO plugin. -->","yoast_head_json":{"title":"Artuke El Escolladero 2021","description":"Kaufe Artuke El Escolladero 2021 (Tempranillo Cuv\u00e9e, trocken aus Rioja, Spanien) bei Wein Werte, Ihrem nachhaltigen Onlineshop.","robots":{"index":"index","follow":"follow","max-snippet":"max-snippet:-1","max-image-preview":"max-image-preview:large","max-video-preview":"max-video-preview:-1"},"canonical":"https:\/\/wein-werte.com\/de\/produkt\/artuke-el-escolladero-2021-750ml\/","og_locale":"de_DE","og_type":"article","og_title":"Artuke El Escolladero 2021","og_description":"Kaufe Artuke El Escolladero 2021 (Tempranillo Cuv\u00e9e, trocken aus Rioja, Spanien) bei Wein Werte, Ihrem nachhaltigen Onlineshop.","og_url":"https:\/\/wein-werte.com\/de\/produkt\/artuke-el-escolladero-2021-750ml\/","og_site_name":"Wein Werte","og_image":[{"width":326,"height":1200,"url":"https:\/\/wein-werte.com\/wp-content\/uploads\/2026\/04\/Artuke-El-Escolladero-2021-750ml.png","type":"image\/png"}],"twitter_card":"summary_large_image","twitter_misc":{"Gesch\u00e4tzte Lesezeit":"2\u00a0Minuten"},"schema":{"@context":"https:\/\/schema.org","@graph":[{"@type":"WebPage","@id":"https:\/\/wein-werte.com\/de\/produkt\/artuke-el-escolladero-2021-750ml\/","url":"https:\/\/wein-werte.com\/de\/produkt\/artuke-el-escolladero-2021-750ml\/","name":"Artuke El Escolladero 2021","isPartOf":{"@id":"https:\/\/wein-werte.com\/de\/#website"},"primaryImageOfPage":{"@id":"https:\/\/wein-werte.com\/de\/produkt\/artuke-el-escolladero-2021-750ml\/#primaryimage"},"image":{"@id":"https:\/\/wein-werte.com\/de\/produkt\/artuke-el-escolladero-2021-750ml\/#primaryimage"},"thumbnailUrl":"https:\/\/wein-werte.com\/wp-content\/uploads\/2026\/04\/Artuke-El-Escolladero-2021-750ml.png","datePublished":"2026-05-08T18:06:36+00:00","description":"Kaufe Artuke El Escolladero 2021 (Tempranillo Cuv\u00e9e, trocken aus Rioja, Spanien) bei Wein Werte, Ihrem nachhaltigen Onlineshop.","breadcrumb":{"@id":"https:\/\/wein-werte.com\/de\/produkt\/artuke-el-escolladero-2021-750ml\/#breadcrumb"},"inLanguage":"de","potentialAction":[{"@type":"ReadAction","target":["https:\/\/wein-werte.com\/de\/produkt\/artuke-el-escolladero-2021-750ml\/"]}]},{"@type":"ImageObject","inLanguage":"de","@id":"https:\/\/wein-werte.com\/de\/produkt\/artuke-el-escolladero-2021-750ml\/#primaryimage","url":"https:\/\/wein-werte.com\/wp-content\/uploads\/2026\/04\/Artuke-El-Escolladero-2021-750ml.png","contentUrl":"https:\/\/wein-werte.com\/wp-content\/uploads\/2026\/04\/Artuke-El-Escolladero-2021-750ml.png","width":326,"height":1200,"caption":"Artuke El Escolladero 2021 750ml"},{"@type":"BreadcrumbList","@id":"https:\/\/wein-werte.com\/de\/produkt\/artuke-el-escolladero-2021-750ml\/#breadcrumb","itemListElement":[{"@type":"ListItem","position":1,"name":"Home","item":"https:\/\/wein-werte.com\/de\/"},{"@type":"ListItem","position":2,"name":"Shop","item":"https:\/\/wein-werte.com\/de\/shop\/"},{"@type":"ListItem","position":3,"name":"Artuke | Rioja | El Escolladero | 2021 | 750ml | bio"}]},{"@type":"WebSite","@id":"https:\/\/wein-werte.com\/de\/#website","url":"https:\/\/wein-werte.com\/de\/","name":"Wein Werte","description":"","publisher":{"@id":"https:\/\/wein-werte.com\/de\/#organization"},"potentialAction":[{"@type":"SearchAction","target":{"@type":"EntryPoint","urlTemplate":"https:\/\/wein-werte.com\/de\/?s={search_term_string}"},"query-input":{"@type":"PropertyValueSpecification","valueRequired":true,"valueName":"search_term_string"}}],"inLanguage":"de"},{"@type":"Organization","@id":"https:\/\/wein-werte.com\/de\/#organization","name":"Vins Fins Thorrold","url":"https:\/\/wein-werte.com\/de\/","logo":{"@type":"ImageObject","inLanguage":"de","@id":"https:\/\/wein-werte.com\/de\/#\/schema\/logo\/image\/","url":"https:\/\/wein-werte.com\/wp-content\/uploads\/2023\/07\/Wein_werte_Logo700-1.png","contentUrl":"https:\/\/wein-werte.com\/wp-content\/uploads\/2023\/07\/Wein_werte_Logo700-1.png","width":700,"height":272,"caption":"Vins Fins Thorrold"},"image":{"@id":"https:\/\/wein-werte.com\/de\/#\/schema\/logo\/image\/"}}]}},"_links":{"self":[{"href":"https:\/\/wein-werte.com\/de\/wp-json\/wp\/v2\/product\/1134202","targetHints":{"allow":["GET"]}}],"collection":[{"href":"https:\/\/wein-werte.com\/de\/wp-json\/wp\/v2\/product"}],"about":[{"href":"https:\/\/wein-werte.com\/de\/wp-json\/wp\/v2\/types\/product"}],"wp:featuredmedia":[{"embeddable":true,"href":"https:\/\/wein-werte.com\/de\/wp-json\/wp\/v2\/media\/1144454"}],"wp:attachment":[{"href":"https:\/\/wein-werte.com\/de\/wp-json\/wp\/v2\/media?parent=1134202"}],"wp:term":[{"taxonomy":"product_brand","embeddable":true,"href":"https:\/\/wein-werte.com\/de\/wp-json\/wp\/v2\/product_brand?post=1134202"},{"taxonomy":"product_cat","embeddable":true,"href":"https:\/\/wein-werte.com\/de\/wp-json\/wp\/v2\/product_cat?post=1134202"},{"taxonomy":"product_tag","embeddable":true,"href":"https:\/\/wein-werte.com\/de\/wp-json\/wp\/v2\/product_tag?post=1134202"}],"curies":[{"name":"wp","href":"https:\/\/api.w.org\/{rel}","templated":true}]}}