{"id":1134152,"date":"2026-04-20T18:06:06","date_gmt":"2026-04-20T16:06:06","guid":{"rendered":"https:\/\/wein-werte.com\/product\/artadi-vinas-de-gain-blanco-2020-750ml\/"},"modified":"2026-04-20T21:27:50","modified_gmt":"2026-04-20T19:27:50","slug":"artadi-vinas-de-gain-blanco-2020-750ml","status":"publish","type":"product","link":"https:\/\/wein-werte.com\/de\/produkt\/artadi-vinas-de-gain-blanco-2020-750ml\/","title":{"rendered":"Artadi | Rioja | Vi\u00f1as de Gain Blanco | 2020 | 750ml | bio"},"content":{"rendered":"<p>Produktbeschreibung f\u00fcr Artadi Vi\u00f1as de Gain Blanco 2020 (bio)<\/p>\n<p>Artadi Vi\u00f1as de Gain blanco 2020 ist ein trockener Wei\u00dfwein hergestellt aus Macabeu Trauben in der Region Rioja in Spanien.<\/p>\n<p>Keywords: <a href=\"https:\/\/wein-werte.com\/de\/shop\/?swoof=1&#038;pa_producer=Artadi\">Artadi<\/a> <a href=\"https:\/\/wein-werte.com\/de\/shop\/?swoof=1&#038;woof_text=Vi\u00f1as de Gain Blanco\">Vi\u00f1as de Gain Blanco<\/a> 2020 bio <a href=\"https:\/\/wein-werte.com\/de\/shop\/?swoof=1&#038;pa_region=Rioja\">Rioja<\/a> <a href=\"https:\/\/wein-werte.com\/de\/shop\/?swoof=1&#038;pa_country=Spanien\">Spanien<\/a><\/p>\n<p>Internetseite des Weinguts: <a href=\"https:\/\/artadi.com\/en\/artazu-navarra\" target=\"_blank\">https:\/\/artadi.com\/en\/artazu-navarra<\/a><\/p>\n","protected":false},"excerpt":{"rendered":"<p>Lieferzeit: 1 bis 2 Arbeitstage (DE), 2 bis 5 Arbeitstage (EU and CH)<\/p>\n","protected":false},"featured_media":1144416,"template":"","meta":[],"product_brand":[],"product_cat":[19],"product_tag":[],"class_list":{"0":"post-1134152","1":"product","2":"type-product","3":"status-publish","4":"has-post-thumbnail","6":"product_cat-unkategorisiert","7":"pa_alcohol-for-filter-13-5","8":"pa_certified-biodynamic-nein-de","9":"pa_certified-organic-ja-de","10":"pa_colour-weiss","11":"pa_country-spanien","12":"pa_grape-macabeu","13":"pa_price-for-filter-10601","14":"pa_producer-artadi","15":"pa_region-rioja","16":"pa_size-ml-6584","17":"pa_sweetness-trocken-de","18":"pa_type-2-still-de","19":"pa_vintage-2020-de","20":"entry","21":"has-media","23":"first","24":"instock","25":"taxable","26":"shipping-taxable","27":"purchasable","28":"product-type-simple"},"yoast_head":"<!-- This site is optimized with the Yoast SEO plugin v27.4 - https:\/\/yoast.com\/product\/yoast-seo-wordpress\/ -->\n<title>Artadi Vi\u00f1as de Gain blanco 2020<\/title>\n<meta name=\"description\" content=\"Kaufe Artadi Vi\u00f1as de Gain blanco 2020 (Macabeu, trocken aus Rioja, Spanien) bei Wein Werte, Ihrem nachhaltigen Onlineshop.\" \/>\n<meta name=\"robots\" content=\"index, follow, max-snippet:-1, max-image-preview:large, max-video-preview:-1\" \/>\n<link rel=\"canonical\" href=\"https:\/\/wein-werte.com\/de\/produkt\/artadi-vinas-de-gain-blanco-2020-750ml\/\" \/>\n<meta property=\"og:locale\" content=\"de_DE\" \/>\n<meta property=\"og:type\" content=\"article\" \/>\n<meta property=\"og:title\" content=\"Artadi Vi\u00f1as de Gain blanco 2020\" \/>\n<meta property=\"og:description\" content=\"Kaufe Artadi Vi\u00f1as de Gain blanco 2020 (Macabeu, trocken aus Rioja, Spanien) bei Wein Werte, Ihrem nachhaltigen Onlineshop.\" \/>\n<meta property=\"og:url\" content=\"https:\/\/wein-werte.com\/de\/produkt\/artadi-vinas-de-gain-blanco-2020-750ml\/\" \/>\n<meta property=\"og:site_name\" content=\"Wein Werte\" \/>\n<meta property=\"article:modified_time\" content=\"2026-04-20T19:27:50+00:00\" \/>\n<meta property=\"og:image\" content=\"https:\/\/wein-werte.com\/wp-content\/uploads\/2026\/04\/Artadi-Vinas-de-Gain-blanco-2020-750ml.png\" \/>\n\t<meta property=\"og:image:width\" content=\"291\" \/>\n\t<meta property=\"og:image:height\" content=\"807\" \/>\n\t<meta property=\"og:image:type\" content=\"image\/png\" \/>\n<meta name=\"twitter:card\" content=\"summary_large_image\" \/>\n<script type=\"application\/ld+json\" class=\"yoast-schema-graph\">{\"@context\":\"https:\\\/\\\/schema.org\",\"@graph\":[{\"@type\":\"WebPage\",\"@id\":\"https:\\\/\\\/wein-werte.com\\\/de\\\/produkt\\\/artadi-vinas-de-gain-blanco-2020-750ml\\\/\",\"url\":\"https:\\\/\\\/wein-werte.com\\\/de\\\/produkt\\\/artadi-vinas-de-gain-blanco-2020-750ml\\\/\",\"name\":\"Artadi Vi\u00f1as de Gain blanco 2020\",\"isPartOf\":{\"@id\":\"https:\\\/\\\/wein-werte.com\\\/#website\"},\"primaryImageOfPage\":{\"@id\":\"https:\\\/\\\/wein-werte.com\\\/de\\\/produkt\\\/artadi-vinas-de-gain-blanco-2020-750ml\\\/#primaryimage\"},\"image\":{\"@id\":\"https:\\\/\\\/wein-werte.com\\\/de\\\/produkt\\\/artadi-vinas-de-gain-blanco-2020-750ml\\\/#primaryimage\"},\"thumbnailUrl\":\"https:\\\/\\\/wein-werte.com\\\/wp-content\\\/uploads\\\/2026\\\/04\\\/Artadi-Vinas-de-Gain-blanco-2020-750ml.png\",\"datePublished\":\"2026-04-20T16:06:06+00:00\",\"dateModified\":\"2026-04-20T19:27:50+00:00\",\"description\":\"Kaufe Artadi Vi\u00f1as de Gain blanco 2020 (Macabeu, trocken aus Rioja, Spanien) bei Wein Werte, Ihrem nachhaltigen Onlineshop.\",\"breadcrumb\":{\"@id\":\"https:\\\/\\\/wein-werte.com\\\/de\\\/produkt\\\/artadi-vinas-de-gain-blanco-2020-750ml\\\/#breadcrumb\"},\"inLanguage\":\"de-DE-formal\",\"potentialAction\":[{\"@type\":\"ReadAction\",\"target\":[\"https:\\\/\\\/wein-werte.com\\\/de\\\/produkt\\\/artadi-vinas-de-gain-blanco-2020-750ml\\\/\"]}]},{\"@type\":\"ImageObject\",\"inLanguage\":\"de-DE-formal\",\"@id\":\"https:\\\/\\\/wein-werte.com\\\/de\\\/produkt\\\/artadi-vinas-de-gain-blanco-2020-750ml\\\/#primaryimage\",\"url\":\"https:\\\/\\\/wein-werte.com\\\/wp-content\\\/uploads\\\/2026\\\/04\\\/Artadi-Vinas-de-Gain-blanco-2020-750ml.png\",\"contentUrl\":\"https:\\\/\\\/wein-werte.com\\\/wp-content\\\/uploads\\\/2026\\\/04\\\/Artadi-Vinas-de-Gain-blanco-2020-750ml.png\",\"width\":291,\"height\":807,\"caption\":\"Artadi Vi\u00f1as de Gain Blanco 2020 750ml\"},{\"@type\":\"BreadcrumbList\",\"@id\":\"https:\\\/\\\/wein-werte.com\\\/de\\\/produkt\\\/artadi-vinas-de-gain-blanco-2020-750ml\\\/#breadcrumb\",\"itemListElement\":[{\"@type\":\"ListItem\",\"position\":1,\"name\":\"Home\",\"item\":\"https:\\\/\\\/wein-werte.com\\\/de\\\/\"},{\"@type\":\"ListItem\",\"position\":2,\"name\":\"Shops\",\"item\":\"https:\\\/\\\/wein-werte.com\\\/de\\\/shop\\\/\"},{\"@type\":\"ListItem\",\"position\":3,\"name\":\"Artadi | Rioja | Vi\u00f1as de Gain Blanco | 2020 | 750ml | bio\"}]},{\"@type\":\"WebSite\",\"@id\":\"https:\\\/\\\/wein-werte.com\\\/#website\",\"url\":\"https:\\\/\\\/wein-werte.com\\\/\",\"name\":\"Wein Werte\",\"description\":\"\",\"publisher\":{\"@id\":\"https:\\\/\\\/wein-werte.com\\\/#organization\"},\"potentialAction\":[{\"@type\":\"SearchAction\",\"target\":{\"@type\":\"EntryPoint\",\"urlTemplate\":\"https:\\\/\\\/wein-werte.com\\\/?s={search_term_string}\"},\"query-input\":{\"@type\":\"PropertyValueSpecification\",\"valueRequired\":true,\"valueName\":\"search_term_string\"}}],\"inLanguage\":\"de-DE-formal\"},{\"@type\":\"Organization\",\"@id\":\"https:\\\/\\\/wein-werte.com\\\/#organization\",\"name\":\"Vins Fins Thorrold\",\"url\":\"https:\\\/\\\/wein-werte.com\\\/\",\"logo\":{\"@type\":\"ImageObject\",\"inLanguage\":\"de-DE-formal\",\"@id\":\"https:\\\/\\\/wein-werte.com\\\/#\\\/schema\\\/logo\\\/image\\\/\",\"url\":\"https:\\\/\\\/wein-werte.com\\\/wp-content\\\/uploads\\\/2023\\\/07\\\/Wein_werte_Logo700-1.png\",\"contentUrl\":\"https:\\\/\\\/wein-werte.com\\\/wp-content\\\/uploads\\\/2023\\\/07\\\/Wein_werte_Logo700-1.png\",\"width\":700,\"height\":272,\"caption\":\"Vins Fins Thorrold\"},\"image\":{\"@id\":\"https:\\\/\\\/wein-werte.com\\\/#\\\/schema\\\/logo\\\/image\\\/\"}}]}<\/script>\n<!-- \/ Yoast SEO plugin. -->","yoast_head_json":{"title":"Artadi Vi\u00f1as de Gain blanco 2020","description":"Kaufe Artadi Vi\u00f1as de Gain blanco 2020 (Macabeu, trocken aus Rioja, Spanien) bei Wein Werte, Ihrem nachhaltigen Onlineshop.","robots":{"index":"index","follow":"follow","max-snippet":"max-snippet:-1","max-image-preview":"max-image-preview:large","max-video-preview":"max-video-preview:-1"},"canonical":"https:\/\/wein-werte.com\/de\/produkt\/artadi-vinas-de-gain-blanco-2020-750ml\/","og_locale":"de_DE","og_type":"article","og_title":"Artadi Vi\u00f1as de Gain blanco 2020","og_description":"Kaufe Artadi Vi\u00f1as de Gain blanco 2020 (Macabeu, trocken aus Rioja, Spanien) bei Wein Werte, Ihrem nachhaltigen Onlineshop.","og_url":"https:\/\/wein-werte.com\/de\/produkt\/artadi-vinas-de-gain-blanco-2020-750ml\/","og_site_name":"Wein Werte","article_modified_time":"2026-04-20T19:27:50+00:00","og_image":[{"width":291,"height":807,"url":"https:\/\/wein-werte.com\/wp-content\/uploads\/2026\/04\/Artadi-Vinas-de-Gain-blanco-2020-750ml.png","type":"image\/png"}],"twitter_card":"summary_large_image","schema":{"@context":"https:\/\/schema.org","@graph":[{"@type":"WebPage","@id":"https:\/\/wein-werte.com\/de\/produkt\/artadi-vinas-de-gain-blanco-2020-750ml\/","url":"https:\/\/wein-werte.com\/de\/produkt\/artadi-vinas-de-gain-blanco-2020-750ml\/","name":"Artadi Vi\u00f1as de Gain blanco 2020","isPartOf":{"@id":"https:\/\/wein-werte.com\/#website"},"primaryImageOfPage":{"@id":"https:\/\/wein-werte.com\/de\/produkt\/artadi-vinas-de-gain-blanco-2020-750ml\/#primaryimage"},"image":{"@id":"https:\/\/wein-werte.com\/de\/produkt\/artadi-vinas-de-gain-blanco-2020-750ml\/#primaryimage"},"thumbnailUrl":"https:\/\/wein-werte.com\/wp-content\/uploads\/2026\/04\/Artadi-Vinas-de-Gain-blanco-2020-750ml.png","datePublished":"2026-04-20T16:06:06+00:00","dateModified":"2026-04-20T19:27:50+00:00","description":"Kaufe Artadi Vi\u00f1as de Gain blanco 2020 (Macabeu, trocken aus Rioja, Spanien) bei Wein Werte, Ihrem nachhaltigen Onlineshop.","breadcrumb":{"@id":"https:\/\/wein-werte.com\/de\/produkt\/artadi-vinas-de-gain-blanco-2020-750ml\/#breadcrumb"},"inLanguage":"de-DE-formal","potentialAction":[{"@type":"ReadAction","target":["https:\/\/wein-werte.com\/de\/produkt\/artadi-vinas-de-gain-blanco-2020-750ml\/"]}]},{"@type":"ImageObject","inLanguage":"de-DE-formal","@id":"https:\/\/wein-werte.com\/de\/produkt\/artadi-vinas-de-gain-blanco-2020-750ml\/#primaryimage","url":"https:\/\/wein-werte.com\/wp-content\/uploads\/2026\/04\/Artadi-Vinas-de-Gain-blanco-2020-750ml.png","contentUrl":"https:\/\/wein-werte.com\/wp-content\/uploads\/2026\/04\/Artadi-Vinas-de-Gain-blanco-2020-750ml.png","width":291,"height":807,"caption":"Artadi Vi\u00f1as de Gain Blanco 2020 750ml"},{"@type":"BreadcrumbList","@id":"https:\/\/wein-werte.com\/de\/produkt\/artadi-vinas-de-gain-blanco-2020-750ml\/#breadcrumb","itemListElement":[{"@type":"ListItem","position":1,"name":"Home","item":"https:\/\/wein-werte.com\/de\/"},{"@type":"ListItem","position":2,"name":"Shops","item":"https:\/\/wein-werte.com\/de\/shop\/"},{"@type":"ListItem","position":3,"name":"Artadi | Rioja | Vi\u00f1as de Gain Blanco | 2020 | 750ml | bio"}]},{"@type":"WebSite","@id":"https:\/\/wein-werte.com\/#website","url":"https:\/\/wein-werte.com\/","name":"Wein Werte","description":"","publisher":{"@id":"https:\/\/wein-werte.com\/#organization"},"potentialAction":[{"@type":"SearchAction","target":{"@type":"EntryPoint","urlTemplate":"https:\/\/wein-werte.com\/?s={search_term_string}"},"query-input":{"@type":"PropertyValueSpecification","valueRequired":true,"valueName":"search_term_string"}}],"inLanguage":"de-DE-formal"},{"@type":"Organization","@id":"https:\/\/wein-werte.com\/#organization","name":"Vins Fins Thorrold","url":"https:\/\/wein-werte.com\/","logo":{"@type":"ImageObject","inLanguage":"de-DE-formal","@id":"https:\/\/wein-werte.com\/#\/schema\/logo\/image\/","url":"https:\/\/wein-werte.com\/wp-content\/uploads\/2023\/07\/Wein_werte_Logo700-1.png","contentUrl":"https:\/\/wein-werte.com\/wp-content\/uploads\/2023\/07\/Wein_werte_Logo700-1.png","width":700,"height":272,"caption":"Vins Fins Thorrold"},"image":{"@id":"https:\/\/wein-werte.com\/#\/schema\/logo\/image\/"}}]}},"_links":{"self":[{"href":"https:\/\/wein-werte.com\/de\/wp-json\/wp\/v2\/product\/1134152","targetHints":{"allow":["GET"]}}],"collection":[{"href":"https:\/\/wein-werte.com\/de\/wp-json\/wp\/v2\/product"}],"about":[{"href":"https:\/\/wein-werte.com\/de\/wp-json\/wp\/v2\/types\/product"}],"wp:featuredmedia":[{"embeddable":true,"href":"https:\/\/wein-werte.com\/de\/wp-json\/wp\/v2\/media\/1144416"}],"wp:attachment":[{"href":"https:\/\/wein-werte.com\/de\/wp-json\/wp\/v2\/media?parent=1134152"}],"wp:term":[{"taxonomy":"product_brand","embeddable":true,"href":"https:\/\/wein-werte.com\/de\/wp-json\/wp\/v2\/product_brand?post=1134152"},{"taxonomy":"product_cat","embeddable":true,"href":"https:\/\/wein-werte.com\/de\/wp-json\/wp\/v2\/product_cat?post=1134152"},{"taxonomy":"product_tag","embeddable":true,"href":"https:\/\/wein-werte.com\/de\/wp-json\/wp\/v2\/product_tag?post=1134152"}],"curies":[{"name":"wp","href":"https:\/\/api.w.org\/{rel}","templated":true}]}}