{"id":1134147,"date":"2026-05-05T18:31:05","date_gmt":"2026-05-05T16:31:05","guid":{"rendered":"https:\/\/wein-werte.com\/product\/artadi-la-hoya-2022-750ml\/"},"modified":"2026-04-27T11:51:41","modified_gmt":"2026-04-27T09:51:41","slug":"artadi-la-hoya-2022-750ml","status":"publish","type":"product","link":"https:\/\/wein-werte.com\/de\/produkt\/artadi-la-hoya-2022-750ml\/","title":{"rendered":"Artadi | Rioja | La Hoya | 2022 | 750ml | bio"},"content":{"rendered":"<p>Produktbeschreibung f\u00fcr Artadi La Hoya 2022 (bio) <\/p>\n<h5>Informationen zum Wein<\/h5>\n<p> Bodegas Artadi z\u00e4hlt zu den absoluten Top-Adressen Spaniens und hat in der Rioja den Wandel von kellergepr\u00e4gten zu terroirgepr\u00e4gten Weinen wegweisend vorangetrieben. Der biozertifizierte Einzellagenwein \u201eLa Hoya\u201c stammt von einem drei Hektar gro\u00dfen, nach Osten ausgerichteten Weinberg in der Gemeinde Elvillar. Wir befinden uns hier im h\u00f6her gelegenen und k\u00fchleren Teil der Rioja Alavesa, am Fu\u00dfe der Sierra Cantabria. Die 60 Jahre alten Tempranillo-Reben wachsen auf B\u00f6den mit einem hohem Kalkgehalt, dazu Sandstein und etwas Lehm. Wie bei allen Artadi-Weinen werden die Trauben entrappt und spontan vergoren. Beim Ausbau setzt das Weingut zusehends auf gebrauchte und gr\u00f6\u00dfere Eichenf\u00e4sser, wodurch die Weine noch mehr Klarheit und eine ungeschminkte Eleganz ausstrahlen. <\/p>\n<h5>Farbe<\/h5>\n<p> Kirschrot <\/p>\n<h5>Nase<\/h5>\n<p> Die Nase pr\u00e4sentiert sich mit frischer roter, blauer und schwarzer Frucht, unterlegt von einer k\u00fchlen Mineralit\u00e4t und kr\u00e4uterigen Aromen. Das Bukett ist wundervoll balanciert, es ist anregend und elegant und bietet viel Eigenst\u00e4ndigkeit. <\/p>\n<h5>Gaumen<\/h5>\n<p> La Hoya ist ein Weinberg, den Bodegas Artadi im Jahr 2017 erworben hat. Seitdem wird der Wein praktisch mit jedem Jahrgang besser, vor allem die Tannine immer feiner und eleganter. Zudem dr\u00fcckt dieser Wein die Geografie der Rioja Alavesa beispielhaft aus: Er vereint die dunkle Frucht und die reichhaltigen Tannine der Weine, die in der N\u00e4he der Sierra Cantabria wachsen, mit der roten Frucht und der Feinheit der Weine, die n\u00e4her am Ebro wachsen. Insgesamt bietet der Jahrgang 2022 eine hochattraktive Kombination aus lebhafter S\u00e4ure und ausdrucksstarken Prim\u00e4raromen; der Wein ist so klar und frisch wie ein Gebirgsbach, flie\u00dft seidig \u00fcber den Gaumen und entwickelt gleichzeitig viel mineralischen Gripp. Das Ganze wirkt sehr energiegeladen, rein und pr\u00e4zise und hat einen fantastischen Trinkfluss. In Bezug auf das Preis-Genuss-Verh\u00e4ltnis ist dies vielleicht der beste aller Artadi-Lagenweine. <\/p>\n<p>Copyright Vinaturel 2025<\/p>\n<p>Keywords: <a href=\"https:\/\/wein-werte.com\/de\/shop\/?swoof=1&#038;pa_producer=Artadi\">Artadi<\/a> <a href=\"https:\/\/wein-werte.com\/de\/shop\/?swoof=1&#038;woof_text=La Hoya\">La Hoya<\/a> 2022 bio <a href=\"https:\/\/wein-werte.com\/de\/shop\/?swoof=1&#038;pa_region=Rioja\">Rioja<\/a> <a href=\"https:\/\/wein-werte.com\/de\/shop\/?swoof=1&#038;pa_country=Spanien\">Spanien<\/a><\/p>\n<h3>Wine Advocate<\/h3>\n<p>Punkte: 94<\/p>\n<p>Der abgef\u00fcllte La Hoya 2022 h\u00e4lt, was er letztes Jahr versprach, nachdem er zwei Winter in Eichenf\u00e4ssern verbrachte, den ersten in 500- und 600-Liter-F\u00e4ssern und den zweiten in Fudern. Er stammt von einem nach Osten ausgerichteten, 3,6 Hektar gro\u00dfen Weinberg, der 1965 auf tiefen und dunklen B\u00f6den auf hartem Sandstein in einem Loch (das bedeutet der Name) gepflanzt wurde, m\u00f6glicherweise einem See in ferner Vergangenheit. Er vereint die Frucht des Sandsteins mit der Wucht des Schluffs und ist ausdrucksstark, aromatisch und offen. Er ist sauber, harmonisch, recht zug\u00e4nglich und ziemlich rund, mit guter Reife und 14,6 % Alkohol, aber mit guter Gesamtfrische. 5.000 Flaschen produziert. Abf\u00fcllung im Juni 2024.<br \/>Luis Guti\u00e9rrez<\/p>\n<h3>Vinous<\/h3>\n<p>Punkte: 93<\/p>\n<p>Der La Hoya 2022, ein sortenreiner Tempranillo aus El Villar, zeichnet sich durch Eichenaromen mit Aromen von reifen Schwarzkirschen und Wildkr\u00e4utern aus. Aufgrund des w\u00e4rmeren Jahres ist er weniger nuanciert als der 2021er, bietet aber moderate Frische, griffige Tannine und ein intensives, deutlich kalkiges Mundgef\u00fchl. \u2013 Joaqu\u00edn Hidalgo<br \/>Trinkzeitraum: 2024\u20132040<br \/>Testdatum: Mai 2025<\/p>\n<p>Internetseite des Weinguts: <a href=\"https:\/\/artadi.com\/en\/artazu-navarra\" target=\"_blank\">https:\/\/artadi.com\/en\/artazu-navarra<\/a><\/p>\n","protected":false},"excerpt":{"rendered":"<p>Lieferzeit: 1 bis 2 Arbeitstage (DE), 2 bis 5 Arbeitstage (EU and CH)<\/p>\n","protected":false},"featured_media":1144412,"template":"","meta":[],"product_brand":[],"product_cat":[19],"product_tag":[],"class_list":{"0":"post-1134147","1":"product","2":"type-product","3":"status-publish","4":"has-post-thumbnail","6":"product_cat-unkategorisiert","7":"pa_alcohol-for-filter-14-5","8":"pa_certified-biodynamic-nein-de","9":"pa_certified-organic-ja-de","10":"pa_colour-rot","11":"pa_country-spanien","12":"pa_grape-tempranillo","13":"pa_parker-points-for-filter-94-de-2","14":"pa_price-for-filter-10570","15":"pa_producer-artadi","16":"pa_region-rioja","17":"pa_size-ml-6584","18":"pa_sweetness-trocken-de","19":"pa_type-2-still-de","20":"pa_vinous-points-for-filter-20031","21":"pa_vintage-2022-de","22":"entry","23":"has-media","25":"first","26":"instock","27":"taxable","28":"shipping-taxable","29":"purchasable","30":"product-type-simple"},"yoast_head":"<!-- This site is optimized with the Yoast SEO plugin v27.5 - https:\/\/yoast.com\/product\/yoast-seo-wordpress\/ -->\n<title>Artadi La Hoya 2022<\/title>\n<meta name=\"description\" content=\"Kaufe Artadi La Hoya 2022 (Tempranillo, trocken aus Rioja, Spanien) bei Wein Werte, Ihrem nachhaltigen Onlineshop.\" \/>\n<meta name=\"robots\" content=\"index, follow, max-snippet:-1, max-image-preview:large, max-video-preview:-1\" \/>\n<link rel=\"canonical\" href=\"https:\/\/wein-werte.com\/de\/produkt\/artadi-la-hoya-2022-750ml\/\" \/>\n<meta property=\"og:locale\" content=\"de_DE\" \/>\n<meta property=\"og:type\" content=\"article\" \/>\n<meta property=\"og:title\" content=\"Artadi La Hoya 2022\" \/>\n<meta property=\"og:description\" content=\"Kaufe Artadi La Hoya 2022 (Tempranillo, trocken aus Rioja, Spanien) bei Wein Werte, Ihrem nachhaltigen Onlineshop.\" \/>\n<meta property=\"og:url\" content=\"https:\/\/wein-werte.com\/de\/produkt\/artadi-la-hoya-2022-750ml\/\" \/>\n<meta property=\"og:site_name\" content=\"Wein Werte\" \/>\n<meta property=\"og:image\" content=\"https:\/\/wein-werte.com\/wp-content\/uploads\/2026\/04\/Artadi-La-Hoya-2022-750ml.png\" \/>\n\t<meta property=\"og:image:width\" content=\"340\" \/>\n\t<meta property=\"og:image:height\" content=\"1200\" \/>\n\t<meta property=\"og:image:type\" content=\"image\/png\" \/>\n<meta name=\"twitter:card\" content=\"summary_large_image\" \/>\n<meta name=\"twitter:label1\" content=\"Gesch\u00e4tzte Lesezeit\" \/>\n\t<meta name=\"twitter:data1\" content=\"2\u00a0Minuten\" \/>\n<script type=\"application\/ld+json\" class=\"yoast-schema-graph\">{\"@context\":\"https:\\\/\\\/schema.org\",\"@graph\":[{\"@type\":\"WebPage\",\"@id\":\"https:\\\/\\\/wein-werte.com\\\/de\\\/produkt\\\/artadi-la-hoya-2022-750ml\\\/\",\"url\":\"https:\\\/\\\/wein-werte.com\\\/de\\\/produkt\\\/artadi-la-hoya-2022-750ml\\\/\",\"name\":\"Artadi La Hoya 2022\",\"isPartOf\":{\"@id\":\"https:\\\/\\\/wein-werte.com\\\/de\\\/#website\"},\"primaryImageOfPage\":{\"@id\":\"https:\\\/\\\/wein-werte.com\\\/de\\\/produkt\\\/artadi-la-hoya-2022-750ml\\\/#primaryimage\"},\"image\":{\"@id\":\"https:\\\/\\\/wein-werte.com\\\/de\\\/produkt\\\/artadi-la-hoya-2022-750ml\\\/#primaryimage\"},\"thumbnailUrl\":\"https:\\\/\\\/wein-werte.com\\\/wp-content\\\/uploads\\\/2026\\\/04\\\/Artadi-La-Hoya-2022-750ml.png\",\"datePublished\":\"2026-05-05T16:31:05+00:00\",\"description\":\"Kaufe Artadi La Hoya 2022 (Tempranillo, trocken aus Rioja, Spanien) bei Wein Werte, Ihrem nachhaltigen Onlineshop.\",\"breadcrumb\":{\"@id\":\"https:\\\/\\\/wein-werte.com\\\/de\\\/produkt\\\/artadi-la-hoya-2022-750ml\\\/#breadcrumb\"},\"inLanguage\":\"de\",\"potentialAction\":[{\"@type\":\"ReadAction\",\"target\":[\"https:\\\/\\\/wein-werte.com\\\/de\\\/produkt\\\/artadi-la-hoya-2022-750ml\\\/\"]}]},{\"@type\":\"ImageObject\",\"inLanguage\":\"de\",\"@id\":\"https:\\\/\\\/wein-werte.com\\\/de\\\/produkt\\\/artadi-la-hoya-2022-750ml\\\/#primaryimage\",\"url\":\"https:\\\/\\\/wein-werte.com\\\/wp-content\\\/uploads\\\/2026\\\/04\\\/Artadi-La-Hoya-2022-750ml.png\",\"contentUrl\":\"https:\\\/\\\/wein-werte.com\\\/wp-content\\\/uploads\\\/2026\\\/04\\\/Artadi-La-Hoya-2022-750ml.png\",\"width\":340,\"height\":1200,\"caption\":\"Artadi La Hoya 2022 750ml\"},{\"@type\":\"BreadcrumbList\",\"@id\":\"https:\\\/\\\/wein-werte.com\\\/de\\\/produkt\\\/artadi-la-hoya-2022-750ml\\\/#breadcrumb\",\"itemListElement\":[{\"@type\":\"ListItem\",\"position\":1,\"name\":\"Home\",\"item\":\"https:\\\/\\\/wein-werte.com\\\/de\\\/\"},{\"@type\":\"ListItem\",\"position\":2,\"name\":\"Shop\",\"item\":\"https:\\\/\\\/wein-werte.com\\\/de\\\/shop\\\/\"},{\"@type\":\"ListItem\",\"position\":3,\"name\":\"Artadi | Rioja | La Hoya | 2022 | 750ml | bio\"}]},{\"@type\":\"WebSite\",\"@id\":\"https:\\\/\\\/wein-werte.com\\\/de\\\/#website\",\"url\":\"https:\\\/\\\/wein-werte.com\\\/de\\\/\",\"name\":\"Wein Werte\",\"description\":\"\",\"publisher\":{\"@id\":\"https:\\\/\\\/wein-werte.com\\\/de\\\/#organization\"},\"potentialAction\":[{\"@type\":\"SearchAction\",\"target\":{\"@type\":\"EntryPoint\",\"urlTemplate\":\"https:\\\/\\\/wein-werte.com\\\/de\\\/?s={search_term_string}\"},\"query-input\":{\"@type\":\"PropertyValueSpecification\",\"valueRequired\":true,\"valueName\":\"search_term_string\"}}],\"inLanguage\":\"de\"},{\"@type\":\"Organization\",\"@id\":\"https:\\\/\\\/wein-werte.com\\\/de\\\/#organization\",\"name\":\"Vins Fins Thorrold\",\"url\":\"https:\\\/\\\/wein-werte.com\\\/de\\\/\",\"logo\":{\"@type\":\"ImageObject\",\"inLanguage\":\"de\",\"@id\":\"https:\\\/\\\/wein-werte.com\\\/de\\\/#\\\/schema\\\/logo\\\/image\\\/\",\"url\":\"https:\\\/\\\/wein-werte.com\\\/wp-content\\\/uploads\\\/2023\\\/07\\\/Wein_werte_Logo700-1.png\",\"contentUrl\":\"https:\\\/\\\/wein-werte.com\\\/wp-content\\\/uploads\\\/2023\\\/07\\\/Wein_werte_Logo700-1.png\",\"width\":700,\"height\":272,\"caption\":\"Vins Fins Thorrold\"},\"image\":{\"@id\":\"https:\\\/\\\/wein-werte.com\\\/de\\\/#\\\/schema\\\/logo\\\/image\\\/\"}}]}<\/script>\n<!-- \/ Yoast SEO plugin. -->","yoast_head_json":{"title":"Artadi La Hoya 2022","description":"Kaufe Artadi La Hoya 2022 (Tempranillo, trocken aus Rioja, Spanien) bei Wein Werte, Ihrem nachhaltigen Onlineshop.","robots":{"index":"index","follow":"follow","max-snippet":"max-snippet:-1","max-image-preview":"max-image-preview:large","max-video-preview":"max-video-preview:-1"},"canonical":"https:\/\/wein-werte.com\/de\/produkt\/artadi-la-hoya-2022-750ml\/","og_locale":"de_DE","og_type":"article","og_title":"Artadi La Hoya 2022","og_description":"Kaufe Artadi La Hoya 2022 (Tempranillo, trocken aus Rioja, Spanien) bei Wein Werte, Ihrem nachhaltigen Onlineshop.","og_url":"https:\/\/wein-werte.com\/de\/produkt\/artadi-la-hoya-2022-750ml\/","og_site_name":"Wein Werte","og_image":[{"width":340,"height":1200,"url":"https:\/\/wein-werte.com\/wp-content\/uploads\/2026\/04\/Artadi-La-Hoya-2022-750ml.png","type":"image\/png"}],"twitter_card":"summary_large_image","twitter_misc":{"Gesch\u00e4tzte Lesezeit":"2\u00a0Minuten"},"schema":{"@context":"https:\/\/schema.org","@graph":[{"@type":"WebPage","@id":"https:\/\/wein-werte.com\/de\/produkt\/artadi-la-hoya-2022-750ml\/","url":"https:\/\/wein-werte.com\/de\/produkt\/artadi-la-hoya-2022-750ml\/","name":"Artadi La Hoya 2022","isPartOf":{"@id":"https:\/\/wein-werte.com\/de\/#website"},"primaryImageOfPage":{"@id":"https:\/\/wein-werte.com\/de\/produkt\/artadi-la-hoya-2022-750ml\/#primaryimage"},"image":{"@id":"https:\/\/wein-werte.com\/de\/produkt\/artadi-la-hoya-2022-750ml\/#primaryimage"},"thumbnailUrl":"https:\/\/wein-werte.com\/wp-content\/uploads\/2026\/04\/Artadi-La-Hoya-2022-750ml.png","datePublished":"2026-05-05T16:31:05+00:00","description":"Kaufe Artadi La Hoya 2022 (Tempranillo, trocken aus Rioja, Spanien) bei Wein Werte, Ihrem nachhaltigen Onlineshop.","breadcrumb":{"@id":"https:\/\/wein-werte.com\/de\/produkt\/artadi-la-hoya-2022-750ml\/#breadcrumb"},"inLanguage":"de","potentialAction":[{"@type":"ReadAction","target":["https:\/\/wein-werte.com\/de\/produkt\/artadi-la-hoya-2022-750ml\/"]}]},{"@type":"ImageObject","inLanguage":"de","@id":"https:\/\/wein-werte.com\/de\/produkt\/artadi-la-hoya-2022-750ml\/#primaryimage","url":"https:\/\/wein-werte.com\/wp-content\/uploads\/2026\/04\/Artadi-La-Hoya-2022-750ml.png","contentUrl":"https:\/\/wein-werte.com\/wp-content\/uploads\/2026\/04\/Artadi-La-Hoya-2022-750ml.png","width":340,"height":1200,"caption":"Artadi La Hoya 2022 750ml"},{"@type":"BreadcrumbList","@id":"https:\/\/wein-werte.com\/de\/produkt\/artadi-la-hoya-2022-750ml\/#breadcrumb","itemListElement":[{"@type":"ListItem","position":1,"name":"Home","item":"https:\/\/wein-werte.com\/de\/"},{"@type":"ListItem","position":2,"name":"Shop","item":"https:\/\/wein-werte.com\/de\/shop\/"},{"@type":"ListItem","position":3,"name":"Artadi | Rioja | La Hoya | 2022 | 750ml | bio"}]},{"@type":"WebSite","@id":"https:\/\/wein-werte.com\/de\/#website","url":"https:\/\/wein-werte.com\/de\/","name":"Wein Werte","description":"","publisher":{"@id":"https:\/\/wein-werte.com\/de\/#organization"},"potentialAction":[{"@type":"SearchAction","target":{"@type":"EntryPoint","urlTemplate":"https:\/\/wein-werte.com\/de\/?s={search_term_string}"},"query-input":{"@type":"PropertyValueSpecification","valueRequired":true,"valueName":"search_term_string"}}],"inLanguage":"de"},{"@type":"Organization","@id":"https:\/\/wein-werte.com\/de\/#organization","name":"Vins Fins Thorrold","url":"https:\/\/wein-werte.com\/de\/","logo":{"@type":"ImageObject","inLanguage":"de","@id":"https:\/\/wein-werte.com\/de\/#\/schema\/logo\/image\/","url":"https:\/\/wein-werte.com\/wp-content\/uploads\/2023\/07\/Wein_werte_Logo700-1.png","contentUrl":"https:\/\/wein-werte.com\/wp-content\/uploads\/2023\/07\/Wein_werte_Logo700-1.png","width":700,"height":272,"caption":"Vins Fins Thorrold"},"image":{"@id":"https:\/\/wein-werte.com\/de\/#\/schema\/logo\/image\/"}}]}},"_links":{"self":[{"href":"https:\/\/wein-werte.com\/de\/wp-json\/wp\/v2\/product\/1134147","targetHints":{"allow":["GET"]}}],"collection":[{"href":"https:\/\/wein-werte.com\/de\/wp-json\/wp\/v2\/product"}],"about":[{"href":"https:\/\/wein-werte.com\/de\/wp-json\/wp\/v2\/types\/product"}],"wp:featuredmedia":[{"embeddable":true,"href":"https:\/\/wein-werte.com\/de\/wp-json\/wp\/v2\/media\/1144412"}],"wp:attachment":[{"href":"https:\/\/wein-werte.com\/de\/wp-json\/wp\/v2\/media?parent=1134147"}],"wp:term":[{"taxonomy":"product_brand","embeddable":true,"href":"https:\/\/wein-werte.com\/de\/wp-json\/wp\/v2\/product_brand?post=1134147"},{"taxonomy":"product_cat","embeddable":true,"href":"https:\/\/wein-werte.com\/de\/wp-json\/wp\/v2\/product_cat?post=1134147"},{"taxonomy":"product_tag","embeddable":true,"href":"https:\/\/wein-werte.com\/de\/wp-json\/wp\/v2\/product_tag?post=1134147"}],"curies":[{"name":"wp","href":"https:\/\/api.w.org\/{rel}","templated":true}]}}