{"id":1134127,"date":"2026-05-08T20:06:32","date_gmt":"2026-05-08T18:06:32","guid":{"rendered":"https:\/\/wein-werte.com\/product\/artadi-la-poza-de-ballesteros-2022-750ml\/"},"modified":"2026-04-27T11:51:39","modified_gmt":"2026-04-27T09:51:39","slug":"artadi-la-poza-de-ballesteros-2022-750ml","status":"publish","type":"product","link":"https:\/\/wein-werte.com\/de\/produkt\/artadi-la-poza-de-ballesteros-2022-750ml\/","title":{"rendered":"Artadi | Rioja | La Poza de Ballesteros | 2022 | 750ml | bio"},"content":{"rendered":"<p>Produktbeschreibung f\u00fcr Artadi La Poza de Ballesteros 2022 (bio) <\/p>\n<h5>Informationen zum Wein<\/h5>\n<p> Bodegas Artadi z\u00e4hlt zu den absoluten Top-Adressen Spaniens und hat in der Rioja den Wandel von kellergepr\u00e4gten zu terroirgepr\u00e4gten Weinen wegweisend vorangetrieben. Der biozertifizierte Einzellagenwein \u201eLa Poza de Ballesteros\u201c stammt von einem 1,2 Hektar gro\u00dfen Weinberg mit westlicher Ausrichtung auf rund 600 Meter H\u00f6he in der Gemeinde Elvillar. Wir befinden uns im h\u00f6her gelegenen und k\u00fchleren Teil der Rioja Alavesa, am Fu\u00dfe der Sierra Cantabria. Die 65 Jahre alten Tempranillo-Reben wachsen auf einem lehmig-sandigen und kalkhaltigen Boden. Wie bei allen Artadi-Weinen werden die Trauben entrappt und spontan vergoren. Beim Ausbau setzt das Weingut zusehends auf gebrauchte und gr\u00f6\u00dfere Eichenf\u00e4sser, wodurch die Weine noch mehr Klarheit und eine ungeschminkte Eleganz ausstrahlen. <\/p>\n<h5>Farbe<\/h5>\n<p> Kirschrot <\/p>\n<h5>Nase<\/h5>\n<p> Das Bukett bietet viel dunkle Frucht von Schwarzkirsche bis Brombeere. Dabei ist die Frucht nicht \u00fcberbordend, sondern geht eine sinnliche Liaison mit einer leichten W\u00fcrze und erdigen Mineralit\u00e4t ein. insgesamt ist die Nase frisch, weich und ausdrucksstark. Der Wein ist im Glas sofort da, und ben\u00f6tigt kaum Luft, um sich zu entfalten. <\/p>\n<h5>Gaumen<\/h5>\n<p> Im Vergleich zu anderen Einzellagenweinen von Bodegas Artadi, wie Valdegines und San Lazaro, ist La Poza de Ballesteros immer etwas k\u00f6rperreicher, vollmundiger und dichter. Da der Weinberg die warme Nachmittagssonne abbekommt, fallen die Trauben reifer aus. Ein \u00fcppiger Wein ist es trotzdem nicht. Der Jahrgang 2022 hat feink\u00f6rnige Tannine, ist saftig, weich und rund am Gaumen, unterlegt von einer k\u00fchlen, dunklen Mineralit\u00e4t. Die lebendige S\u00e4ure, samtige Textur und schwarze Frucht sind sch\u00f6n aufeinander abgestimmt und bilden eine charmante Liaison, so dass der La Poza ein harmonischer Rotwein vom Typ Everybody\u2019s Darling ist. <\/p>\n<p>Copyright Vinaturel 2025<\/p>\n<p>Keywords: <a href=\"https:\/\/wein-werte.com\/de\/shop\/?swoof=1&#038;pa_producer=Artadi\">Artadi<\/a> <a href=\"https:\/\/wein-werte.com\/de\/shop\/?swoof=1&#038;woof_text=La Poza de Ballesteros\">La Poza de Ballesteros<\/a> 2022 bio <a href=\"https:\/\/wein-werte.com\/de\/shop\/?swoof=1&#038;pa_region=Rioja\">Rioja<\/a> <a href=\"https:\/\/wein-werte.com\/de\/shop\/?swoof=1&#038;pa_country=Spanien\">Spanien<\/a><\/p>\n<h3>Wine Advocate<\/h3>\n<p>Punkte: 94+<\/p>\n<p>Der La Poza de Ballesteros 2022 ist f\u00fcr mich immer der reifere Wein, auch wenn die Reife immer kontrollierter wird. Er ist reif, aber nicht schwer. Er stammt aus einem nach Osten ausgerichteten Weinberg, dessen tiefe B\u00f6den jedoch gute Wasserreserven aufweisen und f\u00fcr Frische sorgen. Er ist ausgewogen, hat 14,66 % Alkohol, einen pH-Wert von 3,68 und einen S\u00e4uregehalt von 4,83 g. Er ist saftig und fruchtbetonter, zeigt aber bereits die Kalksteinnote. Im Juni 2024 wurden 4.000 Flaschen abgef\u00fcllt.<br \/>Luis Guti\u00e9rrez<\/p>\n<h3>Vinous<\/h3>\n<p>Punkte: 94<\/p>\n<p>Der La Poza de Ballesteros 2022 spiegelt einen warmen Jahrgang und tiefere B\u00f6den mit guter Wasserspeicherung wider. In der Nase Aromen von reifen Kirschen und Granat\u00e4pfeln, umrahmt von Unterholznoten. Gro\u00dfz\u00fcgig und cremig in der Textur, pr\u00e4sentiert er sich am Gaumen fruchtig mit kalkigen Tanninen, w\u00e4hrend der sanfte Abgang seine Reife unterstreicht. Dieser Weinberg hat sich gut an das hei\u00dfe Jahr angepasst. \u2013 Joaqu\u00edn Hidalgo<br \/>Trinkzeitraum: 2024\u20132040<br \/>Bewertungsdatum: Mai 2025<\/p>\n<p>Internetseite des Weinguts: <a href=\"https:\/\/artadi.com\/en\/artazu-navarra\" target=\"_blank\">https:\/\/artadi.com\/en\/artazu-navarra<\/a><\/p>\n","protected":false},"excerpt":{"rendered":"<p>Lieferzeit: 1 bis 2 Arbeitstage (DE), 2 bis 5 Arbeitstage (EU and CH)<\/p>\n","protected":false},"featured_media":1144396,"template":"","meta":[],"product_brand":[],"product_cat":[19],"product_tag":[],"class_list":{"0":"post-1134127","1":"product","2":"type-product","3":"status-publish","4":"has-post-thumbnail","6":"product_cat-unkategorisiert","7":"pa_alcohol-for-filter-14-5","8":"pa_certified-biodynamic-nein-de","9":"pa_certified-organic-ja-de","10":"pa_colour-rot","11":"pa_country-spanien","12":"pa_grape-tempranillo","13":"pa_parker-points-for-filter-94-de-2","14":"pa_price-for-filter-10708","15":"pa_producer-artadi","16":"pa_region-rioja","17":"pa_size-ml-6584","18":"pa_sweetness-trocken-de","19":"pa_type-2-still-de","20":"pa_vinous-points-for-filter-20033","21":"pa_vintage-2022-de","22":"entry","23":"has-media","25":"first","26":"instock","27":"taxable","28":"shipping-taxable","29":"purchasable","30":"product-type-simple"},"yoast_head":"<!-- This site is optimized with the Yoast SEO plugin v27.5 - https:\/\/yoast.com\/product\/yoast-seo-wordpress\/ -->\n<title>Artadi La Poza de Ballesteros 2022<\/title>\n<meta name=\"description\" content=\"Kaufe Artadi La Poza de Ballesteros 2022 (Tempranillo, trocken aus Rioja, Spanien) bei Wein Werte, Ihrem nachhaltigen Onlineshop.\" \/>\n<meta name=\"robots\" content=\"index, follow, max-snippet:-1, max-image-preview:large, max-video-preview:-1\" \/>\n<link rel=\"canonical\" href=\"https:\/\/wein-werte.com\/de\/produkt\/artadi-la-poza-de-ballesteros-2022-750ml\/\" \/>\n<meta property=\"og:locale\" content=\"de_DE\" \/>\n<meta property=\"og:type\" content=\"article\" \/>\n<meta property=\"og:title\" content=\"Artadi La Poza de Ballesteros 2022\" \/>\n<meta property=\"og:description\" content=\"Kaufe Artadi La Poza de Ballesteros 2022 (Tempranillo, trocken aus Rioja, Spanien) bei Wein Werte, Ihrem nachhaltigen Onlineshop.\" \/>\n<meta property=\"og:url\" content=\"https:\/\/wein-werte.com\/de\/produkt\/artadi-la-poza-de-ballesteros-2022-750ml\/\" \/>\n<meta property=\"og:site_name\" content=\"Wein Werte\" \/>\n<meta property=\"og:image\" content=\"https:\/\/wein-werte.com\/wp-content\/uploads\/2026\/04\/Artadi-La-Poza-de-Ballesteros-2022-750ml.png\" \/>\n\t<meta property=\"og:image:width\" content=\"339\" \/>\n\t<meta property=\"og:image:height\" content=\"1200\" \/>\n\t<meta property=\"og:image:type\" content=\"image\/png\" \/>\n<meta name=\"twitter:card\" content=\"summary_large_image\" \/>\n<meta name=\"twitter:label1\" content=\"Gesch\u00e4tzte Lesezeit\" \/>\n\t<meta name=\"twitter:data1\" content=\"2\u00a0Minuten\" \/>\n<script type=\"application\/ld+json\" class=\"yoast-schema-graph\">{\"@context\":\"https:\\\/\\\/schema.org\",\"@graph\":[{\"@type\":\"WebPage\",\"@id\":\"https:\\\/\\\/wein-werte.com\\\/de\\\/produkt\\\/artadi-la-poza-de-ballesteros-2022-750ml\\\/\",\"url\":\"https:\\\/\\\/wein-werte.com\\\/de\\\/produkt\\\/artadi-la-poza-de-ballesteros-2022-750ml\\\/\",\"name\":\"Artadi La Poza de Ballesteros 2022\",\"isPartOf\":{\"@id\":\"https:\\\/\\\/wein-werte.com\\\/de\\\/#website\"},\"primaryImageOfPage\":{\"@id\":\"https:\\\/\\\/wein-werte.com\\\/de\\\/produkt\\\/artadi-la-poza-de-ballesteros-2022-750ml\\\/#primaryimage\"},\"image\":{\"@id\":\"https:\\\/\\\/wein-werte.com\\\/de\\\/produkt\\\/artadi-la-poza-de-ballesteros-2022-750ml\\\/#primaryimage\"},\"thumbnailUrl\":\"https:\\\/\\\/wein-werte.com\\\/wp-content\\\/uploads\\\/2026\\\/04\\\/Artadi-La-Poza-de-Ballesteros-2022-750ml.png\",\"datePublished\":\"2026-05-08T18:06:32+00:00\",\"description\":\"Kaufe Artadi La Poza de Ballesteros 2022 (Tempranillo, trocken aus Rioja, Spanien) bei Wein Werte, Ihrem nachhaltigen Onlineshop.\",\"breadcrumb\":{\"@id\":\"https:\\\/\\\/wein-werte.com\\\/de\\\/produkt\\\/artadi-la-poza-de-ballesteros-2022-750ml\\\/#breadcrumb\"},\"inLanguage\":\"de\",\"potentialAction\":[{\"@type\":\"ReadAction\",\"target\":[\"https:\\\/\\\/wein-werte.com\\\/de\\\/produkt\\\/artadi-la-poza-de-ballesteros-2022-750ml\\\/\"]}]},{\"@type\":\"ImageObject\",\"inLanguage\":\"de\",\"@id\":\"https:\\\/\\\/wein-werte.com\\\/de\\\/produkt\\\/artadi-la-poza-de-ballesteros-2022-750ml\\\/#primaryimage\",\"url\":\"https:\\\/\\\/wein-werte.com\\\/wp-content\\\/uploads\\\/2026\\\/04\\\/Artadi-La-Poza-de-Ballesteros-2022-750ml.png\",\"contentUrl\":\"https:\\\/\\\/wein-werte.com\\\/wp-content\\\/uploads\\\/2026\\\/04\\\/Artadi-La-Poza-de-Ballesteros-2022-750ml.png\",\"width\":339,\"height\":1200,\"caption\":\"Artadi La Poza de Ballesteros 2022 750ml\"},{\"@type\":\"BreadcrumbList\",\"@id\":\"https:\\\/\\\/wein-werte.com\\\/de\\\/produkt\\\/artadi-la-poza-de-ballesteros-2022-750ml\\\/#breadcrumb\",\"itemListElement\":[{\"@type\":\"ListItem\",\"position\":1,\"name\":\"Home\",\"item\":\"https:\\\/\\\/wein-werte.com\\\/de\\\/\"},{\"@type\":\"ListItem\",\"position\":2,\"name\":\"Shop\",\"item\":\"https:\\\/\\\/wein-werte.com\\\/de\\\/shop\\\/\"},{\"@type\":\"ListItem\",\"position\":3,\"name\":\"Artadi | Rioja | La Poza de Ballesteros | 2022 | 750ml | bio\"}]},{\"@type\":\"WebSite\",\"@id\":\"https:\\\/\\\/wein-werte.com\\\/de\\\/#website\",\"url\":\"https:\\\/\\\/wein-werte.com\\\/de\\\/\",\"name\":\"Wein Werte\",\"description\":\"\",\"publisher\":{\"@id\":\"https:\\\/\\\/wein-werte.com\\\/de\\\/#organization\"},\"potentialAction\":[{\"@type\":\"SearchAction\",\"target\":{\"@type\":\"EntryPoint\",\"urlTemplate\":\"https:\\\/\\\/wein-werte.com\\\/de\\\/?s={search_term_string}\"},\"query-input\":{\"@type\":\"PropertyValueSpecification\",\"valueRequired\":true,\"valueName\":\"search_term_string\"}}],\"inLanguage\":\"de\"},{\"@type\":\"Organization\",\"@id\":\"https:\\\/\\\/wein-werte.com\\\/de\\\/#organization\",\"name\":\"Vins Fins Thorrold\",\"url\":\"https:\\\/\\\/wein-werte.com\\\/de\\\/\",\"logo\":{\"@type\":\"ImageObject\",\"inLanguage\":\"de\",\"@id\":\"https:\\\/\\\/wein-werte.com\\\/de\\\/#\\\/schema\\\/logo\\\/image\\\/\",\"url\":\"https:\\\/\\\/wein-werte.com\\\/wp-content\\\/uploads\\\/2023\\\/07\\\/Wein_werte_Logo700-1.png\",\"contentUrl\":\"https:\\\/\\\/wein-werte.com\\\/wp-content\\\/uploads\\\/2023\\\/07\\\/Wein_werte_Logo700-1.png\",\"width\":700,\"height\":272,\"caption\":\"Vins Fins Thorrold\"},\"image\":{\"@id\":\"https:\\\/\\\/wein-werte.com\\\/de\\\/#\\\/schema\\\/logo\\\/image\\\/\"}}]}<\/script>\n<!-- \/ Yoast SEO plugin. -->","yoast_head_json":{"title":"Artadi La Poza de Ballesteros 2022","description":"Kaufe Artadi La Poza de Ballesteros 2022 (Tempranillo, trocken aus Rioja, Spanien) bei Wein Werte, Ihrem nachhaltigen Onlineshop.","robots":{"index":"index","follow":"follow","max-snippet":"max-snippet:-1","max-image-preview":"max-image-preview:large","max-video-preview":"max-video-preview:-1"},"canonical":"https:\/\/wein-werte.com\/de\/produkt\/artadi-la-poza-de-ballesteros-2022-750ml\/","og_locale":"de_DE","og_type":"article","og_title":"Artadi La Poza de Ballesteros 2022","og_description":"Kaufe Artadi La Poza de Ballesteros 2022 (Tempranillo, trocken aus Rioja, Spanien) bei Wein Werte, Ihrem nachhaltigen Onlineshop.","og_url":"https:\/\/wein-werte.com\/de\/produkt\/artadi-la-poza-de-ballesteros-2022-750ml\/","og_site_name":"Wein Werte","og_image":[{"width":339,"height":1200,"url":"https:\/\/wein-werte.com\/wp-content\/uploads\/2026\/04\/Artadi-La-Poza-de-Ballesteros-2022-750ml.png","type":"image\/png"}],"twitter_card":"summary_large_image","twitter_misc":{"Gesch\u00e4tzte Lesezeit":"2\u00a0Minuten"},"schema":{"@context":"https:\/\/schema.org","@graph":[{"@type":"WebPage","@id":"https:\/\/wein-werte.com\/de\/produkt\/artadi-la-poza-de-ballesteros-2022-750ml\/","url":"https:\/\/wein-werte.com\/de\/produkt\/artadi-la-poza-de-ballesteros-2022-750ml\/","name":"Artadi La Poza de Ballesteros 2022","isPartOf":{"@id":"https:\/\/wein-werte.com\/de\/#website"},"primaryImageOfPage":{"@id":"https:\/\/wein-werte.com\/de\/produkt\/artadi-la-poza-de-ballesteros-2022-750ml\/#primaryimage"},"image":{"@id":"https:\/\/wein-werte.com\/de\/produkt\/artadi-la-poza-de-ballesteros-2022-750ml\/#primaryimage"},"thumbnailUrl":"https:\/\/wein-werte.com\/wp-content\/uploads\/2026\/04\/Artadi-La-Poza-de-Ballesteros-2022-750ml.png","datePublished":"2026-05-08T18:06:32+00:00","description":"Kaufe Artadi La Poza de Ballesteros 2022 (Tempranillo, trocken aus Rioja, Spanien) bei Wein Werte, Ihrem nachhaltigen Onlineshop.","breadcrumb":{"@id":"https:\/\/wein-werte.com\/de\/produkt\/artadi-la-poza-de-ballesteros-2022-750ml\/#breadcrumb"},"inLanguage":"de","potentialAction":[{"@type":"ReadAction","target":["https:\/\/wein-werte.com\/de\/produkt\/artadi-la-poza-de-ballesteros-2022-750ml\/"]}]},{"@type":"ImageObject","inLanguage":"de","@id":"https:\/\/wein-werte.com\/de\/produkt\/artadi-la-poza-de-ballesteros-2022-750ml\/#primaryimage","url":"https:\/\/wein-werte.com\/wp-content\/uploads\/2026\/04\/Artadi-La-Poza-de-Ballesteros-2022-750ml.png","contentUrl":"https:\/\/wein-werte.com\/wp-content\/uploads\/2026\/04\/Artadi-La-Poza-de-Ballesteros-2022-750ml.png","width":339,"height":1200,"caption":"Artadi La Poza de Ballesteros 2022 750ml"},{"@type":"BreadcrumbList","@id":"https:\/\/wein-werte.com\/de\/produkt\/artadi-la-poza-de-ballesteros-2022-750ml\/#breadcrumb","itemListElement":[{"@type":"ListItem","position":1,"name":"Home","item":"https:\/\/wein-werte.com\/de\/"},{"@type":"ListItem","position":2,"name":"Shop","item":"https:\/\/wein-werte.com\/de\/shop\/"},{"@type":"ListItem","position":3,"name":"Artadi | Rioja | La Poza de Ballesteros | 2022 | 750ml | bio"}]},{"@type":"WebSite","@id":"https:\/\/wein-werte.com\/de\/#website","url":"https:\/\/wein-werte.com\/de\/","name":"Wein Werte","description":"","publisher":{"@id":"https:\/\/wein-werte.com\/de\/#organization"},"potentialAction":[{"@type":"SearchAction","target":{"@type":"EntryPoint","urlTemplate":"https:\/\/wein-werte.com\/de\/?s={search_term_string}"},"query-input":{"@type":"PropertyValueSpecification","valueRequired":true,"valueName":"search_term_string"}}],"inLanguage":"de"},{"@type":"Organization","@id":"https:\/\/wein-werte.com\/de\/#organization","name":"Vins Fins Thorrold","url":"https:\/\/wein-werte.com\/de\/","logo":{"@type":"ImageObject","inLanguage":"de","@id":"https:\/\/wein-werte.com\/de\/#\/schema\/logo\/image\/","url":"https:\/\/wein-werte.com\/wp-content\/uploads\/2023\/07\/Wein_werte_Logo700-1.png","contentUrl":"https:\/\/wein-werte.com\/wp-content\/uploads\/2023\/07\/Wein_werte_Logo700-1.png","width":700,"height":272,"caption":"Vins Fins Thorrold"},"image":{"@id":"https:\/\/wein-werte.com\/de\/#\/schema\/logo\/image\/"}}]}},"_links":{"self":[{"href":"https:\/\/wein-werte.com\/de\/wp-json\/wp\/v2\/product\/1134127","targetHints":{"allow":["GET"]}}],"collection":[{"href":"https:\/\/wein-werte.com\/de\/wp-json\/wp\/v2\/product"}],"about":[{"href":"https:\/\/wein-werte.com\/de\/wp-json\/wp\/v2\/types\/product"}],"wp:featuredmedia":[{"embeddable":true,"href":"https:\/\/wein-werte.com\/de\/wp-json\/wp\/v2\/media\/1144396"}],"wp:attachment":[{"href":"https:\/\/wein-werte.com\/de\/wp-json\/wp\/v2\/media?parent=1134127"}],"wp:term":[{"taxonomy":"product_brand","embeddable":true,"href":"https:\/\/wein-werte.com\/de\/wp-json\/wp\/v2\/product_brand?post=1134127"},{"taxonomy":"product_cat","embeddable":true,"href":"https:\/\/wein-werte.com\/de\/wp-json\/wp\/v2\/product_cat?post=1134127"},{"taxonomy":"product_tag","embeddable":true,"href":"https:\/\/wein-werte.com\/de\/wp-json\/wp\/v2\/product_tag?post=1134127"}],"curies":[{"name":"wp","href":"https:\/\/api.w.org\/{rel}","templated":true}]}}