{"id":1134112,"date":"2026-05-08T20:06:32","date_gmt":"2026-05-08T18:06:32","guid":{"rendered":"https:\/\/wein-werte.com\/product\/artadi-vinas-de-gain-tinto-2021-750ml\/"},"modified":"2026-04-27T11:51:39","modified_gmt":"2026-04-27T09:51:39","slug":"artadi-vinas-de-gain-tinto-2021-750ml","status":"publish","type":"product","link":"https:\/\/wein-werte.com\/de\/produkt\/artadi-vinas-de-gain-tinto-2021-750ml\/","title":{"rendered":"Artadi | Rioja | Vi\u00f1as de Gain Tinto | 2021 | 750ml | bio"},"content":{"rendered":"<p>Produktbeschreibung f\u00fcr Artadi Vi\u00f1as de Gain Tinto 2021 (bio)<\/p>\n<p> Unter den vielen Weing\u00fctern, die seit den 1980er Jahren weit \u00fcber die Rioja hinaus bekannt geworden sind, nehmen die Bodegas y Vi\u00f1edos Artadi eine Sonderstellung ein. Artadi geh\u00f6rt zur Gebietsspitze, und das mit Weinen, die seit den 1980er Jahren aus rein biologisch, mittlerweile auch biodynamisch bewirtschafteten Weinbergen stammen. Im Jahr 1985 schlossen sich einige Familien zu einer Kooperative zusammen, die sich aber nicht verstand, weshalb zwei der Familien, Lacalle und Laorden, das Weingut \u00fcbernahmen. Die Neugr\u00fcndung 1992 war der Startschuss f\u00fcr den konsequenten Aufstieg von Artadi. Zu dieser Konsequenz geh\u00f6rte auch das Verlassen des Verbandes der Rioja-Winzer, weshalb man den Begriff Rioja auf den Weinetiketten nicht mehr findet. Artadi geh\u00f6rt zu den besten Weing\u00fctern der Region, die einen eher modernen Stil pflegen. Das liegt auch daran, dass man mit Weing\u00e4rten wie El Pis\u00f3n und anderen einige der besten Lagen der Rioja besitzt. <\/p>\n<h5>Informationen zum Wein<\/h5>\n<p> Das Weingut Artadi ist einer der wichtigsten Wegbereiter und Protagonisten des Wandels in Spanien von kellergepr\u00e4gten zu terroirgepr\u00e4gten Weinen. Der reinsortige Tempranillo \u201eVi\u00f1as de Gain\u201c ist dabei ein Querschnitt durch die Terroirs der baskischen Rioja. Die Trauben stammen aus verschiedenen Weinbergen in den Gemeinden Laguardia und Elvillar. Einige Lagen liegen im w\u00e4rmeren Ebrotal auf einer H\u00f6he von 450 Metern, andere auf bis zu 700 Metern im k\u00fchleren Klima der Sierra Cantabria. Die B\u00f6den sind teils kalkhaltig, teils lehmig, teils steinig. Aus dieser Vielfalt an Terroirs entsteht ein komplexer und vielschichtiger Wein, der exemplarisch f\u00fcr die Alavesa steht. Der Wein ist au\u00dferdem biozertifiziert und reifte 12 Monate in Eichenf\u00e4ssern. <\/p>\n<h5>Farbe<\/h5>\n<p> Kirschrot mit violettem Rand <\/p>\n<h5>Nase<\/h5>\n<p> Die Nase ist gepr\u00e4gt von einer geh\u00f6rigen Portion Mineralit\u00e4t und atlantischer Frische. Obwohl sie zun\u00e4chst etwas karg wirkt, ist sie \u00e4u\u00dferst attraktiv, animierend und von gro\u00dfer Intensit\u00e4t. Mit zunehmendem Luftkontakt entfalten sich dunkle und rote Fr\u00fcchte. Es empfiehlt sich, diesen Wein in seinem jetzigen jungen Stadium zu karaffieren. <\/p>\n<h5>Gaumen<\/h5>\n<p> Der Vi\u00f1as de Gain 2021 ist druckvoll und griffig am Gaumen. Es ist ein konzentrierter und dicht strukturierter Rotwein, der zugleich aber auch elegant, saftig und keineswegs \u00fcppig ist. Die Aromatik zeigt mehr dunkle als rote Fr\u00fcchte, was typisch f\u00fcr die h\u00f6heren Lagen der Rioja Alavesa ist. Das kreidige Tannin pr\u00e4gt den langen, attraktiven Abgang. Dazu kommen eine pointierte S\u00e4ure, ein mittler K\u00f6rper und eine erdige Mineralit\u00e4t, die f\u00fcr Tiefgang sorgt. L\u00e4nge, Tiefe, Spannung und Gripp \u2014 es ist also alles da, was ein Topwein braucht. Das Preis-Genuss-Verh\u00e4ltnis ist bei diesem Gew\u00e4chs einfach fabelhaft.<\/p>\n<p>Copyright Vinaturel 2025<\/p>\n<p>Keywords: <a href=\"https:\/\/wein-werte.com\/de\/shop\/?swoof=1&#038;pa_producer=Artadi\">Artadi<\/a> <a href=\"https:\/\/wein-werte.com\/de\/shop\/?swoof=1&#038;woof_text=Vi\u00f1as de Gain Tinto\">Vi\u00f1as de Gain Tinto<\/a> 2021 bio <a href=\"https:\/\/wein-werte.com\/de\/shop\/?swoof=1&#038;pa_region=Rioja\">Rioja<\/a> <a href=\"https:\/\/wein-werte.com\/de\/shop\/?swoof=1&#038;pa_country=Spanien\">Spanien<\/a><\/p>\n<p>Internetseite des Weinguts: <a href=\"https:\/\/artadi.com\/en\/artazu-navarra\" target=\"_blank\">https:\/\/artadi.com\/en\/artazu-navarra<\/a><\/p>\n","protected":false},"excerpt":{"rendered":"<p>Lieferzeit: 1 bis 2 Arbeitstage (DE), 2 bis 5 Arbeitstage (EU and CH)<\/p>\n","protected":false},"featured_media":1144384,"template":"","meta":[],"product_brand":[],"product_cat":[19],"product_tag":[],"class_list":{"0":"post-1134112","1":"product","2":"type-product","3":"status-publish","4":"has-post-thumbnail","6":"product_cat-unkategorisiert","7":"pa_alcohol-for-filter-14-5","8":"pa_certified-biodynamic-nein-de","9":"pa_certified-organic-ja-de","10":"pa_colour-rot","11":"pa_country-spanien","12":"pa_grape-tempranillo","13":"pa_price-for-filter-10600","14":"pa_producer-artadi","15":"pa_region-rioja","16":"pa_size-ml-6584","17":"pa_sweetness-trocken-de","18":"pa_type-2-still-de","19":"pa_vintage-2021-de","20":"entry","21":"has-media","23":"first","24":"instock","25":"taxable","26":"shipping-taxable","27":"purchasable","28":"product-type-simple"},"yoast_head":"<!-- This site is optimized with the Yoast SEO plugin v27.5 - https:\/\/yoast.com\/product\/yoast-seo-wordpress\/ -->\n<title>Artadi Vi\u00f1as de Gain Tinto 2021<\/title>\n<meta name=\"description\" content=\"Kaufe Artadi Vi\u00f1as de Gain Tinto 2021 (Tempranillo, trocken aus Rioja, Spanien) bei Wein Werte, Ihrem nachhaltigen Onlineshop.\" \/>\n<meta name=\"robots\" content=\"index, follow, max-snippet:-1, max-image-preview:large, max-video-preview:-1\" \/>\n<link rel=\"canonical\" href=\"https:\/\/wein-werte.com\/de\/produkt\/artadi-vinas-de-gain-tinto-2021-750ml\/\" \/>\n<meta property=\"og:locale\" content=\"de_DE\" \/>\n<meta property=\"og:type\" content=\"article\" \/>\n<meta property=\"og:title\" content=\"Artadi Vi\u00f1as de Gain Tinto 2021\" \/>\n<meta property=\"og:description\" content=\"Kaufe Artadi Vi\u00f1as de Gain Tinto 2021 (Tempranillo, trocken aus Rioja, Spanien) bei Wein Werte, Ihrem nachhaltigen Onlineshop.\" \/>\n<meta property=\"og:url\" content=\"https:\/\/wein-werte.com\/de\/produkt\/artadi-vinas-de-gain-tinto-2021-750ml\/\" \/>\n<meta property=\"og:site_name\" content=\"Wein Werte\" \/>\n<meta property=\"og:image\" content=\"https:\/\/wein-werte.com\/wp-content\/uploads\/2026\/04\/Artadi-Vinas-de-Gain-Tinto-2021-750ml.png\" \/>\n\t<meta property=\"og:image:width\" content=\"296\" \/>\n\t<meta property=\"og:image:height\" content=\"1200\" \/>\n\t<meta property=\"og:image:type\" content=\"image\/png\" \/>\n<meta name=\"twitter:card\" content=\"summary_large_image\" \/>\n<meta name=\"twitter:label1\" content=\"Gesch\u00e4tzte Lesezeit\" \/>\n\t<meta name=\"twitter:data1\" content=\"2\u00a0Minuten\" \/>\n<script type=\"application\/ld+json\" class=\"yoast-schema-graph\">{\"@context\":\"https:\\\/\\\/schema.org\",\"@graph\":[{\"@type\":\"WebPage\",\"@id\":\"https:\\\/\\\/wein-werte.com\\\/de\\\/produkt\\\/artadi-vinas-de-gain-tinto-2021-750ml\\\/\",\"url\":\"https:\\\/\\\/wein-werte.com\\\/de\\\/produkt\\\/artadi-vinas-de-gain-tinto-2021-750ml\\\/\",\"name\":\"Artadi Vi\u00f1as de Gain Tinto 2021\",\"isPartOf\":{\"@id\":\"https:\\\/\\\/wein-werte.com\\\/de\\\/#website\"},\"primaryImageOfPage\":{\"@id\":\"https:\\\/\\\/wein-werte.com\\\/de\\\/produkt\\\/artadi-vinas-de-gain-tinto-2021-750ml\\\/#primaryimage\"},\"image\":{\"@id\":\"https:\\\/\\\/wein-werte.com\\\/de\\\/produkt\\\/artadi-vinas-de-gain-tinto-2021-750ml\\\/#primaryimage\"},\"thumbnailUrl\":\"https:\\\/\\\/wein-werte.com\\\/wp-content\\\/uploads\\\/2026\\\/04\\\/Artadi-Vinas-de-Gain-Tinto-2021-750ml.png\",\"datePublished\":\"2026-05-08T18:06:32+00:00\",\"description\":\"Kaufe Artadi Vi\u00f1as de Gain Tinto 2021 (Tempranillo, trocken aus Rioja, Spanien) bei Wein Werte, Ihrem nachhaltigen Onlineshop.\",\"breadcrumb\":{\"@id\":\"https:\\\/\\\/wein-werte.com\\\/de\\\/produkt\\\/artadi-vinas-de-gain-tinto-2021-750ml\\\/#breadcrumb\"},\"inLanguage\":\"de\",\"potentialAction\":[{\"@type\":\"ReadAction\",\"target\":[\"https:\\\/\\\/wein-werte.com\\\/de\\\/produkt\\\/artadi-vinas-de-gain-tinto-2021-750ml\\\/\"]}]},{\"@type\":\"ImageObject\",\"inLanguage\":\"de\",\"@id\":\"https:\\\/\\\/wein-werte.com\\\/de\\\/produkt\\\/artadi-vinas-de-gain-tinto-2021-750ml\\\/#primaryimage\",\"url\":\"https:\\\/\\\/wein-werte.com\\\/wp-content\\\/uploads\\\/2026\\\/04\\\/Artadi-Vinas-de-Gain-Tinto-2021-750ml.png\",\"contentUrl\":\"https:\\\/\\\/wein-werte.com\\\/wp-content\\\/uploads\\\/2026\\\/04\\\/Artadi-Vinas-de-Gain-Tinto-2021-750ml.png\",\"width\":296,\"height\":1200,\"caption\":\"Artadi Vi\u00f1as de Gain Tinto 2021 750ml\"},{\"@type\":\"BreadcrumbList\",\"@id\":\"https:\\\/\\\/wein-werte.com\\\/de\\\/produkt\\\/artadi-vinas-de-gain-tinto-2021-750ml\\\/#breadcrumb\",\"itemListElement\":[{\"@type\":\"ListItem\",\"position\":1,\"name\":\"Home\",\"item\":\"https:\\\/\\\/wein-werte.com\\\/de\\\/\"},{\"@type\":\"ListItem\",\"position\":2,\"name\":\"Shop\",\"item\":\"https:\\\/\\\/wein-werte.com\\\/de\\\/shop\\\/\"},{\"@type\":\"ListItem\",\"position\":3,\"name\":\"Artadi | Rioja | Vi\u00f1as de Gain Tinto | 2021 | 750ml | bio\"}]},{\"@type\":\"WebSite\",\"@id\":\"https:\\\/\\\/wein-werte.com\\\/de\\\/#website\",\"url\":\"https:\\\/\\\/wein-werte.com\\\/de\\\/\",\"name\":\"Wein Werte\",\"description\":\"\",\"publisher\":{\"@id\":\"https:\\\/\\\/wein-werte.com\\\/de\\\/#organization\"},\"potentialAction\":[{\"@type\":\"SearchAction\",\"target\":{\"@type\":\"EntryPoint\",\"urlTemplate\":\"https:\\\/\\\/wein-werte.com\\\/de\\\/?s={search_term_string}\"},\"query-input\":{\"@type\":\"PropertyValueSpecification\",\"valueRequired\":true,\"valueName\":\"search_term_string\"}}],\"inLanguage\":\"de\"},{\"@type\":\"Organization\",\"@id\":\"https:\\\/\\\/wein-werte.com\\\/de\\\/#organization\",\"name\":\"Vins Fins Thorrold\",\"url\":\"https:\\\/\\\/wein-werte.com\\\/de\\\/\",\"logo\":{\"@type\":\"ImageObject\",\"inLanguage\":\"de\",\"@id\":\"https:\\\/\\\/wein-werte.com\\\/de\\\/#\\\/schema\\\/logo\\\/image\\\/\",\"url\":\"https:\\\/\\\/wein-werte.com\\\/wp-content\\\/uploads\\\/2023\\\/07\\\/Wein_werte_Logo700-1.png\",\"contentUrl\":\"https:\\\/\\\/wein-werte.com\\\/wp-content\\\/uploads\\\/2023\\\/07\\\/Wein_werte_Logo700-1.png\",\"width\":700,\"height\":272,\"caption\":\"Vins Fins Thorrold\"},\"image\":{\"@id\":\"https:\\\/\\\/wein-werte.com\\\/de\\\/#\\\/schema\\\/logo\\\/image\\\/\"}}]}<\/script>\n<!-- \/ Yoast SEO plugin. -->","yoast_head_json":{"title":"Artadi Vi\u00f1as de Gain Tinto 2021","description":"Kaufe Artadi Vi\u00f1as de Gain Tinto 2021 (Tempranillo, trocken aus Rioja, Spanien) bei Wein Werte, Ihrem nachhaltigen Onlineshop.","robots":{"index":"index","follow":"follow","max-snippet":"max-snippet:-1","max-image-preview":"max-image-preview:large","max-video-preview":"max-video-preview:-1"},"canonical":"https:\/\/wein-werte.com\/de\/produkt\/artadi-vinas-de-gain-tinto-2021-750ml\/","og_locale":"de_DE","og_type":"article","og_title":"Artadi Vi\u00f1as de Gain Tinto 2021","og_description":"Kaufe Artadi Vi\u00f1as de Gain Tinto 2021 (Tempranillo, trocken aus Rioja, Spanien) bei Wein Werte, Ihrem nachhaltigen Onlineshop.","og_url":"https:\/\/wein-werte.com\/de\/produkt\/artadi-vinas-de-gain-tinto-2021-750ml\/","og_site_name":"Wein Werte","og_image":[{"width":296,"height":1200,"url":"https:\/\/wein-werte.com\/wp-content\/uploads\/2026\/04\/Artadi-Vinas-de-Gain-Tinto-2021-750ml.png","type":"image\/png"}],"twitter_card":"summary_large_image","twitter_misc":{"Gesch\u00e4tzte Lesezeit":"2\u00a0Minuten"},"schema":{"@context":"https:\/\/schema.org","@graph":[{"@type":"WebPage","@id":"https:\/\/wein-werte.com\/de\/produkt\/artadi-vinas-de-gain-tinto-2021-750ml\/","url":"https:\/\/wein-werte.com\/de\/produkt\/artadi-vinas-de-gain-tinto-2021-750ml\/","name":"Artadi Vi\u00f1as de Gain Tinto 2021","isPartOf":{"@id":"https:\/\/wein-werte.com\/de\/#website"},"primaryImageOfPage":{"@id":"https:\/\/wein-werte.com\/de\/produkt\/artadi-vinas-de-gain-tinto-2021-750ml\/#primaryimage"},"image":{"@id":"https:\/\/wein-werte.com\/de\/produkt\/artadi-vinas-de-gain-tinto-2021-750ml\/#primaryimage"},"thumbnailUrl":"https:\/\/wein-werte.com\/wp-content\/uploads\/2026\/04\/Artadi-Vinas-de-Gain-Tinto-2021-750ml.png","datePublished":"2026-05-08T18:06:32+00:00","description":"Kaufe Artadi Vi\u00f1as de Gain Tinto 2021 (Tempranillo, trocken aus Rioja, Spanien) bei Wein Werte, Ihrem nachhaltigen Onlineshop.","breadcrumb":{"@id":"https:\/\/wein-werte.com\/de\/produkt\/artadi-vinas-de-gain-tinto-2021-750ml\/#breadcrumb"},"inLanguage":"de","potentialAction":[{"@type":"ReadAction","target":["https:\/\/wein-werte.com\/de\/produkt\/artadi-vinas-de-gain-tinto-2021-750ml\/"]}]},{"@type":"ImageObject","inLanguage":"de","@id":"https:\/\/wein-werte.com\/de\/produkt\/artadi-vinas-de-gain-tinto-2021-750ml\/#primaryimage","url":"https:\/\/wein-werte.com\/wp-content\/uploads\/2026\/04\/Artadi-Vinas-de-Gain-Tinto-2021-750ml.png","contentUrl":"https:\/\/wein-werte.com\/wp-content\/uploads\/2026\/04\/Artadi-Vinas-de-Gain-Tinto-2021-750ml.png","width":296,"height":1200,"caption":"Artadi Vi\u00f1as de Gain Tinto 2021 750ml"},{"@type":"BreadcrumbList","@id":"https:\/\/wein-werte.com\/de\/produkt\/artadi-vinas-de-gain-tinto-2021-750ml\/#breadcrumb","itemListElement":[{"@type":"ListItem","position":1,"name":"Home","item":"https:\/\/wein-werte.com\/de\/"},{"@type":"ListItem","position":2,"name":"Shop","item":"https:\/\/wein-werte.com\/de\/shop\/"},{"@type":"ListItem","position":3,"name":"Artadi | Rioja | Vi\u00f1as de Gain Tinto | 2021 | 750ml | bio"}]},{"@type":"WebSite","@id":"https:\/\/wein-werte.com\/de\/#website","url":"https:\/\/wein-werte.com\/de\/","name":"Wein Werte","description":"","publisher":{"@id":"https:\/\/wein-werte.com\/de\/#organization"},"potentialAction":[{"@type":"SearchAction","target":{"@type":"EntryPoint","urlTemplate":"https:\/\/wein-werte.com\/de\/?s={search_term_string}"},"query-input":{"@type":"PropertyValueSpecification","valueRequired":true,"valueName":"search_term_string"}}],"inLanguage":"de"},{"@type":"Organization","@id":"https:\/\/wein-werte.com\/de\/#organization","name":"Vins Fins Thorrold","url":"https:\/\/wein-werte.com\/de\/","logo":{"@type":"ImageObject","inLanguage":"de","@id":"https:\/\/wein-werte.com\/de\/#\/schema\/logo\/image\/","url":"https:\/\/wein-werte.com\/wp-content\/uploads\/2023\/07\/Wein_werte_Logo700-1.png","contentUrl":"https:\/\/wein-werte.com\/wp-content\/uploads\/2023\/07\/Wein_werte_Logo700-1.png","width":700,"height":272,"caption":"Vins Fins Thorrold"},"image":{"@id":"https:\/\/wein-werte.com\/de\/#\/schema\/logo\/image\/"}}]}},"_links":{"self":[{"href":"https:\/\/wein-werte.com\/de\/wp-json\/wp\/v2\/product\/1134112","targetHints":{"allow":["GET"]}}],"collection":[{"href":"https:\/\/wein-werte.com\/de\/wp-json\/wp\/v2\/product"}],"about":[{"href":"https:\/\/wein-werte.com\/de\/wp-json\/wp\/v2\/types\/product"}],"wp:featuredmedia":[{"embeddable":true,"href":"https:\/\/wein-werte.com\/de\/wp-json\/wp\/v2\/media\/1144384"}],"wp:attachment":[{"href":"https:\/\/wein-werte.com\/de\/wp-json\/wp\/v2\/media?parent=1134112"}],"wp:term":[{"taxonomy":"product_brand","embeddable":true,"href":"https:\/\/wein-werte.com\/de\/wp-json\/wp\/v2\/product_brand?post=1134112"},{"taxonomy":"product_cat","embeddable":true,"href":"https:\/\/wein-werte.com\/de\/wp-json\/wp\/v2\/product_cat?post=1134112"},{"taxonomy":"product_tag","embeddable":true,"href":"https:\/\/wein-werte.com\/de\/wp-json\/wp\/v2\/product_tag?post=1134112"}],"curies":[{"name":"wp","href":"https:\/\/api.w.org\/{rel}","templated":true}]}}