{"id":1134107,"date":"2026-05-08T20:06:31","date_gmt":"2026-05-08T18:06:31","guid":{"rendered":"https:\/\/wein-werte.com\/product\/artadi-la-hoya-2021-750ml\/"},"modified":"2026-04-27T11:51:38","modified_gmt":"2026-04-27T09:51:38","slug":"artadi-la-hoya-2021-750ml","status":"publish","type":"product","link":"https:\/\/wein-werte.com\/de\/produkt\/artadi-la-hoya-2021-750ml\/","title":{"rendered":"Artadi | Rioja | La Hoya | 2021 | 750ml | bio"},"content":{"rendered":"<p>Produktbeschreibung f\u00fcr Artadi La Hoya 2021 (bio) <\/p>\n<h5>Informationen zum Wein<\/h5>\n<p> Wie kaum eine andere spanische Bodega steht Artadi f\u00fcr den Wandel von kellergepr\u00e4gten zu terroirgepr\u00e4gten Weinen. Seit den 1990er Jahren setzt das Weingut in der baskischen Rioja darauf, den Charakter spezifischer Lagen in seinen Weinen zum Ausdruck zu bringen. Der biozertifizierte Rotwein \u201eLa Hoya\u201c stammt von einem 3,3 Hektar gro\u00dfen, nach Osten ausgerichteten Weinberg in der Gemeinde Elvillar. Wir befinden uns hier im h\u00f6her gelegenen und k\u00fchleren Teil der Alavesa, am Fu\u00dfe der Sierra Cantabria. Die 58 Jahre alten Tempranillo-Reben wachsen auf tiefgr\u00fcndigen und lehmhaltigen B\u00f6den. Wie bei allen Artadi-Weinen werden die Trauben entrappt und spontan vergoren. Der Ausbau erfolgt in Eichenf\u00e4ssern vom unterschiedlicher Gr\u00f6\u00dfe und Alter. <\/p>\n<h5>Farbe<\/h5>\n<p> Kirschrot mit violettem Rand <\/p>\n<h5>Nase<\/h5>\n<p> Der La Hoya 2021 hat eine kompakte und trotz seiner Jugend bereits ausdrucksstarke Nase mit Aromen von Brombeeren, Vanille und Pfeffer. Mediterrane Kr\u00e4uter und florale Ankl\u00e4nge sind ebenfalls vorhanden. Das Bukett ist insgesamt sehr sauber, balanciert und wunderbar frisch, ja geradezu sinnlich. <\/p>\n<h5>Gaumen<\/h5>\n<p> Der Auftakt ist saftig und aromatisch, und es ist erstaunlich, wie schlank und agil dieser Wein trotz seiner Konzentration und Intensit\u00e4t wirkt. Die feink\u00f6rnigen, dicht gewobenen Tannine und die seidig-samtige Textur sorgen f\u00fcr ein elegantes Mundgef\u00fchl. Hinzu kommt eine erdige Mineralit\u00e4t, die dem Wein eine beeindruckende Vielschichtigkeit verleiht. Der saftige Abgang ist lang und anhaltend. Im Gesamtbild zeichnet sich dieser Rotwein durch Frische, Dichte und einen gro\u00dfartigen Trinkfluss aus.<\/p>\n<p>Copyright Vinaturel 2025<\/p>\n<p>Keywords: <a href=\"https:\/\/wein-werte.com\/de\/shop\/?swoof=1&#038;pa_producer=Artadi\">Artadi<\/a> <a href=\"https:\/\/wein-werte.com\/de\/shop\/?swoof=1&#038;woof_text=La Hoya\">La Hoya<\/a> 2021 bio <a href=\"https:\/\/wein-werte.com\/de\/shop\/?swoof=1&#038;pa_region=Rioja\">Rioja<\/a> <a href=\"https:\/\/wein-werte.com\/de\/shop\/?swoof=1&#038;pa_country=Spanien\">Spanien<\/a><\/p>\n<h3>Wine Advocate<\/h3>\n<p>Punkte: 95<\/p>\n<p>Der La Hoya 2021 war eine der \u00dcberraschungen. Der Wein ist stark gewachsen und wirkt seri\u00f6s und elegant, offen und ausdrucksstark, auff\u00e4llig und leicht \u00fcberschw\u00e4nglich, mit einem sehr eleganten Gaumen, harmonisch, mit feinen Tanninen, pr\u00e4zise, fokussiert und sauber. Sie sp\u00fcren, dass sich der Weinberg verbessert, ausgewogener wird und immer bessere Trauben und Weine mit weniger Rustikalit\u00e4t und mehr Finesse liefert. Im Mai 2023 wurden 4.000 Flaschen abgef\u00fcllt.<br \/>Luis Guti\u00e9rrez<\/p>\n<h3>Vinous<\/h3>\n<p>Punkte: 96<\/p>\n<p>Der La Hoya 2021 ist ein beeindruckender neuer Rioja-Rotwein. Hergestellt aus 100 % Tempranillo von einer 1965 bepflanzten Parzelle auf kalkhaltigen B\u00f6den, stammt er aus Elvillar de \u00c1lava, Rioja Alavesa. Dieser purpurfarbene Wein bietet ein Bouquet von Veilchen, Grapefruit und Kr\u00e4utern, verwoben mit Noten von Poleiminze und Kirsche. Am Gaumen ist er trocken, reichhaltig und leicht kreidig, mit einem kompakten und komplexen Abgang, der die urspr\u00fcngliche Frische bewahrt. Dieser Wein verk\u00f6rpert einen terroirorientierten Ansatz und zeigt gleichzeitig Artadis unverwechselbaren, pfeffrigen Stil. \u2013 Joaqu\u00edn Hidalgo<br \/>Trinkfenster: 2024\u20132040<br \/>Testdatum: April 2024<\/p>\n<p>Internetseite des Weinguts: <a href=\"https:\/\/artadi.com\/en\/artazu-navarra\" target=\"_blank\">https:\/\/artadi.com\/en\/artazu-navarra<\/a><\/p>\n","protected":false},"excerpt":{"rendered":"<p>Lieferzeit: 1 bis 2 Arbeitstage (DE), 2 bis 5 Arbeitstage (EU and CH)<\/p>\n","protected":false},"featured_media":1144380,"template":"","meta":[],"product_brand":[],"product_cat":[19],"product_tag":[],"class_list":{"0":"post-1134107","1":"product","2":"type-product","3":"status-publish","4":"has-post-thumbnail","6":"product_cat-unkategorisiert","7":"pa_alcohol-for-filter-14-5","8":"pa_certified-biodynamic-nein-de","9":"pa_certified-organic-ja-de","10":"pa_colour-rot","11":"pa_country-spanien","12":"pa_grape-tempranillo","13":"pa_parker-points-for-filter-95-de","14":"pa_price-for-filter-10661","15":"pa_producer-artadi","16":"pa_region-rioja","17":"pa_size-ml-6584","18":"pa_sweetness-trocken-de","19":"pa_type-2-still-de","20":"pa_vinous-points-for-filter-20037","21":"pa_vintage-2021-de","22":"entry","23":"has-media","25":"first","26":"instock","27":"taxable","28":"shipping-taxable","29":"purchasable","30":"product-type-simple"},"yoast_head":"<!-- This site is optimized with the Yoast SEO plugin v27.5 - https:\/\/yoast.com\/product\/yoast-seo-wordpress\/ -->\n<title>Artadi La Hoya 2021<\/title>\n<meta name=\"description\" content=\"Kaufe Artadi La Hoya 2021 (Tempranillo, trocken aus Rioja, Spanien) bei Wein Werte, Ihrem nachhaltigen Onlineshop.\" \/>\n<meta name=\"robots\" content=\"index, follow, max-snippet:-1, max-image-preview:large, max-video-preview:-1\" \/>\n<link rel=\"canonical\" href=\"https:\/\/wein-werte.com\/de\/produkt\/artadi-la-hoya-2021-750ml\/\" \/>\n<meta property=\"og:locale\" content=\"de_DE\" \/>\n<meta property=\"og:type\" content=\"article\" \/>\n<meta property=\"og:title\" content=\"Artadi La Hoya 2021\" \/>\n<meta property=\"og:description\" content=\"Kaufe Artadi La Hoya 2021 (Tempranillo, trocken aus Rioja, Spanien) bei Wein Werte, Ihrem nachhaltigen Onlineshop.\" \/>\n<meta property=\"og:url\" content=\"https:\/\/wein-werte.com\/de\/produkt\/artadi-la-hoya-2021-750ml\/\" \/>\n<meta property=\"og:site_name\" content=\"Wein Werte\" \/>\n<meta property=\"og:image\" content=\"https:\/\/wein-werte.com\/wp-content\/uploads\/2026\/04\/Artadi-La-Hoya-2021-750ml.png\" \/>\n\t<meta property=\"og:image:width\" content=\"339\" \/>\n\t<meta property=\"og:image:height\" content=\"1200\" \/>\n\t<meta property=\"og:image:type\" content=\"image\/png\" \/>\n<meta name=\"twitter:card\" content=\"summary_large_image\" \/>\n<meta name=\"twitter:label1\" content=\"Gesch\u00e4tzte Lesezeit\" \/>\n\t<meta name=\"twitter:data1\" content=\"2\u00a0Minuten\" \/>\n<script type=\"application\/ld+json\" class=\"yoast-schema-graph\">{\"@context\":\"https:\\\/\\\/schema.org\",\"@graph\":[{\"@type\":\"WebPage\",\"@id\":\"https:\\\/\\\/wein-werte.com\\\/de\\\/produkt\\\/artadi-la-hoya-2021-750ml\\\/\",\"url\":\"https:\\\/\\\/wein-werte.com\\\/de\\\/produkt\\\/artadi-la-hoya-2021-750ml\\\/\",\"name\":\"Artadi La Hoya 2021\",\"isPartOf\":{\"@id\":\"https:\\\/\\\/wein-werte.com\\\/de\\\/#website\"},\"primaryImageOfPage\":{\"@id\":\"https:\\\/\\\/wein-werte.com\\\/de\\\/produkt\\\/artadi-la-hoya-2021-750ml\\\/#primaryimage\"},\"image\":{\"@id\":\"https:\\\/\\\/wein-werte.com\\\/de\\\/produkt\\\/artadi-la-hoya-2021-750ml\\\/#primaryimage\"},\"thumbnailUrl\":\"https:\\\/\\\/wein-werte.com\\\/wp-content\\\/uploads\\\/2026\\\/04\\\/Artadi-La-Hoya-2021-750ml.png\",\"datePublished\":\"2026-05-08T18:06:31+00:00\",\"description\":\"Kaufe Artadi La Hoya 2021 (Tempranillo, trocken aus Rioja, Spanien) bei Wein Werte, Ihrem nachhaltigen Onlineshop.\",\"breadcrumb\":{\"@id\":\"https:\\\/\\\/wein-werte.com\\\/de\\\/produkt\\\/artadi-la-hoya-2021-750ml\\\/#breadcrumb\"},\"inLanguage\":\"de\",\"potentialAction\":[{\"@type\":\"ReadAction\",\"target\":[\"https:\\\/\\\/wein-werte.com\\\/de\\\/produkt\\\/artadi-la-hoya-2021-750ml\\\/\"]}]},{\"@type\":\"ImageObject\",\"inLanguage\":\"de\",\"@id\":\"https:\\\/\\\/wein-werte.com\\\/de\\\/produkt\\\/artadi-la-hoya-2021-750ml\\\/#primaryimage\",\"url\":\"https:\\\/\\\/wein-werte.com\\\/wp-content\\\/uploads\\\/2026\\\/04\\\/Artadi-La-Hoya-2021-750ml.png\",\"contentUrl\":\"https:\\\/\\\/wein-werte.com\\\/wp-content\\\/uploads\\\/2026\\\/04\\\/Artadi-La-Hoya-2021-750ml.png\",\"width\":339,\"height\":1200,\"caption\":\"Artadi La Hoya 2021 750ml\"},{\"@type\":\"BreadcrumbList\",\"@id\":\"https:\\\/\\\/wein-werte.com\\\/de\\\/produkt\\\/artadi-la-hoya-2021-750ml\\\/#breadcrumb\",\"itemListElement\":[{\"@type\":\"ListItem\",\"position\":1,\"name\":\"Home\",\"item\":\"https:\\\/\\\/wein-werte.com\\\/de\\\/\"},{\"@type\":\"ListItem\",\"position\":2,\"name\":\"Shop\",\"item\":\"https:\\\/\\\/wein-werte.com\\\/de\\\/shop\\\/\"},{\"@type\":\"ListItem\",\"position\":3,\"name\":\"Artadi | Rioja | La Hoya | 2021 | 750ml | bio\"}]},{\"@type\":\"WebSite\",\"@id\":\"https:\\\/\\\/wein-werte.com\\\/de\\\/#website\",\"url\":\"https:\\\/\\\/wein-werte.com\\\/de\\\/\",\"name\":\"Wein Werte\",\"description\":\"\",\"publisher\":{\"@id\":\"https:\\\/\\\/wein-werte.com\\\/de\\\/#organization\"},\"potentialAction\":[{\"@type\":\"SearchAction\",\"target\":{\"@type\":\"EntryPoint\",\"urlTemplate\":\"https:\\\/\\\/wein-werte.com\\\/de\\\/?s={search_term_string}\"},\"query-input\":{\"@type\":\"PropertyValueSpecification\",\"valueRequired\":true,\"valueName\":\"search_term_string\"}}],\"inLanguage\":\"de\"},{\"@type\":\"Organization\",\"@id\":\"https:\\\/\\\/wein-werte.com\\\/de\\\/#organization\",\"name\":\"Vins Fins Thorrold\",\"url\":\"https:\\\/\\\/wein-werte.com\\\/de\\\/\",\"logo\":{\"@type\":\"ImageObject\",\"inLanguage\":\"de\",\"@id\":\"https:\\\/\\\/wein-werte.com\\\/de\\\/#\\\/schema\\\/logo\\\/image\\\/\",\"url\":\"https:\\\/\\\/wein-werte.com\\\/wp-content\\\/uploads\\\/2023\\\/07\\\/Wein_werte_Logo700-1.png\",\"contentUrl\":\"https:\\\/\\\/wein-werte.com\\\/wp-content\\\/uploads\\\/2023\\\/07\\\/Wein_werte_Logo700-1.png\",\"width\":700,\"height\":272,\"caption\":\"Vins Fins Thorrold\"},\"image\":{\"@id\":\"https:\\\/\\\/wein-werte.com\\\/de\\\/#\\\/schema\\\/logo\\\/image\\\/\"}}]}<\/script>\n<!-- \/ Yoast SEO plugin. -->","yoast_head_json":{"title":"Artadi La Hoya 2021","description":"Kaufe Artadi La Hoya 2021 (Tempranillo, trocken aus Rioja, Spanien) bei Wein Werte, Ihrem nachhaltigen Onlineshop.","robots":{"index":"index","follow":"follow","max-snippet":"max-snippet:-1","max-image-preview":"max-image-preview:large","max-video-preview":"max-video-preview:-1"},"canonical":"https:\/\/wein-werte.com\/de\/produkt\/artadi-la-hoya-2021-750ml\/","og_locale":"de_DE","og_type":"article","og_title":"Artadi La Hoya 2021","og_description":"Kaufe Artadi La Hoya 2021 (Tempranillo, trocken aus Rioja, Spanien) bei Wein Werte, Ihrem nachhaltigen Onlineshop.","og_url":"https:\/\/wein-werte.com\/de\/produkt\/artadi-la-hoya-2021-750ml\/","og_site_name":"Wein Werte","og_image":[{"width":339,"height":1200,"url":"https:\/\/wein-werte.com\/wp-content\/uploads\/2026\/04\/Artadi-La-Hoya-2021-750ml.png","type":"image\/png"}],"twitter_card":"summary_large_image","twitter_misc":{"Gesch\u00e4tzte Lesezeit":"2\u00a0Minuten"},"schema":{"@context":"https:\/\/schema.org","@graph":[{"@type":"WebPage","@id":"https:\/\/wein-werte.com\/de\/produkt\/artadi-la-hoya-2021-750ml\/","url":"https:\/\/wein-werte.com\/de\/produkt\/artadi-la-hoya-2021-750ml\/","name":"Artadi La Hoya 2021","isPartOf":{"@id":"https:\/\/wein-werte.com\/de\/#website"},"primaryImageOfPage":{"@id":"https:\/\/wein-werte.com\/de\/produkt\/artadi-la-hoya-2021-750ml\/#primaryimage"},"image":{"@id":"https:\/\/wein-werte.com\/de\/produkt\/artadi-la-hoya-2021-750ml\/#primaryimage"},"thumbnailUrl":"https:\/\/wein-werte.com\/wp-content\/uploads\/2026\/04\/Artadi-La-Hoya-2021-750ml.png","datePublished":"2026-05-08T18:06:31+00:00","description":"Kaufe Artadi La Hoya 2021 (Tempranillo, trocken aus Rioja, Spanien) bei Wein Werte, Ihrem nachhaltigen Onlineshop.","breadcrumb":{"@id":"https:\/\/wein-werte.com\/de\/produkt\/artadi-la-hoya-2021-750ml\/#breadcrumb"},"inLanguage":"de","potentialAction":[{"@type":"ReadAction","target":["https:\/\/wein-werte.com\/de\/produkt\/artadi-la-hoya-2021-750ml\/"]}]},{"@type":"ImageObject","inLanguage":"de","@id":"https:\/\/wein-werte.com\/de\/produkt\/artadi-la-hoya-2021-750ml\/#primaryimage","url":"https:\/\/wein-werte.com\/wp-content\/uploads\/2026\/04\/Artadi-La-Hoya-2021-750ml.png","contentUrl":"https:\/\/wein-werte.com\/wp-content\/uploads\/2026\/04\/Artadi-La-Hoya-2021-750ml.png","width":339,"height":1200,"caption":"Artadi La Hoya 2021 750ml"},{"@type":"BreadcrumbList","@id":"https:\/\/wein-werte.com\/de\/produkt\/artadi-la-hoya-2021-750ml\/#breadcrumb","itemListElement":[{"@type":"ListItem","position":1,"name":"Home","item":"https:\/\/wein-werte.com\/de\/"},{"@type":"ListItem","position":2,"name":"Shop","item":"https:\/\/wein-werte.com\/de\/shop\/"},{"@type":"ListItem","position":3,"name":"Artadi | Rioja | La Hoya | 2021 | 750ml | bio"}]},{"@type":"WebSite","@id":"https:\/\/wein-werte.com\/de\/#website","url":"https:\/\/wein-werte.com\/de\/","name":"Wein Werte","description":"","publisher":{"@id":"https:\/\/wein-werte.com\/de\/#organization"},"potentialAction":[{"@type":"SearchAction","target":{"@type":"EntryPoint","urlTemplate":"https:\/\/wein-werte.com\/de\/?s={search_term_string}"},"query-input":{"@type":"PropertyValueSpecification","valueRequired":true,"valueName":"search_term_string"}}],"inLanguage":"de"},{"@type":"Organization","@id":"https:\/\/wein-werte.com\/de\/#organization","name":"Vins Fins Thorrold","url":"https:\/\/wein-werte.com\/de\/","logo":{"@type":"ImageObject","inLanguage":"de","@id":"https:\/\/wein-werte.com\/de\/#\/schema\/logo\/image\/","url":"https:\/\/wein-werte.com\/wp-content\/uploads\/2023\/07\/Wein_werte_Logo700-1.png","contentUrl":"https:\/\/wein-werte.com\/wp-content\/uploads\/2023\/07\/Wein_werte_Logo700-1.png","width":700,"height":272,"caption":"Vins Fins Thorrold"},"image":{"@id":"https:\/\/wein-werte.com\/de\/#\/schema\/logo\/image\/"}}]}},"_links":{"self":[{"href":"https:\/\/wein-werte.com\/de\/wp-json\/wp\/v2\/product\/1134107","targetHints":{"allow":["GET"]}}],"collection":[{"href":"https:\/\/wein-werte.com\/de\/wp-json\/wp\/v2\/product"}],"about":[{"href":"https:\/\/wein-werte.com\/de\/wp-json\/wp\/v2\/types\/product"}],"wp:featuredmedia":[{"embeddable":true,"href":"https:\/\/wein-werte.com\/de\/wp-json\/wp\/v2\/media\/1144380"}],"wp:attachment":[{"href":"https:\/\/wein-werte.com\/de\/wp-json\/wp\/v2\/media?parent=1134107"}],"wp:term":[{"taxonomy":"product_brand","embeddable":true,"href":"https:\/\/wein-werte.com\/de\/wp-json\/wp\/v2\/product_brand?post=1134107"},{"taxonomy":"product_cat","embeddable":true,"href":"https:\/\/wein-werte.com\/de\/wp-json\/wp\/v2\/product_cat?post=1134107"},{"taxonomy":"product_tag","embeddable":true,"href":"https:\/\/wein-werte.com\/de\/wp-json\/wp\/v2\/product_tag?post=1134107"}],"curies":[{"name":"wp","href":"https:\/\/api.w.org\/{rel}","templated":true}]}}