{"id":1134087,"date":"2026-05-12T15:53:47","date_gmt":"2026-05-12T13:53:47","guid":{"rendered":"https:\/\/wein-werte.com\/product\/artadi-el-carretil-2021-750ml\/"},"modified":"2026-05-12T19:58:40","modified_gmt":"2026-05-12T17:58:40","slug":"artadi-el-carretil-2021-750ml","status":"publish","type":"product","link":"https:\/\/wein-werte.com\/de\/produkt\/artadi-el-carretil-2021-750ml\/","title":{"rendered":"Artadi | Rioja | El Carretil | 2021 | 750ml | bio"},"content":{"rendered":"<p>Produktbeschreibung f\u00fcr Artadi El Carretil 2021 (bio)<\/p>\n<p> Die Geschichte Artadis geht auf ein kooperatives Projekt zur\u00fcck. Im Jahr 1985 schlossen sich mehrere Produzenten zusammen, die der Meinung waren, dass man auch ohne extrem langen Fassausbau in der Region Spitzen-weine erzeugen kann. Unter der Leitung von Juan Carlos L\u00f3pez de Lacalle gelang es, \u00fcber die Jahrzehnte diesen Prozess immer weiter zu verfeinern und beachtliche Erfolge zu erzielen. 2016 entschied man sich aus der DOCa Rioja auszusteigen, da sich die Philosophie zu sehr von dem der Rest der Appellation differenzierte. Auch heute produziert Artadi keine Weine der Ausbaustufen Reserva und Gran Reserva. Dennoch wird auf dezenten Holzeisatz nicht verzichtet, ohne dabei jedoch das Terroir zu \u00fcberdecken Der El Carretil ist wie der El Pis\u00f3n eine Amphitheaterlage auf ca 500 Meter H\u00f6he und dreht von Ost \u00fcber S\u00fcd bis West. Die Lage zeichnet etwas leichtere, kalksteinigere B\u00f6den mit viel Sand aus, also B\u00f6den f\u00fcr feinste Weine. Beides sind extreme Lagen mit extremen Untergr\u00fcnden: El Pis\u00f3n hat mehr Lehm, mehr profunde Kraft, El Carretil mehr Feinheit und Eleganz. Die Reben sind weit \u00fcber 70 Jahre alt. Alles biodynamisch bearbeitet und seit vielen Jahren als Einzellage abgef\u00fcllt. <\/p>\n<p>Copyright Vinaturel 2025<\/p>\n<p>Keywords: <a href=\"https:\/\/wein-werte.com\/de\/shop\/?swoof=1&#038;pa_producer=Artadi\">Artadi<\/a> <a href=\"https:\/\/wein-werte.com\/de\/shop\/?swoof=1&#038;woof_text=El Carretil\">El Carretil<\/a> 2021 bio <a href=\"https:\/\/wein-werte.com\/de\/shop\/?swoof=1&#038;pa_region=Rioja\">Rioja<\/a> <a href=\"https:\/\/wein-werte.com\/de\/shop\/?swoof=1&#038;pa_country=Spanien\">Spanien<\/a><\/p>\n<h3>Wine Advocate<\/h3>\n<p>Punkte: 98<\/p>\n<p>Die Nase des El Carretil 2021 ist eine wahre Bl\u00fctenexplosion; er ist aromatisch, parf\u00fcmiert, offen, ausdrucksstark und hochelegant, klar, nuanciert und auff\u00e4llig. Am Gaumen ist er harmonisch, mit sehr feinen Tanninen, \u00e4therisch, mit viel Energie und Leichtigkeit. Dies d\u00fcrfte der bisher beste Jahrgang von El Carretil sein. Heute ist er ein Volltreffer. Bravo! Im Mai 2023 wurden 5.300 Flaschen abgef\u00fcllt.<br \/>Luis Guti\u00e9rrez<\/p>\n<h3>Vinous<\/h3>\n<p>Punkte: 93<\/p>\n<p>Der El Carretil 2021 besteht zu 100 % aus Tempranillo aus Laguardia, Rioja Alavesa, und w\u00e4chst auf sandig-schluffigen B\u00f6den mit 20 % Kalkanteil. Er pr\u00e4sentiert sich in einem violetten Farbton und bietet in der Nase Aromen von Erbsen und Polei-Minze, untermalt von Noten von Blaubeere und Lorbeerblatt. Am Gaumen ist er trocken, kreidig und reichhaltig, mit einer talkumartigen Textur, die zu einem kompakten, strengen Abgang f\u00fchrt. Lebendig und energiegeladen verk\u00f6rpert dieser Wein die straffen und modernen Eigenschaften der Rioja und unterstreicht die stromlinienf\u00f6rmigen Nuancen der Laguardia. \u2013 Joaqu\u00edn Hidalgo<br \/>Trinkfenster: 2024\u20132040<br \/>Testdatum: April 2024<\/p>\n<p>Internetseite des Weinguts: <a href=\"https:\/\/artadi.com\/en\/artazu-navarra\" target=\"_blank\">https:\/\/artadi.com\/en\/artazu-navarra<\/a><\/p>\n","protected":false},"excerpt":{"rendered":"<div style=\"font-size: 14px;\">\n<p>Lieferzeit: 1 bis 2 Arbeitstage (DE), 2 bis 5 Arbeitstage (EU und CH)<\/p>\n<p>Ungef\u00e4hrer Energiegehalt pro 125-ml-Glas: 115 kcal<\/p>\n<\/p><\/div>\n","protected":false},"featured_media":1144364,"template":"","meta":[],"product_brand":[],"product_cat":[19],"product_tag":[],"class_list":{"0":"post-1134087","1":"product","2":"type-product","3":"status-publish","4":"has-post-thumbnail","6":"product_cat-unkategorisiert","7":"pa_alcohol-for-filter-14-5","8":"pa_certified-biodynamic-nein-de","9":"pa_certified-organic-ja-de","10":"pa_colour-rot","11":"pa_country-spanien","12":"pa_grape-tempranillo","13":"pa_parker-points-for-filter-98-de-2","14":"pa_price-for-filter-10590","15":"pa_producer-artadi","16":"pa_region-rioja","17":"pa_size-ml-6584","18":"pa_sweetness-trocken-de","19":"pa_type-2-still-de","20":"pa_vinous-points-for-filter-20031","21":"pa_vintage-2021-de","22":"entry","23":"has-media","25":"first","26":"instock","27":"taxable","28":"shipping-taxable","29":"purchasable","30":"product-type-simple"},"yoast_head":"<!-- This site is optimized with the Yoast SEO plugin v27.6 - https:\/\/yoast.com\/product\/yoast-seo-wordpress\/ -->\n<title>Artadi El Carretil 2021<\/title>\n<meta name=\"description\" content=\"Kaufe Artadi El Carretil 2021 (Tempranillo, trocken aus Rioja, Spanien) bei Wein Werte, Ihrem nachhaltigen Onlineshop.\" \/>\n<meta name=\"robots\" content=\"index, follow, max-snippet:-1, max-image-preview:large, max-video-preview:-1\" \/>\n<link rel=\"canonical\" href=\"https:\/\/wein-werte.com\/de\/produkt\/artadi-el-carretil-2021-750ml\/\" \/>\n<meta property=\"og:locale\" content=\"de_DE\" \/>\n<meta property=\"og:type\" content=\"article\" \/>\n<meta property=\"og:title\" content=\"Artadi El Carretil 2021\" \/>\n<meta property=\"og:description\" content=\"Kaufe Artadi El Carretil 2021 (Tempranillo, trocken aus Rioja, Spanien) bei Wein Werte, Ihrem nachhaltigen Onlineshop.\" \/>\n<meta property=\"og:url\" content=\"https:\/\/wein-werte.com\/de\/produkt\/artadi-el-carretil-2021-750ml\/\" \/>\n<meta property=\"og:site_name\" content=\"Wein Werte\" \/>\n<meta property=\"article:modified_time\" content=\"2026-05-12T17:58:40+00:00\" \/>\n<meta property=\"og:image\" content=\"https:\/\/wein-werte.com\/wp-content\/uploads\/2026\/04\/Artadi-El-Carretil-2021-750ml.png\" \/>\n\t<meta property=\"og:image:width\" content=\"339\" \/>\n\t<meta property=\"og:image:height\" content=\"1200\" \/>\n\t<meta property=\"og:image:type\" content=\"image\/png\" \/>\n<meta name=\"twitter:card\" content=\"summary_large_image\" \/>\n<meta name=\"twitter:label1\" content=\"Gesch\u00e4tzte Lesezeit\" \/>\n\t<meta name=\"twitter:data1\" content=\"2\u00a0Minuten\" \/>\n<script type=\"application\/ld+json\" class=\"yoast-schema-graph\">{\"@context\":\"https:\\\/\\\/schema.org\",\"@graph\":[{\"@type\":\"WebPage\",\"@id\":\"https:\\\/\\\/wein-werte.com\\\/de\\\/produkt\\\/artadi-el-carretil-2021-750ml\\\/\",\"url\":\"https:\\\/\\\/wein-werte.com\\\/de\\\/produkt\\\/artadi-el-carretil-2021-750ml\\\/\",\"name\":\"Artadi El Carretil 2021\",\"isPartOf\":{\"@id\":\"https:\\\/\\\/wein-werte.com\\\/de\\\/#website\"},\"primaryImageOfPage\":{\"@id\":\"https:\\\/\\\/wein-werte.com\\\/de\\\/produkt\\\/artadi-el-carretil-2021-750ml\\\/#primaryimage\"},\"image\":{\"@id\":\"https:\\\/\\\/wein-werte.com\\\/de\\\/produkt\\\/artadi-el-carretil-2021-750ml\\\/#primaryimage\"},\"thumbnailUrl\":\"https:\\\/\\\/wein-werte.com\\\/wp-content\\\/uploads\\\/2026\\\/04\\\/Artadi-El-Carretil-2021-750ml.png\",\"datePublished\":\"2026-05-12T13:53:47+00:00\",\"dateModified\":\"2026-05-12T17:58:40+00:00\",\"description\":\"Kaufe Artadi El Carretil 2021 (Tempranillo, trocken aus Rioja, Spanien) bei Wein Werte, Ihrem nachhaltigen Onlineshop.\",\"breadcrumb\":{\"@id\":\"https:\\\/\\\/wein-werte.com\\\/de\\\/produkt\\\/artadi-el-carretil-2021-750ml\\\/#breadcrumb\"},\"inLanguage\":\"de\",\"potentialAction\":[{\"@type\":\"ReadAction\",\"target\":[\"https:\\\/\\\/wein-werte.com\\\/de\\\/produkt\\\/artadi-el-carretil-2021-750ml\\\/\"]}]},{\"@type\":\"ImageObject\",\"inLanguage\":\"de\",\"@id\":\"https:\\\/\\\/wein-werte.com\\\/de\\\/produkt\\\/artadi-el-carretil-2021-750ml\\\/#primaryimage\",\"url\":\"https:\\\/\\\/wein-werte.com\\\/wp-content\\\/uploads\\\/2026\\\/04\\\/Artadi-El-Carretil-2021-750ml.png\",\"contentUrl\":\"https:\\\/\\\/wein-werte.com\\\/wp-content\\\/uploads\\\/2026\\\/04\\\/Artadi-El-Carretil-2021-750ml.png\",\"width\":339,\"height\":1200,\"caption\":\"Artadi El Carretil 2021 750ml\"},{\"@type\":\"BreadcrumbList\",\"@id\":\"https:\\\/\\\/wein-werte.com\\\/de\\\/produkt\\\/artadi-el-carretil-2021-750ml\\\/#breadcrumb\",\"itemListElement\":[{\"@type\":\"ListItem\",\"position\":1,\"name\":\"Home\",\"item\":\"https:\\\/\\\/wein-werte.com\\\/de\\\/\"},{\"@type\":\"ListItem\",\"position\":2,\"name\":\"Shop\",\"item\":\"https:\\\/\\\/wein-werte.com\\\/de\\\/shop\\\/\"},{\"@type\":\"ListItem\",\"position\":3,\"name\":\"Artadi | Rioja | El Carretil | 2021 | 750ml | bio\"}]},{\"@type\":\"WebSite\",\"@id\":\"https:\\\/\\\/wein-werte.com\\\/de\\\/#website\",\"url\":\"https:\\\/\\\/wein-werte.com\\\/de\\\/\",\"name\":\"Wein Werte\",\"description\":\"\",\"publisher\":{\"@id\":\"https:\\\/\\\/wein-werte.com\\\/de\\\/#organization\"},\"potentialAction\":[{\"@type\":\"SearchAction\",\"target\":{\"@type\":\"EntryPoint\",\"urlTemplate\":\"https:\\\/\\\/wein-werte.com\\\/de\\\/?s={search_term_string}\"},\"query-input\":{\"@type\":\"PropertyValueSpecification\",\"valueRequired\":true,\"valueName\":\"search_term_string\"}}],\"inLanguage\":\"de\"},{\"@type\":\"Organization\",\"@id\":\"https:\\\/\\\/wein-werte.com\\\/de\\\/#organization\",\"name\":\"Vins Fins Thorrold\",\"url\":\"https:\\\/\\\/wein-werte.com\\\/de\\\/\",\"logo\":{\"@type\":\"ImageObject\",\"inLanguage\":\"de\",\"@id\":\"https:\\\/\\\/wein-werte.com\\\/de\\\/#\\\/schema\\\/logo\\\/image\\\/\",\"url\":\"https:\\\/\\\/wein-werte.com\\\/wp-content\\\/uploads\\\/2023\\\/07\\\/Wein_werte_Logo700-1.png\",\"contentUrl\":\"https:\\\/\\\/wein-werte.com\\\/wp-content\\\/uploads\\\/2023\\\/07\\\/Wein_werte_Logo700-1.png\",\"width\":700,\"height\":272,\"caption\":\"Vins Fins Thorrold\"},\"image\":{\"@id\":\"https:\\\/\\\/wein-werte.com\\\/de\\\/#\\\/schema\\\/logo\\\/image\\\/\"}}]}<\/script>\n<!-- \/ Yoast SEO plugin. -->","yoast_head_json":{"title":"Artadi El Carretil 2021","description":"Kaufe Artadi El Carretil 2021 (Tempranillo, trocken aus Rioja, Spanien) bei Wein Werte, Ihrem nachhaltigen Onlineshop.","robots":{"index":"index","follow":"follow","max-snippet":"max-snippet:-1","max-image-preview":"max-image-preview:large","max-video-preview":"max-video-preview:-1"},"canonical":"https:\/\/wein-werte.com\/de\/produkt\/artadi-el-carretil-2021-750ml\/","og_locale":"de_DE","og_type":"article","og_title":"Artadi El Carretil 2021","og_description":"Kaufe Artadi El Carretil 2021 (Tempranillo, trocken aus Rioja, Spanien) bei Wein Werte, Ihrem nachhaltigen Onlineshop.","og_url":"https:\/\/wein-werte.com\/de\/produkt\/artadi-el-carretil-2021-750ml\/","og_site_name":"Wein Werte","article_modified_time":"2026-05-12T17:58:40+00:00","og_image":[{"width":339,"height":1200,"url":"https:\/\/wein-werte.com\/wp-content\/uploads\/2026\/04\/Artadi-El-Carretil-2021-750ml.png","type":"image\/png"}],"twitter_card":"summary_large_image","twitter_misc":{"Gesch\u00e4tzte Lesezeit":"2\u00a0Minuten"},"schema":{"@context":"https:\/\/schema.org","@graph":[{"@type":"WebPage","@id":"https:\/\/wein-werte.com\/de\/produkt\/artadi-el-carretil-2021-750ml\/","url":"https:\/\/wein-werte.com\/de\/produkt\/artadi-el-carretil-2021-750ml\/","name":"Artadi El Carretil 2021","isPartOf":{"@id":"https:\/\/wein-werte.com\/de\/#website"},"primaryImageOfPage":{"@id":"https:\/\/wein-werte.com\/de\/produkt\/artadi-el-carretil-2021-750ml\/#primaryimage"},"image":{"@id":"https:\/\/wein-werte.com\/de\/produkt\/artadi-el-carretil-2021-750ml\/#primaryimage"},"thumbnailUrl":"https:\/\/wein-werte.com\/wp-content\/uploads\/2026\/04\/Artadi-El-Carretil-2021-750ml.png","datePublished":"2026-05-12T13:53:47+00:00","dateModified":"2026-05-12T17:58:40+00:00","description":"Kaufe Artadi El Carretil 2021 (Tempranillo, trocken aus Rioja, Spanien) bei Wein Werte, Ihrem nachhaltigen Onlineshop.","breadcrumb":{"@id":"https:\/\/wein-werte.com\/de\/produkt\/artadi-el-carretil-2021-750ml\/#breadcrumb"},"inLanguage":"de","potentialAction":[{"@type":"ReadAction","target":["https:\/\/wein-werte.com\/de\/produkt\/artadi-el-carretil-2021-750ml\/"]}]},{"@type":"ImageObject","inLanguage":"de","@id":"https:\/\/wein-werte.com\/de\/produkt\/artadi-el-carretil-2021-750ml\/#primaryimage","url":"https:\/\/wein-werte.com\/wp-content\/uploads\/2026\/04\/Artadi-El-Carretil-2021-750ml.png","contentUrl":"https:\/\/wein-werte.com\/wp-content\/uploads\/2026\/04\/Artadi-El-Carretil-2021-750ml.png","width":339,"height":1200,"caption":"Artadi El Carretil 2021 750ml"},{"@type":"BreadcrumbList","@id":"https:\/\/wein-werte.com\/de\/produkt\/artadi-el-carretil-2021-750ml\/#breadcrumb","itemListElement":[{"@type":"ListItem","position":1,"name":"Home","item":"https:\/\/wein-werte.com\/de\/"},{"@type":"ListItem","position":2,"name":"Shop","item":"https:\/\/wein-werte.com\/de\/shop\/"},{"@type":"ListItem","position":3,"name":"Artadi | Rioja | El Carretil | 2021 | 750ml | bio"}]},{"@type":"WebSite","@id":"https:\/\/wein-werte.com\/de\/#website","url":"https:\/\/wein-werte.com\/de\/","name":"Wein Werte","description":"","publisher":{"@id":"https:\/\/wein-werte.com\/de\/#organization"},"potentialAction":[{"@type":"SearchAction","target":{"@type":"EntryPoint","urlTemplate":"https:\/\/wein-werte.com\/de\/?s={search_term_string}"},"query-input":{"@type":"PropertyValueSpecification","valueRequired":true,"valueName":"search_term_string"}}],"inLanguage":"de"},{"@type":"Organization","@id":"https:\/\/wein-werte.com\/de\/#organization","name":"Vins Fins Thorrold","url":"https:\/\/wein-werte.com\/de\/","logo":{"@type":"ImageObject","inLanguage":"de","@id":"https:\/\/wein-werte.com\/de\/#\/schema\/logo\/image\/","url":"https:\/\/wein-werte.com\/wp-content\/uploads\/2023\/07\/Wein_werte_Logo700-1.png","contentUrl":"https:\/\/wein-werte.com\/wp-content\/uploads\/2023\/07\/Wein_werte_Logo700-1.png","width":700,"height":272,"caption":"Vins Fins Thorrold"},"image":{"@id":"https:\/\/wein-werte.com\/de\/#\/schema\/logo\/image\/"}}]}},"_links":{"self":[{"href":"https:\/\/wein-werte.com\/de\/wp-json\/wp\/v2\/product\/1134087","targetHints":{"allow":["GET"]}}],"collection":[{"href":"https:\/\/wein-werte.com\/de\/wp-json\/wp\/v2\/product"}],"about":[{"href":"https:\/\/wein-werte.com\/de\/wp-json\/wp\/v2\/types\/product"}],"wp:featuredmedia":[{"embeddable":true,"href":"https:\/\/wein-werte.com\/de\/wp-json\/wp\/v2\/media\/1144364"}],"wp:attachment":[{"href":"https:\/\/wein-werte.com\/de\/wp-json\/wp\/v2\/media?parent=1134087"}],"wp:term":[{"taxonomy":"product_brand","embeddable":true,"href":"https:\/\/wein-werte.com\/de\/wp-json\/wp\/v2\/product_brand?post=1134087"},{"taxonomy":"product_cat","embeddable":true,"href":"https:\/\/wein-werte.com\/de\/wp-json\/wp\/v2\/product_cat?post=1134087"},{"taxonomy":"product_tag","embeddable":true,"href":"https:\/\/wein-werte.com\/de\/wp-json\/wp\/v2\/product_tag?post=1134087"}],"curies":[{"name":"wp","href":"https:\/\/api.w.org\/{rel}","templated":true}]}}