{"id":1134082,"date":"2026-05-08T20:06:30","date_gmt":"2026-05-08T18:06:30","guid":{"rendered":"https:\/\/wein-werte.com\/product\/artazu-santa-cruz-de-artazu-blanco-2019-1500ml\/"},"modified":"2026-04-27T11:51:36","modified_gmt":"2026-04-27T09:51:36","slug":"artazu-santa-cruz-de-artazu-blanco-2019-1500ml","status":"publish","type":"product","link":"https:\/\/wein-werte.com\/de\/produkt\/artazu-santa-cruz-de-artazu-blanco-2019-1500ml\/","title":{"rendered":"Artazu | Navarra | Santa Cruz de Artazu blanco | 2019 | 1500ml | bio"},"content":{"rendered":"<p>Produktbeschreibung f\u00fcr Artazu Santa Cruz de Artazu blanco 2019 (bio)<\/p>\n<p>Artazu Santa Cruz de Artazu blanco 2019 ist ein trockener Wei\u00dfwein hergestellt aus Grenache blanc Trauben in der Region Navarra in Spanien.<\/p>\n<p>Keywords: <a href=\"https:\/\/wein-werte.com\/de\/shop\/?swoof=1&#038;pa_producer=Artazu\">Artazu<\/a> <a href=\"https:\/\/wein-werte.com\/de\/shop\/?swoof=1&#038;woof_text=Santa Cruz de Artazu blanco\">Santa Cruz de Artazu blanco<\/a> 2019 bio <a href=\"https:\/\/wein-werte.com\/de\/shop\/?swoof=1&#038;pa_region=Navarra\">Navarra<\/a> <a href=\"https:\/\/wein-werte.com\/de\/shop\/?swoof=1&#038;pa_country=Spanien\">Spanien<\/a><\/p>\n<h3>Wine Advocate<\/h3>\n<p>Punkte: 93<\/p>\n<p>Der wei\u00dfe Santa Cruz de Artazu Blanco 2019 stammt von zwei Garnacha-Blanca-Parzellen, die in den letzten 15 Jahren mit der lokalen Sorte aus Artazu bepflanzt wurden. 2019 war ein trockenes und warmes Jahr mit niedrigen Ertr\u00e4gen. Der Wein wurde in Edelstahltanks mit einigen Schalen vergoren, im Fass zu Ende gegoren und anschlie\u00dfend zwei Jahre in Edelstahltanks gelagert. Er hat 13,1 % Alkohol, einen pH-Wert von 3,22 und einen S\u00e4uregehalt von 6,15 g. Er ist aromatisch und ausdrucksstark, mit Noten von Pfirsich und Blumen (eher Viognier als Marsanne), etwas N\u00fcssen und Kr\u00e4utern, mit viel S\u00e4ure, die den lebendigen, mittelkr\u00e4ftigen Geschmack erh\u00e4lt. Die Eichenholznote ist sehr leicht, und der Wein ist fruchtbetont. Im November 2022 wurden 3.000 Flaschen abgef\u00fcllt.<br \/>Luis Guti\u00e9rrez<\/p>\n<p>Internetseite des Weinguts: <a href=\"https:\/\/artadi.com\/en\/artazu-navarra\" target=\"_blank\">https:\/\/artadi.com\/en\/artazu-navarra<\/a><\/p>\n","protected":false},"excerpt":{"rendered":"<p>Lieferzeit: 1 bis 2 Arbeitstage (DE), 2 bis 5 Arbeitstage (EU and CH)<\/p>\n","protected":false},"featured_media":1144360,"template":"","meta":[],"product_brand":[],"product_cat":[19],"product_tag":[],"class_list":{"0":"post-1134082","1":"product","2":"type-product","3":"status-publish","4":"has-post-thumbnail","6":"product_cat-unkategorisiert","7":"pa_alcohol-for-filter-12897","8":"pa_certified-biodynamic-nein-de","9":"pa_certified-organic-ja-de","10":"pa_colour-weiss","11":"pa_country-spanien","12":"pa_grape-grenache-blanc","13":"pa_parker-points-for-filter-93-de-2","14":"pa_price-for-filter-10566","15":"pa_producer-artazu","16":"pa_region-navarra","17":"pa_size-ml-6657","18":"pa_sweetness-trocken-de","19":"pa_type-2-still-de","20":"pa_vintage-2019-de","21":"entry","22":"has-media","24":"first","25":"instock","26":"taxable","27":"shipping-taxable","28":"purchasable","29":"product-type-simple"},"yoast_head":"<!-- This site is optimized with the Yoast SEO plugin v27.5 - https:\/\/yoast.com\/product\/yoast-seo-wordpress\/ -->\n<title>Artazu Santa Cruz de Artazu blanco 2019, 1500ml<\/title>\n<meta name=\"description\" content=\"Kaufe Artazu Santa Cruz de Artazu blanco 2019 (Grenache blanc, trocken aus Navarra, Spanien) bei Wein Werte, Ihrem nachhaltigen Onlineshop.\" \/>\n<meta name=\"robots\" content=\"index, follow, max-snippet:-1, max-image-preview:large, max-video-preview:-1\" \/>\n<link rel=\"canonical\" href=\"https:\/\/wein-werte.com\/de\/produkt\/artazu-santa-cruz-de-artazu-blanco-2019-1500ml\/\" \/>\n<meta property=\"og:locale\" content=\"de_DE\" \/>\n<meta property=\"og:type\" content=\"article\" \/>\n<meta property=\"og:title\" content=\"Artazu Santa Cruz de Artazu blanco 2019, 1500ml\" \/>\n<meta property=\"og:description\" content=\"Kaufe Artazu Santa Cruz de Artazu blanco 2019 (Grenache blanc, trocken aus Navarra, Spanien) bei Wein Werte, Ihrem nachhaltigen Onlineshop.\" \/>\n<meta property=\"og:url\" content=\"https:\/\/wein-werte.com\/de\/produkt\/artazu-santa-cruz-de-artazu-blanco-2019-1500ml\/\" \/>\n<meta property=\"og:site_name\" content=\"Wein Werte\" \/>\n<meta property=\"og:image\" content=\"https:\/\/wein-werte.com\/wp-content\/uploads\/2026\/04\/Artazu-Santa-Cruz-de-Artazu-blanco-2019-1500ml.png\" \/>\n\t<meta property=\"og:image:width\" content=\"357\" \/>\n\t<meta property=\"og:image:height\" content=\"1200\" \/>\n\t<meta property=\"og:image:type\" content=\"image\/png\" \/>\n<meta name=\"twitter:card\" content=\"summary_large_image\" \/>\n<meta name=\"twitter:label1\" content=\"Gesch\u00e4tzte Lesezeit\" \/>\n\t<meta name=\"twitter:data1\" content=\"1\u00a0Minute\" \/>\n<script type=\"application\/ld+json\" class=\"yoast-schema-graph\">{\"@context\":\"https:\\\/\\\/schema.org\",\"@graph\":[{\"@type\":\"WebPage\",\"@id\":\"https:\\\/\\\/wein-werte.com\\\/de\\\/produkt\\\/artazu-santa-cruz-de-artazu-blanco-2019-1500ml\\\/\",\"url\":\"https:\\\/\\\/wein-werte.com\\\/de\\\/produkt\\\/artazu-santa-cruz-de-artazu-blanco-2019-1500ml\\\/\",\"name\":\"Artazu Santa Cruz de Artazu blanco 2019, 1500ml\",\"isPartOf\":{\"@id\":\"https:\\\/\\\/wein-werte.com\\\/de\\\/#website\"},\"primaryImageOfPage\":{\"@id\":\"https:\\\/\\\/wein-werte.com\\\/de\\\/produkt\\\/artazu-santa-cruz-de-artazu-blanco-2019-1500ml\\\/#primaryimage\"},\"image\":{\"@id\":\"https:\\\/\\\/wein-werte.com\\\/de\\\/produkt\\\/artazu-santa-cruz-de-artazu-blanco-2019-1500ml\\\/#primaryimage\"},\"thumbnailUrl\":\"https:\\\/\\\/wein-werte.com\\\/wp-content\\\/uploads\\\/2026\\\/04\\\/Artazu-Santa-Cruz-de-Artazu-blanco-2019-1500ml.png\",\"datePublished\":\"2026-05-08T18:06:30+00:00\",\"description\":\"Kaufe Artazu Santa Cruz de Artazu blanco 2019 (Grenache blanc, trocken aus Navarra, Spanien) bei Wein Werte, Ihrem nachhaltigen Onlineshop.\",\"breadcrumb\":{\"@id\":\"https:\\\/\\\/wein-werte.com\\\/de\\\/produkt\\\/artazu-santa-cruz-de-artazu-blanco-2019-1500ml\\\/#breadcrumb\"},\"inLanguage\":\"de\",\"potentialAction\":[{\"@type\":\"ReadAction\",\"target\":[\"https:\\\/\\\/wein-werte.com\\\/de\\\/produkt\\\/artazu-santa-cruz-de-artazu-blanco-2019-1500ml\\\/\"]}]},{\"@type\":\"ImageObject\",\"inLanguage\":\"de\",\"@id\":\"https:\\\/\\\/wein-werte.com\\\/de\\\/produkt\\\/artazu-santa-cruz-de-artazu-blanco-2019-1500ml\\\/#primaryimage\",\"url\":\"https:\\\/\\\/wein-werte.com\\\/wp-content\\\/uploads\\\/2026\\\/04\\\/Artazu-Santa-Cruz-de-Artazu-blanco-2019-1500ml.png\",\"contentUrl\":\"https:\\\/\\\/wein-werte.com\\\/wp-content\\\/uploads\\\/2026\\\/04\\\/Artazu-Santa-Cruz-de-Artazu-blanco-2019-1500ml.png\",\"width\":357,\"height\":1200,\"caption\":\"Artazu Santa Cruz de Artazu blanco 2019 1500ml\"},{\"@type\":\"BreadcrumbList\",\"@id\":\"https:\\\/\\\/wein-werte.com\\\/de\\\/produkt\\\/artazu-santa-cruz-de-artazu-blanco-2019-1500ml\\\/#breadcrumb\",\"itemListElement\":[{\"@type\":\"ListItem\",\"position\":1,\"name\":\"Home\",\"item\":\"https:\\\/\\\/wein-werte.com\\\/de\\\/\"},{\"@type\":\"ListItem\",\"position\":2,\"name\":\"Shop\",\"item\":\"https:\\\/\\\/wein-werte.com\\\/de\\\/shop\\\/\"},{\"@type\":\"ListItem\",\"position\":3,\"name\":\"Artazu | Navarra | Santa Cruz de Artazu blanco | 2019 | 1500ml | bio\"}]},{\"@type\":\"WebSite\",\"@id\":\"https:\\\/\\\/wein-werte.com\\\/de\\\/#website\",\"url\":\"https:\\\/\\\/wein-werte.com\\\/de\\\/\",\"name\":\"Wein Werte\",\"description\":\"\",\"publisher\":{\"@id\":\"https:\\\/\\\/wein-werte.com\\\/de\\\/#organization\"},\"potentialAction\":[{\"@type\":\"SearchAction\",\"target\":{\"@type\":\"EntryPoint\",\"urlTemplate\":\"https:\\\/\\\/wein-werte.com\\\/de\\\/?s={search_term_string}\"},\"query-input\":{\"@type\":\"PropertyValueSpecification\",\"valueRequired\":true,\"valueName\":\"search_term_string\"}}],\"inLanguage\":\"de\"},{\"@type\":\"Organization\",\"@id\":\"https:\\\/\\\/wein-werte.com\\\/de\\\/#organization\",\"name\":\"Vins Fins Thorrold\",\"url\":\"https:\\\/\\\/wein-werte.com\\\/de\\\/\",\"logo\":{\"@type\":\"ImageObject\",\"inLanguage\":\"de\",\"@id\":\"https:\\\/\\\/wein-werte.com\\\/de\\\/#\\\/schema\\\/logo\\\/image\\\/\",\"url\":\"https:\\\/\\\/wein-werte.com\\\/wp-content\\\/uploads\\\/2023\\\/07\\\/Wein_werte_Logo700-1.png\",\"contentUrl\":\"https:\\\/\\\/wein-werte.com\\\/wp-content\\\/uploads\\\/2023\\\/07\\\/Wein_werte_Logo700-1.png\",\"width\":700,\"height\":272,\"caption\":\"Vins Fins Thorrold\"},\"image\":{\"@id\":\"https:\\\/\\\/wein-werte.com\\\/de\\\/#\\\/schema\\\/logo\\\/image\\\/\"}}]}<\/script>\n<!-- \/ Yoast SEO plugin. -->","yoast_head_json":{"title":"Artazu Santa Cruz de Artazu blanco 2019, 1500ml","description":"Kaufe Artazu Santa Cruz de Artazu blanco 2019 (Grenache blanc, trocken aus Navarra, Spanien) bei Wein Werte, Ihrem nachhaltigen Onlineshop.","robots":{"index":"index","follow":"follow","max-snippet":"max-snippet:-1","max-image-preview":"max-image-preview:large","max-video-preview":"max-video-preview:-1"},"canonical":"https:\/\/wein-werte.com\/de\/produkt\/artazu-santa-cruz-de-artazu-blanco-2019-1500ml\/","og_locale":"de_DE","og_type":"article","og_title":"Artazu Santa Cruz de Artazu blanco 2019, 1500ml","og_description":"Kaufe Artazu Santa Cruz de Artazu blanco 2019 (Grenache blanc, trocken aus Navarra, Spanien) bei Wein Werte, Ihrem nachhaltigen Onlineshop.","og_url":"https:\/\/wein-werte.com\/de\/produkt\/artazu-santa-cruz-de-artazu-blanco-2019-1500ml\/","og_site_name":"Wein Werte","og_image":[{"width":357,"height":1200,"url":"https:\/\/wein-werte.com\/wp-content\/uploads\/2026\/04\/Artazu-Santa-Cruz-de-Artazu-blanco-2019-1500ml.png","type":"image\/png"}],"twitter_card":"summary_large_image","twitter_misc":{"Gesch\u00e4tzte Lesezeit":"1\u00a0Minute"},"schema":{"@context":"https:\/\/schema.org","@graph":[{"@type":"WebPage","@id":"https:\/\/wein-werte.com\/de\/produkt\/artazu-santa-cruz-de-artazu-blanco-2019-1500ml\/","url":"https:\/\/wein-werte.com\/de\/produkt\/artazu-santa-cruz-de-artazu-blanco-2019-1500ml\/","name":"Artazu Santa Cruz de Artazu blanco 2019, 1500ml","isPartOf":{"@id":"https:\/\/wein-werte.com\/de\/#website"},"primaryImageOfPage":{"@id":"https:\/\/wein-werte.com\/de\/produkt\/artazu-santa-cruz-de-artazu-blanco-2019-1500ml\/#primaryimage"},"image":{"@id":"https:\/\/wein-werte.com\/de\/produkt\/artazu-santa-cruz-de-artazu-blanco-2019-1500ml\/#primaryimage"},"thumbnailUrl":"https:\/\/wein-werte.com\/wp-content\/uploads\/2026\/04\/Artazu-Santa-Cruz-de-Artazu-blanco-2019-1500ml.png","datePublished":"2026-05-08T18:06:30+00:00","description":"Kaufe Artazu Santa Cruz de Artazu blanco 2019 (Grenache blanc, trocken aus Navarra, Spanien) bei Wein Werte, Ihrem nachhaltigen Onlineshop.","breadcrumb":{"@id":"https:\/\/wein-werte.com\/de\/produkt\/artazu-santa-cruz-de-artazu-blanco-2019-1500ml\/#breadcrumb"},"inLanguage":"de","potentialAction":[{"@type":"ReadAction","target":["https:\/\/wein-werte.com\/de\/produkt\/artazu-santa-cruz-de-artazu-blanco-2019-1500ml\/"]}]},{"@type":"ImageObject","inLanguage":"de","@id":"https:\/\/wein-werte.com\/de\/produkt\/artazu-santa-cruz-de-artazu-blanco-2019-1500ml\/#primaryimage","url":"https:\/\/wein-werte.com\/wp-content\/uploads\/2026\/04\/Artazu-Santa-Cruz-de-Artazu-blanco-2019-1500ml.png","contentUrl":"https:\/\/wein-werte.com\/wp-content\/uploads\/2026\/04\/Artazu-Santa-Cruz-de-Artazu-blanco-2019-1500ml.png","width":357,"height":1200,"caption":"Artazu Santa Cruz de Artazu blanco 2019 1500ml"},{"@type":"BreadcrumbList","@id":"https:\/\/wein-werte.com\/de\/produkt\/artazu-santa-cruz-de-artazu-blanco-2019-1500ml\/#breadcrumb","itemListElement":[{"@type":"ListItem","position":1,"name":"Home","item":"https:\/\/wein-werte.com\/de\/"},{"@type":"ListItem","position":2,"name":"Shop","item":"https:\/\/wein-werte.com\/de\/shop\/"},{"@type":"ListItem","position":3,"name":"Artazu | Navarra | Santa Cruz de Artazu blanco | 2019 | 1500ml | bio"}]},{"@type":"WebSite","@id":"https:\/\/wein-werte.com\/de\/#website","url":"https:\/\/wein-werte.com\/de\/","name":"Wein Werte","description":"","publisher":{"@id":"https:\/\/wein-werte.com\/de\/#organization"},"potentialAction":[{"@type":"SearchAction","target":{"@type":"EntryPoint","urlTemplate":"https:\/\/wein-werte.com\/de\/?s={search_term_string}"},"query-input":{"@type":"PropertyValueSpecification","valueRequired":true,"valueName":"search_term_string"}}],"inLanguage":"de"},{"@type":"Organization","@id":"https:\/\/wein-werte.com\/de\/#organization","name":"Vins Fins Thorrold","url":"https:\/\/wein-werte.com\/de\/","logo":{"@type":"ImageObject","inLanguage":"de","@id":"https:\/\/wein-werte.com\/de\/#\/schema\/logo\/image\/","url":"https:\/\/wein-werte.com\/wp-content\/uploads\/2023\/07\/Wein_werte_Logo700-1.png","contentUrl":"https:\/\/wein-werte.com\/wp-content\/uploads\/2023\/07\/Wein_werte_Logo700-1.png","width":700,"height":272,"caption":"Vins Fins Thorrold"},"image":{"@id":"https:\/\/wein-werte.com\/de\/#\/schema\/logo\/image\/"}}]}},"_links":{"self":[{"href":"https:\/\/wein-werte.com\/de\/wp-json\/wp\/v2\/product\/1134082","targetHints":{"allow":["GET"]}}],"collection":[{"href":"https:\/\/wein-werte.com\/de\/wp-json\/wp\/v2\/product"}],"about":[{"href":"https:\/\/wein-werte.com\/de\/wp-json\/wp\/v2\/types\/product"}],"wp:featuredmedia":[{"embeddable":true,"href":"https:\/\/wein-werte.com\/de\/wp-json\/wp\/v2\/media\/1144360"}],"wp:attachment":[{"href":"https:\/\/wein-werte.com\/de\/wp-json\/wp\/v2\/media?parent=1134082"}],"wp:term":[{"taxonomy":"product_brand","embeddable":true,"href":"https:\/\/wein-werte.com\/de\/wp-json\/wp\/v2\/product_brand?post=1134082"},{"taxonomy":"product_cat","embeddable":true,"href":"https:\/\/wein-werte.com\/de\/wp-json\/wp\/v2\/product_cat?post=1134082"},{"taxonomy":"product_tag","embeddable":true,"href":"https:\/\/wein-werte.com\/de\/wp-json\/wp\/v2\/product_tag?post=1134082"}],"curies":[{"name":"wp","href":"https:\/\/api.w.org\/{rel}","templated":true}]}}