{"id":1134067,"date":"2026-05-12T15:53:44","date_gmt":"2026-05-12T13:53:44","guid":{"rendered":"https:\/\/wein-werte.com\/product\/artadi-izar-leku-espumoso-sparkling-brut-nature-2018-750ml\/"},"modified":"2026-05-12T19:58:40","modified_gmt":"2026-05-12T17:58:40","slug":"artadi-izar-leku-espumoso-sparkling-brut-nature-2018-750ml","status":"publish","type":"product","link":"https:\/\/wein-werte.com\/de\/produkt\/artadi-izar-leku-espumoso-sparkling-brut-nature-2018-750ml\/","title":{"rendered":"Artadi | Rioja | IZAR-LEKU Espumoso\/Sparkling Brut Nature | 2018 | 750ml"},"content":{"rendered":"<p>Produktbeschreibung f\u00fcr Artadi IZAR-LEKU Espumoso\/Sparkling Brut Nature 2018  <\/p>\n<h5>Information zum Wein<\/h5>\n<p> Dieser Schaumwein stammt aus dem Artadi-Weingut im baskischen Guip\u00fazcoa. Dort liegt das Zentrum der Txakoli-Produktion direkt an der Atlantikk\u00fcste. Dieser lokale Wein aus den Sorten Hondarribi Zuri und kleinen Anteilen Hondarribi Beltza ist im Baskenland ber\u00fchmt, dar\u00fcber hinaus aber nur selten zu finden. Der \u00fcbliche Txakoli ist ein leicht moussierender, trockener und frischer Wein. Artadi vinifiziert aus den Txakoli-Rebsorten allerdings einen Jahrgangsschaumwein nach m\u00e9thode traditionelle, der lange auf der Hefe lag. <\/p>\n<h5>Farbe<\/h5>\n<p> mittleres Strohgelb mit recht eleganter Perlage <\/p>\n<h5>Nase<\/h5>\n<p> Der Schaumwein aus dem Baskenland ist ein so eleganter wie frischer und atlantischer Vertreter seiner Spezies. Es duftet nach Noten von gelben \u00c4pfeln und Birnen, gelben und gr\u00fcnen zitrischen Noten, salziger Brise und nassem Stein. Dazu wird es schnell cremig und sinnlich, denn der Sch\u00e4umer erinnert an frischen Kuchenteig und viel Brioche mit reifem Steinobst und etwas Vanille. Ganz nebenbei findet man Noten von Zitronenmelisse, Minze. Jod und Austerschale. <\/p>\n<h5>Gaumen<\/h5>\n<p> Am Gaumen \u00fcbt der Izar-Leku von Beginn an ordentlich Druck auf den Gaumen aus. Auch hier ist alles auf Frische und Finesse ausgelegt. Der lange Ausbau sur lattes liefert ein feines Mousseux. Neben den Aromen von Zitrus und Kernobst findet man zudem Reineclauden und etwas Kalk, Gerbstoff und den herb frischen Aspekt von Salzzitrone. Ja, gerade die leicht salzige, sich perfekt integrierende Note setzt das i-T\u00fcpfelchen auf diesen gelungenen Sch\u00e4umer, der auch am Gaumen mit Cremigkeit, leichtem Brioche und R\u00f6staromen zu punkten wei\u00df. <\/p>\n<p>Copyright Vinaturel 2025<\/p>\n<p>Keywords: <a href=\"https:\/\/wein-werte.com\/de\/shop\/?swoof=1&#038;pa_producer=Artadi\">Artadi<\/a> <a href=\"https:\/\/wein-werte.com\/de\/shop\/?swoof=1&#038;woof_text=IZAR-LEKU Espumoso\/Sparkling Brut Nature\">IZAR-LEKU Espumoso\/Sparkling Brut Nature<\/a> 2018  <a href=\"https:\/\/wein-werte.com\/de\/shop\/?swoof=1&#038;pa_region=Rioja\">Rioja<\/a> <a href=\"https:\/\/wein-werte.com\/de\/shop\/?swoof=1&#038;pa_country=Spanien\">Spanien<\/a><\/p>\n<p>Internetseite des Weinguts: <a href=\"https:\/\/artadi.com\/en\/artazu-navarra\" target=\"_blank\">https:\/\/artadi.com\/en\/artazu-navarra<\/a><\/p>\n","protected":false},"excerpt":{"rendered":"<div style=\"font-size: 14px;\">\n<p>Lieferzeit: 1 bis 2 Arbeitstage (DE), 2 bis 5 Arbeitstage (EU und CH)<\/p>\n<p>Ungef\u00e4hrer Energiegehalt pro 125-ml-Glas: 105 kcal<\/p>\n<\/p><\/div>\n","protected":false},"featured_media":1144348,"template":"","meta":[],"product_brand":[],"product_cat":[19],"product_tag":[],"class_list":{"0":"post-1134067","1":"product","2":"type-product","3":"status-publish","4":"has-post-thumbnail","6":"product_cat-unkategorisiert","7":"pa_alcohol-for-filter-12-5","8":"pa_certified-biodynamic-nein-de","9":"pa_certified-organic-nein-de","10":"pa_colour-weiss","11":"pa_country-spanien","12":"pa_grape-hondarrabi-zuri","13":"pa_price-for-filter-10625","14":"pa_producer-artadi","15":"pa_region-rioja","16":"pa_size-ml-6584","17":"pa_sweetness-trocken-de","18":"pa_type-2-cava-de","19":"pa_vintage-2018-de","20":"entry","21":"has-media","23":"first","24":"instock","25":"taxable","26":"shipping-taxable","27":"purchasable","28":"product-type-simple"},"yoast_head":"<!-- This site is optimized with the Yoast SEO plugin v27.6 - https:\/\/yoast.com\/product\/yoast-seo-wordpress\/ -->\n<title>Artadi IZAR-LEKU Espumoso\/Sparkling Brut Nature 2018<\/title>\n<meta name=\"description\" content=\"Kaufe Artadi IZAR-LEKU Espumoso\/Sparkling Brut Nature 2018 (Hondarrabi Zuri, trocken Schaumwein aus Rioja, Spanien) bei Wein Werte, Ihrem nachhaltigen Onlineshop.\" \/>\n<meta name=\"robots\" content=\"index, follow, max-snippet:-1, max-image-preview:large, max-video-preview:-1\" \/>\n<link rel=\"canonical\" href=\"https:\/\/wein-werte.com\/de\/produkt\/artadi-izar-leku-espumoso-sparkling-brut-nature-2018-750ml\/\" \/>\n<meta property=\"og:locale\" content=\"de_DE\" \/>\n<meta property=\"og:type\" content=\"article\" \/>\n<meta property=\"og:title\" content=\"Artadi IZAR-LEKU Espumoso\/Sparkling Brut Nature 2018\" \/>\n<meta property=\"og:description\" content=\"Kaufe Artadi IZAR-LEKU Espumoso\/Sparkling Brut Nature 2018 (Hondarrabi Zuri, trocken Schaumwein aus Rioja, Spanien) bei Wein Werte, Ihrem nachhaltigen Onlineshop.\" \/>\n<meta property=\"og:url\" content=\"https:\/\/wein-werte.com\/de\/produkt\/artadi-izar-leku-espumoso-sparkling-brut-nature-2018-750ml\/\" \/>\n<meta property=\"og:site_name\" content=\"Wein Werte\" \/>\n<meta property=\"article:modified_time\" content=\"2026-05-12T17:58:40+00:00\" \/>\n<meta property=\"og:image\" content=\"https:\/\/wein-werte.com\/wp-content\/uploads\/2026\/04\/Artadi-IZAR-LEKU-Espumoso-Sparkling-Brut-Nature-2018-750ml.png\" \/>\n\t<meta property=\"og:image:width\" content=\"325\" \/>\n\t<meta property=\"og:image:height\" content=\"1200\" \/>\n\t<meta property=\"og:image:type\" content=\"image\/png\" \/>\n<meta name=\"twitter:card\" content=\"summary_large_image\" \/>\n<meta name=\"twitter:label1\" content=\"Gesch\u00e4tzte Lesezeit\" \/>\n\t<meta name=\"twitter:data1\" content=\"1\u00a0Minute\" \/>\n<script type=\"application\/ld+json\" class=\"yoast-schema-graph\">{\"@context\":\"https:\\\/\\\/schema.org\",\"@graph\":[{\"@type\":\"WebPage\",\"@id\":\"https:\\\/\\\/wein-werte.com\\\/de\\\/produkt\\\/artadi-izar-leku-espumoso-sparkling-brut-nature-2018-750ml\\\/\",\"url\":\"https:\\\/\\\/wein-werte.com\\\/de\\\/produkt\\\/artadi-izar-leku-espumoso-sparkling-brut-nature-2018-750ml\\\/\",\"name\":\"Artadi IZAR-LEKU Espumoso\\\/Sparkling Brut Nature 2018\",\"isPartOf\":{\"@id\":\"https:\\\/\\\/wein-werte.com\\\/de\\\/#website\"},\"primaryImageOfPage\":{\"@id\":\"https:\\\/\\\/wein-werte.com\\\/de\\\/produkt\\\/artadi-izar-leku-espumoso-sparkling-brut-nature-2018-750ml\\\/#primaryimage\"},\"image\":{\"@id\":\"https:\\\/\\\/wein-werte.com\\\/de\\\/produkt\\\/artadi-izar-leku-espumoso-sparkling-brut-nature-2018-750ml\\\/#primaryimage\"},\"thumbnailUrl\":\"https:\\\/\\\/wein-werte.com\\\/wp-content\\\/uploads\\\/2026\\\/04\\\/Artadi-IZAR-LEKU-Espumoso-Sparkling-Brut-Nature-2018-750ml.png\",\"datePublished\":\"2026-05-12T13:53:44+00:00\",\"dateModified\":\"2026-05-12T17:58:40+00:00\",\"description\":\"Kaufe Artadi IZAR-LEKU Espumoso\\\/Sparkling Brut Nature 2018 (Hondarrabi Zuri, trocken Schaumwein aus Rioja, Spanien) bei Wein Werte, Ihrem nachhaltigen Onlineshop.\",\"breadcrumb\":{\"@id\":\"https:\\\/\\\/wein-werte.com\\\/de\\\/produkt\\\/artadi-izar-leku-espumoso-sparkling-brut-nature-2018-750ml\\\/#breadcrumb\"},\"inLanguage\":\"de\",\"potentialAction\":[{\"@type\":\"ReadAction\",\"target\":[\"https:\\\/\\\/wein-werte.com\\\/de\\\/produkt\\\/artadi-izar-leku-espumoso-sparkling-brut-nature-2018-750ml\\\/\"]}]},{\"@type\":\"ImageObject\",\"inLanguage\":\"de\",\"@id\":\"https:\\\/\\\/wein-werte.com\\\/de\\\/produkt\\\/artadi-izar-leku-espumoso-sparkling-brut-nature-2018-750ml\\\/#primaryimage\",\"url\":\"https:\\\/\\\/wein-werte.com\\\/wp-content\\\/uploads\\\/2026\\\/04\\\/Artadi-IZAR-LEKU-Espumoso-Sparkling-Brut-Nature-2018-750ml.png\",\"contentUrl\":\"https:\\\/\\\/wein-werte.com\\\/wp-content\\\/uploads\\\/2026\\\/04\\\/Artadi-IZAR-LEKU-Espumoso-Sparkling-Brut-Nature-2018-750ml.png\",\"width\":325,\"height\":1200,\"caption\":\"Artadi IZAR-LEKU Espumoso\\\/Sparkling Brut Nature 2018 750ml\"},{\"@type\":\"BreadcrumbList\",\"@id\":\"https:\\\/\\\/wein-werte.com\\\/de\\\/produkt\\\/artadi-izar-leku-espumoso-sparkling-brut-nature-2018-750ml\\\/#breadcrumb\",\"itemListElement\":[{\"@type\":\"ListItem\",\"position\":1,\"name\":\"Home\",\"item\":\"https:\\\/\\\/wein-werte.com\\\/de\\\/\"},{\"@type\":\"ListItem\",\"position\":2,\"name\":\"Shop\",\"item\":\"https:\\\/\\\/wein-werte.com\\\/de\\\/shop\\\/\"},{\"@type\":\"ListItem\",\"position\":3,\"name\":\"Artadi | Rioja | IZAR-LEKU Espumoso\\\/Sparkling Brut Nature | 2018 | 750ml\"}]},{\"@type\":\"WebSite\",\"@id\":\"https:\\\/\\\/wein-werte.com\\\/de\\\/#website\",\"url\":\"https:\\\/\\\/wein-werte.com\\\/de\\\/\",\"name\":\"Wein Werte\",\"description\":\"\",\"publisher\":{\"@id\":\"https:\\\/\\\/wein-werte.com\\\/de\\\/#organization\"},\"potentialAction\":[{\"@type\":\"SearchAction\",\"target\":{\"@type\":\"EntryPoint\",\"urlTemplate\":\"https:\\\/\\\/wein-werte.com\\\/de\\\/?s={search_term_string}\"},\"query-input\":{\"@type\":\"PropertyValueSpecification\",\"valueRequired\":true,\"valueName\":\"search_term_string\"}}],\"inLanguage\":\"de\"},{\"@type\":\"Organization\",\"@id\":\"https:\\\/\\\/wein-werte.com\\\/de\\\/#organization\",\"name\":\"Vins Fins Thorrold\",\"url\":\"https:\\\/\\\/wein-werte.com\\\/de\\\/\",\"logo\":{\"@type\":\"ImageObject\",\"inLanguage\":\"de\",\"@id\":\"https:\\\/\\\/wein-werte.com\\\/de\\\/#\\\/schema\\\/logo\\\/image\\\/\",\"url\":\"https:\\\/\\\/wein-werte.com\\\/wp-content\\\/uploads\\\/2023\\\/07\\\/Wein_werte_Logo700-1.png\",\"contentUrl\":\"https:\\\/\\\/wein-werte.com\\\/wp-content\\\/uploads\\\/2023\\\/07\\\/Wein_werte_Logo700-1.png\",\"width\":700,\"height\":272,\"caption\":\"Vins Fins Thorrold\"},\"image\":{\"@id\":\"https:\\\/\\\/wein-werte.com\\\/de\\\/#\\\/schema\\\/logo\\\/image\\\/\"}}]}<\/script>\n<!-- \/ Yoast SEO plugin. -->","yoast_head_json":{"title":"Artadi IZAR-LEKU Espumoso\/Sparkling Brut Nature 2018","description":"Kaufe Artadi IZAR-LEKU Espumoso\/Sparkling Brut Nature 2018 (Hondarrabi Zuri, trocken Schaumwein aus Rioja, Spanien) bei Wein Werte, Ihrem nachhaltigen Onlineshop.","robots":{"index":"index","follow":"follow","max-snippet":"max-snippet:-1","max-image-preview":"max-image-preview:large","max-video-preview":"max-video-preview:-1"},"canonical":"https:\/\/wein-werte.com\/de\/produkt\/artadi-izar-leku-espumoso-sparkling-brut-nature-2018-750ml\/","og_locale":"de_DE","og_type":"article","og_title":"Artadi IZAR-LEKU Espumoso\/Sparkling Brut Nature 2018","og_description":"Kaufe Artadi IZAR-LEKU Espumoso\/Sparkling Brut Nature 2018 (Hondarrabi Zuri, trocken Schaumwein aus Rioja, Spanien) bei Wein Werte, Ihrem nachhaltigen Onlineshop.","og_url":"https:\/\/wein-werte.com\/de\/produkt\/artadi-izar-leku-espumoso-sparkling-brut-nature-2018-750ml\/","og_site_name":"Wein Werte","article_modified_time":"2026-05-12T17:58:40+00:00","og_image":[{"width":325,"height":1200,"url":"https:\/\/wein-werte.com\/wp-content\/uploads\/2026\/04\/Artadi-IZAR-LEKU-Espumoso-Sparkling-Brut-Nature-2018-750ml.png","type":"image\/png"}],"twitter_card":"summary_large_image","twitter_misc":{"Gesch\u00e4tzte Lesezeit":"1\u00a0Minute"},"schema":{"@context":"https:\/\/schema.org","@graph":[{"@type":"WebPage","@id":"https:\/\/wein-werte.com\/de\/produkt\/artadi-izar-leku-espumoso-sparkling-brut-nature-2018-750ml\/","url":"https:\/\/wein-werte.com\/de\/produkt\/artadi-izar-leku-espumoso-sparkling-brut-nature-2018-750ml\/","name":"Artadi IZAR-LEKU Espumoso\/Sparkling Brut Nature 2018","isPartOf":{"@id":"https:\/\/wein-werte.com\/de\/#website"},"primaryImageOfPage":{"@id":"https:\/\/wein-werte.com\/de\/produkt\/artadi-izar-leku-espumoso-sparkling-brut-nature-2018-750ml\/#primaryimage"},"image":{"@id":"https:\/\/wein-werte.com\/de\/produkt\/artadi-izar-leku-espumoso-sparkling-brut-nature-2018-750ml\/#primaryimage"},"thumbnailUrl":"https:\/\/wein-werte.com\/wp-content\/uploads\/2026\/04\/Artadi-IZAR-LEKU-Espumoso-Sparkling-Brut-Nature-2018-750ml.png","datePublished":"2026-05-12T13:53:44+00:00","dateModified":"2026-05-12T17:58:40+00:00","description":"Kaufe Artadi IZAR-LEKU Espumoso\/Sparkling Brut Nature 2018 (Hondarrabi Zuri, trocken Schaumwein aus Rioja, Spanien) bei Wein Werte, Ihrem nachhaltigen Onlineshop.","breadcrumb":{"@id":"https:\/\/wein-werte.com\/de\/produkt\/artadi-izar-leku-espumoso-sparkling-brut-nature-2018-750ml\/#breadcrumb"},"inLanguage":"de","potentialAction":[{"@type":"ReadAction","target":["https:\/\/wein-werte.com\/de\/produkt\/artadi-izar-leku-espumoso-sparkling-brut-nature-2018-750ml\/"]}]},{"@type":"ImageObject","inLanguage":"de","@id":"https:\/\/wein-werte.com\/de\/produkt\/artadi-izar-leku-espumoso-sparkling-brut-nature-2018-750ml\/#primaryimage","url":"https:\/\/wein-werte.com\/wp-content\/uploads\/2026\/04\/Artadi-IZAR-LEKU-Espumoso-Sparkling-Brut-Nature-2018-750ml.png","contentUrl":"https:\/\/wein-werte.com\/wp-content\/uploads\/2026\/04\/Artadi-IZAR-LEKU-Espumoso-Sparkling-Brut-Nature-2018-750ml.png","width":325,"height":1200,"caption":"Artadi IZAR-LEKU Espumoso\/Sparkling Brut Nature 2018 750ml"},{"@type":"BreadcrumbList","@id":"https:\/\/wein-werte.com\/de\/produkt\/artadi-izar-leku-espumoso-sparkling-brut-nature-2018-750ml\/#breadcrumb","itemListElement":[{"@type":"ListItem","position":1,"name":"Home","item":"https:\/\/wein-werte.com\/de\/"},{"@type":"ListItem","position":2,"name":"Shop","item":"https:\/\/wein-werte.com\/de\/shop\/"},{"@type":"ListItem","position":3,"name":"Artadi | Rioja | IZAR-LEKU Espumoso\/Sparkling Brut Nature | 2018 | 750ml"}]},{"@type":"WebSite","@id":"https:\/\/wein-werte.com\/de\/#website","url":"https:\/\/wein-werte.com\/de\/","name":"Wein Werte","description":"","publisher":{"@id":"https:\/\/wein-werte.com\/de\/#organization"},"potentialAction":[{"@type":"SearchAction","target":{"@type":"EntryPoint","urlTemplate":"https:\/\/wein-werte.com\/de\/?s={search_term_string}"},"query-input":{"@type":"PropertyValueSpecification","valueRequired":true,"valueName":"search_term_string"}}],"inLanguage":"de"},{"@type":"Organization","@id":"https:\/\/wein-werte.com\/de\/#organization","name":"Vins Fins Thorrold","url":"https:\/\/wein-werte.com\/de\/","logo":{"@type":"ImageObject","inLanguage":"de","@id":"https:\/\/wein-werte.com\/de\/#\/schema\/logo\/image\/","url":"https:\/\/wein-werte.com\/wp-content\/uploads\/2023\/07\/Wein_werte_Logo700-1.png","contentUrl":"https:\/\/wein-werte.com\/wp-content\/uploads\/2023\/07\/Wein_werte_Logo700-1.png","width":700,"height":272,"caption":"Vins Fins Thorrold"},"image":{"@id":"https:\/\/wein-werte.com\/de\/#\/schema\/logo\/image\/"}}]}},"_links":{"self":[{"href":"https:\/\/wein-werte.com\/de\/wp-json\/wp\/v2\/product\/1134067","targetHints":{"allow":["GET"]}}],"collection":[{"href":"https:\/\/wein-werte.com\/de\/wp-json\/wp\/v2\/product"}],"about":[{"href":"https:\/\/wein-werte.com\/de\/wp-json\/wp\/v2\/types\/product"}],"wp:featuredmedia":[{"embeddable":true,"href":"https:\/\/wein-werte.com\/de\/wp-json\/wp\/v2\/media\/1144348"}],"wp:attachment":[{"href":"https:\/\/wein-werte.com\/de\/wp-json\/wp\/v2\/media?parent=1134067"}],"wp:term":[{"taxonomy":"product_brand","embeddable":true,"href":"https:\/\/wein-werte.com\/de\/wp-json\/wp\/v2\/product_brand?post=1134067"},{"taxonomy":"product_cat","embeddable":true,"href":"https:\/\/wein-werte.com\/de\/wp-json\/wp\/v2\/product_cat?post=1134067"},{"taxonomy":"product_tag","embeddable":true,"href":"https:\/\/wein-werte.com\/de\/wp-json\/wp\/v2\/product_tag?post=1134067"}],"curies":[{"name":"wp","href":"https:\/\/api.w.org\/{rel}","templated":true}]}}